{"id":9342,"date":"2024-06-27T18:58:16","date_gmt":"2024-06-27T16:58:16","guid":{"rendered":"https:\/\/espelmesdali.com\/producte\/vela-de-miel-naranja-ilusion-%c2%b7-alegria-%c2%b7-creatividad\/"},"modified":"2026-02-04T12:41:36","modified_gmt":"2026-02-04T11:41:36","slug":"vela-de-miel-naranja-ilusion-%c2%b7-alegria-%c2%b7-creatividad","status":"publish","type":"product","link":"https:\/\/espelmesdali.com\/es\/producto\/vela-de-miel-naranja-ilusion-%c2%b7-alegria-%c2%b7-creatividad\/","title":{"rendered":"Vela de miel naranja *Ilusi\u00f3n \u00b7 Alegr\u00eda \u00b7 Creatividad*"},"content":{"rendered":"<p style=\"text-align: center;\"><strong>La Vela de Miel Naranja de Velas Dal\u00ed une las propiedades naturales de la cera de abeja con miel \u2014abundancia, prosperidad y buenas energ\u00edas\u2014 con la fuerza vital del color naranja, s\u00edmbolo de alegr\u00eda, creatividad e ilusi\u00f3n.<\/strong><\/p>\n<p><strong>Adem\u00e1s<\/strong>, el naranja es un color c\u00e1lido y expansivo. <strong>Por este motivo<\/strong>, despierta el optimismo y activa la imaginaci\u00f3n. <strong>A la vez<\/strong>, invita a disfrutar del momento presente con m\u00e1s ligereza y entusiasmo.<\/p>\n<p><strong>A nivel energ\u00e9tico<\/strong>, ayuda a salir de estados de \u00e1nimo bajos. <strong>Por eso<\/strong>, es ideal cuando te sientes apag\u00f3n o sin motivaci\u00f3n. <strong>De este modo,<\/strong> encender esta vela te acompa\u00f1a a recuperar la luz interior y las ganas de vivir.<\/p>\n<p><strong>Por otro lado,<\/strong> potencia la creatividad y estimula la inspiraci\u00f3n. <strong>Adem\u00e1s<\/strong>, te ayuda a hacer volar la imaginaci\u00f3n y a reconectar con el ni\u00f1o interior.<strong> En consecuencia<\/strong>, te recuerda la importancia de jugar, crear y sentir.<\/p>\n<p><strong>Tambi\u00e9n<\/strong>, el color naranja est\u00e1 relacionado con el <strong>placer y la sexualidad consciente.<\/strong> Por este motivo, es una buena aliada en momentos de intimidad. <strong>Especialmente<\/strong>, cuando t\u00fa y tu pareja quer\u00e9is compartir una energ\u00eda m\u00e1s alegre y conectada.<\/p>\n<p><strong>Finalmente<\/strong>, seg\u00fan el\u00a0<strong>Feng\u00a0Shui,<\/strong> los colores lila, rojo y naranja representan la m\u00e1xima prosperidad. <strong>Por lo tanto,<\/strong> esta vela se convierte en una <strong>opci\u00f3n perfecta para regalar<\/strong>, sobre todo en momentos bajos o de cambio.<\/p>\n<p><strong><img decoding=\"async\" class=\"emoji\" role=\"img\" draggable=\"false\" src=\"https:\/\/s.w.org\/images\/core\/emoji\/17.0.2\/svg\/2728.svg\" alt=\"\u2728\" \/><em>\u00a0Qu\u00e9 te aporta esta vela?<\/em><\/strong><\/p>\n<p><strong>&#8211; Aumento de la alegr\u00eda y el optimismo<\/strong><\/p>\n<p><strong>&#8211; Estimulaci\u00f3n de la creatividad y la imaginaci\u00f3n<\/strong><\/p>\n<p><strong>&#8211; Conexi\u00f3n con el ni\u00f1o interior<\/strong><\/p>\n<p><strong>&#8211; Recuperaci\u00f3n de la ilusi\u00f3n<\/strong><\/p>\n<p><strong>&#8211; Activaci\u00f3n del placer y la vitalidad emocional<\/strong><\/p>\n<p><em><strong>Ritual de uso con la vela de miel naranja<\/strong><\/em><\/p>\n<p>Para potenciar sus efectos, te recomendamos utilizar esta vela con un peque\u00f1o ritual consciente.<\/p>\n<p>Busca un espacio tranquilo y acogedor. Antes de encenderla, sost\u00e9n la vela entre las manos unos instantes. Respira profundamente y conecta con tus emociones.<\/p>\n<p>Enciende la vela con una intenci\u00f3n clara, por ejemplo:<br \/>\n<strong>\u00abActivo la alegr\u00eda, la creatividad y la ilusi\u00f3n en mi vida.\u00bb<\/strong><\/p>\n<p>Deja que la llama te acompa\u00f1e unos minutos mientras visualizas una luz naranja que se expande por tu cuerpo, despertando el optimismo, la vitalidad y el placer de vivir. D\u00e9jala consumir hasta el final.<\/p>\n<p><em><strong>Como potenciar todav\u00eda m\u00e1s el trabajo energ\u00e9tico<\/strong><\/em><\/p>\n<p>Si quieres profundizar todav\u00eda m\u00e1s en el trabajo de conectar con tu ni\u00f1o interior, la creatividad y la imaginaci\u00f3n. Si quieres recuperar el placer, la ilusi\u00f3n y la vitalidad puedes combinar y potenciar esta vela con otras opciones de la colecci\u00f3n.<\/p>\n<p><img decoding=\"async\" class=\"emoji\" role=\"img\" draggable=\"false\" src=\"https:\/\/s.w.org\/images\/core\/emoji\/17.0.2\/svg\/1f449.svg\" alt=\"\ud83d\udc49\" \/>\u00a0Para un trabajo m\u00e1s intenso, te recomendamos potenciarla con el<strong> ritual potenciador naranja<\/strong><\/p>\n<p><img decoding=\"async\" class=\"emoji\" role=\"img\" draggable=\"false\" src=\"https:\/\/s.w.org\/images\/core\/emoji\/17.0.2\/svg\/1f449.svg\" alt=\"\ud83d\udc49\" \/>\u00a0Descubre otras<strong> velas de miel artesanas<\/strong> para diferentes necesidades energ\u00e9ticas.<\/p>\n<p><strong><img decoding=\"async\" class=\"emoji\" role=\"img\" draggable=\"false\" src=\"https:\/\/s.w.org\/images\/core\/emoji\/17.0.2\/svg\/1f56f.svg\" alt=\"\ud83d\udd6f\ufe0f\" \/><em>\u00a0Vela consciente y natural<\/em><\/strong><\/p>\n<p><strong>Adem\u00e1s<\/strong>, est\u00e1 elaborada artesanalmente<strong> con cera de abeja 100% natural,<\/strong> sin parafinas ni qu\u00edmicos. <strong>De este modo<\/strong>, respeta tu bienestar, la energ\u00eda del espacio y la vida.<\/p>\n<p><img decoding=\"async\" class=\"emoji\" role=\"img\" draggable=\"false\" src=\"https:\/\/s.w.org\/images\/core\/emoji\/17.0.2\/svg\/2728.svg\" alt=\"\u2728\" \/>\u00a0<strong>En resumen,<\/strong> una vela para recordarte que vivir tambi\u00e9n es alegr\u00eda, juego e ilusi\u00f3n.<\/p>\n<p><strong><img decoding=\"async\" class=\"emoji\" role=\"img\" draggable=\"false\" src=\"https:\/\/s.w.org\/images\/core\/emoji\/17.0.2\/svg\/1f52e.svg\" alt=\"\ud83d\udd2e\" \/><em>\u00a0Velas de color con lectura energ\u00e9tica personalizada<\/em><\/strong><\/p>\n<p>Todas las<strong> velas de color de Velas Dal\u00ed<\/strong> incluyen una<strong> lectura energ\u00e9tica personalizada<\/strong>, realizada por m\u00ed misma, a partir del mensaje que deja la vela una vez se ha consumido.<\/p>\n<p>Esta lectura es una <strong>lectura intuitiva propia de Dal\u00ed<\/strong>, fruto de la experiencia y de la conexi\u00f3n con el lenguaje de la cera, la llama y el proceso de combusti\u00f3n. No es una lectura gen\u00e9rica, sino una interpretaci\u00f3n consciente del trabajo energ\u00e9tico que ha hecho tu vela.<\/p>\n<p><strong><img decoding=\"async\" class=\"emoji\" role=\"img\" draggable=\"false\" src=\"https:\/\/s.w.org\/images\/core\/emoji\/17.0.2\/svg\/1f56f.svg\" alt=\"\ud83d\udd6f\ufe0f\" \/><em>\u00a0C\u00f3mo funciona la lectura?<\/em><\/strong><\/p>\n<p>El proceso es muy sencillo:<\/p>\n<p>1. Enciende la vela <strong>poniendo una sola intenci\u00f3n clara,<\/strong> relacionada con el significado del color.<br \/>\n2. Deja que la vela<strong> se consuma completamente<\/strong>, sin interrumpir el proceso.<br \/>\n3. Una vez acabada, haz una <strong>foto del resultado final<\/strong> de la vela.<br \/>\n4. Env\u00edame las fotos de los restos de cera por por <em><strong>WhatsApp<\/strong><\/em>, e indicando tambi\u00e9n la<strong> intenci\u00f3n con que lo has encendido.<\/strong><\/p>\n<p><img decoding=\"async\" class=\"emoji\" role=\"img\" draggable=\"false\" src=\"https:\/\/s.w.org\/images\/core\/emoji\/17.0.2\/svg\/1f4f8.svg\" alt=\"\ud83d\udcf8\" \/>\u00a0COMO HACER LAS FOTOS DE LA CERA (MUY IMPORTANTE)<br \/>\nPara poder hacer una lectura clara y cuidadosa, es importante que las fotos de la cera se hagan correctamente.<\/p>\n<p>Sigue estos pasos sencillos:<\/p>\n<p>1. Deja que la cera se enfr\u00ede completamente.<\/p>\n<p>2. Desengancha <strong>con cuidado<\/strong> los restos de la cera del plato o superficie donde ha quemado la vela.<\/p>\n<p>3. Haz una <strong>foto de la cera por la parte de delante<\/strong> (tal como ha quedado).<\/p>\n<p>4. Despu\u00e9s, <strong>gira la cera<\/strong> y haz una foto <strong>de la parte trasera.<\/strong><\/p>\n<p>5. Env\u00edame <strong>ambas fotos por <em>WhatsApp<\/em><\/strong>, junto con la intenci\u00f3n con la que encendiste la vela.<\/p>\n<p><img decoding=\"async\" class=\"emoji\" role=\"img\" draggable=\"false\" src=\"https:\/\/s.w.org\/images\/core\/emoji\/17.0.2\/svg\/1f449.svg\" alt=\"\ud83d\udc49\" \/>\u00a0Este paso es esencial, puesto que el color de detr\u00e1s a veces es diferente al de delante, los relevos y contiene informaci\u00f3n del mensaje.<\/p>\n<p>A partir de aqu\u00ed, yo har\u00e9 la lectura y te devolver\u00e9 <strong>el mensaje que la vela te ha dejado<\/strong>, para que lo puedas integrar con conciencia.<\/p>\n<p><img decoding=\"async\" class=\"emoji\" role=\"img\" draggable=\"false\" src=\"https:\/\/s.w.org\/images\/core\/emoji\/17.0.2\/svg\/2728.svg\" alt=\"\u2728\" \/>\u00a0De este modo, la vela no solo acompa\u00f1a el ritual, sino que se convierte en una <strong>herramienta de gu\u00eda<\/strong>, <strong>comprensi\u00f3n y transformaci\u00f3n personal.<\/strong><\/p>\n<p><strong><img decoding=\"async\" class=\"emoji\" role=\"img\" draggable=\"false\" src=\"https:\/\/s.w.org\/images\/core\/emoji\/17.0.2\/svg\/2728.svg\" alt=\"\u2728\" \/><em>\u00a0Una lectura propia de Velas Dal\u00ed<\/em><\/strong><\/p>\n<p>Cada lectura es \u00fanica. La vela habla a trav\u00e9s de la cantidad de cera que \u201cllora\u201d y el proceso de combusti\u00f3n. Yo leo este lenguaje y te devuelvo el mensaje para que puedas integrarlo con conciencia en tu camino personal.<\/p>\n<p>Para poder hacer la lectura correctamente, es <strong>imprescindible<\/strong> que, al enviar la foto, me indiques <strong>una sola intenci\u00f3n<\/strong>, la misma con la cual encendiste la vela.<\/p>\n<p><img decoding=\"async\" class=\"emoji\" role=\"img\" draggable=\"false\" src=\"https:\/\/s.w.org\/images\/core\/emoji\/17.0.2\/svg\/26a0.svg\" alt=\"\u26a0\ufe0f\" \/><strong>\u00a0Es importante que sea solo una intenci\u00f3n y por una sola persona, relaci\u00f3n o situaci\u00f3n<\/strong>, puesto que la lectura se hace a partir de este foco energ\u00e9tico concreto.<\/p>\n<p><img decoding=\"async\" class=\"emoji\" role=\"img\" draggable=\"false\" src=\"https:\/\/s.w.org\/images\/core\/emoji\/17.0.2\/svg\/2728.svg\" alt=\"\u2728\" \/>\u00a0A partir de la cera que ha llorado y el proceso de combusti\u00f3n, har\u00e9 la lectura y te devolver\u00e9 el <strong>mensaje que la vela tiene para t\u00ed<\/strong>, seg\u00fan la intenci\u00f3n escogida.<\/p>\n<p><em><strong>Preguntas frecuentes:<\/strong><\/em><\/p>\n<p><strong>La puedo apagar y volver a encenderla cuando quiera?<\/strong><br \/>\nPuedes apagarla si lo necesitas pero es recomendable dejarla consumir hasta el final.<\/p>\n<p><strong>Donde la enciendo?<\/strong><br \/>\nEnci\u00e9ndela en un lugar seguro, que no haya materiales inflamables cerca, lejos de las corrientes de aire y que no la tengas que cambiar de lugar mientras est\u00e9 encendida. Evita encenderla en la cocina o en el ba\u00f1o puesto que el elemento agua y el elemento fuego se neutralizan y a la vela le costar\u00eda m\u00e1s hacer su trabajo.<\/p>\n<p><strong>En qu\u00e9 superficie es mejor encenderla?<\/strong><br \/>\nEnci\u00e9ndela en un plato grande o en una bandeja de aluminio (esta es la mejor opci\u00f3n para poder desenganchar la cera residual y poder hacer las fotos de delante y de atr\u00e1s).<\/p>\n<p><strong>C\u00f3mo env\u00edo las fotos para que me pod\u00e1is hacer la lectura?<\/strong><\/p>\n<p>Clica en el siguiente enlace : <a href=\"https:\/\/wa.me\/34623448284?text=Hola%2C%20t%27envio%20la%20foto%20de%20l%27espelma%20i%20la%20intenci%C3%B3\">Envia la foto por aqu\u00ed<\/a><\/p>\n","protected":false},"excerpt":{"rendered":"<h4 style=\"text-align: center;\"><strong>Recupera la alegr\u00eda y la ilusi\u00f3n. Conecta con la creatividad. Recupera el optimismo, la vitalidad y las ganas de vivir cuando te sientas apagada.<\/strong><\/h4>\n<h5 style=\"text-align: center;\"><strong>Ideal si est\u00e1s pasando una etapa triste, con poca energ\u00eda emocional o necesitas reconectar con el placer, la creatividad y el ni\u00f1o interior.<\/strong><\/h5>\n<p style=\"text-align: center;\">Vela artesanal de <strong>cera de abeja natural con miel,<\/strong> combinada con la energ\u00eda del <strong>color naranja<\/strong>, asociado a la alegr\u00eda, la creatividad, el placer y la prosperidad.<\/p>\n<h5><strong><img decoding=\"async\" class=\"emoji\" role=\"img\" draggable=\"false\" src=\"https:\/\/s.w.org\/images\/core\/emoji\/17.0.2\/svg\/2728.svg\" alt=\"\u2728\" \/>\u00a0Incluye lectura personalizada.<\/strong><\/h5>\n","protected":false},"featured_media":10568,"comment_status":"open","ping_status":"closed","template":"","meta":[],"product_brand":[],"product_cat":[1273,1272,580],"product_tag":[622,944,585,948],"class_list":{"0":"post-9342","1":"product","2":"type-product","3":"status-publish","4":"has-post-thumbnail","6":"product_cat-alegria--creativitad","7":"product_cat-colores-","8":"product_cat-velas-de-miel","9":"product_tag-alegria-es","10":"product_tag-creatividad-es","11":"product_tag-espelmes-de-mel-es","12":"product_tag-ilusion","13":"product_shipping_class-enviament-lleuger","14":"infinite-scroll-item","15":"sales-flash-overlay","16":"woocommerce-text-align-center","17":"woocommerce-image-align-center","18":"do-quantity-buttons","19":"wc-has-gallery","21":"first","22":"instock","23":"featured","24":"taxable","25":"shipping-taxable","26":"purchasable","27":"product-type-simple"},"yoast_head":"<!-- This site is optimized with the Yoast SEO plugin v27.4 - https:\/\/yoast.com\/product\/yoast-seo-wordpress\/ -->\n<title>Vela de miel naranja *Ilusi\u00f3n \u00b7 Alegr\u00eda \u00b7 Creatividad* - Velas Dal\u00ed<\/title>\n<meta name=\"description\" content=\"El color naranja es tu aliado cuando necesites un toque de alegr\u00eda en tu vida o si te sientes apagada, triste y ap\u00e1tica, y quieras conectar contigo misma.\" \/>\n<meta name=\"robots\" content=\"index, follow, max-snippet:-1, max-image-preview:large, max-video-preview:-1\" \/>\n<link rel=\"canonical\" href=\"https:\/\/espelmesdali.com\/es\/producto\/vela-de-miel-naranja-ilusion-%c2%b7-alegria-%c2%b7-creatividad\/\" \/>\n<meta property=\"og:locale\" content=\"es_ES\" \/>\n<meta property=\"og:type\" content=\"article\" \/>\n<meta property=\"og:title\" content=\"Vela de miel naranja *Ilusi\u00f3n \u00b7 Alegr\u00eda \u00b7 Creatividad* - Velas Dal\u00ed\" \/>\n<meta property=\"og:description\" content=\"El color naranja es tu aliado cuando necesites un toque de alegr\u00eda en tu vida o si te sientes apagada, triste y ap\u00e1tica, y quieras conectar contigo misma.\" \/>\n<meta property=\"og:url\" content=\"https:\/\/espelmesdali.com\/es\/producto\/vela-de-miel-naranja-ilusion-%c2%b7-alegria-%c2%b7-creatividad\/\" \/>\n<meta property=\"og:site_name\" content=\"Velas Dal\u00ed\" \/>\n<meta property=\"article:publisher\" content=\"https:\/\/www.facebook.com\/profile.php?id=100086540543846\" \/>\n<meta property=\"article:modified_time\" content=\"2026-02-04T11:41:36+00:00\" \/>\n<meta property=\"og:image\" content=\"https:\/\/espelmesdali.com\/wp-content\/uploads\/2024\/06\/taronja-encesa.png\" \/>\n\t<meta property=\"og:image:width\" content=\"1024\" \/>\n\t<meta property=\"og:image:height\" content=\"1536\" \/>\n\t<meta property=\"og:image:type\" content=\"image\/png\" \/>\n<meta name=\"twitter:card\" content=\"summary_large_image\" \/>\n<meta name=\"twitter:label1\" content=\"Tiempo de lectura\" \/>\n\t<meta name=\"twitter:data1\" content=\"9 minutos\" \/>\n<script type=\"application\/ld+json\" class=\"yoast-schema-graph\">{\"@context\":\"https:\\\/\\\/schema.org\",\"@graph\":[{\"@type\":\"WebPage\",\"@id\":\"https:\\\/\\\/espelmesdali.com\\\/es\\\/producto\\\/vela-de-miel-naranja-ilusion-%c2%b7-alegria-%c2%b7-creatividad\\\/\",\"url\":\"https:\\\/\\\/espelmesdali.com\\\/es\\\/producto\\\/vela-de-miel-naranja-ilusion-%c2%b7-alegria-%c2%b7-creatividad\\\/\",\"name\":\"Vela de miel naranja *Ilusi\u00f3n \u00b7 Alegr\u00eda \u00b7 Creatividad* - Velas Dal\u00ed\",\"isPartOf\":{\"@id\":\"https:\\\/\\\/espelmesdali.com\\\/es\\\/#website\"},\"primaryImageOfPage\":{\"@id\":\"https:\\\/\\\/espelmesdali.com\\\/es\\\/producto\\\/vela-de-miel-naranja-ilusion-%c2%b7-alegria-%c2%b7-creatividad\\\/#primaryimage\"},\"image\":{\"@id\":\"https:\\\/\\\/espelmesdali.com\\\/es\\\/producto\\\/vela-de-miel-naranja-ilusion-%c2%b7-alegria-%c2%b7-creatividad\\\/#primaryimage\"},\"thumbnailUrl\":\"https:\\\/\\\/espelmesdali.com\\\/wp-content\\\/uploads\\\/2024\\\/06\\\/taronja-encesa.png\",\"datePublished\":\"2024-06-27T16:58:16+00:00\",\"dateModified\":\"2026-02-04T11:41:36+00:00\",\"description\":\"El color naranja es tu aliado cuando necesites un toque de alegr\u00eda en tu vida o si te sientes apagada, triste y ap\u00e1tica, y quieras conectar contigo misma.\",\"breadcrumb\":{\"@id\":\"https:\\\/\\\/espelmesdali.com\\\/es\\\/producto\\\/vela-de-miel-naranja-ilusion-%c2%b7-alegria-%c2%b7-creatividad\\\/#breadcrumb\"},\"inLanguage\":\"es\",\"potentialAction\":[{\"@type\":\"ReadAction\",\"target\":[\"https:\\\/\\\/espelmesdali.com\\\/es\\\/producto\\\/vela-de-miel-naranja-ilusion-%c2%b7-alegria-%c2%b7-creatividad\\\/\"]}]},{\"@type\":\"ImageObject\",\"inLanguage\":\"es\",\"@id\":\"https:\\\/\\\/espelmesdali.com\\\/es\\\/producto\\\/vela-de-miel-naranja-ilusion-%c2%b7-alegria-%c2%b7-creatividad\\\/#primaryimage\",\"url\":\"https:\\\/\\\/espelmesdali.com\\\/wp-content\\\/uploads\\\/2024\\\/06\\\/taronja-encesa.png\",\"contentUrl\":\"https:\\\/\\\/espelmesdali.com\\\/wp-content\\\/uploads\\\/2024\\\/06\\\/taronja-encesa.png\",\"width\":1024,\"height\":1536},{\"@type\":\"BreadcrumbList\",\"@id\":\"https:\\\/\\\/espelmesdali.com\\\/es\\\/producto\\\/vela-de-miel-naranja-ilusion-%c2%b7-alegria-%c2%b7-creatividad\\\/#breadcrumb\",\"itemListElement\":[{\"@type\":\"ListItem\",\"position\":1,\"name\":\"Portada\",\"item\":\"https:\\\/\\\/espelmesdali.com\\\/es\\\/\"},{\"@type\":\"ListItem\",\"position\":2,\"name\":\"Tienda\",\"item\":\"https:\\\/\\\/espelmesdali.com\\\/es\\\/tienda\\\/\"},{\"@type\":\"ListItem\",\"position\":3,\"name\":\"Velas\",\"item\":\"https:\\\/\\\/espelmesdali.com\\\/es\\\/categoria-producto\\\/velas-de-miel\\\/\"},{\"@type\":\"ListItem\",\"position\":4,\"name\":\"Vela de miel naranja *Ilusi\u00f3n \u00b7 Alegr\u00eda \u00b7 Creatividad*\"}]},{\"@type\":\"WebSite\",\"@id\":\"https:\\\/\\\/espelmesdali.com\\\/es\\\/#website\",\"url\":\"https:\\\/\\\/espelmesdali.com\\\/es\\\/\",\"name\":\"Velas Dal\u00ed\",\"description\":\"Espelmes energ\u00e8tiques naturals i artesanes\",\"publisher\":{\"@id\":\"https:\\\/\\\/espelmesdali.com\\\/es\\\/#organization\"},\"alternateName\":\"Espelmes energ\u00e8tiques naturals i artesanes\",\"potentialAction\":[{\"@type\":\"SearchAction\",\"target\":{\"@type\":\"EntryPoint\",\"urlTemplate\":\"https:\\\/\\\/espelmesdali.com\\\/es\\\/?s={search_term_string}\"},\"query-input\":{\"@type\":\"PropertyValueSpecification\",\"valueRequired\":true,\"valueName\":\"search_term_string\"}}],\"inLanguage\":\"es\"},{\"@type\":\"Organization\",\"@id\":\"https:\\\/\\\/espelmesdali.com\\\/es\\\/#organization\",\"name\":\"Velas Dal\u00ed\",\"alternateName\":\"Espelmes energ\u00e8tiques naturals i artesanes\",\"url\":\"https:\\\/\\\/espelmesdali.com\\\/es\\\/\",\"logo\":{\"@type\":\"ImageObject\",\"inLanguage\":\"es\",\"@id\":\"https:\\\/\\\/espelmesdali.com\\\/es\\\/#\\\/schema\\\/logo\\\/image\\\/\",\"url\":\"https:\\\/\\\/i0.wp.com\\\/velasdali.com\\\/wp-content\\\/uploads\\\/2022\\\/12\\\/cropped-LOGO_DALI-01.jpg?fit=1200%2C1200&ssl=1\",\"contentUrl\":\"https:\\\/\\\/i0.wp.com\\\/velasdali.com\\\/wp-content\\\/uploads\\\/2022\\\/12\\\/cropped-LOGO_DALI-01.jpg?fit=1200%2C1200&ssl=1\",\"width\":1200,\"height\":1200,\"caption\":\"Velas Dal\u00ed\"},\"image\":{\"@id\":\"https:\\\/\\\/espelmesdali.com\\\/es\\\/#\\\/schema\\\/logo\\\/image\\\/\"},\"sameAs\":[\"https:\\\/\\\/www.facebook.com\\\/profile.php?id=100086540543846\",\"https:\\\/\\\/www.instagram.com\\\/espelmesdali\\\/\"]}]}<\/script>\n<!-- \/ Yoast SEO plugin. -->","yoast_head_json":{"title":"Vela de miel naranja *Ilusi\u00f3n \u00b7 Alegr\u00eda \u00b7 Creatividad* - Velas Dal\u00ed","description":"El color naranja es tu aliado cuando necesites un toque de alegr\u00eda en tu vida o si te sientes apagada, triste y ap\u00e1tica, y quieras conectar contigo misma.","robots":{"index":"index","follow":"follow","max-snippet":"max-snippet:-1","max-image-preview":"max-image-preview:large","max-video-preview":"max-video-preview:-1"},"canonical":"https:\/\/espelmesdali.com\/es\/producto\/vela-de-miel-naranja-ilusion-%c2%b7-alegria-%c2%b7-creatividad\/","og_locale":"es_ES","og_type":"article","og_title":"Vela de miel naranja *Ilusi\u00f3n \u00b7 Alegr\u00eda \u00b7 Creatividad* - Velas Dal\u00ed","og_description":"El color naranja es tu aliado cuando necesites un toque de alegr\u00eda en tu vida o si te sientes apagada, triste y ap\u00e1tica, y quieras conectar contigo misma.","og_url":"https:\/\/espelmesdali.com\/es\/producto\/vela-de-miel-naranja-ilusion-%c2%b7-alegria-%c2%b7-creatividad\/","og_site_name":"Velas Dal\u00ed","article_publisher":"https:\/\/www.facebook.com\/profile.php?id=100086540543846","article_modified_time":"2026-02-04T11:41:36+00:00","og_image":[{"width":1024,"height":1536,"url":"https:\/\/espelmesdali.com\/wp-content\/uploads\/2024\/06\/taronja-encesa.png","type":"image\/png"}],"twitter_card":"summary_large_image","twitter_misc":{"Tiempo de lectura":"9 minutos"},"schema":{"@context":"https:\/\/schema.org","@graph":[{"@type":"WebPage","@id":"https:\/\/espelmesdali.com\/es\/producto\/vela-de-miel-naranja-ilusion-%c2%b7-alegria-%c2%b7-creatividad\/","url":"https:\/\/espelmesdali.com\/es\/producto\/vela-de-miel-naranja-ilusion-%c2%b7-alegria-%c2%b7-creatividad\/","name":"Vela de miel naranja *Ilusi\u00f3n \u00b7 Alegr\u00eda \u00b7 Creatividad* - Velas Dal\u00ed","isPartOf":{"@id":"https:\/\/espelmesdali.com\/es\/#website"},"primaryImageOfPage":{"@id":"https:\/\/espelmesdali.com\/es\/producto\/vela-de-miel-naranja-ilusion-%c2%b7-alegria-%c2%b7-creatividad\/#primaryimage"},"image":{"@id":"https:\/\/espelmesdali.com\/es\/producto\/vela-de-miel-naranja-ilusion-%c2%b7-alegria-%c2%b7-creatividad\/#primaryimage"},"thumbnailUrl":"https:\/\/espelmesdali.com\/wp-content\/uploads\/2024\/06\/taronja-encesa.png","datePublished":"2024-06-27T16:58:16+00:00","dateModified":"2026-02-04T11:41:36+00:00","description":"El color naranja es tu aliado cuando necesites un toque de alegr\u00eda en tu vida o si te sientes apagada, triste y ap\u00e1tica, y quieras conectar contigo misma.","breadcrumb":{"@id":"https:\/\/espelmesdali.com\/es\/producto\/vela-de-miel-naranja-ilusion-%c2%b7-alegria-%c2%b7-creatividad\/#breadcrumb"},"inLanguage":"es","potentialAction":[{"@type":"ReadAction","target":["https:\/\/espelmesdali.com\/es\/producto\/vela-de-miel-naranja-ilusion-%c2%b7-alegria-%c2%b7-creatividad\/"]}]},{"@type":"ImageObject","inLanguage":"es","@id":"https:\/\/espelmesdali.com\/es\/producto\/vela-de-miel-naranja-ilusion-%c2%b7-alegria-%c2%b7-creatividad\/#primaryimage","url":"https:\/\/espelmesdali.com\/wp-content\/uploads\/2024\/06\/taronja-encesa.png","contentUrl":"https:\/\/espelmesdali.com\/wp-content\/uploads\/2024\/06\/taronja-encesa.png","width":1024,"height":1536},{"@type":"BreadcrumbList","@id":"https:\/\/espelmesdali.com\/es\/producto\/vela-de-miel-naranja-ilusion-%c2%b7-alegria-%c2%b7-creatividad\/#breadcrumb","itemListElement":[{"@type":"ListItem","position":1,"name":"Portada","item":"https:\/\/espelmesdali.com\/es\/"},{"@type":"ListItem","position":2,"name":"Tienda","item":"https:\/\/espelmesdali.com\/es\/tienda\/"},{"@type":"ListItem","position":3,"name":"Velas","item":"https:\/\/espelmesdali.com\/es\/categoria-producto\/velas-de-miel\/"},{"@type":"ListItem","position":4,"name":"Vela de miel naranja *Ilusi\u00f3n \u00b7 Alegr\u00eda \u00b7 Creatividad*"}]},{"@type":"WebSite","@id":"https:\/\/espelmesdali.com\/es\/#website","url":"https:\/\/espelmesdali.com\/es\/","name":"Velas Dal\u00ed","description":"Espelmes energ\u00e8tiques naturals i artesanes","publisher":{"@id":"https:\/\/espelmesdali.com\/es\/#organization"},"alternateName":"Espelmes energ\u00e8tiques naturals i artesanes","potentialAction":[{"@type":"SearchAction","target":{"@type":"EntryPoint","urlTemplate":"https:\/\/espelmesdali.com\/es\/?s={search_term_string}"},"query-input":{"@type":"PropertyValueSpecification","valueRequired":true,"valueName":"search_term_string"}}],"inLanguage":"es"},{"@type":"Organization","@id":"https:\/\/espelmesdali.com\/es\/#organization","name":"Velas Dal\u00ed","alternateName":"Espelmes energ\u00e8tiques naturals i artesanes","url":"https:\/\/espelmesdali.com\/es\/","logo":{"@type":"ImageObject","inLanguage":"es","@id":"https:\/\/espelmesdali.com\/es\/#\/schema\/logo\/image\/","url":"https:\/\/i0.wp.com\/velasdali.com\/wp-content\/uploads\/2022\/12\/cropped-LOGO_DALI-01.jpg?fit=1200%2C1200&ssl=1","contentUrl":"https:\/\/i0.wp.com\/velasdali.com\/wp-content\/uploads\/2022\/12\/cropped-LOGO_DALI-01.jpg?fit=1200%2C1200&ssl=1","width":1200,"height":1200,"caption":"Velas Dal\u00ed"},"image":{"@id":"https:\/\/espelmesdali.com\/es\/#\/schema\/logo\/image\/"},"sameAs":["https:\/\/www.facebook.com\/profile.php?id=100086540543846","https:\/\/www.instagram.com\/espelmesdali\/"]}]}},"_links":{"self":[{"href":"https:\/\/espelmesdali.com\/es\/wp-json\/wp\/v2\/product\/9342","targetHints":{"allow":["GET"]}}],"collection":[{"href":"https:\/\/espelmesdali.com\/es\/wp-json\/wp\/v2\/product"}],"about":[{"href":"https:\/\/espelmesdali.com\/es\/wp-json\/wp\/v2\/types\/product"}],"replies":[{"embeddable":true,"href":"https:\/\/espelmesdali.com\/es\/wp-json\/wp\/v2\/comments?post=9342"}],"wp:featuredmedia":[{"embeddable":true,"href":"https:\/\/espelmesdali.com\/es\/wp-json\/wp\/v2\/media\/10568"}],"wp:attachment":[{"href":"https:\/\/espelmesdali.com\/es\/wp-json\/wp\/v2\/media?parent=9342"}],"wp:term":[{"taxonomy":"product_brand","embeddable":true,"href":"https:\/\/espelmesdali.com\/es\/wp-json\/wp\/v2\/product_brand?post=9342"},{"taxonomy":"product_cat","embeddable":true,"href":"https:\/\/espelmesdali.com\/es\/wp-json\/wp\/v2\/product_cat?post=9342"},{"taxonomy":"product_tag","embeddable":true,"href":"https:\/\/espelmesdali.com\/es\/wp-json\/wp\/v2\/product_tag?post=9342"}],"curies":[{"name":"wp","href":"https:\/\/api.w.org\/{rel}","templated":true}]}}