{"id":9153,"date":"2024-05-25T22:29:41","date_gmt":"2024-05-25T20:29:41","guid":{"rendered":"https:\/\/espelmesdali.com\/producte\/cera-de-abeja-pura-100-color-negro-en-bloques-certificada-de-la-peninsula-iberica\/"},"modified":"2024-05-25T22:29:41","modified_gmt":"2024-05-25T20:29:41","slug":"cera-de-abeja-pura-100-color-negro-en-bloques-certificada-de-la-peninsula-iberica","status":"publish","type":"product","link":"https:\/\/espelmesdali.com\/es\/producto\/cera-de-abeja-pura-100-color-negro-en-bloques-certificada-de-la-peninsula-iberica\/","title":{"rendered":"Cera de Abeja pura 100% color NEGRO en bloques certificada de la Pen\u00ednsula Ib\u00e9rica"},"content":{"rendered":"<p><b>Nuestra\u00a0cera <\/b><span style=\"font-weight: 400;\">de abeja 100% pura<\/span><b> tiene propiedades curativas\u00a0 beneficiosas para la salud<\/b><span style=\"font-weight: 400;\">, como la capacidad de<\/span><b> purificar el aire, reducir los s\u00edntomas de alergias<\/b><span style=\"font-weight: 400;\"> y<\/span><b> asma y mejorar el sue\u00f1o. <\/b><span style=\"font-weight: 400;\">\u00a0Liberan iones negativos en el aire, lo que ayuda a<\/span><b> reducir la cantidad de polvo, polen y otros al\u00e9rgenos <\/b><span style=\"font-weight: 400;\">presentes en el aire adem\u00e1s de sus<\/span><b> propiedades antis\u00e9pticas y antibacterianas <\/b><span style=\"font-weight : 400;\">que ayudan a limpiar el aire de bacterias y otros microorganismos nocivos.<\/span><\/p>\n<p><span style=\"font-weight: 400;\">Instrucciones:<\/span><\/p>\n<p><span style=\"font-weight: 400;\">Fonder, al ba\u00f1o mar\u00eda, los peque\u00f1os bloques que necesites del color o colores que quieras. Colocar la mecha en medio del muelle que queramos y llenarlo de cera. Dejar secar antes de desmoldar<\/span><\/p>\n","protected":false},"excerpt":{"rendered":"<p><span style=\"font-weight: 400;\">BLOQUES CERA DE ABEJA DE COLORES<\/span><\/p>\n<p><b>Cera de abeja 100% pura <\/b><span style=\"font-weight: 400;\">procedente de la pen\u00ednsula, presentada en peque\u00f1os bloques de colores para fundir y hacer tus propias velas de miel.<\/span><\/p>\n<p><span style=\"font-weight: 400;\">Nuestro colorante es natural, libre de t\u00f3xicos y el proceso de coloraci\u00f3n es totalmente artesanal.<\/span><\/p>\n<p><span style=\"font-weight: 400;\">Su presentaci\u00f3n en peque\u00f1os bloques en forma de abeja y panal permite un uso muy f\u00e1cil y r\u00e1pido para realizar velas de miel con molde.<\/span><\/p>\n<p><span style=\"font-weight: 400;\">Disponible en diferentes colores:<\/span><\/p>\n<p><span style=\"font-weight: 400;\">-NEGRO, rojo, verde, amarillo, rosa, lila, marr\u00f3n, blanco, gris y color natural.<\/span><\/p>\n<p><span style=\"font-weight: 400;\">Tambi\u00e9n tenemos ble encerado con cera de abeja para facilitar su combusti\u00f3n.<\/span><\/p>\n","protected":false},"featured_media":9121,"comment_status":"open","ping_status":"closed","template":"","meta":[],"product_brand":[],"product_cat":[1149],"product_tag":[605,942,585,1145,954,779,929,610],"class_list":{"0":"post-9153","1":"product","2":"type-product","3":"status-publish","4":"has-post-thumbnail","6":"product_cat-material-velas","7":"product_tag-energia-es","8":"product_tag-energias-negativas","9":"product_tag-espelmes-de-mel-es","10":"product_tag-natural-es","11":"product_tag-negatividad-es","12":"product_tag-negra-es","13":"product_tag-purificacion-es","14":"product_tag-ritual-es","15":"product_shipping_class-enviament-es","16":"infinite-scroll-item","17":"sales-flash-overlay","18":"woocommerce-text-align-center","19":"woocommerce-image-align-center","20":"do-quantity-buttons","21":"wc-has-gallery","23":"first","24":"outofstock","25":"featured","26":"taxable","27":"shipping-taxable","28":"purchasable","29":"product-type-variable"},"yoast_head":"<!-- This site is optimized with the Yoast SEO plugin v27.4 - https:\/\/yoast.com\/product\/yoast-seo-wordpress\/ -->\n<title>Cera de Abeja pura 100% color NEGRO certificada de la Pen\u00ednsula Ib\u00e9rica<\/title>\n<meta name=\"description\" content=\"Cera de Abeja pura 100% color NEGRO certificada de la Pen\u00ednsula Ib\u00e9rica\" \/>\n<meta name=\"robots\" content=\"index, follow, max-snippet:-1, max-image-preview:large, max-video-preview:-1\" \/>\n<link rel=\"canonical\" href=\"https:\/\/espelmesdali.com\/es\/producto\/cera-de-abeja-pura-100-color-negro-en-bloques-certificada-de-la-peninsula-iberica\/\" \/>\n<meta property=\"og:locale\" content=\"es_ES\" \/>\n<meta property=\"og:type\" content=\"article\" \/>\n<meta property=\"og:title\" content=\"Cera de Abeja pura 100% color NEGRO certificada de la Pen\u00ednsula Ib\u00e9rica\" \/>\n<meta property=\"og:description\" content=\"Cera de Abeja pura 100% color NEGRO certificada de la Pen\u00ednsula Ib\u00e9rica\" \/>\n<meta property=\"og:url\" content=\"https:\/\/espelmesdali.com\/es\/producto\/cera-de-abeja-pura-100-color-negro-en-bloques-certificada-de-la-peninsula-iberica\/\" \/>\n<meta property=\"og:site_name\" content=\"Velas Dal\u00ed\" \/>\n<meta property=\"article:publisher\" content=\"https:\/\/www.facebook.com\/profile.php?id=100086540543846\" \/>\n<meta property=\"og:image\" content=\"https:\/\/espelmesdali.com\/wp-content\/uploads\/2024\/05\/EDALI_CERA_NEGRA.jpg\" \/>\n\t<meta property=\"og:image:width\" content=\"1200\" \/>\n\t<meta property=\"og:image:height\" content=\"1200\" \/>\n\t<meta property=\"og:image:type\" content=\"image\/jpeg\" \/>\n<meta name=\"twitter:card\" content=\"summary_large_image\" \/>\n<meta name=\"twitter:label1\" content=\"Tiempo de lectura\" \/>\n\t<meta name=\"twitter:data1\" content=\"1 minuto\" \/>\n<script type=\"application\/ld+json\" class=\"yoast-schema-graph\">{\"@context\":\"https:\\\/\\\/schema.org\",\"@graph\":[{\"@type\":\"WebPage\",\"@id\":\"https:\\\/\\\/espelmesdali.com\\\/es\\\/producto\\\/cera-de-abeja-pura-100-color-negro-en-bloques-certificada-de-la-peninsula-iberica\\\/\",\"url\":\"https:\\\/\\\/espelmesdali.com\\\/es\\\/producto\\\/cera-de-abeja-pura-100-color-negro-en-bloques-certificada-de-la-peninsula-iberica\\\/\",\"name\":\"Cera de Abeja pura 100% color NEGRO certificada de la Pen\u00ednsula Ib\u00e9rica\",\"isPartOf\":{\"@id\":\"https:\\\/\\\/espelmesdali.com\\\/es\\\/#website\"},\"primaryImageOfPage\":{\"@id\":\"https:\\\/\\\/espelmesdali.com\\\/es\\\/producto\\\/cera-de-abeja-pura-100-color-negro-en-bloques-certificada-de-la-peninsula-iberica\\\/#primaryimage\"},\"image\":{\"@id\":\"https:\\\/\\\/espelmesdali.com\\\/es\\\/producto\\\/cera-de-abeja-pura-100-color-negro-en-bloques-certificada-de-la-peninsula-iberica\\\/#primaryimage\"},\"thumbnailUrl\":\"https:\\\/\\\/espelmesdali.com\\\/wp-content\\\/uploads\\\/2024\\\/05\\\/EDALI_CERA_NEGRA.jpg\",\"datePublished\":\"2024-05-25T20:29:41+00:00\",\"description\":\"Cera de Abeja pura 100% color NEGRO certificada de la Pen\u00ednsula Ib\u00e9rica\",\"breadcrumb\":{\"@id\":\"https:\\\/\\\/espelmesdali.com\\\/es\\\/producto\\\/cera-de-abeja-pura-100-color-negro-en-bloques-certificada-de-la-peninsula-iberica\\\/#breadcrumb\"},\"inLanguage\":\"es\",\"potentialAction\":[{\"@type\":\"ReadAction\",\"target\":[\"https:\\\/\\\/espelmesdali.com\\\/es\\\/producto\\\/cera-de-abeja-pura-100-color-negro-en-bloques-certificada-de-la-peninsula-iberica\\\/\"]}]},{\"@type\":\"ImageObject\",\"inLanguage\":\"es\",\"@id\":\"https:\\\/\\\/espelmesdali.com\\\/es\\\/producto\\\/cera-de-abeja-pura-100-color-negro-en-bloques-certificada-de-la-peninsula-iberica\\\/#primaryimage\",\"url\":\"https:\\\/\\\/espelmesdali.com\\\/wp-content\\\/uploads\\\/2024\\\/05\\\/EDALI_CERA_NEGRA.jpg\",\"contentUrl\":\"https:\\\/\\\/espelmesdali.com\\\/wp-content\\\/uploads\\\/2024\\\/05\\\/EDALI_CERA_NEGRA.jpg\",\"width\":1200,\"height\":1200},{\"@type\":\"BreadcrumbList\",\"@id\":\"https:\\\/\\\/espelmesdali.com\\\/es\\\/producto\\\/cera-de-abeja-pura-100-color-negro-en-bloques-certificada-de-la-peninsula-iberica\\\/#breadcrumb\",\"itemListElement\":[{\"@type\":\"ListItem\",\"position\":1,\"name\":\"Portada\",\"item\":\"https:\\\/\\\/espelmesdali.com\\\/es\\\/\"},{\"@type\":\"ListItem\",\"position\":2,\"name\":\"Tienda\",\"item\":\"https:\\\/\\\/espelmesdali.com\\\/es\\\/tienda\\\/\"},{\"@type\":\"ListItem\",\"position\":3,\"name\":\"Material Velas\",\"item\":\"https:\\\/\\\/espelmesdali.com\\\/es\\\/categoria-producto\\\/material-velas\\\/\"},{\"@type\":\"ListItem\",\"position\":4,\"name\":\"Cera de Abeja pura 100% color NEGRO en bloques certificada de la Pen\u00ednsula Ib\u00e9rica\"}]},{\"@type\":\"WebSite\",\"@id\":\"https:\\\/\\\/espelmesdali.com\\\/es\\\/#website\",\"url\":\"https:\\\/\\\/espelmesdali.com\\\/es\\\/\",\"name\":\"Velas Dal\u00ed\",\"description\":\"Espelmes energ\u00e8tiques naturals i artesanes\",\"publisher\":{\"@id\":\"https:\\\/\\\/espelmesdali.com\\\/es\\\/#organization\"},\"alternateName\":\"Espelmes energ\u00e8tiques naturals i artesanes\",\"potentialAction\":[{\"@type\":\"SearchAction\",\"target\":{\"@type\":\"EntryPoint\",\"urlTemplate\":\"https:\\\/\\\/espelmesdali.com\\\/es\\\/?s={search_term_string}\"},\"query-input\":{\"@type\":\"PropertyValueSpecification\",\"valueRequired\":true,\"valueName\":\"search_term_string\"}}],\"inLanguage\":\"es\"},{\"@type\":\"Organization\",\"@id\":\"https:\\\/\\\/espelmesdali.com\\\/es\\\/#organization\",\"name\":\"Velas Dal\u00ed\",\"alternateName\":\"Espelmes energ\u00e8tiques naturals i artesanes\",\"url\":\"https:\\\/\\\/espelmesdali.com\\\/es\\\/\",\"logo\":{\"@type\":\"ImageObject\",\"inLanguage\":\"es\",\"@id\":\"https:\\\/\\\/espelmesdali.com\\\/es\\\/#\\\/schema\\\/logo\\\/image\\\/\",\"url\":\"https:\\\/\\\/i0.wp.com\\\/velasdali.com\\\/wp-content\\\/uploads\\\/2022\\\/12\\\/cropped-LOGO_DALI-01.jpg?fit=1200%2C1200&ssl=1\",\"contentUrl\":\"https:\\\/\\\/i0.wp.com\\\/velasdali.com\\\/wp-content\\\/uploads\\\/2022\\\/12\\\/cropped-LOGO_DALI-01.jpg?fit=1200%2C1200&ssl=1\",\"width\":1200,\"height\":1200,\"caption\":\"Velas Dal\u00ed\"},\"image\":{\"@id\":\"https:\\\/\\\/espelmesdali.com\\\/es\\\/#\\\/schema\\\/logo\\\/image\\\/\"},\"sameAs\":[\"https:\\\/\\\/www.facebook.com\\\/profile.php?id=100086540543846\",\"https:\\\/\\\/www.instagram.com\\\/espelmesdali\\\/\"]}]}<\/script>\n<!-- \/ Yoast SEO plugin. -->","yoast_head_json":{"title":"Cera de Abeja pura 100% color NEGRO certificada de la Pen\u00ednsula Ib\u00e9rica","description":"Cera de Abeja pura 100% color NEGRO certificada de la Pen\u00ednsula Ib\u00e9rica","robots":{"index":"index","follow":"follow","max-snippet":"max-snippet:-1","max-image-preview":"max-image-preview:large","max-video-preview":"max-video-preview:-1"},"canonical":"https:\/\/espelmesdali.com\/es\/producto\/cera-de-abeja-pura-100-color-negro-en-bloques-certificada-de-la-peninsula-iberica\/","og_locale":"es_ES","og_type":"article","og_title":"Cera de Abeja pura 100% color NEGRO certificada de la Pen\u00ednsula Ib\u00e9rica","og_description":"Cera de Abeja pura 100% color NEGRO certificada de la Pen\u00ednsula Ib\u00e9rica","og_url":"https:\/\/espelmesdali.com\/es\/producto\/cera-de-abeja-pura-100-color-negro-en-bloques-certificada-de-la-peninsula-iberica\/","og_site_name":"Velas Dal\u00ed","article_publisher":"https:\/\/www.facebook.com\/profile.php?id=100086540543846","og_image":[{"width":1200,"height":1200,"url":"https:\/\/espelmesdali.com\/wp-content\/uploads\/2024\/05\/EDALI_CERA_NEGRA.jpg","type":"image\/jpeg"}],"twitter_card":"summary_large_image","twitter_misc":{"Tiempo de lectura":"1 minuto"},"schema":{"@context":"https:\/\/schema.org","@graph":[{"@type":"WebPage","@id":"https:\/\/espelmesdali.com\/es\/producto\/cera-de-abeja-pura-100-color-negro-en-bloques-certificada-de-la-peninsula-iberica\/","url":"https:\/\/espelmesdali.com\/es\/producto\/cera-de-abeja-pura-100-color-negro-en-bloques-certificada-de-la-peninsula-iberica\/","name":"Cera de Abeja pura 100% color NEGRO certificada de la Pen\u00ednsula Ib\u00e9rica","isPartOf":{"@id":"https:\/\/espelmesdali.com\/es\/#website"},"primaryImageOfPage":{"@id":"https:\/\/espelmesdali.com\/es\/producto\/cera-de-abeja-pura-100-color-negro-en-bloques-certificada-de-la-peninsula-iberica\/#primaryimage"},"image":{"@id":"https:\/\/espelmesdali.com\/es\/producto\/cera-de-abeja-pura-100-color-negro-en-bloques-certificada-de-la-peninsula-iberica\/#primaryimage"},"thumbnailUrl":"https:\/\/espelmesdali.com\/wp-content\/uploads\/2024\/05\/EDALI_CERA_NEGRA.jpg","datePublished":"2024-05-25T20:29:41+00:00","description":"Cera de Abeja pura 100% color NEGRO certificada de la Pen\u00ednsula Ib\u00e9rica","breadcrumb":{"@id":"https:\/\/espelmesdali.com\/es\/producto\/cera-de-abeja-pura-100-color-negro-en-bloques-certificada-de-la-peninsula-iberica\/#breadcrumb"},"inLanguage":"es","potentialAction":[{"@type":"ReadAction","target":["https:\/\/espelmesdali.com\/es\/producto\/cera-de-abeja-pura-100-color-negro-en-bloques-certificada-de-la-peninsula-iberica\/"]}]},{"@type":"ImageObject","inLanguage":"es","@id":"https:\/\/espelmesdali.com\/es\/producto\/cera-de-abeja-pura-100-color-negro-en-bloques-certificada-de-la-peninsula-iberica\/#primaryimage","url":"https:\/\/espelmesdali.com\/wp-content\/uploads\/2024\/05\/EDALI_CERA_NEGRA.jpg","contentUrl":"https:\/\/espelmesdali.com\/wp-content\/uploads\/2024\/05\/EDALI_CERA_NEGRA.jpg","width":1200,"height":1200},{"@type":"BreadcrumbList","@id":"https:\/\/espelmesdali.com\/es\/producto\/cera-de-abeja-pura-100-color-negro-en-bloques-certificada-de-la-peninsula-iberica\/#breadcrumb","itemListElement":[{"@type":"ListItem","position":1,"name":"Portada","item":"https:\/\/espelmesdali.com\/es\/"},{"@type":"ListItem","position":2,"name":"Tienda","item":"https:\/\/espelmesdali.com\/es\/tienda\/"},{"@type":"ListItem","position":3,"name":"Material Velas","item":"https:\/\/espelmesdali.com\/es\/categoria-producto\/material-velas\/"},{"@type":"ListItem","position":4,"name":"Cera de Abeja pura 100% color NEGRO en bloques certificada de la Pen\u00ednsula Ib\u00e9rica"}]},{"@type":"WebSite","@id":"https:\/\/espelmesdali.com\/es\/#website","url":"https:\/\/espelmesdali.com\/es\/","name":"Velas Dal\u00ed","description":"Espelmes energ\u00e8tiques naturals i artesanes","publisher":{"@id":"https:\/\/espelmesdali.com\/es\/#organization"},"alternateName":"Espelmes energ\u00e8tiques naturals i artesanes","potentialAction":[{"@type":"SearchAction","target":{"@type":"EntryPoint","urlTemplate":"https:\/\/espelmesdali.com\/es\/?s={search_term_string}"},"query-input":{"@type":"PropertyValueSpecification","valueRequired":true,"valueName":"search_term_string"}}],"inLanguage":"es"},{"@type":"Organization","@id":"https:\/\/espelmesdali.com\/es\/#organization","name":"Velas Dal\u00ed","alternateName":"Espelmes energ\u00e8tiques naturals i artesanes","url":"https:\/\/espelmesdali.com\/es\/","logo":{"@type":"ImageObject","inLanguage":"es","@id":"https:\/\/espelmesdali.com\/es\/#\/schema\/logo\/image\/","url":"https:\/\/i0.wp.com\/velasdali.com\/wp-content\/uploads\/2022\/12\/cropped-LOGO_DALI-01.jpg?fit=1200%2C1200&ssl=1","contentUrl":"https:\/\/i0.wp.com\/velasdali.com\/wp-content\/uploads\/2022\/12\/cropped-LOGO_DALI-01.jpg?fit=1200%2C1200&ssl=1","width":1200,"height":1200,"caption":"Velas Dal\u00ed"},"image":{"@id":"https:\/\/espelmesdali.com\/es\/#\/schema\/logo\/image\/"},"sameAs":["https:\/\/www.facebook.com\/profile.php?id=100086540543846","https:\/\/www.instagram.com\/espelmesdali\/"]}]}},"_links":{"self":[{"href":"https:\/\/espelmesdali.com\/es\/wp-json\/wp\/v2\/product\/9153","targetHints":{"allow":["GET"]}}],"collection":[{"href":"https:\/\/espelmesdali.com\/es\/wp-json\/wp\/v2\/product"}],"about":[{"href":"https:\/\/espelmesdali.com\/es\/wp-json\/wp\/v2\/types\/product"}],"replies":[{"embeddable":true,"href":"https:\/\/espelmesdali.com\/es\/wp-json\/wp\/v2\/comments?post=9153"}],"wp:featuredmedia":[{"embeddable":true,"href":"https:\/\/espelmesdali.com\/es\/wp-json\/wp\/v2\/media\/9121"}],"wp:attachment":[{"href":"https:\/\/espelmesdali.com\/es\/wp-json\/wp\/v2\/media?parent=9153"}],"wp:term":[{"taxonomy":"product_brand","embeddable":true,"href":"https:\/\/espelmesdali.com\/es\/wp-json\/wp\/v2\/product_brand?post=9153"},{"taxonomy":"product_cat","embeddable":true,"href":"https:\/\/espelmesdali.com\/es\/wp-json\/wp\/v2\/product_cat?post=9153"},{"taxonomy":"product_tag","embeddable":true,"href":"https:\/\/espelmesdali.com\/es\/wp-json\/wp\/v2\/product_tag?post=9153"}],"curies":[{"name":"wp","href":"https:\/\/api.w.org\/{rel}","templated":true}]}}