{"id":8960,"date":"2024-04-26T20:41:39","date_gmt":"2024-04-26T18:41:39","guid":{"rendered":"https:\/\/espelmesdali.com\/?post_type=product&#038;p=8960"},"modified":"2025-02-04T14:58:34","modified_gmt":"2025-02-04T13:58:34","slug":"cera-de-abeja-blanca-pura-100-certificada-de-la-peninsula-iberica-15-laminas-de-cera-de-abeja-de-210-x-145-mm-haz-tus-velas","status":"publish","type":"product","link":"https:\/\/espelmesdali.com\/es\/producto\/cera-de-abeja-blanca-pura-100-certificada-de-la-peninsula-iberica-15-laminas-de-cera-de-abeja-de-210-x-145-mm-haz-tus-velas\/","title":{"rendered":"Cera de Abeja Blanca pura 100%, certificada de la Pen\u00ednsula Ib\u00e9rica, 15 l\u00e1minas de cera de abeja de 210 x 145 mm, haz tus velas"},"content":{"rendered":"<p><span>Instrucciones:<\/span><\/p>\n<p><span>Las placas de cera pueden procesarse mejor a temperatura ambiente. Cortar las placas de cera de abeja seg\u00fan la forma deseada con un cuchillo afilado. Coloca una mecha (no incluida) en un lado de la placa y enrolla firmemente desde all\u00ed. A continuaci\u00f3n, corte la vela a 1 cm. Enrolla otra placa alrededor de la vela para obtener un mayor di\u00e1metro. Cortar las placas inclinadas para crear una vela piramidal.<\/span><\/p>\n<p><span>Indicaciones:<\/span><\/p>\n<p><span>La cera de abeja es un producto natural y puede perder con el tiempo el color y el olor. Puede utilizar las placas de cera en caso necesario para restaurar el color y el olor originales. No es un juguete. No deje que los ni\u00f1os trabajen sin supervisi\u00f3n. El encendido y la combusti\u00f3n de las velas siempre debe ser supervisado por un adulto. Ten en cuenta los s\u00edmbolos de peligro para la seguridad al manipular las velas.<\/span><\/p>\n<p>&nbsp;<\/p>\n<h4><strong><span>Las velas de miel de cera 100% pura de abeja<\/span><\/strong><\/h4>\n<p><span>Estas velas te ayudan a conectarte con tu propia esencia y con la parte m\u00e1s trascendental de la vida. S\u00f3lo el sencillo hecho de encenderlas aporta calma y bienestar. Con nuestras velas lo que trabajamos es el cambio, la transmutaci\u00f3n de la energ\u00eda y su renovaci\u00f3n para obtener mejor\u00eda en nosotros y en nuestro ambiente. Una vez consumida La Vela puede ser interpretada ya que los restos de cera nos indican el estado energ\u00e9tico en el que estamos vibrando y c\u00f3mo mejorarlo si es necesario. Hay que tener en cuenta que nuestras velas tienen lectura propia gracias al trabajo de a\u00f1os de interpretaci\u00f3n, por tanto, su lectura no es igual que el resto de las velas que existen en el mercado.<\/span><\/p>\n<p><span>Trabajamos con los colores para que cada color tiene su significado. Podemos trabajar nuestros achaques, la salud, el trabajo, el amor, etc\u2026 Solo trabajamos con energ\u00eda blanca, limpia y pura. Es una herramienta que nos da luz y la energ\u00eda que necesitamos para nuestra mejora<\/span><\/p>\n","protected":false},"excerpt":{"rendered":"<ul class=\"a-unordered-list a-vertical a-spacing-mini\">\n<li class=\"a-spacing-mini\"><span class=\"a-list-item\"><span><span>CONTENIDO: 15 l\u00e1minas de cera en forma de panal, cera de abeja 100% pura, las placas miden 210 x 145 mm cada una. Se pueden dividir como se desee, f\u00e1ciles de cortar.<\/span><\/span><\/span><\/li>\n<li class=\"a-spacing-mini\"><span class=\"a-list-item\"><span><span>Fragancia de miel en el aire: gracias a la pureza de la cera de abejas, huelen dulce y c\u00e1lida y crea un ambiente acogedor. Para hacer fant\u00e1sticas velas t\u00fa mismo.<\/span><\/span><\/span><\/li>\n<li class=\"a-spacing-mini\"><span class=\"a-list-item\"><span><span>F\u00e1ciles de utilizar: las placas tienen un tama\u00f1o pr\u00e1ctico (210 x 145 mm) son f\u00e1ciles de enrollar, cortar y montar en velas a temperatura ambiente (20\u00ba)<\/span><\/span><\/span><\/li>\n<li class=\"a-spacing-mini\"><span class=\"a-list-item\"><span><span>Diversi\u00f3n familiar: crear hermosas y arom\u00e1ticas velas de cera de abeja ser\u00e1 un juego de ni\u00f1os. Como regalo personal o decoraci\u00f3n elegante para el hogar. Perfectas para un regalo hecho por uno mismo.<\/span><\/span><\/span><\/li>\n<li class=\"a-spacing-mini\"><span class=\"a-list-item\"><span><span>100% cera de abejas de la pen\u00ednsula ib\u00e9rica: Las placas de cera en forma de panal est\u00e1n fabricadas con cera de abeja 100% pura procedente de la Pen\u00ednsula.<\/span><\/span><\/span><\/li>\n<\/ul>\n","protected":false},"featured_media":8920,"comment_status":"open","ping_status":"closed","template":"","meta":[],"product_brand":[],"product_cat":[1149],"product_tag":[582,605,942,585,1145,954,779,586,929,610],"class_list":{"0":"post-8960","1":"product","2":"type-product","3":"status-publish","4":"has-post-thumbnail","6":"product_cat-material-velas","7":"product_tag-blanca-es","8":"product_tag-energia-es","9":"product_tag-energias-negativas","10":"product_tag-espelmes-de-mel-es","11":"product_tag-natural-es","12":"product_tag-negatividad-es","13":"product_tag-negra-es","14":"product_tag-neteja-es","15":"product_tag-purificacion-es","16":"product_tag-ritual-es","17":"product_shipping_class-enviament-es","18":"infinite-scroll-item","19":"sales-flash-overlay","20":"woocommerce-text-align-center","21":"woocommerce-image-align-center","22":"do-quantity-buttons","23":"wc-has-gallery","25":"first","26":"outofstock","27":"featured","28":"taxable","29":"shipping-taxable","30":"purchasable","31":"product-type-simple"},"yoast_head":"<!-- This site is optimized with the Yoast SEO plugin v27.4 - https:\/\/yoast.com\/product\/yoast-seo-wordpress\/ -->\n<title>Cera de Abeja Blanca pura 100% certificada de la Pen\u00ednsula Ib\u00e9rica 15 l\u00e1minas de cera de abeja de 210 x 145 mm haz tus velas<\/title>\n<meta name=\"description\" content=\"Cera de Abeja Blanca pura 100% certificada de la Pen\u00ednsula Ib\u00e9rica 15 l\u00e1minas de cera de abeja de 210 x 145 mm haz tus velas\" \/>\n<meta name=\"robots\" content=\"index, follow, max-snippet:-1, max-image-preview:large, max-video-preview:-1\" \/>\n<link rel=\"canonical\" href=\"https:\/\/espelmesdali.com\/es\/producto\/cera-de-abeja-blanca-pura-100-certificada-de-la-peninsula-iberica-15-laminas-de-cera-de-abeja-de-210-x-145-mm-haz-tus-velas\/\" \/>\n<meta property=\"og:locale\" content=\"es_ES\" \/>\n<meta property=\"og:type\" content=\"article\" \/>\n<meta property=\"og:title\" content=\"Cera de Abeja Blanca pura 100% certificada de la Pen\u00ednsula Ib\u00e9rica 15 l\u00e1minas de cera de abeja de 210 x 145 mm haz tus velas\" \/>\n<meta property=\"og:description\" content=\"Cera de Abeja Blanca pura 100% certificada de la Pen\u00ednsula Ib\u00e9rica 15 l\u00e1minas de cera de abeja de 210 x 145 mm haz tus velas\" \/>\n<meta property=\"og:url\" content=\"https:\/\/espelmesdali.com\/es\/producto\/cera-de-abeja-blanca-pura-100-certificada-de-la-peninsula-iberica-15-laminas-de-cera-de-abeja-de-210-x-145-mm-haz-tus-velas\/\" \/>\n<meta property=\"og:site_name\" content=\"Velas Dal\u00ed\" \/>\n<meta property=\"article:publisher\" content=\"https:\/\/www.facebook.com\/profile.php?id=100086540543846\" \/>\n<meta property=\"article:modified_time\" content=\"2025-02-04T13:58:34+00:00\" \/>\n<meta property=\"og:image\" content=\"https:\/\/espelmesdali.com\/wp-content\/uploads\/2024\/04\/EDALI_CERABELLA-LAMINES-Blanca.jpg\" \/>\n\t<meta property=\"og:image:width\" content=\"1200\" \/>\n\t<meta property=\"og:image:height\" content=\"1200\" \/>\n\t<meta property=\"og:image:type\" content=\"image\/jpeg\" \/>\n<meta name=\"twitter:card\" content=\"summary_large_image\" \/>\n<meta name=\"twitter:label1\" content=\"Tiempo de lectura\" \/>\n\t<meta name=\"twitter:data1\" content=\"2 minutos\" \/>\n<script type=\"application\/ld+json\" class=\"yoast-schema-graph\">{\"@context\":\"https:\\\/\\\/schema.org\",\"@graph\":[{\"@type\":\"WebPage\",\"@id\":\"https:\\\/\\\/espelmesdali.com\\\/es\\\/producto\\\/cera-de-abeja-blanca-pura-100-certificada-de-la-peninsula-iberica-15-laminas-de-cera-de-abeja-de-210-x-145-mm-haz-tus-velas\\\/\",\"url\":\"https:\\\/\\\/espelmesdali.com\\\/es\\\/producto\\\/cera-de-abeja-blanca-pura-100-certificada-de-la-peninsula-iberica-15-laminas-de-cera-de-abeja-de-210-x-145-mm-haz-tus-velas\\\/\",\"name\":\"Cera de Abeja Blanca pura 100% certificada de la Pen\u00ednsula Ib\u00e9rica 15 l\u00e1minas de cera de abeja de 210 x 145 mm haz tus velas\",\"isPartOf\":{\"@id\":\"https:\\\/\\\/espelmesdali.com\\\/es\\\/#website\"},\"primaryImageOfPage\":{\"@id\":\"https:\\\/\\\/espelmesdali.com\\\/es\\\/producto\\\/cera-de-abeja-blanca-pura-100-certificada-de-la-peninsula-iberica-15-laminas-de-cera-de-abeja-de-210-x-145-mm-haz-tus-velas\\\/#primaryimage\"},\"image\":{\"@id\":\"https:\\\/\\\/espelmesdali.com\\\/es\\\/producto\\\/cera-de-abeja-blanca-pura-100-certificada-de-la-peninsula-iberica-15-laminas-de-cera-de-abeja-de-210-x-145-mm-haz-tus-velas\\\/#primaryimage\"},\"thumbnailUrl\":\"https:\\\/\\\/espelmesdali.com\\\/wp-content\\\/uploads\\\/2024\\\/04\\\/EDALI_CERABELLA-LAMINES-Blanca.jpg\",\"datePublished\":\"2024-04-26T18:41:39+00:00\",\"dateModified\":\"2025-02-04T13:58:34+00:00\",\"description\":\"Cera de Abeja Blanca pura 100% certificada de la Pen\u00ednsula Ib\u00e9rica 15 l\u00e1minas de cera de abeja de 210 x 145 mm haz tus velas\",\"breadcrumb\":{\"@id\":\"https:\\\/\\\/espelmesdali.com\\\/es\\\/producto\\\/cera-de-abeja-blanca-pura-100-certificada-de-la-peninsula-iberica-15-laminas-de-cera-de-abeja-de-210-x-145-mm-haz-tus-velas\\\/#breadcrumb\"},\"inLanguage\":\"es\",\"potentialAction\":[{\"@type\":\"ReadAction\",\"target\":[\"https:\\\/\\\/espelmesdali.com\\\/es\\\/producto\\\/cera-de-abeja-blanca-pura-100-certificada-de-la-peninsula-iberica-15-laminas-de-cera-de-abeja-de-210-x-145-mm-haz-tus-velas\\\/\"]}]},{\"@type\":\"ImageObject\",\"inLanguage\":\"es\",\"@id\":\"https:\\\/\\\/espelmesdali.com\\\/es\\\/producto\\\/cera-de-abeja-blanca-pura-100-certificada-de-la-peninsula-iberica-15-laminas-de-cera-de-abeja-de-210-x-145-mm-haz-tus-velas\\\/#primaryimage\",\"url\":\"https:\\\/\\\/espelmesdali.com\\\/wp-content\\\/uploads\\\/2024\\\/04\\\/EDALI_CERABELLA-LAMINES-Blanca.jpg\",\"contentUrl\":\"https:\\\/\\\/espelmesdali.com\\\/wp-content\\\/uploads\\\/2024\\\/04\\\/EDALI_CERABELLA-LAMINES-Blanca.jpg\",\"width\":1200,\"height\":1200,\"caption\":\"EDALI_CERABELLA LAMINES Blanca\"},{\"@type\":\"BreadcrumbList\",\"@id\":\"https:\\\/\\\/espelmesdali.com\\\/es\\\/producto\\\/cera-de-abeja-blanca-pura-100-certificada-de-la-peninsula-iberica-15-laminas-de-cera-de-abeja-de-210-x-145-mm-haz-tus-velas\\\/#breadcrumb\",\"itemListElement\":[{\"@type\":\"ListItem\",\"position\":1,\"name\":\"Portada\",\"item\":\"https:\\\/\\\/espelmesdali.com\\\/es\\\/\"},{\"@type\":\"ListItem\",\"position\":2,\"name\":\"Tienda\",\"item\":\"https:\\\/\\\/espelmesdali.com\\\/es\\\/tienda\\\/\"},{\"@type\":\"ListItem\",\"position\":3,\"name\":\"Material Velas\",\"item\":\"https:\\\/\\\/espelmesdali.com\\\/es\\\/categoria-producto\\\/material-velas\\\/\"},{\"@type\":\"ListItem\",\"position\":4,\"name\":\"Cera de Abeja Blanca pura 100%, certificada de la Pen\u00ednsula Ib\u00e9rica, 15 l\u00e1minas de cera de abeja de 210 x 145 mm, haz tus velas\"}]},{\"@type\":\"WebSite\",\"@id\":\"https:\\\/\\\/espelmesdali.com\\\/es\\\/#website\",\"url\":\"https:\\\/\\\/espelmesdali.com\\\/es\\\/\",\"name\":\"Velas Dal\u00ed\",\"description\":\"Espelmes energ\u00e8tiques naturals i artesanes\",\"publisher\":{\"@id\":\"https:\\\/\\\/espelmesdali.com\\\/es\\\/#organization\"},\"alternateName\":\"Espelmes energ\u00e8tiques naturals i artesanes\",\"potentialAction\":[{\"@type\":\"SearchAction\",\"target\":{\"@type\":\"EntryPoint\",\"urlTemplate\":\"https:\\\/\\\/espelmesdali.com\\\/es\\\/?s={search_term_string}\"},\"query-input\":{\"@type\":\"PropertyValueSpecification\",\"valueRequired\":true,\"valueName\":\"search_term_string\"}}],\"inLanguage\":\"es\"},{\"@type\":\"Organization\",\"@id\":\"https:\\\/\\\/espelmesdali.com\\\/es\\\/#organization\",\"name\":\"Velas Dal\u00ed\",\"alternateName\":\"Espelmes energ\u00e8tiques naturals i artesanes\",\"url\":\"https:\\\/\\\/espelmesdali.com\\\/es\\\/\",\"logo\":{\"@type\":\"ImageObject\",\"inLanguage\":\"es\",\"@id\":\"https:\\\/\\\/espelmesdali.com\\\/es\\\/#\\\/schema\\\/logo\\\/image\\\/\",\"url\":\"https:\\\/\\\/i0.wp.com\\\/velasdali.com\\\/wp-content\\\/uploads\\\/2022\\\/12\\\/cropped-LOGO_DALI-01.jpg?fit=1200%2C1200&ssl=1\",\"contentUrl\":\"https:\\\/\\\/i0.wp.com\\\/velasdali.com\\\/wp-content\\\/uploads\\\/2022\\\/12\\\/cropped-LOGO_DALI-01.jpg?fit=1200%2C1200&ssl=1\",\"width\":1200,\"height\":1200,\"caption\":\"Velas Dal\u00ed\"},\"image\":{\"@id\":\"https:\\\/\\\/espelmesdali.com\\\/es\\\/#\\\/schema\\\/logo\\\/image\\\/\"},\"sameAs\":[\"https:\\\/\\\/www.facebook.com\\\/profile.php?id=100086540543846\",\"https:\\\/\\\/www.instagram.com\\\/espelmesdali\\\/\"]}]}<\/script>\n<!-- \/ Yoast SEO plugin. -->","yoast_head_json":{"title":"Cera de Abeja Blanca pura 100% certificada de la Pen\u00ednsula Ib\u00e9rica 15 l\u00e1minas de cera de abeja de 210 x 145 mm haz tus velas","description":"Cera de Abeja Blanca pura 100% certificada de la Pen\u00ednsula Ib\u00e9rica 15 l\u00e1minas de cera de abeja de 210 x 145 mm haz tus velas","robots":{"index":"index","follow":"follow","max-snippet":"max-snippet:-1","max-image-preview":"max-image-preview:large","max-video-preview":"max-video-preview:-1"},"canonical":"https:\/\/espelmesdali.com\/es\/producto\/cera-de-abeja-blanca-pura-100-certificada-de-la-peninsula-iberica-15-laminas-de-cera-de-abeja-de-210-x-145-mm-haz-tus-velas\/","og_locale":"es_ES","og_type":"article","og_title":"Cera de Abeja Blanca pura 100% certificada de la Pen\u00ednsula Ib\u00e9rica 15 l\u00e1minas de cera de abeja de 210 x 145 mm haz tus velas","og_description":"Cera de Abeja Blanca pura 100% certificada de la Pen\u00ednsula Ib\u00e9rica 15 l\u00e1minas de cera de abeja de 210 x 145 mm haz tus velas","og_url":"https:\/\/espelmesdali.com\/es\/producto\/cera-de-abeja-blanca-pura-100-certificada-de-la-peninsula-iberica-15-laminas-de-cera-de-abeja-de-210-x-145-mm-haz-tus-velas\/","og_site_name":"Velas Dal\u00ed","article_publisher":"https:\/\/www.facebook.com\/profile.php?id=100086540543846","article_modified_time":"2025-02-04T13:58:34+00:00","og_image":[{"width":1200,"height":1200,"url":"https:\/\/espelmesdali.com\/wp-content\/uploads\/2024\/04\/EDALI_CERABELLA-LAMINES-Blanca.jpg","type":"image\/jpeg"}],"twitter_card":"summary_large_image","twitter_misc":{"Tiempo de lectura":"2 minutos"},"schema":{"@context":"https:\/\/schema.org","@graph":[{"@type":"WebPage","@id":"https:\/\/espelmesdali.com\/es\/producto\/cera-de-abeja-blanca-pura-100-certificada-de-la-peninsula-iberica-15-laminas-de-cera-de-abeja-de-210-x-145-mm-haz-tus-velas\/","url":"https:\/\/espelmesdali.com\/es\/producto\/cera-de-abeja-blanca-pura-100-certificada-de-la-peninsula-iberica-15-laminas-de-cera-de-abeja-de-210-x-145-mm-haz-tus-velas\/","name":"Cera de Abeja Blanca pura 100% certificada de la Pen\u00ednsula Ib\u00e9rica 15 l\u00e1minas de cera de abeja de 210 x 145 mm haz tus velas","isPartOf":{"@id":"https:\/\/espelmesdali.com\/es\/#website"},"primaryImageOfPage":{"@id":"https:\/\/espelmesdali.com\/es\/producto\/cera-de-abeja-blanca-pura-100-certificada-de-la-peninsula-iberica-15-laminas-de-cera-de-abeja-de-210-x-145-mm-haz-tus-velas\/#primaryimage"},"image":{"@id":"https:\/\/espelmesdali.com\/es\/producto\/cera-de-abeja-blanca-pura-100-certificada-de-la-peninsula-iberica-15-laminas-de-cera-de-abeja-de-210-x-145-mm-haz-tus-velas\/#primaryimage"},"thumbnailUrl":"https:\/\/espelmesdali.com\/wp-content\/uploads\/2024\/04\/EDALI_CERABELLA-LAMINES-Blanca.jpg","datePublished":"2024-04-26T18:41:39+00:00","dateModified":"2025-02-04T13:58:34+00:00","description":"Cera de Abeja Blanca pura 100% certificada de la Pen\u00ednsula Ib\u00e9rica 15 l\u00e1minas de cera de abeja de 210 x 145 mm haz tus velas","breadcrumb":{"@id":"https:\/\/espelmesdali.com\/es\/producto\/cera-de-abeja-blanca-pura-100-certificada-de-la-peninsula-iberica-15-laminas-de-cera-de-abeja-de-210-x-145-mm-haz-tus-velas\/#breadcrumb"},"inLanguage":"es","potentialAction":[{"@type":"ReadAction","target":["https:\/\/espelmesdali.com\/es\/producto\/cera-de-abeja-blanca-pura-100-certificada-de-la-peninsula-iberica-15-laminas-de-cera-de-abeja-de-210-x-145-mm-haz-tus-velas\/"]}]},{"@type":"ImageObject","inLanguage":"es","@id":"https:\/\/espelmesdali.com\/es\/producto\/cera-de-abeja-blanca-pura-100-certificada-de-la-peninsula-iberica-15-laminas-de-cera-de-abeja-de-210-x-145-mm-haz-tus-velas\/#primaryimage","url":"https:\/\/espelmesdali.com\/wp-content\/uploads\/2024\/04\/EDALI_CERABELLA-LAMINES-Blanca.jpg","contentUrl":"https:\/\/espelmesdali.com\/wp-content\/uploads\/2024\/04\/EDALI_CERABELLA-LAMINES-Blanca.jpg","width":1200,"height":1200,"caption":"EDALI_CERABELLA LAMINES Blanca"},{"@type":"BreadcrumbList","@id":"https:\/\/espelmesdali.com\/es\/producto\/cera-de-abeja-blanca-pura-100-certificada-de-la-peninsula-iberica-15-laminas-de-cera-de-abeja-de-210-x-145-mm-haz-tus-velas\/#breadcrumb","itemListElement":[{"@type":"ListItem","position":1,"name":"Portada","item":"https:\/\/espelmesdali.com\/es\/"},{"@type":"ListItem","position":2,"name":"Tienda","item":"https:\/\/espelmesdali.com\/es\/tienda\/"},{"@type":"ListItem","position":3,"name":"Material Velas","item":"https:\/\/espelmesdali.com\/es\/categoria-producto\/material-velas\/"},{"@type":"ListItem","position":4,"name":"Cera de Abeja Blanca pura 100%, certificada de la Pen\u00ednsula Ib\u00e9rica, 15 l\u00e1minas de cera de abeja de 210 x 145 mm, haz tus velas"}]},{"@type":"WebSite","@id":"https:\/\/espelmesdali.com\/es\/#website","url":"https:\/\/espelmesdali.com\/es\/","name":"Velas Dal\u00ed","description":"Espelmes energ\u00e8tiques naturals i artesanes","publisher":{"@id":"https:\/\/espelmesdali.com\/es\/#organization"},"alternateName":"Espelmes energ\u00e8tiques naturals i artesanes","potentialAction":[{"@type":"SearchAction","target":{"@type":"EntryPoint","urlTemplate":"https:\/\/espelmesdali.com\/es\/?s={search_term_string}"},"query-input":{"@type":"PropertyValueSpecification","valueRequired":true,"valueName":"search_term_string"}}],"inLanguage":"es"},{"@type":"Organization","@id":"https:\/\/espelmesdali.com\/es\/#organization","name":"Velas Dal\u00ed","alternateName":"Espelmes energ\u00e8tiques naturals i artesanes","url":"https:\/\/espelmesdali.com\/es\/","logo":{"@type":"ImageObject","inLanguage":"es","@id":"https:\/\/espelmesdali.com\/es\/#\/schema\/logo\/image\/","url":"https:\/\/i0.wp.com\/velasdali.com\/wp-content\/uploads\/2022\/12\/cropped-LOGO_DALI-01.jpg?fit=1200%2C1200&ssl=1","contentUrl":"https:\/\/i0.wp.com\/velasdali.com\/wp-content\/uploads\/2022\/12\/cropped-LOGO_DALI-01.jpg?fit=1200%2C1200&ssl=1","width":1200,"height":1200,"caption":"Velas Dal\u00ed"},"image":{"@id":"https:\/\/espelmesdali.com\/es\/#\/schema\/logo\/image\/"},"sameAs":["https:\/\/www.facebook.com\/profile.php?id=100086540543846","https:\/\/www.instagram.com\/espelmesdali\/"]}]}},"_links":{"self":[{"href":"https:\/\/espelmesdali.com\/es\/wp-json\/wp\/v2\/product\/8960","targetHints":{"allow":["GET"]}}],"collection":[{"href":"https:\/\/espelmesdali.com\/es\/wp-json\/wp\/v2\/product"}],"about":[{"href":"https:\/\/espelmesdali.com\/es\/wp-json\/wp\/v2\/types\/product"}],"replies":[{"embeddable":true,"href":"https:\/\/espelmesdali.com\/es\/wp-json\/wp\/v2\/comments?post=8960"}],"wp:featuredmedia":[{"embeddable":true,"href":"https:\/\/espelmesdali.com\/es\/wp-json\/wp\/v2\/media\/8920"}],"wp:attachment":[{"href":"https:\/\/espelmesdali.com\/es\/wp-json\/wp\/v2\/media?parent=8960"}],"wp:term":[{"taxonomy":"product_brand","embeddable":true,"href":"https:\/\/espelmesdali.com\/es\/wp-json\/wp\/v2\/product_brand?post=8960"},{"taxonomy":"product_cat","embeddable":true,"href":"https:\/\/espelmesdali.com\/es\/wp-json\/wp\/v2\/product_cat?post=8960"},{"taxonomy":"product_tag","embeddable":true,"href":"https:\/\/espelmesdali.com\/es\/wp-json\/wp\/v2\/product_tag?post=8960"}],"curies":[{"name":"wp","href":"https:\/\/api.w.org\/{rel}","templated":true}]}}