{"id":8958,"date":"2024-04-30T16:45:56","date_gmt":"2024-04-30T14:45:56","guid":{"rendered":"https:\/\/espelmesdali.com\/?post_type=product&#038;p=8958"},"modified":"2024-05-01T00:46:42","modified_gmt":"2024-04-30T22:46:42","slug":"mecha-de-algodon-para-velas-sin-parafina-enceradas-con-cera-de-abeja-y-sostenibles","status":"publish","type":"product","link":"https:\/\/espelmesdali.com\/es\/producto\/mecha-de-algodon-para-velas-sin-parafina-enceradas-con-cera-de-abeja-y-sostenibles\/","title":{"rendered":"Mecha de algod\u00f3n para Velas sin parafina Enceradas con Cera de Abeja y Sostenibles"},"content":{"rendered":"<p><strong><span>Las velas de miel de cera 100% pura de abeja<\/span><\/strong><\/p>\n<p><span>Estas velas te ayudan a conectarte con tu propia esencia y con la parte m\u00e1s trascendental de la vida. S\u00f3lo el sencillo hecho de encenderlas aporta calma y bienestar. Con nuestras velas lo que trabajamos es el cambio, la transmutaci\u00f3n de la energ\u00eda y su renovaci\u00f3n para obtener mejor\u00eda en nosotros y en nuestro ambiente. Una vez consumida La Vela puede ser interpretada ya que los restos de cera nos indican el estado energ\u00e9tico en el que estamos vibrando y c\u00f3mo mejorarlo si es necesario. Hay que tener en cuenta que nuestras velas tienen lectura propia gracias al trabajo de a\u00f1os de interpretaci\u00f3n, por tanto, su lectura no es igual que el resto de las velas que existen en el mercado.<\/span><\/p>\n<p><span>Trabajamos con los colores para que cada color tiene su significado. Podemos trabajar nuestros achaques, la salud, el trabajo, el amor, etc\u2026 Solo trabajamos con energ\u00eda blanca, limpia y pura. Es una herramienta que nos da luz y la energ\u00eda que necesitamos para nuestra mejora<\/span><\/p>\n","protected":false},"excerpt":{"rendered":"<p><span>Pabilo encerado con cera de abeja, natural y sostenible<\/span><\/p>\n<p><span>Mecha de algod\u00f3n para Velas sin parafina. Enceradas artesanalmente con Cera de Abella y Sostenibles.<\/span><\/p>\n<p><span>Precio por metro.<\/span><\/p>\n","protected":false},"featured_media":10092,"comment_status":"open","ping_status":"closed","template":"","meta":[],"product_brand":[],"product_cat":[1269,1149],"product_tag":[582,605,585,1151,1145,1150,610],"class_list":{"0":"post-8958","1":"product","2":"type-product","3":"status-publish","4":"has-post-thumbnail","6":"product_cat-materialvelas","7":"product_cat-material-velas","8":"product_tag-blanca-es","9":"product_tag-energia-es","10":"product_tag-espelmes-de-mel-es","11":"product_tag-mecha","12":"product_tag-natural-es","13":"product_tag-pabilo","14":"product_tag-ritual-es","15":"product_shipping_class-envio-p","16":"infinite-scroll-item","17":"sales-flash-overlay","18":"woocommerce-text-align-center","19":"woocommerce-image-align-center","20":"do-quantity-buttons","21":"wc-has-gallery","23":"first","24":"instock","25":"featured","26":"taxable","27":"shipping-taxable","28":"purchasable","29":"product-type-simple"},"yoast_head":"<!-- This site is optimized with the Yoast SEO plugin v27.4 - https:\/\/yoast.com\/product\/yoast-seo-wordpress\/ -->\n<title>Mecha de algod\u00f3n para Velas sin parafina Enceradas con Cera de Abeja y Sostenibles<\/title>\n<meta name=\"description\" content=\"Mecha de algod\u00f3n para Velas sin parafina Enceradas con Cera de Abeja y Sostenibles\" \/>\n<meta name=\"robots\" content=\"index, follow, max-snippet:-1, max-image-preview:large, max-video-preview:-1\" \/>\n<link rel=\"canonical\" href=\"https:\/\/espelmesdali.com\/es\/producto\/mecha-de-algodon-para-velas-sin-parafina-enceradas-con-cera-de-abeja-y-sostenibles\/\" \/>\n<meta property=\"og:locale\" content=\"es_ES\" \/>\n<meta property=\"og:type\" content=\"article\" \/>\n<meta property=\"og:title\" content=\"Mecha de algod\u00f3n para Velas sin parafina Enceradas con Cera de Abeja y Sostenibles\" \/>\n<meta property=\"og:description\" content=\"Mecha de algod\u00f3n para Velas sin parafina Enceradas con Cera de Abeja y Sostenibles\" \/>\n<meta property=\"og:url\" content=\"https:\/\/espelmesdali.com\/es\/producto\/mecha-de-algodon-para-velas-sin-parafina-enceradas-con-cera-de-abeja-y-sostenibles\/\" \/>\n<meta property=\"og:site_name\" content=\"Velas Dal\u00ed\" \/>\n<meta property=\"article:publisher\" content=\"https:\/\/www.facebook.com\/profile.php?id=100086540543846\" \/>\n<meta property=\"article:modified_time\" content=\"2024-04-30T22:46:42+00:00\" \/>\n<meta property=\"og:image\" content=\"https:\/\/espelmesdali.com\/wp-content\/uploads\/2024\/04\/EDALI_METXA.jpg\" \/>\n\t<meta property=\"og:image:width\" content=\"2214\" \/>\n\t<meta property=\"og:image:height\" content=\"2214\" \/>\n\t<meta property=\"og:image:type\" content=\"image\/jpeg\" \/>\n<meta name=\"twitter:card\" content=\"summary_large_image\" \/>\n<meta name=\"twitter:label1\" content=\"Tiempo de lectura\" \/>\n\t<meta name=\"twitter:data1\" content=\"1 minuto\" \/>\n<script type=\"application\/ld+json\" class=\"yoast-schema-graph\">{\"@context\":\"https:\\\/\\\/schema.org\",\"@graph\":[{\"@type\":\"WebPage\",\"@id\":\"https:\\\/\\\/espelmesdali.com\\\/es\\\/producto\\\/mecha-de-algodon-para-velas-sin-parafina-enceradas-con-cera-de-abeja-y-sostenibles\\\/\",\"url\":\"https:\\\/\\\/espelmesdali.com\\\/es\\\/producto\\\/mecha-de-algodon-para-velas-sin-parafina-enceradas-con-cera-de-abeja-y-sostenibles\\\/\",\"name\":\"Mecha de algod\u00f3n para Velas sin parafina Enceradas con Cera de Abeja y Sostenibles\",\"isPartOf\":{\"@id\":\"https:\\\/\\\/espelmesdali.com\\\/es\\\/#website\"},\"primaryImageOfPage\":{\"@id\":\"https:\\\/\\\/espelmesdali.com\\\/es\\\/producto\\\/mecha-de-algodon-para-velas-sin-parafina-enceradas-con-cera-de-abeja-y-sostenibles\\\/#primaryimage\"},\"image\":{\"@id\":\"https:\\\/\\\/espelmesdali.com\\\/es\\\/producto\\\/mecha-de-algodon-para-velas-sin-parafina-enceradas-con-cera-de-abeja-y-sostenibles\\\/#primaryimage\"},\"thumbnailUrl\":\"https:\\\/\\\/espelmesdali.com\\\/wp-content\\\/uploads\\\/2024\\\/04\\\/EDALI_METXA.jpg\",\"datePublished\":\"2024-04-30T14:45:56+00:00\",\"dateModified\":\"2024-04-30T22:46:42+00:00\",\"description\":\"Mecha de algod\u00f3n para Velas sin parafina Enceradas con Cera de Abeja y Sostenibles\",\"breadcrumb\":{\"@id\":\"https:\\\/\\\/espelmesdali.com\\\/es\\\/producto\\\/mecha-de-algodon-para-velas-sin-parafina-enceradas-con-cera-de-abeja-y-sostenibles\\\/#breadcrumb\"},\"inLanguage\":\"es\",\"potentialAction\":[{\"@type\":\"ReadAction\",\"target\":[\"https:\\\/\\\/espelmesdali.com\\\/es\\\/producto\\\/mecha-de-algodon-para-velas-sin-parafina-enceradas-con-cera-de-abeja-y-sostenibles\\\/\"]}]},{\"@type\":\"ImageObject\",\"inLanguage\":\"es\",\"@id\":\"https:\\\/\\\/espelmesdali.com\\\/es\\\/producto\\\/mecha-de-algodon-para-velas-sin-parafina-enceradas-con-cera-de-abeja-y-sostenibles\\\/#primaryimage\",\"url\":\"https:\\\/\\\/espelmesdali.com\\\/wp-content\\\/uploads\\\/2024\\\/04\\\/EDALI_METXA.jpg\",\"contentUrl\":\"https:\\\/\\\/espelmesdali.com\\\/wp-content\\\/uploads\\\/2024\\\/04\\\/EDALI_METXA.jpg\",\"width\":2214,\"height\":2214,\"caption\":\"Oplus_1179680\"},{\"@type\":\"BreadcrumbList\",\"@id\":\"https:\\\/\\\/espelmesdali.com\\\/es\\\/producto\\\/mecha-de-algodon-para-velas-sin-parafina-enceradas-con-cera-de-abeja-y-sostenibles\\\/#breadcrumb\",\"itemListElement\":[{\"@type\":\"ListItem\",\"position\":1,\"name\":\"Portada\",\"item\":\"https:\\\/\\\/espelmesdali.com\\\/es\\\/\"},{\"@type\":\"ListItem\",\"position\":2,\"name\":\"Tienda\",\"item\":\"https:\\\/\\\/espelmesdali.com\\\/es\\\/tienda\\\/\"},{\"@type\":\"ListItem\",\"position\":3,\"name\":\"Material Velas\",\"item\":\"https:\\\/\\\/espelmesdali.com\\\/es\\\/categoria-producto\\\/material-velas\\\/\"},{\"@type\":\"ListItem\",\"position\":4,\"name\":\"Mecha de algod\u00f3n para Velas sin parafina Enceradas con Cera de Abeja y Sostenibles\"}]},{\"@type\":\"WebSite\",\"@id\":\"https:\\\/\\\/espelmesdali.com\\\/es\\\/#website\",\"url\":\"https:\\\/\\\/espelmesdali.com\\\/es\\\/\",\"name\":\"Velas Dal\u00ed\",\"description\":\"Espelmes energ\u00e8tiques naturals i artesanes\",\"publisher\":{\"@id\":\"https:\\\/\\\/espelmesdali.com\\\/es\\\/#organization\"},\"alternateName\":\"Espelmes energ\u00e8tiques naturals i artesanes\",\"potentialAction\":[{\"@type\":\"SearchAction\",\"target\":{\"@type\":\"EntryPoint\",\"urlTemplate\":\"https:\\\/\\\/espelmesdali.com\\\/es\\\/?s={search_term_string}\"},\"query-input\":{\"@type\":\"PropertyValueSpecification\",\"valueRequired\":true,\"valueName\":\"search_term_string\"}}],\"inLanguage\":\"es\"},{\"@type\":\"Organization\",\"@id\":\"https:\\\/\\\/espelmesdali.com\\\/es\\\/#organization\",\"name\":\"Velas Dal\u00ed\",\"alternateName\":\"Espelmes energ\u00e8tiques naturals i artesanes\",\"url\":\"https:\\\/\\\/espelmesdali.com\\\/es\\\/\",\"logo\":{\"@type\":\"ImageObject\",\"inLanguage\":\"es\",\"@id\":\"https:\\\/\\\/espelmesdali.com\\\/es\\\/#\\\/schema\\\/logo\\\/image\\\/\",\"url\":\"https:\\\/\\\/i0.wp.com\\\/velasdali.com\\\/wp-content\\\/uploads\\\/2022\\\/12\\\/cropped-LOGO_DALI-01.jpg?fit=1200%2C1200&ssl=1\",\"contentUrl\":\"https:\\\/\\\/i0.wp.com\\\/velasdali.com\\\/wp-content\\\/uploads\\\/2022\\\/12\\\/cropped-LOGO_DALI-01.jpg?fit=1200%2C1200&ssl=1\",\"width\":1200,\"height\":1200,\"caption\":\"Velas Dal\u00ed\"},\"image\":{\"@id\":\"https:\\\/\\\/espelmesdali.com\\\/es\\\/#\\\/schema\\\/logo\\\/image\\\/\"},\"sameAs\":[\"https:\\\/\\\/www.facebook.com\\\/profile.php?id=100086540543846\",\"https:\\\/\\\/www.instagram.com\\\/espelmesdali\\\/\"]}]}<\/script>\n<!-- \/ Yoast SEO plugin. -->","yoast_head_json":{"title":"Mecha de algod\u00f3n para Velas sin parafina Enceradas con Cera de Abeja y Sostenibles","description":"Mecha de algod\u00f3n para Velas sin parafina Enceradas con Cera de Abeja y Sostenibles","robots":{"index":"index","follow":"follow","max-snippet":"max-snippet:-1","max-image-preview":"max-image-preview:large","max-video-preview":"max-video-preview:-1"},"canonical":"https:\/\/espelmesdali.com\/es\/producto\/mecha-de-algodon-para-velas-sin-parafina-enceradas-con-cera-de-abeja-y-sostenibles\/","og_locale":"es_ES","og_type":"article","og_title":"Mecha de algod\u00f3n para Velas sin parafina Enceradas con Cera de Abeja y Sostenibles","og_description":"Mecha de algod\u00f3n para Velas sin parafina Enceradas con Cera de Abeja y Sostenibles","og_url":"https:\/\/espelmesdali.com\/es\/producto\/mecha-de-algodon-para-velas-sin-parafina-enceradas-con-cera-de-abeja-y-sostenibles\/","og_site_name":"Velas Dal\u00ed","article_publisher":"https:\/\/www.facebook.com\/profile.php?id=100086540543846","article_modified_time":"2024-04-30T22:46:42+00:00","og_image":[{"width":2214,"height":2214,"url":"https:\/\/espelmesdali.com\/wp-content\/uploads\/2024\/04\/EDALI_METXA.jpg","type":"image\/jpeg"}],"twitter_card":"summary_large_image","twitter_misc":{"Tiempo de lectura":"1 minuto"},"schema":{"@context":"https:\/\/schema.org","@graph":[{"@type":"WebPage","@id":"https:\/\/espelmesdali.com\/es\/producto\/mecha-de-algodon-para-velas-sin-parafina-enceradas-con-cera-de-abeja-y-sostenibles\/","url":"https:\/\/espelmesdali.com\/es\/producto\/mecha-de-algodon-para-velas-sin-parafina-enceradas-con-cera-de-abeja-y-sostenibles\/","name":"Mecha de algod\u00f3n para Velas sin parafina Enceradas con Cera de Abeja y Sostenibles","isPartOf":{"@id":"https:\/\/espelmesdali.com\/es\/#website"},"primaryImageOfPage":{"@id":"https:\/\/espelmesdali.com\/es\/producto\/mecha-de-algodon-para-velas-sin-parafina-enceradas-con-cera-de-abeja-y-sostenibles\/#primaryimage"},"image":{"@id":"https:\/\/espelmesdali.com\/es\/producto\/mecha-de-algodon-para-velas-sin-parafina-enceradas-con-cera-de-abeja-y-sostenibles\/#primaryimage"},"thumbnailUrl":"https:\/\/espelmesdali.com\/wp-content\/uploads\/2024\/04\/EDALI_METXA.jpg","datePublished":"2024-04-30T14:45:56+00:00","dateModified":"2024-04-30T22:46:42+00:00","description":"Mecha de algod\u00f3n para Velas sin parafina Enceradas con Cera de Abeja y Sostenibles","breadcrumb":{"@id":"https:\/\/espelmesdali.com\/es\/producto\/mecha-de-algodon-para-velas-sin-parafina-enceradas-con-cera-de-abeja-y-sostenibles\/#breadcrumb"},"inLanguage":"es","potentialAction":[{"@type":"ReadAction","target":["https:\/\/espelmesdali.com\/es\/producto\/mecha-de-algodon-para-velas-sin-parafina-enceradas-con-cera-de-abeja-y-sostenibles\/"]}]},{"@type":"ImageObject","inLanguage":"es","@id":"https:\/\/espelmesdali.com\/es\/producto\/mecha-de-algodon-para-velas-sin-parafina-enceradas-con-cera-de-abeja-y-sostenibles\/#primaryimage","url":"https:\/\/espelmesdali.com\/wp-content\/uploads\/2024\/04\/EDALI_METXA.jpg","contentUrl":"https:\/\/espelmesdali.com\/wp-content\/uploads\/2024\/04\/EDALI_METXA.jpg","width":2214,"height":2214,"caption":"Oplus_1179680"},{"@type":"BreadcrumbList","@id":"https:\/\/espelmesdali.com\/es\/producto\/mecha-de-algodon-para-velas-sin-parafina-enceradas-con-cera-de-abeja-y-sostenibles\/#breadcrumb","itemListElement":[{"@type":"ListItem","position":1,"name":"Portada","item":"https:\/\/espelmesdali.com\/es\/"},{"@type":"ListItem","position":2,"name":"Tienda","item":"https:\/\/espelmesdali.com\/es\/tienda\/"},{"@type":"ListItem","position":3,"name":"Material Velas","item":"https:\/\/espelmesdali.com\/es\/categoria-producto\/material-velas\/"},{"@type":"ListItem","position":4,"name":"Mecha de algod\u00f3n para Velas sin parafina Enceradas con Cera de Abeja y Sostenibles"}]},{"@type":"WebSite","@id":"https:\/\/espelmesdali.com\/es\/#website","url":"https:\/\/espelmesdali.com\/es\/","name":"Velas Dal\u00ed","description":"Espelmes energ\u00e8tiques naturals i artesanes","publisher":{"@id":"https:\/\/espelmesdali.com\/es\/#organization"},"alternateName":"Espelmes energ\u00e8tiques naturals i artesanes","potentialAction":[{"@type":"SearchAction","target":{"@type":"EntryPoint","urlTemplate":"https:\/\/espelmesdali.com\/es\/?s={search_term_string}"},"query-input":{"@type":"PropertyValueSpecification","valueRequired":true,"valueName":"search_term_string"}}],"inLanguage":"es"},{"@type":"Organization","@id":"https:\/\/espelmesdali.com\/es\/#organization","name":"Velas Dal\u00ed","alternateName":"Espelmes energ\u00e8tiques naturals i artesanes","url":"https:\/\/espelmesdali.com\/es\/","logo":{"@type":"ImageObject","inLanguage":"es","@id":"https:\/\/espelmesdali.com\/es\/#\/schema\/logo\/image\/","url":"https:\/\/i0.wp.com\/velasdali.com\/wp-content\/uploads\/2022\/12\/cropped-LOGO_DALI-01.jpg?fit=1200%2C1200&ssl=1","contentUrl":"https:\/\/i0.wp.com\/velasdali.com\/wp-content\/uploads\/2022\/12\/cropped-LOGO_DALI-01.jpg?fit=1200%2C1200&ssl=1","width":1200,"height":1200,"caption":"Velas Dal\u00ed"},"image":{"@id":"https:\/\/espelmesdali.com\/es\/#\/schema\/logo\/image\/"},"sameAs":["https:\/\/www.facebook.com\/profile.php?id=100086540543846","https:\/\/www.instagram.com\/espelmesdali\/"]}]}},"_links":{"self":[{"href":"https:\/\/espelmesdali.com\/es\/wp-json\/wp\/v2\/product\/8958","targetHints":{"allow":["GET"]}}],"collection":[{"href":"https:\/\/espelmesdali.com\/es\/wp-json\/wp\/v2\/product"}],"about":[{"href":"https:\/\/espelmesdali.com\/es\/wp-json\/wp\/v2\/types\/product"}],"replies":[{"embeddable":true,"href":"https:\/\/espelmesdali.com\/es\/wp-json\/wp\/v2\/comments?post=8958"}],"wp:featuredmedia":[{"embeddable":true,"href":"https:\/\/espelmesdali.com\/es\/wp-json\/wp\/v2\/media\/10092"}],"wp:attachment":[{"href":"https:\/\/espelmesdali.com\/es\/wp-json\/wp\/v2\/media?parent=8958"}],"wp:term":[{"taxonomy":"product_brand","embeddable":true,"href":"https:\/\/espelmesdali.com\/es\/wp-json\/wp\/v2\/product_brand?post=8958"},{"taxonomy":"product_cat","embeddable":true,"href":"https:\/\/espelmesdali.com\/es\/wp-json\/wp\/v2\/product_cat?post=8958"},{"taxonomy":"product_tag","embeddable":true,"href":"https:\/\/espelmesdali.com\/es\/wp-json\/wp\/v2\/product_tag?post=8958"}],"curies":[{"name":"wp","href":"https:\/\/api.w.org\/{rel}","templated":true}]}}