{"id":8849,"date":"2024-04-05T20:02:00","date_gmt":"2024-04-05T18:02:00","guid":{"rendered":"https:\/\/espelmesdali.com\/?post_type=product&#038;p=8849"},"modified":"2025-02-25T16:56:56","modified_gmt":"2025-02-25T15:56:56","slug":"elimina-las-malas-vibraciones","status":"publish","type":"product","link":"https:\/\/espelmesdali.com\/es\/producto\/elimina-las-malas-vibraciones\/","title":{"rendered":"Elimina las malas vibraciones"},"content":{"rendered":"<h2><strong>\u00bfC\u00f3mo hacer el ritual?<\/strong><\/h2>\n<p><span style=\"font-weight: 400;\">1- Prepara una bandeja de aluminio grande o un plato grande con un papel de aluminio o de horno encima. En un lugar donde puedas dejar las velas sin riesgo y que no tengas que tocarlas hasta que se hayan consumido<\/span><\/p>\n<p><span style=\"font-weight: 400;\">2- Coge la vela negra, ponla a la altura de tu pecho mientras le pides que absorba toda la negatividad que encuentre.<\/span><\/p>\n<p><span style=\"font-weight: 400;\">3- Coloca la vela negra en el plato y enci\u00e9ndala con el mismo prop\u00f3sito de limpieza y purificaci\u00f3n.<\/span><\/p>\n<p><span style=\"font-weight: 400;\">4- Coge la vela blanca, ponla a la altura de tu pecho mientras le pides que d\u00e9 luz all\u00e1 donde haya oscuridad.<\/span><\/p>\n<p><span style=\"font-weight: 400;\">5- Coloca la vela blanca en la misma bandeja que la negra, separadas entre 5 y 7 cm.<\/span><\/p>\n<p><span style=\"font-weight: 400;\">6- Enciende la vela blanca con la misma intenci\u00f3n de aportar luz donde haga falta.<\/span><\/p>\n<p><span style=\"font-weight: 400;\">7- Deja que el fuego haga su magia y transmutaci\u00f3n. Una vez las velas consumidas y apagadas env\u00edanos una foto para poder leer el resultado.<\/span><\/p>\n<p><span style=\"font-weight: 400;\">9- Coge la vela de miel natural, ponla en la zona del pecho, p\u00eddele que armonice el ambiente y agradece el trabajo que han hecho. <\/span><\/p>\n<p><span style=\"font-weight: 400;\">8- Enciende la vela de miel natural en el mismo o en otro plato.<\/span><\/p>\n<p><em><span style=\"font-weight: 400;\">\u00a1Deja que se haga la magia!<\/span><\/em><\/p>\n<p>&nbsp;<\/p>\n<h4><strong>Las velas de miel de cera 100% pura de abeja<\/strong><\/h4>\n<p>Estas velas te ayudan a conectarte con tu propia esencia y con la parte m\u00e1s trascendental de la vida. S\u00f3lo el sencillo hecho de encenderlas aporta calma y bienestar. Con nuestras velas lo que trabajamos es el cambio, la transmutaci\u00f3n de la energ\u00eda y su renovaci\u00f3n para obtener mejor\u00eda en nosotros y en nuestro ambiente. Una vez consumida La Vela puede ser interpretada ya que los restos de cera nos indican el estado energ\u00e9tico en el que estamos vibrando y c\u00f3mo mejorarlo si es necesario. Hay que tener en cuenta que nuestras velas tienen lectura propia gracias al trabajo de a\u00f1os de interpretaci\u00f3n, por tanto, su lectura no es igual que el resto de las velas que existen en el mercado.<\/p>\n<p>Trabajamos con los colores para que cada color tiene su significado. Podemos trabajar nuestros achaques, la salud, el trabajo, el amor, etc&#8230; Solo trabajamos con energ\u00eda blanca, limpia y pura. Es una herramienta que nos da luz y la energ\u00eda que necesitamos para nuestra mejora<\/p>\n","protected":false},"excerpt":{"rendered":"<p><strong>Elimina las malas vibraciones<\/strong><\/p>\n<p><span style=\"font-weight: 400;\">Si sientes que \u00faltimamente todo te va mal, que todo te sale del rev\u00e9s, tienes conflictos en el trabajo, con las relaciones, la econom\u00eda va de mal en peor\u2026<\/ span><\/p>\n<p><span style=\"font-weight: 400;\">Probablemente hayas absorbido <strong>energ\u00edas negativas que te est\u00e1n perjudicando<\/strong>. Es <strong>urgente que limpies estas energ\u00edas<\/strong> porque incluso pueden perjudicar tu salud y la de quienes quieres.<\/span><\/p>\n<p>&nbsp;<\/p>\n<h5><strong>Nuestro ritual especial para eliminar malas vibraciones incluye:<\/strong><\/h5>\n<ul>\n<li><span style=\"font-weight: 400;\">1 vela de miel negra para arrancar toda la negatividad que hayas podido absorber.<\/span><\/li>\n<li><span style=\"font-weight: 400;\">1 vela de miel blanca para dar luz a todo este espacio que ha vaciado la vela negra<\/span><\/li>\n<li><span style=\"font-weight: 400;\">1 vela de miel natural para neutralizar la energ\u00eda despu\u00e9s de esta gran movida y aportar armon\u00eda y bienestar general.<\/span><\/li>\n<\/ul>\n","protected":false},"featured_media":10852,"comment_status":"open","ping_status":"closed","template":"","meta":[],"product_brand":[],"product_cat":[581,642,644,572,580],"product_tag":[582,605,942,585,1145,954,779,586,929,610],"class_list":{"0":"post-8849","1":"product","2":"type-product","3":"status-publish","4":"has-post-thumbnail","6":"product_cat-limpieza--purificacion","7":"product_cat-miedo--influenciasnegativas","8":"product_cat-potenciadores-es","9":"product_cat-rituales","10":"product_cat-velas-de-miel","11":"product_tag-blanca-es","12":"product_tag-energia-es","13":"product_tag-energias-negativas","14":"product_tag-espelmes-de-mel-es","15":"product_tag-natural-es","16":"product_tag-negatividad-es","17":"product_tag-negra-es","18":"product_tag-neteja-es","19":"product_tag-purificacion-es","20":"product_tag-ritual-es","21":"product_shipping_class-enviament-es","22":"infinite-scroll-item","23":"sales-flash-overlay","24":"woocommerce-text-align-center","25":"woocommerce-image-align-center","26":"do-quantity-buttons","27":"wc-has-gallery","29":"first","30":"instock","31":"taxable","32":"shipping-taxable","33":"purchasable","34":"product-type-simple"},"yoast_head":"<!-- This site is optimized with the Yoast SEO plugin v27.4 - https:\/\/yoast.com\/product\/yoast-seo-wordpress\/ -->\n<title>Elimina las malas vibraciones<\/title>\n<meta name=\"description\" content=\"Si sientes que \u00faltimamente todo te va mal, que todo te sale del rev\u00e9s, tienes conflictos en el trabajo, con las relaciones, la econom\u00eda va de peor peor\u2026 Es urgente que limpies estas energ\u00edas porque incluso pueden perjudicar tu salud y la de quienes quieres.\" \/>\n<meta name=\"robots\" content=\"index, follow, max-snippet:-1, max-image-preview:large, max-video-preview:-1\" \/>\n<link rel=\"canonical\" href=\"https:\/\/espelmesdali.com\/es\/producto\/elimina-las-malas-vibraciones\/\" \/>\n<meta property=\"og:locale\" content=\"es_ES\" \/>\n<meta property=\"og:type\" content=\"article\" \/>\n<meta property=\"og:title\" content=\"Elimina las malas vibraciones\" \/>\n<meta property=\"og:description\" content=\"Si sientes que \u00faltimamente todo te va mal, que todo te sale del rev\u00e9s, tienes conflictos en el trabajo, con las relaciones, la econom\u00eda va de peor peor\u2026 Es urgente que limpies estas energ\u00edas porque incluso pueden perjudicar tu salud y la de quienes quieres.\" \/>\n<meta property=\"og:url\" content=\"https:\/\/espelmesdali.com\/es\/producto\/elimina-las-malas-vibraciones\/\" \/>\n<meta property=\"og:site_name\" content=\"Velas Dal\u00ed\" \/>\n<meta property=\"article:publisher\" content=\"https:\/\/www.facebook.com\/profile.php?id=100086540543846\" \/>\n<meta property=\"article:modified_time\" content=\"2025-02-25T15:56:56+00:00\" \/>\n<meta property=\"og:image\" content=\"https:\/\/espelmesdali.com\/wp-content\/uploads\/2024\/04\/mala-vibra-ences.png\" \/>\n\t<meta property=\"og:image:width\" content=\"1024\" \/>\n\t<meta property=\"og:image:height\" content=\"1024\" \/>\n\t<meta property=\"og:image:type\" content=\"image\/png\" \/>\n<meta name=\"twitter:card\" content=\"summary_large_image\" \/>\n<meta name=\"twitter:label1\" content=\"Tiempo de lectura\" \/>\n\t<meta name=\"twitter:data1\" content=\"2 minutos\" \/>\n<script type=\"application\/ld+json\" class=\"yoast-schema-graph\">{\"@context\":\"https:\\\/\\\/schema.org\",\"@graph\":[{\"@type\":\"WebPage\",\"@id\":\"https:\\\/\\\/espelmesdali.com\\\/es\\\/producto\\\/elimina-las-malas-vibraciones\\\/\",\"url\":\"https:\\\/\\\/espelmesdali.com\\\/es\\\/producto\\\/elimina-las-malas-vibraciones\\\/\",\"name\":\"Elimina las malas vibraciones\",\"isPartOf\":{\"@id\":\"https:\\\/\\\/espelmesdali.com\\\/es\\\/#website\"},\"primaryImageOfPage\":{\"@id\":\"https:\\\/\\\/espelmesdali.com\\\/es\\\/producto\\\/elimina-las-malas-vibraciones\\\/#primaryimage\"},\"image\":{\"@id\":\"https:\\\/\\\/espelmesdali.com\\\/es\\\/producto\\\/elimina-las-malas-vibraciones\\\/#primaryimage\"},\"thumbnailUrl\":\"https:\\\/\\\/espelmesdali.com\\\/wp-content\\\/uploads\\\/2024\\\/04\\\/mala-vibra-ences.png\",\"datePublished\":\"2024-04-05T18:02:00+00:00\",\"dateModified\":\"2025-02-25T15:56:56+00:00\",\"description\":\"Si sientes que \u00faltimamente todo te va mal, que todo te sale del rev\u00e9s, tienes conflictos en el trabajo, con las relaciones, la econom\u00eda va de peor peor\u2026 Es urgente que limpies estas energ\u00edas porque incluso pueden perjudicar tu salud y la de quienes quieres.\",\"breadcrumb\":{\"@id\":\"https:\\\/\\\/espelmesdali.com\\\/es\\\/producto\\\/elimina-las-malas-vibraciones\\\/#breadcrumb\"},\"inLanguage\":\"es\",\"potentialAction\":[{\"@type\":\"ReadAction\",\"target\":[\"https:\\\/\\\/espelmesdali.com\\\/es\\\/producto\\\/elimina-las-malas-vibraciones\\\/\"]}]},{\"@type\":\"ImageObject\",\"inLanguage\":\"es\",\"@id\":\"https:\\\/\\\/espelmesdali.com\\\/es\\\/producto\\\/elimina-las-malas-vibraciones\\\/#primaryimage\",\"url\":\"https:\\\/\\\/espelmesdali.com\\\/wp-content\\\/uploads\\\/2024\\\/04\\\/mala-vibra-ences.png\",\"contentUrl\":\"https:\\\/\\\/espelmesdali.com\\\/wp-content\\\/uploads\\\/2024\\\/04\\\/mala-vibra-ences.png\",\"width\":1024,\"height\":1024,\"caption\":\"mala vibra\"},{\"@type\":\"BreadcrumbList\",\"@id\":\"https:\\\/\\\/espelmesdali.com\\\/es\\\/producto\\\/elimina-las-malas-vibraciones\\\/#breadcrumb\",\"itemListElement\":[{\"@type\":\"ListItem\",\"position\":1,\"name\":\"Portada\",\"item\":\"https:\\\/\\\/espelmesdali.com\\\/es\\\/\"},{\"@type\":\"ListItem\",\"position\":2,\"name\":\"Tienda\",\"item\":\"https:\\\/\\\/espelmesdali.com\\\/es\\\/tienda\\\/\"},{\"@type\":\"ListItem\",\"position\":3,\"name\":\"Velas\",\"item\":\"https:\\\/\\\/espelmesdali.com\\\/es\\\/categoria-producto\\\/velas-de-miel\\\/\"},{\"@type\":\"ListItem\",\"position\":4,\"name\":\"Elimina las malas vibraciones\"}]},{\"@type\":\"WebSite\",\"@id\":\"https:\\\/\\\/espelmesdali.com\\\/es\\\/#website\",\"url\":\"https:\\\/\\\/espelmesdali.com\\\/es\\\/\",\"name\":\"Velas Dal\u00ed\",\"description\":\"Espelmes energ\u00e8tiques naturals i artesanes\",\"publisher\":{\"@id\":\"https:\\\/\\\/espelmesdali.com\\\/es\\\/#organization\"},\"alternateName\":\"Espelmes energ\u00e8tiques naturals i artesanes\",\"potentialAction\":[{\"@type\":\"SearchAction\",\"target\":{\"@type\":\"EntryPoint\",\"urlTemplate\":\"https:\\\/\\\/espelmesdali.com\\\/es\\\/?s={search_term_string}\"},\"query-input\":{\"@type\":\"PropertyValueSpecification\",\"valueRequired\":true,\"valueName\":\"search_term_string\"}}],\"inLanguage\":\"es\"},{\"@type\":\"Organization\",\"@id\":\"https:\\\/\\\/espelmesdali.com\\\/es\\\/#organization\",\"name\":\"Velas Dal\u00ed\",\"alternateName\":\"Espelmes energ\u00e8tiques naturals i artesanes\",\"url\":\"https:\\\/\\\/espelmesdali.com\\\/es\\\/\",\"logo\":{\"@type\":\"ImageObject\",\"inLanguage\":\"es\",\"@id\":\"https:\\\/\\\/espelmesdali.com\\\/es\\\/#\\\/schema\\\/logo\\\/image\\\/\",\"url\":\"https:\\\/\\\/i0.wp.com\\\/velasdali.com\\\/wp-content\\\/uploads\\\/2022\\\/12\\\/cropped-LOGO_DALI-01.jpg?fit=1200%2C1200&ssl=1\",\"contentUrl\":\"https:\\\/\\\/i0.wp.com\\\/velasdali.com\\\/wp-content\\\/uploads\\\/2022\\\/12\\\/cropped-LOGO_DALI-01.jpg?fit=1200%2C1200&ssl=1\",\"width\":1200,\"height\":1200,\"caption\":\"Velas Dal\u00ed\"},\"image\":{\"@id\":\"https:\\\/\\\/espelmesdali.com\\\/es\\\/#\\\/schema\\\/logo\\\/image\\\/\"},\"sameAs\":[\"https:\\\/\\\/www.facebook.com\\\/profile.php?id=100086540543846\",\"https:\\\/\\\/www.instagram.com\\\/espelmesdali\\\/\"]}]}<\/script>\n<!-- \/ Yoast SEO plugin. -->","yoast_head_json":{"title":"Elimina las malas vibraciones","description":"Si sientes que \u00faltimamente todo te va mal, que todo te sale del rev\u00e9s, tienes conflictos en el trabajo, con las relaciones, la econom\u00eda va de peor peor\u2026 Es urgente que limpies estas energ\u00edas porque incluso pueden perjudicar tu salud y la de quienes quieres.","robots":{"index":"index","follow":"follow","max-snippet":"max-snippet:-1","max-image-preview":"max-image-preview:large","max-video-preview":"max-video-preview:-1"},"canonical":"https:\/\/espelmesdali.com\/es\/producto\/elimina-las-malas-vibraciones\/","og_locale":"es_ES","og_type":"article","og_title":"Elimina las malas vibraciones","og_description":"Si sientes que \u00faltimamente todo te va mal, que todo te sale del rev\u00e9s, tienes conflictos en el trabajo, con las relaciones, la econom\u00eda va de peor peor\u2026 Es urgente que limpies estas energ\u00edas porque incluso pueden perjudicar tu salud y la de quienes quieres.","og_url":"https:\/\/espelmesdali.com\/es\/producto\/elimina-las-malas-vibraciones\/","og_site_name":"Velas Dal\u00ed","article_publisher":"https:\/\/www.facebook.com\/profile.php?id=100086540543846","article_modified_time":"2025-02-25T15:56:56+00:00","og_image":[{"width":1024,"height":1024,"url":"https:\/\/espelmesdali.com\/wp-content\/uploads\/2024\/04\/mala-vibra-ences.png","type":"image\/png"}],"twitter_card":"summary_large_image","twitter_misc":{"Tiempo de lectura":"2 minutos"},"schema":{"@context":"https:\/\/schema.org","@graph":[{"@type":"WebPage","@id":"https:\/\/espelmesdali.com\/es\/producto\/elimina-las-malas-vibraciones\/","url":"https:\/\/espelmesdali.com\/es\/producto\/elimina-las-malas-vibraciones\/","name":"Elimina las malas vibraciones","isPartOf":{"@id":"https:\/\/espelmesdali.com\/es\/#website"},"primaryImageOfPage":{"@id":"https:\/\/espelmesdali.com\/es\/producto\/elimina-las-malas-vibraciones\/#primaryimage"},"image":{"@id":"https:\/\/espelmesdali.com\/es\/producto\/elimina-las-malas-vibraciones\/#primaryimage"},"thumbnailUrl":"https:\/\/espelmesdali.com\/wp-content\/uploads\/2024\/04\/mala-vibra-ences.png","datePublished":"2024-04-05T18:02:00+00:00","dateModified":"2025-02-25T15:56:56+00:00","description":"Si sientes que \u00faltimamente todo te va mal, que todo te sale del rev\u00e9s, tienes conflictos en el trabajo, con las relaciones, la econom\u00eda va de peor peor\u2026 Es urgente que limpies estas energ\u00edas porque incluso pueden perjudicar tu salud y la de quienes quieres.","breadcrumb":{"@id":"https:\/\/espelmesdali.com\/es\/producto\/elimina-las-malas-vibraciones\/#breadcrumb"},"inLanguage":"es","potentialAction":[{"@type":"ReadAction","target":["https:\/\/espelmesdali.com\/es\/producto\/elimina-las-malas-vibraciones\/"]}]},{"@type":"ImageObject","inLanguage":"es","@id":"https:\/\/espelmesdali.com\/es\/producto\/elimina-las-malas-vibraciones\/#primaryimage","url":"https:\/\/espelmesdali.com\/wp-content\/uploads\/2024\/04\/mala-vibra-ences.png","contentUrl":"https:\/\/espelmesdali.com\/wp-content\/uploads\/2024\/04\/mala-vibra-ences.png","width":1024,"height":1024,"caption":"mala vibra"},{"@type":"BreadcrumbList","@id":"https:\/\/espelmesdali.com\/es\/producto\/elimina-las-malas-vibraciones\/#breadcrumb","itemListElement":[{"@type":"ListItem","position":1,"name":"Portada","item":"https:\/\/espelmesdali.com\/es\/"},{"@type":"ListItem","position":2,"name":"Tienda","item":"https:\/\/espelmesdali.com\/es\/tienda\/"},{"@type":"ListItem","position":3,"name":"Velas","item":"https:\/\/espelmesdali.com\/es\/categoria-producto\/velas-de-miel\/"},{"@type":"ListItem","position":4,"name":"Elimina las malas vibraciones"}]},{"@type":"WebSite","@id":"https:\/\/espelmesdali.com\/es\/#website","url":"https:\/\/espelmesdali.com\/es\/","name":"Velas Dal\u00ed","description":"Espelmes energ\u00e8tiques naturals i artesanes","publisher":{"@id":"https:\/\/espelmesdali.com\/es\/#organization"},"alternateName":"Espelmes energ\u00e8tiques naturals i artesanes","potentialAction":[{"@type":"SearchAction","target":{"@type":"EntryPoint","urlTemplate":"https:\/\/espelmesdali.com\/es\/?s={search_term_string}"},"query-input":{"@type":"PropertyValueSpecification","valueRequired":true,"valueName":"search_term_string"}}],"inLanguage":"es"},{"@type":"Organization","@id":"https:\/\/espelmesdali.com\/es\/#organization","name":"Velas Dal\u00ed","alternateName":"Espelmes energ\u00e8tiques naturals i artesanes","url":"https:\/\/espelmesdali.com\/es\/","logo":{"@type":"ImageObject","inLanguage":"es","@id":"https:\/\/espelmesdali.com\/es\/#\/schema\/logo\/image\/","url":"https:\/\/i0.wp.com\/velasdali.com\/wp-content\/uploads\/2022\/12\/cropped-LOGO_DALI-01.jpg?fit=1200%2C1200&ssl=1","contentUrl":"https:\/\/i0.wp.com\/velasdali.com\/wp-content\/uploads\/2022\/12\/cropped-LOGO_DALI-01.jpg?fit=1200%2C1200&ssl=1","width":1200,"height":1200,"caption":"Velas Dal\u00ed"},"image":{"@id":"https:\/\/espelmesdali.com\/es\/#\/schema\/logo\/image\/"},"sameAs":["https:\/\/www.facebook.com\/profile.php?id=100086540543846","https:\/\/www.instagram.com\/espelmesdali\/"]}]}},"_links":{"self":[{"href":"https:\/\/espelmesdali.com\/es\/wp-json\/wp\/v2\/product\/8849","targetHints":{"allow":["GET"]}}],"collection":[{"href":"https:\/\/espelmesdali.com\/es\/wp-json\/wp\/v2\/product"}],"about":[{"href":"https:\/\/espelmesdali.com\/es\/wp-json\/wp\/v2\/types\/product"}],"replies":[{"embeddable":true,"href":"https:\/\/espelmesdali.com\/es\/wp-json\/wp\/v2\/comments?post=8849"}],"wp:featuredmedia":[{"embeddable":true,"href":"https:\/\/espelmesdali.com\/es\/wp-json\/wp\/v2\/media\/10852"}],"wp:attachment":[{"href":"https:\/\/espelmesdali.com\/es\/wp-json\/wp\/v2\/media?parent=8849"}],"wp:term":[{"taxonomy":"product_brand","embeddable":true,"href":"https:\/\/espelmesdali.com\/es\/wp-json\/wp\/v2\/product_brand?post=8849"},{"taxonomy":"product_cat","embeddable":true,"href":"https:\/\/espelmesdali.com\/es\/wp-json\/wp\/v2\/product_cat?post=8849"},{"taxonomy":"product_tag","embeddable":true,"href":"https:\/\/espelmesdali.com\/es\/wp-json\/wp\/v2\/product_tag?post=8849"}],"curies":[{"name":"wp","href":"https:\/\/api.w.org\/{rel}","templated":true}]}}