{"id":8837,"date":"2022-09-23T11:32:24","date_gmt":"2022-09-23T09:32:24","guid":{"rendered":"https:\/\/espelmesdali.com\/producte\/sabiduria-y-conexion-vela-arcangel-jofiel\/"},"modified":"2024-12-03T16:39:47","modified_gmt":"2024-12-03T15:39:47","slug":"sabiduria-y-conexion-vela-arcangel-jofiel","status":"publish","type":"product","link":"https:\/\/espelmesdali.com\/es\/producto\/sabiduria-y-conexion-vela-arcangel-jofiel\/","title":{"rendered":"Sabidur\u00eda y conexi\u00f3n \u00abVela Arcangel Jofiel\u00bb"},"content":{"rendered":"<p>La Vela Arc\u00e1ngel Jofiel es una herramienta poderosa que trae sabidur\u00eda, iluminaci\u00f3n, comprensi\u00f3n, inspiraci\u00f3n y conexi\u00f3n con tu ser superior. Esta vela es como un faro que gu\u00eda hacia la verdad y la claridad en momentos cruciales de la vida.<\/P><\/p>\n<p>Arc\u00e1ngel Jofiel es el arc\u00e1ngel de la sabidur\u00eda y la iluminaci\u00f3n divina. Su energ\u00eda es como una luz brillante que disipa las sombras de la confusi\u00f3n y ayuda a verla con claridad. Cuando encendemos esta vela, abrimos una puerta hacia la sabidur\u00eda superior y la conexi\u00f3n con nuestra intuici\u00f3n m\u00e1s profunda.<\/p>\n<p>Sus energ\u00edas promueven la comprensi\u00f3n profunda y la inspiraci\u00f3n. Es un gran aliado en momentos en los que debemos tomar decisiones importantes, ya que nos ayuda a ver todas las opciones ya elegir la que mejor se ajuste a nuestras necesidades y deseos.<\/P><\/p>\n<p>Para los estudiantes y aquellos que se enfrentan a \u00e9pocas de ex\u00e1menes, la Vela Arc\u00e1ngel Jofiel es un faro de conocimiento y comprensi\u00f3n. Esta vela puede ser utilizada como herramienta para atraer a la inspiraci\u00f3n necesaria para superar los desaf\u00edos acad\u00e9micos.<\/p>\n<p>Adem\u00e1s, esta vela ayuda a conectar con tu ser superior, esa parte de ti que est\u00e1 en sinton\u00eda con la divinidad y la verdad m\u00e1s profunda. Es como un puente hacia tu propia divinidad interior y tu intuici\u00f3n, que gu\u00eda tu camino.<\/P><\/p>\n<p>En resumen, la Vela Arc\u00e1ngel Jofiel es una herramienta que ofrece un acceso a la sabidur\u00eda y la iluminaci\u00f3n divina, as\u00ed como una comprensi\u00f3n m\u00e1s profunda de los aspectos importantes de la vida. Es una muestra de confianza en tu propia intuici\u00f3n y conexi\u00f3n con la sabidur\u00eda superior. Regalar esta vela es una forma de brindar apoyo e inspiraci\u00f3n a aquellos que buscan verdad y claridad en sus vidas.<\/p>\n","protected":false},"excerpt":{"rendered":"<p><span style=\"color: #800080;\"><strong>PODER ENERG\u00c9TICO: \u2666\u2666\u25ca\u25ca\u25ca<\/strong><\/span><\/p>\n<p><span style=\"color: #800080;\">\u00b7Sabez<\/p>\n<p>Sabidez, iluminaci\u00f3n, comprensi\u00f3n, inspiraci\u00f3n y conexi\u00f3n con tu ser superior. Una vela para regalar cuando es necesario tomar decisiones importantes, tambi\u00e9n nos ayudar\u00e1 en \u00e9pocas de ex\u00e1menes.<\/p>\n","protected":false},"featured_media":8572,"comment_status":"open","ping_status":"closed","template":"","meta":[],"product_brand":[],"product_cat":[572],"product_tag":[935,1097,1098,598,932],"class_list":{"0":"post-8837","1":"product","2":"type-product","3":"status-publish","4":"has-post-thumbnail","6":"product_cat-rituales","7":"product_tag-amarillo-es","8":"product_tag-arcangeles","9":"product_tag-conexion","10":"product_tag-luz","11":"product_tag-sabiduria-es","12":"product_shipping_class-envio-p","13":"infinite-scroll-item","14":"sales-flash-overlay","15":"woocommerce-text-align-center","16":"woocommerce-image-align-center","17":"do-quantity-buttons","19":"first","20":"outofstock","21":"taxable","22":"shipping-taxable","23":"purchasable","24":"product-type-variable"},"yoast_head":"<!-- This site is optimized with the Yoast SEO plugin v27.5 - https:\/\/yoast.com\/product\/yoast-seo-wordpress\/ -->\n<title>Sabidur\u00eda y conexi\u00f3n &quot;Vela Arcangel Jofiel&quot;<\/title>\n<meta name=\"description\" content=\"La Vela Arc\u00e1ngel Jofiel es una poderosa herramienta que trae sabidur\u00eda, iluminaci\u00f3n, comprensi\u00f3n, inspiraci\u00f3n y conexi\u00f3n con tu ser superior. Esa vela es como un faro que gu\u00eda hacia la verdad y la claridad en momentos cruciales de la vida. n nArc\u00e1ngel Jofiel es el arc\u00e1ngel de la sabidur\u00eda y la iluminaci\u00f3n divina. Su energ\u00eda es como una luz brillante que disipa las sombras de la confusi\u00f3n y ayuda a verla con claridad. Cuando encendemos esta vela, abrimos una puerta hacia la sabidur\u00eda superior y la conexi\u00f3n con nuestra intuici\u00f3n m\u00e1s profunda. n nSus energ\u00edas promueven la comprensi\u00f3n profunda y la inspiraci\u00f3n. Es un gran aliado en momentos en los que debemos tomar decisiones importantes, ya que nos ayuda a ver todas las opciones ya elegir la que mejor se ajuste a nuestras necesidades y deseos. n nPara los estudiantes y aquellos que se enfrentan a \u00e9pocas de ex\u00e1menes, la Vela Arc\u00e1ngel Jofiel es un faro de conocimiento y comprensi\u00f3n. Esta vela puede ser utilizada como herramienta para atraer a la inspiraci\u00f3n necesaria para superar los desaf\u00edos acad\u00e9micos. n nAdem\u00e1s, esta vela ayuda a conectar con tu ser superior, esa parte de ti que est\u00e1 en sinton\u00eda con la divinidad y la verdad m\u00e1s profunda. Es como un puente hacia tu propia divinidad interior y tu intuici\u00f3n que gu\u00eda tu camino. n nEn resumen, la Vela Arc\u00e1ngel Jofiel es una herramienta que ofrece un acceso a la sabidur\u00eda y la iluminaci\u00f3n divina, as\u00ed como una comprensi\u00f3n m\u00e1s profunda de los aspectos importantes de la vida. Es una muestra de confianza en tu propia intuici\u00f3n y conexi\u00f3n con la sabidur\u00eda superior. Regalar esta vela es una forma de brindar apoyo e inspiraci\u00f3n a aquellos que buscan verdad y claridad en sus vidas.\" \/>\n<meta name=\"robots\" content=\"index, follow, max-snippet:-1, max-image-preview:large, max-video-preview:-1\" \/>\n<link rel=\"canonical\" href=\"https:\/\/espelmesdali.com\/es\/producto\/sabiduria-y-conexion-vela-arcangel-jofiel\/\" \/>\n<meta property=\"og:locale\" content=\"es_ES\" \/>\n<meta property=\"og:type\" content=\"article\" \/>\n<meta property=\"og:title\" content=\"Sabidur\u00eda y conexi\u00f3n &quot;Vela Arcangel Jofiel&quot;\" \/>\n<meta property=\"og:description\" content=\"La Vela Arc\u00e1ngel Jofiel es una poderosa herramienta que trae sabidur\u00eda, iluminaci\u00f3n, comprensi\u00f3n, inspiraci\u00f3n y conexi\u00f3n con tu ser superior. Esa vela es como un faro que gu\u00eda hacia la verdad y la claridad en momentos cruciales de la vida. n nArc\u00e1ngel Jofiel es el arc\u00e1ngel de la sabidur\u00eda y la iluminaci\u00f3n divina. Su energ\u00eda es como una luz brillante que disipa las sombras de la confusi\u00f3n y ayuda a verla con claridad. Cuando encendemos esta vela, abrimos una puerta hacia la sabidur\u00eda superior y la conexi\u00f3n con nuestra intuici\u00f3n m\u00e1s profunda. n nSus energ\u00edas promueven la comprensi\u00f3n profunda y la inspiraci\u00f3n. Es un gran aliado en momentos en los que debemos tomar decisiones importantes, ya que nos ayuda a ver todas las opciones ya elegir la que mejor se ajuste a nuestras necesidades y deseos. n nPara los estudiantes y aquellos que se enfrentan a \u00e9pocas de ex\u00e1menes, la Vela Arc\u00e1ngel Jofiel es un faro de conocimiento y comprensi\u00f3n. Esta vela puede ser utilizada como herramienta para atraer a la inspiraci\u00f3n necesaria para superar los desaf\u00edos acad\u00e9micos. n nAdem\u00e1s, esta vela ayuda a conectar con tu ser superior, esa parte de ti que est\u00e1 en sinton\u00eda con la divinidad y la verdad m\u00e1s profunda. Es como un puente hacia tu propia divinidad interior y tu intuici\u00f3n que gu\u00eda tu camino. n nEn resumen, la Vela Arc\u00e1ngel Jofiel es una herramienta que ofrece un acceso a la sabidur\u00eda y la iluminaci\u00f3n divina, as\u00ed como una comprensi\u00f3n m\u00e1s profunda de los aspectos importantes de la vida. Es una muestra de confianza en tu propia intuici\u00f3n y conexi\u00f3n con la sabidur\u00eda superior. Regalar esta vela es una forma de brindar apoyo e inspiraci\u00f3n a aquellos que buscan verdad y claridad en sus vidas.\" \/>\n<meta property=\"og:url\" content=\"https:\/\/espelmesdali.com\/es\/producto\/sabiduria-y-conexion-vela-arcangel-jofiel\/\" \/>\n<meta property=\"og:site_name\" content=\"Velas Dal\u00ed\" \/>\n<meta property=\"article:publisher\" content=\"https:\/\/www.facebook.com\/profile.php?id=100086540543846\" \/>\n<meta property=\"article:modified_time\" content=\"2024-12-03T15:39:47+00:00\" \/>\n<meta property=\"og:image\" content=\"https:\/\/espelmesdali.com\/wp-content\/uploads\/2024\/03\/00149.jpg\" \/>\n\t<meta property=\"og:image:width\" content=\"800\" \/>\n\t<meta property=\"og:image:height\" content=\"800\" \/>\n\t<meta property=\"og:image:type\" content=\"image\/jpeg\" \/>\n<meta name=\"twitter:card\" content=\"summary_large_image\" \/>\n<meta name=\"twitter:label1\" content=\"Tiempo de lectura\" \/>\n\t<meta name=\"twitter:data1\" content=\"2 minutos\" \/>\n<script type=\"application\/ld+json\" class=\"yoast-schema-graph\">{\"@context\":\"https:\\\/\\\/schema.org\",\"@graph\":[{\"@type\":\"WebPage\",\"@id\":\"https:\\\/\\\/espelmesdali.com\\\/es\\\/producto\\\/sabiduria-y-conexion-vela-arcangel-jofiel\\\/\",\"url\":\"https:\\\/\\\/espelmesdali.com\\\/es\\\/producto\\\/sabiduria-y-conexion-vela-arcangel-jofiel\\\/\",\"name\":\"Sabidur\u00eda y conexi\u00f3n \\\"Vela Arcangel Jofiel\\\"\",\"isPartOf\":{\"@id\":\"https:\\\/\\\/espelmesdali.com\\\/es\\\/#website\"},\"primaryImageOfPage\":{\"@id\":\"https:\\\/\\\/espelmesdali.com\\\/es\\\/producto\\\/sabiduria-y-conexion-vela-arcangel-jofiel\\\/#primaryimage\"},\"image\":{\"@id\":\"https:\\\/\\\/espelmesdali.com\\\/es\\\/producto\\\/sabiduria-y-conexion-vela-arcangel-jofiel\\\/#primaryimage\"},\"thumbnailUrl\":\"https:\\\/\\\/espelmesdali.com\\\/wp-content\\\/uploads\\\/2024\\\/03\\\/00149.jpg\",\"datePublished\":\"2022-09-23T09:32:24+00:00\",\"dateModified\":\"2024-12-03T15:39:47+00:00\",\"description\":\"La Vela Arc\u00e1ngel Jofiel es una poderosa herramienta que trae sabidur\u00eda, iluminaci\u00f3n, comprensi\u00f3n, inspiraci\u00f3n y conexi\u00f3n con tu ser superior. Esa vela es como un faro que gu\u00eda hacia la verdad y la claridad en momentos cruciales de la vida. n nArc\u00e1ngel Jofiel es el arc\u00e1ngel de la sabidur\u00eda y la iluminaci\u00f3n divina. Su energ\u00eda es como una luz brillante que disipa las sombras de la confusi\u00f3n y ayuda a verla con claridad. Cuando encendemos esta vela, abrimos una puerta hacia la sabidur\u00eda superior y la conexi\u00f3n con nuestra intuici\u00f3n m\u00e1s profunda. n nSus energ\u00edas promueven la comprensi\u00f3n profunda y la inspiraci\u00f3n. Es un gran aliado en momentos en los que debemos tomar decisiones importantes, ya que nos ayuda a ver todas las opciones ya elegir la que mejor se ajuste a nuestras necesidades y deseos. n nPara los estudiantes y aquellos que se enfrentan a \u00e9pocas de ex\u00e1menes, la Vela Arc\u00e1ngel Jofiel es un faro de conocimiento y comprensi\u00f3n. Esta vela puede ser utilizada como herramienta para atraer a la inspiraci\u00f3n necesaria para superar los desaf\u00edos acad\u00e9micos. n nAdem\u00e1s, esta vela ayuda a conectar con tu ser superior, esa parte de ti que est\u00e1 en sinton\u00eda con la divinidad y la verdad m\u00e1s profunda. Es como un puente hacia tu propia divinidad interior y tu intuici\u00f3n que gu\u00eda tu camino. n nEn resumen, la Vela Arc\u00e1ngel Jofiel es una herramienta que ofrece un acceso a la sabidur\u00eda y la iluminaci\u00f3n divina, as\u00ed como una comprensi\u00f3n m\u00e1s profunda de los aspectos importantes de la vida. Es una muestra de confianza en tu propia intuici\u00f3n y conexi\u00f3n con la sabidur\u00eda superior. Regalar esta vela es una forma de brindar apoyo e inspiraci\u00f3n a aquellos que buscan verdad y claridad en sus vidas.\",\"breadcrumb\":{\"@id\":\"https:\\\/\\\/espelmesdali.com\\\/es\\\/producto\\\/sabiduria-y-conexion-vela-arcangel-jofiel\\\/#breadcrumb\"},\"inLanguage\":\"es\",\"potentialAction\":[{\"@type\":\"ReadAction\",\"target\":[\"https:\\\/\\\/espelmesdali.com\\\/es\\\/producto\\\/sabiduria-y-conexion-vela-arcangel-jofiel\\\/\"]}]},{\"@type\":\"ImageObject\",\"inLanguage\":\"es\",\"@id\":\"https:\\\/\\\/espelmesdali.com\\\/es\\\/producto\\\/sabiduria-y-conexion-vela-arcangel-jofiel\\\/#primaryimage\",\"url\":\"https:\\\/\\\/espelmesdali.com\\\/wp-content\\\/uploads\\\/2024\\\/03\\\/00149.jpg\",\"contentUrl\":\"https:\\\/\\\/espelmesdali.com\\\/wp-content\\\/uploads\\\/2024\\\/03\\\/00149.jpg\",\"width\":800,\"height\":800,\"caption\":\"00149\"},{\"@type\":\"BreadcrumbList\",\"@id\":\"https:\\\/\\\/espelmesdali.com\\\/es\\\/producto\\\/sabiduria-y-conexion-vela-arcangel-jofiel\\\/#breadcrumb\",\"itemListElement\":[{\"@type\":\"ListItem\",\"position\":1,\"name\":\"Portada\",\"item\":\"https:\\\/\\\/espelmesdali.com\\\/es\\\/\"},{\"@type\":\"ListItem\",\"position\":2,\"name\":\"Tienda\",\"item\":\"https:\\\/\\\/espelmesdali.com\\\/es\\\/tienda\\\/\"},{\"@type\":\"ListItem\",\"position\":3,\"name\":\"Rituales\",\"item\":\"https:\\\/\\\/espelmesdali.com\\\/es\\\/categoria-producto\\\/rituales\\\/\"},{\"@type\":\"ListItem\",\"position\":4,\"name\":\"Sabidur\u00eda y conexi\u00f3n \u00abVela Arcangel Jofiel\u00bb\"}]},{\"@type\":\"WebSite\",\"@id\":\"https:\\\/\\\/espelmesdali.com\\\/es\\\/#website\",\"url\":\"https:\\\/\\\/espelmesdali.com\\\/es\\\/\",\"name\":\"Velas Dal\u00ed\",\"description\":\"Espelmes energ\u00e8tiques naturals i artesanes\",\"publisher\":{\"@id\":\"https:\\\/\\\/espelmesdali.com\\\/es\\\/#organization\"},\"alternateName\":\"Espelmes energ\u00e8tiques naturals i artesanes\",\"potentialAction\":[{\"@type\":\"SearchAction\",\"target\":{\"@type\":\"EntryPoint\",\"urlTemplate\":\"https:\\\/\\\/espelmesdali.com\\\/es\\\/?s={search_term_string}\"},\"query-input\":{\"@type\":\"PropertyValueSpecification\",\"valueRequired\":true,\"valueName\":\"search_term_string\"}}],\"inLanguage\":\"es\"},{\"@type\":\"Organization\",\"@id\":\"https:\\\/\\\/espelmesdali.com\\\/es\\\/#organization\",\"name\":\"Velas Dal\u00ed\",\"alternateName\":\"Espelmes energ\u00e8tiques naturals i artesanes\",\"url\":\"https:\\\/\\\/espelmesdali.com\\\/es\\\/\",\"logo\":{\"@type\":\"ImageObject\",\"inLanguage\":\"es\",\"@id\":\"https:\\\/\\\/espelmesdali.com\\\/es\\\/#\\\/schema\\\/logo\\\/image\\\/\",\"url\":\"https:\\\/\\\/i0.wp.com\\\/velasdali.com\\\/wp-content\\\/uploads\\\/2022\\\/12\\\/cropped-LOGO_DALI-01.jpg?fit=1200%2C1200&ssl=1\",\"contentUrl\":\"https:\\\/\\\/i0.wp.com\\\/velasdali.com\\\/wp-content\\\/uploads\\\/2022\\\/12\\\/cropped-LOGO_DALI-01.jpg?fit=1200%2C1200&ssl=1\",\"width\":1200,\"height\":1200,\"caption\":\"Velas Dal\u00ed\"},\"image\":{\"@id\":\"https:\\\/\\\/espelmesdali.com\\\/es\\\/#\\\/schema\\\/logo\\\/image\\\/\"},\"sameAs\":[\"https:\\\/\\\/www.facebook.com\\\/profile.php?id=100086540543846\",\"https:\\\/\\\/www.instagram.com\\\/espelmesdali\\\/\"]}]}<\/script>\n<!-- \/ Yoast SEO plugin. -->","yoast_head_json":{"title":"Sabidur\u00eda y conexi\u00f3n \"Vela Arcangel Jofiel\"","description":"La Vela Arc\u00e1ngel Jofiel es una poderosa herramienta que trae sabidur\u00eda, iluminaci\u00f3n, comprensi\u00f3n, inspiraci\u00f3n y conexi\u00f3n con tu ser superior. Esa vela es como un faro que gu\u00eda hacia la verdad y la claridad en momentos cruciales de la vida. n nArc\u00e1ngel Jofiel es el arc\u00e1ngel de la sabidur\u00eda y la iluminaci\u00f3n divina. Su energ\u00eda es como una luz brillante que disipa las sombras de la confusi\u00f3n y ayuda a verla con claridad. Cuando encendemos esta vela, abrimos una puerta hacia la sabidur\u00eda superior y la conexi\u00f3n con nuestra intuici\u00f3n m\u00e1s profunda. n nSus energ\u00edas promueven la comprensi\u00f3n profunda y la inspiraci\u00f3n. Es un gran aliado en momentos en los que debemos tomar decisiones importantes, ya que nos ayuda a ver todas las opciones ya elegir la que mejor se ajuste a nuestras necesidades y deseos. n nPara los estudiantes y aquellos que se enfrentan a \u00e9pocas de ex\u00e1menes, la Vela Arc\u00e1ngel Jofiel es un faro de conocimiento y comprensi\u00f3n. Esta vela puede ser utilizada como herramienta para atraer a la inspiraci\u00f3n necesaria para superar los desaf\u00edos acad\u00e9micos. n nAdem\u00e1s, esta vela ayuda a conectar con tu ser superior, esa parte de ti que est\u00e1 en sinton\u00eda con la divinidad y la verdad m\u00e1s profunda. Es como un puente hacia tu propia divinidad interior y tu intuici\u00f3n que gu\u00eda tu camino. n nEn resumen, la Vela Arc\u00e1ngel Jofiel es una herramienta que ofrece un acceso a la sabidur\u00eda y la iluminaci\u00f3n divina, as\u00ed como una comprensi\u00f3n m\u00e1s profunda de los aspectos importantes de la vida. Es una muestra de confianza en tu propia intuici\u00f3n y conexi\u00f3n con la sabidur\u00eda superior. Regalar esta vela es una forma de brindar apoyo e inspiraci\u00f3n a aquellos que buscan verdad y claridad en sus vidas.","robots":{"index":"index","follow":"follow","max-snippet":"max-snippet:-1","max-image-preview":"max-image-preview:large","max-video-preview":"max-video-preview:-1"},"canonical":"https:\/\/espelmesdali.com\/es\/producto\/sabiduria-y-conexion-vela-arcangel-jofiel\/","og_locale":"es_ES","og_type":"article","og_title":"Sabidur\u00eda y conexi\u00f3n \"Vela Arcangel Jofiel\"","og_description":"La Vela Arc\u00e1ngel Jofiel es una poderosa herramienta que trae sabidur\u00eda, iluminaci\u00f3n, comprensi\u00f3n, inspiraci\u00f3n y conexi\u00f3n con tu ser superior. Esa vela es como un faro que gu\u00eda hacia la verdad y la claridad en momentos cruciales de la vida. n nArc\u00e1ngel Jofiel es el arc\u00e1ngel de la sabidur\u00eda y la iluminaci\u00f3n divina. Su energ\u00eda es como una luz brillante que disipa las sombras de la confusi\u00f3n y ayuda a verla con claridad. Cuando encendemos esta vela, abrimos una puerta hacia la sabidur\u00eda superior y la conexi\u00f3n con nuestra intuici\u00f3n m\u00e1s profunda. n nSus energ\u00edas promueven la comprensi\u00f3n profunda y la inspiraci\u00f3n. Es un gran aliado en momentos en los que debemos tomar decisiones importantes, ya que nos ayuda a ver todas las opciones ya elegir la que mejor se ajuste a nuestras necesidades y deseos. n nPara los estudiantes y aquellos que se enfrentan a \u00e9pocas de ex\u00e1menes, la Vela Arc\u00e1ngel Jofiel es un faro de conocimiento y comprensi\u00f3n. Esta vela puede ser utilizada como herramienta para atraer a la inspiraci\u00f3n necesaria para superar los desaf\u00edos acad\u00e9micos. n nAdem\u00e1s, esta vela ayuda a conectar con tu ser superior, esa parte de ti que est\u00e1 en sinton\u00eda con la divinidad y la verdad m\u00e1s profunda. Es como un puente hacia tu propia divinidad interior y tu intuici\u00f3n que gu\u00eda tu camino. n nEn resumen, la Vela Arc\u00e1ngel Jofiel es una herramienta que ofrece un acceso a la sabidur\u00eda y la iluminaci\u00f3n divina, as\u00ed como una comprensi\u00f3n m\u00e1s profunda de los aspectos importantes de la vida. Es una muestra de confianza en tu propia intuici\u00f3n y conexi\u00f3n con la sabidur\u00eda superior. Regalar esta vela es una forma de brindar apoyo e inspiraci\u00f3n a aquellos que buscan verdad y claridad en sus vidas.","og_url":"https:\/\/espelmesdali.com\/es\/producto\/sabiduria-y-conexion-vela-arcangel-jofiel\/","og_site_name":"Velas Dal\u00ed","article_publisher":"https:\/\/www.facebook.com\/profile.php?id=100086540543846","article_modified_time":"2024-12-03T15:39:47+00:00","og_image":[{"width":800,"height":800,"url":"https:\/\/espelmesdali.com\/wp-content\/uploads\/2024\/03\/00149.jpg","type":"image\/jpeg"}],"twitter_card":"summary_large_image","twitter_misc":{"Tiempo de lectura":"2 minutos"},"schema":{"@context":"https:\/\/schema.org","@graph":[{"@type":"WebPage","@id":"https:\/\/espelmesdali.com\/es\/producto\/sabiduria-y-conexion-vela-arcangel-jofiel\/","url":"https:\/\/espelmesdali.com\/es\/producto\/sabiduria-y-conexion-vela-arcangel-jofiel\/","name":"Sabidur\u00eda y conexi\u00f3n \"Vela Arcangel Jofiel\"","isPartOf":{"@id":"https:\/\/espelmesdali.com\/es\/#website"},"primaryImageOfPage":{"@id":"https:\/\/espelmesdali.com\/es\/producto\/sabiduria-y-conexion-vela-arcangel-jofiel\/#primaryimage"},"image":{"@id":"https:\/\/espelmesdali.com\/es\/producto\/sabiduria-y-conexion-vela-arcangel-jofiel\/#primaryimage"},"thumbnailUrl":"https:\/\/espelmesdali.com\/wp-content\/uploads\/2024\/03\/00149.jpg","datePublished":"2022-09-23T09:32:24+00:00","dateModified":"2024-12-03T15:39:47+00:00","description":"La Vela Arc\u00e1ngel Jofiel es una poderosa herramienta que trae sabidur\u00eda, iluminaci\u00f3n, comprensi\u00f3n, inspiraci\u00f3n y conexi\u00f3n con tu ser superior. Esa vela es como un faro que gu\u00eda hacia la verdad y la claridad en momentos cruciales de la vida. n nArc\u00e1ngel Jofiel es el arc\u00e1ngel de la sabidur\u00eda y la iluminaci\u00f3n divina. Su energ\u00eda es como una luz brillante que disipa las sombras de la confusi\u00f3n y ayuda a verla con claridad. Cuando encendemos esta vela, abrimos una puerta hacia la sabidur\u00eda superior y la conexi\u00f3n con nuestra intuici\u00f3n m\u00e1s profunda. n nSus energ\u00edas promueven la comprensi\u00f3n profunda y la inspiraci\u00f3n. Es un gran aliado en momentos en los que debemos tomar decisiones importantes, ya que nos ayuda a ver todas las opciones ya elegir la que mejor se ajuste a nuestras necesidades y deseos. n nPara los estudiantes y aquellos que se enfrentan a \u00e9pocas de ex\u00e1menes, la Vela Arc\u00e1ngel Jofiel es un faro de conocimiento y comprensi\u00f3n. Esta vela puede ser utilizada como herramienta para atraer a la inspiraci\u00f3n necesaria para superar los desaf\u00edos acad\u00e9micos. n nAdem\u00e1s, esta vela ayuda a conectar con tu ser superior, esa parte de ti que est\u00e1 en sinton\u00eda con la divinidad y la verdad m\u00e1s profunda. Es como un puente hacia tu propia divinidad interior y tu intuici\u00f3n que gu\u00eda tu camino. n nEn resumen, la Vela Arc\u00e1ngel Jofiel es una herramienta que ofrece un acceso a la sabidur\u00eda y la iluminaci\u00f3n divina, as\u00ed como una comprensi\u00f3n m\u00e1s profunda de los aspectos importantes de la vida. Es una muestra de confianza en tu propia intuici\u00f3n y conexi\u00f3n con la sabidur\u00eda superior. Regalar esta vela es una forma de brindar apoyo e inspiraci\u00f3n a aquellos que buscan verdad y claridad en sus vidas.","breadcrumb":{"@id":"https:\/\/espelmesdali.com\/es\/producto\/sabiduria-y-conexion-vela-arcangel-jofiel\/#breadcrumb"},"inLanguage":"es","potentialAction":[{"@type":"ReadAction","target":["https:\/\/espelmesdali.com\/es\/producto\/sabiduria-y-conexion-vela-arcangel-jofiel\/"]}]},{"@type":"ImageObject","inLanguage":"es","@id":"https:\/\/espelmesdali.com\/es\/producto\/sabiduria-y-conexion-vela-arcangel-jofiel\/#primaryimage","url":"https:\/\/espelmesdali.com\/wp-content\/uploads\/2024\/03\/00149.jpg","contentUrl":"https:\/\/espelmesdali.com\/wp-content\/uploads\/2024\/03\/00149.jpg","width":800,"height":800,"caption":"00149"},{"@type":"BreadcrumbList","@id":"https:\/\/espelmesdali.com\/es\/producto\/sabiduria-y-conexion-vela-arcangel-jofiel\/#breadcrumb","itemListElement":[{"@type":"ListItem","position":1,"name":"Portada","item":"https:\/\/espelmesdali.com\/es\/"},{"@type":"ListItem","position":2,"name":"Tienda","item":"https:\/\/espelmesdali.com\/es\/tienda\/"},{"@type":"ListItem","position":3,"name":"Rituales","item":"https:\/\/espelmesdali.com\/es\/categoria-producto\/rituales\/"},{"@type":"ListItem","position":4,"name":"Sabidur\u00eda y conexi\u00f3n \u00abVela Arcangel Jofiel\u00bb"}]},{"@type":"WebSite","@id":"https:\/\/espelmesdali.com\/es\/#website","url":"https:\/\/espelmesdali.com\/es\/","name":"Velas Dal\u00ed","description":"Espelmes energ\u00e8tiques naturals i artesanes","publisher":{"@id":"https:\/\/espelmesdali.com\/es\/#organization"},"alternateName":"Espelmes energ\u00e8tiques naturals i artesanes","potentialAction":[{"@type":"SearchAction","target":{"@type":"EntryPoint","urlTemplate":"https:\/\/espelmesdali.com\/es\/?s={search_term_string}"},"query-input":{"@type":"PropertyValueSpecification","valueRequired":true,"valueName":"search_term_string"}}],"inLanguage":"es"},{"@type":"Organization","@id":"https:\/\/espelmesdali.com\/es\/#organization","name":"Velas Dal\u00ed","alternateName":"Espelmes energ\u00e8tiques naturals i artesanes","url":"https:\/\/espelmesdali.com\/es\/","logo":{"@type":"ImageObject","inLanguage":"es","@id":"https:\/\/espelmesdali.com\/es\/#\/schema\/logo\/image\/","url":"https:\/\/i0.wp.com\/velasdali.com\/wp-content\/uploads\/2022\/12\/cropped-LOGO_DALI-01.jpg?fit=1200%2C1200&ssl=1","contentUrl":"https:\/\/i0.wp.com\/velasdali.com\/wp-content\/uploads\/2022\/12\/cropped-LOGO_DALI-01.jpg?fit=1200%2C1200&ssl=1","width":1200,"height":1200,"caption":"Velas Dal\u00ed"},"image":{"@id":"https:\/\/espelmesdali.com\/es\/#\/schema\/logo\/image\/"},"sameAs":["https:\/\/www.facebook.com\/profile.php?id=100086540543846","https:\/\/www.instagram.com\/espelmesdali\/"]}]}},"_links":{"self":[{"href":"https:\/\/espelmesdali.com\/es\/wp-json\/wp\/v2\/product\/8837","targetHints":{"allow":["GET"]}}],"collection":[{"href":"https:\/\/espelmesdali.com\/es\/wp-json\/wp\/v2\/product"}],"about":[{"href":"https:\/\/espelmesdali.com\/es\/wp-json\/wp\/v2\/types\/product"}],"replies":[{"embeddable":true,"href":"https:\/\/espelmesdali.com\/es\/wp-json\/wp\/v2\/comments?post=8837"}],"wp:featuredmedia":[{"embeddable":true,"href":"https:\/\/espelmesdali.com\/es\/wp-json\/wp\/v2\/media\/8572"}],"wp:attachment":[{"href":"https:\/\/espelmesdali.com\/es\/wp-json\/wp\/v2\/media?parent=8837"}],"wp:term":[{"taxonomy":"product_brand","embeddable":true,"href":"https:\/\/espelmesdali.com\/es\/wp-json\/wp\/v2\/product_brand?post=8837"},{"taxonomy":"product_cat","embeddable":true,"href":"https:\/\/espelmesdali.com\/es\/wp-json\/wp\/v2\/product_cat?post=8837"},{"taxonomy":"product_tag","embeddable":true,"href":"https:\/\/espelmesdali.com\/es\/wp-json\/wp\/v2\/product_tag?post=8837"}],"curies":[{"name":"wp","href":"https:\/\/api.w.org\/{rel}","templated":true}]}}