{"id":8831,"date":"2022-09-23T11:32:27","date_gmt":"2022-09-23T09:32:27","guid":{"rendered":"https:\/\/espelmesdali.com\/producte\/amor-vela-arcangel-chamuel\/"},"modified":"2022-09-23T11:32:27","modified_gmt":"2022-09-23T09:32:27","slug":"amor-vela-arcangel-chamuel","status":"publish","type":"product","link":"https:\/\/espelmesdali.com\/es\/producto\/amor-vela-arcangel-chamuel\/","title":{"rendered":"Amor \u00abVela Arcangel Chamuel\u00bb"},"content":{"rendered":"<p>La Vela Arc\u00e1ngel Chamuel es un s\u00edmbolo de compasi\u00f3n, creatividad y perd\u00f3n, que lleva consuelo y orientaci\u00f3n a los corazones que buscan amor y relaciones armoniosas. Es un faro brillante que gu\u00eda y protege a los enamorados, m\u00e9dicos, amistades, relaciones y aquellos que anhelan encontrar trabajo.<\/p>\n<p>Chamuel, el arc\u00e1ngel del amor y las relaciones, es representado por esta vela que emana una luz suave y benevolente. Su energ\u00eda compasiva act\u00faa como puente para la comprensi\u00f3n y la reconciliaci\u00f3n. Las personas que buscan amor y armon\u00eda en sus relaciones pueden encontrar en esta vela a un aliado poderoso.<\/p>\n<p>Para los enamorados, la Vela Arc\u00e1ngel Chamuel puede ser un testimonio de su compromiso y devoci\u00f3n mutua. Cuando se comparte con la pareja, se convierte en un s\u00edmbolo del amor que une a dos almas, favoreciendo una conexi\u00f3n m\u00e1s profunda y significativa.<\/p>\n<p>Esta vela tambi\u00e9n es un faro protector para los m\u00e9dicos y todos aquellos que trabajan en campos de curaci\u00f3n. Sus energ\u00edas compasivas ayudan a proporcionar el apoyo emocional necesario tanto a los pacientes como a los profesionales de la salud.<\/P><\/p>\n<p>En el \u00e1mbito de las amistades, la Vela Arc\u00e1ngel Chamuel act\u00faa como recordatorio de la importancia de la comprensi\u00f3n y el perd\u00f3n. Puede ser utilizada para resolver conflictos y fomentar la paz y la armon\u00eda entre amigos.<\/p>\n<p>Para aquellos que est\u00e1n buscando o cambiando de trabajo, esta vela es un faro gu\u00eda que ayuda a atraer o encontrar oportunidades profesionales. Su luz inspira la creatividad y la autoconfianza, factores claves en el proceso de b\u00fasqueda de empleo.<\/p>\n<p>En resumen, la Vela Arc\u00e1ngel Chamuel es una herramienta vers\u00e1til y amorosa que promueve el equilibrio, la compasi\u00f3n y el perd\u00f3n en las relaciones personales y profesionales. Es una muestra del amor incondicional de Chamuel que protege y gu\u00eda a aquellos que buscan amor y armon\u00eda en sus vidas.<\/p>\n","protected":false},"excerpt":{"rendered":"<p><span style=\"color: #800080;\"><strong>PODER ENERG\u00c9TICO: \u2666\u2666\u25ca\u25ca\u25ca<\/strong><\/span><\/p>\n<p><span style=\"color: #800080;\">\u00b7Perd\u00f3n \u00a0\u00a0\u00a0\u00a0\u00a0\u00a0\u00a0\u00a0\u00a0\u00a0\u00a0\u00a0\u00a0\u00a0\u00a0 \u00b7Creatividad \u00a0\u00a0\u00a0\u00a0\u00a0\u00a0\u00a0\u00a0\u00a0\u00a0\u00a0 \u00b7Compasi\u00f3n<\/span><\/p>\n<p>&nbsp;<\/p>\n<p>Compasi\u00f3n, creatividad y perd\u00f3n. <strong>Protege a los enamorados, m\u00e9dicos, amistades, relaciones y para encontrar trabajo<\/strong>. La puedes encender junto a tu pareja.<\/p>\n","protected":false},"featured_media":8584,"comment_status":"open","ping_status":"closed","template":"","meta":[],"product_brand":[],"product_cat":[633],"product_tag":[591,1097,960,657,609,612],"class_list":{"0":"post-8831","1":"product","2":"type-product","3":"status-publish","4":"has-post-thumbnail","6":"product_cat-amor--autoestima-es","7":"product_tag-amor-es","8":"product_tag-arcangeles","9":"product_tag-dali","10":"product_tag-feina-es","11":"product_tag-rosa-es","12":"product_tag-sant-jordi-es","13":"product_shipping_class-envio-p","14":"infinite-scroll-item","15":"sales-flash-overlay","16":"woocommerce-text-align-center","17":"woocommerce-image-align-center","18":"do-quantity-buttons","20":"first","21":"outofstock","22":"taxable","23":"shipping-taxable","24":"purchasable","25":"product-type-variable"},"yoast_head":"<!-- This site is optimized with the Yoast SEO plugin v27.3 - https:\/\/yoast.com\/product\/yoast-seo-wordpress\/ -->\n<title>Amor &quot;Vela Arcangel Chamuel&quot;<\/title>\n<meta name=\"description\" content=\"La Vela Arc\u00e1ngel Chamuel es un s\u00edmbolo de compasi\u00f3n, creatividad y perd\u00f3n, que lleva consuelo y orientaci\u00f3n a los corazones que buscan amor y relaciones armoniosas. Es un faro brillante que gu\u00eda y protege a los enamorados, m\u00e9dicos, amistades, relaciones y aquellos que anhelan encontrar trabajo. n nChamuel, el arc\u00e1ngel del amor y las relaciones, es representado por esta vela que emana una luz suave y benevolente. Su energ\u00eda compasiva act\u00faa como puente para la comprensi\u00f3n y la reconciliaci\u00f3n. Las personas que buscan amor y armon\u00eda en sus relaciones pueden encontrar en esta vela a un aliado poderoso. n nPara los enamorados, la Vela Arc\u00e1ngel Chamuel puede ser un testimonio de su compromiso y devoci\u00f3n mutua. Cuando se comparte con la pareja, se convierte en un s\u00edmbolo del amor que une a dos almas, favoreciendo una conexi\u00f3n m\u00e1s profunda y significativa. n nEsta vela tambi\u00e9n es un faro protector para los m\u00e9dicos y todos aquellos que trabajan en campos de curaci\u00f3n. Sus energ\u00edas compasivas ayudan a proporcionar el apoyo emocional necesario tanto a los pacientes como a los profesionales de la salud. n nEn el \u00e1mbito de las amistades, la Vela Arc\u00e1ngel Chamuel act\u00faa como recordatorio de la importancia de la comprensi\u00f3n y el perd\u00f3n. Puede utilizarse para resolver conflictos y fomentar la paz y la armon\u00eda entre amigos. n nPara aquellos que est\u00e1n buscando o cambiando de trabajo, esta vela es un faro gu\u00eda que ayuda a atraer o encontrar oportunidades profesionales. Su luz inspira la creatividad y la autoconfianza, factores claves en el proceso de b\u00fasqueda de empleo. n nEn resumen, la Vela Arc\u00e1ngel Chamuel es una herramienta vers\u00e1til y amorosa que promueve el equilibrio, la compasi\u00f3n y el perd\u00f3n en las relaciones personales y profesionales. Es una muestra del amor incondicional de Chamuel que protege y gu\u00eda a aquellos que buscan amor y armon\u00eda en sus vidas.\" \/>\n<meta name=\"robots\" content=\"index, follow, max-snippet:-1, max-image-preview:large, max-video-preview:-1\" \/>\n<link rel=\"canonical\" href=\"https:\/\/espelmesdali.com\/es\/producto\/amor-vela-arcangel-chamuel\/\" \/>\n<meta property=\"og:locale\" content=\"es_ES\" \/>\n<meta property=\"og:type\" content=\"article\" \/>\n<meta property=\"og:title\" content=\"Amor &quot;Vela Arcangel Chamuel&quot;\" \/>\n<meta property=\"og:description\" content=\"La Vela Arc\u00e1ngel Chamuel es un s\u00edmbolo de compasi\u00f3n, creatividad y perd\u00f3n, que lleva consuelo y orientaci\u00f3n a los corazones que buscan amor y relaciones armoniosas. Es un faro brillante que gu\u00eda y protege a los enamorados, m\u00e9dicos, amistades, relaciones y aquellos que anhelan encontrar trabajo. n nChamuel, el arc\u00e1ngel del amor y las relaciones, es representado por esta vela que emana una luz suave y benevolente. Su energ\u00eda compasiva act\u00faa como puente para la comprensi\u00f3n y la reconciliaci\u00f3n. Las personas que buscan amor y armon\u00eda en sus relaciones pueden encontrar en esta vela a un aliado poderoso. n nPara los enamorados, la Vela Arc\u00e1ngel Chamuel puede ser un testimonio de su compromiso y devoci\u00f3n mutua. Cuando se comparte con la pareja, se convierte en un s\u00edmbolo del amor que une a dos almas, favoreciendo una conexi\u00f3n m\u00e1s profunda y significativa. n nEsta vela tambi\u00e9n es un faro protector para los m\u00e9dicos y todos aquellos que trabajan en campos de curaci\u00f3n. Sus energ\u00edas compasivas ayudan a proporcionar el apoyo emocional necesario tanto a los pacientes como a los profesionales de la salud. n nEn el \u00e1mbito de las amistades, la Vela Arc\u00e1ngel Chamuel act\u00faa como recordatorio de la importancia de la comprensi\u00f3n y el perd\u00f3n. Puede utilizarse para resolver conflictos y fomentar la paz y la armon\u00eda entre amigos. n nPara aquellos que est\u00e1n buscando o cambiando de trabajo, esta vela es un faro gu\u00eda que ayuda a atraer o encontrar oportunidades profesionales. Su luz inspira la creatividad y la autoconfianza, factores claves en el proceso de b\u00fasqueda de empleo. n nEn resumen, la Vela Arc\u00e1ngel Chamuel es una herramienta vers\u00e1til y amorosa que promueve el equilibrio, la compasi\u00f3n y el perd\u00f3n en las relaciones personales y profesionales. Es una muestra del amor incondicional de Chamuel que protege y gu\u00eda a aquellos que buscan amor y armon\u00eda en sus vidas.\" \/>\n<meta property=\"og:url\" content=\"https:\/\/espelmesdali.com\/es\/producto\/amor-vela-arcangel-chamuel\/\" \/>\n<meta property=\"og:site_name\" content=\"Velas Dal\u00ed\" \/>\n<meta property=\"article:publisher\" content=\"https:\/\/www.facebook.com\/profile.php?id=100086540543846\" \/>\n<meta property=\"og:image\" content=\"https:\/\/espelmesdali.com\/wp-content\/uploads\/2024\/03\/706.jpg\" \/>\n\t<meta property=\"og:image:width\" content=\"800\" \/>\n\t<meta property=\"og:image:height\" content=\"800\" \/>\n\t<meta property=\"og:image:type\" content=\"image\/jpeg\" \/>\n<meta name=\"twitter:card\" content=\"summary_large_image\" \/>\n<meta name=\"twitter:label1\" content=\"Tiempo de lectura\" \/>\n\t<meta name=\"twitter:data1\" content=\"2 minutos\" \/>\n<script type=\"application\/ld+json\" class=\"yoast-schema-graph\">{\"@context\":\"https:\\\/\\\/schema.org\",\"@graph\":[{\"@type\":\"WebPage\",\"@id\":\"https:\\\/\\\/espelmesdali.com\\\/es\\\/producto\\\/amor-vela-arcangel-chamuel\\\/\",\"url\":\"https:\\\/\\\/espelmesdali.com\\\/es\\\/producto\\\/amor-vela-arcangel-chamuel\\\/\",\"name\":\"Amor \\\"Vela Arcangel Chamuel\\\"\",\"isPartOf\":{\"@id\":\"https:\\\/\\\/espelmesdali.com\\\/es\\\/#website\"},\"primaryImageOfPage\":{\"@id\":\"https:\\\/\\\/espelmesdali.com\\\/es\\\/producto\\\/amor-vela-arcangel-chamuel\\\/#primaryimage\"},\"image\":{\"@id\":\"https:\\\/\\\/espelmesdali.com\\\/es\\\/producto\\\/amor-vela-arcangel-chamuel\\\/#primaryimage\"},\"thumbnailUrl\":\"https:\\\/\\\/espelmesdali.com\\\/wp-content\\\/uploads\\\/2024\\\/03\\\/706.jpg\",\"datePublished\":\"2022-09-23T09:32:27+00:00\",\"description\":\"La Vela Arc\u00e1ngel Chamuel es un s\u00edmbolo de compasi\u00f3n, creatividad y perd\u00f3n, que lleva consuelo y orientaci\u00f3n a los corazones que buscan amor y relaciones armoniosas. Es un faro brillante que gu\u00eda y protege a los enamorados, m\u00e9dicos, amistades, relaciones y aquellos que anhelan encontrar trabajo. n nChamuel, el arc\u00e1ngel del amor y las relaciones, es representado por esta vela que emana una luz suave y benevolente. Su energ\u00eda compasiva act\u00faa como puente para la comprensi\u00f3n y la reconciliaci\u00f3n. Las personas que buscan amor y armon\u00eda en sus relaciones pueden encontrar en esta vela a un aliado poderoso. n nPara los enamorados, la Vela Arc\u00e1ngel Chamuel puede ser un testimonio de su compromiso y devoci\u00f3n mutua. Cuando se comparte con la pareja, se convierte en un s\u00edmbolo del amor que une a dos almas, favoreciendo una conexi\u00f3n m\u00e1s profunda y significativa. n nEsta vela tambi\u00e9n es un faro protector para los m\u00e9dicos y todos aquellos que trabajan en campos de curaci\u00f3n. Sus energ\u00edas compasivas ayudan a proporcionar el apoyo emocional necesario tanto a los pacientes como a los profesionales de la salud. n nEn el \u00e1mbito de las amistades, la Vela Arc\u00e1ngel Chamuel act\u00faa como recordatorio de la importancia de la comprensi\u00f3n y el perd\u00f3n. Puede utilizarse para resolver conflictos y fomentar la paz y la armon\u00eda entre amigos. n nPara aquellos que est\u00e1n buscando o cambiando de trabajo, esta vela es un faro gu\u00eda que ayuda a atraer o encontrar oportunidades profesionales. Su luz inspira la creatividad y la autoconfianza, factores claves en el proceso de b\u00fasqueda de empleo. n nEn resumen, la Vela Arc\u00e1ngel Chamuel es una herramienta vers\u00e1til y amorosa que promueve el equilibrio, la compasi\u00f3n y el perd\u00f3n en las relaciones personales y profesionales. Es una muestra del amor incondicional de Chamuel que protege y gu\u00eda a aquellos que buscan amor y armon\u00eda en sus vidas.\",\"breadcrumb\":{\"@id\":\"https:\\\/\\\/espelmesdali.com\\\/es\\\/producto\\\/amor-vela-arcangel-chamuel\\\/#breadcrumb\"},\"inLanguage\":\"es\",\"potentialAction\":[{\"@type\":\"ReadAction\",\"target\":[\"https:\\\/\\\/espelmesdali.com\\\/es\\\/producto\\\/amor-vela-arcangel-chamuel\\\/\"]}]},{\"@type\":\"ImageObject\",\"inLanguage\":\"es\",\"@id\":\"https:\\\/\\\/espelmesdali.com\\\/es\\\/producto\\\/amor-vela-arcangel-chamuel\\\/#primaryimage\",\"url\":\"https:\\\/\\\/espelmesdali.com\\\/wp-content\\\/uploads\\\/2024\\\/03\\\/706.jpg\",\"contentUrl\":\"https:\\\/\\\/espelmesdali.com\\\/wp-content\\\/uploads\\\/2024\\\/03\\\/706.jpg\",\"width\":800,\"height\":800,\"caption\":\"Amor \u201cVela Arcangel Chamuel\u201d 2\"},{\"@type\":\"BreadcrumbList\",\"@id\":\"https:\\\/\\\/espelmesdali.com\\\/es\\\/producto\\\/amor-vela-arcangel-chamuel\\\/#breadcrumb\",\"itemListElement\":[{\"@type\":\"ListItem\",\"position\":1,\"name\":\"Portada\",\"item\":\"https:\\\/\\\/espelmesdali.com\\\/es\\\/\"},{\"@type\":\"ListItem\",\"position\":2,\"name\":\"Tienda\",\"item\":\"https:\\\/\\\/espelmesdali.com\\\/es\\\/tienda\\\/\"},{\"@type\":\"ListItem\",\"position\":3,\"name\":\"Amor \u00b7 Autoestima\",\"item\":\"https:\\\/\\\/espelmesdali.com\\\/es\\\/categoria-producto\\\/amor-%c2%b7-autoestima-es\\\/\"},{\"@type\":\"ListItem\",\"position\":4,\"name\":\"Amor \u00abVela Arcangel Chamuel\u00bb\"}]},{\"@type\":\"WebSite\",\"@id\":\"https:\\\/\\\/espelmesdali.com\\\/es\\\/#website\",\"url\":\"https:\\\/\\\/espelmesdali.com\\\/es\\\/\",\"name\":\"Velas Dal\u00ed\",\"description\":\"Espelmes energ\u00e8tiques naturals i artesanes\",\"publisher\":{\"@id\":\"https:\\\/\\\/espelmesdali.com\\\/es\\\/#organization\"},\"alternateName\":\"Espelmes energ\u00e8tiques naturals i artesanes\",\"potentialAction\":[{\"@type\":\"SearchAction\",\"target\":{\"@type\":\"EntryPoint\",\"urlTemplate\":\"https:\\\/\\\/espelmesdali.com\\\/es\\\/?s={search_term_string}\"},\"query-input\":{\"@type\":\"PropertyValueSpecification\",\"valueRequired\":true,\"valueName\":\"search_term_string\"}}],\"inLanguage\":\"es\"},{\"@type\":\"Organization\",\"@id\":\"https:\\\/\\\/espelmesdali.com\\\/es\\\/#organization\",\"name\":\"Velas Dal\u00ed\",\"alternateName\":\"Espelmes energ\u00e8tiques naturals i artesanes\",\"url\":\"https:\\\/\\\/espelmesdali.com\\\/es\\\/\",\"logo\":{\"@type\":\"ImageObject\",\"inLanguage\":\"es\",\"@id\":\"https:\\\/\\\/espelmesdali.com\\\/es\\\/#\\\/schema\\\/logo\\\/image\\\/\",\"url\":\"https:\\\/\\\/i0.wp.com\\\/velasdali.com\\\/wp-content\\\/uploads\\\/2022\\\/12\\\/cropped-LOGO_DALI-01.jpg?fit=1200%2C1200&ssl=1\",\"contentUrl\":\"https:\\\/\\\/i0.wp.com\\\/velasdali.com\\\/wp-content\\\/uploads\\\/2022\\\/12\\\/cropped-LOGO_DALI-01.jpg?fit=1200%2C1200&ssl=1\",\"width\":1200,\"height\":1200,\"caption\":\"Velas Dal\u00ed\"},\"image\":{\"@id\":\"https:\\\/\\\/espelmesdali.com\\\/es\\\/#\\\/schema\\\/logo\\\/image\\\/\"},\"sameAs\":[\"https:\\\/\\\/www.facebook.com\\\/profile.php?id=100086540543846\",\"https:\\\/\\\/www.instagram.com\\\/espelmesdali\\\/\"]}]}<\/script>\n<!-- \/ Yoast SEO plugin. -->","yoast_head_json":{"title":"Amor \"Vela Arcangel Chamuel\"","description":"La Vela Arc\u00e1ngel Chamuel es un s\u00edmbolo de compasi\u00f3n, creatividad y perd\u00f3n, que lleva consuelo y orientaci\u00f3n a los corazones que buscan amor y relaciones armoniosas. Es un faro brillante que gu\u00eda y protege a los enamorados, m\u00e9dicos, amistades, relaciones y aquellos que anhelan encontrar trabajo. n nChamuel, el arc\u00e1ngel del amor y las relaciones, es representado por esta vela que emana una luz suave y benevolente. Su energ\u00eda compasiva act\u00faa como puente para la comprensi\u00f3n y la reconciliaci\u00f3n. Las personas que buscan amor y armon\u00eda en sus relaciones pueden encontrar en esta vela a un aliado poderoso. n nPara los enamorados, la Vela Arc\u00e1ngel Chamuel puede ser un testimonio de su compromiso y devoci\u00f3n mutua. Cuando se comparte con la pareja, se convierte en un s\u00edmbolo del amor que une a dos almas, favoreciendo una conexi\u00f3n m\u00e1s profunda y significativa. n nEsta vela tambi\u00e9n es un faro protector para los m\u00e9dicos y todos aquellos que trabajan en campos de curaci\u00f3n. Sus energ\u00edas compasivas ayudan a proporcionar el apoyo emocional necesario tanto a los pacientes como a los profesionales de la salud. n nEn el \u00e1mbito de las amistades, la Vela Arc\u00e1ngel Chamuel act\u00faa como recordatorio de la importancia de la comprensi\u00f3n y el perd\u00f3n. Puede utilizarse para resolver conflictos y fomentar la paz y la armon\u00eda entre amigos. n nPara aquellos que est\u00e1n buscando o cambiando de trabajo, esta vela es un faro gu\u00eda que ayuda a atraer o encontrar oportunidades profesionales. Su luz inspira la creatividad y la autoconfianza, factores claves en el proceso de b\u00fasqueda de empleo. n nEn resumen, la Vela Arc\u00e1ngel Chamuel es una herramienta vers\u00e1til y amorosa que promueve el equilibrio, la compasi\u00f3n y el perd\u00f3n en las relaciones personales y profesionales. Es una muestra del amor incondicional de Chamuel que protege y gu\u00eda a aquellos que buscan amor y armon\u00eda en sus vidas.","robots":{"index":"index","follow":"follow","max-snippet":"max-snippet:-1","max-image-preview":"max-image-preview:large","max-video-preview":"max-video-preview:-1"},"canonical":"https:\/\/espelmesdali.com\/es\/producto\/amor-vela-arcangel-chamuel\/","og_locale":"es_ES","og_type":"article","og_title":"Amor \"Vela Arcangel Chamuel\"","og_description":"La Vela Arc\u00e1ngel Chamuel es un s\u00edmbolo de compasi\u00f3n, creatividad y perd\u00f3n, que lleva consuelo y orientaci\u00f3n a los corazones que buscan amor y relaciones armoniosas. Es un faro brillante que gu\u00eda y protege a los enamorados, m\u00e9dicos, amistades, relaciones y aquellos que anhelan encontrar trabajo. n nChamuel, el arc\u00e1ngel del amor y las relaciones, es representado por esta vela que emana una luz suave y benevolente. Su energ\u00eda compasiva act\u00faa como puente para la comprensi\u00f3n y la reconciliaci\u00f3n. Las personas que buscan amor y armon\u00eda en sus relaciones pueden encontrar en esta vela a un aliado poderoso. n nPara los enamorados, la Vela Arc\u00e1ngel Chamuel puede ser un testimonio de su compromiso y devoci\u00f3n mutua. Cuando se comparte con la pareja, se convierte en un s\u00edmbolo del amor que une a dos almas, favoreciendo una conexi\u00f3n m\u00e1s profunda y significativa. n nEsta vela tambi\u00e9n es un faro protector para los m\u00e9dicos y todos aquellos que trabajan en campos de curaci\u00f3n. Sus energ\u00edas compasivas ayudan a proporcionar el apoyo emocional necesario tanto a los pacientes como a los profesionales de la salud. n nEn el \u00e1mbito de las amistades, la Vela Arc\u00e1ngel Chamuel act\u00faa como recordatorio de la importancia de la comprensi\u00f3n y el perd\u00f3n. Puede utilizarse para resolver conflictos y fomentar la paz y la armon\u00eda entre amigos. n nPara aquellos que est\u00e1n buscando o cambiando de trabajo, esta vela es un faro gu\u00eda que ayuda a atraer o encontrar oportunidades profesionales. Su luz inspira la creatividad y la autoconfianza, factores claves en el proceso de b\u00fasqueda de empleo. n nEn resumen, la Vela Arc\u00e1ngel Chamuel es una herramienta vers\u00e1til y amorosa que promueve el equilibrio, la compasi\u00f3n y el perd\u00f3n en las relaciones personales y profesionales. Es una muestra del amor incondicional de Chamuel que protege y gu\u00eda a aquellos que buscan amor y armon\u00eda en sus vidas.","og_url":"https:\/\/espelmesdali.com\/es\/producto\/amor-vela-arcangel-chamuel\/","og_site_name":"Velas Dal\u00ed","article_publisher":"https:\/\/www.facebook.com\/profile.php?id=100086540543846","og_image":[{"width":800,"height":800,"url":"https:\/\/espelmesdali.com\/wp-content\/uploads\/2024\/03\/706.jpg","type":"image\/jpeg"}],"twitter_card":"summary_large_image","twitter_misc":{"Tiempo de lectura":"2 minutos"},"schema":{"@context":"https:\/\/schema.org","@graph":[{"@type":"WebPage","@id":"https:\/\/espelmesdali.com\/es\/producto\/amor-vela-arcangel-chamuel\/","url":"https:\/\/espelmesdali.com\/es\/producto\/amor-vela-arcangel-chamuel\/","name":"Amor \"Vela Arcangel Chamuel\"","isPartOf":{"@id":"https:\/\/espelmesdali.com\/es\/#website"},"primaryImageOfPage":{"@id":"https:\/\/espelmesdali.com\/es\/producto\/amor-vela-arcangel-chamuel\/#primaryimage"},"image":{"@id":"https:\/\/espelmesdali.com\/es\/producto\/amor-vela-arcangel-chamuel\/#primaryimage"},"thumbnailUrl":"https:\/\/espelmesdali.com\/wp-content\/uploads\/2024\/03\/706.jpg","datePublished":"2022-09-23T09:32:27+00:00","description":"La Vela Arc\u00e1ngel Chamuel es un s\u00edmbolo de compasi\u00f3n, creatividad y perd\u00f3n, que lleva consuelo y orientaci\u00f3n a los corazones que buscan amor y relaciones armoniosas. Es un faro brillante que gu\u00eda y protege a los enamorados, m\u00e9dicos, amistades, relaciones y aquellos que anhelan encontrar trabajo. n nChamuel, el arc\u00e1ngel del amor y las relaciones, es representado por esta vela que emana una luz suave y benevolente. Su energ\u00eda compasiva act\u00faa como puente para la comprensi\u00f3n y la reconciliaci\u00f3n. Las personas que buscan amor y armon\u00eda en sus relaciones pueden encontrar en esta vela a un aliado poderoso. n nPara los enamorados, la Vela Arc\u00e1ngel Chamuel puede ser un testimonio de su compromiso y devoci\u00f3n mutua. Cuando se comparte con la pareja, se convierte en un s\u00edmbolo del amor que une a dos almas, favoreciendo una conexi\u00f3n m\u00e1s profunda y significativa. n nEsta vela tambi\u00e9n es un faro protector para los m\u00e9dicos y todos aquellos que trabajan en campos de curaci\u00f3n. Sus energ\u00edas compasivas ayudan a proporcionar el apoyo emocional necesario tanto a los pacientes como a los profesionales de la salud. n nEn el \u00e1mbito de las amistades, la Vela Arc\u00e1ngel Chamuel act\u00faa como recordatorio de la importancia de la comprensi\u00f3n y el perd\u00f3n. Puede utilizarse para resolver conflictos y fomentar la paz y la armon\u00eda entre amigos. n nPara aquellos que est\u00e1n buscando o cambiando de trabajo, esta vela es un faro gu\u00eda que ayuda a atraer o encontrar oportunidades profesionales. Su luz inspira la creatividad y la autoconfianza, factores claves en el proceso de b\u00fasqueda de empleo. n nEn resumen, la Vela Arc\u00e1ngel Chamuel es una herramienta vers\u00e1til y amorosa que promueve el equilibrio, la compasi\u00f3n y el perd\u00f3n en las relaciones personales y profesionales. Es una muestra del amor incondicional de Chamuel que protege y gu\u00eda a aquellos que buscan amor y armon\u00eda en sus vidas.","breadcrumb":{"@id":"https:\/\/espelmesdali.com\/es\/producto\/amor-vela-arcangel-chamuel\/#breadcrumb"},"inLanguage":"es","potentialAction":[{"@type":"ReadAction","target":["https:\/\/espelmesdali.com\/es\/producto\/amor-vela-arcangel-chamuel\/"]}]},{"@type":"ImageObject","inLanguage":"es","@id":"https:\/\/espelmesdali.com\/es\/producto\/amor-vela-arcangel-chamuel\/#primaryimage","url":"https:\/\/espelmesdali.com\/wp-content\/uploads\/2024\/03\/706.jpg","contentUrl":"https:\/\/espelmesdali.com\/wp-content\/uploads\/2024\/03\/706.jpg","width":800,"height":800,"caption":"Amor \u201cVela Arcangel Chamuel\u201d 2"},{"@type":"BreadcrumbList","@id":"https:\/\/espelmesdali.com\/es\/producto\/amor-vela-arcangel-chamuel\/#breadcrumb","itemListElement":[{"@type":"ListItem","position":1,"name":"Portada","item":"https:\/\/espelmesdali.com\/es\/"},{"@type":"ListItem","position":2,"name":"Tienda","item":"https:\/\/espelmesdali.com\/es\/tienda\/"},{"@type":"ListItem","position":3,"name":"Amor \u00b7 Autoestima","item":"https:\/\/espelmesdali.com\/es\/categoria-producto\/amor-%c2%b7-autoestima-es\/"},{"@type":"ListItem","position":4,"name":"Amor \u00abVela Arcangel Chamuel\u00bb"}]},{"@type":"WebSite","@id":"https:\/\/espelmesdali.com\/es\/#website","url":"https:\/\/espelmesdali.com\/es\/","name":"Velas Dal\u00ed","description":"Espelmes energ\u00e8tiques naturals i artesanes","publisher":{"@id":"https:\/\/espelmesdali.com\/es\/#organization"},"alternateName":"Espelmes energ\u00e8tiques naturals i artesanes","potentialAction":[{"@type":"SearchAction","target":{"@type":"EntryPoint","urlTemplate":"https:\/\/espelmesdali.com\/es\/?s={search_term_string}"},"query-input":{"@type":"PropertyValueSpecification","valueRequired":true,"valueName":"search_term_string"}}],"inLanguage":"es"},{"@type":"Organization","@id":"https:\/\/espelmesdali.com\/es\/#organization","name":"Velas Dal\u00ed","alternateName":"Espelmes energ\u00e8tiques naturals i artesanes","url":"https:\/\/espelmesdali.com\/es\/","logo":{"@type":"ImageObject","inLanguage":"es","@id":"https:\/\/espelmesdali.com\/es\/#\/schema\/logo\/image\/","url":"https:\/\/i0.wp.com\/velasdali.com\/wp-content\/uploads\/2022\/12\/cropped-LOGO_DALI-01.jpg?fit=1200%2C1200&ssl=1","contentUrl":"https:\/\/i0.wp.com\/velasdali.com\/wp-content\/uploads\/2022\/12\/cropped-LOGO_DALI-01.jpg?fit=1200%2C1200&ssl=1","width":1200,"height":1200,"caption":"Velas Dal\u00ed"},"image":{"@id":"https:\/\/espelmesdali.com\/es\/#\/schema\/logo\/image\/"},"sameAs":["https:\/\/www.facebook.com\/profile.php?id=100086540543846","https:\/\/www.instagram.com\/espelmesdali\/"]}]}},"_links":{"self":[{"href":"https:\/\/espelmesdali.com\/es\/wp-json\/wp\/v2\/product\/8831","targetHints":{"allow":["GET"]}}],"collection":[{"href":"https:\/\/espelmesdali.com\/es\/wp-json\/wp\/v2\/product"}],"about":[{"href":"https:\/\/espelmesdali.com\/es\/wp-json\/wp\/v2\/types\/product"}],"replies":[{"embeddable":true,"href":"https:\/\/espelmesdali.com\/es\/wp-json\/wp\/v2\/comments?post=8831"}],"wp:featuredmedia":[{"embeddable":true,"href":"https:\/\/espelmesdali.com\/es\/wp-json\/wp\/v2\/media\/8584"}],"wp:attachment":[{"href":"https:\/\/espelmesdali.com\/es\/wp-json\/wp\/v2\/media?parent=8831"}],"wp:term":[{"taxonomy":"product_brand","embeddable":true,"href":"https:\/\/espelmesdali.com\/es\/wp-json\/wp\/v2\/product_brand?post=8831"},{"taxonomy":"product_cat","embeddable":true,"href":"https:\/\/espelmesdali.com\/es\/wp-json\/wp\/v2\/product_cat?post=8831"},{"taxonomy":"product_tag","embeddable":true,"href":"https:\/\/espelmesdali.com\/es\/wp-json\/wp\/v2\/product_tag?post=8831"}],"curies":[{"name":"wp","href":"https:\/\/api.w.org\/{rel}","templated":true}]}}