{"id":8828,"date":"2022-09-23T11:32:28","date_gmt":"2022-09-23T09:32:28","guid":{"rendered":"https:\/\/espelmesdali.com\/producte\/proteccion-vela-arcangel-miquel\/"},"modified":"2024-12-03T16:39:49","modified_gmt":"2024-12-03T15:39:49","slug":"proteccion-vela-arcangel-miquel","status":"publish","type":"product","link":"https:\/\/espelmesdali.com\/es\/producto\/proteccion-vela-arcangel-miquel\/","title":{"rendered":"Protecci\u00f3n \u00abVela Arcangel Miquel\u00bb"},"content":{"rendered":"<p>La Vela Arc\u00e1ngel Miquel es una fuente de protecci\u00f3n, tanto para adultos como para ni\u00f1os. Es una excelente elecci\u00f3n para todos aquellos que buscan una gu\u00eda celestial y un aliado en su viaje.<\/p>\n<p>Arc\u00e1ngel Miquel es conocido como el arc\u00e1ngel de los guerreros de la luz y la protecci\u00f3n. Su energ\u00eda es como un escudo celestial que envuelve y protege a aquellos que invocan su ayuda. Esta vela act\u00faa como una llamada al poder divino y proporciona un sentido de seguridad y confianza.<\/P><\/p>\n<p>Especialmente en lo que respecta a los ni\u00f1os, tienen una conexi\u00f3n natural con los \u00e1ngeles y los arc\u00e1ngeles. La inocencia y la mente abierta de los m\u00e1s peque\u00f1os les permite conectar con el mundo espiritual de forma m\u00e1s sencilla. La Vela Arc\u00e1ngel Miquel puede ser una valiosa herramienta para ellos, ya que les ofrece una sensaci\u00f3n de protecci\u00f3n y seguridad. Puede ser utilizada para crear un ambiente de paz y tranquilidad en sus habitaciones y para ayudarles a superar sus miedos y angustias.<\/p>\n<p>Adem\u00e1s de su utilidad para los ni\u00f1os, tambi\u00e9n es una gran elecci\u00f3n para los adultos que buscan la protecci\u00f3n y la gu\u00eda del arc\u00e1ngel Miguel. Esta vela puede ser encendida cuando se necesita una mano amiga en situaciones dif\u00edciles o cuando quiere estar rodeado de energ\u00edas positivas y reconfortantes.<\/p>\n<p>En resumen, la Vela Arc\u00e1ngel Miquel es una fuente de protecci\u00f3n y soporte celestial para todos. Es un recordatorio constante de la presencia de energ\u00edas divinas que velan por nuestra seguridad y bienestar. Regalar esta vela a los ni\u00f1os es una forma de conectar con su conexi\u00f3n natural con los \u00e1ngeles, mientras que para los adultos, es una herramienta para encontrar refugio y confort en momentos de necesidad.<\/P><\/p>\n","protected":false},"excerpt":{"rendered":"<p><span style=\"color: #800080;\"><strong>PODER ENERG\u00c9TICO: \u2666\u2666\u25ca\u25ca\u25ca<\/strong><\/span><\/p>\n<p><span style=\"color: #800080;\">\u00b7Infantes \u00a0\u00a0\u00a0\u00a0\u00a0\u00a0\u00a0\u00a0\u00a0\u00a0\u00a0\u00a0\u00a0\u00a0\u00a0\u00a0 \u00b7Protecci\u00f3n \u00a0\u00a0\u00a0\u00a0\u00a0\u00a0\u00a0\u00a0\u00a0\u00a0\u00a0 \u00b7\u00c1ngeles<\/span><\/p>\n<p><strong>Protector para adultos y ni\u00f1os<\/strong>. Muy buena opci\u00f3n para regalar a los ni\u00f1os, ellos tienen gran conexi\u00f3n con los \u00e1ngeles y arc\u00e1ngeles.<\/p>\n","protected":false},"featured_media":8590,"comment_status":"open","ping_status":"closed","template":"","meta":[],"product_brand":[],"product_cat":[572],"product_tag":[1097,813,960,879,600],"class_list":{"0":"post-8828","1":"product","2":"type-product","3":"status-publish","4":"has-post-thumbnail","6":"product_cat-rituales","7":"product_tag-arcangeles","8":"product_tag-azul-es","9":"product_tag-dali","10":"product_tag-lila-es","11":"product_tag-proteccion","12":"product_shipping_class-envio-p","13":"infinite-scroll-item","14":"sales-flash-overlay","15":"woocommerce-text-align-center","16":"woocommerce-image-align-center","17":"do-quantity-buttons","19":"first","20":"outofstock","21":"taxable","22":"shipping-taxable","23":"purchasable","24":"product-type-variable"},"yoast_head":"<!-- This site is optimized with the Yoast SEO plugin v27.5 - https:\/\/yoast.com\/product\/yoast-seo-wordpress\/ -->\n<title>Protecci\u00f3n &quot;Vela Arcangel Miquel&quot;<\/title>\n<meta name=\"description\" content=\"La Vela Arc\u00e1ngel Miquel es una fuente de protecci\u00f3n, tanto para adultos como para ni\u00f1os. Es una excelente elecci\u00f3n para todos aquellos que buscan una gu\u00eda celestial y un aliado en su viaje. n nArc\u00e1ngel Miquel es conocido como el arc\u00e1ngel de los guerreros de la luz y la protecci\u00f3n. Su energ\u00eda es como un escudo celestial que envuelve y protege a aquellos que invocan su ayuda. Esta vela act\u00faa como una llamada al poder divino y proporciona un sentido de seguridad y confianza. n nEspecialmente con respecto a los ni\u00f1os, tienen una conexi\u00f3n natural con los \u00e1ngeles y los arc\u00e1ngeles. La inocencia y la mente abierta de los m\u00e1s peque\u00f1os les permite conectar con el mundo espiritual de forma m\u00e1s sencilla. La Vela Arc\u00e1ngel Miquel puede ser una valiosa herramienta para ellos, ya que les ofrece una sensaci\u00f3n de protecci\u00f3n y seguridad. Puede ser utilizada para crear un ambiente de paz y tranquilidad en sus habitaciones y para ayudarles a superar sus miedos y angustias. n nAdem\u00e1s de su utilidad para los ni\u00f1os, tambi\u00e9n es una gran elecci\u00f3n para los adultos que buscan la protecci\u00f3n y la gu\u00eda del arc\u00e1ngel Miguel. Esta vela puede ser encendida cuando se necesita una mano amiga en situaciones dif\u00edciles o cuando quiere estar rodeado de energ\u00edas positivas y reconfortantes. n nEn resumen, la Vela Arc\u00e1ngel Miquel es una fuente de protecci\u00f3n y soporte celestial para todos. Es un recordatorio constante de la presencia de energ\u00edas divinas que velan por nuestra seguridad y bienestar. Regalar esta vela a los ni\u00f1os es una forma de conectar con su conexi\u00f3n natural con los \u00e1ngeles, mientras que para los adultos es una herramienta para encontrar refugio y confort en momentos de necesidad.\" \/>\n<meta name=\"robots\" content=\"index, follow, max-snippet:-1, max-image-preview:large, max-video-preview:-1\" \/>\n<link rel=\"canonical\" href=\"https:\/\/espelmesdali.com\/es\/producto\/proteccion-vela-arcangel-miquel\/\" \/>\n<meta property=\"og:locale\" content=\"es_ES\" \/>\n<meta property=\"og:type\" content=\"article\" \/>\n<meta property=\"og:title\" content=\"Protecci\u00f3n &quot;Vela Arcangel Miquel&quot;\" \/>\n<meta property=\"og:description\" content=\"La Vela Arc\u00e1ngel Miquel es una fuente de protecci\u00f3n, tanto para adultos como para ni\u00f1os. Es una excelente elecci\u00f3n para todos aquellos que buscan una gu\u00eda celestial y un aliado en su viaje. n nArc\u00e1ngel Miquel es conocido como el arc\u00e1ngel de los guerreros de la luz y la protecci\u00f3n. Su energ\u00eda es como un escudo celestial que envuelve y protege a aquellos que invocan su ayuda. Esta vela act\u00faa como una llamada al poder divino y proporciona un sentido de seguridad y confianza. n nEspecialmente con respecto a los ni\u00f1os, tienen una conexi\u00f3n natural con los \u00e1ngeles y los arc\u00e1ngeles. La inocencia y la mente abierta de los m\u00e1s peque\u00f1os les permite conectar con el mundo espiritual de forma m\u00e1s sencilla. La Vela Arc\u00e1ngel Miquel puede ser una valiosa herramienta para ellos, ya que les ofrece una sensaci\u00f3n de protecci\u00f3n y seguridad. Puede ser utilizada para crear un ambiente de paz y tranquilidad en sus habitaciones y para ayudarles a superar sus miedos y angustias. n nAdem\u00e1s de su utilidad para los ni\u00f1os, tambi\u00e9n es una gran elecci\u00f3n para los adultos que buscan la protecci\u00f3n y la gu\u00eda del arc\u00e1ngel Miguel. Esta vela puede ser encendida cuando se necesita una mano amiga en situaciones dif\u00edciles o cuando quiere estar rodeado de energ\u00edas positivas y reconfortantes. n nEn resumen, la Vela Arc\u00e1ngel Miquel es una fuente de protecci\u00f3n y soporte celestial para todos. Es un recordatorio constante de la presencia de energ\u00edas divinas que velan por nuestra seguridad y bienestar. Regalar esta vela a los ni\u00f1os es una forma de conectar con su conexi\u00f3n natural con los \u00e1ngeles, mientras que para los adultos es una herramienta para encontrar refugio y confort en momentos de necesidad.\" \/>\n<meta property=\"og:url\" content=\"https:\/\/espelmesdali.com\/es\/producto\/proteccion-vela-arcangel-miquel\/\" \/>\n<meta property=\"og:site_name\" content=\"Velas Dal\u00ed\" \/>\n<meta property=\"article:publisher\" content=\"https:\/\/www.facebook.com\/profile.php?id=100086540543846\" \/>\n<meta property=\"article:modified_time\" content=\"2024-12-03T15:39:49+00:00\" \/>\n<meta property=\"og:image\" content=\"https:\/\/espelmesdali.com\/wp-content\/uploads\/2024\/03\/00166.jpg\" \/>\n\t<meta property=\"og:image:width\" content=\"800\" \/>\n\t<meta property=\"og:image:height\" content=\"800\" \/>\n\t<meta property=\"og:image:type\" content=\"image\/jpeg\" \/>\n<meta name=\"twitter:card\" content=\"summary_large_image\" \/>\n<meta name=\"twitter:label1\" content=\"Tiempo de lectura\" \/>\n\t<meta name=\"twitter:data1\" content=\"2 minutos\" \/>\n<script type=\"application\/ld+json\" class=\"yoast-schema-graph\">{\"@context\":\"https:\\\/\\\/schema.org\",\"@graph\":[{\"@type\":\"WebPage\",\"@id\":\"https:\\\/\\\/espelmesdali.com\\\/es\\\/producto\\\/proteccion-vela-arcangel-miquel\\\/\",\"url\":\"https:\\\/\\\/espelmesdali.com\\\/es\\\/producto\\\/proteccion-vela-arcangel-miquel\\\/\",\"name\":\"Protecci\u00f3n \\\"Vela Arcangel Miquel\\\"\",\"isPartOf\":{\"@id\":\"https:\\\/\\\/espelmesdali.com\\\/es\\\/#website\"},\"primaryImageOfPage\":{\"@id\":\"https:\\\/\\\/espelmesdali.com\\\/es\\\/producto\\\/proteccion-vela-arcangel-miquel\\\/#primaryimage\"},\"image\":{\"@id\":\"https:\\\/\\\/espelmesdali.com\\\/es\\\/producto\\\/proteccion-vela-arcangel-miquel\\\/#primaryimage\"},\"thumbnailUrl\":\"https:\\\/\\\/espelmesdali.com\\\/wp-content\\\/uploads\\\/2024\\\/03\\\/00166.jpg\",\"datePublished\":\"2022-09-23T09:32:28+00:00\",\"dateModified\":\"2024-12-03T15:39:49+00:00\",\"description\":\"La Vela Arc\u00e1ngel Miquel es una fuente de protecci\u00f3n, tanto para adultos como para ni\u00f1os. Es una excelente elecci\u00f3n para todos aquellos que buscan una gu\u00eda celestial y un aliado en su viaje. n nArc\u00e1ngel Miquel es conocido como el arc\u00e1ngel de los guerreros de la luz y la protecci\u00f3n. Su energ\u00eda es como un escudo celestial que envuelve y protege a aquellos que invocan su ayuda. Esta vela act\u00faa como una llamada al poder divino y proporciona un sentido de seguridad y confianza. n nEspecialmente con respecto a los ni\u00f1os, tienen una conexi\u00f3n natural con los \u00e1ngeles y los arc\u00e1ngeles. La inocencia y la mente abierta de los m\u00e1s peque\u00f1os les permite conectar con el mundo espiritual de forma m\u00e1s sencilla. La Vela Arc\u00e1ngel Miquel puede ser una valiosa herramienta para ellos, ya que les ofrece una sensaci\u00f3n de protecci\u00f3n y seguridad. Puede ser utilizada para crear un ambiente de paz y tranquilidad en sus habitaciones y para ayudarles a superar sus miedos y angustias. n nAdem\u00e1s de su utilidad para los ni\u00f1os, tambi\u00e9n es una gran elecci\u00f3n para los adultos que buscan la protecci\u00f3n y la gu\u00eda del arc\u00e1ngel Miguel. Esta vela puede ser encendida cuando se necesita una mano amiga en situaciones dif\u00edciles o cuando quiere estar rodeado de energ\u00edas positivas y reconfortantes. n nEn resumen, la Vela Arc\u00e1ngel Miquel es una fuente de protecci\u00f3n y soporte celestial para todos. Es un recordatorio constante de la presencia de energ\u00edas divinas que velan por nuestra seguridad y bienestar. Regalar esta vela a los ni\u00f1os es una forma de conectar con su conexi\u00f3n natural con los \u00e1ngeles, mientras que para los adultos es una herramienta para encontrar refugio y confort en momentos de necesidad.\",\"breadcrumb\":{\"@id\":\"https:\\\/\\\/espelmesdali.com\\\/es\\\/producto\\\/proteccion-vela-arcangel-miquel\\\/#breadcrumb\"},\"inLanguage\":\"es\",\"potentialAction\":[{\"@type\":\"ReadAction\",\"target\":[\"https:\\\/\\\/espelmesdali.com\\\/es\\\/producto\\\/proteccion-vela-arcangel-miquel\\\/\"]}]},{\"@type\":\"ImageObject\",\"inLanguage\":\"es\",\"@id\":\"https:\\\/\\\/espelmesdali.com\\\/es\\\/producto\\\/proteccion-vela-arcangel-miquel\\\/#primaryimage\",\"url\":\"https:\\\/\\\/espelmesdali.com\\\/wp-content\\\/uploads\\\/2024\\\/03\\\/00166.jpg\",\"contentUrl\":\"https:\\\/\\\/espelmesdali.com\\\/wp-content\\\/uploads\\\/2024\\\/03\\\/00166.jpg\",\"width\":800,\"height\":800,\"caption\":\"Protecci\u00f3n \\\"Vela Arcangel Miquel\\\" 2\"},{\"@type\":\"BreadcrumbList\",\"@id\":\"https:\\\/\\\/espelmesdali.com\\\/es\\\/producto\\\/proteccion-vela-arcangel-miquel\\\/#breadcrumb\",\"itemListElement\":[{\"@type\":\"ListItem\",\"position\":1,\"name\":\"Portada\",\"item\":\"https:\\\/\\\/espelmesdali.com\\\/es\\\/\"},{\"@type\":\"ListItem\",\"position\":2,\"name\":\"Tienda\",\"item\":\"https:\\\/\\\/espelmesdali.com\\\/es\\\/tienda\\\/\"},{\"@type\":\"ListItem\",\"position\":3,\"name\":\"Rituales\",\"item\":\"https:\\\/\\\/espelmesdali.com\\\/es\\\/categoria-producto\\\/rituales\\\/\"},{\"@type\":\"ListItem\",\"position\":4,\"name\":\"Protecci\u00f3n \u00abVela Arcangel Miquel\u00bb\"}]},{\"@type\":\"WebSite\",\"@id\":\"https:\\\/\\\/espelmesdali.com\\\/es\\\/#website\",\"url\":\"https:\\\/\\\/espelmesdali.com\\\/es\\\/\",\"name\":\"Velas Dal\u00ed\",\"description\":\"Espelmes energ\u00e8tiques naturals i artesanes\",\"publisher\":{\"@id\":\"https:\\\/\\\/espelmesdali.com\\\/es\\\/#organization\"},\"alternateName\":\"Espelmes energ\u00e8tiques naturals i artesanes\",\"potentialAction\":[{\"@type\":\"SearchAction\",\"target\":{\"@type\":\"EntryPoint\",\"urlTemplate\":\"https:\\\/\\\/espelmesdali.com\\\/es\\\/?s={search_term_string}\"},\"query-input\":{\"@type\":\"PropertyValueSpecification\",\"valueRequired\":true,\"valueName\":\"search_term_string\"}}],\"inLanguage\":\"es\"},{\"@type\":\"Organization\",\"@id\":\"https:\\\/\\\/espelmesdali.com\\\/es\\\/#organization\",\"name\":\"Velas Dal\u00ed\",\"alternateName\":\"Espelmes energ\u00e8tiques naturals i artesanes\",\"url\":\"https:\\\/\\\/espelmesdali.com\\\/es\\\/\",\"logo\":{\"@type\":\"ImageObject\",\"inLanguage\":\"es\",\"@id\":\"https:\\\/\\\/espelmesdali.com\\\/es\\\/#\\\/schema\\\/logo\\\/image\\\/\",\"url\":\"https:\\\/\\\/i0.wp.com\\\/velasdali.com\\\/wp-content\\\/uploads\\\/2022\\\/12\\\/cropped-LOGO_DALI-01.jpg?fit=1200%2C1200&ssl=1\",\"contentUrl\":\"https:\\\/\\\/i0.wp.com\\\/velasdali.com\\\/wp-content\\\/uploads\\\/2022\\\/12\\\/cropped-LOGO_DALI-01.jpg?fit=1200%2C1200&ssl=1\",\"width\":1200,\"height\":1200,\"caption\":\"Velas Dal\u00ed\"},\"image\":{\"@id\":\"https:\\\/\\\/espelmesdali.com\\\/es\\\/#\\\/schema\\\/logo\\\/image\\\/\"},\"sameAs\":[\"https:\\\/\\\/www.facebook.com\\\/profile.php?id=100086540543846\",\"https:\\\/\\\/www.instagram.com\\\/espelmesdali\\\/\"]}]}<\/script>\n<!-- \/ Yoast SEO plugin. -->","yoast_head_json":{"title":"Protecci\u00f3n \"Vela Arcangel Miquel\"","description":"La Vela Arc\u00e1ngel Miquel es una fuente de protecci\u00f3n, tanto para adultos como para ni\u00f1os. Es una excelente elecci\u00f3n para todos aquellos que buscan una gu\u00eda celestial y un aliado en su viaje. n nArc\u00e1ngel Miquel es conocido como el arc\u00e1ngel de los guerreros de la luz y la protecci\u00f3n. Su energ\u00eda es como un escudo celestial que envuelve y protege a aquellos que invocan su ayuda. Esta vela act\u00faa como una llamada al poder divino y proporciona un sentido de seguridad y confianza. n nEspecialmente con respecto a los ni\u00f1os, tienen una conexi\u00f3n natural con los \u00e1ngeles y los arc\u00e1ngeles. La inocencia y la mente abierta de los m\u00e1s peque\u00f1os les permite conectar con el mundo espiritual de forma m\u00e1s sencilla. La Vela Arc\u00e1ngel Miquel puede ser una valiosa herramienta para ellos, ya que les ofrece una sensaci\u00f3n de protecci\u00f3n y seguridad. Puede ser utilizada para crear un ambiente de paz y tranquilidad en sus habitaciones y para ayudarles a superar sus miedos y angustias. n nAdem\u00e1s de su utilidad para los ni\u00f1os, tambi\u00e9n es una gran elecci\u00f3n para los adultos que buscan la protecci\u00f3n y la gu\u00eda del arc\u00e1ngel Miguel. Esta vela puede ser encendida cuando se necesita una mano amiga en situaciones dif\u00edciles o cuando quiere estar rodeado de energ\u00edas positivas y reconfortantes. n nEn resumen, la Vela Arc\u00e1ngel Miquel es una fuente de protecci\u00f3n y soporte celestial para todos. Es un recordatorio constante de la presencia de energ\u00edas divinas que velan por nuestra seguridad y bienestar. Regalar esta vela a los ni\u00f1os es una forma de conectar con su conexi\u00f3n natural con los \u00e1ngeles, mientras que para los adultos es una herramienta para encontrar refugio y confort en momentos de necesidad.","robots":{"index":"index","follow":"follow","max-snippet":"max-snippet:-1","max-image-preview":"max-image-preview:large","max-video-preview":"max-video-preview:-1"},"canonical":"https:\/\/espelmesdali.com\/es\/producto\/proteccion-vela-arcangel-miquel\/","og_locale":"es_ES","og_type":"article","og_title":"Protecci\u00f3n \"Vela Arcangel Miquel\"","og_description":"La Vela Arc\u00e1ngel Miquel es una fuente de protecci\u00f3n, tanto para adultos como para ni\u00f1os. Es una excelente elecci\u00f3n para todos aquellos que buscan una gu\u00eda celestial y un aliado en su viaje. n nArc\u00e1ngel Miquel es conocido como el arc\u00e1ngel de los guerreros de la luz y la protecci\u00f3n. Su energ\u00eda es como un escudo celestial que envuelve y protege a aquellos que invocan su ayuda. Esta vela act\u00faa como una llamada al poder divino y proporciona un sentido de seguridad y confianza. n nEspecialmente con respecto a los ni\u00f1os, tienen una conexi\u00f3n natural con los \u00e1ngeles y los arc\u00e1ngeles. La inocencia y la mente abierta de los m\u00e1s peque\u00f1os les permite conectar con el mundo espiritual de forma m\u00e1s sencilla. La Vela Arc\u00e1ngel Miquel puede ser una valiosa herramienta para ellos, ya que les ofrece una sensaci\u00f3n de protecci\u00f3n y seguridad. Puede ser utilizada para crear un ambiente de paz y tranquilidad en sus habitaciones y para ayudarles a superar sus miedos y angustias. n nAdem\u00e1s de su utilidad para los ni\u00f1os, tambi\u00e9n es una gran elecci\u00f3n para los adultos que buscan la protecci\u00f3n y la gu\u00eda del arc\u00e1ngel Miguel. Esta vela puede ser encendida cuando se necesita una mano amiga en situaciones dif\u00edciles o cuando quiere estar rodeado de energ\u00edas positivas y reconfortantes. n nEn resumen, la Vela Arc\u00e1ngel Miquel es una fuente de protecci\u00f3n y soporte celestial para todos. Es un recordatorio constante de la presencia de energ\u00edas divinas que velan por nuestra seguridad y bienestar. Regalar esta vela a los ni\u00f1os es una forma de conectar con su conexi\u00f3n natural con los \u00e1ngeles, mientras que para los adultos es una herramienta para encontrar refugio y confort en momentos de necesidad.","og_url":"https:\/\/espelmesdali.com\/es\/producto\/proteccion-vela-arcangel-miquel\/","og_site_name":"Velas Dal\u00ed","article_publisher":"https:\/\/www.facebook.com\/profile.php?id=100086540543846","article_modified_time":"2024-12-03T15:39:49+00:00","og_image":[{"width":800,"height":800,"url":"https:\/\/espelmesdali.com\/wp-content\/uploads\/2024\/03\/00166.jpg","type":"image\/jpeg"}],"twitter_card":"summary_large_image","twitter_misc":{"Tiempo de lectura":"2 minutos"},"schema":{"@context":"https:\/\/schema.org","@graph":[{"@type":"WebPage","@id":"https:\/\/espelmesdali.com\/es\/producto\/proteccion-vela-arcangel-miquel\/","url":"https:\/\/espelmesdali.com\/es\/producto\/proteccion-vela-arcangel-miquel\/","name":"Protecci\u00f3n \"Vela Arcangel Miquel\"","isPartOf":{"@id":"https:\/\/espelmesdali.com\/es\/#website"},"primaryImageOfPage":{"@id":"https:\/\/espelmesdali.com\/es\/producto\/proteccion-vela-arcangel-miquel\/#primaryimage"},"image":{"@id":"https:\/\/espelmesdali.com\/es\/producto\/proteccion-vela-arcangel-miquel\/#primaryimage"},"thumbnailUrl":"https:\/\/espelmesdali.com\/wp-content\/uploads\/2024\/03\/00166.jpg","datePublished":"2022-09-23T09:32:28+00:00","dateModified":"2024-12-03T15:39:49+00:00","description":"La Vela Arc\u00e1ngel Miquel es una fuente de protecci\u00f3n, tanto para adultos como para ni\u00f1os. Es una excelente elecci\u00f3n para todos aquellos que buscan una gu\u00eda celestial y un aliado en su viaje. n nArc\u00e1ngel Miquel es conocido como el arc\u00e1ngel de los guerreros de la luz y la protecci\u00f3n. Su energ\u00eda es como un escudo celestial que envuelve y protege a aquellos que invocan su ayuda. Esta vela act\u00faa como una llamada al poder divino y proporciona un sentido de seguridad y confianza. n nEspecialmente con respecto a los ni\u00f1os, tienen una conexi\u00f3n natural con los \u00e1ngeles y los arc\u00e1ngeles. La inocencia y la mente abierta de los m\u00e1s peque\u00f1os les permite conectar con el mundo espiritual de forma m\u00e1s sencilla. La Vela Arc\u00e1ngel Miquel puede ser una valiosa herramienta para ellos, ya que les ofrece una sensaci\u00f3n de protecci\u00f3n y seguridad. Puede ser utilizada para crear un ambiente de paz y tranquilidad en sus habitaciones y para ayudarles a superar sus miedos y angustias. n nAdem\u00e1s de su utilidad para los ni\u00f1os, tambi\u00e9n es una gran elecci\u00f3n para los adultos que buscan la protecci\u00f3n y la gu\u00eda del arc\u00e1ngel Miguel. Esta vela puede ser encendida cuando se necesita una mano amiga en situaciones dif\u00edciles o cuando quiere estar rodeado de energ\u00edas positivas y reconfortantes. n nEn resumen, la Vela Arc\u00e1ngel Miquel es una fuente de protecci\u00f3n y soporte celestial para todos. Es un recordatorio constante de la presencia de energ\u00edas divinas que velan por nuestra seguridad y bienestar. Regalar esta vela a los ni\u00f1os es una forma de conectar con su conexi\u00f3n natural con los \u00e1ngeles, mientras que para los adultos es una herramienta para encontrar refugio y confort en momentos de necesidad.","breadcrumb":{"@id":"https:\/\/espelmesdali.com\/es\/producto\/proteccion-vela-arcangel-miquel\/#breadcrumb"},"inLanguage":"es","potentialAction":[{"@type":"ReadAction","target":["https:\/\/espelmesdali.com\/es\/producto\/proteccion-vela-arcangel-miquel\/"]}]},{"@type":"ImageObject","inLanguage":"es","@id":"https:\/\/espelmesdali.com\/es\/producto\/proteccion-vela-arcangel-miquel\/#primaryimage","url":"https:\/\/espelmesdali.com\/wp-content\/uploads\/2024\/03\/00166.jpg","contentUrl":"https:\/\/espelmesdali.com\/wp-content\/uploads\/2024\/03\/00166.jpg","width":800,"height":800,"caption":"Protecci\u00f3n \"Vela Arcangel Miquel\" 2"},{"@type":"BreadcrumbList","@id":"https:\/\/espelmesdali.com\/es\/producto\/proteccion-vela-arcangel-miquel\/#breadcrumb","itemListElement":[{"@type":"ListItem","position":1,"name":"Portada","item":"https:\/\/espelmesdali.com\/es\/"},{"@type":"ListItem","position":2,"name":"Tienda","item":"https:\/\/espelmesdali.com\/es\/tienda\/"},{"@type":"ListItem","position":3,"name":"Rituales","item":"https:\/\/espelmesdali.com\/es\/categoria-producto\/rituales\/"},{"@type":"ListItem","position":4,"name":"Protecci\u00f3n \u00abVela Arcangel Miquel\u00bb"}]},{"@type":"WebSite","@id":"https:\/\/espelmesdali.com\/es\/#website","url":"https:\/\/espelmesdali.com\/es\/","name":"Velas Dal\u00ed","description":"Espelmes energ\u00e8tiques naturals i artesanes","publisher":{"@id":"https:\/\/espelmesdali.com\/es\/#organization"},"alternateName":"Espelmes energ\u00e8tiques naturals i artesanes","potentialAction":[{"@type":"SearchAction","target":{"@type":"EntryPoint","urlTemplate":"https:\/\/espelmesdali.com\/es\/?s={search_term_string}"},"query-input":{"@type":"PropertyValueSpecification","valueRequired":true,"valueName":"search_term_string"}}],"inLanguage":"es"},{"@type":"Organization","@id":"https:\/\/espelmesdali.com\/es\/#organization","name":"Velas Dal\u00ed","alternateName":"Espelmes energ\u00e8tiques naturals i artesanes","url":"https:\/\/espelmesdali.com\/es\/","logo":{"@type":"ImageObject","inLanguage":"es","@id":"https:\/\/espelmesdali.com\/es\/#\/schema\/logo\/image\/","url":"https:\/\/i0.wp.com\/velasdali.com\/wp-content\/uploads\/2022\/12\/cropped-LOGO_DALI-01.jpg?fit=1200%2C1200&ssl=1","contentUrl":"https:\/\/i0.wp.com\/velasdali.com\/wp-content\/uploads\/2022\/12\/cropped-LOGO_DALI-01.jpg?fit=1200%2C1200&ssl=1","width":1200,"height":1200,"caption":"Velas Dal\u00ed"},"image":{"@id":"https:\/\/espelmesdali.com\/es\/#\/schema\/logo\/image\/"},"sameAs":["https:\/\/www.facebook.com\/profile.php?id=100086540543846","https:\/\/www.instagram.com\/espelmesdali\/"]}]}},"_links":{"self":[{"href":"https:\/\/espelmesdali.com\/es\/wp-json\/wp\/v2\/product\/8828","targetHints":{"allow":["GET"]}}],"collection":[{"href":"https:\/\/espelmesdali.com\/es\/wp-json\/wp\/v2\/product"}],"about":[{"href":"https:\/\/espelmesdali.com\/es\/wp-json\/wp\/v2\/types\/product"}],"replies":[{"embeddable":true,"href":"https:\/\/espelmesdali.com\/es\/wp-json\/wp\/v2\/comments?post=8828"}],"wp:featuredmedia":[{"embeddable":true,"href":"https:\/\/espelmesdali.com\/es\/wp-json\/wp\/v2\/media\/8590"}],"wp:attachment":[{"href":"https:\/\/espelmesdali.com\/es\/wp-json\/wp\/v2\/media?parent=8828"}],"wp:term":[{"taxonomy":"product_brand","embeddable":true,"href":"https:\/\/espelmesdali.com\/es\/wp-json\/wp\/v2\/product_brand?post=8828"},{"taxonomy":"product_cat","embeddable":true,"href":"https:\/\/espelmesdali.com\/es\/wp-json\/wp\/v2\/product_cat?post=8828"},{"taxonomy":"product_tag","embeddable":true,"href":"https:\/\/espelmesdali.com\/es\/wp-json\/wp\/v2\/product_tag?post=8828"}],"curies":[{"name":"wp","href":"https:\/\/api.w.org\/{rel}","templated":true}]}}