{"id":8804,"date":"2024-03-26T21:44:53","date_gmt":"2024-03-26T20:44:53","guid":{"rendered":"https:\/\/espelmesdali.com\/?post_type=product&#038;p=8804"},"modified":"2026-02-03T11:27:32","modified_gmt":"2026-02-03T10:27:32","slug":"autoestima-%c2%b7-amor-%c2%b7-armonia-vela-rosa-cera-de-abeja","status":"publish","type":"product","link":"https:\/\/espelmesdali.com\/es\/producto\/autoestima-%c2%b7-amor-%c2%b7-armonia-vela-rosa-cera-de-abeja\/","title":{"rendered":"Autoestima \u00b7 Amor \u00b7 Armon\u00eda Vela Rosa cera de abeja"},"content":{"rendered":"<p>Autoestima \u00b7 Amor \u00b7 Armon\u00eda Vela Rosa cera de abeja<\/p>\n<p>Estas <strong>velas esot\u00e9ricas est\u00e1n elaboradas artesanalmente<\/strong>, una a una y <strong>cargadas energ\u00e9ticamente<\/strong> cada una para trabajar su prop\u00f3sito seg\u00fan su color.<\/p>\n<p>Son autenticas velas de miel <strong>natural 100% cera pura de abeja<\/strong> de la pen\u00ednsula. Te\u00f1imos la cera de abeja artesanalmente con colorante org\u00e1nico y natural.<\/p>\n<p><i>S\u00e9 t\u00fa la energ\u00eda que quieres atraer y enciende la luz que ya eres<\/i><\/p>\n","protected":false},"excerpt":{"rendered":"<p><span style=\"color: #800080;\"><strong>PODER ENERG\u00c9TICO: \u2666\u2666\u2666\u2666\u25ca<\/strong><\/span><\/p>\n<p><span style=\"color: #800080;\">\u00b7Armon\u00eda \u00a0\u00a0\u00a0\u00a0\u00a0\u00a0\u00a0\u00a0\u00a0\u00a0\u00a0\u00a0\u00a0\u00a0\u00a0 \u00b7Amor \u00a0\u00a0\u00a0\u00a0\u00a0\u00a0\u00a0\u00a0\u00a0\u00a0\u00a0 \u00b7Autoestima<\/span><\/p>\n<p>La energ\u00eda del color rosa es de <b>amor, armon\u00eda y compromiso<\/b>\u2026 Representa la energ\u00eda femenina y est\u00e1 asociado al lacra del coraz\u00f3n. <b>Sus beneficios son por el amor y la armon\u00eda<\/b>. Se puede utilizar para estabilizar un amor de pareja, familia, amistades, para <b>atraer el amor<\/b> o bien para <b>aumentar la autoestima<\/b>. Siempre que encuentres el color rosa en nuestras velas estar\u00e1s potenciando el amor. Es ideal para regalar a tu pareja, hijos, padres, etc.. en definitiva para todos los que quieras demostrar tu amor .<\/p>\n<p><b>El rosa es ideal siempre que quieras atraer el amor a tu vida o potenciar lo que ya tienes, as\u00ed como cuando sientas que necesitas una dosis extra de autoestima.<\/b><\/p>\n","protected":false},"featured_media":7501,"comment_status":"open","ping_status":"closed","template":"","meta":[],"product_brand":[],"product_cat":[633,644,572,580],"product_tag":[591,802,603,585,792,778,608,610,594,774],"class_list":{"0":"post-8804","1":"product","2":"type-product","3":"status-publish","4":"has-post-thumbnail","6":"product_cat-amor--autoestima-es","7":"product_cat-potenciadores-es","8":"product_cat-rituales","9":"product_cat-velas-de-miel","10":"product_tag-amor-es","11":"product_tag-armonia-es","12":"product_tag-autoestima-es","13":"product_tag-espelmes-de-mel-es","14":"product_tag-magia-es","15":"product_tag-miel","16":"product_tag-poder-es","17":"product_tag-ritual-es","18":"product_tag-vela","19":"product_tag-velas-es","20":"product_shipping_class-enviament-es","21":"infinite-scroll-item","22":"sales-flash-overlay","23":"woocommerce-text-align-center","24":"woocommerce-image-align-center","25":"do-quantity-buttons","26":"wc-has-gallery","28":"first","29":"instock","30":"taxable","31":"shipping-taxable","32":"purchasable","33":"product-type-simple"},"yoast_head":"<!-- This site is optimized with the Yoast SEO plugin v27.4 - https:\/\/yoast.com\/product\/yoast-seo-wordpress\/ -->\n<title>*Autoestima \u00b7 Amor \u00b7 Armon\u00eda* Ritual Potenciador RosaAutoestima \u00b7 Amor \u00b7 Armon\u00eda Vela Rosa cera de abeja<\/title>\n<meta name=\"description\" content=\"Activa la Pasi\u00f3n con Nuestras Velas Ritualizadas para el Amor: Un aliado potenciador para Fortalecer las Conexiones de amor\" \/>\n<meta name=\"robots\" content=\"index, follow, max-snippet:-1, max-image-preview:large, max-video-preview:-1\" \/>\n<link rel=\"canonical\" href=\"https:\/\/espelmesdali.com\/es\/producto\/autoestima-%c2%b7-amor-%c2%b7-armonia-vela-rosa-cera-de-abeja\/\" \/>\n<meta property=\"og:locale\" content=\"es_ES\" \/>\n<meta property=\"og:type\" content=\"article\" \/>\n<meta property=\"og:title\" content=\"*Autoestima \u00b7 Amor \u00b7 Armon\u00eda* Ritual Potenciador RosaAutoestima \u00b7 Amor \u00b7 Armon\u00eda Vela Rosa cera de abeja\" \/>\n<meta property=\"og:description\" content=\"Activa la Pasi\u00f3n con Nuestras Velas Ritualizadas para el Amor: Un aliado potenciador para Fortalecer las Conexiones de amor\" \/>\n<meta property=\"og:url\" content=\"https:\/\/espelmesdali.com\/es\/producto\/autoestima-%c2%b7-amor-%c2%b7-armonia-vela-rosa-cera-de-abeja\/\" \/>\n<meta property=\"og:site_name\" content=\"Velas Dal\u00ed\" \/>\n<meta property=\"article:publisher\" content=\"https:\/\/www.facebook.com\/profile.php?id=100086540543846\" \/>\n<meta property=\"article:modified_time\" content=\"2026-02-03T10:27:32+00:00\" \/>\n<meta property=\"og:image\" content=\"https:\/\/espelmesdali.com\/wp-content\/uploads\/2023\/11\/IMG-20231102-WA0010.jpg\" \/>\n\t<meta property=\"og:image:width\" content=\"1200\" \/>\n\t<meta property=\"og:image:height\" content=\"1200\" \/>\n\t<meta property=\"og:image:type\" content=\"image\/jpeg\" \/>\n<meta name=\"twitter:card\" content=\"summary_large_image\" \/>\n<meta name=\"twitter:label1\" content=\"Tiempo de lectura\" \/>\n\t<meta name=\"twitter:data1\" content=\"1 minuto\" \/>\n<script type=\"application\/ld+json\" class=\"yoast-schema-graph\">{\"@context\":\"https:\\\/\\\/schema.org\",\"@graph\":[{\"@type\":\"WebPage\",\"@id\":\"https:\\\/\\\/espelmesdali.com\\\/es\\\/producto\\\/autoestima-%c2%b7-amor-%c2%b7-armonia-vela-rosa-cera-de-abeja\\\/\",\"url\":\"https:\\\/\\\/espelmesdali.com\\\/es\\\/producto\\\/autoestima-%c2%b7-amor-%c2%b7-armonia-vela-rosa-cera-de-abeja\\\/\",\"name\":\"*Autoestima \u00b7 Amor \u00b7 Armon\u00eda* Ritual Potenciador RosaAutoestima \u00b7 Amor \u00b7 Armon\u00eda Vela Rosa cera de abeja\",\"isPartOf\":{\"@id\":\"https:\\\/\\\/espelmesdali.com\\\/es\\\/#website\"},\"primaryImageOfPage\":{\"@id\":\"https:\\\/\\\/espelmesdali.com\\\/es\\\/producto\\\/autoestima-%c2%b7-amor-%c2%b7-armonia-vela-rosa-cera-de-abeja\\\/#primaryimage\"},\"image\":{\"@id\":\"https:\\\/\\\/espelmesdali.com\\\/es\\\/producto\\\/autoestima-%c2%b7-amor-%c2%b7-armonia-vela-rosa-cera-de-abeja\\\/#primaryimage\"},\"thumbnailUrl\":\"https:\\\/\\\/espelmesdali.com\\\/wp-content\\\/uploads\\\/2023\\\/11\\\/IMG-20231102-WA0010.jpg\",\"datePublished\":\"2024-03-26T20:44:53+00:00\",\"dateModified\":\"2026-02-03T10:27:32+00:00\",\"description\":\"Activa la Pasi\u00f3n con Nuestras Velas Ritualizadas para el Amor: Un aliado potenciador para Fortalecer las Conexiones de amor\",\"breadcrumb\":{\"@id\":\"https:\\\/\\\/espelmesdali.com\\\/es\\\/producto\\\/autoestima-%c2%b7-amor-%c2%b7-armonia-vela-rosa-cera-de-abeja\\\/#breadcrumb\"},\"inLanguage\":\"es\",\"potentialAction\":[{\"@type\":\"ReadAction\",\"target\":[\"https:\\\/\\\/espelmesdali.com\\\/es\\\/producto\\\/autoestima-%c2%b7-amor-%c2%b7-armonia-vela-rosa-cera-de-abeja\\\/\"]}]},{\"@type\":\"ImageObject\",\"inLanguage\":\"es\",\"@id\":\"https:\\\/\\\/espelmesdali.com\\\/es\\\/producto\\\/autoestima-%c2%b7-amor-%c2%b7-armonia-vela-rosa-cera-de-abeja\\\/#primaryimage\",\"url\":\"https:\\\/\\\/espelmesdali.com\\\/wp-content\\\/uploads\\\/2023\\\/11\\\/IMG-20231102-WA0010.jpg\",\"contentUrl\":\"https:\\\/\\\/espelmesdali.com\\\/wp-content\\\/uploads\\\/2023\\\/11\\\/IMG-20231102-WA0010.jpg\",\"width\":1200,\"height\":1200},{\"@type\":\"BreadcrumbList\",\"@id\":\"https:\\\/\\\/espelmesdali.com\\\/es\\\/producto\\\/autoestima-%c2%b7-amor-%c2%b7-armonia-vela-rosa-cera-de-abeja\\\/#breadcrumb\",\"itemListElement\":[{\"@type\":\"ListItem\",\"position\":1,\"name\":\"Portada\",\"item\":\"https:\\\/\\\/espelmesdali.com\\\/es\\\/\"},{\"@type\":\"ListItem\",\"position\":2,\"name\":\"Tienda\",\"item\":\"https:\\\/\\\/espelmesdali.com\\\/es\\\/tienda\\\/\"},{\"@type\":\"ListItem\",\"position\":3,\"name\":\"Velas\",\"item\":\"https:\\\/\\\/espelmesdali.com\\\/es\\\/categoria-producto\\\/velas-de-miel\\\/\"},{\"@type\":\"ListItem\",\"position\":4,\"name\":\"Autoestima \u00b7 Amor \u00b7 Armon\u00eda Vela Rosa cera de abeja\"}]},{\"@type\":\"WebSite\",\"@id\":\"https:\\\/\\\/espelmesdali.com\\\/es\\\/#website\",\"url\":\"https:\\\/\\\/espelmesdali.com\\\/es\\\/\",\"name\":\"Velas Dal\u00ed\",\"description\":\"Espelmes energ\u00e8tiques naturals i artesanes\",\"publisher\":{\"@id\":\"https:\\\/\\\/espelmesdali.com\\\/es\\\/#organization\"},\"alternateName\":\"Espelmes energ\u00e8tiques naturals i artesanes\",\"potentialAction\":[{\"@type\":\"SearchAction\",\"target\":{\"@type\":\"EntryPoint\",\"urlTemplate\":\"https:\\\/\\\/espelmesdali.com\\\/es\\\/?s={search_term_string}\"},\"query-input\":{\"@type\":\"PropertyValueSpecification\",\"valueRequired\":true,\"valueName\":\"search_term_string\"}}],\"inLanguage\":\"es\"},{\"@type\":\"Organization\",\"@id\":\"https:\\\/\\\/espelmesdali.com\\\/es\\\/#organization\",\"name\":\"Velas Dal\u00ed\",\"alternateName\":\"Espelmes energ\u00e8tiques naturals i artesanes\",\"url\":\"https:\\\/\\\/espelmesdali.com\\\/es\\\/\",\"logo\":{\"@type\":\"ImageObject\",\"inLanguage\":\"es\",\"@id\":\"https:\\\/\\\/espelmesdali.com\\\/es\\\/#\\\/schema\\\/logo\\\/image\\\/\",\"url\":\"https:\\\/\\\/i0.wp.com\\\/velasdali.com\\\/wp-content\\\/uploads\\\/2022\\\/12\\\/cropped-LOGO_DALI-01.jpg?fit=1200%2C1200&ssl=1\",\"contentUrl\":\"https:\\\/\\\/i0.wp.com\\\/velasdali.com\\\/wp-content\\\/uploads\\\/2022\\\/12\\\/cropped-LOGO_DALI-01.jpg?fit=1200%2C1200&ssl=1\",\"width\":1200,\"height\":1200,\"caption\":\"Velas Dal\u00ed\"},\"image\":{\"@id\":\"https:\\\/\\\/espelmesdali.com\\\/es\\\/#\\\/schema\\\/logo\\\/image\\\/\"},\"sameAs\":[\"https:\\\/\\\/www.facebook.com\\\/profile.php?id=100086540543846\",\"https:\\\/\\\/www.instagram.com\\\/espelmesdali\\\/\"]}]}<\/script>\n<!-- \/ Yoast SEO plugin. -->","yoast_head_json":{"title":"*Autoestima \u00b7 Amor \u00b7 Armon\u00eda* Ritual Potenciador RosaAutoestima \u00b7 Amor \u00b7 Armon\u00eda Vela Rosa cera de abeja","description":"Activa la Pasi\u00f3n con Nuestras Velas Ritualizadas para el Amor: Un aliado potenciador para Fortalecer las Conexiones de amor","robots":{"index":"index","follow":"follow","max-snippet":"max-snippet:-1","max-image-preview":"max-image-preview:large","max-video-preview":"max-video-preview:-1"},"canonical":"https:\/\/espelmesdali.com\/es\/producto\/autoestima-%c2%b7-amor-%c2%b7-armonia-vela-rosa-cera-de-abeja\/","og_locale":"es_ES","og_type":"article","og_title":"*Autoestima \u00b7 Amor \u00b7 Armon\u00eda* Ritual Potenciador RosaAutoestima \u00b7 Amor \u00b7 Armon\u00eda Vela Rosa cera de abeja","og_description":"Activa la Pasi\u00f3n con Nuestras Velas Ritualizadas para el Amor: Un aliado potenciador para Fortalecer las Conexiones de amor","og_url":"https:\/\/espelmesdali.com\/es\/producto\/autoestima-%c2%b7-amor-%c2%b7-armonia-vela-rosa-cera-de-abeja\/","og_site_name":"Velas Dal\u00ed","article_publisher":"https:\/\/www.facebook.com\/profile.php?id=100086540543846","article_modified_time":"2026-02-03T10:27:32+00:00","og_image":[{"width":1200,"height":1200,"url":"https:\/\/espelmesdali.com\/wp-content\/uploads\/2023\/11\/IMG-20231102-WA0010.jpg","type":"image\/jpeg"}],"twitter_card":"summary_large_image","twitter_misc":{"Tiempo de lectura":"1 minuto"},"schema":{"@context":"https:\/\/schema.org","@graph":[{"@type":"WebPage","@id":"https:\/\/espelmesdali.com\/es\/producto\/autoestima-%c2%b7-amor-%c2%b7-armonia-vela-rosa-cera-de-abeja\/","url":"https:\/\/espelmesdali.com\/es\/producto\/autoestima-%c2%b7-amor-%c2%b7-armonia-vela-rosa-cera-de-abeja\/","name":"*Autoestima \u00b7 Amor \u00b7 Armon\u00eda* Ritual Potenciador RosaAutoestima \u00b7 Amor \u00b7 Armon\u00eda Vela Rosa cera de abeja","isPartOf":{"@id":"https:\/\/espelmesdali.com\/es\/#website"},"primaryImageOfPage":{"@id":"https:\/\/espelmesdali.com\/es\/producto\/autoestima-%c2%b7-amor-%c2%b7-armonia-vela-rosa-cera-de-abeja\/#primaryimage"},"image":{"@id":"https:\/\/espelmesdali.com\/es\/producto\/autoestima-%c2%b7-amor-%c2%b7-armonia-vela-rosa-cera-de-abeja\/#primaryimage"},"thumbnailUrl":"https:\/\/espelmesdali.com\/wp-content\/uploads\/2023\/11\/IMG-20231102-WA0010.jpg","datePublished":"2024-03-26T20:44:53+00:00","dateModified":"2026-02-03T10:27:32+00:00","description":"Activa la Pasi\u00f3n con Nuestras Velas Ritualizadas para el Amor: Un aliado potenciador para Fortalecer las Conexiones de amor","breadcrumb":{"@id":"https:\/\/espelmesdali.com\/es\/producto\/autoestima-%c2%b7-amor-%c2%b7-armonia-vela-rosa-cera-de-abeja\/#breadcrumb"},"inLanguage":"es","potentialAction":[{"@type":"ReadAction","target":["https:\/\/espelmesdali.com\/es\/producto\/autoestima-%c2%b7-amor-%c2%b7-armonia-vela-rosa-cera-de-abeja\/"]}]},{"@type":"ImageObject","inLanguage":"es","@id":"https:\/\/espelmesdali.com\/es\/producto\/autoestima-%c2%b7-amor-%c2%b7-armonia-vela-rosa-cera-de-abeja\/#primaryimage","url":"https:\/\/espelmesdali.com\/wp-content\/uploads\/2023\/11\/IMG-20231102-WA0010.jpg","contentUrl":"https:\/\/espelmesdali.com\/wp-content\/uploads\/2023\/11\/IMG-20231102-WA0010.jpg","width":1200,"height":1200},{"@type":"BreadcrumbList","@id":"https:\/\/espelmesdali.com\/es\/producto\/autoestima-%c2%b7-amor-%c2%b7-armonia-vela-rosa-cera-de-abeja\/#breadcrumb","itemListElement":[{"@type":"ListItem","position":1,"name":"Portada","item":"https:\/\/espelmesdali.com\/es\/"},{"@type":"ListItem","position":2,"name":"Tienda","item":"https:\/\/espelmesdali.com\/es\/tienda\/"},{"@type":"ListItem","position":3,"name":"Velas","item":"https:\/\/espelmesdali.com\/es\/categoria-producto\/velas-de-miel\/"},{"@type":"ListItem","position":4,"name":"Autoestima \u00b7 Amor \u00b7 Armon\u00eda Vela Rosa cera de abeja"}]},{"@type":"WebSite","@id":"https:\/\/espelmesdali.com\/es\/#website","url":"https:\/\/espelmesdali.com\/es\/","name":"Velas Dal\u00ed","description":"Espelmes energ\u00e8tiques naturals i artesanes","publisher":{"@id":"https:\/\/espelmesdali.com\/es\/#organization"},"alternateName":"Espelmes energ\u00e8tiques naturals i artesanes","potentialAction":[{"@type":"SearchAction","target":{"@type":"EntryPoint","urlTemplate":"https:\/\/espelmesdali.com\/es\/?s={search_term_string}"},"query-input":{"@type":"PropertyValueSpecification","valueRequired":true,"valueName":"search_term_string"}}],"inLanguage":"es"},{"@type":"Organization","@id":"https:\/\/espelmesdali.com\/es\/#organization","name":"Velas Dal\u00ed","alternateName":"Espelmes energ\u00e8tiques naturals i artesanes","url":"https:\/\/espelmesdali.com\/es\/","logo":{"@type":"ImageObject","inLanguage":"es","@id":"https:\/\/espelmesdali.com\/es\/#\/schema\/logo\/image\/","url":"https:\/\/i0.wp.com\/velasdali.com\/wp-content\/uploads\/2022\/12\/cropped-LOGO_DALI-01.jpg?fit=1200%2C1200&ssl=1","contentUrl":"https:\/\/i0.wp.com\/velasdali.com\/wp-content\/uploads\/2022\/12\/cropped-LOGO_DALI-01.jpg?fit=1200%2C1200&ssl=1","width":1200,"height":1200,"caption":"Velas Dal\u00ed"},"image":{"@id":"https:\/\/espelmesdali.com\/es\/#\/schema\/logo\/image\/"},"sameAs":["https:\/\/www.facebook.com\/profile.php?id=100086540543846","https:\/\/www.instagram.com\/espelmesdali\/"]}]}},"_links":{"self":[{"href":"https:\/\/espelmesdali.com\/es\/wp-json\/wp\/v2\/product\/8804","targetHints":{"allow":["GET"]}}],"collection":[{"href":"https:\/\/espelmesdali.com\/es\/wp-json\/wp\/v2\/product"}],"about":[{"href":"https:\/\/espelmesdali.com\/es\/wp-json\/wp\/v2\/types\/product"}],"replies":[{"embeddable":true,"href":"https:\/\/espelmesdali.com\/es\/wp-json\/wp\/v2\/comments?post=8804"}],"wp:featuredmedia":[{"embeddable":true,"href":"https:\/\/espelmesdali.com\/es\/wp-json\/wp\/v2\/media\/7501"}],"wp:attachment":[{"href":"https:\/\/espelmesdali.com\/es\/wp-json\/wp\/v2\/media?parent=8804"}],"wp:term":[{"taxonomy":"product_brand","embeddable":true,"href":"https:\/\/espelmesdali.com\/es\/wp-json\/wp\/v2\/product_brand?post=8804"},{"taxonomy":"product_cat","embeddable":true,"href":"https:\/\/espelmesdali.com\/es\/wp-json\/wp\/v2\/product_cat?post=8804"},{"taxonomy":"product_tag","embeddable":true,"href":"https:\/\/espelmesdali.com\/es\/wp-json\/wp\/v2\/product_tag?post=8804"}],"curies":[{"name":"wp","href":"https:\/\/api.w.org\/{rel}","templated":true}]}}