{"id":8800,"date":"2024-03-26T21:43:59","date_gmt":"2024-03-26T20:43:59","guid":{"rendered":"https:\/\/espelmesdali.com\/?post_type=product&#038;p=8800"},"modified":"2026-02-05T12:16:10","modified_gmt":"2026-02-05T11:16:10","slug":"serenidad-%c2%b7-cambio-%c2%b7-autoconocimiento-ritual-potenciador-lila-copia","status":"publish","type":"product","link":"https:\/\/espelmesdali.com\/es\/producto\/serenidad-%c2%b7-cambio-%c2%b7-autoconocimiento-ritual-potenciador-lila-copia\/","title":{"rendered":"Vela de miel lila *Serenidad \u00b7 Cambio \u00b7 Autoconocimiento*"},"content":{"rendered":"<h4 style=\"text-align: center;\"><strong>La Vela de Miel Lila de Velas Dal\u00ed une las propiedades naturales de la cera de abeja con miel \u2014abundancia, prosperidad y buenas energ\u00edas\u2014 con la vibraci\u00f3n sutil del color lila, s\u00edmbolo de espiritualidad, intuici\u00f3n y transformaci\u00f3n interior.<\/strong><\/h4>\n<p>El lila es considerado el color m\u00e1s m\u00edstico. Por este motivo, es especialmente indicado para la meditaci\u00f3n, el silencio interior y los procesos de cambio consciente. Adem\u00e1s, est\u00e1 asociado con el <strong>sexto lacra<\/strong>, el lacra de la intuici\u00f3n, vinculado a la percepci\u00f3n profunda, la sabidur\u00eda interior y el autoconocimiento.<\/p>\n<p>A nivel energ\u00e9tico, esta vela ayuda a crear un ambiente de<strong> calma, serenidad y conexi\u00f3n<\/strong>. De este modo, facilita la escucha interior y la apertura a nuevos puntos de vista. Por eso, es una gran aliada cuando sientes la necesidad de hacer un cambio en alg\u00fan aspecto de tu vida o cuando est\u00e1s en un momento de transici\u00f3n personal.<\/p>\n<p>Por otro lado, el color lila potencia la intuici\u00f3n y acompa\u00f1a procesos de crecimiento espiritual. Encender esta vela te ayuda a parar el ruido externo, a reconectar con tu voz interior y a mirar adentro con m\u00e1s claridad y confianza.<\/p>\n<p>Siempre que el color lila es presente en nuestras velas, est\u00e1 favoreciendo un <strong>cambio positivo<\/strong>, hecho desde la conciencia y la serenidad. Adem\u00e1s, seg\u00fan lo\u00a0Feng\u00a0Shui, los colores lila, rojo y naranja representan la m\u00e1xima prosperidad, hecho que convierte esta vela tambi\u00e9n en una buena opci\u00f3n para regalar en momentos de cambio o inicio de nuevos ciclos.<\/p>\n<p><strong><img decoding=\"async\" class=\"emoji\" role=\"img\" draggable=\"false\" src=\"https:\/\/s.w.org\/images\/core\/emoji\/17.0.2\/svg\/2728.svg\" alt=\"\u2728\" \/><em>\u00a0Qu\u00e9 te aporta esta vela?<\/em><\/strong><\/p>\n<p><strong>&#8211; Sensaci\u00f3n de serenidad y calma interior<\/strong><\/p>\n<p><strong>&#8211; Apoyo en procesos de cambio personal<\/strong><\/p>\n<p><strong>&#8211; Desarrollo de la intuici\u00f3n<\/strong><\/p>\n<p><strong>&#8211; Conexi\u00f3n con el autoconocimiento<\/strong><\/p>\n<p><strong>&#8211; Ambiente ideal para la meditaci\u00f3n<\/strong><\/p>\n<p><strong><img decoding=\"async\" class=\"emoji\" role=\"img\" draggable=\"false\" src=\"https:\/\/s.w.org\/images\/core\/emoji\/17.0.2\/svg\/1f52e.svg\" alt=\"\ud83d\udd2e\" \/><em>\u00a0Ritual de uso \u2013 Vela de Miel Lila<\/em><\/strong><\/p>\n<p><strong>Serenidad\u00a0\u00b7\u00a0Cambio\u00a0\u00b7\u00a0Autoconocimiento<\/strong><\/p>\n<p>Para potenciar sus efectos, te recomendamos utilizar esta vela con un peque\u00f1o ritual consciente.<\/p>\n<p>Busca un espacio tranquilo y silencioso. Antes de encenderla, sost\u00e9n la vela entre las manos durante unos instantes. Respira profundamente y permite que tu cuerpo se relaje. Lleva la atenci\u00f3n hacia el interior.<\/p>\n<p>Enciende la vela con una <strong>intenci\u00f3n clara,<\/strong> por ejemplo:<br \/>\n\u00ab<em>Abro mi camino al cambio consciente.<\/em> <em>Conf\u00edo en mi intuici\u00f3n y escucho mi sabidur\u00eda interior.\u00bb<\/em><\/p>\n<p>Deja que la llama te acompa\u00f1e unos minutos mientras visualizas una <strong>luz lila<\/strong> <strong>suave<\/strong> que rodea tu jefe y tu cuerpo, aportando calma, claridad y conexi\u00f3n profunda.<\/p>\n<p>Deja que la vela se <strong>consume completamente<\/strong>, respetando el proceso. Es un ritual ideal para momentos de meditaci\u00f3n, reflexi\u00f3n, cierre de ciclos o inicio de nuevas etapas.<\/p>\n<p><img decoding=\"async\" class=\"emoji\" role=\"img\" draggable=\"false\" src=\"https:\/\/s.w.org\/images\/core\/emoji\/17.0.2\/svg\/2728.svg\" alt=\"\u2728\" \/>\u00a0Una vela para pararte, mirar adentro y permitir que el cambio llegue desde la serenidad.<\/p>\n<p><em><strong>Como potenciar todav\u00eda m\u00e1s el trabajo energ\u00e9tico<\/strong><\/em><\/p>\n<p>Si quieres profundizar todav\u00eda m\u00e1s en el trabajo de conectar con tu ni\u00f1o interior, la creatividad y la imaginaci\u00f3n. Si quieres recuperar el placer, la ilusi\u00f3n y la vitalidad puedes combinar y potenciar esta vela con otras opciones de la colecci\u00f3n.<\/p>\n<p><img decoding=\"async\" class=\"emoji\" role=\"img\" draggable=\"false\" src=\"https:\/\/s.w.org\/images\/core\/emoji\/17.0.2\/svg\/1f449.svg\" alt=\"\ud83d\udc49\" \/>\u00a0Para un trabajo m\u00e1s intenso, te recomendamos potenciarla con el <strong>Ritual potenciador lila<\/strong><\/p>\n<p><img decoding=\"async\" class=\"emoji\" role=\"img\" draggable=\"false\" src=\"https:\/\/s.w.org\/images\/core\/emoji\/17.0.2\/svg\/1f449.svg\" alt=\"\ud83d\udc49\" \/>\u00a0Descubre otras <strong>velas de miel artesanas<\/strong> para diferentes necesidades <strong>energ\u00e9ticas<\/strong>.<\/p>\n<p><img decoding=\"async\" class=\"emoji\" role=\"img\" draggable=\"false\" src=\"https:\/\/s.w.org\/images\/core\/emoji\/17.0.2\/svg\/1f56f.svg\" alt=\"\ud83d\udd6f\ufe0f\" \/><strong>\u00a0Vela consciente y natural<\/strong><\/p>\n<p><strong>Adem\u00e1s<\/strong>, est\u00e1 elaborada artesanalmente con <strong>cera de abeja 100% natural<\/strong>, sin parafinas ni qu\u00edmicos. <strong>De este modo<\/strong>, respeta tu bienestar, la energ\u00eda del espacio y la vida.<\/p>\n<p><img decoding=\"async\" class=\"emoji\" role=\"img\" draggable=\"false\" src=\"https:\/\/s.w.org\/images\/core\/emoji\/17.0.2\/svg\/2728.svg\" alt=\"\u2728\" \/>\u00a0<strong>En resumen<\/strong>, una vela para recordarte que vivir tambi\u00e9n es alegr\u00eda, juego e ilusi\u00f3n.<\/p>\n<p><img decoding=\"async\" class=\"emoji\" role=\"img\" draggable=\"false\" src=\"https:\/\/s.w.org\/images\/core\/emoji\/17.0.2\/svg\/1f52e.svg\" alt=\"\ud83d\udd2e\" \/>\u00a0Velas de color con lectura energ\u00e9tica personalizada<\/p>\n<p>Todas las velas de color de Velas Dal\u00ed incluyen una lectura energ\u00e9tica personalizada, realizada por m\u00ed misma, a partir del mensaje que deja la vela una vez se ha consumido.<\/p>\n<p>Esta lectura <strong>es una lectura intuitiva propia de Velas Dal\u00ed<\/strong>, fruto de la experiencia y de la conexi\u00f3n con el lenguaje de la cera, la llama y el proceso de combusti\u00f3n. No es una lectura gen\u00e9rica, sino una interpretaci\u00f3n consciente del trabajo energ\u00e9tico que ha hecho tu vela.<\/p>\n<p><em><img decoding=\"async\" class=\"emoji\" role=\"img\" draggable=\"false\" src=\"https:\/\/s.w.org\/images\/core\/emoji\/17.0.2\/svg\/1f56f.svg\" alt=\"\ud83d\udd6f\ufe0f\" \/><strong>\u00a0C\u00f3mo funciona la lectura?<\/strong><\/em><\/p>\n<p>El proceso es muy sencillo:<\/p>\n<p>1. Enciende la vela poniendo <strong>una sola intenci\u00f3n clara,<\/strong> relacionada con el significado del color.<br \/>\n2. Deja que la vela se <strong>consuma completamente<\/strong>, sin interrumpir el proceso.<br \/>\n3. Una vez acabada, haz una <strong>foto del resultado final<\/strong> de la vela.<br \/>\n4. Env\u00edame las fotos de los restos de cera por <em><strong>WhatsApp<\/strong><\/em>, e indican tambi\u00e9n <strong>la intenci\u00f3n con la que la has encendido.<\/strong><\/p>\n<p><img decoding=\"async\" class=\"emoji\" role=\"img\" draggable=\"false\" src=\"https:\/\/s.w.org\/images\/core\/emoji\/17.0.2\/svg\/1f4f8.svg\" alt=\"\ud83d\udcf8\" \/>\u00a0COMO HACER LAS FOTOS DE LA CERA (MUY IMPORTANTE)<\/p>\n<p>Para poder hacer una lectura clara y cuidadosa, es importante que las fotos de la cera se hagan correctamente.<\/p>\n<p>Sigue estos pasos sencillos:<\/p>\n<p>1. Deja que la cera se enfr\u00ede completamente.<br \/>\n2. Desengancha<strong> con cuidado<\/strong> los restos de la cera del plato o superficie donde ha quemado la vela.<br \/>\n3. Haz una <strong>foto de la cera por la parte de delante<\/strong> (tal como ha quedado).<br \/>\n4. Despu\u00e9s, <strong>gira la cera<\/strong> y haz una foto de la <strong>parte trasera.<\/strong><br \/>\n5. Env\u00edame <strong>ambas fotos por <em>WhatsApp<\/em>,<\/strong> junto con la intenci\u00f3n con que encendiste la vela.<\/p>\n<p><img decoding=\"async\" class=\"emoji\" role=\"img\" draggable=\"false\" src=\"https:\/\/s.w.org\/images\/core\/emoji\/17.0.2\/svg\/1f449.svg\" alt=\"\ud83d\udc49\" \/>\u00a0Este paso es esencial, puesto que el color de detr\u00e1s a veces es diferente al de delante, los relevos y contiene informaci\u00f3n del mensaje.<\/p>\n<p>A partir de aqu\u00ed, yo har\u00e9 la lectura y te devolver\u00e9 el mensaje que la vela te ha dejado, porque lo puedas integrar con conciencia.<\/p>\n<p><img decoding=\"async\" class=\"emoji\" role=\"img\" draggable=\"false\" src=\"https:\/\/s.w.org\/images\/core\/emoji\/17.0.2\/svg\/2728.svg\" alt=\"\u2728\" \/>\u00a0De este modo, la vela no solo acompa\u00f1a el ritual, sino que se convierte en una <strong>herramienta de gu\u00eda, comprensi\u00f3n y transformaci\u00f3n personal.<\/strong><\/p>\n<p><strong>Una lectura propia de Velas Dal\u00ed<\/strong><br \/>\nCada lectura es \u00fanica. La vela habla a trav\u00e9s de la cantidad de cera que \u201cllora\u201d y el proceso de combusti\u00f3n. Yo leo este lenguaje y te devuelvo el mensaje para que puedas integrarlo con conciencia en tu camino personal.<\/p>\n<p>Para poder hacer la lectura correctamente, es <strong>imprescindible<\/strong> que, al enviar la foto, me indiques <strong>una sola intenci\u00f3n<\/strong>, la misma con la cual encendiste la vela.<\/p>\n<p><strong>Es importante que sea solo una intenci\u00f3n y por una sola persona, relaci\u00f3n o situaci\u00f3n,<\/strong> puesto que la lectura se hace a partir de este foco energ\u00e9tico concreto.<\/p>\n<p>A partir de la cera que ha llorado y el proceso de combusti\u00f3n, har\u00e9 la lectura y te devolver\u00e9 el <strong>mensaje que la vela tiene para t\u00ed<\/strong>, seg\u00fan la intenci\u00f3n escogida.<\/p>\n<p><strong>Preguntas frecuentes:<\/strong><br \/>\n<strong>La puedo apagar y volver encender cuando quiera?<\/strong><br \/>\nPuedes apagarla si lo necesitas pero es recomendable dejarla consumir hasta el final<\/p>\n<p><strong>Donde lo enciendo?<\/strong><br \/>\nEnci\u00e9ndela en un lugar seguro, que no haya materiales inflamables cerca, lejos de las corrientes de aire y que no lo tengas que cambiar de lugar mientras est\u00e9 encendida. Evita encenderla a la cocina o al lavabo puesto que el elemento agua y el elemento fuego se neutralizan y al\u00a0esplema\u00a0le costar\u00eda m\u00e1s hacer su trabajo.<\/p>\n<p><strong>En qu\u00e9 superficie es mejor encenderla?<\/strong><\/p>\n<p>Enci\u00e9ndela en un plato grande o en una bandeja de aluminio (esta es la mejor opci\u00f3n para poder desenganchar la cera residual y poder hacer las fotos de delante y del \u00faltima.)<\/p>\n<p><strong>Como env\u00edo las fotos porque me pod\u00e1is hacer la lectura?<\/strong><\/p>\n<p>Clica en el siguiente enlace : <a href=\"https:\/\/wa.me\/34623448284?text=Hola%2C%20t%27envio%20la%20foto%20de%20l%27espelma%20i%20la%20intenci%C3%B3\">Envia la foto per aqu\u00ed<\/a><\/p>\n<p><strong>Por m\u00e1s informaci\u00f3n sobre la lectura de velas clica el siguiente enlace:<\/strong><\/p>\n<blockquote class=\"wp-embedded-content\" data-secret=\"PZjHPwjDBK\"><p><a href=\"https:\/\/espelmesdali.com\/serveis-espelmes-dali\/\">Lectura<\/a><\/p><\/blockquote>\n<p><iframe class=\"wp-embedded-content\" sandbox=\"allow-scripts\" security=\"restricted\" style=\"position: absolute; visibility: hidden;\" title=\"\u00abLectura\u00bb \u2014 Espelmes Dal\u00ed\" src=\"https:\/\/espelmesdali.com\/serveis-espelmes-dali\/embed\/#?secret=ZPbOfuPfZk#?secret=PZjHPwjDBK\" data-secret=\"PZjHPwjDBK\" width=\"600\" height=\"338\" frameborder=\"0\" marginwidth=\"0\" marginheight=\"0\" scrolling=\"no\"><\/iframe><\/p>\n","protected":false},"excerpt":{"rendered":"<h4 style=\"text-align: center;\"><strong>Conecta con tu intuici\u00f3n. Favorece el cambio consciente, la serenidad y la sanaci\u00f3n.<\/strong><\/h4>\n<h4 style=\"text-align: center;\"><strong>Ideal si est\u00e1s en un momento de transformaci\u00f3n personal, necesitas claridad interior, calma mental o quieres profundizar en procesos de meditaci\u00f3n y autoconocimiento.<\/strong><\/h4>\n<h6>Vela artesanal de <strong>cera de abeja natural<\/strong> <strong>con miel<\/strong>, combinada con la energ\u00eda del <strong>color lila,<\/strong> asociado a la espiritualidad, la intuici\u00f3n y lo sexto lacra.<\/p>\n<p><strong><img decoding=\"async\" class=\"emoji\" role=\"img\" draggable=\"false\" src=\"https:\/\/s.w.org\/images\/core\/emoji\/17.0.2\/svg\/2728.svg\" alt=\"\u2728\" \/>\u00a0Incluye lectura energ\u00e9tica personalizada.<\/strong><\/h6>\n","protected":false},"featured_media":10697,"comment_status":"open","ping_status":"closed","template":"","meta":[],"product_brand":[],"product_cat":[1274,1272,639,580],"product_tag":[883,775,585,792,778,608,610,625,594,774],"class_list":{"0":"post-8800","1":"product","2":"type-product","3":"status-publish","4":"has-post-thumbnail","6":"product_cat-cambios","7":"product_cat-colores-","8":"product_cat-meditacion--reiki","9":"product_cat-velas-de-miel","10":"product_tag-autoconocimiento","11":"product_tag-cambio-es","12":"product_tag-espelmes-de-mel-es","13":"product_tag-magia-es","14":"product_tag-miel","15":"product_tag-poder-es","16":"product_tag-ritual-es","17":"product_tag-serenidad","18":"product_tag-vela","19":"product_tag-velas-es","20":"product_shipping_class-enviament-lleuger","21":"infinite-scroll-item","22":"sales-flash-overlay","23":"woocommerce-text-align-center","24":"woocommerce-image-align-center","25":"do-quantity-buttons","26":"wc-has-gallery","28":"first","29":"instock","30":"featured","31":"taxable","32":"shipping-taxable","33":"purchasable","34":"product-type-simple"},"yoast_head":"<!-- This site is optimized with the Yoast SEO plugin v27.4 - https:\/\/yoast.com\/product\/yoast-seo-wordpress\/ -->\n<title>*Serenidad \u00b7 Cambio \u00b7 Autoconocimiento*<\/title>\n<meta name=\"description\" content=\"Despierta el cambio y la sanaci\u00f3n con nuestras velas ritualizadas: Una experiencia m\u00e1gica para transformar y curar tu paz.\" \/>\n<meta name=\"robots\" content=\"index, follow, max-snippet:-1, max-image-preview:large, max-video-preview:-1\" \/>\n<link rel=\"canonical\" href=\"https:\/\/espelmesdali.com\/es\/producto\/serenidad-%c2%b7-cambio-%c2%b7-autoconocimiento-ritual-potenciador-lila-copia\/\" \/>\n<meta property=\"og:locale\" content=\"es_ES\" \/>\n<meta property=\"og:type\" content=\"article\" \/>\n<meta property=\"og:title\" content=\"*Serenidad \u00b7 Cambio \u00b7 Autoconocimiento*\" \/>\n<meta property=\"og:description\" content=\"Despierta el cambio y la sanaci\u00f3n con nuestras velas ritualizadas: Una experiencia m\u00e1gica para transformar y curar tu paz.\" \/>\n<meta property=\"og:url\" content=\"https:\/\/espelmesdali.com\/es\/producto\/serenidad-%c2%b7-cambio-%c2%b7-autoconocimiento-ritual-potenciador-lila-copia\/\" \/>\n<meta property=\"og:site_name\" content=\"Velas Dal\u00ed\" \/>\n<meta property=\"article:publisher\" content=\"https:\/\/www.facebook.com\/profile.php?id=100086540543846\" \/>\n<meta property=\"article:modified_time\" content=\"2026-02-05T11:16:10+00:00\" \/>\n<meta property=\"og:image\" content=\"https:\/\/espelmesdali.com\/wp-content\/uploads\/2024\/03\/lila-encesa.png\" \/>\n\t<meta property=\"og:image:width\" content=\"1024\" \/>\n\t<meta property=\"og:image:height\" content=\"1024\" \/>\n\t<meta property=\"og:image:type\" content=\"image\/png\" \/>\n<meta name=\"twitter:card\" content=\"summary_large_image\" \/>\n<meta name=\"twitter:label1\" content=\"Tiempo de lectura\" \/>\n\t<meta name=\"twitter:data1\" content=\"9 minutos\" \/>\n<script type=\"application\/ld+json\" class=\"yoast-schema-graph\">{\"@context\":\"https:\\\/\\\/schema.org\",\"@graph\":[{\"@type\":\"WebPage\",\"@id\":\"https:\\\/\\\/espelmesdali.com\\\/es\\\/producto\\\/serenidad-%c2%b7-cambio-%c2%b7-autoconocimiento-ritual-potenciador-lila-copia\\\/\",\"url\":\"https:\\\/\\\/espelmesdali.com\\\/es\\\/producto\\\/serenidad-%c2%b7-cambio-%c2%b7-autoconocimiento-ritual-potenciador-lila-copia\\\/\",\"name\":\"*Serenidad \u00b7 Cambio \u00b7 Autoconocimiento*\",\"isPartOf\":{\"@id\":\"https:\\\/\\\/espelmesdali.com\\\/es\\\/#website\"},\"primaryImageOfPage\":{\"@id\":\"https:\\\/\\\/espelmesdali.com\\\/es\\\/producto\\\/serenidad-%c2%b7-cambio-%c2%b7-autoconocimiento-ritual-potenciador-lila-copia\\\/#primaryimage\"},\"image\":{\"@id\":\"https:\\\/\\\/espelmesdali.com\\\/es\\\/producto\\\/serenidad-%c2%b7-cambio-%c2%b7-autoconocimiento-ritual-potenciador-lila-copia\\\/#primaryimage\"},\"thumbnailUrl\":\"https:\\\/\\\/espelmesdali.com\\\/wp-content\\\/uploads\\\/2024\\\/03\\\/lila-encesa.png\",\"datePublished\":\"2024-03-26T20:43:59+00:00\",\"dateModified\":\"2026-02-05T11:16:10+00:00\",\"description\":\"Despierta el cambio y la sanaci\u00f3n con nuestras velas ritualizadas: Una experiencia m\u00e1gica para transformar y curar tu paz.\",\"breadcrumb\":{\"@id\":\"https:\\\/\\\/espelmesdali.com\\\/es\\\/producto\\\/serenidad-%c2%b7-cambio-%c2%b7-autoconocimiento-ritual-potenciador-lila-copia\\\/#breadcrumb\"},\"inLanguage\":\"es\",\"potentialAction\":[{\"@type\":\"ReadAction\",\"target\":[\"https:\\\/\\\/espelmesdali.com\\\/es\\\/producto\\\/serenidad-%c2%b7-cambio-%c2%b7-autoconocimiento-ritual-potenciador-lila-copia\\\/\"]}]},{\"@type\":\"ImageObject\",\"inLanguage\":\"es\",\"@id\":\"https:\\\/\\\/espelmesdali.com\\\/es\\\/producto\\\/serenidad-%c2%b7-cambio-%c2%b7-autoconocimiento-ritual-potenciador-lila-copia\\\/#primaryimage\",\"url\":\"https:\\\/\\\/espelmesdali.com\\\/wp-content\\\/uploads\\\/2024\\\/03\\\/lila-encesa.png\",\"contentUrl\":\"https:\\\/\\\/espelmesdali.com\\\/wp-content\\\/uploads\\\/2024\\\/03\\\/lila-encesa.png\",\"width\":1024,\"height\":1024},{\"@type\":\"BreadcrumbList\",\"@id\":\"https:\\\/\\\/espelmesdali.com\\\/es\\\/producto\\\/serenidad-%c2%b7-cambio-%c2%b7-autoconocimiento-ritual-potenciador-lila-copia\\\/#breadcrumb\",\"itemListElement\":[{\"@type\":\"ListItem\",\"position\":1,\"name\":\"Portada\",\"item\":\"https:\\\/\\\/espelmesdali.com\\\/es\\\/\"},{\"@type\":\"ListItem\",\"position\":2,\"name\":\"Tienda\",\"item\":\"https:\\\/\\\/espelmesdali.com\\\/es\\\/tienda\\\/\"},{\"@type\":\"ListItem\",\"position\":3,\"name\":\"Meditaci\u00f3n \u00b7 Reiki\",\"item\":\"https:\\\/\\\/espelmesdali.com\\\/es\\\/categoria-producto\\\/meditacion-%c2%b7-reiki\\\/\"},{\"@type\":\"ListItem\",\"position\":4,\"name\":\"Vela de miel lila *Serenidad \u00b7 Cambio \u00b7 Autoconocimiento*\"}]},{\"@type\":\"WebSite\",\"@id\":\"https:\\\/\\\/espelmesdali.com\\\/es\\\/#website\",\"url\":\"https:\\\/\\\/espelmesdali.com\\\/es\\\/\",\"name\":\"Velas Dal\u00ed\",\"description\":\"Espelmes energ\u00e8tiques naturals i artesanes\",\"publisher\":{\"@id\":\"https:\\\/\\\/espelmesdali.com\\\/es\\\/#organization\"},\"alternateName\":\"Espelmes energ\u00e8tiques naturals i artesanes\",\"potentialAction\":[{\"@type\":\"SearchAction\",\"target\":{\"@type\":\"EntryPoint\",\"urlTemplate\":\"https:\\\/\\\/espelmesdali.com\\\/es\\\/?s={search_term_string}\"},\"query-input\":{\"@type\":\"PropertyValueSpecification\",\"valueRequired\":true,\"valueName\":\"search_term_string\"}}],\"inLanguage\":\"es\"},{\"@type\":\"Organization\",\"@id\":\"https:\\\/\\\/espelmesdali.com\\\/es\\\/#organization\",\"name\":\"Velas Dal\u00ed\",\"alternateName\":\"Espelmes energ\u00e8tiques naturals i artesanes\",\"url\":\"https:\\\/\\\/espelmesdali.com\\\/es\\\/\",\"logo\":{\"@type\":\"ImageObject\",\"inLanguage\":\"es\",\"@id\":\"https:\\\/\\\/espelmesdali.com\\\/es\\\/#\\\/schema\\\/logo\\\/image\\\/\",\"url\":\"https:\\\/\\\/i0.wp.com\\\/velasdali.com\\\/wp-content\\\/uploads\\\/2022\\\/12\\\/cropped-LOGO_DALI-01.jpg?fit=1200%2C1200&ssl=1\",\"contentUrl\":\"https:\\\/\\\/i0.wp.com\\\/velasdali.com\\\/wp-content\\\/uploads\\\/2022\\\/12\\\/cropped-LOGO_DALI-01.jpg?fit=1200%2C1200&ssl=1\",\"width\":1200,\"height\":1200,\"caption\":\"Velas Dal\u00ed\"},\"image\":{\"@id\":\"https:\\\/\\\/espelmesdali.com\\\/es\\\/#\\\/schema\\\/logo\\\/image\\\/\"},\"sameAs\":[\"https:\\\/\\\/www.facebook.com\\\/profile.php?id=100086540543846\",\"https:\\\/\\\/www.instagram.com\\\/espelmesdali\\\/\"]}]}<\/script>\n<!-- \/ Yoast SEO plugin. -->","yoast_head_json":{"title":"*Serenidad \u00b7 Cambio \u00b7 Autoconocimiento*","description":"Despierta el cambio y la sanaci\u00f3n con nuestras velas ritualizadas: Una experiencia m\u00e1gica para transformar y curar tu paz.","robots":{"index":"index","follow":"follow","max-snippet":"max-snippet:-1","max-image-preview":"max-image-preview:large","max-video-preview":"max-video-preview:-1"},"canonical":"https:\/\/espelmesdali.com\/es\/producto\/serenidad-%c2%b7-cambio-%c2%b7-autoconocimiento-ritual-potenciador-lila-copia\/","og_locale":"es_ES","og_type":"article","og_title":"*Serenidad \u00b7 Cambio \u00b7 Autoconocimiento*","og_description":"Despierta el cambio y la sanaci\u00f3n con nuestras velas ritualizadas: Una experiencia m\u00e1gica para transformar y curar tu paz.","og_url":"https:\/\/espelmesdali.com\/es\/producto\/serenidad-%c2%b7-cambio-%c2%b7-autoconocimiento-ritual-potenciador-lila-copia\/","og_site_name":"Velas Dal\u00ed","article_publisher":"https:\/\/www.facebook.com\/profile.php?id=100086540543846","article_modified_time":"2026-02-05T11:16:10+00:00","og_image":[{"width":1024,"height":1024,"url":"https:\/\/espelmesdali.com\/wp-content\/uploads\/2024\/03\/lila-encesa.png","type":"image\/png"}],"twitter_card":"summary_large_image","twitter_misc":{"Tiempo de lectura":"9 minutos"},"schema":{"@context":"https:\/\/schema.org","@graph":[{"@type":"WebPage","@id":"https:\/\/espelmesdali.com\/es\/producto\/serenidad-%c2%b7-cambio-%c2%b7-autoconocimiento-ritual-potenciador-lila-copia\/","url":"https:\/\/espelmesdali.com\/es\/producto\/serenidad-%c2%b7-cambio-%c2%b7-autoconocimiento-ritual-potenciador-lila-copia\/","name":"*Serenidad \u00b7 Cambio \u00b7 Autoconocimiento*","isPartOf":{"@id":"https:\/\/espelmesdali.com\/es\/#website"},"primaryImageOfPage":{"@id":"https:\/\/espelmesdali.com\/es\/producto\/serenidad-%c2%b7-cambio-%c2%b7-autoconocimiento-ritual-potenciador-lila-copia\/#primaryimage"},"image":{"@id":"https:\/\/espelmesdali.com\/es\/producto\/serenidad-%c2%b7-cambio-%c2%b7-autoconocimiento-ritual-potenciador-lila-copia\/#primaryimage"},"thumbnailUrl":"https:\/\/espelmesdali.com\/wp-content\/uploads\/2024\/03\/lila-encesa.png","datePublished":"2024-03-26T20:43:59+00:00","dateModified":"2026-02-05T11:16:10+00:00","description":"Despierta el cambio y la sanaci\u00f3n con nuestras velas ritualizadas: Una experiencia m\u00e1gica para transformar y curar tu paz.","breadcrumb":{"@id":"https:\/\/espelmesdali.com\/es\/producto\/serenidad-%c2%b7-cambio-%c2%b7-autoconocimiento-ritual-potenciador-lila-copia\/#breadcrumb"},"inLanguage":"es","potentialAction":[{"@type":"ReadAction","target":["https:\/\/espelmesdali.com\/es\/producto\/serenidad-%c2%b7-cambio-%c2%b7-autoconocimiento-ritual-potenciador-lila-copia\/"]}]},{"@type":"ImageObject","inLanguage":"es","@id":"https:\/\/espelmesdali.com\/es\/producto\/serenidad-%c2%b7-cambio-%c2%b7-autoconocimiento-ritual-potenciador-lila-copia\/#primaryimage","url":"https:\/\/espelmesdali.com\/wp-content\/uploads\/2024\/03\/lila-encesa.png","contentUrl":"https:\/\/espelmesdali.com\/wp-content\/uploads\/2024\/03\/lila-encesa.png","width":1024,"height":1024},{"@type":"BreadcrumbList","@id":"https:\/\/espelmesdali.com\/es\/producto\/serenidad-%c2%b7-cambio-%c2%b7-autoconocimiento-ritual-potenciador-lila-copia\/#breadcrumb","itemListElement":[{"@type":"ListItem","position":1,"name":"Portada","item":"https:\/\/espelmesdali.com\/es\/"},{"@type":"ListItem","position":2,"name":"Tienda","item":"https:\/\/espelmesdali.com\/es\/tienda\/"},{"@type":"ListItem","position":3,"name":"Meditaci\u00f3n \u00b7 Reiki","item":"https:\/\/espelmesdali.com\/es\/categoria-producto\/meditacion-%c2%b7-reiki\/"},{"@type":"ListItem","position":4,"name":"Vela de miel lila *Serenidad \u00b7 Cambio \u00b7 Autoconocimiento*"}]},{"@type":"WebSite","@id":"https:\/\/espelmesdali.com\/es\/#website","url":"https:\/\/espelmesdali.com\/es\/","name":"Velas Dal\u00ed","description":"Espelmes energ\u00e8tiques naturals i artesanes","publisher":{"@id":"https:\/\/espelmesdali.com\/es\/#organization"},"alternateName":"Espelmes energ\u00e8tiques naturals i artesanes","potentialAction":[{"@type":"SearchAction","target":{"@type":"EntryPoint","urlTemplate":"https:\/\/espelmesdali.com\/es\/?s={search_term_string}"},"query-input":{"@type":"PropertyValueSpecification","valueRequired":true,"valueName":"search_term_string"}}],"inLanguage":"es"},{"@type":"Organization","@id":"https:\/\/espelmesdali.com\/es\/#organization","name":"Velas Dal\u00ed","alternateName":"Espelmes energ\u00e8tiques naturals i artesanes","url":"https:\/\/espelmesdali.com\/es\/","logo":{"@type":"ImageObject","inLanguage":"es","@id":"https:\/\/espelmesdali.com\/es\/#\/schema\/logo\/image\/","url":"https:\/\/i0.wp.com\/velasdali.com\/wp-content\/uploads\/2022\/12\/cropped-LOGO_DALI-01.jpg?fit=1200%2C1200&ssl=1","contentUrl":"https:\/\/i0.wp.com\/velasdali.com\/wp-content\/uploads\/2022\/12\/cropped-LOGO_DALI-01.jpg?fit=1200%2C1200&ssl=1","width":1200,"height":1200,"caption":"Velas Dal\u00ed"},"image":{"@id":"https:\/\/espelmesdali.com\/es\/#\/schema\/logo\/image\/"},"sameAs":["https:\/\/www.facebook.com\/profile.php?id=100086540543846","https:\/\/www.instagram.com\/espelmesdali\/"]}]}},"_links":{"self":[{"href":"https:\/\/espelmesdali.com\/es\/wp-json\/wp\/v2\/product\/8800","targetHints":{"allow":["GET"]}}],"collection":[{"href":"https:\/\/espelmesdali.com\/es\/wp-json\/wp\/v2\/product"}],"about":[{"href":"https:\/\/espelmesdali.com\/es\/wp-json\/wp\/v2\/types\/product"}],"replies":[{"embeddable":true,"href":"https:\/\/espelmesdali.com\/es\/wp-json\/wp\/v2\/comments?post=8800"}],"wp:featuredmedia":[{"embeddable":true,"href":"https:\/\/espelmesdali.com\/es\/wp-json\/wp\/v2\/media\/10697"}],"wp:attachment":[{"href":"https:\/\/espelmesdali.com\/es\/wp-json\/wp\/v2\/media?parent=8800"}],"wp:term":[{"taxonomy":"product_brand","embeddable":true,"href":"https:\/\/espelmesdali.com\/es\/wp-json\/wp\/v2\/product_brand?post=8800"},{"taxonomy":"product_cat","embeddable":true,"href":"https:\/\/espelmesdali.com\/es\/wp-json\/wp\/v2\/product_cat?post=8800"},{"taxonomy":"product_tag","embeddable":true,"href":"https:\/\/espelmesdali.com\/es\/wp-json\/wp\/v2\/product_tag?post=8800"}],"curies":[{"name":"wp","href":"https:\/\/api.w.org\/{rel}","templated":true}]}}