{"id":8798,"date":"2024-03-26T21:37:30","date_gmt":"2024-03-26T20:37:30","guid":{"rendered":"https:\/\/espelmesdali.com\/?post_type=product&#038;p=8798"},"modified":"2026-02-27T12:42:25","modified_gmt":"2026-02-27T11:42:25","slug":"proteccion-%c2%b7-familia-%c2%b7-documentos-vela-marron-cera-de-abeja","status":"publish","type":"product","link":"https:\/\/espelmesdali.com\/es\/producto\/proteccion-%c2%b7-familia-%c2%b7-documentos-vela-marron-cera-de-abeja\/","title":{"rendered":"Vela de miel marr\u00f3n *Protecci\u00f3n \u00b7 Familia \u00b7 Papeles*"},"content":{"rendered":"<h2 style=\"text-align: center;\" data-start=\"320\" data-end=\"552\"><strong>La Vela de Miel Marr\u00f3n de Velas Dal\u00ed une las propiedades naturales de la cera de abeja con miel \u2014abundancia, prosperidad y buenas energ\u00edas\u2014 con la energ\u00eda del color marr\u00f3n, s\u00edmbolo de la tierra, la estabilidad y la protecci\u00f3n.<\/strong><\/h2>\n<p data-start=\"554\" data-end=\"851\">El marr\u00f3n es un color profundamente ligado a la seguridad material y emocional. Est\u00e1 asociado a la <strong data-start=\"652\" data-end=\"674\">protecci\u00f3n familiar<\/strong>, a la resoluci\u00f3n de conflictos y a la necesidad de poner orden y claridad en situaciones que requieren atenci\u00f3n, especialmente cuando hay documentos, tr\u00e1mites o asuntos legales en juego.<\/p>\n<p data-start=\"853\" data-end=\"1072\">A nivel energ\u00e9tico, esta vela act\u00faa como un <strong data-start=\"902\" data-end=\"922\">apoyo protector<\/strong>, ayudando a sostener procesos que pueden generar estr\u00e9s, incertidumbre o tensi\u00f3n. Por este motivo, es especialmente recomendable en momentos relacionados con:<\/p>\n<ul data-start=\"1073\" data-end=\"1232\">\n<li data-start=\"1073\" data-end=\"1096\">\n<p data-start=\"1075\" data-end=\"1096\"><strong>tr\u00e1mites burocr\u00e1ticos<\/strong><\/p>\n<\/li>\n<li data-start=\"1097\" data-end=\"1121\">\n<p data-start=\"1099\" data-end=\"1121\"><strong>documentos importantes<\/strong><\/p>\n<\/li>\n<li data-start=\"1122\" data-end=\"1152\">\n<p data-start=\"1124\" data-end=\"1152\"><strong>juicios o procesos legales<\/strong><\/p>\n<\/li>\n<li data-start=\"1153\" data-end=\"1185\">\n<p data-start=\"1155\" data-end=\"1185\"><strong>ventas, negocios o contratos<\/strong><\/p>\n<\/li>\n<li data-start=\"1186\" data-end=\"1232\">\n<p data-start=\"1188\" data-end=\"1232\"><strong>divorcios, herencias o conflictos familiares<\/strong><\/p>\n<\/li>\n<\/ul>\n<p data-start=\"1234\" data-end=\"1437\">Por otro lado, el color marr\u00f3n tambi\u00e9n ayuda a <strong data-start=\"1278\" data-end=\"1313\">estabilizar la energ\u00eda familiar<\/strong>, protegiendo el entorno m\u00e1s cercano y aportando serenidad cuando hay conflictos, envidias o desequilibrios dentro del n\u00facleo familiar.<\/p>\n<p data-start=\"1439\" data-end=\"1658\">Siempre que encontramos el color marr\u00f3n en nuestras velas, estamos trabajando la <strong data-start=\"1517\" data-end=\"1569\">protecci\u00f3n, el arraigo y la resoluci\u00f3n consciente<\/strong> de situaciones que afectan la base de nuestra vida: la familia, el hogar y la seguridad.<\/p>\n<h2><strong>\u2728 Qu\u00e9 te aporta esta vela<\/strong><\/h2>\n<ul data-start=\"1702\" data-end=\"1925\">\n<li data-start=\"1702\" data-end=\"1746\">\n<p data-start=\"1704\" data-end=\"1746\"><strong>Protecci\u00f3n energ\u00e9tica personal y familiar<\/strong><\/p>\n<\/li>\n<li data-start=\"1747\" data-end=\"1797\">\n<p data-start=\"1749\" data-end=\"1797\"><strong>Apoyo en procesos legales y tr\u00e1mites de documentos<\/strong><\/p>\n<\/li>\n<li data-start=\"1798\" data-end=\"1848\">\n<p data-start=\"1800\" data-end=\"1848\"><strong>Claridad y estabilidad en momentos de conflicto<\/strong><\/p>\n<\/li>\n<li data-start=\"1849\" data-end=\"1885\">\n<p data-start=\"1851\" data-end=\"1885\"><strong>Arraigo y seguridad emocional<\/strong><\/p>\n<\/li>\n<li data-start=\"1886\" data-end=\"1925\">\n<p data-start=\"1888\" data-end=\"1925\"><strong>Harmonizaci\u00f3n de la energ\u00eda familiar<\/strong><\/p>\n<\/li>\n<\/ul>\n<h2 data-start=\"1932\" data-end=\"1977\"><strong>\ud83d\udd6f\ufe0f Ritual de uso con la vela de miel marr\u00f3n<\/strong><\/h2>\n<p data-start=\"1979\" data-end=\"2080\">Para potenciar sus efectos, te recomendamos usar esta vela con un peque\u00f1o ritual consciente.<\/p>\n<p data-start=\"2082\" data-end=\"2271\">Busca un espacio tranquilo, preferiblemente en casa. Antes de encender la vela, sostenla entre las manos unos instantes. Respira profundamente y conecta con la sensaci\u00f3n de seguridad y arraigo.<\/p>\n<p data-start=\"2273\" data-end=\"2489\">Enciende la vela con <strong data-start=\"2293\" data-end=\"2315\">una intenci\u00f3n clara<\/strong>, relacionada con la protecci\u00f3n, la familia o los documentos que quieras desbloquear, por ejemplo:<br data-start=\"2406\" data-end=\"2409\" \/><em data-start=\"2409\" data-end=\"2489\">\u00abActivo la protecci\u00f3n, la claridad y la resoluci\u00f3n positiva de esta situaci\u00f3n.\u00bb<\/em><\/p>\n<p data-start=\"2491\" data-end=\"2646\">Deja que la llama te acompa\u00f1e unos minutos mientras visualizas una luz marr\u00f3n que envuelve tu cuerpo y tu hogar, aportando estabilidad, protecci\u00f3n y orden.<\/p>\n<p data-start=\"2648\" data-end=\"2774\">Es importante <strong data-start=\"2661\" data-end=\"2712\">dejar que la vela se consuma completamente<\/strong>, permitiendo que el proceso energ\u00e9tico se cierre con conciencia.<\/p>\n<p data-start=\"2781\" data-end=\"2882\">\u2728 Una vela para proteger, sostener y dar luz a aquello que necesita orden, justicia y estabilidad.<\/p>\n<h2><strong>C\u00f3mo potenciar a\u00fan m\u00e1s el trabajo energ\u00e9tico<\/strong><\/h2>\n<p>Si deseas profundizar m\u00e1s en el trabajo de conectar con tu ni\u00f1o interior, la creatividad y la imaginaci\u00f3n, puedes combinar y potenciar esta vela con otras opciones de la colecci\u00f3n.<\/p>\n<p>\ud83d\udc49 Para un trabajo m\u00e1s intenso, recomendamos potenciarla con el <strong><a href=\"https:\/\/espelmesdali.com\/producte\/proteccio-familia-papers-ritual-potenciador-marro\/\">Pack Potenciador Marr\u00f3n<\/a><\/strong><\/p>\n<p>\ud83d\udc49 Descubre otras <a href=\"https:\/\/espelmesdali.com\/?s=mel&amp;post_type=product&amp;dgwt_wcas=1&amp;lang=ca\"><strong>velas de miel artesanales<\/strong><\/a> para diferentes necesidades energ\u00e9ticas.<\/p>\n<h2><strong>\ud83d\udd6f\ufe0f Vela consciente y natural<\/strong><\/h2>\n<p>Adem\u00e1s, est\u00e1 elaborada artesanalmente con <strong>cera de abeja 100% natural<\/strong>, sin parafinas ni qu\u00edmicos. De este modo, respeta tu bienestar, la energ\u00eda del espacio y la vida.<\/p>\n<p>\u2728 En resumen, una vela para recordarte que vivir tambi\u00e9n es alegr\u00eda, juego e ilusi\u00f3n.<\/p>\n<h3><strong>\ud83d\udd2e<\/strong> <strong>Velas de color con lectura energ\u00e9tica personalizada<\/strong><\/h3>\n<p>Todas las <strong>velas de color de Espelmes Dal\u00ed<\/strong> incluyen una <strong>lectura energ\u00e9tica personalizada<\/strong>, realizada por m\u00ed misma, a partir del mensaje que deja la vela una vez consumida.<\/p>\n<p>Esta lectura es una <strong>lectura intuitiva propia de Dal\u00ed<\/strong>, fruto de la experiencia y de la conexi\u00f3n con el lenguaje de la cera, la llama y el proceso de combusti\u00f3n. No es una lectura gen\u00e9rica, sino una interpretaci\u00f3n consciente del trabajo energ\u00e9tico que ha hecho tu vela.<\/p>\n<h2><strong>\ud83d\udd6f\ufe0f C\u00f3mo funciona la lectura<\/strong><\/h2>\n<p>El proceso es muy sencillo:<\/p>\n<ol>\n<li>Enciende la vela poniendo <strong>una sola intenci\u00f3n clara<\/strong>, relacionada con el significado del color.<\/li>\n<li>Deja que la vela se <strong>consuma completamente<\/strong>, sin interrumpir el proceso.<\/li>\n<li>Una vez terminada, haz una <strong>foto del resultado final<\/strong> de la vela.<\/li>\n<li>Env\u00edame las fotos de los restos de cera por <a href=\"https:\/\/wa.me\/34623448284?text=Hola%2C%20t%27envio%20la%20foto%20de%20l%27espelma%20i%20la%20intenci%C3%B3\"><strong><em>WhatsApp<\/em><\/strong><\/a>, indicando tambi\u00e9n <strong>la intenci\u00f3n con la que la encendiste<\/strong>.<\/li>\n<\/ol>\n<h3><strong>\ud83d\udcf8 C\u00f3mo hacer las fotos de la cera (MUY IMPORTANTE)<\/strong><\/h3>\n<p>Para poder hacer una lectura clara y precisa, es importante que las fotos de la cera se tomen correctamente:<\/p>\n<ol>\n<li>Deja que la cera se enfr\u00ede completamente.<\/li>\n<li>Despega <strong>con cuidado<\/strong> los restos de cera del plato o superficie donde ha quemado la vela.<\/li>\n<li>Haz una <strong>foto de la cera por la parte delantera<\/strong> (tal como qued\u00f3).<\/li>\n<li>Despu\u00e9s, <strong>gira la cera<\/strong> y haz una <strong>foto de la parte trasera<\/strong>.<\/li>\n<li>Env\u00edame <strong>ambas fotos por <\/strong><a href=\"https:\/\/wa.me\/34623448284?text=Hola%2C%20t%27envio%20la%20foto%20de%20l%27espelma%20i%20la%20intenci%C3%B3\"><strong><em>WhatsApp<\/em><\/strong><\/a>, junto con la intenci\u00f3n con la que encendiste la vela.<\/li>\n<\/ol>\n<p>\ud83d\udc49 Este paso es esencial, ya que el color trasero a veces difiere del frontal, los relieves contienen informaci\u00f3n del mensaje.<\/p>\n<p>A partir de aqu\u00ed, realizar\u00e9 la lectura y te devolver\u00e9 el <strong>mensaje que la vela te ha dejado<\/strong>, para que puedas integrarlo con conciencia.<\/p>\n<p>\u2728 De este modo, la vela no solo acompa\u00f1a el ritual, sino que se convierte en una <strong>herramienta de gu\u00eda, comprensi\u00f3n y transformaci\u00f3n personal<\/strong>.<\/p>\n<h2><strong>Una lectura propia de Espelmes Dal\u00ed<\/strong><\/h2>\n<p>Cada lectura es \u00fanica. La vela habla a trav\u00e9s de la cantidad de cera que \u201cllora\u201d y del proceso de combusti\u00f3n. Leo este lenguaje y te devuelvo el mensaje para que lo integres con conciencia en tu camino personal.<\/p>\n<p>Para realizar correctamente la lectura, es <strong>imprescindible<\/strong> que al enviar la foto, indiques <strong>una sola intenci\u00f3n<\/strong>, la misma con la que encendiste la vela.<\/p>\n<p><strong>Es importante que sea solo una intenci\u00f3n y para una sola persona, relaci\u00f3n o situaci\u00f3n<\/strong>, ya que la lectura se hace a partir de ese foco energ\u00e9tico concreto.<\/p>\n<p>A partir de la cera que ha llorado y del proceso de combusti\u00f3n, realizar\u00e9 la lectura y te devolver\u00e9 el <strong>mensaje que la vela tiene para ti<\/strong>, seg\u00fan la intenci\u00f3n escogida.<\/p>\n<h2><strong>Preguntas frecuentes:<\/strong><\/h2>\n<p><strong>\u00bfPuedo apagarla y volver a encenderla cuando quiera?<\/strong><br \/>\nPuedes apagarla si lo necesitas, pero se recomienda dejarla consumir hasta el final.<\/p>\n<p><strong>\u00bfD\u00f3nde la enciendo?<\/strong><br \/>\nEnci\u00e9ndela en un lugar seguro, sin materiales inflamables cerca, lejos de corrientes de aire y sin moverla mientras est\u00e9 encendida. Evita encenderla en la cocina o el ba\u00f1o, ya que el elemento agua y el elemento fuego se neutralizan y a la vela le costar\u00eda m\u00e1s hacer su trabajo.<\/p>\n<p><strong>\u00bfEn qu\u00e9 superficie es mejor encenderla?<\/strong><br \/>\nEnci\u00e9ndela en un plato grande o en una bandeja de aluminio (esta es la mejor opci\u00f3n para despegar los restos de cera y poder hacer las fotos de delante y detr\u00e1s).<\/p>\n<p><strong>\u00bfC\u00f3mo env\u00edo las fotos para la lectura?<\/strong><br \/>\nHaz clic en el siguiente enlace: <a href=\"https:\/\/wa.me\/34623448284?text=Hola%2C%20t%27envio%20la%20foto%20de%20l%27espelma%20i%20la%20intenci%C3%B3\">Enviar foto por aqu\u00ed<\/a><\/p>\n<p><strong>M\u00e1s informaci\u00f3n sobre la lectura de velas:<\/strong><br \/>\n<a href=\"https:\/\/espelmesdali.com\/serveis-espelmes-dali\/\">https:\/\/espelmesdali.com\/serveis-espelmes-dali\/<\/a><\/p>\n","protected":false},"excerpt":{"rendered":"<h1 style=\"text-align: center;\" data-start=\"299\" data-end=\"434\"><strong>Aporta protecci\u00f3n, estabilidad y claridad, ayud\u00e1ndote a sentirte m\u00e1s segura ante situaciones familiares delicadas o tr\u00e1mites importantes.<\/strong><\/h1>\n<h2 style=\"text-align: center;\" data-start=\"436\" data-end=\"592\"><strong>Ideal cuando necesitas apoyo en temas legales, documentos, tr\u00e1mites, juicios o conflictos familiares, as\u00ed como para proteger la energ\u00eda del hogar y de los tuyos.<\/strong><\/h2>\n<h3 data-start=\"594\" data-end=\"807\">Vela artesanal de <strong data-start=\"615\" data-end=\"648\">cera de abeja natural con miel<\/strong>, combinada con la energ\u00eda del <strong data-start=\"678\" data-end=\"693\">color marr\u00f3n<\/strong>, asociada a la tierra, la protecci\u00f3n, la estabilidad y la familia.<\/h3>\n<h4 data-start=\"594\" data-end=\"807\"><br data-start=\"757\" data-end=\"760\" \/>\u2728 <strong data-start=\"762\" data-end=\"807\">Incluye lectura energ\u00e9tica personalizada.<\/strong><\/h4>\n","protected":false},"featured_media":10729,"comment_status":"open","ping_status":"closed","template":"","meta":[],"product_brand":[],"product_cat":[1272,1171,635,580],"product_tag":[918,585,606,778,608,600,610,594,774],"class_list":{"0":"post-8798","1":"product","2":"type-product","3":"status-publish","4":"has-post-thumbnail","6":"product_cat-colores-","7":"product_cat-familia--proteccion","8":"product_cat-proteccion--familia-documentos","9":"product_cat-velas-de-miel","10":"product_tag-documentos-es","11":"product_tag-espelmes-de-mel-es","12":"product_tag-familia-es","13":"product_tag-miel","14":"product_tag-poder-es","15":"product_tag-proteccion","16":"product_tag-ritual-es","17":"product_tag-vela","18":"product_tag-velas-es","19":"product_shipping_class-enviament-lleuger","20":"infinite-scroll-item","21":"sales-flash-overlay","22":"woocommerce-text-align-center","23":"woocommerce-image-align-center","24":"do-quantity-buttons","25":"wc-has-gallery","27":"first","28":"instock","29":"featured","30":"taxable","31":"shipping-taxable","32":"purchasable","33":"product-type-simple"},"yoast_head":"<!-- This site is optimized with the Yoast SEO plugin v27.4 - https:\/\/yoast.com\/product\/yoast-seo-wordpress\/ -->\n<title>Vela de miel marr\u00f3n *Protecci\u00f3n \u00b7 Familia \u00b7 Papeles*<\/title>\n<meta name=\"description\" content=\"Vela de miel marr\u00f3n de cera de abeja natural para protecci\u00f3n familiar, papeles y temas legales. Ideal para estabilidad y conflictos familiares.\" \/>\n<meta name=\"robots\" content=\"index, follow, max-snippet:-1, max-image-preview:large, max-video-preview:-1\" \/>\n<link rel=\"canonical\" href=\"https:\/\/espelmesdali.com\/es\/producto\/proteccion-%c2%b7-familia-%c2%b7-documentos-vela-marron-cera-de-abeja\/\" \/>\n<meta property=\"og:locale\" content=\"es_ES\" \/>\n<meta property=\"og:type\" content=\"article\" \/>\n<meta property=\"og:title\" content=\"Vela de miel marr\u00f3n *Protecci\u00f3n \u00b7 Familia \u00b7 Papeles*\" \/>\n<meta property=\"og:description\" content=\"Vela de miel marr\u00f3n de cera de abeja natural para protecci\u00f3n familiar, papeles y temas legales. Ideal para estabilidad y conflictos familiares.\" \/>\n<meta property=\"og:url\" content=\"https:\/\/espelmesdali.com\/es\/producto\/proteccion-%c2%b7-familia-%c2%b7-documentos-vela-marron-cera-de-abeja\/\" \/>\n<meta property=\"og:site_name\" content=\"Velas Dal\u00ed\" \/>\n<meta property=\"article:publisher\" content=\"https:\/\/www.facebook.com\/profile.php?id=100086540543846\" \/>\n<meta property=\"article:modified_time\" content=\"2026-02-27T11:42:25+00:00\" \/>\n<meta property=\"og:image\" content=\"https:\/\/espelmesdali.com\/wp-content\/uploads\/2024\/03\/marro-encesa.png\" \/>\n\t<meta property=\"og:image:width\" content=\"1024\" \/>\n\t<meta property=\"og:image:height\" content=\"1024\" \/>\n\t<meta property=\"og:image:type\" content=\"image\/png\" \/>\n<meta name=\"twitter:card\" content=\"summary_large_image\" \/>\n<meta name=\"twitter:label1\" content=\"Tiempo de lectura\" \/>\n\t<meta name=\"twitter:data1\" content=\"1 minuto\" \/>\n<script type=\"application\/ld+json\" class=\"yoast-schema-graph\">{\"@context\":\"https:\\\/\\\/schema.org\",\"@graph\":[{\"@type\":\"WebPage\",\"@id\":\"https:\\\/\\\/espelmesdali.com\\\/es\\\/producto\\\/proteccion-%c2%b7-familia-%c2%b7-documentos-vela-marron-cera-de-abeja\\\/\",\"url\":\"https:\\\/\\\/espelmesdali.com\\\/es\\\/producto\\\/proteccion-%c2%b7-familia-%c2%b7-documentos-vela-marron-cera-de-abeja\\\/\",\"name\":\"Vela de miel marr\u00f3n *Protecci\u00f3n \u00b7 Familia \u00b7 Papeles*\",\"isPartOf\":{\"@id\":\"https:\\\/\\\/espelmesdali.com\\\/es\\\/#website\"},\"primaryImageOfPage\":{\"@id\":\"https:\\\/\\\/espelmesdali.com\\\/es\\\/producto\\\/proteccion-%c2%b7-familia-%c2%b7-documentos-vela-marron-cera-de-abeja\\\/#primaryimage\"},\"image\":{\"@id\":\"https:\\\/\\\/espelmesdali.com\\\/es\\\/producto\\\/proteccion-%c2%b7-familia-%c2%b7-documentos-vela-marron-cera-de-abeja\\\/#primaryimage\"},\"thumbnailUrl\":\"https:\\\/\\\/espelmesdali.com\\\/wp-content\\\/uploads\\\/2024\\\/03\\\/marro-encesa.png\",\"datePublished\":\"2024-03-26T20:37:30+00:00\",\"dateModified\":\"2026-02-27T11:42:25+00:00\",\"description\":\"Vela de miel marr\u00f3n de cera de abeja natural para protecci\u00f3n familiar, papeles y temas legales. Ideal para estabilidad y conflictos familiares.\",\"breadcrumb\":{\"@id\":\"https:\\\/\\\/espelmesdali.com\\\/es\\\/producto\\\/proteccion-%c2%b7-familia-%c2%b7-documentos-vela-marron-cera-de-abeja\\\/#breadcrumb\"},\"inLanguage\":\"es\",\"potentialAction\":[{\"@type\":\"ReadAction\",\"target\":[\"https:\\\/\\\/espelmesdali.com\\\/es\\\/producto\\\/proteccion-%c2%b7-familia-%c2%b7-documentos-vela-marron-cera-de-abeja\\\/\"]}]},{\"@type\":\"ImageObject\",\"inLanguage\":\"es\",\"@id\":\"https:\\\/\\\/espelmesdali.com\\\/es\\\/producto\\\/proteccion-%c2%b7-familia-%c2%b7-documentos-vela-marron-cera-de-abeja\\\/#primaryimage\",\"url\":\"https:\\\/\\\/espelmesdali.com\\\/wp-content\\\/uploads\\\/2024\\\/03\\\/marro-encesa.png\",\"contentUrl\":\"https:\\\/\\\/espelmesdali.com\\\/wp-content\\\/uploads\\\/2024\\\/03\\\/marro-encesa.png\",\"width\":1024,\"height\":1024},{\"@type\":\"BreadcrumbList\",\"@id\":\"https:\\\/\\\/espelmesdali.com\\\/es\\\/producto\\\/proteccion-%c2%b7-familia-%c2%b7-documentos-vela-marron-cera-de-abeja\\\/#breadcrumb\",\"itemListElement\":[{\"@type\":\"ListItem\",\"position\":1,\"name\":\"Portada\",\"item\":\"https:\\\/\\\/espelmesdali.com\\\/es\\\/\"},{\"@type\":\"ListItem\",\"position\":2,\"name\":\"Tienda\",\"item\":\"https:\\\/\\\/espelmesdali.com\\\/es\\\/tienda\\\/\"},{\"@type\":\"ListItem\",\"position\":3,\"name\":\"Velas\",\"item\":\"https:\\\/\\\/espelmesdali.com\\\/es\\\/categoria-producto\\\/velas-de-miel\\\/\"},{\"@type\":\"ListItem\",\"position\":4,\"name\":\"Vela de miel marr\u00f3n *Protecci\u00f3n \u00b7 Familia \u00b7 Papeles*\"}]},{\"@type\":\"WebSite\",\"@id\":\"https:\\\/\\\/espelmesdali.com\\\/es\\\/#website\",\"url\":\"https:\\\/\\\/espelmesdali.com\\\/es\\\/\",\"name\":\"Velas Dal\u00ed\",\"description\":\"Espelmes energ\u00e8tiques naturals i artesanes\",\"publisher\":{\"@id\":\"https:\\\/\\\/espelmesdali.com\\\/es\\\/#organization\"},\"alternateName\":\"Espelmes energ\u00e8tiques naturals i artesanes\",\"potentialAction\":[{\"@type\":\"SearchAction\",\"target\":{\"@type\":\"EntryPoint\",\"urlTemplate\":\"https:\\\/\\\/espelmesdali.com\\\/es\\\/?s={search_term_string}\"},\"query-input\":{\"@type\":\"PropertyValueSpecification\",\"valueRequired\":true,\"valueName\":\"search_term_string\"}}],\"inLanguage\":\"es\"},{\"@type\":\"Organization\",\"@id\":\"https:\\\/\\\/espelmesdali.com\\\/es\\\/#organization\",\"name\":\"Velas Dal\u00ed\",\"alternateName\":\"Espelmes energ\u00e8tiques naturals i artesanes\",\"url\":\"https:\\\/\\\/espelmesdali.com\\\/es\\\/\",\"logo\":{\"@type\":\"ImageObject\",\"inLanguage\":\"es\",\"@id\":\"https:\\\/\\\/espelmesdali.com\\\/es\\\/#\\\/schema\\\/logo\\\/image\\\/\",\"url\":\"https:\\\/\\\/i0.wp.com\\\/velasdali.com\\\/wp-content\\\/uploads\\\/2022\\\/12\\\/cropped-LOGO_DALI-01.jpg?fit=1200%2C1200&ssl=1\",\"contentUrl\":\"https:\\\/\\\/i0.wp.com\\\/velasdali.com\\\/wp-content\\\/uploads\\\/2022\\\/12\\\/cropped-LOGO_DALI-01.jpg?fit=1200%2C1200&ssl=1\",\"width\":1200,\"height\":1200,\"caption\":\"Velas Dal\u00ed\"},\"image\":{\"@id\":\"https:\\\/\\\/espelmesdali.com\\\/es\\\/#\\\/schema\\\/logo\\\/image\\\/\"},\"sameAs\":[\"https:\\\/\\\/www.facebook.com\\\/profile.php?id=100086540543846\",\"https:\\\/\\\/www.instagram.com\\\/espelmesdali\\\/\"]}]}<\/script>\n<!-- \/ Yoast SEO plugin. -->","yoast_head_json":{"title":"Vela de miel marr\u00f3n *Protecci\u00f3n \u00b7 Familia \u00b7 Papeles*","description":"Vela de miel marr\u00f3n de cera de abeja natural para protecci\u00f3n familiar, papeles y temas legales. Ideal para estabilidad y conflictos familiares.","robots":{"index":"index","follow":"follow","max-snippet":"max-snippet:-1","max-image-preview":"max-image-preview:large","max-video-preview":"max-video-preview:-1"},"canonical":"https:\/\/espelmesdali.com\/es\/producto\/proteccion-%c2%b7-familia-%c2%b7-documentos-vela-marron-cera-de-abeja\/","og_locale":"es_ES","og_type":"article","og_title":"Vela de miel marr\u00f3n *Protecci\u00f3n \u00b7 Familia \u00b7 Papeles*","og_description":"Vela de miel marr\u00f3n de cera de abeja natural para protecci\u00f3n familiar, papeles y temas legales. Ideal para estabilidad y conflictos familiares.","og_url":"https:\/\/espelmesdali.com\/es\/producto\/proteccion-%c2%b7-familia-%c2%b7-documentos-vela-marron-cera-de-abeja\/","og_site_name":"Velas Dal\u00ed","article_publisher":"https:\/\/www.facebook.com\/profile.php?id=100086540543846","article_modified_time":"2026-02-27T11:42:25+00:00","og_image":[{"width":1024,"height":1024,"url":"https:\/\/espelmesdali.com\/wp-content\/uploads\/2024\/03\/marro-encesa.png","type":"image\/png"}],"twitter_card":"summary_large_image","twitter_misc":{"Tiempo de lectura":"1 minuto"},"schema":{"@context":"https:\/\/schema.org","@graph":[{"@type":"WebPage","@id":"https:\/\/espelmesdali.com\/es\/producto\/proteccion-%c2%b7-familia-%c2%b7-documentos-vela-marron-cera-de-abeja\/","url":"https:\/\/espelmesdali.com\/es\/producto\/proteccion-%c2%b7-familia-%c2%b7-documentos-vela-marron-cera-de-abeja\/","name":"Vela de miel marr\u00f3n *Protecci\u00f3n \u00b7 Familia \u00b7 Papeles*","isPartOf":{"@id":"https:\/\/espelmesdali.com\/es\/#website"},"primaryImageOfPage":{"@id":"https:\/\/espelmesdali.com\/es\/producto\/proteccion-%c2%b7-familia-%c2%b7-documentos-vela-marron-cera-de-abeja\/#primaryimage"},"image":{"@id":"https:\/\/espelmesdali.com\/es\/producto\/proteccion-%c2%b7-familia-%c2%b7-documentos-vela-marron-cera-de-abeja\/#primaryimage"},"thumbnailUrl":"https:\/\/espelmesdali.com\/wp-content\/uploads\/2024\/03\/marro-encesa.png","datePublished":"2024-03-26T20:37:30+00:00","dateModified":"2026-02-27T11:42:25+00:00","description":"Vela de miel marr\u00f3n de cera de abeja natural para protecci\u00f3n familiar, papeles y temas legales. Ideal para estabilidad y conflictos familiares.","breadcrumb":{"@id":"https:\/\/espelmesdali.com\/es\/producto\/proteccion-%c2%b7-familia-%c2%b7-documentos-vela-marron-cera-de-abeja\/#breadcrumb"},"inLanguage":"es","potentialAction":[{"@type":"ReadAction","target":["https:\/\/espelmesdali.com\/es\/producto\/proteccion-%c2%b7-familia-%c2%b7-documentos-vela-marron-cera-de-abeja\/"]}]},{"@type":"ImageObject","inLanguage":"es","@id":"https:\/\/espelmesdali.com\/es\/producto\/proteccion-%c2%b7-familia-%c2%b7-documentos-vela-marron-cera-de-abeja\/#primaryimage","url":"https:\/\/espelmesdali.com\/wp-content\/uploads\/2024\/03\/marro-encesa.png","contentUrl":"https:\/\/espelmesdali.com\/wp-content\/uploads\/2024\/03\/marro-encesa.png","width":1024,"height":1024},{"@type":"BreadcrumbList","@id":"https:\/\/espelmesdali.com\/es\/producto\/proteccion-%c2%b7-familia-%c2%b7-documentos-vela-marron-cera-de-abeja\/#breadcrumb","itemListElement":[{"@type":"ListItem","position":1,"name":"Portada","item":"https:\/\/espelmesdali.com\/es\/"},{"@type":"ListItem","position":2,"name":"Tienda","item":"https:\/\/espelmesdali.com\/es\/tienda\/"},{"@type":"ListItem","position":3,"name":"Velas","item":"https:\/\/espelmesdali.com\/es\/categoria-producto\/velas-de-miel\/"},{"@type":"ListItem","position":4,"name":"Vela de miel marr\u00f3n *Protecci\u00f3n \u00b7 Familia \u00b7 Papeles*"}]},{"@type":"WebSite","@id":"https:\/\/espelmesdali.com\/es\/#website","url":"https:\/\/espelmesdali.com\/es\/","name":"Velas Dal\u00ed","description":"Espelmes energ\u00e8tiques naturals i artesanes","publisher":{"@id":"https:\/\/espelmesdali.com\/es\/#organization"},"alternateName":"Espelmes energ\u00e8tiques naturals i artesanes","potentialAction":[{"@type":"SearchAction","target":{"@type":"EntryPoint","urlTemplate":"https:\/\/espelmesdali.com\/es\/?s={search_term_string}"},"query-input":{"@type":"PropertyValueSpecification","valueRequired":true,"valueName":"search_term_string"}}],"inLanguage":"es"},{"@type":"Organization","@id":"https:\/\/espelmesdali.com\/es\/#organization","name":"Velas Dal\u00ed","alternateName":"Espelmes energ\u00e8tiques naturals i artesanes","url":"https:\/\/espelmesdali.com\/es\/","logo":{"@type":"ImageObject","inLanguage":"es","@id":"https:\/\/espelmesdali.com\/es\/#\/schema\/logo\/image\/","url":"https:\/\/i0.wp.com\/velasdali.com\/wp-content\/uploads\/2022\/12\/cropped-LOGO_DALI-01.jpg?fit=1200%2C1200&ssl=1","contentUrl":"https:\/\/i0.wp.com\/velasdali.com\/wp-content\/uploads\/2022\/12\/cropped-LOGO_DALI-01.jpg?fit=1200%2C1200&ssl=1","width":1200,"height":1200,"caption":"Velas Dal\u00ed"},"image":{"@id":"https:\/\/espelmesdali.com\/es\/#\/schema\/logo\/image\/"},"sameAs":["https:\/\/www.facebook.com\/profile.php?id=100086540543846","https:\/\/www.instagram.com\/espelmesdali\/"]}]}},"_links":{"self":[{"href":"https:\/\/espelmesdali.com\/es\/wp-json\/wp\/v2\/product\/8798","targetHints":{"allow":["GET"]}}],"collection":[{"href":"https:\/\/espelmesdali.com\/es\/wp-json\/wp\/v2\/product"}],"about":[{"href":"https:\/\/espelmesdali.com\/es\/wp-json\/wp\/v2\/types\/product"}],"replies":[{"embeddable":true,"href":"https:\/\/espelmesdali.com\/es\/wp-json\/wp\/v2\/comments?post=8798"}],"wp:featuredmedia":[{"embeddable":true,"href":"https:\/\/espelmesdali.com\/es\/wp-json\/wp\/v2\/media\/10729"}],"wp:attachment":[{"href":"https:\/\/espelmesdali.com\/es\/wp-json\/wp\/v2\/media?parent=8798"}],"wp:term":[{"taxonomy":"product_brand","embeddable":true,"href":"https:\/\/espelmesdali.com\/es\/wp-json\/wp\/v2\/product_brand?post=8798"},{"taxonomy":"product_cat","embeddable":true,"href":"https:\/\/espelmesdali.com\/es\/wp-json\/wp\/v2\/product_cat?post=8798"},{"taxonomy":"product_tag","embeddable":true,"href":"https:\/\/espelmesdali.com\/es\/wp-json\/wp\/v2\/product_tag?post=8798"}],"curies":[{"name":"wp","href":"https:\/\/api.w.org\/{rel}","templated":true}]}}