{"id":8795,"date":"2024-03-26T15:04:53","date_gmt":"2024-03-26T14:04:53","guid":{"rendered":"https:\/\/espelmesdali.com\/?post_type=product&#038;p=8795"},"modified":"2026-02-03T12:24:58","modified_gmt":"2026-02-03T11:24:58","slug":"fuerza-y-seguridad-vela-roja-cera-de-abeja","status":"publish","type":"product","link":"https:\/\/espelmesdali.com\/es\/producto\/fuerza-y-seguridad-vela-roja-cera-de-abeja\/","title":{"rendered":"Fuerza y seguridad Vela Roja cera de abeja"},"content":{"rendered":"<p>Fomenta la Autoconfianza y el Empoderamiento con Nuestras Velas Esot\u00e9ricas. La energ\u00eda del color rojo, es el color de la sangre, del fuego, de la pasi\u00f3n, es excitante y estimula la acci\u00f3n.<\/p>\n<p>Estas <strong>velas esot\u00e9ricas est\u00e1n elaboradas artesanalmente<\/strong>, una a una y <strong>cargadas energ\u00e9ticamente<\/strong> cada una para trabajar su prop\u00f3sito seg\u00fan su color.<\/p>\n<p>Son autenticas velas de miel <strong>natural 100% cera pura de abeja<\/strong> de la pen\u00ednsula. Te\u00f1imos la cera de abeja artesanalmente con colorante org\u00e1nico y natural.<\/p>\n<p><i>S\u00e9 t\u00fa la energ\u00eda que quieres atraer y enciende la luz que ya eres<\/i><\/p>\n","protected":false},"excerpt":{"rendered":"<p><span style=\"color: #800080;\"><strong>PODER ENERG\u00c9TICO: \u2666\u2666\u2666\u2666\u25ca<\/strong><\/span><\/p>\n<p><span style=\"color: #800080;\">\u00b7Confianza \u00a0\u00a0\u00a0\u00a0\u00a0\u00a0\u00a0\u00a0\u00a0\u00a0\u00a0\u00a0\u00a0\u00a0\u00a0 \u00b7Seguridad \u00a0\u00a0\u00a0\u00a0\u00a0\u00a0\u00a0\u00a0\u00a0\u00a0\u00a0\u00b7 Energ\u00eda<\/span><\/p>\n<p>Fuerza y seguridad Vela Roja cera de abeja<\/p>\n<p>La energ\u00eda del color <b>rojo<\/b>, es el color de la sangre, del<b> fuego<\/b>, de la<b> pasi\u00f3n<\/b>, es excitante y estimula la <b> acci\u00f3n.<\/b> Est\u00e1 relacionado con el primer chacra, chacra ra\u00edz: la<b> seguridad<\/b>. De entre sus beneficios cabe destacar su<b> energ\u00eda y fuerza.<\/b><\/p>\n<p>Puedes encender una vela roja<b> cuando te sientas ap\u00e1tica, cansada, agotada<\/b>, aquellos d\u00edas que sientes que no tienes energ\u00eda . Tambi\u00e9n puedes encender esta vela para que tus relaciones est\u00e9n basadas en el amor verdadero y no pierdan la chispa y la pasi\u00f3n. Te ayudan a <b>confiar en ti misma<\/b>, te aportan seguridad. Siempre que encuentres el color rojo en nuestras velas estar\u00e1s potenciando la energ\u00eda, la fuerza y la pasi\u00f3n.<\/p>\n<p>Puedes regalar este pack a tu <b> pareja <\/b>para mantener la <b>chispa <\/b>bien activa.<\/p>\n<p>Seg\u00fan el feng shui, el lila, el rojo y el naranja representan la m\u00e1xima prosperidad.<b><\/b><\/p>\n","protected":false},"featured_media":7465,"comment_status":"open","ping_status":"closed","template":"","meta":[],"product_brand":[],"product_cat":[644,572,638,580],"product_tag":[591,605,585,792,778,608,610,594,774],"class_list":{"0":"post-8795","1":"product","2":"type-product","3":"status-publish","4":"has-post-thumbnail","6":"product_cat-potenciadores-es","7":"product_cat-rituales","8":"product_cat-seguridad--confianza","9":"product_cat-velas-de-miel","10":"product_tag-amor-es","11":"product_tag-energia-es","12":"product_tag-espelmes-de-mel-es","13":"product_tag-magia-es","14":"product_tag-miel","15":"product_tag-poder-es","16":"product_tag-ritual-es","17":"product_tag-vela","18":"product_tag-velas-es","19":"product_shipping_class-enviament-es","20":"infinite-scroll-item","21":"sales-flash-overlay","22":"woocommerce-text-align-center","23":"woocommerce-image-align-center","24":"do-quantity-buttons","25":"wc-has-gallery","27":"first","28":"instock","29":"taxable","30":"shipping-taxable","31":"purchasable","32":"product-type-simple"},"yoast_head":"<!-- This site is optimized with the Yoast SEO plugin v27.4 - https:\/\/yoast.com\/product\/yoast-seo-wordpress\/ -->\n<title>Fuerza y seguridad Vela Roja cera abeja<\/title>\n<meta name=\"description\" content=\"Fuerza y seguridad. Esta vela Roja es de cera de abeja. Potencia tu energ\u00eda y seguridad , enci\u00e9ndela cuando te sientas ap\u00e1tica y recupera tu vitalidad.\" \/>\n<meta name=\"robots\" content=\"index, follow, max-snippet:-1, max-image-preview:large, max-video-preview:-1\" \/>\n<link rel=\"canonical\" href=\"https:\/\/espelmesdali.com\/es\/producto\/fuerza-y-seguridad-vela-roja-cera-de-abeja\/\" \/>\n<meta property=\"og:locale\" content=\"es_ES\" \/>\n<meta property=\"og:type\" content=\"article\" \/>\n<meta property=\"og:title\" content=\"Fuerza y seguridad Vela Roja cera abeja\" \/>\n<meta property=\"og:description\" content=\"Fuerza y seguridad. Esta vela Roja es de cera de abeja. Potencia tu energ\u00eda y seguridad , enci\u00e9ndela cuando te sientas ap\u00e1tica y recupera tu vitalidad.\" \/>\n<meta property=\"og:url\" content=\"https:\/\/espelmesdali.com\/es\/producto\/fuerza-y-seguridad-vela-roja-cera-de-abeja\/\" \/>\n<meta property=\"og:site_name\" content=\"Velas Dal\u00ed\" \/>\n<meta property=\"article:publisher\" content=\"https:\/\/www.facebook.com\/profile.php?id=100086540543846\" \/>\n<meta property=\"article:modified_time\" content=\"2026-02-03T11:24:58+00:00\" \/>\n<meta property=\"og:image\" content=\"https:\/\/espelmesdali.com\/wp-content\/uploads\/2023\/10\/EDALI_MEL_VERMELL.jpg\" \/>\n\t<meta property=\"og:image:width\" content=\"1200\" \/>\n\t<meta property=\"og:image:height\" content=\"1200\" \/>\n\t<meta property=\"og:image:type\" content=\"image\/jpeg\" \/>\n<meta name=\"twitter:card\" content=\"summary_large_image\" \/>\n<meta name=\"twitter:label1\" content=\"Tiempo de lectura\" \/>\n\t<meta name=\"twitter:data1\" content=\"1 minuto\" \/>\n<script type=\"application\/ld+json\" class=\"yoast-schema-graph\">{\"@context\":\"https:\\\/\\\/schema.org\",\"@graph\":[{\"@type\":\"WebPage\",\"@id\":\"https:\\\/\\\/espelmesdali.com\\\/es\\\/producto\\\/fuerza-y-seguridad-vela-roja-cera-de-abeja\\\/\",\"url\":\"https:\\\/\\\/espelmesdali.com\\\/es\\\/producto\\\/fuerza-y-seguridad-vela-roja-cera-de-abeja\\\/\",\"name\":\"Fuerza y seguridad Vela Roja cera abeja\",\"isPartOf\":{\"@id\":\"https:\\\/\\\/espelmesdali.com\\\/es\\\/#website\"},\"primaryImageOfPage\":{\"@id\":\"https:\\\/\\\/espelmesdali.com\\\/es\\\/producto\\\/fuerza-y-seguridad-vela-roja-cera-de-abeja\\\/#primaryimage\"},\"image\":{\"@id\":\"https:\\\/\\\/espelmesdali.com\\\/es\\\/producto\\\/fuerza-y-seguridad-vela-roja-cera-de-abeja\\\/#primaryimage\"},\"thumbnailUrl\":\"https:\\\/\\\/espelmesdali.com\\\/wp-content\\\/uploads\\\/2023\\\/10\\\/EDALI_MEL_VERMELL.jpg\",\"datePublished\":\"2024-03-26T14:04:53+00:00\",\"dateModified\":\"2026-02-03T11:24:58+00:00\",\"description\":\"Fuerza y seguridad. Esta vela Roja es de cera de abeja. Potencia tu energ\u00eda y seguridad , enci\u00e9ndela cuando te sientas ap\u00e1tica y recupera tu vitalidad.\",\"breadcrumb\":{\"@id\":\"https:\\\/\\\/espelmesdali.com\\\/es\\\/producto\\\/fuerza-y-seguridad-vela-roja-cera-de-abeja\\\/#breadcrumb\"},\"inLanguage\":\"es\",\"potentialAction\":[{\"@type\":\"ReadAction\",\"target\":[\"https:\\\/\\\/espelmesdali.com\\\/es\\\/producto\\\/fuerza-y-seguridad-vela-roja-cera-de-abeja\\\/\"]}]},{\"@type\":\"ImageObject\",\"inLanguage\":\"es\",\"@id\":\"https:\\\/\\\/espelmesdali.com\\\/es\\\/producto\\\/fuerza-y-seguridad-vela-roja-cera-de-abeja\\\/#primaryimage\",\"url\":\"https:\\\/\\\/espelmesdali.com\\\/wp-content\\\/uploads\\\/2023\\\/10\\\/EDALI_MEL_VERMELL.jpg\",\"contentUrl\":\"https:\\\/\\\/espelmesdali.com\\\/wp-content\\\/uploads\\\/2023\\\/10\\\/EDALI_MEL_VERMELL.jpg\",\"width\":1200,\"height\":1200,\"caption\":\"EDALI MEL VERMELL\"},{\"@type\":\"BreadcrumbList\",\"@id\":\"https:\\\/\\\/espelmesdali.com\\\/es\\\/producto\\\/fuerza-y-seguridad-vela-roja-cera-de-abeja\\\/#breadcrumb\",\"itemListElement\":[{\"@type\":\"ListItem\",\"position\":1,\"name\":\"Portada\",\"item\":\"https:\\\/\\\/espelmesdali.com\\\/es\\\/\"},{\"@type\":\"ListItem\",\"position\":2,\"name\":\"Tienda\",\"item\":\"https:\\\/\\\/espelmesdali.com\\\/es\\\/tienda\\\/\"},{\"@type\":\"ListItem\",\"position\":3,\"name\":\"Amor \u00b7 Autoestima\",\"item\":\"https:\\\/\\\/espelmesdali.com\\\/es\\\/categoria-producto\\\/amor-%c2%b7-autoestima-es\\\/\"},{\"@type\":\"ListItem\",\"position\":4,\"name\":\"Fuerza y seguridad Vela Roja cera de abeja\"}]},{\"@type\":\"WebSite\",\"@id\":\"https:\\\/\\\/espelmesdali.com\\\/es\\\/#website\",\"url\":\"https:\\\/\\\/espelmesdali.com\\\/es\\\/\",\"name\":\"Velas Dal\u00ed\",\"description\":\"Espelmes energ\u00e8tiques naturals i artesanes\",\"publisher\":{\"@id\":\"https:\\\/\\\/espelmesdali.com\\\/es\\\/#organization\"},\"alternateName\":\"Espelmes energ\u00e8tiques naturals i artesanes\",\"potentialAction\":[{\"@type\":\"SearchAction\",\"target\":{\"@type\":\"EntryPoint\",\"urlTemplate\":\"https:\\\/\\\/espelmesdali.com\\\/es\\\/?s={search_term_string}\"},\"query-input\":{\"@type\":\"PropertyValueSpecification\",\"valueRequired\":true,\"valueName\":\"search_term_string\"}}],\"inLanguage\":\"es\"},{\"@type\":\"Organization\",\"@id\":\"https:\\\/\\\/espelmesdali.com\\\/es\\\/#organization\",\"name\":\"Velas Dal\u00ed\",\"alternateName\":\"Espelmes energ\u00e8tiques naturals i artesanes\",\"url\":\"https:\\\/\\\/espelmesdali.com\\\/es\\\/\",\"logo\":{\"@type\":\"ImageObject\",\"inLanguage\":\"es\",\"@id\":\"https:\\\/\\\/espelmesdali.com\\\/es\\\/#\\\/schema\\\/logo\\\/image\\\/\",\"url\":\"https:\\\/\\\/i0.wp.com\\\/velasdali.com\\\/wp-content\\\/uploads\\\/2022\\\/12\\\/cropped-LOGO_DALI-01.jpg?fit=1200%2C1200&ssl=1\",\"contentUrl\":\"https:\\\/\\\/i0.wp.com\\\/velasdali.com\\\/wp-content\\\/uploads\\\/2022\\\/12\\\/cropped-LOGO_DALI-01.jpg?fit=1200%2C1200&ssl=1\",\"width\":1200,\"height\":1200,\"caption\":\"Velas Dal\u00ed\"},\"image\":{\"@id\":\"https:\\\/\\\/espelmesdali.com\\\/es\\\/#\\\/schema\\\/logo\\\/image\\\/\"},\"sameAs\":[\"https:\\\/\\\/www.facebook.com\\\/profile.php?id=100086540543846\",\"https:\\\/\\\/www.instagram.com\\\/espelmesdali\\\/\"]}]}<\/script>\n<!-- \/ Yoast SEO plugin. -->","yoast_head_json":{"title":"Fuerza y seguridad Vela Roja cera abeja","description":"Fuerza y seguridad. Esta vela Roja es de cera de abeja. Potencia tu energ\u00eda y seguridad , enci\u00e9ndela cuando te sientas ap\u00e1tica y recupera tu vitalidad.","robots":{"index":"index","follow":"follow","max-snippet":"max-snippet:-1","max-image-preview":"max-image-preview:large","max-video-preview":"max-video-preview:-1"},"canonical":"https:\/\/espelmesdali.com\/es\/producto\/fuerza-y-seguridad-vela-roja-cera-de-abeja\/","og_locale":"es_ES","og_type":"article","og_title":"Fuerza y seguridad Vela Roja cera abeja","og_description":"Fuerza y seguridad. Esta vela Roja es de cera de abeja. Potencia tu energ\u00eda y seguridad , enci\u00e9ndela cuando te sientas ap\u00e1tica y recupera tu vitalidad.","og_url":"https:\/\/espelmesdali.com\/es\/producto\/fuerza-y-seguridad-vela-roja-cera-de-abeja\/","og_site_name":"Velas Dal\u00ed","article_publisher":"https:\/\/www.facebook.com\/profile.php?id=100086540543846","article_modified_time":"2026-02-03T11:24:58+00:00","og_image":[{"width":1200,"height":1200,"url":"https:\/\/espelmesdali.com\/wp-content\/uploads\/2023\/10\/EDALI_MEL_VERMELL.jpg","type":"image\/jpeg"}],"twitter_card":"summary_large_image","twitter_misc":{"Tiempo de lectura":"1 minuto"},"schema":{"@context":"https:\/\/schema.org","@graph":[{"@type":"WebPage","@id":"https:\/\/espelmesdali.com\/es\/producto\/fuerza-y-seguridad-vela-roja-cera-de-abeja\/","url":"https:\/\/espelmesdali.com\/es\/producto\/fuerza-y-seguridad-vela-roja-cera-de-abeja\/","name":"Fuerza y seguridad Vela Roja cera abeja","isPartOf":{"@id":"https:\/\/espelmesdali.com\/es\/#website"},"primaryImageOfPage":{"@id":"https:\/\/espelmesdali.com\/es\/producto\/fuerza-y-seguridad-vela-roja-cera-de-abeja\/#primaryimage"},"image":{"@id":"https:\/\/espelmesdali.com\/es\/producto\/fuerza-y-seguridad-vela-roja-cera-de-abeja\/#primaryimage"},"thumbnailUrl":"https:\/\/espelmesdali.com\/wp-content\/uploads\/2023\/10\/EDALI_MEL_VERMELL.jpg","datePublished":"2024-03-26T14:04:53+00:00","dateModified":"2026-02-03T11:24:58+00:00","description":"Fuerza y seguridad. Esta vela Roja es de cera de abeja. Potencia tu energ\u00eda y seguridad , enci\u00e9ndela cuando te sientas ap\u00e1tica y recupera tu vitalidad.","breadcrumb":{"@id":"https:\/\/espelmesdali.com\/es\/producto\/fuerza-y-seguridad-vela-roja-cera-de-abeja\/#breadcrumb"},"inLanguage":"es","potentialAction":[{"@type":"ReadAction","target":["https:\/\/espelmesdali.com\/es\/producto\/fuerza-y-seguridad-vela-roja-cera-de-abeja\/"]}]},{"@type":"ImageObject","inLanguage":"es","@id":"https:\/\/espelmesdali.com\/es\/producto\/fuerza-y-seguridad-vela-roja-cera-de-abeja\/#primaryimage","url":"https:\/\/espelmesdali.com\/wp-content\/uploads\/2023\/10\/EDALI_MEL_VERMELL.jpg","contentUrl":"https:\/\/espelmesdali.com\/wp-content\/uploads\/2023\/10\/EDALI_MEL_VERMELL.jpg","width":1200,"height":1200,"caption":"EDALI MEL VERMELL"},{"@type":"BreadcrumbList","@id":"https:\/\/espelmesdali.com\/es\/producto\/fuerza-y-seguridad-vela-roja-cera-de-abeja\/#breadcrumb","itemListElement":[{"@type":"ListItem","position":1,"name":"Portada","item":"https:\/\/espelmesdali.com\/es\/"},{"@type":"ListItem","position":2,"name":"Tienda","item":"https:\/\/espelmesdali.com\/es\/tienda\/"},{"@type":"ListItem","position":3,"name":"Amor \u00b7 Autoestima","item":"https:\/\/espelmesdali.com\/es\/categoria-producto\/amor-%c2%b7-autoestima-es\/"},{"@type":"ListItem","position":4,"name":"Fuerza y seguridad Vela Roja cera de abeja"}]},{"@type":"WebSite","@id":"https:\/\/espelmesdali.com\/es\/#website","url":"https:\/\/espelmesdali.com\/es\/","name":"Velas Dal\u00ed","description":"Espelmes energ\u00e8tiques naturals i artesanes","publisher":{"@id":"https:\/\/espelmesdali.com\/es\/#organization"},"alternateName":"Espelmes energ\u00e8tiques naturals i artesanes","potentialAction":[{"@type":"SearchAction","target":{"@type":"EntryPoint","urlTemplate":"https:\/\/espelmesdali.com\/es\/?s={search_term_string}"},"query-input":{"@type":"PropertyValueSpecification","valueRequired":true,"valueName":"search_term_string"}}],"inLanguage":"es"},{"@type":"Organization","@id":"https:\/\/espelmesdali.com\/es\/#organization","name":"Velas Dal\u00ed","alternateName":"Espelmes energ\u00e8tiques naturals i artesanes","url":"https:\/\/espelmesdali.com\/es\/","logo":{"@type":"ImageObject","inLanguage":"es","@id":"https:\/\/espelmesdali.com\/es\/#\/schema\/logo\/image\/","url":"https:\/\/i0.wp.com\/velasdali.com\/wp-content\/uploads\/2022\/12\/cropped-LOGO_DALI-01.jpg?fit=1200%2C1200&ssl=1","contentUrl":"https:\/\/i0.wp.com\/velasdali.com\/wp-content\/uploads\/2022\/12\/cropped-LOGO_DALI-01.jpg?fit=1200%2C1200&ssl=1","width":1200,"height":1200,"caption":"Velas Dal\u00ed"},"image":{"@id":"https:\/\/espelmesdali.com\/es\/#\/schema\/logo\/image\/"},"sameAs":["https:\/\/www.facebook.com\/profile.php?id=100086540543846","https:\/\/www.instagram.com\/espelmesdali\/"]}]}},"_links":{"self":[{"href":"https:\/\/espelmesdali.com\/es\/wp-json\/wp\/v2\/product\/8795","targetHints":{"allow":["GET"]}}],"collection":[{"href":"https:\/\/espelmesdali.com\/es\/wp-json\/wp\/v2\/product"}],"about":[{"href":"https:\/\/espelmesdali.com\/es\/wp-json\/wp\/v2\/types\/product"}],"replies":[{"embeddable":true,"href":"https:\/\/espelmesdali.com\/es\/wp-json\/wp\/v2\/comments?post=8795"}],"wp:featuredmedia":[{"embeddable":true,"href":"https:\/\/espelmesdali.com\/es\/wp-json\/wp\/v2\/media\/7465"}],"wp:attachment":[{"href":"https:\/\/espelmesdali.com\/es\/wp-json\/wp\/v2\/media?parent=8795"}],"wp:term":[{"taxonomy":"product_brand","embeddable":true,"href":"https:\/\/espelmesdali.com\/es\/wp-json\/wp\/v2\/product_brand?post=8795"},{"taxonomy":"product_cat","embeddable":true,"href":"https:\/\/espelmesdali.com\/es\/wp-json\/wp\/v2\/product_cat?post=8795"},{"taxonomy":"product_tag","embeddable":true,"href":"https:\/\/espelmesdali.com\/es\/wp-json\/wp\/v2\/product_tag?post=8795"}],"curies":[{"name":"wp","href":"https:\/\/api.w.org\/{rel}","templated":true}]}}