{"id":8768,"date":"2024-03-18T18:00:22","date_gmt":"2024-03-18T17:00:22","guid":{"rendered":"https:\/\/espelmesdali.com\/?post_type=product&#038;p=8768"},"modified":"2026-02-01T11:49:52","modified_gmt":"2026-02-01T10:49:52","slug":"libro-la-llave-de-la-celda","status":"publish","type":"product","link":"https:\/\/espelmesdali.com\/es\/producto\/libro-la-llave-de-la-celda\/","title":{"rendered":"Libro La llave de la celda \u00abEdici\u00f3n catal\u00e1n\u00bb"},"content":{"rendered":"<p>\u201cLa llave de la celda\u201d, es un libro autobiogr\u00e1fico muy especial. Especial, porque el hilo conductor no son tanto las circunstancias de la vida, como el proceso interior vivido, una especie de cuaderno de bit\u00e1cora muy \u00edntimo y personal de mi viaje interior.<\/p>\n<p>En este libro hablo de mi transformaci\u00f3n personal gracias a la aplicaci\u00f3n en la vida cotidiana del trabajo interior. Me desnudo ante vosotros, muestro mi fragilidad, a la vez que comparto con vosotros los valiosos tesoros que he ido recogiendo en mi periplo.<\/p>\n<p>Recomendar\u00eda leer este libro a todos los buscadores que anhelan un cambio real en su vida y se acercan al llamado camino interior.<\/p>\n<p>Escrib\u00ed este libro entre 2014 y 2017.<\/p>\n<p>Ha salido a la luz despu\u00e9s de un ciclo de 7 a\u00f1os de maduraci\u00f3n. El n\u00famero 7 significa transformaci\u00f3n. Durante estos 7 a\u00f1os he experimentado mi propia transformaci\u00f3n gracias a los aprendizajes que les cuento y como consecuencia, mi vida tambi\u00e9n se ha transformado. Por eso siento que ahora es el momento de compartirlo.<\/p>\n<p>Deseo de todo coraz\u00f3n que mis aprendizajes le ayuden tanto como a m\u00ed.<\/p>\n","protected":false},"excerpt":{"rendered":"<p><span style=\"font-weight: 400;\">\u201c<strong>La llave de la celda<\/strong>\u201d, es un libro autobiogr\u00e1fico muy especial. Especial, porque el hilo conductor no son tanto las circunstancias de vida, como el proceso interior vivido, una especie de cuaderno de bit\u00e1cora muy \u00edntimo y personal de mi viaje interior.<\/span><\/p>\n<p><span style=\"font-weight: 400;\">Recomendar\u00eda leer este libro a todos los buscadores que anhelan un cambio real en su vida y se acercan al llamado camino interior.<\/span><\/p>\n<p><span style=\"font-weight: 400;\">Deseo de todo coraz\u00f3n que mis aprendizajes le ayuden tanto como a m\u00ed.<\/span><\/p>\n<p><span style=\"color: #800080;\"><strong>PRECIO DE PRE-VENTA HASTA EL 25 DE MARZO<\/strong><\/span><\/p>\n","protected":false},"featured_media":8772,"comment_status":"open","ping_status":"closed","template":"","meta":[],"product_brand":[],"product_cat":[1270],"product_tag":[603,775,646,937,627],"class_list":{"0":"post-8768","1":"product","2":"type-product","3":"status-publish","4":"has-post-thumbnail","6":"product_cat-libros-","7":"product_tag-autoestima-es","8":"product_tag-cambio-es","9":"product_tag-confianca-es","10":"product_tag-libro","11":"product_tag-superacion","12":"product_shipping_class-enviament-es","13":"infinite-scroll-item","14":"sales-flash-overlay","15":"woocommerce-text-align-center","16":"woocommerce-image-align-center","17":"do-quantity-buttons","19":"first","20":"instock","21":"featured","22":"taxable","23":"shipping-taxable","24":"purchasable","25":"product-type-simple"},"yoast_head":"<!-- This site is optimized with the Yoast SEO plugin v27.4 - https:\/\/yoast.com\/product\/yoast-seo-wordpress\/ -->\n<title>Libro La llave de la celda<\/title>\n<meta name=\"description\" content=\"Recomendar\u00eda leer este libro a todos los buscadores que anhelan un cambio real en su vida y se acercan al llamado camino interior.\" \/>\n<meta name=\"robots\" content=\"index, follow, max-snippet:-1, max-image-preview:large, max-video-preview:-1\" \/>\n<link rel=\"canonical\" href=\"https:\/\/espelmesdali.com\/es\/producto\/libro-la-llave-de-la-celda\/\" \/>\n<meta property=\"og:locale\" content=\"es_ES\" \/>\n<meta property=\"og:type\" content=\"article\" \/>\n<meta property=\"og:title\" content=\"Libro La llave de la celda\" \/>\n<meta property=\"og:description\" content=\"Recomendar\u00eda leer este libro a todos los buscadores que anhelan un cambio real en su vida y se acercan al llamado camino interior.\" \/>\n<meta property=\"og:url\" content=\"https:\/\/espelmesdali.com\/es\/producto\/libro-la-llave-de-la-celda\/\" \/>\n<meta property=\"og:site_name\" content=\"Velas Dal\u00ed\" \/>\n<meta property=\"article:publisher\" content=\"https:\/\/www.facebook.com\/profile.php?id=100086540543846\" \/>\n<meta property=\"article:modified_time\" content=\"2026-02-01T10:49:52+00:00\" \/>\n<meta property=\"og:image\" content=\"https:\/\/espelmesdali.com\/wp-content\/uploads\/2024\/03\/Llibre-LaClaudelaCella-Dali.jpg\" \/>\n\t<meta property=\"og:image:width\" content=\"1200\" \/>\n\t<meta property=\"og:image:height\" content=\"1200\" \/>\n\t<meta property=\"og:image:type\" content=\"image\/jpeg\" \/>\n<meta name=\"twitter:card\" content=\"summary_large_image\" \/>\n<meta name=\"twitter:label1\" content=\"Tiempo de lectura\" \/>\n\t<meta name=\"twitter:data1\" content=\"2 minutos\" \/>\n<script type=\"application\/ld+json\" class=\"yoast-schema-graph\">{\"@context\":\"https:\\\/\\\/schema.org\",\"@graph\":[{\"@type\":\"WebPage\",\"@id\":\"https:\\\/\\\/espelmesdali.com\\\/es\\\/producto\\\/libro-la-llave-de-la-celda\\\/\",\"url\":\"https:\\\/\\\/espelmesdali.com\\\/es\\\/producto\\\/libro-la-llave-de-la-celda\\\/\",\"name\":\"Libro La llave de la celda\",\"isPartOf\":{\"@id\":\"https:\\\/\\\/espelmesdali.com\\\/es\\\/#website\"},\"primaryImageOfPage\":{\"@id\":\"https:\\\/\\\/espelmesdali.com\\\/es\\\/producto\\\/libro-la-llave-de-la-celda\\\/#primaryimage\"},\"image\":{\"@id\":\"https:\\\/\\\/espelmesdali.com\\\/es\\\/producto\\\/libro-la-llave-de-la-celda\\\/#primaryimage\"},\"thumbnailUrl\":\"https:\\\/\\\/espelmesdali.com\\\/wp-content\\\/uploads\\\/2024\\\/03\\\/Llibre-LaClaudelaCella-Dali.jpg\",\"datePublished\":\"2024-03-18T17:00:22+00:00\",\"dateModified\":\"2026-02-01T10:49:52+00:00\",\"description\":\"Recomendar\u00eda leer este libro a todos los buscadores que anhelan un cambio real en su vida y se acercan al llamado camino interior.\",\"breadcrumb\":{\"@id\":\"https:\\\/\\\/espelmesdali.com\\\/es\\\/producto\\\/libro-la-llave-de-la-celda\\\/#breadcrumb\"},\"inLanguage\":\"es\",\"potentialAction\":[{\"@type\":\"ReadAction\",\"target\":[\"https:\\\/\\\/espelmesdali.com\\\/es\\\/producto\\\/libro-la-llave-de-la-celda\\\/\"]}]},{\"@type\":\"ImageObject\",\"inLanguage\":\"es\",\"@id\":\"https:\\\/\\\/espelmesdali.com\\\/es\\\/producto\\\/libro-la-llave-de-la-celda\\\/#primaryimage\",\"url\":\"https:\\\/\\\/espelmesdali.com\\\/wp-content\\\/uploads\\\/2024\\\/03\\\/Llibre-LaClaudelaCella-Dali.jpg\",\"contentUrl\":\"https:\\\/\\\/espelmesdali.com\\\/wp-content\\\/uploads\\\/2024\\\/03\\\/Llibre-LaClaudelaCella-Dali.jpg\",\"width\":1200,\"height\":1200,\"caption\":\"Recomendar\u00eda leer este libro a todos los buscadores que anhelan un cambio real en su vida y se acercan al llamado camino interior.\"},{\"@type\":\"BreadcrumbList\",\"@id\":\"https:\\\/\\\/espelmesdali.com\\\/es\\\/producto\\\/libro-la-llave-de-la-celda\\\/#breadcrumb\",\"itemListElement\":[{\"@type\":\"ListItem\",\"position\":1,\"name\":\"Portada\",\"item\":\"https:\\\/\\\/espelmesdali.com\\\/es\\\/\"},{\"@type\":\"ListItem\",\"position\":2,\"name\":\"Tienda\",\"item\":\"https:\\\/\\\/espelmesdali.com\\\/es\\\/tienda\\\/\"},{\"@type\":\"ListItem\",\"position\":3,\"name\":\"Amor \u00b7 Autoestima\",\"item\":\"https:\\\/\\\/espelmesdali.com\\\/es\\\/categoria-producto\\\/amor-%c2%b7-autoestima-es\\\/\"},{\"@type\":\"ListItem\",\"position\":4,\"name\":\"Libro La llave de la celda \u00abEdici\u00f3n catal\u00e1n\u00bb\"}]},{\"@type\":\"WebSite\",\"@id\":\"https:\\\/\\\/espelmesdali.com\\\/es\\\/#website\",\"url\":\"https:\\\/\\\/espelmesdali.com\\\/es\\\/\",\"name\":\"Velas Dal\u00ed\",\"description\":\"Espelmes energ\u00e8tiques naturals i artesanes\",\"publisher\":{\"@id\":\"https:\\\/\\\/espelmesdali.com\\\/es\\\/#organization\"},\"alternateName\":\"Espelmes energ\u00e8tiques naturals i artesanes\",\"potentialAction\":[{\"@type\":\"SearchAction\",\"target\":{\"@type\":\"EntryPoint\",\"urlTemplate\":\"https:\\\/\\\/espelmesdali.com\\\/es\\\/?s={search_term_string}\"},\"query-input\":{\"@type\":\"PropertyValueSpecification\",\"valueRequired\":true,\"valueName\":\"search_term_string\"}}],\"inLanguage\":\"es\"},{\"@type\":\"Organization\",\"@id\":\"https:\\\/\\\/espelmesdali.com\\\/es\\\/#organization\",\"name\":\"Velas Dal\u00ed\",\"alternateName\":\"Espelmes energ\u00e8tiques naturals i artesanes\",\"url\":\"https:\\\/\\\/espelmesdali.com\\\/es\\\/\",\"logo\":{\"@type\":\"ImageObject\",\"inLanguage\":\"es\",\"@id\":\"https:\\\/\\\/espelmesdali.com\\\/es\\\/#\\\/schema\\\/logo\\\/image\\\/\",\"url\":\"https:\\\/\\\/i0.wp.com\\\/velasdali.com\\\/wp-content\\\/uploads\\\/2022\\\/12\\\/cropped-LOGO_DALI-01.jpg?fit=1200%2C1200&ssl=1\",\"contentUrl\":\"https:\\\/\\\/i0.wp.com\\\/velasdali.com\\\/wp-content\\\/uploads\\\/2022\\\/12\\\/cropped-LOGO_DALI-01.jpg?fit=1200%2C1200&ssl=1\",\"width\":1200,\"height\":1200,\"caption\":\"Velas Dal\u00ed\"},\"image\":{\"@id\":\"https:\\\/\\\/espelmesdali.com\\\/es\\\/#\\\/schema\\\/logo\\\/image\\\/\"},\"sameAs\":[\"https:\\\/\\\/www.facebook.com\\\/profile.php?id=100086540543846\",\"https:\\\/\\\/www.instagram.com\\\/espelmesdali\\\/\"]}]}<\/script>\n<!-- \/ Yoast SEO plugin. -->","yoast_head_json":{"title":"Libro La llave de la celda","description":"Recomendar\u00eda leer este libro a todos los buscadores que anhelan un cambio real en su vida y se acercan al llamado camino interior.","robots":{"index":"index","follow":"follow","max-snippet":"max-snippet:-1","max-image-preview":"max-image-preview:large","max-video-preview":"max-video-preview:-1"},"canonical":"https:\/\/espelmesdali.com\/es\/producto\/libro-la-llave-de-la-celda\/","og_locale":"es_ES","og_type":"article","og_title":"Libro La llave de la celda","og_description":"Recomendar\u00eda leer este libro a todos los buscadores que anhelan un cambio real en su vida y se acercan al llamado camino interior.","og_url":"https:\/\/espelmesdali.com\/es\/producto\/libro-la-llave-de-la-celda\/","og_site_name":"Velas Dal\u00ed","article_publisher":"https:\/\/www.facebook.com\/profile.php?id=100086540543846","article_modified_time":"2026-02-01T10:49:52+00:00","og_image":[{"width":1200,"height":1200,"url":"https:\/\/espelmesdali.com\/wp-content\/uploads\/2024\/03\/Llibre-LaClaudelaCella-Dali.jpg","type":"image\/jpeg"}],"twitter_card":"summary_large_image","twitter_misc":{"Tiempo de lectura":"2 minutos"},"schema":{"@context":"https:\/\/schema.org","@graph":[{"@type":"WebPage","@id":"https:\/\/espelmesdali.com\/es\/producto\/libro-la-llave-de-la-celda\/","url":"https:\/\/espelmesdali.com\/es\/producto\/libro-la-llave-de-la-celda\/","name":"Libro La llave de la celda","isPartOf":{"@id":"https:\/\/espelmesdali.com\/es\/#website"},"primaryImageOfPage":{"@id":"https:\/\/espelmesdali.com\/es\/producto\/libro-la-llave-de-la-celda\/#primaryimage"},"image":{"@id":"https:\/\/espelmesdali.com\/es\/producto\/libro-la-llave-de-la-celda\/#primaryimage"},"thumbnailUrl":"https:\/\/espelmesdali.com\/wp-content\/uploads\/2024\/03\/Llibre-LaClaudelaCella-Dali.jpg","datePublished":"2024-03-18T17:00:22+00:00","dateModified":"2026-02-01T10:49:52+00:00","description":"Recomendar\u00eda leer este libro a todos los buscadores que anhelan un cambio real en su vida y se acercan al llamado camino interior.","breadcrumb":{"@id":"https:\/\/espelmesdali.com\/es\/producto\/libro-la-llave-de-la-celda\/#breadcrumb"},"inLanguage":"es","potentialAction":[{"@type":"ReadAction","target":["https:\/\/espelmesdali.com\/es\/producto\/libro-la-llave-de-la-celda\/"]}]},{"@type":"ImageObject","inLanguage":"es","@id":"https:\/\/espelmesdali.com\/es\/producto\/libro-la-llave-de-la-celda\/#primaryimage","url":"https:\/\/espelmesdali.com\/wp-content\/uploads\/2024\/03\/Llibre-LaClaudelaCella-Dali.jpg","contentUrl":"https:\/\/espelmesdali.com\/wp-content\/uploads\/2024\/03\/Llibre-LaClaudelaCella-Dali.jpg","width":1200,"height":1200,"caption":"Recomendar\u00eda leer este libro a todos los buscadores que anhelan un cambio real en su vida y se acercan al llamado camino interior."},{"@type":"BreadcrumbList","@id":"https:\/\/espelmesdali.com\/es\/producto\/libro-la-llave-de-la-celda\/#breadcrumb","itemListElement":[{"@type":"ListItem","position":1,"name":"Portada","item":"https:\/\/espelmesdali.com\/es\/"},{"@type":"ListItem","position":2,"name":"Tienda","item":"https:\/\/espelmesdali.com\/es\/tienda\/"},{"@type":"ListItem","position":3,"name":"Amor \u00b7 Autoestima","item":"https:\/\/espelmesdali.com\/es\/categoria-producto\/amor-%c2%b7-autoestima-es\/"},{"@type":"ListItem","position":4,"name":"Libro La llave de la celda \u00abEdici\u00f3n catal\u00e1n\u00bb"}]},{"@type":"WebSite","@id":"https:\/\/espelmesdali.com\/es\/#website","url":"https:\/\/espelmesdali.com\/es\/","name":"Velas Dal\u00ed","description":"Espelmes energ\u00e8tiques naturals i artesanes","publisher":{"@id":"https:\/\/espelmesdali.com\/es\/#organization"},"alternateName":"Espelmes energ\u00e8tiques naturals i artesanes","potentialAction":[{"@type":"SearchAction","target":{"@type":"EntryPoint","urlTemplate":"https:\/\/espelmesdali.com\/es\/?s={search_term_string}"},"query-input":{"@type":"PropertyValueSpecification","valueRequired":true,"valueName":"search_term_string"}}],"inLanguage":"es"},{"@type":"Organization","@id":"https:\/\/espelmesdali.com\/es\/#organization","name":"Velas Dal\u00ed","alternateName":"Espelmes energ\u00e8tiques naturals i artesanes","url":"https:\/\/espelmesdali.com\/es\/","logo":{"@type":"ImageObject","inLanguage":"es","@id":"https:\/\/espelmesdali.com\/es\/#\/schema\/logo\/image\/","url":"https:\/\/i0.wp.com\/velasdali.com\/wp-content\/uploads\/2022\/12\/cropped-LOGO_DALI-01.jpg?fit=1200%2C1200&ssl=1","contentUrl":"https:\/\/i0.wp.com\/velasdali.com\/wp-content\/uploads\/2022\/12\/cropped-LOGO_DALI-01.jpg?fit=1200%2C1200&ssl=1","width":1200,"height":1200,"caption":"Velas Dal\u00ed"},"image":{"@id":"https:\/\/espelmesdali.com\/es\/#\/schema\/logo\/image\/"},"sameAs":["https:\/\/www.facebook.com\/profile.php?id=100086540543846","https:\/\/www.instagram.com\/espelmesdali\/"]}]}},"_links":{"self":[{"href":"https:\/\/espelmesdali.com\/es\/wp-json\/wp\/v2\/product\/8768","targetHints":{"allow":["GET"]}}],"collection":[{"href":"https:\/\/espelmesdali.com\/es\/wp-json\/wp\/v2\/product"}],"about":[{"href":"https:\/\/espelmesdali.com\/es\/wp-json\/wp\/v2\/types\/product"}],"replies":[{"embeddable":true,"href":"https:\/\/espelmesdali.com\/es\/wp-json\/wp\/v2\/comments?post=8768"}],"wp:featuredmedia":[{"embeddable":true,"href":"https:\/\/espelmesdali.com\/es\/wp-json\/wp\/v2\/media\/8772"}],"wp:attachment":[{"href":"https:\/\/espelmesdali.com\/es\/wp-json\/wp\/v2\/media?parent=8768"}],"wp:term":[{"taxonomy":"product_brand","embeddable":true,"href":"https:\/\/espelmesdali.com\/es\/wp-json\/wp\/v2\/product_brand?post=8768"},{"taxonomy":"product_cat","embeddable":true,"href":"https:\/\/espelmesdali.com\/es\/wp-json\/wp\/v2\/product_cat?post=8768"},{"taxonomy":"product_tag","embeddable":true,"href":"https:\/\/espelmesdali.com\/es\/wp-json\/wp\/v2\/product_tag?post=8768"}],"curies":[{"name":"wp","href":"https:\/\/api.w.org\/{rel}","templated":true}]}}