{"id":8379,"date":"2022-09-23T11:32:47","date_gmt":"2022-09-23T09:32:47","guid":{"rendered":"https:\/\/espelmesdali.com\/?post_type=product&#038;p=8379"},"modified":"2024-04-01T17:02:05","modified_gmt":"2024-04-01T15:02:05","slug":"limpieza-vela-blanca-grande","status":"publish","type":"product","link":"https:\/\/espelmesdali.com\/es\/producto\/limpieza-vela-blanca-grande\/","title":{"rendered":"Limpieza \u201cVela blanca grande\u201d"},"content":{"rendered":"<p><span>\u201cLimpieza y Purificaci\u00f3n\u201d La Energ\u00eda del color, el Blanco es el color de la pureza por excelencia.\u00a0Representa la perfecci\u00f3n.\u00a0Se relaciona con la pureza interior, la limpieza y la calma.\u00a0Est\u00e1 asociado con el s\u00e9ptimo lacra, el lacra corona, la conexi\u00f3n con la sabidur\u00eda Universal divina.\u00a0Entre sus beneficios cabe destacar que encender velas blancas en casa te ayuda a limpiar energ\u00edas negativas.\u00a0Adem\u00e1s, las velas blancas te ayudar\u00e1n a relajar tu mente despu\u00e9s de una jornada intensa.<\/span><\/p>\n<p><span>El blanco emite la vibraci\u00f3n de todos los colores por ser la suma de todos.\u00a0Por tanto es una vela imprescindible en casa, un buen comod\u00edn para cuando no tenemos La Vela que m\u00e1s se ajusta a nuestras necesidades del momento.\u00a0Siempre que hallamos el color blanco en nuestras velas nos estar\u00e1 haciendo un trabajo de limpieza.<\/span><\/p>\n<p><span>Es ideal para regalar cuando no sabemos lo que necesita exactamente la persona, ya que como hemos dicho contiene las vibraciones de todos los colores.\u00a0Estas velas est\u00e1n impregnadas con esencias naturales y por el mero hecho de tenerlas en un espacio incluso sin encenderlas desprenden un aroma que purifica y equilibra el ambiente.<\/span><\/p>\n","protected":false},"excerpt":{"rendered":"<p><span style=\"color: #800080;\"><strong>PODER ENERG\u00c9TICO: \u2666\u2666\u2666\u2666\u25ca<\/strong><\/span><\/p>\n<p><span style=\"color: #800080;\">\u00b7Limpieza\u00a0 \u00a0 \u00a0 \u00a0 \u00a0 \u00b7Aporta luz\u00a0 \u00a0 \u00a0 \u00a0 \u00b7Purificaci\u00f3n<\/span><\/p>\n<p>\u201cLimpieza y Purificaci\u00f3n\u201d La Energ\u00eda del color, el Blanco es el color de la pureza por excelencia.<\/p>\n<p>Siempre que hallamos el color blanco en nuestras velas nos estar\u00e1 haciendo un trabajo de limpieza.<\/p>\n","protected":false},"featured_media":7227,"comment_status":"open","ping_status":"closed","template":"","meta":[],"product_brand":[],"product_cat":[581,639],"product_tag":[885,960,950,586,929,597],"class_list":{"0":"post-8379","1":"product","2":"type-product","3":"status-publish","4":"has-post-thumbnail","6":"product_cat-limpieza--purificacion","7":"product_cat-meditacion--reiki","8":"product_tag-blanco-es","9":"product_tag-dali","10":"product_tag-grande","11":"product_tag-neteja-es","12":"product_tag-purificacion-es","13":"product_tag-velas-lisas","14":"product_shipping_class-enviament-es","15":"infinite-scroll-item","16":"sales-flash-overlay","17":"woocommerce-text-align-center","18":"woocommerce-image-align-center","19":"do-quantity-buttons","21":"first","22":"outofstock","23":"taxable","24":"shipping-taxable","25":"purchasable","26":"product-type-variable","27":"has-default-attributes"},"yoast_head":"<!-- This site is optimized with the Yoast SEO plugin v27.4 - https:\/\/yoast.com\/product\/yoast-seo-wordpress\/ -->\n<title>Limpieza \u201cVela blanca grande\u201d<\/title>\n<meta name=\"description\" content=\"\u201cLimpieza y Purificaci\u00f3n\u201d La Energ\u00eda del color, el Blanco es el color de la pureza por excelencia. Siempre que hallamos el color blanco en nuestras velas nos estar\u00e1 haciendo un trabajo de limpieza.\" \/>\n<meta name=\"robots\" content=\"index, follow, max-snippet:-1, max-image-preview:large, max-video-preview:-1\" \/>\n<link rel=\"canonical\" href=\"https:\/\/espelmesdali.com\/es\/producto\/limpieza-vela-blanca-grande\/\" \/>\n<meta property=\"og:locale\" content=\"es_ES\" \/>\n<meta property=\"og:type\" content=\"article\" \/>\n<meta property=\"og:title\" content=\"Limpieza \u201cVela blanca grande\u201d\" \/>\n<meta property=\"og:description\" content=\"\u201cLimpieza y Purificaci\u00f3n\u201d La Energ\u00eda del color, el Blanco es el color de la pureza por excelencia. Siempre que hallamos el color blanco en nuestras velas nos estar\u00e1 haciendo un trabajo de limpieza.\" \/>\n<meta property=\"og:url\" content=\"https:\/\/espelmesdali.com\/es\/producto\/limpieza-vela-blanca-grande\/\" \/>\n<meta property=\"og:site_name\" content=\"Velas Dal\u00ed\" \/>\n<meta property=\"article:publisher\" content=\"https:\/\/www.facebook.com\/profile.php?id=100086540543846\" \/>\n<meta property=\"article:modified_time\" content=\"2024-04-01T15:02:05+00:00\" \/>\n<meta property=\"og:image\" content=\"https:\/\/espelmesdali.com\/wp-content\/uploads\/2022\/10\/00229.jpg\" \/>\n\t<meta property=\"og:image:width\" content=\"800\" \/>\n\t<meta property=\"og:image:height\" content=\"800\" \/>\n\t<meta property=\"og:image:type\" content=\"image\/jpeg\" \/>\n<meta name=\"twitter:card\" content=\"summary_large_image\" \/>\n<meta name=\"twitter:label1\" content=\"Tiempo de lectura\" \/>\n\t<meta name=\"twitter:data1\" content=\"1 minuto\" \/>\n<script type=\"application\/ld+json\" class=\"yoast-schema-graph\">{\"@context\":\"https:\\\/\\\/schema.org\",\"@graph\":[{\"@type\":\"WebPage\",\"@id\":\"https:\\\/\\\/espelmesdali.com\\\/es\\\/producto\\\/limpieza-vela-blanca-grande\\\/\",\"url\":\"https:\\\/\\\/espelmesdali.com\\\/es\\\/producto\\\/limpieza-vela-blanca-grande\\\/\",\"name\":\"Limpieza \u201cVela blanca grande\u201d\",\"isPartOf\":{\"@id\":\"https:\\\/\\\/espelmesdali.com\\\/es\\\/#website\"},\"primaryImageOfPage\":{\"@id\":\"https:\\\/\\\/espelmesdali.com\\\/es\\\/producto\\\/limpieza-vela-blanca-grande\\\/#primaryimage\"},\"image\":{\"@id\":\"https:\\\/\\\/espelmesdali.com\\\/es\\\/producto\\\/limpieza-vela-blanca-grande\\\/#primaryimage\"},\"thumbnailUrl\":\"https:\\\/\\\/espelmesdali.com\\\/wp-content\\\/uploads\\\/2022\\\/10\\\/00229.jpg\",\"datePublished\":\"2022-09-23T09:32:47+00:00\",\"dateModified\":\"2024-04-01T15:02:05+00:00\",\"description\":\"\u201cLimpieza y Purificaci\u00f3n\u201d La Energ\u00eda del color, el Blanco es el color de la pureza por excelencia. Siempre que hallamos el color blanco en nuestras velas nos estar\u00e1 haciendo un trabajo de limpieza.\",\"breadcrumb\":{\"@id\":\"https:\\\/\\\/espelmesdali.com\\\/es\\\/producto\\\/limpieza-vela-blanca-grande\\\/#breadcrumb\"},\"inLanguage\":\"es\",\"potentialAction\":[{\"@type\":\"ReadAction\",\"target\":[\"https:\\\/\\\/espelmesdali.com\\\/es\\\/producto\\\/limpieza-vela-blanca-grande\\\/\"]}]},{\"@type\":\"ImageObject\",\"inLanguage\":\"es\",\"@id\":\"https:\\\/\\\/espelmesdali.com\\\/es\\\/producto\\\/limpieza-vela-blanca-grande\\\/#primaryimage\",\"url\":\"https:\\\/\\\/espelmesdali.com\\\/wp-content\\\/uploads\\\/2022\\\/10\\\/00229.jpg\",\"contentUrl\":\"https:\\\/\\\/espelmesdali.com\\\/wp-content\\\/uploads\\\/2022\\\/10\\\/00229.jpg\",\"width\":800,\"height\":800,\"caption\":\"00229\"},{\"@type\":\"BreadcrumbList\",\"@id\":\"https:\\\/\\\/espelmesdali.com\\\/es\\\/producto\\\/limpieza-vela-blanca-grande\\\/#breadcrumb\",\"itemListElement\":[{\"@type\":\"ListItem\",\"position\":1,\"name\":\"Portada\",\"item\":\"https:\\\/\\\/espelmesdali.com\\\/es\\\/\"},{\"@type\":\"ListItem\",\"position\":2,\"name\":\"Tienda\",\"item\":\"https:\\\/\\\/espelmesdali.com\\\/es\\\/tienda\\\/\"},{\"@type\":\"ListItem\",\"position\":3,\"name\":\"Meditaci\u00f3n \u00b7 Reiki\",\"item\":\"https:\\\/\\\/espelmesdali.com\\\/es\\\/categoria-producto\\\/meditacion-%c2%b7-reiki\\\/\"},{\"@type\":\"ListItem\",\"position\":4,\"name\":\"Limpieza \u201cVela blanca grande\u201d\"}]},{\"@type\":\"WebSite\",\"@id\":\"https:\\\/\\\/espelmesdali.com\\\/es\\\/#website\",\"url\":\"https:\\\/\\\/espelmesdali.com\\\/es\\\/\",\"name\":\"Velas Dal\u00ed\",\"description\":\"Espelmes energ\u00e8tiques naturals i artesanes\",\"publisher\":{\"@id\":\"https:\\\/\\\/espelmesdali.com\\\/es\\\/#organization\"},\"alternateName\":\"Espelmes energ\u00e8tiques naturals i artesanes\",\"potentialAction\":[{\"@type\":\"SearchAction\",\"target\":{\"@type\":\"EntryPoint\",\"urlTemplate\":\"https:\\\/\\\/espelmesdali.com\\\/es\\\/?s={search_term_string}\"},\"query-input\":{\"@type\":\"PropertyValueSpecification\",\"valueRequired\":true,\"valueName\":\"search_term_string\"}}],\"inLanguage\":\"es\"},{\"@type\":\"Organization\",\"@id\":\"https:\\\/\\\/espelmesdali.com\\\/es\\\/#organization\",\"name\":\"Velas Dal\u00ed\",\"alternateName\":\"Espelmes energ\u00e8tiques naturals i artesanes\",\"url\":\"https:\\\/\\\/espelmesdali.com\\\/es\\\/\",\"logo\":{\"@type\":\"ImageObject\",\"inLanguage\":\"es\",\"@id\":\"https:\\\/\\\/espelmesdali.com\\\/es\\\/#\\\/schema\\\/logo\\\/image\\\/\",\"url\":\"https:\\\/\\\/i0.wp.com\\\/velasdali.com\\\/wp-content\\\/uploads\\\/2022\\\/12\\\/cropped-LOGO_DALI-01.jpg?fit=1200%2C1200&ssl=1\",\"contentUrl\":\"https:\\\/\\\/i0.wp.com\\\/velasdali.com\\\/wp-content\\\/uploads\\\/2022\\\/12\\\/cropped-LOGO_DALI-01.jpg?fit=1200%2C1200&ssl=1\",\"width\":1200,\"height\":1200,\"caption\":\"Velas Dal\u00ed\"},\"image\":{\"@id\":\"https:\\\/\\\/espelmesdali.com\\\/es\\\/#\\\/schema\\\/logo\\\/image\\\/\"},\"sameAs\":[\"https:\\\/\\\/www.facebook.com\\\/profile.php?id=100086540543846\",\"https:\\\/\\\/www.instagram.com\\\/espelmesdali\\\/\"]}]}<\/script>\n<!-- \/ Yoast SEO plugin. -->","yoast_head_json":{"title":"Limpieza \u201cVela blanca grande\u201d","description":"\u201cLimpieza y Purificaci\u00f3n\u201d La Energ\u00eda del color, el Blanco es el color de la pureza por excelencia. Siempre que hallamos el color blanco en nuestras velas nos estar\u00e1 haciendo un trabajo de limpieza.","robots":{"index":"index","follow":"follow","max-snippet":"max-snippet:-1","max-image-preview":"max-image-preview:large","max-video-preview":"max-video-preview:-1"},"canonical":"https:\/\/espelmesdali.com\/es\/producto\/limpieza-vela-blanca-grande\/","og_locale":"es_ES","og_type":"article","og_title":"Limpieza \u201cVela blanca grande\u201d","og_description":"\u201cLimpieza y Purificaci\u00f3n\u201d La Energ\u00eda del color, el Blanco es el color de la pureza por excelencia. Siempre que hallamos el color blanco en nuestras velas nos estar\u00e1 haciendo un trabajo de limpieza.","og_url":"https:\/\/espelmesdali.com\/es\/producto\/limpieza-vela-blanca-grande\/","og_site_name":"Velas Dal\u00ed","article_publisher":"https:\/\/www.facebook.com\/profile.php?id=100086540543846","article_modified_time":"2024-04-01T15:02:05+00:00","og_image":[{"width":800,"height":800,"url":"https:\/\/espelmesdali.com\/wp-content\/uploads\/2022\/10\/00229.jpg","type":"image\/jpeg"}],"twitter_card":"summary_large_image","twitter_misc":{"Tiempo de lectura":"1 minuto"},"schema":{"@context":"https:\/\/schema.org","@graph":[{"@type":"WebPage","@id":"https:\/\/espelmesdali.com\/es\/producto\/limpieza-vela-blanca-grande\/","url":"https:\/\/espelmesdali.com\/es\/producto\/limpieza-vela-blanca-grande\/","name":"Limpieza \u201cVela blanca grande\u201d","isPartOf":{"@id":"https:\/\/espelmesdali.com\/es\/#website"},"primaryImageOfPage":{"@id":"https:\/\/espelmesdali.com\/es\/producto\/limpieza-vela-blanca-grande\/#primaryimage"},"image":{"@id":"https:\/\/espelmesdali.com\/es\/producto\/limpieza-vela-blanca-grande\/#primaryimage"},"thumbnailUrl":"https:\/\/espelmesdali.com\/wp-content\/uploads\/2022\/10\/00229.jpg","datePublished":"2022-09-23T09:32:47+00:00","dateModified":"2024-04-01T15:02:05+00:00","description":"\u201cLimpieza y Purificaci\u00f3n\u201d La Energ\u00eda del color, el Blanco es el color de la pureza por excelencia. Siempre que hallamos el color blanco en nuestras velas nos estar\u00e1 haciendo un trabajo de limpieza.","breadcrumb":{"@id":"https:\/\/espelmesdali.com\/es\/producto\/limpieza-vela-blanca-grande\/#breadcrumb"},"inLanguage":"es","potentialAction":[{"@type":"ReadAction","target":["https:\/\/espelmesdali.com\/es\/producto\/limpieza-vela-blanca-grande\/"]}]},{"@type":"ImageObject","inLanguage":"es","@id":"https:\/\/espelmesdali.com\/es\/producto\/limpieza-vela-blanca-grande\/#primaryimage","url":"https:\/\/espelmesdali.com\/wp-content\/uploads\/2022\/10\/00229.jpg","contentUrl":"https:\/\/espelmesdali.com\/wp-content\/uploads\/2022\/10\/00229.jpg","width":800,"height":800,"caption":"00229"},{"@type":"BreadcrumbList","@id":"https:\/\/espelmesdali.com\/es\/producto\/limpieza-vela-blanca-grande\/#breadcrumb","itemListElement":[{"@type":"ListItem","position":1,"name":"Portada","item":"https:\/\/espelmesdali.com\/es\/"},{"@type":"ListItem","position":2,"name":"Tienda","item":"https:\/\/espelmesdali.com\/es\/tienda\/"},{"@type":"ListItem","position":3,"name":"Meditaci\u00f3n \u00b7 Reiki","item":"https:\/\/espelmesdali.com\/es\/categoria-producto\/meditacion-%c2%b7-reiki\/"},{"@type":"ListItem","position":4,"name":"Limpieza \u201cVela blanca grande\u201d"}]},{"@type":"WebSite","@id":"https:\/\/espelmesdali.com\/es\/#website","url":"https:\/\/espelmesdali.com\/es\/","name":"Velas Dal\u00ed","description":"Espelmes energ\u00e8tiques naturals i artesanes","publisher":{"@id":"https:\/\/espelmesdali.com\/es\/#organization"},"alternateName":"Espelmes energ\u00e8tiques naturals i artesanes","potentialAction":[{"@type":"SearchAction","target":{"@type":"EntryPoint","urlTemplate":"https:\/\/espelmesdali.com\/es\/?s={search_term_string}"},"query-input":{"@type":"PropertyValueSpecification","valueRequired":true,"valueName":"search_term_string"}}],"inLanguage":"es"},{"@type":"Organization","@id":"https:\/\/espelmesdali.com\/es\/#organization","name":"Velas Dal\u00ed","alternateName":"Espelmes energ\u00e8tiques naturals i artesanes","url":"https:\/\/espelmesdali.com\/es\/","logo":{"@type":"ImageObject","inLanguage":"es","@id":"https:\/\/espelmesdali.com\/es\/#\/schema\/logo\/image\/","url":"https:\/\/i0.wp.com\/velasdali.com\/wp-content\/uploads\/2022\/12\/cropped-LOGO_DALI-01.jpg?fit=1200%2C1200&ssl=1","contentUrl":"https:\/\/i0.wp.com\/velasdali.com\/wp-content\/uploads\/2022\/12\/cropped-LOGO_DALI-01.jpg?fit=1200%2C1200&ssl=1","width":1200,"height":1200,"caption":"Velas Dal\u00ed"},"image":{"@id":"https:\/\/espelmesdali.com\/es\/#\/schema\/logo\/image\/"},"sameAs":["https:\/\/www.facebook.com\/profile.php?id=100086540543846","https:\/\/www.instagram.com\/espelmesdali\/"]}]}},"_links":{"self":[{"href":"https:\/\/espelmesdali.com\/es\/wp-json\/wp\/v2\/product\/8379","targetHints":{"allow":["GET"]}}],"collection":[{"href":"https:\/\/espelmesdali.com\/es\/wp-json\/wp\/v2\/product"}],"about":[{"href":"https:\/\/espelmesdali.com\/es\/wp-json\/wp\/v2\/types\/product"}],"replies":[{"embeddable":true,"href":"https:\/\/espelmesdali.com\/es\/wp-json\/wp\/v2\/comments?post=8379"}],"wp:featuredmedia":[{"embeddable":true,"href":"https:\/\/espelmesdali.com\/es\/wp-json\/wp\/v2\/media\/7227"}],"wp:attachment":[{"href":"https:\/\/espelmesdali.com\/es\/wp-json\/wp\/v2\/media?parent=8379"}],"wp:term":[{"taxonomy":"product_brand","embeddable":true,"href":"https:\/\/espelmesdali.com\/es\/wp-json\/wp\/v2\/product_brand?post=8379"},{"taxonomy":"product_cat","embeddable":true,"href":"https:\/\/espelmesdali.com\/es\/wp-json\/wp\/v2\/product_cat?post=8379"},{"taxonomy":"product_tag","embeddable":true,"href":"https:\/\/espelmesdali.com\/es\/wp-json\/wp\/v2\/product_tag?post=8379"}],"curies":[{"name":"wp","href":"https:\/\/api.w.org\/{rel}","templated":true}]}}