{"id":8001,"date":"2022-10-14T07:56:57","date_gmt":"2022-10-14T05:56:57","guid":{"rendered":"https:\/\/espelmesdali.com\/producte\/abundancia-vela-miel-grande\/"},"modified":"2026-02-04T12:17:32","modified_gmt":"2026-02-04T11:17:32","slug":"abundancia-vela-miel-grande","status":"publish","type":"product","link":"https:\/\/espelmesdali.com\/es\/producto\/abundancia-vela-miel-grande\/","title":{"rendered":"Abundancia \u00abVela Miel grande\u00bb"},"content":{"rendered":"<h4 style=\"text-align: center;\"><strong>La vela de miel grande de Velas Dal\u00ed<\/strong> est\u00e1 elaborada artesanalmente con <strong>cera de abeja 100% pura<\/strong>, sin parafinas ni sustancias qu\u00edmicas nocivas.<\/p>\n<p>Es una vela de<strong> poder energ\u00e9tico medio,<\/strong> ideal por cuando tu vida ya est\u00e1 en un buen momento y quieres <strong>mantener, armonizar y reforzar<\/strong> este equilibrio.<\/h4>\n<p style=\"text-align: center;\">A Velas Dal\u00ed trabajamos exclusivamente con <strong>materias primas de la m\u00e1xima calidad<\/strong>. Cada vela es creada con conciencia, respeto e intenci\u00f3n, cuidando todo el proceso para que su vibraci\u00f3n sea limpia, estable y elevada.<\/p>\n<p><em><strong><img decoding=\"async\" class=\"emoji\" role=\"img\" draggable=\"false\" src=\"https:\/\/s.w.org\/images\/core\/emoji\/17.0.2\/svg\/1f50b.svg\" alt=\"\ud83d\udd0b\" \/>\u00a0Las velas como bater\u00edas energ\u00e9ticas<\/strong><\/em><\/p>\n<p>Las velas de miel funcionan como <strong>bater\u00edas energ\u00e9ticas<\/strong>:<br \/>\n<img decoding=\"async\" class=\"emoji\" role=\"img\" draggable=\"false\" src=\"https:\/\/s.w.org\/images\/core\/emoji\/17.0.2\/svg\/1f449.svg\" alt=\"\ud83d\udc49\" \/>\u00a0<strong>cuanto mayor es la vela, m\u00e1s grande es su capacidad de trabajo energ\u00e9tico.<\/strong><\/p>\n<p>Las velas peque\u00f1as (10 cm) son ideales para trabajos puntuales o mantenimiento ligero.<\/p>\n<p><strong>La vela de miel grande (15 cm)<\/strong> ofrece <strong>m\u00e1s duraci\u00f3n, m\u00e1s fuerza y m\u00e1s estabilidad energ\u00e9tica.<\/strong><\/p>\n<p>Las velas\u00a0<strong>maxi\u00a0<\/strong>son las de m\u00e1xima potencia, pensadas para procesos intensos o manifestaciones profundas.<\/p>\n<p>Esta medida grande es perfecta cuando <strong>quieres hacer m\u00e1s trabajo que con una vela peque\u00f1a<\/strong>, pero sin necesidad de llegar a la intensidad de una\u00a0maxi.<\/p>\n<p><strong><img decoding=\"async\" class=\"emoji\" role=\"img\" draggable=\"false\" src=\"https:\/\/s.w.org\/images\/core\/emoji\/17.0.2\/svg\/1f33f.svg\" alt=\"\ud83c\udf3f\" \/><em>\u00a0Para qu\u00e9 es ideal la vela de miel grande<\/em><\/strong><\/p>\n<p>La vela de miel grande es ideal por:<\/p>\n<p><strong>&#8211; Mantener la armon\u00eda familiar<\/strong><\/p>\n<p><strong>&#8211; Sostener el amor, la salud y el bienestar<\/strong><\/p>\n<p><strong>&#8211; Armonizar espacios de manera continuada<\/strong><\/p>\n<p><strong>&#8211; Reforzar procesos que ya est\u00e1n muy encaminados<\/strong><\/p>\n<p><strong>&#8211; Acompa\u00f1ar rituales de calma, meditaci\u00f3n o introspecci\u00f3n<\/strong><\/p>\n<p>Tambi\u00e9n es una excelente aliada despu\u00e9s de una limpieza energ\u00e9tica, puesto que ayuda a <strong>estabilizar la energ\u00eda<\/strong> y abrir la puerta a un flujo positivo sostenido.<\/p>\n<p><strong><img decoding=\"async\" class=\"emoji\" role=\"img\" draggable=\"false\" src=\"https:\/\/s.w.org\/images\/core\/emoji\/17.0.2\/svg\/1f41d.svg\" alt=\"\ud83d\udc1d\" \/><em>\u00a0Alta vibraci\u00f3n y esencia de las abejas<\/em><\/strong><\/p>\n<p>Las velas de cera de abeja son las que tienen la<strong> vibraci\u00f3n m\u00e1s alta que existe,<\/strong> porque son las \u00fanicas creadas <strong>dentro de un ser vivo:<\/strong> las abejas.<br \/>\nLa cera se forma literalmente dentro de su cuerpo, despu\u00e9s de consumir grandes cantidades de miel, y queda impregnada de su esencia.<\/p>\n<p>Por eso, esta vela lleva integrada la energ\u00eda de:<br \/>\n<strong>armon\u00eda, cooperaci\u00f3n, orden, comunidad, natura y abundancia.<\/strong><\/p>\n<p>Encender una vela de miel grande es conectar con esta sabidur\u00eda natural y dejar que su llama trabaje de manera constante y equilibrada a tu favor.<\/p>\n<p><strong><img decoding=\"async\" class=\"emoji\" role=\"img\" draggable=\"false\" src=\"https:\/\/s.w.org\/images\/core\/emoji\/17.0.2\/svg\/2728.svg\" alt=\"\u2728\" \/><em>\u00a0Prosperidad, abundancia y energ\u00eda positiva<\/em><\/strong><\/p>\n<p>La cera de abeja representa la generosidad de la natura.<br \/>\nLa miel est\u00e1 asociada a la prosperidad, la dulzura y la buena suerte.<br \/>\nLa llama simboliza la luz que gu\u00eda y sostiene el \u00e9xito, tanto material como espiritual.<\/p>\n<p>Encender una vela de miel grande crea un ambiente de<strong> calma, abundancia y energ\u00eda positiva<\/strong>, ideal para acompa\u00f1ar tu d\u00eda a d\u00eda con conciencia.<\/p>\n<p><img decoding=\"async\" class=\"emoji\" role=\"img\" draggable=\"false\" src=\"https:\/\/s.w.org\/images\/core\/emoji\/17.0.2\/svg\/1f538.svg\" alt=\"\ud83d\udd38\" \/>\u00a0Medida: <strong>15 cm de alto x 2 cm de di\u00e1metro<\/strong><\/p>\n<p><img decoding=\"async\" class=\"emoji\" role=\"img\" draggable=\"false\" src=\"https:\/\/s.w.org\/images\/core\/emoji\/17.0.2\/svg\/1f538.svg\" alt=\"\ud83d\udd38\" \/>\u00a0Poder energ\u00e9tico: <strong>medio<\/strong><\/p>\n<p><img decoding=\"async\" class=\"emoji\" role=\"img\" draggable=\"false\" src=\"https:\/\/s.w.org\/images\/core\/emoji\/17.0.2\/svg\/1f538.svg\" alt=\"\ud83d\udd38\" \/>\u00a0M\u00e1s potente que la peque\u00f1a (10 cm)<\/p>\n<p><img decoding=\"async\" class=\"emoji\" role=\"img\" draggable=\"false\" src=\"https:\/\/s.w.org\/images\/core\/emoji\/17.0.2\/svg\/1f538.svg\" alt=\"\ud83d\udd38\" \/>\u00a0Menos intensa que la\u00a0maxi<\/p>\n<p><img decoding=\"async\" class=\"emoji\" role=\"img\" draggable=\"false\" src=\"https:\/\/s.w.org\/images\/core\/emoji\/17.0.2\/svg\/1f538.svg\" alt=\"\ud83d\udd38\" \/>\u00a0Ideal para mantener y armonizar cuando todo ya va bastante bien<\/p>\n<p><strong><img decoding=\"async\" class=\"emoji\" role=\"img\" draggable=\"false\" src=\"https:\/\/s.w.org\/images\/core\/emoji\/17.0.2\/svg\/2728.svg\" alt=\"\u2728\" \/>\u00a0COMO POTENCIAR TODAV\u00cdA M\u00c1S EL TRABAJO ENERG\u00c9TICO<\/strong><\/p>\n<p>Si quieres potenciar la abundancia, combina <strong>con los\u00a0melts\u00a0de la abundancia.<\/strong><\/p>\n<p>Si quieres reforzar alg\u00fan tipo de energ\u00eda comb\u00ednala con las velas de color Dal\u00ed.<br \/>\nDe este modo, el trabajo energ\u00e9tico se vuelve m\u00e1s <strong>enfocado y efectivo.<\/strong><\/p>\n<p><img decoding=\"async\" class=\"emoji\" role=\"img\" draggable=\"false\" src=\"https:\/\/s.w.org\/images\/core\/emoji\/17.0.2\/svg\/1f449.svg\" alt=\"\ud83d\udc49\" \/>\u00a0Por ejemplo, puedes combinarla con una vela de color si quieres focalizar el trabajo en un \u00e1mbito concreto de tu vida:<\/p>\n<p><strong><img decoding=\"async\" class=\"emoji\" role=\"img\" draggable=\"false\" src=\"https:\/\/s.w.org\/images\/core\/emoji\/17.0.2\/svg\/1f534.svg\" alt=\"\ud83d\udd34\" \/>\u00a0Rojo: energ\u00eda, fuerza y seguridad<\/strong><\/p>\n<p><strong><img decoding=\"async\" class=\"emoji\" role=\"img\" draggable=\"false\" src=\"https:\/\/s.w.org\/images\/core\/emoji\/17.0.2\/svg\/1f7e0.svg\" alt=\"\ud83d\udfe0\" \/>\u00a0Naranja: alegr\u00eda, creatividad y vitalidad<\/strong><\/p>\n<p><strong><img decoding=\"async\" class=\"emoji\" role=\"img\" draggable=\"false\" src=\"https:\/\/s.w.org\/images\/core\/emoji\/17.0.2\/svg\/1f7e1.svg\" alt=\"\ud83d\udfe1\" \/>\u00a0Amarillo: trabajo, estudios y claridad mental<\/strong><\/p>\n<p><strong><img decoding=\"async\" class=\"emoji\" role=\"img\" draggable=\"false\" src=\"https:\/\/s.w.org\/images\/core\/emoji\/17.0.2\/svg\/1f7e2.svg\" alt=\"\ud83d\udfe2\" \/> Verde: salud, suerte y bienestar<\/strong><\/p>\n<p><strong><img decoding=\"async\" class=\"emoji\" role=\"img\" draggable=\"false\" src=\"https:\/\/s.w.org\/images\/core\/emoji\/17.0.2\/svg\/1f535.svg\" alt=\"\ud83d\udd35\" \/>\u00a0Azul: calma, paz interior y serenidad<\/strong><\/p>\n<p><strong><img decoding=\"async\" class=\"emoji\" role=\"img\" draggable=\"false\" src=\"https:\/\/s.w.org\/images\/core\/emoji\/17.0.2\/svg\/1f7e3.svg\" alt=\"\ud83d\udfe3\" \/>\u00a0Lila: cambio, intuici\u00f3n y autoconocimiento<\/strong><\/p>\n<p><strong><img decoding=\"async\" class=\"emoji\" role=\"img\" draggable=\"false\" src=\"https:\/\/s.w.org\/images\/core\/emoji\/17.0.2\/svg\/1f497.svg\" alt=\"\ud83d\udc97\" \/>\u00a0Rosa: amor, armon\u00eda emocional y amor propio<\/strong><\/p>\n<p><strong><img decoding=\"async\" class=\"emoji\" role=\"img\" draggable=\"false\" src=\"https:\/\/s.w.org\/images\/core\/emoji\/17.0.2\/svg\/26ab.svg\" alt=\"\u26ab\" \/>\u00a0Negro: protecci\u00f3n, limpieza y liberaci\u00f3n<\/strong><\/p>\n<p><strong><img decoding=\"async\" class=\"emoji\" role=\"img\" draggable=\"false\" src=\"https:\/\/s.w.org\/images\/core\/emoji\/17.0.2\/svg\/1f7e4.svg\" alt=\"\ud83d\udfe4\" \/>\u00a0Marr\u00f3n: familia, documentos y estabilidad<\/strong><\/p>\n<p><img decoding=\"async\" class=\"emoji\" role=\"img\" draggable=\"false\" src=\"https:\/\/s.w.org\/images\/core\/emoji\/17.0.2\/svg\/1f449.svg\" alt=\"\ud83d\udc49\" \/> Adem\u00e1s, despu\u00e9s de una <strong>limpieza energ\u00e9tica<\/strong>, , la vela de miel grande es ideal para <strong>estabilizar la energ\u00eda<\/strong> y mantener la armon\u00eda al espacio.<br \/>\nAs\u00ed, se abre un flujo positivo sostenido en el tiempo.<\/p>\n<p><img decoding=\"async\" class=\"emoji\" role=\"img\" draggable=\"false\" src=\"https:\/\/s.w.org\/images\/core\/emoji\/17.0.2\/svg\/1f449.svg\" alt=\"\ud83d\udc49\" \/> Si sientes que necesitas <strong>m\u00e1s potencia<\/strong>, puedes optar por la<strong> versi\u00f3n maxi<\/strong> pensada para trabajos energ\u00e9ticos m\u00e1s intensos o procesos de manifestaci\u00f3n profundos.<\/p>\n<p><img decoding=\"async\" class=\"emoji\" role=\"img\" draggable=\"false\" src=\"https:\/\/s.w.org\/images\/core\/emoji\/17.0.2\/svg\/1f449.svg\" alt=\"\ud83d\udc49\" \/> Finalmente, tambi\u00e9n tienes disponible <strong>el pack especial 11 y 22<\/strong> por manifestaciones profundas.<\/p>\n<p>De este modo, la vela de miel grande act\u00faa como una <strong>bater\u00eda energ\u00e9tica estable<\/strong>, que sostiene, armoniza y potencia el trabajo que ya est\u00e1s haciendo.<\/p>\n<p><img decoding=\"async\" class=\"emoji\" role=\"img\" draggable=\"false\" src=\"https:\/\/s.w.org\/images\/core\/emoji\/17.0.2\/svg\/1f449.svg\" alt=\"\ud83d\udc49\" \/>Descubre todos <strong>LOS SECRETOS DE LA CERA DE ABEJA<\/strong><\/p>\n<p><img decoding=\"async\" class=\"emoji\" role=\"img\" draggable=\"false\" src=\"https:\/\/s.w.org\/images\/core\/emoji\/17.0.2\/svg\/1f449.svg\" alt=\"\ud83d\udc49\" \/>Si sientes que necesitas un cambio real en tu vida, si te sientes encarcelada por tus propios pensamientos y emociones y anhelas vivir con m\u00e1s paz interior tienes que descubrir <strong>LA CLAVE DE LA CELDA<\/strong><\/p>\n","protected":false},"excerpt":{"rendered":"<h4 style=\"text-align: center;\"><strong><span style=\"font-size: inherit;\">\u00b7\u00c9xito \u00a0\u00a0\u00a0\u00a0\u00a0\u00a0\u00a0\u00a0\u00a0\u00a0\u00a0\u00a0\u00a0\u00a0\u00a0\u00a0 \u00b7Prosperidad \u00a0\u00a0\u00a0\u00a0\u00a0\u00a0\u00a0\u00a0\u00a0\u00a0\u00a0 \u00b7 Buena suerte<\/span><\/strong><\/h4>\n<div class=\"\">\n<h4 style=\"text-align: center;\">Vela de miel grande elaborada con <strong>cera de abeja 100% natural<\/strong>, pensada para <strong>mantener, armonizar y reforzar<\/strong> aquello que ya funciona en tu vida.<\/h4>\n<p>Ideal cuando todo va bastante bien y quieres <strong>sostener el equilibrio, potenciar la armon\u00eda y elevar la energ\u00eda<\/strong> de tu espacio con una fuerza superior a las velas peque\u00f1as.<\/p>\n<h5><strong>La vela de miel grande act\u00faa como una bater\u00eda energ\u00e9tica de poder medio, aportando m\u00e1s estabilidad, duraci\u00f3n e intensidad al trabajo energ\u00e9tico.<\/strong><\/h5>\n<\/div>\n","protected":false},"featured_media":8207,"comment_status":"open","ping_status":"closed","template":"","meta":[],"product_brand":[],"product_cat":[643,1277,580],"product_tag":[620,886,585,657,659],"class_list":{"0":"post-8001","1":"product","2":"type-product","3":"status-publish","4":"has-post-thumbnail","6":"product_cat-armonia--abundancia","7":"product_cat-natural","8":"product_cat-velas-de-miel","9":"product_tag-abundancia-es","10":"product_tag-buena-suerte","11":"product_tag-espelmes-de-mel-es","12":"product_tag-feina-es","13":"product_tag-prosperitat-es","14":"product_shipping_class-enviament-lleuger","15":"infinite-scroll-item","16":"sales-flash-overlay","17":"woocommerce-text-align-center","18":"woocommerce-image-align-center","19":"do-quantity-buttons","20":"wc-has-gallery","22":"first","23":"instock","24":"taxable","25":"shipping-taxable","26":"purchasable","27":"product-type-simple"},"yoast_head":"<!-- This site is optimized with the Yoast SEO plugin v27.4 - https:\/\/yoast.com\/product\/yoast-seo-wordpress\/ -->\n<title>Abundancia &quot;Vela Miel grande&quot; - Velas Dal\u00ed<\/title>\n<meta name=\"description\" content=\"Ideal cuando todo va bastante bien y quieres sostener el equilibrio, potenciar la armon\u00eda y elevar la energ\u00eda de tu espacio con una fuerza superior.\" \/>\n<meta name=\"robots\" content=\"index, follow, max-snippet:-1, max-image-preview:large, max-video-preview:-1\" \/>\n<link rel=\"canonical\" href=\"https:\/\/espelmesdali.com\/es\/producto\/abundancia-vela-miel-grande\/\" \/>\n<meta property=\"og:locale\" content=\"es_ES\" \/>\n<meta property=\"og:type\" content=\"article\" \/>\n<meta property=\"og:title\" content=\"Abundancia &quot;Vela Miel grande&quot; - Velas Dal\u00ed\" \/>\n<meta property=\"og:description\" content=\"Ideal cuando todo va bastante bien y quieres sostener el equilibrio, potenciar la armon\u00eda y elevar la energ\u00eda de tu espacio con una fuerza superior.\" \/>\n<meta property=\"og:url\" content=\"https:\/\/espelmesdali.com\/es\/producto\/abundancia-vela-miel-grande\/\" \/>\n<meta property=\"og:site_name\" content=\"Velas Dal\u00ed\" \/>\n<meta property=\"article:publisher\" content=\"https:\/\/www.facebook.com\/profile.php?id=100086540543846\" \/>\n<meta property=\"article:modified_time\" content=\"2026-02-04T11:17:32+00:00\" \/>\n<meta property=\"og:image\" content=\"https:\/\/espelmesdali.com\/wp-content\/uploads\/2022\/10\/EDALI_1MEL-G.jpg\" \/>\n\t<meta property=\"og:image:width\" content=\"1200\" \/>\n\t<meta property=\"og:image:height\" content=\"1200\" \/>\n\t<meta property=\"og:image:type\" content=\"image\/jpeg\" \/>\n<meta name=\"twitter:card\" content=\"summary_large_image\" \/>\n<meta name=\"twitter:label1\" content=\"Tiempo de lectura\" \/>\n\t<meta name=\"twitter:data1\" content=\"10 minutos\" \/>\n<script type=\"application\/ld+json\" class=\"yoast-schema-graph\">{\"@context\":\"https:\\\/\\\/schema.org\",\"@graph\":[{\"@type\":\"WebPage\",\"@id\":\"https:\\\/\\\/espelmesdali.com\\\/es\\\/producto\\\/abundancia-vela-miel-grande\\\/\",\"url\":\"https:\\\/\\\/espelmesdali.com\\\/es\\\/producto\\\/abundancia-vela-miel-grande\\\/\",\"name\":\"Abundancia \\\"Vela Miel grande\\\" - Velas Dal\u00ed\",\"isPartOf\":{\"@id\":\"https:\\\/\\\/espelmesdali.com\\\/es\\\/#website\"},\"primaryImageOfPage\":{\"@id\":\"https:\\\/\\\/espelmesdali.com\\\/es\\\/producto\\\/abundancia-vela-miel-grande\\\/#primaryimage\"},\"image\":{\"@id\":\"https:\\\/\\\/espelmesdali.com\\\/es\\\/producto\\\/abundancia-vela-miel-grande\\\/#primaryimage\"},\"thumbnailUrl\":\"https:\\\/\\\/espelmesdali.com\\\/wp-content\\\/uploads\\\/2022\\\/10\\\/EDALI_1MEL-G.jpg\",\"datePublished\":\"2022-10-14T05:56:57+00:00\",\"dateModified\":\"2026-02-04T11:17:32+00:00\",\"description\":\"Ideal cuando todo va bastante bien y quieres sostener el equilibrio, potenciar la armon\u00eda y elevar la energ\u00eda de tu espacio con una fuerza superior.\",\"breadcrumb\":{\"@id\":\"https:\\\/\\\/espelmesdali.com\\\/es\\\/producto\\\/abundancia-vela-miel-grande\\\/#breadcrumb\"},\"inLanguage\":\"es\",\"potentialAction\":[{\"@type\":\"ReadAction\",\"target\":[\"https:\\\/\\\/espelmesdali.com\\\/es\\\/producto\\\/abundancia-vela-miel-grande\\\/\"]}]},{\"@type\":\"ImageObject\",\"inLanguage\":\"es\",\"@id\":\"https:\\\/\\\/espelmesdali.com\\\/es\\\/producto\\\/abundancia-vela-miel-grande\\\/#primaryimage\",\"url\":\"https:\\\/\\\/espelmesdali.com\\\/wp-content\\\/uploads\\\/2022\\\/10\\\/EDALI_1MEL-G.jpg\",\"contentUrl\":\"https:\\\/\\\/espelmesdali.com\\\/wp-content\\\/uploads\\\/2022\\\/10\\\/EDALI_1MEL-G.jpg\",\"width\":1200,\"height\":1200,\"caption\":\"EDALI 1MEL G\"},{\"@type\":\"BreadcrumbList\",\"@id\":\"https:\\\/\\\/espelmesdali.com\\\/es\\\/producto\\\/abundancia-vela-miel-grande\\\/#breadcrumb\",\"itemListElement\":[{\"@type\":\"ListItem\",\"position\":1,\"name\":\"Portada\",\"item\":\"https:\\\/\\\/espelmesdali.com\\\/es\\\/\"},{\"@type\":\"ListItem\",\"position\":2,\"name\":\"Tienda\",\"item\":\"https:\\\/\\\/espelmesdali.com\\\/es\\\/tienda\\\/\"},{\"@type\":\"ListItem\",\"position\":3,\"name\":\"Abundancia y Armon\u00eda\",\"item\":\"https:\\\/\\\/espelmesdali.com\\\/es\\\/categoria-producto\\\/armonia-%c2%b7-abundancia\\\/\"},{\"@type\":\"ListItem\",\"position\":4,\"name\":\"Abundancia \u00abVela Miel grande\u00bb\"}]},{\"@type\":\"WebSite\",\"@id\":\"https:\\\/\\\/espelmesdali.com\\\/es\\\/#website\",\"url\":\"https:\\\/\\\/espelmesdali.com\\\/es\\\/\",\"name\":\"Velas Dal\u00ed\",\"description\":\"Espelmes energ\u00e8tiques naturals i artesanes\",\"publisher\":{\"@id\":\"https:\\\/\\\/espelmesdali.com\\\/es\\\/#organization\"},\"alternateName\":\"Espelmes energ\u00e8tiques naturals i artesanes\",\"potentialAction\":[{\"@type\":\"SearchAction\",\"target\":{\"@type\":\"EntryPoint\",\"urlTemplate\":\"https:\\\/\\\/espelmesdali.com\\\/es\\\/?s={search_term_string}\"},\"query-input\":{\"@type\":\"PropertyValueSpecification\",\"valueRequired\":true,\"valueName\":\"search_term_string\"}}],\"inLanguage\":\"es\"},{\"@type\":\"Organization\",\"@id\":\"https:\\\/\\\/espelmesdali.com\\\/es\\\/#organization\",\"name\":\"Velas Dal\u00ed\",\"alternateName\":\"Espelmes energ\u00e8tiques naturals i artesanes\",\"url\":\"https:\\\/\\\/espelmesdali.com\\\/es\\\/\",\"logo\":{\"@type\":\"ImageObject\",\"inLanguage\":\"es\",\"@id\":\"https:\\\/\\\/espelmesdali.com\\\/es\\\/#\\\/schema\\\/logo\\\/image\\\/\",\"url\":\"https:\\\/\\\/i0.wp.com\\\/velasdali.com\\\/wp-content\\\/uploads\\\/2022\\\/12\\\/cropped-LOGO_DALI-01.jpg?fit=1200%2C1200&ssl=1\",\"contentUrl\":\"https:\\\/\\\/i0.wp.com\\\/velasdali.com\\\/wp-content\\\/uploads\\\/2022\\\/12\\\/cropped-LOGO_DALI-01.jpg?fit=1200%2C1200&ssl=1\",\"width\":1200,\"height\":1200,\"caption\":\"Velas Dal\u00ed\"},\"image\":{\"@id\":\"https:\\\/\\\/espelmesdali.com\\\/es\\\/#\\\/schema\\\/logo\\\/image\\\/\"},\"sameAs\":[\"https:\\\/\\\/www.facebook.com\\\/profile.php?id=100086540543846\",\"https:\\\/\\\/www.instagram.com\\\/espelmesdali\\\/\"]}]}<\/script>\n<!-- \/ Yoast SEO plugin. -->","yoast_head_json":{"title":"Abundancia \"Vela Miel grande\" - Velas Dal\u00ed","description":"Ideal cuando todo va bastante bien y quieres sostener el equilibrio, potenciar la armon\u00eda y elevar la energ\u00eda de tu espacio con una fuerza superior.","robots":{"index":"index","follow":"follow","max-snippet":"max-snippet:-1","max-image-preview":"max-image-preview:large","max-video-preview":"max-video-preview:-1"},"canonical":"https:\/\/espelmesdali.com\/es\/producto\/abundancia-vela-miel-grande\/","og_locale":"es_ES","og_type":"article","og_title":"Abundancia \"Vela Miel grande\" - Velas Dal\u00ed","og_description":"Ideal cuando todo va bastante bien y quieres sostener el equilibrio, potenciar la armon\u00eda y elevar la energ\u00eda de tu espacio con una fuerza superior.","og_url":"https:\/\/espelmesdali.com\/es\/producto\/abundancia-vela-miel-grande\/","og_site_name":"Velas Dal\u00ed","article_publisher":"https:\/\/www.facebook.com\/profile.php?id=100086540543846","article_modified_time":"2026-02-04T11:17:32+00:00","og_image":[{"width":1200,"height":1200,"url":"https:\/\/espelmesdali.com\/wp-content\/uploads\/2022\/10\/EDALI_1MEL-G.jpg","type":"image\/jpeg"}],"twitter_card":"summary_large_image","twitter_misc":{"Tiempo de lectura":"10 minutos"},"schema":{"@context":"https:\/\/schema.org","@graph":[{"@type":"WebPage","@id":"https:\/\/espelmesdali.com\/es\/producto\/abundancia-vela-miel-grande\/","url":"https:\/\/espelmesdali.com\/es\/producto\/abundancia-vela-miel-grande\/","name":"Abundancia \"Vela Miel grande\" - Velas Dal\u00ed","isPartOf":{"@id":"https:\/\/espelmesdali.com\/es\/#website"},"primaryImageOfPage":{"@id":"https:\/\/espelmesdali.com\/es\/producto\/abundancia-vela-miel-grande\/#primaryimage"},"image":{"@id":"https:\/\/espelmesdali.com\/es\/producto\/abundancia-vela-miel-grande\/#primaryimage"},"thumbnailUrl":"https:\/\/espelmesdali.com\/wp-content\/uploads\/2022\/10\/EDALI_1MEL-G.jpg","datePublished":"2022-10-14T05:56:57+00:00","dateModified":"2026-02-04T11:17:32+00:00","description":"Ideal cuando todo va bastante bien y quieres sostener el equilibrio, potenciar la armon\u00eda y elevar la energ\u00eda de tu espacio con una fuerza superior.","breadcrumb":{"@id":"https:\/\/espelmesdali.com\/es\/producto\/abundancia-vela-miel-grande\/#breadcrumb"},"inLanguage":"es","potentialAction":[{"@type":"ReadAction","target":["https:\/\/espelmesdali.com\/es\/producto\/abundancia-vela-miel-grande\/"]}]},{"@type":"ImageObject","inLanguage":"es","@id":"https:\/\/espelmesdali.com\/es\/producto\/abundancia-vela-miel-grande\/#primaryimage","url":"https:\/\/espelmesdali.com\/wp-content\/uploads\/2022\/10\/EDALI_1MEL-G.jpg","contentUrl":"https:\/\/espelmesdali.com\/wp-content\/uploads\/2022\/10\/EDALI_1MEL-G.jpg","width":1200,"height":1200,"caption":"EDALI 1MEL G"},{"@type":"BreadcrumbList","@id":"https:\/\/espelmesdali.com\/es\/producto\/abundancia-vela-miel-grande\/#breadcrumb","itemListElement":[{"@type":"ListItem","position":1,"name":"Portada","item":"https:\/\/espelmesdali.com\/es\/"},{"@type":"ListItem","position":2,"name":"Tienda","item":"https:\/\/espelmesdali.com\/es\/tienda\/"},{"@type":"ListItem","position":3,"name":"Abundancia y Armon\u00eda","item":"https:\/\/espelmesdali.com\/es\/categoria-producto\/armonia-%c2%b7-abundancia\/"},{"@type":"ListItem","position":4,"name":"Abundancia \u00abVela Miel grande\u00bb"}]},{"@type":"WebSite","@id":"https:\/\/espelmesdali.com\/es\/#website","url":"https:\/\/espelmesdali.com\/es\/","name":"Velas Dal\u00ed","description":"Espelmes energ\u00e8tiques naturals i artesanes","publisher":{"@id":"https:\/\/espelmesdali.com\/es\/#organization"},"alternateName":"Espelmes energ\u00e8tiques naturals i artesanes","potentialAction":[{"@type":"SearchAction","target":{"@type":"EntryPoint","urlTemplate":"https:\/\/espelmesdali.com\/es\/?s={search_term_string}"},"query-input":{"@type":"PropertyValueSpecification","valueRequired":true,"valueName":"search_term_string"}}],"inLanguage":"es"},{"@type":"Organization","@id":"https:\/\/espelmesdali.com\/es\/#organization","name":"Velas Dal\u00ed","alternateName":"Espelmes energ\u00e8tiques naturals i artesanes","url":"https:\/\/espelmesdali.com\/es\/","logo":{"@type":"ImageObject","inLanguage":"es","@id":"https:\/\/espelmesdali.com\/es\/#\/schema\/logo\/image\/","url":"https:\/\/i0.wp.com\/velasdali.com\/wp-content\/uploads\/2022\/12\/cropped-LOGO_DALI-01.jpg?fit=1200%2C1200&ssl=1","contentUrl":"https:\/\/i0.wp.com\/velasdali.com\/wp-content\/uploads\/2022\/12\/cropped-LOGO_DALI-01.jpg?fit=1200%2C1200&ssl=1","width":1200,"height":1200,"caption":"Velas Dal\u00ed"},"image":{"@id":"https:\/\/espelmesdali.com\/es\/#\/schema\/logo\/image\/"},"sameAs":["https:\/\/www.facebook.com\/profile.php?id=100086540543846","https:\/\/www.instagram.com\/espelmesdali\/"]}]}},"_links":{"self":[{"href":"https:\/\/espelmesdali.com\/es\/wp-json\/wp\/v2\/product\/8001","targetHints":{"allow":["GET"]}}],"collection":[{"href":"https:\/\/espelmesdali.com\/es\/wp-json\/wp\/v2\/product"}],"about":[{"href":"https:\/\/espelmesdali.com\/es\/wp-json\/wp\/v2\/types\/product"}],"replies":[{"embeddable":true,"href":"https:\/\/espelmesdali.com\/es\/wp-json\/wp\/v2\/comments?post=8001"}],"wp:featuredmedia":[{"embeddable":true,"href":"https:\/\/espelmesdali.com\/es\/wp-json\/wp\/v2\/media\/8207"}],"wp:attachment":[{"href":"https:\/\/espelmesdali.com\/es\/wp-json\/wp\/v2\/media?parent=8001"}],"wp:term":[{"taxonomy":"product_brand","embeddable":true,"href":"https:\/\/espelmesdali.com\/es\/wp-json\/wp\/v2\/product_brand?post=8001"},{"taxonomy":"product_cat","embeddable":true,"href":"https:\/\/espelmesdali.com\/es\/wp-json\/wp\/v2\/product_cat?post=8001"},{"taxonomy":"product_tag","embeddable":true,"href":"https:\/\/espelmesdali.com\/es\/wp-json\/wp\/v2\/product_tag?post=8001"}],"curies":[{"name":"wp","href":"https:\/\/api.w.org\/{rel}","templated":true}]}}