{"id":7943,"date":"2022-10-11T15:24:51","date_gmt":"2022-10-11T13:24:51","guid":{"rendered":"https:\/\/espelmesdali.com\/producte\/luz-familiar-vela-marron-con-ojos-amarillos\/"},"modified":"2025-03-26T12:21:43","modified_gmt":"2025-03-26T11:21:43","slug":"luz-familiar-vela-marron-con-ojos-amarillos","status":"publish","type":"product","link":"https:\/\/espelmesdali.com\/es\/producto\/luz-familiar-vela-marron-con-ojos-amarillos\/","title":{"rendered":"Luz familiar \u00bb Vela marr\u00f3n con ojos amarillos\u00bb"},"content":{"rendered":"<p><strong><span>La Vela Marr\u00f3n con Ojos Amarillos: La Luz Familiar en Momentos Dif\u00edciles<\/span><\/strong><\/p>\n<p><span>La Vela marr\u00f3n con ojos amarillos es una vela cargada de simbolismo y luz que nos\u00a0<\/span><strong><span>aporta una dosis de esperanza y claridad en momentos familiares dif\u00edciles<\/span><\/strong><span>\u00a0.\u00a0Cuando la familia se encuentra ofuscada o cuando hay temas de papeles o trabajo atascados, esta vela se convierte en una gran aliada, asegurando que nunca falte la luz y la comprensi\u00f3n en el seno de la familia.<\/span><\/p>\n<p><span>La llama de La Vela marr\u00f3n con ojos amarillos es como un faro que gu\u00eda el camino hacia la soluci\u00f3n y la armon\u00eda.\u00a0El color marr\u00f3n simboliza la estabilidad y la seguridad, record\u00e1ndonos que la familia es un pilar fundamental en nuestra vida.\u00a0Mientras que los ojos amarillos representan la claridad de la visi\u00f3n, permiti\u00e9ndonos ver m\u00e1s all\u00e1 de los conflictos y encontrar soluciones a situaciones complicadas.<\/span><\/p>\n<p><span>Cuando estamos ante una situaci\u00f3n familiar dif\u00edcil, encender esta vela nos\u00a0<\/span><strong><span>ayuda a encontrar la paz y el equilibrio necesarios para afrontar las dificultades con serenidad<\/span><\/strong><span>\u00a0.\u00a0Su llama nos conecta con la esencia familiar, y con cada aliento que tomamos, esta energ\u00eda positiva se difunde por todo el entorno, creando una atm\u00f3sfera de comprensi\u00f3n y empat\u00eda.<\/span><\/p>\n<p><span>Especialmente cuando hay temas de papeles o trabajo atascados, La Vela marr\u00f3n con ojos amarillos es una herramienta poderosa para aportar claridad y dinamismo a estas situaciones.\u00a0Su luz alumbra las oportunidades y posibilidades, abriendo el camino hacia soluciones favorables.<\/span><\/p>\n<p><span>Adem\u00e1s esta vela es una excelente opci\u00f3n para regalar si necesitamos poner luz en documentos familiares importantes.\u00a0Nuestro soporte y buenos deseos, simbolizados por esta vela, pueden aportar una energ\u00eda positiva que favorecer\u00e1 el proceso y ayudar\u00e1 a encontrar respuestas satisfactorias.<\/span><\/p>\n<p><span>En resumen, La Vela marr\u00f3n con ojos amarillos es una aliada esencial para la familia en momentos complicados.\u00a0Con su luz y simbolismo, nos recuerda que siempre hay esperanza y soluciones y nos ayuda a conectar con la claridad de la visi\u00f3n para afrontar con \u00e9xito los retos familiares.\u00a0Ad\u00e9ntrate en la magia de esta vela y permite que su llama ilumine y acompa\u00f1e a tu familia en todos los momentos de la vida.\u00a0Que nunca falte la luz familiar en su camino hacia la paz y la felicidad.<\/span><\/p>\n","protected":false},"excerpt":{"rendered":"<p><span style=\"color: #800080;\"><strong>PODER ENERG\u00c9TICO: \u2666\u2666\u2666\u2666\u25ca<\/strong><\/span><\/p>\n<p><span style=\"color: #800080;\">\u00b7Luz\u00a0 \u00a0 \u00a0 \u00a0 \u00a0 \u00a0 \u00a0 \u00a0\u00b7Familia\u00a0 \u00a0 \u00a0 \u00a0 \u00a0\u00b7Documentos<\/span><\/p>\n<p><span>Da luz a la familia.\u00a0Esta vela nos aporta una dosis de <strong>luz cuando hay una situaci\u00f3n familiar dif\u00edcil, cuando la familia est\u00e1 ofuscada o hay temas de papeles o de trabajo atascados.<\/strong>\u00a0Es una gran aliada por la familia, para que nunca falte la luz familiar.\u00a0Ideal para regalar si necesitamos poner luz a documentos familiares.<\/span><\/p>\n","protected":false},"featured_media":7161,"comment_status":"open","ping_status":"closed","template":"","meta":[],"product_brand":[],"product_cat":[635,637],"product_tag":[935,918,606,657,598,938,600,595],"class_list":{"0":"post-7943","1":"product","2":"type-product","3":"status-publish","4":"has-post-thumbnail","6":"product_cat-proteccion--familia-documentos","7":"product_cat-trabajo--estudios--claridadmental","8":"product_tag-amarillo-es","9":"product_tag-documentos-es","10":"product_tag-familia-es","11":"product_tag-feina-es","12":"product_tag-luz","13":"product_tag-marron-es","14":"product_tag-proteccion","15":"product_tag-velas-con-ojos","16":"product_shipping_class-enviament-es","17":"infinite-scroll-item","18":"sales-flash-overlay","19":"woocommerce-text-align-center","20":"woocommerce-image-align-center","21":"do-quantity-buttons","23":"first","24":"outofstock","25":"taxable","26":"shipping-taxable","27":"purchasable","28":"product-type-variable"},"yoast_head":"<!-- This site is optimized with the Yoast SEO plugin v27.4 - https:\/\/yoast.com\/product\/yoast-seo-wordpress\/ -->\n<title>Luz familiar \u201dVela marr\u00f3n con ojos amarillos\u201d<\/title>\n<meta name=\"description\" content=\"Da luz a la familia.\u00a0Esta vela nos aporta una dosis de luz cuando hay una situaci\u00f3n familiar dif\u00edcil, cuando la familia est\u00e1 ofuscada o hay temas de papeles o de trabajo atascados\" \/>\n<meta name=\"robots\" content=\"index, follow, max-snippet:-1, max-image-preview:large, max-video-preview:-1\" \/>\n<link rel=\"canonical\" href=\"https:\/\/espelmesdali.com\/es\/producto\/luz-familiar-vela-marron-con-ojos-amarillos\/\" \/>\n<meta property=\"og:locale\" content=\"es_ES\" \/>\n<meta property=\"og:type\" content=\"article\" \/>\n<meta property=\"og:title\" content=\"Luz familiar \u201dVela marr\u00f3n con ojos amarillos\u201d\" \/>\n<meta property=\"og:description\" content=\"Da luz a la familia.\u00a0Esta vela nos aporta una dosis de luz cuando hay una situaci\u00f3n familiar dif\u00edcil, cuando la familia est\u00e1 ofuscada o hay temas de papeles o de trabajo atascados\" \/>\n<meta property=\"og:url\" content=\"https:\/\/espelmesdali.com\/es\/producto\/luz-familiar-vela-marron-con-ojos-amarillos\/\" \/>\n<meta property=\"og:site_name\" content=\"Velas Dal\u00ed\" \/>\n<meta property=\"article:publisher\" content=\"https:\/\/www.facebook.com\/profile.php?id=100086540543846\" \/>\n<meta property=\"article:modified_time\" content=\"2025-03-26T11:21:43+00:00\" \/>\n<meta property=\"og:image\" content=\"https:\/\/espelmesdali.com\/wp-content\/uploads\/2022\/10\/00038.jpg\" \/>\n\t<meta property=\"og:image:width\" content=\"800\" \/>\n\t<meta property=\"og:image:height\" content=\"800\" \/>\n\t<meta property=\"og:image:type\" content=\"image\/jpeg\" \/>\n<meta name=\"twitter:card\" content=\"summary_large_image\" \/>\n<meta name=\"twitter:label1\" content=\"Tiempo de lectura\" \/>\n\t<meta name=\"twitter:data1\" content=\"2 minutos\" \/>\n<script type=\"application\/ld+json\" class=\"yoast-schema-graph\">{\"@context\":\"https:\\\/\\\/schema.org\",\"@graph\":[{\"@type\":\"WebPage\",\"@id\":\"https:\\\/\\\/espelmesdali.com\\\/es\\\/producto\\\/luz-familiar-vela-marron-con-ojos-amarillos\\\/\",\"url\":\"https:\\\/\\\/espelmesdali.com\\\/es\\\/producto\\\/luz-familiar-vela-marron-con-ojos-amarillos\\\/\",\"name\":\"Luz familiar \u201dVela marr\u00f3n con ojos amarillos\u201d\",\"isPartOf\":{\"@id\":\"https:\\\/\\\/espelmesdali.com\\\/es\\\/#website\"},\"primaryImageOfPage\":{\"@id\":\"https:\\\/\\\/espelmesdali.com\\\/es\\\/producto\\\/luz-familiar-vela-marron-con-ojos-amarillos\\\/#primaryimage\"},\"image\":{\"@id\":\"https:\\\/\\\/espelmesdali.com\\\/es\\\/producto\\\/luz-familiar-vela-marron-con-ojos-amarillos\\\/#primaryimage\"},\"thumbnailUrl\":\"https:\\\/\\\/espelmesdali.com\\\/wp-content\\\/uploads\\\/2022\\\/10\\\/00038.jpg\",\"datePublished\":\"2022-10-11T13:24:51+00:00\",\"dateModified\":\"2025-03-26T11:21:43+00:00\",\"description\":\"Da luz a la familia.\u00a0Esta vela nos aporta una dosis de luz cuando hay una situaci\u00f3n familiar dif\u00edcil, cuando la familia est\u00e1 ofuscada o hay temas de papeles o de trabajo atascados\",\"breadcrumb\":{\"@id\":\"https:\\\/\\\/espelmesdali.com\\\/es\\\/producto\\\/luz-familiar-vela-marron-con-ojos-amarillos\\\/#breadcrumb\"},\"inLanguage\":\"es\",\"potentialAction\":[{\"@type\":\"ReadAction\",\"target\":[\"https:\\\/\\\/espelmesdali.com\\\/es\\\/producto\\\/luz-familiar-vela-marron-con-ojos-amarillos\\\/\"]}]},{\"@type\":\"ImageObject\",\"inLanguage\":\"es\",\"@id\":\"https:\\\/\\\/espelmesdali.com\\\/es\\\/producto\\\/luz-familiar-vela-marron-con-ojos-amarillos\\\/#primaryimage\",\"url\":\"https:\\\/\\\/espelmesdali.com\\\/wp-content\\\/uploads\\\/2022\\\/10\\\/00038.jpg\",\"contentUrl\":\"https:\\\/\\\/espelmesdali.com\\\/wp-content\\\/uploads\\\/2022\\\/10\\\/00038.jpg\",\"width\":800,\"height\":800,\"caption\":\"00038\"},{\"@type\":\"BreadcrumbList\",\"@id\":\"https:\\\/\\\/espelmesdali.com\\\/es\\\/producto\\\/luz-familiar-vela-marron-con-ojos-amarillos\\\/#breadcrumb\",\"itemListElement\":[{\"@type\":\"ListItem\",\"position\":1,\"name\":\"Portada\",\"item\":\"https:\\\/\\\/espelmesdali.com\\\/es\\\/\"},{\"@type\":\"ListItem\",\"position\":2,\"name\":\"Tienda\",\"item\":\"https:\\\/\\\/espelmesdali.com\\\/es\\\/tienda\\\/\"},{\"@type\":\"ListItem\",\"position\":3,\"name\":\"Protecci\u00f3n \u00b7 Familia \u00b7 Documentos\",\"item\":\"https:\\\/\\\/espelmesdali.com\\\/es\\\/categoria-producto\\\/proteccion-%c2%b7-familia-documentos\\\/\"},{\"@type\":\"ListItem\",\"position\":4,\"name\":\"Luz familiar \u00bb Vela marr\u00f3n con ojos amarillos\u00bb\"}]},{\"@type\":\"WebSite\",\"@id\":\"https:\\\/\\\/espelmesdali.com\\\/es\\\/#website\",\"url\":\"https:\\\/\\\/espelmesdali.com\\\/es\\\/\",\"name\":\"Velas Dal\u00ed\",\"description\":\"Espelmes energ\u00e8tiques naturals i artesanes\",\"publisher\":{\"@id\":\"https:\\\/\\\/espelmesdali.com\\\/es\\\/#organization\"},\"alternateName\":\"Espelmes energ\u00e8tiques naturals i artesanes\",\"potentialAction\":[{\"@type\":\"SearchAction\",\"target\":{\"@type\":\"EntryPoint\",\"urlTemplate\":\"https:\\\/\\\/espelmesdali.com\\\/es\\\/?s={search_term_string}\"},\"query-input\":{\"@type\":\"PropertyValueSpecification\",\"valueRequired\":true,\"valueName\":\"search_term_string\"}}],\"inLanguage\":\"es\"},{\"@type\":\"Organization\",\"@id\":\"https:\\\/\\\/espelmesdali.com\\\/es\\\/#organization\",\"name\":\"Velas Dal\u00ed\",\"alternateName\":\"Espelmes energ\u00e8tiques naturals i artesanes\",\"url\":\"https:\\\/\\\/espelmesdali.com\\\/es\\\/\",\"logo\":{\"@type\":\"ImageObject\",\"inLanguage\":\"es\",\"@id\":\"https:\\\/\\\/espelmesdali.com\\\/es\\\/#\\\/schema\\\/logo\\\/image\\\/\",\"url\":\"https:\\\/\\\/i0.wp.com\\\/velasdali.com\\\/wp-content\\\/uploads\\\/2022\\\/12\\\/cropped-LOGO_DALI-01.jpg?fit=1200%2C1200&ssl=1\",\"contentUrl\":\"https:\\\/\\\/i0.wp.com\\\/velasdali.com\\\/wp-content\\\/uploads\\\/2022\\\/12\\\/cropped-LOGO_DALI-01.jpg?fit=1200%2C1200&ssl=1\",\"width\":1200,\"height\":1200,\"caption\":\"Velas Dal\u00ed\"},\"image\":{\"@id\":\"https:\\\/\\\/espelmesdali.com\\\/es\\\/#\\\/schema\\\/logo\\\/image\\\/\"},\"sameAs\":[\"https:\\\/\\\/www.facebook.com\\\/profile.php?id=100086540543846\",\"https:\\\/\\\/www.instagram.com\\\/espelmesdali\\\/\"]}]}<\/script>\n<!-- \/ Yoast SEO plugin. -->","yoast_head_json":{"title":"Luz familiar \u201dVela marr\u00f3n con ojos amarillos\u201d","description":"Da luz a la familia.\u00a0Esta vela nos aporta una dosis de luz cuando hay una situaci\u00f3n familiar dif\u00edcil, cuando la familia est\u00e1 ofuscada o hay temas de papeles o de trabajo atascados","robots":{"index":"index","follow":"follow","max-snippet":"max-snippet:-1","max-image-preview":"max-image-preview:large","max-video-preview":"max-video-preview:-1"},"canonical":"https:\/\/espelmesdali.com\/es\/producto\/luz-familiar-vela-marron-con-ojos-amarillos\/","og_locale":"es_ES","og_type":"article","og_title":"Luz familiar \u201dVela marr\u00f3n con ojos amarillos\u201d","og_description":"Da luz a la familia.\u00a0Esta vela nos aporta una dosis de luz cuando hay una situaci\u00f3n familiar dif\u00edcil, cuando la familia est\u00e1 ofuscada o hay temas de papeles o de trabajo atascados","og_url":"https:\/\/espelmesdali.com\/es\/producto\/luz-familiar-vela-marron-con-ojos-amarillos\/","og_site_name":"Velas Dal\u00ed","article_publisher":"https:\/\/www.facebook.com\/profile.php?id=100086540543846","article_modified_time":"2025-03-26T11:21:43+00:00","og_image":[{"width":800,"height":800,"url":"https:\/\/espelmesdali.com\/wp-content\/uploads\/2022\/10\/00038.jpg","type":"image\/jpeg"}],"twitter_card":"summary_large_image","twitter_misc":{"Tiempo de lectura":"2 minutos"},"schema":{"@context":"https:\/\/schema.org","@graph":[{"@type":"WebPage","@id":"https:\/\/espelmesdali.com\/es\/producto\/luz-familiar-vela-marron-con-ojos-amarillos\/","url":"https:\/\/espelmesdali.com\/es\/producto\/luz-familiar-vela-marron-con-ojos-amarillos\/","name":"Luz familiar \u201dVela marr\u00f3n con ojos amarillos\u201d","isPartOf":{"@id":"https:\/\/espelmesdali.com\/es\/#website"},"primaryImageOfPage":{"@id":"https:\/\/espelmesdali.com\/es\/producto\/luz-familiar-vela-marron-con-ojos-amarillos\/#primaryimage"},"image":{"@id":"https:\/\/espelmesdali.com\/es\/producto\/luz-familiar-vela-marron-con-ojos-amarillos\/#primaryimage"},"thumbnailUrl":"https:\/\/espelmesdali.com\/wp-content\/uploads\/2022\/10\/00038.jpg","datePublished":"2022-10-11T13:24:51+00:00","dateModified":"2025-03-26T11:21:43+00:00","description":"Da luz a la familia.\u00a0Esta vela nos aporta una dosis de luz cuando hay una situaci\u00f3n familiar dif\u00edcil, cuando la familia est\u00e1 ofuscada o hay temas de papeles o de trabajo atascados","breadcrumb":{"@id":"https:\/\/espelmesdali.com\/es\/producto\/luz-familiar-vela-marron-con-ojos-amarillos\/#breadcrumb"},"inLanguage":"es","potentialAction":[{"@type":"ReadAction","target":["https:\/\/espelmesdali.com\/es\/producto\/luz-familiar-vela-marron-con-ojos-amarillos\/"]}]},{"@type":"ImageObject","inLanguage":"es","@id":"https:\/\/espelmesdali.com\/es\/producto\/luz-familiar-vela-marron-con-ojos-amarillos\/#primaryimage","url":"https:\/\/espelmesdali.com\/wp-content\/uploads\/2022\/10\/00038.jpg","contentUrl":"https:\/\/espelmesdali.com\/wp-content\/uploads\/2022\/10\/00038.jpg","width":800,"height":800,"caption":"00038"},{"@type":"BreadcrumbList","@id":"https:\/\/espelmesdali.com\/es\/producto\/luz-familiar-vela-marron-con-ojos-amarillos\/#breadcrumb","itemListElement":[{"@type":"ListItem","position":1,"name":"Portada","item":"https:\/\/espelmesdali.com\/es\/"},{"@type":"ListItem","position":2,"name":"Tienda","item":"https:\/\/espelmesdali.com\/es\/tienda\/"},{"@type":"ListItem","position":3,"name":"Protecci\u00f3n \u00b7 Familia \u00b7 Documentos","item":"https:\/\/espelmesdali.com\/es\/categoria-producto\/proteccion-%c2%b7-familia-documentos\/"},{"@type":"ListItem","position":4,"name":"Luz familiar \u00bb Vela marr\u00f3n con ojos amarillos\u00bb"}]},{"@type":"WebSite","@id":"https:\/\/espelmesdali.com\/es\/#website","url":"https:\/\/espelmesdali.com\/es\/","name":"Velas Dal\u00ed","description":"Espelmes energ\u00e8tiques naturals i artesanes","publisher":{"@id":"https:\/\/espelmesdali.com\/es\/#organization"},"alternateName":"Espelmes energ\u00e8tiques naturals i artesanes","potentialAction":[{"@type":"SearchAction","target":{"@type":"EntryPoint","urlTemplate":"https:\/\/espelmesdali.com\/es\/?s={search_term_string}"},"query-input":{"@type":"PropertyValueSpecification","valueRequired":true,"valueName":"search_term_string"}}],"inLanguage":"es"},{"@type":"Organization","@id":"https:\/\/espelmesdali.com\/es\/#organization","name":"Velas Dal\u00ed","alternateName":"Espelmes energ\u00e8tiques naturals i artesanes","url":"https:\/\/espelmesdali.com\/es\/","logo":{"@type":"ImageObject","inLanguage":"es","@id":"https:\/\/espelmesdali.com\/es\/#\/schema\/logo\/image\/","url":"https:\/\/i0.wp.com\/velasdali.com\/wp-content\/uploads\/2022\/12\/cropped-LOGO_DALI-01.jpg?fit=1200%2C1200&ssl=1","contentUrl":"https:\/\/i0.wp.com\/velasdali.com\/wp-content\/uploads\/2022\/12\/cropped-LOGO_DALI-01.jpg?fit=1200%2C1200&ssl=1","width":1200,"height":1200,"caption":"Velas Dal\u00ed"},"image":{"@id":"https:\/\/espelmesdali.com\/es\/#\/schema\/logo\/image\/"},"sameAs":["https:\/\/www.facebook.com\/profile.php?id=100086540543846","https:\/\/www.instagram.com\/espelmesdali\/"]}]}},"_links":{"self":[{"href":"https:\/\/espelmesdali.com\/es\/wp-json\/wp\/v2\/product\/7943","targetHints":{"allow":["GET"]}}],"collection":[{"href":"https:\/\/espelmesdali.com\/es\/wp-json\/wp\/v2\/product"}],"about":[{"href":"https:\/\/espelmesdali.com\/es\/wp-json\/wp\/v2\/types\/product"}],"replies":[{"embeddable":true,"href":"https:\/\/espelmesdali.com\/es\/wp-json\/wp\/v2\/comments?post=7943"}],"wp:featuredmedia":[{"embeddable":true,"href":"https:\/\/espelmesdali.com\/es\/wp-json\/wp\/v2\/media\/7161"}],"wp:attachment":[{"href":"https:\/\/espelmesdali.com\/es\/wp-json\/wp\/v2\/media?parent=7943"}],"wp:term":[{"taxonomy":"product_brand","embeddable":true,"href":"https:\/\/espelmesdali.com\/es\/wp-json\/wp\/v2\/product_brand?post=7943"},{"taxonomy":"product_cat","embeddable":true,"href":"https:\/\/espelmesdali.com\/es\/wp-json\/wp\/v2\/product_cat?post=7943"},{"taxonomy":"product_tag","embeddable":true,"href":"https:\/\/espelmesdali.com\/es\/wp-json\/wp\/v2\/product_tag?post=7943"}],"curies":[{"name":"wp","href":"https:\/\/api.w.org\/{rel}","templated":true}]}}