{"id":7927,"date":"2022-09-23T11:31:58","date_gmt":"2022-09-23T09:31:58","guid":{"rendered":"https:\/\/espelmesdali.com\/producte\/cambio-de-trabajo-vela-lila-con-ojos-amarillos\/"},"modified":"2025-08-24T13:07:42","modified_gmt":"2025-08-24T11:07:42","slug":"cambio-de-trabajo-vela-lila-con-ojos-amarillos","status":"publish","type":"product","link":"https:\/\/espelmesdali.com\/es\/producto\/cambio-de-trabajo-vela-lila-con-ojos-amarillos\/","title":{"rendered":"Cambio de trabajo \u00abVela Lila con ojos amarillos\u00bb"},"content":{"rendered":"<p><span style=\"color: #800080;\"><strong>La Vela Lila con Ojos Amarillos: Iluminando el Camino Hacia el Cambio en Empleo y Estudios<\/strong><\/span><\/p>\n<p><span>La Vela lila con ojos amarillos es una aliada excepcional para todos aquellos que buscan un cambio en el mundo laboral o acad\u00e9mico.\u00a0Con su llama suave y serena, esta vela nos\u00a0<\/span><strong><span>brinda la iluminaci\u00f3n y la claridad mental que necesitamos para tomar decisiones importantes relacionadas con el trabajo o los estudios.<\/span><\/strong><\/p>\n<p><span>El color lila de La Vela simboliza la\u00a0<\/span><strong><span>transformaci\u00f3n y la sabidur\u00eda<\/span><\/strong><span>\u00a0, mientras que los ojos amarillos representan la visi\u00f3n y la intuici\u00f3n.\u00a0Cuando encendemos esta vela, nos conectamos con estas potentes energ\u00edas que nos gu\u00edan hacia un camino de cambio y crecimiento personal en el \u00e1mbito laboral y acad\u00e9mico.<\/span><\/p>\n<p><span>Si te encuentras en un momento de transici\u00f3n profesional y deseas un cambio de trabajo, La vela lila con ojos amarillos es tu aliada ideal. Esta vela nos ofrece la claridad mental necesaria para identificar cu\u00e1les son los pasos a seguir para conseguir nuestros objetivos profesionales.<\/span><\/p>\n<p><span>Adem\u00e1s, si tienes tu propio negocio y necesitas darle un impulso, esta vela puede ser una gran aliada para conseguir el crecimiento y \u00e9xito deseados.\u00a0Su llama nos aporta la sabidur\u00eda necesaria para tomar las decisiones adecuadas y atraer oportunidades que impulsen nuestro negocio hacia delante.<\/span><\/p>\n<p><span>Para quienes est\u00e1n estudiando o para sus hijos, esta vela puede ser de gran ayuda cuando parecen haber dificultades en el proceso de estudio.\u00a0Nos ofrece la\u00a0<\/span><strong><span>claridad mental y la paz necesarias para que la mente fluya mejor y el aprendizaje sea m\u00e1s fluido.<\/span><\/strong><\/p>\n<p><span>Regalar esa vela a alguien que est\u00e9 pasando por momentos de incertidumbre en su carrera profesional o en su camino acad\u00e9mico, es un gesto de apoyo y amor.\u00a0Es una forma de enviar luz y sabidur\u00eda para ayudarles a tomar las decisiones necesarias y encontrar el camino hacia el cambio y la mejora.<\/span><\/p>\n<p><span>En resumen, La Vela lila con ojos amarillos nos gu\u00eda hacia la iluminaci\u00f3n y la claridad mental para pedir un cambio en el trabajo o en los estudios.\u00a0Con su llama serena, nos ayuda a tomar decisiones y encontrar el camino hacia una vida profesional y acad\u00e9mica m\u00e1s satisfactoria.\u00a0Aprovechamos la magia de esta vela para regalarnos sabidur\u00eda e intuici\u00f3n en nuestro camino hacia el cambio y transformaci\u00f3n.\u00a0Que La Vela lila con ojos amarillos nos ilumine en la toma de decisiones y nos brinde el apoyo necesario para conseguir el \u00e9xito en el trabajo y los estudios.<\/span><\/p>\n","protected":false},"excerpt":{"rendered":"<p><span style=\"color: #800080;\"><strong>PODER ENERG\u00c9TICO: \u2666\u2666\u2666\u2666\u25ca<\/strong><\/span><\/p>\n<p><span style=\"color: #800080;\">\u00b7Cambios\u00a0 \u00a0 \u00a0 \u00b7Trabajo\u00a0 \u00a0 \u00a0 \u00a0\u00b7Estudios<\/span><\/p>\n<p><span>Para pedir un cambio en el trabajo o estudios.\u00a0Por cuando est\u00e1s muy\u00a0<\/span><strong><span>ofuscada mentalmente<\/span><\/strong><span>\u00a0.\u00a0\u00bb\u00a0<\/span><strong><span>Cambio en el trabajo y\/o los estudios<\/span><\/strong><span>\u00a0\u00ab.\u00a0Si necesitas un cambio de trabajo, si tienes tu propio negocio pero necesitas darle un empuj\u00f3n, \u00e9sta es tu vela.\u00a0Si t\u00fa o tus hijos est\u00e1 estudiando y parece que la cosa no fluye esta vela puede ayudarte.\u00a0Si tienes que realizar alg\u00fan cambio y necesitas luz y sabidur\u00eda para tomar las decisiones necesarias esta vela est\u00e1 a tu servicio.\u00a0Ideal para regalar siempre que los estudios o el trabajo no acaben de fluir.<\/span><\/p>\n","protected":false},"featured_media":8526,"comment_status":"open","ping_status":"closed","template":"","meta":[],"product_brand":[],"product_cat":[642,637],"product_tag":[935,775,943,804,657,879,598,925,932,595],"class_list":{"0":"post-7927","1":"product","2":"type-product","3":"status-publish","4":"has-post-thumbnail","6":"product_cat-miedo--influenciasnegativas","7":"product_cat-trabajo--estudios--claridadmental","8":"product_tag-amarillo-es","9":"product_tag-cambio-es","10":"product_tag-claridad-es","11":"product_tag-estudios-es","12":"product_tag-feina-es","13":"product_tag-lila-es","14":"product_tag-luz","15":"product_tag-ofuscacion-es","16":"product_tag-sabiduria-es","17":"product_tag-velas-con-ojos","18":"product_shipping_class-enviament-es","19":"infinite-scroll-item","20":"sales-flash-overlay","21":"woocommerce-text-align-center","22":"woocommerce-image-align-center","23":"do-quantity-buttons","25":"first","26":"outofstock","27":"taxable","28":"shipping-taxable","29":"purchasable","30":"product-type-variable"},"yoast_head":"<!-- This site is optimized with the Yoast SEO plugin v27.4 - https:\/\/yoast.com\/product\/yoast-seo-wordpress\/ -->\n<title>Cambio de trabajo &quot;Vela Lila con ojos amarillos&quot;<\/title>\n<meta name=\"description\" content=\"Para pedir un cambio en el trabajo o estudios.\u00a0Por cuando est\u00e1s muy\u00a0ofuscada mentalmente\u00a0.\u00a0&quot;\u00a0Cambio en el trabajo y\/o los estudios\u00a0&quot;.\" \/>\n<meta name=\"robots\" content=\"index, follow, max-snippet:-1, max-image-preview:large, max-video-preview:-1\" \/>\n<link rel=\"canonical\" href=\"https:\/\/espelmesdali.com\/es\/producto\/cambio-de-trabajo-vela-lila-con-ojos-amarillos\/\" \/>\n<meta property=\"og:locale\" content=\"es_ES\" \/>\n<meta property=\"og:type\" content=\"article\" \/>\n<meta property=\"og:title\" content=\"Cambio de trabajo &quot;Vela Lila con ojos amarillos&quot;\" \/>\n<meta property=\"og:description\" content=\"Para pedir un cambio en el trabajo o estudios.\u00a0Por cuando est\u00e1s muy\u00a0ofuscada mentalmente\u00a0.\u00a0&quot;\u00a0Cambio en el trabajo y\/o los estudios\u00a0&quot;.\" \/>\n<meta property=\"og:url\" content=\"https:\/\/espelmesdali.com\/es\/producto\/cambio-de-trabajo-vela-lila-con-ojos-amarillos\/\" \/>\n<meta property=\"og:site_name\" content=\"Velas Dal\u00ed\" \/>\n<meta property=\"article:publisher\" content=\"https:\/\/www.facebook.com\/profile.php?id=100086540543846\" \/>\n<meta property=\"article:modified_time\" content=\"2025-08-24T11:07:42+00:00\" \/>\n<meta property=\"og:image\" content=\"https:\/\/espelmesdali.com\/wp-content\/uploads\/2024\/03\/00032.jpg\" \/>\n\t<meta property=\"og:image:width\" content=\"800\" \/>\n\t<meta property=\"og:image:height\" content=\"800\" \/>\n\t<meta property=\"og:image:type\" content=\"image\/jpeg\" \/>\n<meta name=\"twitter:card\" content=\"summary_large_image\" \/>\n<meta name=\"twitter:label1\" content=\"Tiempo de lectura\" \/>\n\t<meta name=\"twitter:data1\" content=\"3 minutos\" \/>\n<script type=\"application\/ld+json\" class=\"yoast-schema-graph\">{\"@context\":\"https:\\\/\\\/schema.org\",\"@graph\":[{\"@type\":\"WebPage\",\"@id\":\"https:\\\/\\\/espelmesdali.com\\\/es\\\/producto\\\/cambio-de-trabajo-vela-lila-con-ojos-amarillos\\\/\",\"url\":\"https:\\\/\\\/espelmesdali.com\\\/es\\\/producto\\\/cambio-de-trabajo-vela-lila-con-ojos-amarillos\\\/\",\"name\":\"Cambio de trabajo \\\"Vela Lila con ojos amarillos\\\"\",\"isPartOf\":{\"@id\":\"https:\\\/\\\/espelmesdali.com\\\/es\\\/#website\"},\"primaryImageOfPage\":{\"@id\":\"https:\\\/\\\/espelmesdali.com\\\/es\\\/producto\\\/cambio-de-trabajo-vela-lila-con-ojos-amarillos\\\/#primaryimage\"},\"image\":{\"@id\":\"https:\\\/\\\/espelmesdali.com\\\/es\\\/producto\\\/cambio-de-trabajo-vela-lila-con-ojos-amarillos\\\/#primaryimage\"},\"thumbnailUrl\":\"https:\\\/\\\/espelmesdali.com\\\/wp-content\\\/uploads\\\/2024\\\/03\\\/00032.jpg\",\"datePublished\":\"2022-09-23T09:31:58+00:00\",\"dateModified\":\"2025-08-24T11:07:42+00:00\",\"description\":\"Para pedir un cambio en el trabajo o estudios.\u00a0Por cuando est\u00e1s muy\u00a0ofuscada mentalmente\u00a0.\u00a0\\\"\u00a0Cambio en el trabajo y\\\/o los estudios\u00a0\\\".\",\"breadcrumb\":{\"@id\":\"https:\\\/\\\/espelmesdali.com\\\/es\\\/producto\\\/cambio-de-trabajo-vela-lila-con-ojos-amarillos\\\/#breadcrumb\"},\"inLanguage\":\"es\",\"potentialAction\":[{\"@type\":\"ReadAction\",\"target\":[\"https:\\\/\\\/espelmesdali.com\\\/es\\\/producto\\\/cambio-de-trabajo-vela-lila-con-ojos-amarillos\\\/\"]}]},{\"@type\":\"ImageObject\",\"inLanguage\":\"es\",\"@id\":\"https:\\\/\\\/espelmesdali.com\\\/es\\\/producto\\\/cambio-de-trabajo-vela-lila-con-ojos-amarillos\\\/#primaryimage\",\"url\":\"https:\\\/\\\/espelmesdali.com\\\/wp-content\\\/uploads\\\/2024\\\/03\\\/00032.jpg\",\"contentUrl\":\"https:\\\/\\\/espelmesdali.com\\\/wp-content\\\/uploads\\\/2024\\\/03\\\/00032.jpg\",\"width\":800,\"height\":800,\"caption\":\"00032\"},{\"@type\":\"BreadcrumbList\",\"@id\":\"https:\\\/\\\/espelmesdali.com\\\/es\\\/producto\\\/cambio-de-trabajo-vela-lila-con-ojos-amarillos\\\/#breadcrumb\",\"itemListElement\":[{\"@type\":\"ListItem\",\"position\":1,\"name\":\"Portada\",\"item\":\"https:\\\/\\\/espelmesdali.com\\\/es\\\/\"},{\"@type\":\"ListItem\",\"position\":2,\"name\":\"Tienda\",\"item\":\"https:\\\/\\\/espelmesdali.com\\\/es\\\/tienda\\\/\"},{\"@type\":\"ListItem\",\"position\":3,\"name\":\"Miedos e influencias negativas\",\"item\":\"https:\\\/\\\/espelmesdali.com\\\/es\\\/categoria-producto\\\/miedo-%c2%b7-influenciasnegativas\\\/\"},{\"@type\":\"ListItem\",\"position\":4,\"name\":\"Cambio de trabajo \u00abVela Lila con ojos amarillos\u00bb\"}]},{\"@type\":\"WebSite\",\"@id\":\"https:\\\/\\\/espelmesdali.com\\\/es\\\/#website\",\"url\":\"https:\\\/\\\/espelmesdali.com\\\/es\\\/\",\"name\":\"Velas Dal\u00ed\",\"description\":\"Espelmes energ\u00e8tiques naturals i artesanes\",\"publisher\":{\"@id\":\"https:\\\/\\\/espelmesdali.com\\\/es\\\/#organization\"},\"alternateName\":\"Espelmes energ\u00e8tiques naturals i artesanes\",\"potentialAction\":[{\"@type\":\"SearchAction\",\"target\":{\"@type\":\"EntryPoint\",\"urlTemplate\":\"https:\\\/\\\/espelmesdali.com\\\/es\\\/?s={search_term_string}\"},\"query-input\":{\"@type\":\"PropertyValueSpecification\",\"valueRequired\":true,\"valueName\":\"search_term_string\"}}],\"inLanguage\":\"es\"},{\"@type\":\"Organization\",\"@id\":\"https:\\\/\\\/espelmesdali.com\\\/es\\\/#organization\",\"name\":\"Velas Dal\u00ed\",\"alternateName\":\"Espelmes energ\u00e8tiques naturals i artesanes\",\"url\":\"https:\\\/\\\/espelmesdali.com\\\/es\\\/\",\"logo\":{\"@type\":\"ImageObject\",\"inLanguage\":\"es\",\"@id\":\"https:\\\/\\\/espelmesdali.com\\\/es\\\/#\\\/schema\\\/logo\\\/image\\\/\",\"url\":\"https:\\\/\\\/i0.wp.com\\\/velasdali.com\\\/wp-content\\\/uploads\\\/2022\\\/12\\\/cropped-LOGO_DALI-01.jpg?fit=1200%2C1200&ssl=1\",\"contentUrl\":\"https:\\\/\\\/i0.wp.com\\\/velasdali.com\\\/wp-content\\\/uploads\\\/2022\\\/12\\\/cropped-LOGO_DALI-01.jpg?fit=1200%2C1200&ssl=1\",\"width\":1200,\"height\":1200,\"caption\":\"Velas Dal\u00ed\"},\"image\":{\"@id\":\"https:\\\/\\\/espelmesdali.com\\\/es\\\/#\\\/schema\\\/logo\\\/image\\\/\"},\"sameAs\":[\"https:\\\/\\\/www.facebook.com\\\/profile.php?id=100086540543846\",\"https:\\\/\\\/www.instagram.com\\\/espelmesdali\\\/\"]}]}<\/script>\n<!-- \/ Yoast SEO plugin. -->","yoast_head_json":{"title":"Cambio de trabajo \"Vela Lila con ojos amarillos\"","description":"Para pedir un cambio en el trabajo o estudios.\u00a0Por cuando est\u00e1s muy\u00a0ofuscada mentalmente\u00a0.\u00a0\"\u00a0Cambio en el trabajo y\/o los estudios\u00a0\".","robots":{"index":"index","follow":"follow","max-snippet":"max-snippet:-1","max-image-preview":"max-image-preview:large","max-video-preview":"max-video-preview:-1"},"canonical":"https:\/\/espelmesdali.com\/es\/producto\/cambio-de-trabajo-vela-lila-con-ojos-amarillos\/","og_locale":"es_ES","og_type":"article","og_title":"Cambio de trabajo \"Vela Lila con ojos amarillos\"","og_description":"Para pedir un cambio en el trabajo o estudios.\u00a0Por cuando est\u00e1s muy\u00a0ofuscada mentalmente\u00a0.\u00a0\"\u00a0Cambio en el trabajo y\/o los estudios\u00a0\".","og_url":"https:\/\/espelmesdali.com\/es\/producto\/cambio-de-trabajo-vela-lila-con-ojos-amarillos\/","og_site_name":"Velas Dal\u00ed","article_publisher":"https:\/\/www.facebook.com\/profile.php?id=100086540543846","article_modified_time":"2025-08-24T11:07:42+00:00","og_image":[{"width":800,"height":800,"url":"https:\/\/espelmesdali.com\/wp-content\/uploads\/2024\/03\/00032.jpg","type":"image\/jpeg"}],"twitter_card":"summary_large_image","twitter_misc":{"Tiempo de lectura":"3 minutos"},"schema":{"@context":"https:\/\/schema.org","@graph":[{"@type":"WebPage","@id":"https:\/\/espelmesdali.com\/es\/producto\/cambio-de-trabajo-vela-lila-con-ojos-amarillos\/","url":"https:\/\/espelmesdali.com\/es\/producto\/cambio-de-trabajo-vela-lila-con-ojos-amarillos\/","name":"Cambio de trabajo \"Vela Lila con ojos amarillos\"","isPartOf":{"@id":"https:\/\/espelmesdali.com\/es\/#website"},"primaryImageOfPage":{"@id":"https:\/\/espelmesdali.com\/es\/producto\/cambio-de-trabajo-vela-lila-con-ojos-amarillos\/#primaryimage"},"image":{"@id":"https:\/\/espelmesdali.com\/es\/producto\/cambio-de-trabajo-vela-lila-con-ojos-amarillos\/#primaryimage"},"thumbnailUrl":"https:\/\/espelmesdali.com\/wp-content\/uploads\/2024\/03\/00032.jpg","datePublished":"2022-09-23T09:31:58+00:00","dateModified":"2025-08-24T11:07:42+00:00","description":"Para pedir un cambio en el trabajo o estudios.\u00a0Por cuando est\u00e1s muy\u00a0ofuscada mentalmente\u00a0.\u00a0\"\u00a0Cambio en el trabajo y\/o los estudios\u00a0\".","breadcrumb":{"@id":"https:\/\/espelmesdali.com\/es\/producto\/cambio-de-trabajo-vela-lila-con-ojos-amarillos\/#breadcrumb"},"inLanguage":"es","potentialAction":[{"@type":"ReadAction","target":["https:\/\/espelmesdali.com\/es\/producto\/cambio-de-trabajo-vela-lila-con-ojos-amarillos\/"]}]},{"@type":"ImageObject","inLanguage":"es","@id":"https:\/\/espelmesdali.com\/es\/producto\/cambio-de-trabajo-vela-lila-con-ojos-amarillos\/#primaryimage","url":"https:\/\/espelmesdali.com\/wp-content\/uploads\/2024\/03\/00032.jpg","contentUrl":"https:\/\/espelmesdali.com\/wp-content\/uploads\/2024\/03\/00032.jpg","width":800,"height":800,"caption":"00032"},{"@type":"BreadcrumbList","@id":"https:\/\/espelmesdali.com\/es\/producto\/cambio-de-trabajo-vela-lila-con-ojos-amarillos\/#breadcrumb","itemListElement":[{"@type":"ListItem","position":1,"name":"Portada","item":"https:\/\/espelmesdali.com\/es\/"},{"@type":"ListItem","position":2,"name":"Tienda","item":"https:\/\/espelmesdali.com\/es\/tienda\/"},{"@type":"ListItem","position":3,"name":"Miedos e influencias negativas","item":"https:\/\/espelmesdali.com\/es\/categoria-producto\/miedo-%c2%b7-influenciasnegativas\/"},{"@type":"ListItem","position":4,"name":"Cambio de trabajo \u00abVela Lila con ojos amarillos\u00bb"}]},{"@type":"WebSite","@id":"https:\/\/espelmesdali.com\/es\/#website","url":"https:\/\/espelmesdali.com\/es\/","name":"Velas Dal\u00ed","description":"Espelmes energ\u00e8tiques naturals i artesanes","publisher":{"@id":"https:\/\/espelmesdali.com\/es\/#organization"},"alternateName":"Espelmes energ\u00e8tiques naturals i artesanes","potentialAction":[{"@type":"SearchAction","target":{"@type":"EntryPoint","urlTemplate":"https:\/\/espelmesdali.com\/es\/?s={search_term_string}"},"query-input":{"@type":"PropertyValueSpecification","valueRequired":true,"valueName":"search_term_string"}}],"inLanguage":"es"},{"@type":"Organization","@id":"https:\/\/espelmesdali.com\/es\/#organization","name":"Velas Dal\u00ed","alternateName":"Espelmes energ\u00e8tiques naturals i artesanes","url":"https:\/\/espelmesdali.com\/es\/","logo":{"@type":"ImageObject","inLanguage":"es","@id":"https:\/\/espelmesdali.com\/es\/#\/schema\/logo\/image\/","url":"https:\/\/i0.wp.com\/velasdali.com\/wp-content\/uploads\/2022\/12\/cropped-LOGO_DALI-01.jpg?fit=1200%2C1200&ssl=1","contentUrl":"https:\/\/i0.wp.com\/velasdali.com\/wp-content\/uploads\/2022\/12\/cropped-LOGO_DALI-01.jpg?fit=1200%2C1200&ssl=1","width":1200,"height":1200,"caption":"Velas Dal\u00ed"},"image":{"@id":"https:\/\/espelmesdali.com\/es\/#\/schema\/logo\/image\/"},"sameAs":["https:\/\/www.facebook.com\/profile.php?id=100086540543846","https:\/\/www.instagram.com\/espelmesdali\/"]}]}},"_links":{"self":[{"href":"https:\/\/espelmesdali.com\/es\/wp-json\/wp\/v2\/product\/7927","targetHints":{"allow":["GET"]}}],"collection":[{"href":"https:\/\/espelmesdali.com\/es\/wp-json\/wp\/v2\/product"}],"about":[{"href":"https:\/\/espelmesdali.com\/es\/wp-json\/wp\/v2\/types\/product"}],"replies":[{"embeddable":true,"href":"https:\/\/espelmesdali.com\/es\/wp-json\/wp\/v2\/comments?post=7927"}],"wp:featuredmedia":[{"embeddable":true,"href":"https:\/\/espelmesdali.com\/es\/wp-json\/wp\/v2\/media\/8526"}],"wp:attachment":[{"href":"https:\/\/espelmesdali.com\/es\/wp-json\/wp\/v2\/media?parent=7927"}],"wp:term":[{"taxonomy":"product_brand","embeddable":true,"href":"https:\/\/espelmesdali.com\/es\/wp-json\/wp\/v2\/product_brand?post=7927"},{"taxonomy":"product_cat","embeddable":true,"href":"https:\/\/espelmesdali.com\/es\/wp-json\/wp\/v2\/product_cat?post=7927"},{"taxonomy":"product_tag","embeddable":true,"href":"https:\/\/espelmesdali.com\/es\/wp-json\/wp\/v2\/product_tag?post=7927"}],"curies":[{"name":"wp","href":"https:\/\/api.w.org\/{rel}","templated":true}]}}