{"id":7925,"date":"2022-09-23T11:32:15","date_gmt":"2022-09-23T09:32:15","guid":{"rendered":"https:\/\/espelmesdali.com\/producte\/limpieza-fuerza-y-pasion-vela-blanca-con-ojos-rosa-y-rojo\/"},"modified":"2024-02-23T23:34:45","modified_gmt":"2024-02-23T22:34:45","slug":"limpieza-fuerza-y-pasion-vela-blanca-con-ojos-rosa-y-rojo","status":"publish","type":"product","link":"https:\/\/espelmesdali.com\/es\/producto\/limpieza-fuerza-y-pasion-vela-blanca-con-ojos-rosa-y-rojo\/","title":{"rendered":"Limpieza fuerza y \u200b\u200bpasi\u00f3n \u201cVela blanca con ojos rosa y rojo\u201d"},"content":{"rendered":"<p><span style=\"color: #800080;\"><strong>La Vela Blanca con Ojos Rosa y Rojo: Amor, Chispa y Pasi\u00f3n en Tus Relaciones<\/strong><\/span><\/p>\n<p><span>La Vela blanca con ojos rosa y rojo es una\u00a0<\/span><strong><span>fuente de amor, chispa y pasi\u00f3n que limpia nuestras relaciones y nos ayuda a fortalecer la conexi\u00f3n con nosotros mismas<\/span><\/strong><span>\u00a0.\u00a0Esta vela tiene la capacidad de purificar las relaciones e infundirlas con amor y pasi\u00f3n, favoreciendo una conexi\u00f3n m\u00e1s profunda y significativa con los dem\u00e1s. Al mismo tiempo, nos gu\u00eda hacia un proceso de autoestima y auto amor, permiti\u00e9ndonos realizar una limpieza energ\u00e9tica y cultivar el amor hacia nosotros mismas.<\/span><\/p>\n<p><span>La llama blanca de La Vela simboliza la purificaci\u00f3n y la claridad, mientras que los ojos rosa y rojo representan el amor, la pasi\u00f3n y la chispa rom\u00e1ntica.\u00a0Cremar esta vela nos invita a llevar estas cualidades a nuestras relaciones, haciendo que florezca el amor aut\u00e9ntico e intenso.<\/span><\/p>\n<p><span>Cuando encendemos esta vela en el contexto de nuestras relaciones, abrimos una ventana de oportunidad para limpiar tensiones, malentendidos y resentimientos.\u00a0A trav\u00e9s de su suave resplandor, podemos infundir el amor y la pasi\u00f3n en nuestras conexiones con los dem\u00e1s, permiti\u00e9ndonos conectar de forma m\u00e1s plena y significativa.<\/span><\/p>\n<p><span>Adem\u00e1s, La Vela blanca con ojos rosa y rojo nos brinda la posibilidad de fortalecer la relaci\u00f3n con nosotros mismos. Nos invita a trabajar en nuestra autoestima y auto amor, apoy\u00e1ndonos en el proceso de reconciliarnos con nosotros mismas y fomentar una relaci\u00f3n m\u00e1s positiva con nuestro ser interior.<\/span><\/p>\n<p><span>Una vela ideal para regalar a nuestra pareja, puesto que ayuda a mantener viva la llama de la pasi\u00f3n y del amor.\u00a0Es un gesto significativo que nos permite cultivar la conexi\u00f3n emocional y rom\u00e1ntica, asegur\u00e1ndonos que la chispa no se apague y que la relaci\u00f3n siga creciendo con amor y complicidad.<\/span><\/p>\n<p><span>En resumen, La Vela blanca con ojos rosa y rojo nos gu\u00eda hacia una limpieza profunda de nuestras relaciones, infundi\u00e9ndolas con amor, pasi\u00f3n y chispa.\u00a0Con su llama radiante, nos permite conectar de forma m\u00e1s aut\u00e9ntica con los dem\u00e1s y fortalecer nuestra relaci\u00f3n con nosotros mismas.\u00a0Aprovechamos la magia de esta vela para hacer crecer el amor y la pasi\u00f3n en nuestras vidas, manteniendo vivas las llamas que nos mantienen unidos y en armon\u00eda con nosotros mismos y con los dem\u00e1s.\u00a0Que La Vela blanca con ojos rosa y rojo nos siga guiando hacia una vida llena de amor, felicidad y conexi\u00f3n emocional.<\/span><\/p>\n","protected":false},"excerpt":{"rendered":"<p><span style=\"color: #800080;\"><strong>PODER ENERG\u00c9TICO: \u2666\u2666\u2666\u2666\u25ca<\/strong><\/span><\/p>\n<p><span style=\"color: #800080;\">\u00b7Limpieza\u00a0 \u00a0 \u00a0 \u00a0 \u00b7Pasi\u00f3n\u00a0 \u00a0 \u00a0 \u00b7Fuerza<\/span><\/p>\n<p><span>\u201cLimpieza, amor y pasi\u00f3n.\u00a0Autoestima.\u201d\u00a0Esta vela\u00a0<\/span><strong><span>limpia tus relaciones y les da amor, chispa y pasi\u00f3n.\u00a0Tambi\u00e9n te ayuda a potenciar la autoestima, te hace una limpieza energ\u00e9tica y te da pasi\u00f3n y amor hacia ti misma<\/span><\/strong><span>\u00a0.\u00a0Es una vela ideal para regalar a tu pareja, para que no se apague la chispa.<\/span><\/p>\n","protected":false},"featured_media":8558,"comment_status":"open","ping_status":"closed","template":"","meta":[],"product_brand":[],"product_cat":[572],"product_tag":[591,583,586,599,929,616,609,595],"class_list":{"0":"post-7925","1":"product","2":"type-product","3":"status-publish","4":"has-post-thumbnail","6":"product_cat-rituales","7":"product_tag-amor-es","8":"product_tag-blanco","9":"product_tag-neteja-es","10":"product_tag-pasion","11":"product_tag-purificacion-es","12":"product_tag-rojo","13":"product_tag-rosa-es","14":"product_tag-velas-con-ojos","15":"product_shipping_class-enviament-es","16":"infinite-scroll-item","17":"sales-flash-overlay","18":"woocommerce-text-align-center","19":"woocommerce-image-align-center","20":"do-quantity-buttons","22":"first","23":"outofstock","24":"taxable","25":"shipping-taxable","26":"purchasable","27":"product-type-variable"},"yoast_head":"<!-- This site is optimized with the Yoast SEO plugin v27.5 - https:\/\/yoast.com\/product\/yoast-seo-wordpress\/ -->\n<title>Limpieza fuerza y \u200b\u200bpasi\u00f3n \u201cVela blanca con ojos rosa y rojo\u201d<\/title>\n<meta name=\"description\" content=\"Esta vela\u00a0limpia tus relaciones y les da amor, chispa y pasi\u00f3n.\u00a0Tambi\u00e9n te ayuda a potenciar la autoestima, te hace una limpieza energ\u00e9tica y te da pasi\u00f3n y amor hacia ti misma\" \/>\n<meta name=\"robots\" content=\"index, follow, max-snippet:-1, max-image-preview:large, max-video-preview:-1\" \/>\n<link rel=\"canonical\" href=\"https:\/\/espelmesdali.com\/es\/producto\/limpieza-fuerza-y-pasion-vela-blanca-con-ojos-rosa-y-rojo\/\" \/>\n<meta property=\"og:locale\" content=\"es_ES\" \/>\n<meta property=\"og:type\" content=\"article\" \/>\n<meta property=\"og:title\" content=\"Limpieza fuerza y \u200b\u200bpasi\u00f3n \u201cVela blanca con ojos rosa y rojo\u201d\" \/>\n<meta property=\"og:description\" content=\"Esta vela\u00a0limpia tus relaciones y les da amor, chispa y pasi\u00f3n.\u00a0Tambi\u00e9n te ayuda a potenciar la autoestima, te hace una limpieza energ\u00e9tica y te da pasi\u00f3n y amor hacia ti misma\" \/>\n<meta property=\"og:url\" content=\"https:\/\/espelmesdali.com\/es\/producto\/limpieza-fuerza-y-pasion-vela-blanca-con-ojos-rosa-y-rojo\/\" \/>\n<meta property=\"og:site_name\" content=\"Velas Dal\u00ed\" \/>\n<meta property=\"article:publisher\" content=\"https:\/\/www.facebook.com\/profile.php?id=100086540543846\" \/>\n<meta property=\"article:modified_time\" content=\"2024-02-23T22:34:45+00:00\" \/>\n<meta property=\"og:image\" content=\"https:\/\/espelmesdali.com\/wp-content\/uploads\/2024\/03\/659.jpg\" \/>\n\t<meta property=\"og:image:width\" content=\"800\" \/>\n\t<meta property=\"og:image:height\" content=\"800\" \/>\n\t<meta property=\"og:image:type\" content=\"image\/jpeg\" \/>\n<meta name=\"twitter:card\" content=\"summary_large_image\" \/>\n<meta name=\"twitter:label1\" content=\"Tiempo de lectura\" \/>\n\t<meta name=\"twitter:data1\" content=\"3 minutos\" \/>\n<script type=\"application\/ld+json\" class=\"yoast-schema-graph\">{\"@context\":\"https:\\\/\\\/schema.org\",\"@graph\":[{\"@type\":\"WebPage\",\"@id\":\"https:\\\/\\\/espelmesdali.com\\\/es\\\/producto\\\/limpieza-fuerza-y-pasion-vela-blanca-con-ojos-rosa-y-rojo\\\/\",\"url\":\"https:\\\/\\\/espelmesdali.com\\\/es\\\/producto\\\/limpieza-fuerza-y-pasion-vela-blanca-con-ojos-rosa-y-rojo\\\/\",\"name\":\"Limpieza fuerza y \u200b\u200bpasi\u00f3n \u201cVela blanca con ojos rosa y rojo\u201d\",\"isPartOf\":{\"@id\":\"https:\\\/\\\/espelmesdali.com\\\/es\\\/#website\"},\"primaryImageOfPage\":{\"@id\":\"https:\\\/\\\/espelmesdali.com\\\/es\\\/producto\\\/limpieza-fuerza-y-pasion-vela-blanca-con-ojos-rosa-y-rojo\\\/#primaryimage\"},\"image\":{\"@id\":\"https:\\\/\\\/espelmesdali.com\\\/es\\\/producto\\\/limpieza-fuerza-y-pasion-vela-blanca-con-ojos-rosa-y-rojo\\\/#primaryimage\"},\"thumbnailUrl\":\"https:\\\/\\\/espelmesdali.com\\\/wp-content\\\/uploads\\\/2024\\\/03\\\/659.jpg\",\"datePublished\":\"2022-09-23T09:32:15+00:00\",\"dateModified\":\"2024-02-23T22:34:45+00:00\",\"description\":\"Esta vela\u00a0limpia tus relaciones y les da amor, chispa y pasi\u00f3n.\u00a0Tambi\u00e9n te ayuda a potenciar la autoestima, te hace una limpieza energ\u00e9tica y te da pasi\u00f3n y amor hacia ti misma\",\"breadcrumb\":{\"@id\":\"https:\\\/\\\/espelmesdali.com\\\/es\\\/producto\\\/limpieza-fuerza-y-pasion-vela-blanca-con-ojos-rosa-y-rojo\\\/#breadcrumb\"},\"inLanguage\":\"es\",\"potentialAction\":[{\"@type\":\"ReadAction\",\"target\":[\"https:\\\/\\\/espelmesdali.com\\\/es\\\/producto\\\/limpieza-fuerza-y-pasion-vela-blanca-con-ojos-rosa-y-rojo\\\/\"]}]},{\"@type\":\"ImageObject\",\"inLanguage\":\"es\",\"@id\":\"https:\\\/\\\/espelmesdali.com\\\/es\\\/producto\\\/limpieza-fuerza-y-pasion-vela-blanca-con-ojos-rosa-y-rojo\\\/#primaryimage\",\"url\":\"https:\\\/\\\/espelmesdali.com\\\/wp-content\\\/uploads\\\/2024\\\/03\\\/659.jpg\",\"contentUrl\":\"https:\\\/\\\/espelmesdali.com\\\/wp-content\\\/uploads\\\/2024\\\/03\\\/659.jpg\",\"width\":800,\"height\":800,\"caption\":\"659\"},{\"@type\":\"BreadcrumbList\",\"@id\":\"https:\\\/\\\/espelmesdali.com\\\/es\\\/producto\\\/limpieza-fuerza-y-pasion-vela-blanca-con-ojos-rosa-y-rojo\\\/#breadcrumb\",\"itemListElement\":[{\"@type\":\"ListItem\",\"position\":1,\"name\":\"Portada\",\"item\":\"https:\\\/\\\/espelmesdali.com\\\/es\\\/\"},{\"@type\":\"ListItem\",\"position\":2,\"name\":\"Tienda\",\"item\":\"https:\\\/\\\/espelmesdali.com\\\/es\\\/tienda\\\/\"},{\"@type\":\"ListItem\",\"position\":3,\"name\":\"Rituales\",\"item\":\"https:\\\/\\\/espelmesdali.com\\\/es\\\/categoria-producto\\\/rituales\\\/\"},{\"@type\":\"ListItem\",\"position\":4,\"name\":\"Limpieza fuerza y \u200b\u200bpasi\u00f3n \u201cVela blanca con ojos rosa y rojo\u201d\"}]},{\"@type\":\"WebSite\",\"@id\":\"https:\\\/\\\/espelmesdali.com\\\/es\\\/#website\",\"url\":\"https:\\\/\\\/espelmesdali.com\\\/es\\\/\",\"name\":\"Velas Dal\u00ed\",\"description\":\"Espelmes energ\u00e8tiques naturals i artesanes\",\"publisher\":{\"@id\":\"https:\\\/\\\/espelmesdali.com\\\/es\\\/#organization\"},\"alternateName\":\"Espelmes energ\u00e8tiques naturals i artesanes\",\"potentialAction\":[{\"@type\":\"SearchAction\",\"target\":{\"@type\":\"EntryPoint\",\"urlTemplate\":\"https:\\\/\\\/espelmesdali.com\\\/es\\\/?s={search_term_string}\"},\"query-input\":{\"@type\":\"PropertyValueSpecification\",\"valueRequired\":true,\"valueName\":\"search_term_string\"}}],\"inLanguage\":\"es\"},{\"@type\":\"Organization\",\"@id\":\"https:\\\/\\\/espelmesdali.com\\\/es\\\/#organization\",\"name\":\"Velas Dal\u00ed\",\"alternateName\":\"Espelmes energ\u00e8tiques naturals i artesanes\",\"url\":\"https:\\\/\\\/espelmesdali.com\\\/es\\\/\",\"logo\":{\"@type\":\"ImageObject\",\"inLanguage\":\"es\",\"@id\":\"https:\\\/\\\/espelmesdali.com\\\/es\\\/#\\\/schema\\\/logo\\\/image\\\/\",\"url\":\"https:\\\/\\\/i0.wp.com\\\/velasdali.com\\\/wp-content\\\/uploads\\\/2022\\\/12\\\/cropped-LOGO_DALI-01.jpg?fit=1200%2C1200&ssl=1\",\"contentUrl\":\"https:\\\/\\\/i0.wp.com\\\/velasdali.com\\\/wp-content\\\/uploads\\\/2022\\\/12\\\/cropped-LOGO_DALI-01.jpg?fit=1200%2C1200&ssl=1\",\"width\":1200,\"height\":1200,\"caption\":\"Velas Dal\u00ed\"},\"image\":{\"@id\":\"https:\\\/\\\/espelmesdali.com\\\/es\\\/#\\\/schema\\\/logo\\\/image\\\/\"},\"sameAs\":[\"https:\\\/\\\/www.facebook.com\\\/profile.php?id=100086540543846\",\"https:\\\/\\\/www.instagram.com\\\/espelmesdali\\\/\"]}]}<\/script>\n<!-- \/ Yoast SEO plugin. -->","yoast_head_json":{"title":"Limpieza fuerza y \u200b\u200bpasi\u00f3n \u201cVela blanca con ojos rosa y rojo\u201d","description":"Esta vela\u00a0limpia tus relaciones y les da amor, chispa y pasi\u00f3n.\u00a0Tambi\u00e9n te ayuda a potenciar la autoestima, te hace una limpieza energ\u00e9tica y te da pasi\u00f3n y amor hacia ti misma","robots":{"index":"index","follow":"follow","max-snippet":"max-snippet:-1","max-image-preview":"max-image-preview:large","max-video-preview":"max-video-preview:-1"},"canonical":"https:\/\/espelmesdali.com\/es\/producto\/limpieza-fuerza-y-pasion-vela-blanca-con-ojos-rosa-y-rojo\/","og_locale":"es_ES","og_type":"article","og_title":"Limpieza fuerza y \u200b\u200bpasi\u00f3n \u201cVela blanca con ojos rosa y rojo\u201d","og_description":"Esta vela\u00a0limpia tus relaciones y les da amor, chispa y pasi\u00f3n.\u00a0Tambi\u00e9n te ayuda a potenciar la autoestima, te hace una limpieza energ\u00e9tica y te da pasi\u00f3n y amor hacia ti misma","og_url":"https:\/\/espelmesdali.com\/es\/producto\/limpieza-fuerza-y-pasion-vela-blanca-con-ojos-rosa-y-rojo\/","og_site_name":"Velas Dal\u00ed","article_publisher":"https:\/\/www.facebook.com\/profile.php?id=100086540543846","article_modified_time":"2024-02-23T22:34:45+00:00","og_image":[{"width":800,"height":800,"url":"https:\/\/espelmesdali.com\/wp-content\/uploads\/2024\/03\/659.jpg","type":"image\/jpeg"}],"twitter_card":"summary_large_image","twitter_misc":{"Tiempo de lectura":"3 minutos"},"schema":{"@context":"https:\/\/schema.org","@graph":[{"@type":"WebPage","@id":"https:\/\/espelmesdali.com\/es\/producto\/limpieza-fuerza-y-pasion-vela-blanca-con-ojos-rosa-y-rojo\/","url":"https:\/\/espelmesdali.com\/es\/producto\/limpieza-fuerza-y-pasion-vela-blanca-con-ojos-rosa-y-rojo\/","name":"Limpieza fuerza y \u200b\u200bpasi\u00f3n \u201cVela blanca con ojos rosa y rojo\u201d","isPartOf":{"@id":"https:\/\/espelmesdali.com\/es\/#website"},"primaryImageOfPage":{"@id":"https:\/\/espelmesdali.com\/es\/producto\/limpieza-fuerza-y-pasion-vela-blanca-con-ojos-rosa-y-rojo\/#primaryimage"},"image":{"@id":"https:\/\/espelmesdali.com\/es\/producto\/limpieza-fuerza-y-pasion-vela-blanca-con-ojos-rosa-y-rojo\/#primaryimage"},"thumbnailUrl":"https:\/\/espelmesdali.com\/wp-content\/uploads\/2024\/03\/659.jpg","datePublished":"2022-09-23T09:32:15+00:00","dateModified":"2024-02-23T22:34:45+00:00","description":"Esta vela\u00a0limpia tus relaciones y les da amor, chispa y pasi\u00f3n.\u00a0Tambi\u00e9n te ayuda a potenciar la autoestima, te hace una limpieza energ\u00e9tica y te da pasi\u00f3n y amor hacia ti misma","breadcrumb":{"@id":"https:\/\/espelmesdali.com\/es\/producto\/limpieza-fuerza-y-pasion-vela-blanca-con-ojos-rosa-y-rojo\/#breadcrumb"},"inLanguage":"es","potentialAction":[{"@type":"ReadAction","target":["https:\/\/espelmesdali.com\/es\/producto\/limpieza-fuerza-y-pasion-vela-blanca-con-ojos-rosa-y-rojo\/"]}]},{"@type":"ImageObject","inLanguage":"es","@id":"https:\/\/espelmesdali.com\/es\/producto\/limpieza-fuerza-y-pasion-vela-blanca-con-ojos-rosa-y-rojo\/#primaryimage","url":"https:\/\/espelmesdali.com\/wp-content\/uploads\/2024\/03\/659.jpg","contentUrl":"https:\/\/espelmesdali.com\/wp-content\/uploads\/2024\/03\/659.jpg","width":800,"height":800,"caption":"659"},{"@type":"BreadcrumbList","@id":"https:\/\/espelmesdali.com\/es\/producto\/limpieza-fuerza-y-pasion-vela-blanca-con-ojos-rosa-y-rojo\/#breadcrumb","itemListElement":[{"@type":"ListItem","position":1,"name":"Portada","item":"https:\/\/espelmesdali.com\/es\/"},{"@type":"ListItem","position":2,"name":"Tienda","item":"https:\/\/espelmesdali.com\/es\/tienda\/"},{"@type":"ListItem","position":3,"name":"Rituales","item":"https:\/\/espelmesdali.com\/es\/categoria-producto\/rituales\/"},{"@type":"ListItem","position":4,"name":"Limpieza fuerza y \u200b\u200bpasi\u00f3n \u201cVela blanca con ojos rosa y rojo\u201d"}]},{"@type":"WebSite","@id":"https:\/\/espelmesdali.com\/es\/#website","url":"https:\/\/espelmesdali.com\/es\/","name":"Velas Dal\u00ed","description":"Espelmes energ\u00e8tiques naturals i artesanes","publisher":{"@id":"https:\/\/espelmesdali.com\/es\/#organization"},"alternateName":"Espelmes energ\u00e8tiques naturals i artesanes","potentialAction":[{"@type":"SearchAction","target":{"@type":"EntryPoint","urlTemplate":"https:\/\/espelmesdali.com\/es\/?s={search_term_string}"},"query-input":{"@type":"PropertyValueSpecification","valueRequired":true,"valueName":"search_term_string"}}],"inLanguage":"es"},{"@type":"Organization","@id":"https:\/\/espelmesdali.com\/es\/#organization","name":"Velas Dal\u00ed","alternateName":"Espelmes energ\u00e8tiques naturals i artesanes","url":"https:\/\/espelmesdali.com\/es\/","logo":{"@type":"ImageObject","inLanguage":"es","@id":"https:\/\/espelmesdali.com\/es\/#\/schema\/logo\/image\/","url":"https:\/\/i0.wp.com\/velasdali.com\/wp-content\/uploads\/2022\/12\/cropped-LOGO_DALI-01.jpg?fit=1200%2C1200&ssl=1","contentUrl":"https:\/\/i0.wp.com\/velasdali.com\/wp-content\/uploads\/2022\/12\/cropped-LOGO_DALI-01.jpg?fit=1200%2C1200&ssl=1","width":1200,"height":1200,"caption":"Velas Dal\u00ed"},"image":{"@id":"https:\/\/espelmesdali.com\/es\/#\/schema\/logo\/image\/"},"sameAs":["https:\/\/www.facebook.com\/profile.php?id=100086540543846","https:\/\/www.instagram.com\/espelmesdali\/"]}]}},"_links":{"self":[{"href":"https:\/\/espelmesdali.com\/es\/wp-json\/wp\/v2\/product\/7925","targetHints":{"allow":["GET"]}}],"collection":[{"href":"https:\/\/espelmesdali.com\/es\/wp-json\/wp\/v2\/product"}],"about":[{"href":"https:\/\/espelmesdali.com\/es\/wp-json\/wp\/v2\/types\/product"}],"replies":[{"embeddable":true,"href":"https:\/\/espelmesdali.com\/es\/wp-json\/wp\/v2\/comments?post=7925"}],"wp:featuredmedia":[{"embeddable":true,"href":"https:\/\/espelmesdali.com\/es\/wp-json\/wp\/v2\/media\/8558"}],"wp:attachment":[{"href":"https:\/\/espelmesdali.com\/es\/wp-json\/wp\/v2\/media?parent=7925"}],"wp:term":[{"taxonomy":"product_brand","embeddable":true,"href":"https:\/\/espelmesdali.com\/es\/wp-json\/wp\/v2\/product_brand?post=7925"},{"taxonomy":"product_cat","embeddable":true,"href":"https:\/\/espelmesdali.com\/es\/wp-json\/wp\/v2\/product_cat?post=7925"},{"taxonomy":"product_tag","embeddable":true,"href":"https:\/\/espelmesdali.com\/es\/wp-json\/wp\/v2\/product_tag?post=7925"}],"curies":[{"name":"wp","href":"https:\/\/api.w.org\/{rel}","templated":true}]}}