{"id":7785,"date":"2022-09-28T12:14:38","date_gmt":"2022-09-28T10:14:38","guid":{"rendered":"https:\/\/espelmesdali.com\/producte\/seguridad-y-confianza-melt-rojo\/"},"modified":"2026-03-02T13:00:00","modified_gmt":"2026-03-02T12:00:00","slug":"seguridad-y-confianza-melt-rojo","status":"publish","type":"product","link":"https:\/\/espelmesdali.com\/es\/producto\/seguridad-y-confianza-melt-rojo\/","title":{"rendered":"Seguridad y confianza \u00abMelt rojo\u00bb"},"content":{"rendered":"<p>Nuestros melts est\u00e1n elaborados con cera vegetal de primera calidad (biodegradable y libre de modificaci\u00f3n gen\u00e9tica) y cera pura de abeja. E impregnados de esencias cuidadosamente seleccionadas para cada sensaci\u00f3n.<\/p>\n<p>Para fundir los melts necesit\u00e1is un quemador de esencias y velas de te de cera natural y\/o vegetal.<\/p>\n<p><strong>C\u00f3mo se hace:\u00a0<\/strong><\/p>\n<p>Coge un Melt y col\u00f3calo en la parte superior del quemador. Luego enciende la vela de t\u00e9 y ver\u00e1s c\u00f3mo se va fundiendo lentamente la figura a la vez que desprende un aroma fascinante y va formando peque\u00f1os brillos mientras se va deshaciendo, \u00a1todo un espect\u00e1culo! Cuando acabes de usarlos, apaga o retira la vela de t\u00e9 y la cera restante en la parte superior se solidificar\u00e1 hasta que lo utilices nuevamente. Si desea cambiar de melt puede retirar la cera solidificada con la ayuda de un pa\u00f1o de algod\u00f3n. Te recomendamos mantener fuera del alcance a los ni\u00f1os, las mascotas y que est\u00e9 alejado de otras fuentes de calor o corrientes de viento.<\/p>\n<p><img decoding=\"async\" class=\"emoji\" role=\"img\" draggable=\"false\" src=\"https:\/\/s.w.org\/images\/core\/emoji\/14.0.0\/svg\/1f331.svg\" alt=\"\ud83c\udf31\" \/>\u00a0BENEFICIOS:<\/p>\n<ul>\n<li><strong>Aromaterapia<\/strong>: Incluso si el aroma es suave puede ser suficiente para disfrutar de los beneficios de la aromaterapia. La inhalaci\u00f3n de los aromas sutiles de los melts tiene efectos positivos en el estado de \u00e1nimo, el estr\u00e9s, el sue\u00f1o y la concentraci\u00f3n.<\/li>\n<li><strong>Aroma natural y libre de qu\u00edmicos<\/strong>: Al utilizar esencias en una cera vegetal, optas por un aroma natural. Las esencias est\u00e1n extra\u00eddas de plantas y contienen compuestos naturales que brindan beneficios terap\u00e9uticos.<\/li>\n<li><strong>Duraci\u00f3n prolongada<\/strong>: Aunque el aroma pueda ser suave, las esencias en los melts tienen una duraci\u00f3n prolongada en comparaci\u00f3n con otras formas de difusi\u00f3n. La cera que utilizamos tiene una combusti\u00f3n lenta, lo que permite que las esencias se dispersen gradualmente.<\/li>\n<\/ul>\n","protected":false},"excerpt":{"rendered":"<h1 style=\"text-align: center;\">MELT ROJO SEGURIDAD Y CONFIANZA<\/h1>\n<h3 style=\"text-align: center;\"><b>Enciende la llama de la seguridad y la autoconfianza y brilla como te mereces.<\/b><\/h3>\n<p>Los melts arom\u00e1ticos est\u00e1n elaborados con <b>cera vegetal de alta calidad<\/b> y con <b>esencias<\/b> cuidadosamente <b>seleccionadas<\/b>.<\/p>\n<p>Cada melt desprende sus propiedades durante aproximadamente 20 horas.<\/p>\n<p>Nuestros melts est\u00e1n <b>libres de t\u00f3xicos<\/b>, utilizamos <b>ingredientes sostenibles y biodegradables<\/b> que <b>reducen el impacto ambiental<\/b>.<\/p>\n<p>Dado que es un producto natural y hecho a mano, su aspecto, aroma y colores pueden variar.<\/p>\n<p><b>Melt seguridad y confianza<\/b>, con un <b>aroma floral dulce<\/b>, llena el aire con un aura <b>reconfortante de autoconfianza<\/b>. A medida que se funde, este melt te impregna de una sensaci\u00f3n de <b>equilibrio interior<\/b>.<\/p>\n<p>Deja que la <b>fuerza interior<\/b> te invada y experimenta la magia de construir tu <b>seguridad personal.<\/b><\/p>\n<p>Cada nota arom\u00e1tica refuerza tu autoconfianza y forma un <b>escudo de protecci\u00f3n emocional<\/b>.<\/p>\n<p>Descubre c\u00f3mo este melt, con su esencia floral, te ayuda a <b>abrazar tu propia autenticidad<\/b>. D\u00e9jate envolver por esta profunda sensaci\u00f3n de confianza y seguridad, creando una energ\u00eda que te anime a <b>expresarte libremente y con determinaci\u00f3n.<\/b><\/p>\n","protected":false},"featured_media":10482,"comment_status":"open","ping_status":"closed","template":"","meta":[],"product_brand":[],"product_cat":[633,634,815,638],"product_tag":[592,884,603,646,607,602],"class_list":{"0":"post-7785","1":"product","2":"type-product","3":"status-publish","4":"has-post-thumbnail","6":"product_cat-amor--autoestima-es","7":"product_cat-aromaterapia-es","8":"product_cat-melts-es","9":"product_cat-seguridad--confianza","10":"product_tag-aromaterapia-es","11":"product_tag-autoconfianza-es","12":"product_tag-autoestima-es","13":"product_tag-confianca-es","14":"product_tag-melts-es","15":"product_tag-seguridad","16":"product_shipping_class-enviament-lleuger","17":"infinite-scroll-item","18":"sales-flash-overlay","19":"woocommerce-text-align-center","20":"woocommerce-image-align-center","21":"do-quantity-buttons","22":"wc-has-gallery","24":"first","25":"instock","26":"taxable","27":"shipping-taxable","28":"purchasable","29":"product-type-simple"},"yoast_head":"<!-- This site is optimized with the Yoast SEO plugin v27.4 - https:\/\/yoast.com\/product\/yoast-seo-wordpress\/ -->\n<title>Seguridad y confianza &quot;Melt rojo&quot;<\/title>\n<meta name=\"description\" content=\"Este melt contiene unas esencias que te ayudan a conectar con tu propia seguridad. Su aroma te transporta a confiar en t\u00fa misma. Es un gran aliado si t\u00fa o los tuyos sufr\u00eds de inseguridades y miedos.Simplemente coloca un melt (cubo) en el quemador, enciende La Vela de t\u00e9 y cuando lo melt se funda empezar\u00e1 a liberar su olor. Ahora s\u00ed, es el momento de dejar que el aroma te inunde por dentro y por fuera. Para regalar a qui\u00e9n sabes que le conviene m\u00e1s confianza en s\u00ed mismo. Tiene un agradable aroma floral. nCada bombonet desprende su aroma durante 20 horas aproximadamente. Para garantizar sus \u00f3ptimos resultados se tienen que fundir en un quemador con una vela de t\u00e9 vegetal, que no sea de parafina! Nosotros disponemos de packs de 30 velas de t\u00e9 vegetal.\" \/>\n<meta name=\"robots\" content=\"index, follow, max-snippet:-1, max-image-preview:large, max-video-preview:-1\" \/>\n<link rel=\"canonical\" href=\"https:\/\/espelmesdali.com\/es\/producto\/seguridad-y-confianza-melt-rojo\/\" \/>\n<meta property=\"og:locale\" content=\"es_ES\" \/>\n<meta property=\"og:type\" content=\"article\" \/>\n<meta property=\"og:title\" content=\"Seguridad y confianza &quot;Melt rojo&quot;\" \/>\n<meta property=\"og:description\" content=\"Este melt contiene unas esencias que te ayudan a conectar con tu propia seguridad. Su aroma te transporta a confiar en t\u00fa misma. Es un gran aliado si t\u00fa o los tuyos sufr\u00eds de inseguridades y miedos.Simplemente coloca un melt (cubo) en el quemador, enciende La Vela de t\u00e9 y cuando lo melt se funda empezar\u00e1 a liberar su olor. Ahora s\u00ed, es el momento de dejar que el aroma te inunde por dentro y por fuera. Para regalar a qui\u00e9n sabes que le conviene m\u00e1s confianza en s\u00ed mismo. Tiene un agradable aroma floral. nCada bombonet desprende su aroma durante 20 horas aproximadamente. Para garantizar sus \u00f3ptimos resultados se tienen que fundir en un quemador con una vela de t\u00e9 vegetal, que no sea de parafina! Nosotros disponemos de packs de 30 velas de t\u00e9 vegetal.\" \/>\n<meta property=\"og:url\" content=\"https:\/\/espelmesdali.com\/es\/producto\/seguridad-y-confianza-melt-rojo\/\" \/>\n<meta property=\"og:site_name\" content=\"Velas Dal\u00ed\" \/>\n<meta property=\"article:publisher\" content=\"https:\/\/www.facebook.com\/profile.php?id=100086540543846\" \/>\n<meta property=\"article:modified_time\" content=\"2026-03-02T12:00:00+00:00\" \/>\n<meta property=\"og:image\" content=\"https:\/\/espelmesdali.com\/wp-content\/uploads\/2022\/10\/00414-1.jpg\" \/>\n\t<meta property=\"og:image:width\" content=\"800\" \/>\n\t<meta property=\"og:image:height\" content=\"800\" \/>\n\t<meta property=\"og:image:type\" content=\"image\/jpeg\" \/>\n<meta name=\"twitter:card\" content=\"summary_large_image\" \/>\n<meta name=\"twitter:label1\" content=\"Tiempo de lectura\" \/>\n\t<meta name=\"twitter:data1\" content=\"2 minutos\" \/>\n<script type=\"application\/ld+json\" class=\"yoast-schema-graph\">{\"@context\":\"https:\\\/\\\/schema.org\",\"@graph\":[{\"@type\":\"WebPage\",\"@id\":\"https:\\\/\\\/espelmesdali.com\\\/es\\\/producto\\\/seguridad-y-confianza-melt-rojo\\\/\",\"url\":\"https:\\\/\\\/espelmesdali.com\\\/es\\\/producto\\\/seguridad-y-confianza-melt-rojo\\\/\",\"name\":\"Seguridad y confianza \\\"Melt rojo\\\"\",\"isPartOf\":{\"@id\":\"https:\\\/\\\/espelmesdali.com\\\/es\\\/#website\"},\"primaryImageOfPage\":{\"@id\":\"https:\\\/\\\/espelmesdali.com\\\/es\\\/producto\\\/seguridad-y-confianza-melt-rojo\\\/#primaryimage\"},\"image\":{\"@id\":\"https:\\\/\\\/espelmesdali.com\\\/es\\\/producto\\\/seguridad-y-confianza-melt-rojo\\\/#primaryimage\"},\"thumbnailUrl\":\"https:\\\/\\\/espelmesdali.com\\\/wp-content\\\/uploads\\\/2022\\\/10\\\/00414-1.jpg\",\"datePublished\":\"2022-09-28T10:14:38+00:00\",\"dateModified\":\"2026-03-02T12:00:00+00:00\",\"description\":\"Este melt contiene unas esencias que te ayudan a conectar con tu propia seguridad. Su aroma te transporta a confiar en t\u00fa misma. Es un gran aliado si t\u00fa o los tuyos sufr\u00eds de inseguridades y miedos.Simplemente coloca un melt (cubo) en el quemador, enciende La Vela de t\u00e9 y cuando lo melt se funda empezar\u00e1 a liberar su olor. Ahora s\u00ed, es el momento de dejar que el aroma te inunde por dentro y por fuera. Para regalar a qui\u00e9n sabes que le conviene m\u00e1s confianza en s\u00ed mismo. Tiene un agradable aroma floral. nCada bombonet desprende su aroma durante 20 horas aproximadamente. Para garantizar sus \u00f3ptimos resultados se tienen que fundir en un quemador con una vela de t\u00e9 vegetal, que no sea de parafina! Nosotros disponemos de packs de 30 velas de t\u00e9 vegetal.\",\"breadcrumb\":{\"@id\":\"https:\\\/\\\/espelmesdali.com\\\/es\\\/producto\\\/seguridad-y-confianza-melt-rojo\\\/#breadcrumb\"},\"inLanguage\":\"es\",\"potentialAction\":[{\"@type\":\"ReadAction\",\"target\":[\"https:\\\/\\\/espelmesdali.com\\\/es\\\/producto\\\/seguridad-y-confianza-melt-rojo\\\/\"]}]},{\"@type\":\"ImageObject\",\"inLanguage\":\"es\",\"@id\":\"https:\\\/\\\/espelmesdali.com\\\/es\\\/producto\\\/seguridad-y-confianza-melt-rojo\\\/#primaryimage\",\"url\":\"https:\\\/\\\/espelmesdali.com\\\/wp-content\\\/uploads\\\/2022\\\/10\\\/00414-1.jpg\",\"contentUrl\":\"https:\\\/\\\/espelmesdali.com\\\/wp-content\\\/uploads\\\/2022\\\/10\\\/00414-1.jpg\",\"width\":800,\"height\":800,\"caption\":\"00414 1\"},{\"@type\":\"BreadcrumbList\",\"@id\":\"https:\\\/\\\/espelmesdali.com\\\/es\\\/producto\\\/seguridad-y-confianza-melt-rojo\\\/#breadcrumb\",\"itemListElement\":[{\"@type\":\"ListItem\",\"position\":1,\"name\":\"Portada\",\"item\":\"https:\\\/\\\/espelmesdali.com\\\/es\\\/\"},{\"@type\":\"ListItem\",\"position\":2,\"name\":\"Tienda\",\"item\":\"https:\\\/\\\/espelmesdali.com\\\/es\\\/tienda\\\/\"},{\"@type\":\"ListItem\",\"position\":3,\"name\":\"Amor \u00b7 Autoestima\",\"item\":\"https:\\\/\\\/espelmesdali.com\\\/es\\\/categoria-producto\\\/amor-%c2%b7-autoestima-es\\\/\"},{\"@type\":\"ListItem\",\"position\":4,\"name\":\"Seguridad y confianza \u00abMelt rojo\u00bb\"}]},{\"@type\":\"WebSite\",\"@id\":\"https:\\\/\\\/espelmesdali.com\\\/es\\\/#website\",\"url\":\"https:\\\/\\\/espelmesdali.com\\\/es\\\/\",\"name\":\"Velas Dal\u00ed\",\"description\":\"Espelmes energ\u00e8tiques naturals i artesanes\",\"publisher\":{\"@id\":\"https:\\\/\\\/espelmesdali.com\\\/es\\\/#organization\"},\"alternateName\":\"Espelmes energ\u00e8tiques naturals i artesanes\",\"potentialAction\":[{\"@type\":\"SearchAction\",\"target\":{\"@type\":\"EntryPoint\",\"urlTemplate\":\"https:\\\/\\\/espelmesdali.com\\\/es\\\/?s={search_term_string}\"},\"query-input\":{\"@type\":\"PropertyValueSpecification\",\"valueRequired\":true,\"valueName\":\"search_term_string\"}}],\"inLanguage\":\"es\"},{\"@type\":\"Organization\",\"@id\":\"https:\\\/\\\/espelmesdali.com\\\/es\\\/#organization\",\"name\":\"Velas Dal\u00ed\",\"alternateName\":\"Espelmes energ\u00e8tiques naturals i artesanes\",\"url\":\"https:\\\/\\\/espelmesdali.com\\\/es\\\/\",\"logo\":{\"@type\":\"ImageObject\",\"inLanguage\":\"es\",\"@id\":\"https:\\\/\\\/espelmesdali.com\\\/es\\\/#\\\/schema\\\/logo\\\/image\\\/\",\"url\":\"https:\\\/\\\/i0.wp.com\\\/velasdali.com\\\/wp-content\\\/uploads\\\/2022\\\/12\\\/cropped-LOGO_DALI-01.jpg?fit=1200%2C1200&ssl=1\",\"contentUrl\":\"https:\\\/\\\/i0.wp.com\\\/velasdali.com\\\/wp-content\\\/uploads\\\/2022\\\/12\\\/cropped-LOGO_DALI-01.jpg?fit=1200%2C1200&ssl=1\",\"width\":1200,\"height\":1200,\"caption\":\"Velas Dal\u00ed\"},\"image\":{\"@id\":\"https:\\\/\\\/espelmesdali.com\\\/es\\\/#\\\/schema\\\/logo\\\/image\\\/\"},\"sameAs\":[\"https:\\\/\\\/www.facebook.com\\\/profile.php?id=100086540543846\",\"https:\\\/\\\/www.instagram.com\\\/espelmesdali\\\/\"]}]}<\/script>\n<!-- \/ Yoast SEO plugin. -->","yoast_head_json":{"title":"Seguridad y confianza \"Melt rojo\"","description":"Este melt contiene unas esencias que te ayudan a conectar con tu propia seguridad. Su aroma te transporta a confiar en t\u00fa misma. Es un gran aliado si t\u00fa o los tuyos sufr\u00eds de inseguridades y miedos.Simplemente coloca un melt (cubo) en el quemador, enciende La Vela de t\u00e9 y cuando lo melt se funda empezar\u00e1 a liberar su olor. Ahora s\u00ed, es el momento de dejar que el aroma te inunde por dentro y por fuera. Para regalar a qui\u00e9n sabes que le conviene m\u00e1s confianza en s\u00ed mismo. Tiene un agradable aroma floral. nCada bombonet desprende su aroma durante 20 horas aproximadamente. Para garantizar sus \u00f3ptimos resultados se tienen que fundir en un quemador con una vela de t\u00e9 vegetal, que no sea de parafina! Nosotros disponemos de packs de 30 velas de t\u00e9 vegetal.","robots":{"index":"index","follow":"follow","max-snippet":"max-snippet:-1","max-image-preview":"max-image-preview:large","max-video-preview":"max-video-preview:-1"},"canonical":"https:\/\/espelmesdali.com\/es\/producto\/seguridad-y-confianza-melt-rojo\/","og_locale":"es_ES","og_type":"article","og_title":"Seguridad y confianza \"Melt rojo\"","og_description":"Este melt contiene unas esencias que te ayudan a conectar con tu propia seguridad. Su aroma te transporta a confiar en t\u00fa misma. Es un gran aliado si t\u00fa o los tuyos sufr\u00eds de inseguridades y miedos.Simplemente coloca un melt (cubo) en el quemador, enciende La Vela de t\u00e9 y cuando lo melt se funda empezar\u00e1 a liberar su olor. Ahora s\u00ed, es el momento de dejar que el aroma te inunde por dentro y por fuera. Para regalar a qui\u00e9n sabes que le conviene m\u00e1s confianza en s\u00ed mismo. Tiene un agradable aroma floral. nCada bombonet desprende su aroma durante 20 horas aproximadamente. Para garantizar sus \u00f3ptimos resultados se tienen que fundir en un quemador con una vela de t\u00e9 vegetal, que no sea de parafina! Nosotros disponemos de packs de 30 velas de t\u00e9 vegetal.","og_url":"https:\/\/espelmesdali.com\/es\/producto\/seguridad-y-confianza-melt-rojo\/","og_site_name":"Velas Dal\u00ed","article_publisher":"https:\/\/www.facebook.com\/profile.php?id=100086540543846","article_modified_time":"2026-03-02T12:00:00+00:00","og_image":[{"width":800,"height":800,"url":"https:\/\/espelmesdali.com\/wp-content\/uploads\/2022\/10\/00414-1.jpg","type":"image\/jpeg"}],"twitter_card":"summary_large_image","twitter_misc":{"Tiempo de lectura":"2 minutos"},"schema":{"@context":"https:\/\/schema.org","@graph":[{"@type":"WebPage","@id":"https:\/\/espelmesdali.com\/es\/producto\/seguridad-y-confianza-melt-rojo\/","url":"https:\/\/espelmesdali.com\/es\/producto\/seguridad-y-confianza-melt-rojo\/","name":"Seguridad y confianza \"Melt rojo\"","isPartOf":{"@id":"https:\/\/espelmesdali.com\/es\/#website"},"primaryImageOfPage":{"@id":"https:\/\/espelmesdali.com\/es\/producto\/seguridad-y-confianza-melt-rojo\/#primaryimage"},"image":{"@id":"https:\/\/espelmesdali.com\/es\/producto\/seguridad-y-confianza-melt-rojo\/#primaryimage"},"thumbnailUrl":"https:\/\/espelmesdali.com\/wp-content\/uploads\/2022\/10\/00414-1.jpg","datePublished":"2022-09-28T10:14:38+00:00","dateModified":"2026-03-02T12:00:00+00:00","description":"Este melt contiene unas esencias que te ayudan a conectar con tu propia seguridad. Su aroma te transporta a confiar en t\u00fa misma. Es un gran aliado si t\u00fa o los tuyos sufr\u00eds de inseguridades y miedos.Simplemente coloca un melt (cubo) en el quemador, enciende La Vela de t\u00e9 y cuando lo melt se funda empezar\u00e1 a liberar su olor. Ahora s\u00ed, es el momento de dejar que el aroma te inunde por dentro y por fuera. Para regalar a qui\u00e9n sabes que le conviene m\u00e1s confianza en s\u00ed mismo. Tiene un agradable aroma floral. nCada bombonet desprende su aroma durante 20 horas aproximadamente. Para garantizar sus \u00f3ptimos resultados se tienen que fundir en un quemador con una vela de t\u00e9 vegetal, que no sea de parafina! Nosotros disponemos de packs de 30 velas de t\u00e9 vegetal.","breadcrumb":{"@id":"https:\/\/espelmesdali.com\/es\/producto\/seguridad-y-confianza-melt-rojo\/#breadcrumb"},"inLanguage":"es","potentialAction":[{"@type":"ReadAction","target":["https:\/\/espelmesdali.com\/es\/producto\/seguridad-y-confianza-melt-rojo\/"]}]},{"@type":"ImageObject","inLanguage":"es","@id":"https:\/\/espelmesdali.com\/es\/producto\/seguridad-y-confianza-melt-rojo\/#primaryimage","url":"https:\/\/espelmesdali.com\/wp-content\/uploads\/2022\/10\/00414-1.jpg","contentUrl":"https:\/\/espelmesdali.com\/wp-content\/uploads\/2022\/10\/00414-1.jpg","width":800,"height":800,"caption":"00414 1"},{"@type":"BreadcrumbList","@id":"https:\/\/espelmesdali.com\/es\/producto\/seguridad-y-confianza-melt-rojo\/#breadcrumb","itemListElement":[{"@type":"ListItem","position":1,"name":"Portada","item":"https:\/\/espelmesdali.com\/es\/"},{"@type":"ListItem","position":2,"name":"Tienda","item":"https:\/\/espelmesdali.com\/es\/tienda\/"},{"@type":"ListItem","position":3,"name":"Amor \u00b7 Autoestima","item":"https:\/\/espelmesdali.com\/es\/categoria-producto\/amor-%c2%b7-autoestima-es\/"},{"@type":"ListItem","position":4,"name":"Seguridad y confianza \u00abMelt rojo\u00bb"}]},{"@type":"WebSite","@id":"https:\/\/espelmesdali.com\/es\/#website","url":"https:\/\/espelmesdali.com\/es\/","name":"Velas Dal\u00ed","description":"Espelmes energ\u00e8tiques naturals i artesanes","publisher":{"@id":"https:\/\/espelmesdali.com\/es\/#organization"},"alternateName":"Espelmes energ\u00e8tiques naturals i artesanes","potentialAction":[{"@type":"SearchAction","target":{"@type":"EntryPoint","urlTemplate":"https:\/\/espelmesdali.com\/es\/?s={search_term_string}"},"query-input":{"@type":"PropertyValueSpecification","valueRequired":true,"valueName":"search_term_string"}}],"inLanguage":"es"},{"@type":"Organization","@id":"https:\/\/espelmesdali.com\/es\/#organization","name":"Velas Dal\u00ed","alternateName":"Espelmes energ\u00e8tiques naturals i artesanes","url":"https:\/\/espelmesdali.com\/es\/","logo":{"@type":"ImageObject","inLanguage":"es","@id":"https:\/\/espelmesdali.com\/es\/#\/schema\/logo\/image\/","url":"https:\/\/i0.wp.com\/velasdali.com\/wp-content\/uploads\/2022\/12\/cropped-LOGO_DALI-01.jpg?fit=1200%2C1200&ssl=1","contentUrl":"https:\/\/i0.wp.com\/velasdali.com\/wp-content\/uploads\/2022\/12\/cropped-LOGO_DALI-01.jpg?fit=1200%2C1200&ssl=1","width":1200,"height":1200,"caption":"Velas Dal\u00ed"},"image":{"@id":"https:\/\/espelmesdali.com\/es\/#\/schema\/logo\/image\/"},"sameAs":["https:\/\/www.facebook.com\/profile.php?id=100086540543846","https:\/\/www.instagram.com\/espelmesdali\/"]}]}},"_links":{"self":[{"href":"https:\/\/espelmesdali.com\/es\/wp-json\/wp\/v2\/product\/7785","targetHints":{"allow":["GET"]}}],"collection":[{"href":"https:\/\/espelmesdali.com\/es\/wp-json\/wp\/v2\/product"}],"about":[{"href":"https:\/\/espelmesdali.com\/es\/wp-json\/wp\/v2\/types\/product"}],"replies":[{"embeddable":true,"href":"https:\/\/espelmesdali.com\/es\/wp-json\/wp\/v2\/comments?post=7785"}],"wp:featuredmedia":[{"embeddable":true,"href":"https:\/\/espelmesdali.com\/es\/wp-json\/wp\/v2\/media\/10482"}],"wp:attachment":[{"href":"https:\/\/espelmesdali.com\/es\/wp-json\/wp\/v2\/media?parent=7785"}],"wp:term":[{"taxonomy":"product_brand","embeddable":true,"href":"https:\/\/espelmesdali.com\/es\/wp-json\/wp\/v2\/product_brand?post=7785"},{"taxonomy":"product_cat","embeddable":true,"href":"https:\/\/espelmesdali.com\/es\/wp-json\/wp\/v2\/product_cat?post=7785"},{"taxonomy":"product_tag","embeddable":true,"href":"https:\/\/espelmesdali.com\/es\/wp-json\/wp\/v2\/product_tag?post=7785"}],"curies":[{"name":"wp","href":"https:\/\/api.w.org\/{rel}","templated":true}]}}