{"id":7784,"date":"2022-09-28T12:14:40","date_gmt":"2022-09-28T10:14:40","guid":{"rendered":"https:\/\/espelmesdali.com\/producte\/abundancia-y-prosperidad-melt-dorado\/"},"modified":"2026-03-02T12:53:17","modified_gmt":"2026-03-02T11:53:17","slug":"abundancia-y-prosperidad-melt-dorado","status":"publish","type":"product","link":"https:\/\/espelmesdali.com\/es\/producto\/abundancia-y-prosperidad-melt-dorado\/","title":{"rendered":"Abundancia y prosperidad \u00abMelt dorado\u00bb"},"content":{"rendered":"<h3 style=\"text-align: center;\">Nuestros melts est\u00e1n elaborados con cera vegetal de primera calidad (biodegradable y libre de modificaci\u00f3n gen\u00e9tica) e impregnados con esencias cuidadosamente seleccionadas seg\u00fan cada sensaci\u00f3n.<\/h3>\n<p style=\"text-align: center;\">Para fundir los melts necesitar\u00e1s un quemador de esencias y velas de t\u00e9 de cera natural y\/o vegetal.<\/p>\n<h4 style=\"text-align: center;\"><strong>C\u00f3mo se hace:<\/strong><\/h4>\n<p style=\"text-align: center;\">Toma un Melt y col\u00f3calo en la parte superior del quemador. Luego enciende la vela de t\u00e9 y observa c\u00f3mo la figura se funde lentamente mientras desprende un aroma fascinante y peque\u00f1as brillos, \u00a1todo un espect\u00e1culo! Cuando termines de usarlo, apaga o retira la vela de t\u00e9; la cera restante en la parte superior se solidificar\u00e1 hasta el siguiente uso. Si deseas cambiar de figura, retira la cera solidificada con un pa\u00f1o de algod\u00f3n. Mant\u00e9n el producto fuera del alcance de ni\u00f1os y mascotas, y alejado de otras fuentes de calor o corrientes de aire.<\/p>\n<h3 style=\"text-align: center;\"><strong>Beneficios:<\/strong><\/h3>\n<ul>\n<li style=\"text-align: center;\"><strong>Aromaterapia:<\/strong> Incluso con un aroma suave, puedes disfrutar de efectos positivos sobre el estado de \u00e1nimo, el estr\u00e9s, el sue\u00f1o y la concentraci\u00f3n.<\/li>\n<li style=\"text-align: center;\"><strong>Aroma natural y libre de qu\u00edmicos:<\/strong> Las esencias utilizadas provienen de plantas y contienen compuestos naturales con beneficios terap\u00e9uticos, garantizando un aroma puro y saludable.<\/li>\n<li style=\"text-align: center;\"><strong>Duraci\u00f3n prolongada:<\/strong> La combusti\u00f3n lenta de la cera permite que las esencias se dispersen gradualmente, ofreciendo un aroma m\u00e1s persistente y constante.<\/li>\n<\/ul>\n","protected":false},"excerpt":{"rendered":"<h1 style=\"text-align: center;\"><strong>Wax Melt &#8211; Abundancia y Prosperidad<\/strong><\/h1>\n<h3 style=\"text-align: center;\">Eleva tu vibraci\u00f3n con este melt natural de cera vegetal y esencias puras. Despierta tu magnetismo, atrae prosperidad y llena el espacio con un aroma c\u00e1lido y positivo.<\/h3>\n","protected":false},"featured_media":10525,"comment_status":"open","ping_status":"closed","template":"","meta":[],"product_brand":[],"product_cat":[643,634,815],"product_tag":[620,592,607,659],"class_list":{"0":"post-7784","1":"product","2":"type-product","3":"status-publish","4":"has-post-thumbnail","6":"product_cat-armonia--abundancia","7":"product_cat-aromaterapia-es","8":"product_cat-melts-es","9":"product_tag-abundancia-es","10":"product_tag-aromaterapia-es","11":"product_tag-melts-es","12":"product_tag-prosperitat-es","13":"product_shipping_class-enviament-lleuger","14":"infinite-scroll-item","15":"sales-flash-overlay","16":"woocommerce-text-align-center","17":"woocommerce-image-align-center","18":"do-quantity-buttons","19":"wc-has-gallery","21":"first","22":"instock","23":"taxable","24":"shipping-taxable","25":"purchasable","26":"product-type-simple"},"yoast_head":"<!-- This site is optimized with the Yoast SEO plugin v27.4 - https:\/\/yoast.com\/product\/yoast-seo-wordpress\/ -->\n<title>Abundancia y prosperidad &quot;Melt dorado&quot;<\/title>\n<meta name=\"description\" content=\"Este melt contiene unas esencias que nos conectan con la abundancia y la prosperidad. Ideal para ambientar tu negocio, tienda o comercio. Su aroma har\u00e1 que t\u00fa y tus clientes entr\u00e1is en un estado de plenitud y gratitud y es desde este estado donde podemos generar abundancia. Adem\u00e1s, ver\u00e1s que tanto a t\u00fa como a tus clientes les encantar\u00e1 su agradable olor dulce, azucarada y tostada. Simplemente coloca un melt (cubo) en el quemador, enciende La Vela de t\u00e9 al lugar que le corresponde al quemador y cuando lo melt se funda empezar\u00e1 a liberar su olor. Ahora s\u00ed, es el momento de dejar que el aroma te inunde por dentro y por fuera. Para regalar a cualquier persona que se merezca la prosperidad. Cada cubito desprende su aroma durante 20 horas aproximadamente. Para garantizar sus \u00f3ptimos resultados se tienen que fundir en un quemador con una vela de t\u00e9 vegetal, que no sea de parafina! Nosotros disponemos de packs de 30 velas de t\u00e9 vegetal.\" \/>\n<meta name=\"robots\" content=\"index, follow, max-snippet:-1, max-image-preview:large, max-video-preview:-1\" \/>\n<link rel=\"canonical\" href=\"https:\/\/espelmesdali.com\/es\/producto\/abundancia-y-prosperidad-melt-dorado\/\" \/>\n<meta property=\"og:locale\" content=\"es_ES\" \/>\n<meta property=\"og:type\" content=\"article\" \/>\n<meta property=\"og:title\" content=\"Abundancia y prosperidad &quot;Melt dorado&quot;\" \/>\n<meta property=\"og:description\" content=\"Este melt contiene unas esencias que nos conectan con la abundancia y la prosperidad. Ideal para ambientar tu negocio, tienda o comercio. Su aroma har\u00e1 que t\u00fa y tus clientes entr\u00e1is en un estado de plenitud y gratitud y es desde este estado donde podemos generar abundancia. Adem\u00e1s, ver\u00e1s que tanto a t\u00fa como a tus clientes les encantar\u00e1 su agradable olor dulce, azucarada y tostada. Simplemente coloca un melt (cubo) en el quemador, enciende La Vela de t\u00e9 al lugar que le corresponde al quemador y cuando lo melt se funda empezar\u00e1 a liberar su olor. Ahora s\u00ed, es el momento de dejar que el aroma te inunde por dentro y por fuera. Para regalar a cualquier persona que se merezca la prosperidad. Cada cubito desprende su aroma durante 20 horas aproximadamente. Para garantizar sus \u00f3ptimos resultados se tienen que fundir en un quemador con una vela de t\u00e9 vegetal, que no sea de parafina! Nosotros disponemos de packs de 30 velas de t\u00e9 vegetal.\" \/>\n<meta property=\"og:url\" content=\"https:\/\/espelmesdali.com\/es\/producto\/abundancia-y-prosperidad-melt-dorado\/\" \/>\n<meta property=\"og:site_name\" content=\"Velas Dal\u00ed\" \/>\n<meta property=\"article:publisher\" content=\"https:\/\/www.facebook.com\/profile.php?id=100086540543846\" \/>\n<meta property=\"article:modified_time\" content=\"2026-03-02T11:53:17+00:00\" \/>\n<meta property=\"og:image\" content=\"https:\/\/espelmesdali.com\/wp-content\/uploads\/2022\/10\/00430-1.jpg\" \/>\n\t<meta property=\"og:image:width\" content=\"800\" \/>\n\t<meta property=\"og:image:height\" content=\"800\" \/>\n\t<meta property=\"og:image:type\" content=\"image\/jpeg\" \/>\n<meta name=\"twitter:card\" content=\"summary_large_image\" \/>\n<meta name=\"twitter:label1\" content=\"Tiempo de lectura\" \/>\n\t<meta name=\"twitter:data1\" content=\"2 minutos\" \/>\n<script type=\"application\/ld+json\" class=\"yoast-schema-graph\">{\"@context\":\"https:\\\/\\\/schema.org\",\"@graph\":[{\"@type\":\"WebPage\",\"@id\":\"https:\\\/\\\/espelmesdali.com\\\/es\\\/producto\\\/abundancia-y-prosperidad-melt-dorado\\\/\",\"url\":\"https:\\\/\\\/espelmesdali.com\\\/es\\\/producto\\\/abundancia-y-prosperidad-melt-dorado\\\/\",\"name\":\"Abundancia y prosperidad \\\"Melt dorado\\\"\",\"isPartOf\":{\"@id\":\"https:\\\/\\\/espelmesdali.com\\\/es\\\/#website\"},\"primaryImageOfPage\":{\"@id\":\"https:\\\/\\\/espelmesdali.com\\\/es\\\/producto\\\/abundancia-y-prosperidad-melt-dorado\\\/#primaryimage\"},\"image\":{\"@id\":\"https:\\\/\\\/espelmesdali.com\\\/es\\\/producto\\\/abundancia-y-prosperidad-melt-dorado\\\/#primaryimage\"},\"thumbnailUrl\":\"https:\\\/\\\/espelmesdali.com\\\/wp-content\\\/uploads\\\/2022\\\/10\\\/00430-1.jpg\",\"datePublished\":\"2022-09-28T10:14:40+00:00\",\"dateModified\":\"2026-03-02T11:53:17+00:00\",\"description\":\"Este melt contiene unas esencias que nos conectan con la abundancia y la prosperidad. Ideal para ambientar tu negocio, tienda o comercio. Su aroma har\u00e1 que t\u00fa y tus clientes entr\u00e1is en un estado de plenitud y gratitud y es desde este estado donde podemos generar abundancia. Adem\u00e1s, ver\u00e1s que tanto a t\u00fa como a tus clientes les encantar\u00e1 su agradable olor dulce, azucarada y tostada. Simplemente coloca un melt (cubo) en el quemador, enciende La Vela de t\u00e9 al lugar que le corresponde al quemador y cuando lo melt se funda empezar\u00e1 a liberar su olor. Ahora s\u00ed, es el momento de dejar que el aroma te inunde por dentro y por fuera. Para regalar a cualquier persona que se merezca la prosperidad. Cada cubito desprende su aroma durante 20 horas aproximadamente. Para garantizar sus \u00f3ptimos resultados se tienen que fundir en un quemador con una vela de t\u00e9 vegetal, que no sea de parafina! Nosotros disponemos de packs de 30 velas de t\u00e9 vegetal.\",\"breadcrumb\":{\"@id\":\"https:\\\/\\\/espelmesdali.com\\\/es\\\/producto\\\/abundancia-y-prosperidad-melt-dorado\\\/#breadcrumb\"},\"inLanguage\":\"es\",\"potentialAction\":[{\"@type\":\"ReadAction\",\"target\":[\"https:\\\/\\\/espelmesdali.com\\\/es\\\/producto\\\/abundancia-y-prosperidad-melt-dorado\\\/\"]}]},{\"@type\":\"ImageObject\",\"inLanguage\":\"es\",\"@id\":\"https:\\\/\\\/espelmesdali.com\\\/es\\\/producto\\\/abundancia-y-prosperidad-melt-dorado\\\/#primaryimage\",\"url\":\"https:\\\/\\\/espelmesdali.com\\\/wp-content\\\/uploads\\\/2022\\\/10\\\/00430-1.jpg\",\"contentUrl\":\"https:\\\/\\\/espelmesdali.com\\\/wp-content\\\/uploads\\\/2022\\\/10\\\/00430-1.jpg\",\"width\":800,\"height\":800,\"caption\":\"00430 1\"},{\"@type\":\"BreadcrumbList\",\"@id\":\"https:\\\/\\\/espelmesdali.com\\\/es\\\/producto\\\/abundancia-y-prosperidad-melt-dorado\\\/#breadcrumb\",\"itemListElement\":[{\"@type\":\"ListItem\",\"position\":1,\"name\":\"Portada\",\"item\":\"https:\\\/\\\/espelmesdali.com\\\/es\\\/\"},{\"@type\":\"ListItem\",\"position\":2,\"name\":\"Tienda\",\"item\":\"https:\\\/\\\/espelmesdali.com\\\/es\\\/tienda\\\/\"},{\"@type\":\"ListItem\",\"position\":3,\"name\":\"Aromaterapia\",\"item\":\"https:\\\/\\\/espelmesdali.com\\\/es\\\/categoria-producto\\\/aromaterapia-es\\\/\"},{\"@type\":\"ListItem\",\"position\":4,\"name\":\"Abundancia y prosperidad \u00abMelt dorado\u00bb\"}]},{\"@type\":\"WebSite\",\"@id\":\"https:\\\/\\\/espelmesdali.com\\\/es\\\/#website\",\"url\":\"https:\\\/\\\/espelmesdali.com\\\/es\\\/\",\"name\":\"Velas Dal\u00ed\",\"description\":\"Espelmes energ\u00e8tiques naturals i artesanes\",\"publisher\":{\"@id\":\"https:\\\/\\\/espelmesdali.com\\\/es\\\/#organization\"},\"alternateName\":\"Espelmes energ\u00e8tiques naturals i artesanes\",\"potentialAction\":[{\"@type\":\"SearchAction\",\"target\":{\"@type\":\"EntryPoint\",\"urlTemplate\":\"https:\\\/\\\/espelmesdali.com\\\/es\\\/?s={search_term_string}\"},\"query-input\":{\"@type\":\"PropertyValueSpecification\",\"valueRequired\":true,\"valueName\":\"search_term_string\"}}],\"inLanguage\":\"es\"},{\"@type\":\"Organization\",\"@id\":\"https:\\\/\\\/espelmesdali.com\\\/es\\\/#organization\",\"name\":\"Velas Dal\u00ed\",\"alternateName\":\"Espelmes energ\u00e8tiques naturals i artesanes\",\"url\":\"https:\\\/\\\/espelmesdali.com\\\/es\\\/\",\"logo\":{\"@type\":\"ImageObject\",\"inLanguage\":\"es\",\"@id\":\"https:\\\/\\\/espelmesdali.com\\\/es\\\/#\\\/schema\\\/logo\\\/image\\\/\",\"url\":\"https:\\\/\\\/i0.wp.com\\\/velasdali.com\\\/wp-content\\\/uploads\\\/2022\\\/12\\\/cropped-LOGO_DALI-01.jpg?fit=1200%2C1200&ssl=1\",\"contentUrl\":\"https:\\\/\\\/i0.wp.com\\\/velasdali.com\\\/wp-content\\\/uploads\\\/2022\\\/12\\\/cropped-LOGO_DALI-01.jpg?fit=1200%2C1200&ssl=1\",\"width\":1200,\"height\":1200,\"caption\":\"Velas Dal\u00ed\"},\"image\":{\"@id\":\"https:\\\/\\\/espelmesdali.com\\\/es\\\/#\\\/schema\\\/logo\\\/image\\\/\"},\"sameAs\":[\"https:\\\/\\\/www.facebook.com\\\/profile.php?id=100086540543846\",\"https:\\\/\\\/www.instagram.com\\\/espelmesdali\\\/\"]}]}<\/script>\n<!-- \/ Yoast SEO plugin. -->","yoast_head_json":{"title":"Abundancia y prosperidad \"Melt dorado\"","description":"Este melt contiene unas esencias que nos conectan con la abundancia y la prosperidad. Ideal para ambientar tu negocio, tienda o comercio. Su aroma har\u00e1 que t\u00fa y tus clientes entr\u00e1is en un estado de plenitud y gratitud y es desde este estado donde podemos generar abundancia. Adem\u00e1s, ver\u00e1s que tanto a t\u00fa como a tus clientes les encantar\u00e1 su agradable olor dulce, azucarada y tostada. Simplemente coloca un melt (cubo) en el quemador, enciende La Vela de t\u00e9 al lugar que le corresponde al quemador y cuando lo melt se funda empezar\u00e1 a liberar su olor. Ahora s\u00ed, es el momento de dejar que el aroma te inunde por dentro y por fuera. Para regalar a cualquier persona que se merezca la prosperidad. Cada cubito desprende su aroma durante 20 horas aproximadamente. Para garantizar sus \u00f3ptimos resultados se tienen que fundir en un quemador con una vela de t\u00e9 vegetal, que no sea de parafina! Nosotros disponemos de packs de 30 velas de t\u00e9 vegetal.","robots":{"index":"index","follow":"follow","max-snippet":"max-snippet:-1","max-image-preview":"max-image-preview:large","max-video-preview":"max-video-preview:-1"},"canonical":"https:\/\/espelmesdali.com\/es\/producto\/abundancia-y-prosperidad-melt-dorado\/","og_locale":"es_ES","og_type":"article","og_title":"Abundancia y prosperidad \"Melt dorado\"","og_description":"Este melt contiene unas esencias que nos conectan con la abundancia y la prosperidad. Ideal para ambientar tu negocio, tienda o comercio. Su aroma har\u00e1 que t\u00fa y tus clientes entr\u00e1is en un estado de plenitud y gratitud y es desde este estado donde podemos generar abundancia. Adem\u00e1s, ver\u00e1s que tanto a t\u00fa como a tus clientes les encantar\u00e1 su agradable olor dulce, azucarada y tostada. Simplemente coloca un melt (cubo) en el quemador, enciende La Vela de t\u00e9 al lugar que le corresponde al quemador y cuando lo melt se funda empezar\u00e1 a liberar su olor. Ahora s\u00ed, es el momento de dejar que el aroma te inunde por dentro y por fuera. Para regalar a cualquier persona que se merezca la prosperidad. Cada cubito desprende su aroma durante 20 horas aproximadamente. Para garantizar sus \u00f3ptimos resultados se tienen que fundir en un quemador con una vela de t\u00e9 vegetal, que no sea de parafina! Nosotros disponemos de packs de 30 velas de t\u00e9 vegetal.","og_url":"https:\/\/espelmesdali.com\/es\/producto\/abundancia-y-prosperidad-melt-dorado\/","og_site_name":"Velas Dal\u00ed","article_publisher":"https:\/\/www.facebook.com\/profile.php?id=100086540543846","article_modified_time":"2026-03-02T11:53:17+00:00","og_image":[{"width":800,"height":800,"url":"https:\/\/espelmesdali.com\/wp-content\/uploads\/2022\/10\/00430-1.jpg","type":"image\/jpeg"}],"twitter_card":"summary_large_image","twitter_misc":{"Tiempo de lectura":"2 minutos"},"schema":{"@context":"https:\/\/schema.org","@graph":[{"@type":"WebPage","@id":"https:\/\/espelmesdali.com\/es\/producto\/abundancia-y-prosperidad-melt-dorado\/","url":"https:\/\/espelmesdali.com\/es\/producto\/abundancia-y-prosperidad-melt-dorado\/","name":"Abundancia y prosperidad \"Melt dorado\"","isPartOf":{"@id":"https:\/\/espelmesdali.com\/es\/#website"},"primaryImageOfPage":{"@id":"https:\/\/espelmesdali.com\/es\/producto\/abundancia-y-prosperidad-melt-dorado\/#primaryimage"},"image":{"@id":"https:\/\/espelmesdali.com\/es\/producto\/abundancia-y-prosperidad-melt-dorado\/#primaryimage"},"thumbnailUrl":"https:\/\/espelmesdali.com\/wp-content\/uploads\/2022\/10\/00430-1.jpg","datePublished":"2022-09-28T10:14:40+00:00","dateModified":"2026-03-02T11:53:17+00:00","description":"Este melt contiene unas esencias que nos conectan con la abundancia y la prosperidad. Ideal para ambientar tu negocio, tienda o comercio. Su aroma har\u00e1 que t\u00fa y tus clientes entr\u00e1is en un estado de plenitud y gratitud y es desde este estado donde podemos generar abundancia. Adem\u00e1s, ver\u00e1s que tanto a t\u00fa como a tus clientes les encantar\u00e1 su agradable olor dulce, azucarada y tostada. Simplemente coloca un melt (cubo) en el quemador, enciende La Vela de t\u00e9 al lugar que le corresponde al quemador y cuando lo melt se funda empezar\u00e1 a liberar su olor. Ahora s\u00ed, es el momento de dejar que el aroma te inunde por dentro y por fuera. Para regalar a cualquier persona que se merezca la prosperidad. Cada cubito desprende su aroma durante 20 horas aproximadamente. Para garantizar sus \u00f3ptimos resultados se tienen que fundir en un quemador con una vela de t\u00e9 vegetal, que no sea de parafina! Nosotros disponemos de packs de 30 velas de t\u00e9 vegetal.","breadcrumb":{"@id":"https:\/\/espelmesdali.com\/es\/producto\/abundancia-y-prosperidad-melt-dorado\/#breadcrumb"},"inLanguage":"es","potentialAction":[{"@type":"ReadAction","target":["https:\/\/espelmesdali.com\/es\/producto\/abundancia-y-prosperidad-melt-dorado\/"]}]},{"@type":"ImageObject","inLanguage":"es","@id":"https:\/\/espelmesdali.com\/es\/producto\/abundancia-y-prosperidad-melt-dorado\/#primaryimage","url":"https:\/\/espelmesdali.com\/wp-content\/uploads\/2022\/10\/00430-1.jpg","contentUrl":"https:\/\/espelmesdali.com\/wp-content\/uploads\/2022\/10\/00430-1.jpg","width":800,"height":800,"caption":"00430 1"},{"@type":"BreadcrumbList","@id":"https:\/\/espelmesdali.com\/es\/producto\/abundancia-y-prosperidad-melt-dorado\/#breadcrumb","itemListElement":[{"@type":"ListItem","position":1,"name":"Portada","item":"https:\/\/espelmesdali.com\/es\/"},{"@type":"ListItem","position":2,"name":"Tienda","item":"https:\/\/espelmesdali.com\/es\/tienda\/"},{"@type":"ListItem","position":3,"name":"Aromaterapia","item":"https:\/\/espelmesdali.com\/es\/categoria-producto\/aromaterapia-es\/"},{"@type":"ListItem","position":4,"name":"Abundancia y prosperidad \u00abMelt dorado\u00bb"}]},{"@type":"WebSite","@id":"https:\/\/espelmesdali.com\/es\/#website","url":"https:\/\/espelmesdali.com\/es\/","name":"Velas Dal\u00ed","description":"Espelmes energ\u00e8tiques naturals i artesanes","publisher":{"@id":"https:\/\/espelmesdali.com\/es\/#organization"},"alternateName":"Espelmes energ\u00e8tiques naturals i artesanes","potentialAction":[{"@type":"SearchAction","target":{"@type":"EntryPoint","urlTemplate":"https:\/\/espelmesdali.com\/es\/?s={search_term_string}"},"query-input":{"@type":"PropertyValueSpecification","valueRequired":true,"valueName":"search_term_string"}}],"inLanguage":"es"},{"@type":"Organization","@id":"https:\/\/espelmesdali.com\/es\/#organization","name":"Velas Dal\u00ed","alternateName":"Espelmes energ\u00e8tiques naturals i artesanes","url":"https:\/\/espelmesdali.com\/es\/","logo":{"@type":"ImageObject","inLanguage":"es","@id":"https:\/\/espelmesdali.com\/es\/#\/schema\/logo\/image\/","url":"https:\/\/i0.wp.com\/velasdali.com\/wp-content\/uploads\/2022\/12\/cropped-LOGO_DALI-01.jpg?fit=1200%2C1200&ssl=1","contentUrl":"https:\/\/i0.wp.com\/velasdali.com\/wp-content\/uploads\/2022\/12\/cropped-LOGO_DALI-01.jpg?fit=1200%2C1200&ssl=1","width":1200,"height":1200,"caption":"Velas Dal\u00ed"},"image":{"@id":"https:\/\/espelmesdali.com\/es\/#\/schema\/logo\/image\/"},"sameAs":["https:\/\/www.facebook.com\/profile.php?id=100086540543846","https:\/\/www.instagram.com\/espelmesdali\/"]}]}},"_links":{"self":[{"href":"https:\/\/espelmesdali.com\/es\/wp-json\/wp\/v2\/product\/7784","targetHints":{"allow":["GET"]}}],"collection":[{"href":"https:\/\/espelmesdali.com\/es\/wp-json\/wp\/v2\/product"}],"about":[{"href":"https:\/\/espelmesdali.com\/es\/wp-json\/wp\/v2\/types\/product"}],"replies":[{"embeddable":true,"href":"https:\/\/espelmesdali.com\/es\/wp-json\/wp\/v2\/comments?post=7784"}],"wp:featuredmedia":[{"embeddable":true,"href":"https:\/\/espelmesdali.com\/es\/wp-json\/wp\/v2\/media\/10525"}],"wp:attachment":[{"href":"https:\/\/espelmesdali.com\/es\/wp-json\/wp\/v2\/media?parent=7784"}],"wp:term":[{"taxonomy":"product_brand","embeddable":true,"href":"https:\/\/espelmesdali.com\/es\/wp-json\/wp\/v2\/product_brand?post=7784"},{"taxonomy":"product_cat","embeddable":true,"href":"https:\/\/espelmesdali.com\/es\/wp-json\/wp\/v2\/product_cat?post=7784"},{"taxonomy":"product_tag","embeddable":true,"href":"https:\/\/espelmesdali.com\/es\/wp-json\/wp\/v2\/product_tag?post=7784"}],"curies":[{"name":"wp","href":"https:\/\/api.w.org\/{rel}","templated":true}]}}