{"id":7783,"date":"2022-09-28T12:14:43","date_gmt":"2022-09-28T10:14:43","guid":{"rendered":"https:\/\/espelmesdali.com\/producte\/relax-y-calma-melt-lila\/"},"modified":"2026-03-02T12:35:08","modified_gmt":"2026-03-02T11:35:08","slug":"relax-y-calma-melt-lila","status":"publish","type":"product","link":"https:\/\/espelmesdali.com\/es\/producto\/relax-y-calma-melt-lila\/","title":{"rendered":"Relax y Calma \u00abMelt lila\u00bb"},"content":{"rendered":"<p>Nuestros melts est\u00e1n elaborados con cera vegetal de primera calidad (biodegradable y libre de modificaci\u00f3n gen\u00e9tica) y impregnados de esencias cuidadosamente seleccionadas para cada sensaci\u00f3n.<\/p>\n<p><strong>C\u00f3mo se hace:\u00a0<\/strong><\/p>\n<p>Coge un Melt y col\u00f3calo en la parte superior del quemador. Luego enciende la vela de t\u00e9 y ver\u00e1s c\u00f3mo se va fundiendo lentamente la figura a la vez que desprende un aroma fascinante y va formando peque\u00f1os brillos mientras se va deshaciendo, \u00a1todo un espect\u00e1culo! Cuando acabes de usarlos, apaga o retira la vela de t\u00e9 y la cera restante en la parte superior se solidificar\u00e1 hasta que lo utilices nuevamente. Si desea cambiar de melt puede retirar la cera solidificada con la ayuda de un pa\u00f1o de algod\u00f3n. Te recomendamos mantener fuera del alcance a los ni\u00f1os, las mascotas y que est\u00e9 alejado de otras fuentes de calor o corrientes de viento.<\/p>\n<p><img decoding=\"async\" class=\"emoji\" role=\"img\" draggable=\"false\" src=\"https:\/\/s.w.org\/images\/core\/emoji\/14.0.0\/svg\/1f331.svg\" alt=\"\ud83c\udf31\" \/>\u00a0BENEFICIOS:<\/p>\n<ul>\n<li><strong>Aromaterapia<\/strong>: Incluso si el aroma es suave puede ser suficiente para disfrutar de los beneficios de la aromaterapia. La inhalaci\u00f3n de los aromas sutiles de los melts tiene efectos positivos en el estado de \u00e1nimo, el estr\u00e9s, el sue\u00f1o y la concentraci\u00f3n.<\/li>\n<li><strong>Aroma natural y libre de qu\u00edmicos<\/strong>: Al utilizar esencias en una cera vegetal, optas por un aroma natural. Las esencias est\u00e1n extra\u00eddas de plantas y contienen compuestos naturales que brindan beneficios terap\u00e9uticos.<\/li>\n<li><strong>Duraci\u00f3n prolongada<\/strong>: Aunque el aroma pueda ser suave, las esencias en los melts tienen una duraci\u00f3n prolongada en comparaci\u00f3n con otras formas de difusi\u00f3n. La cera que utilizamos tiene una combusti\u00f3n lenta, lo que permite que las esencias se dispersen gradualmente.<\/li>\n<\/ul>\n","protected":false},"excerpt":{"rendered":"<p><b>Melt relajante:<\/b>\u00a0desprende un<b>\u00a0olor fresco y relajante.<\/b>\u00a0A medida que se derrite, su aroma llena el ambiente con una suavidad que acaricia los sentidos, creando un ambiente de paz y serenidad. Deja que esta fusi\u00f3n de aromas te rodee, transport\u00e1ndote a un estado de\u00a0<b>armon\u00eda interior.<\/b><\/p>\n<p>Experimenta la magia de vivir en completa\u00a0<b>tranquilidad<\/b>\u00a0mientras el melt despliega su fragancia calmante. Cada nota floral\u00a0<b>cuida tu mente y tu alma<\/b>. D\u00e9jate abrazar por esa profunda\u00a0 sensaci\u00f3n de bienestar. Descubre c\u00f3mo este melt relajante se convierte en una invitaci\u00f3n constante a conectar con la<b>\u00a0paz interior.<\/b><\/p>\n","protected":false},"featured_media":10499,"comment_status":"open","ping_status":"closed","template":"","meta":[],"product_brand":[],"product_cat":[634,636,815],"product_tag":[592,812,604,607,799,611],"class_list":{"0":"post-7783","1":"product","2":"type-product","3":"status-publish","4":"has-post-thumbnail","6":"product_cat-aromaterapia-es","7":"product_cat-calma--antiestres","8":"product_cat-melts-es","9":"product_tag-aromaterapia-es","10":"product_tag-bienestar","11":"product_tag-calma-es","12":"product_tag-melts-es","13":"product_tag-paz-es","14":"product_tag-relax-es","15":"product_shipping_class-enviament-lleuger","16":"infinite-scroll-item","17":"sales-flash-overlay","18":"woocommerce-text-align-center","19":"woocommerce-image-align-center","20":"do-quantity-buttons","21":"wc-has-gallery","23":"first","24":"instock","25":"taxable","26":"shipping-taxable","27":"purchasable","28":"product-type-simple"},"yoast_head":"<!-- This site is optimized with the Yoast SEO plugin v27.4 - https:\/\/yoast.com\/product\/yoast-seo-wordpress\/ -->\n<title>Relax y Calma &quot;Melt lila&quot;<\/title>\n<meta name=\"description\" content=\"Este melt contiene unas esencias que nos conectan con la calma y la tranquilidad. Su aroma hace que entremos en un estado de aut\u00e9ntica relajaci\u00f3n. Ideal encender en la noche para ambientar la casa y descansar. Simplemente coloca un melt (cubo) al calentador, enciende la vela de te al sitio que le corresponda al calentador y cuando el melt se deshaga empezar\u00e1 a liberar su olor. Ahora s\u00ed, es el momento de dejar que el aroma te inunde por dentro y por fuera. Para regalar a aquel amigo o amiga que padezca de insomnio o ansiedad. Su aroma es floral. Cada cubito desprende el su aroma durante 20 horas aproximadamente. Para garantir sus \u00f3ptimos resultados se tienen que fundir en un quemador con una vela de te vegetal, que no sea de parafina! Nosotros disponemos de packs de 30 velas de te vegetal.\" \/>\n<meta name=\"robots\" content=\"index, follow, max-snippet:-1, max-image-preview:large, max-video-preview:-1\" \/>\n<link rel=\"canonical\" href=\"https:\/\/espelmesdali.com\/es\/producto\/relax-y-calma-melt-lila\/\" \/>\n<meta property=\"og:locale\" content=\"es_ES\" \/>\n<meta property=\"og:type\" content=\"article\" \/>\n<meta property=\"og:title\" content=\"Relax y Calma &quot;Melt lila&quot;\" \/>\n<meta property=\"og:description\" content=\"Este melt contiene unas esencias que nos conectan con la calma y la tranquilidad. Su aroma hace que entremos en un estado de aut\u00e9ntica relajaci\u00f3n. Ideal encender en la noche para ambientar la casa y descansar. Simplemente coloca un melt (cubo) al calentador, enciende la vela de te al sitio que le corresponda al calentador y cuando el melt se deshaga empezar\u00e1 a liberar su olor. Ahora s\u00ed, es el momento de dejar que el aroma te inunde por dentro y por fuera. Para regalar a aquel amigo o amiga que padezca de insomnio o ansiedad. Su aroma es floral. Cada cubito desprende el su aroma durante 20 horas aproximadamente. Para garantir sus \u00f3ptimos resultados se tienen que fundir en un quemador con una vela de te vegetal, que no sea de parafina! Nosotros disponemos de packs de 30 velas de te vegetal.\" \/>\n<meta property=\"og:url\" content=\"https:\/\/espelmesdali.com\/es\/producto\/relax-y-calma-melt-lila\/\" \/>\n<meta property=\"og:site_name\" content=\"Velas Dal\u00ed\" \/>\n<meta property=\"article:publisher\" content=\"https:\/\/www.facebook.com\/profile.php?id=100086540543846\" \/>\n<meta property=\"article:modified_time\" content=\"2026-03-02T11:35:08+00:00\" \/>\n<meta property=\"og:image\" content=\"https:\/\/espelmesdali.com\/wp-content\/uploads\/2022\/10\/00440-1.jpg\" \/>\n\t<meta property=\"og:image:width\" content=\"800\" \/>\n\t<meta property=\"og:image:height\" content=\"800\" \/>\n\t<meta property=\"og:image:type\" content=\"image\/jpeg\" \/>\n<meta name=\"twitter:card\" content=\"summary_large_image\" \/>\n<meta name=\"twitter:label1\" content=\"Tiempo de lectura\" \/>\n\t<meta name=\"twitter:data1\" content=\"2 minutos\" \/>\n<script type=\"application\/ld+json\" class=\"yoast-schema-graph\">{\"@context\":\"https:\\\/\\\/schema.org\",\"@graph\":[{\"@type\":\"WebPage\",\"@id\":\"https:\\\/\\\/espelmesdali.com\\\/es\\\/producto\\\/relax-y-calma-melt-lila\\\/\",\"url\":\"https:\\\/\\\/espelmesdali.com\\\/es\\\/producto\\\/relax-y-calma-melt-lila\\\/\",\"name\":\"Relax y Calma \\\"Melt lila\\\"\",\"isPartOf\":{\"@id\":\"https:\\\/\\\/espelmesdali.com\\\/es\\\/#website\"},\"primaryImageOfPage\":{\"@id\":\"https:\\\/\\\/espelmesdali.com\\\/es\\\/producto\\\/relax-y-calma-melt-lila\\\/#primaryimage\"},\"image\":{\"@id\":\"https:\\\/\\\/espelmesdali.com\\\/es\\\/producto\\\/relax-y-calma-melt-lila\\\/#primaryimage\"},\"thumbnailUrl\":\"https:\\\/\\\/espelmesdali.com\\\/wp-content\\\/uploads\\\/2022\\\/10\\\/00440-1.jpg\",\"datePublished\":\"2022-09-28T10:14:43+00:00\",\"dateModified\":\"2026-03-02T11:35:08+00:00\",\"description\":\"Este melt contiene unas esencias que nos conectan con la calma y la tranquilidad. Su aroma hace que entremos en un estado de aut\u00e9ntica relajaci\u00f3n. Ideal encender en la noche para ambientar la casa y descansar. Simplemente coloca un melt (cubo) al calentador, enciende la vela de te al sitio que le corresponda al calentador y cuando el melt se deshaga empezar\u00e1 a liberar su olor. Ahora s\u00ed, es el momento de dejar que el aroma te inunde por dentro y por fuera. Para regalar a aquel amigo o amiga que padezca de insomnio o ansiedad. Su aroma es floral. Cada cubito desprende el su aroma durante 20 horas aproximadamente. Para garantir sus \u00f3ptimos resultados se tienen que fundir en un quemador con una vela de te vegetal, que no sea de parafina! Nosotros disponemos de packs de 30 velas de te vegetal.\",\"breadcrumb\":{\"@id\":\"https:\\\/\\\/espelmesdali.com\\\/es\\\/producto\\\/relax-y-calma-melt-lila\\\/#breadcrumb\"},\"inLanguage\":\"es\",\"potentialAction\":[{\"@type\":\"ReadAction\",\"target\":[\"https:\\\/\\\/espelmesdali.com\\\/es\\\/producto\\\/relax-y-calma-melt-lila\\\/\"]}]},{\"@type\":\"ImageObject\",\"inLanguage\":\"es\",\"@id\":\"https:\\\/\\\/espelmesdali.com\\\/es\\\/producto\\\/relax-y-calma-melt-lila\\\/#primaryimage\",\"url\":\"https:\\\/\\\/espelmesdali.com\\\/wp-content\\\/uploads\\\/2022\\\/10\\\/00440-1.jpg\",\"contentUrl\":\"https:\\\/\\\/espelmesdali.com\\\/wp-content\\\/uploads\\\/2022\\\/10\\\/00440-1.jpg\",\"width\":800,\"height\":800,\"caption\":\"00440 1\"},{\"@type\":\"BreadcrumbList\",\"@id\":\"https:\\\/\\\/espelmesdali.com\\\/es\\\/producto\\\/relax-y-calma-melt-lila\\\/#breadcrumb\",\"itemListElement\":[{\"@type\":\"ListItem\",\"position\":1,\"name\":\"Portada\",\"item\":\"https:\\\/\\\/espelmesdali.com\\\/es\\\/\"},{\"@type\":\"ListItem\",\"position\":2,\"name\":\"Tienda\",\"item\":\"https:\\\/\\\/espelmesdali.com\\\/es\\\/tienda\\\/\"},{\"@type\":\"ListItem\",\"position\":3,\"name\":\"Aromaterapia\",\"item\":\"https:\\\/\\\/espelmesdali.com\\\/es\\\/categoria-producto\\\/aromaterapia-es\\\/\"},{\"@type\":\"ListItem\",\"position\":4,\"name\":\"Relax y Calma \u00abMelt lila\u00bb\"}]},{\"@type\":\"WebSite\",\"@id\":\"https:\\\/\\\/espelmesdali.com\\\/es\\\/#website\",\"url\":\"https:\\\/\\\/espelmesdali.com\\\/es\\\/\",\"name\":\"Velas Dal\u00ed\",\"description\":\"Espelmes energ\u00e8tiques naturals i artesanes\",\"publisher\":{\"@id\":\"https:\\\/\\\/espelmesdali.com\\\/es\\\/#organization\"},\"alternateName\":\"Espelmes energ\u00e8tiques naturals i artesanes\",\"potentialAction\":[{\"@type\":\"SearchAction\",\"target\":{\"@type\":\"EntryPoint\",\"urlTemplate\":\"https:\\\/\\\/espelmesdali.com\\\/es\\\/?s={search_term_string}\"},\"query-input\":{\"@type\":\"PropertyValueSpecification\",\"valueRequired\":true,\"valueName\":\"search_term_string\"}}],\"inLanguage\":\"es\"},{\"@type\":\"Organization\",\"@id\":\"https:\\\/\\\/espelmesdali.com\\\/es\\\/#organization\",\"name\":\"Velas Dal\u00ed\",\"alternateName\":\"Espelmes energ\u00e8tiques naturals i artesanes\",\"url\":\"https:\\\/\\\/espelmesdali.com\\\/es\\\/\",\"logo\":{\"@type\":\"ImageObject\",\"inLanguage\":\"es\",\"@id\":\"https:\\\/\\\/espelmesdali.com\\\/es\\\/#\\\/schema\\\/logo\\\/image\\\/\",\"url\":\"https:\\\/\\\/i0.wp.com\\\/velasdali.com\\\/wp-content\\\/uploads\\\/2022\\\/12\\\/cropped-LOGO_DALI-01.jpg?fit=1200%2C1200&ssl=1\",\"contentUrl\":\"https:\\\/\\\/i0.wp.com\\\/velasdali.com\\\/wp-content\\\/uploads\\\/2022\\\/12\\\/cropped-LOGO_DALI-01.jpg?fit=1200%2C1200&ssl=1\",\"width\":1200,\"height\":1200,\"caption\":\"Velas Dal\u00ed\"},\"image\":{\"@id\":\"https:\\\/\\\/espelmesdali.com\\\/es\\\/#\\\/schema\\\/logo\\\/image\\\/\"},\"sameAs\":[\"https:\\\/\\\/www.facebook.com\\\/profile.php?id=100086540543846\",\"https:\\\/\\\/www.instagram.com\\\/espelmesdali\\\/\"]}]}<\/script>\n<!-- \/ Yoast SEO plugin. -->","yoast_head_json":{"title":"Relax y Calma \"Melt lila\"","description":"Este melt contiene unas esencias que nos conectan con la calma y la tranquilidad. Su aroma hace que entremos en un estado de aut\u00e9ntica relajaci\u00f3n. Ideal encender en la noche para ambientar la casa y descansar. Simplemente coloca un melt (cubo) al calentador, enciende la vela de te al sitio que le corresponda al calentador y cuando el melt se deshaga empezar\u00e1 a liberar su olor. Ahora s\u00ed, es el momento de dejar que el aroma te inunde por dentro y por fuera. Para regalar a aquel amigo o amiga que padezca de insomnio o ansiedad. Su aroma es floral. Cada cubito desprende el su aroma durante 20 horas aproximadamente. Para garantir sus \u00f3ptimos resultados se tienen que fundir en un quemador con una vela de te vegetal, que no sea de parafina! Nosotros disponemos de packs de 30 velas de te vegetal.","robots":{"index":"index","follow":"follow","max-snippet":"max-snippet:-1","max-image-preview":"max-image-preview:large","max-video-preview":"max-video-preview:-1"},"canonical":"https:\/\/espelmesdali.com\/es\/producto\/relax-y-calma-melt-lila\/","og_locale":"es_ES","og_type":"article","og_title":"Relax y Calma \"Melt lila\"","og_description":"Este melt contiene unas esencias que nos conectan con la calma y la tranquilidad. Su aroma hace que entremos en un estado de aut\u00e9ntica relajaci\u00f3n. Ideal encender en la noche para ambientar la casa y descansar. Simplemente coloca un melt (cubo) al calentador, enciende la vela de te al sitio que le corresponda al calentador y cuando el melt se deshaga empezar\u00e1 a liberar su olor. Ahora s\u00ed, es el momento de dejar que el aroma te inunde por dentro y por fuera. Para regalar a aquel amigo o amiga que padezca de insomnio o ansiedad. Su aroma es floral. Cada cubito desprende el su aroma durante 20 horas aproximadamente. Para garantir sus \u00f3ptimos resultados se tienen que fundir en un quemador con una vela de te vegetal, que no sea de parafina! Nosotros disponemos de packs de 30 velas de te vegetal.","og_url":"https:\/\/espelmesdali.com\/es\/producto\/relax-y-calma-melt-lila\/","og_site_name":"Velas Dal\u00ed","article_publisher":"https:\/\/www.facebook.com\/profile.php?id=100086540543846","article_modified_time":"2026-03-02T11:35:08+00:00","og_image":[{"width":800,"height":800,"url":"https:\/\/espelmesdali.com\/wp-content\/uploads\/2022\/10\/00440-1.jpg","type":"image\/jpeg"}],"twitter_card":"summary_large_image","twitter_misc":{"Tiempo de lectura":"2 minutos"},"schema":{"@context":"https:\/\/schema.org","@graph":[{"@type":"WebPage","@id":"https:\/\/espelmesdali.com\/es\/producto\/relax-y-calma-melt-lila\/","url":"https:\/\/espelmesdali.com\/es\/producto\/relax-y-calma-melt-lila\/","name":"Relax y Calma \"Melt lila\"","isPartOf":{"@id":"https:\/\/espelmesdali.com\/es\/#website"},"primaryImageOfPage":{"@id":"https:\/\/espelmesdali.com\/es\/producto\/relax-y-calma-melt-lila\/#primaryimage"},"image":{"@id":"https:\/\/espelmesdali.com\/es\/producto\/relax-y-calma-melt-lila\/#primaryimage"},"thumbnailUrl":"https:\/\/espelmesdali.com\/wp-content\/uploads\/2022\/10\/00440-1.jpg","datePublished":"2022-09-28T10:14:43+00:00","dateModified":"2026-03-02T11:35:08+00:00","description":"Este melt contiene unas esencias que nos conectan con la calma y la tranquilidad. Su aroma hace que entremos en un estado de aut\u00e9ntica relajaci\u00f3n. Ideal encender en la noche para ambientar la casa y descansar. Simplemente coloca un melt (cubo) al calentador, enciende la vela de te al sitio que le corresponda al calentador y cuando el melt se deshaga empezar\u00e1 a liberar su olor. Ahora s\u00ed, es el momento de dejar que el aroma te inunde por dentro y por fuera. Para regalar a aquel amigo o amiga que padezca de insomnio o ansiedad. Su aroma es floral. Cada cubito desprende el su aroma durante 20 horas aproximadamente. Para garantir sus \u00f3ptimos resultados se tienen que fundir en un quemador con una vela de te vegetal, que no sea de parafina! Nosotros disponemos de packs de 30 velas de te vegetal.","breadcrumb":{"@id":"https:\/\/espelmesdali.com\/es\/producto\/relax-y-calma-melt-lila\/#breadcrumb"},"inLanguage":"es","potentialAction":[{"@type":"ReadAction","target":["https:\/\/espelmesdali.com\/es\/producto\/relax-y-calma-melt-lila\/"]}]},{"@type":"ImageObject","inLanguage":"es","@id":"https:\/\/espelmesdali.com\/es\/producto\/relax-y-calma-melt-lila\/#primaryimage","url":"https:\/\/espelmesdali.com\/wp-content\/uploads\/2022\/10\/00440-1.jpg","contentUrl":"https:\/\/espelmesdali.com\/wp-content\/uploads\/2022\/10\/00440-1.jpg","width":800,"height":800,"caption":"00440 1"},{"@type":"BreadcrumbList","@id":"https:\/\/espelmesdali.com\/es\/producto\/relax-y-calma-melt-lila\/#breadcrumb","itemListElement":[{"@type":"ListItem","position":1,"name":"Portada","item":"https:\/\/espelmesdali.com\/es\/"},{"@type":"ListItem","position":2,"name":"Tienda","item":"https:\/\/espelmesdali.com\/es\/tienda\/"},{"@type":"ListItem","position":3,"name":"Aromaterapia","item":"https:\/\/espelmesdali.com\/es\/categoria-producto\/aromaterapia-es\/"},{"@type":"ListItem","position":4,"name":"Relax y Calma \u00abMelt lila\u00bb"}]},{"@type":"WebSite","@id":"https:\/\/espelmesdali.com\/es\/#website","url":"https:\/\/espelmesdali.com\/es\/","name":"Velas Dal\u00ed","description":"Espelmes energ\u00e8tiques naturals i artesanes","publisher":{"@id":"https:\/\/espelmesdali.com\/es\/#organization"},"alternateName":"Espelmes energ\u00e8tiques naturals i artesanes","potentialAction":[{"@type":"SearchAction","target":{"@type":"EntryPoint","urlTemplate":"https:\/\/espelmesdali.com\/es\/?s={search_term_string}"},"query-input":{"@type":"PropertyValueSpecification","valueRequired":true,"valueName":"search_term_string"}}],"inLanguage":"es"},{"@type":"Organization","@id":"https:\/\/espelmesdali.com\/es\/#organization","name":"Velas Dal\u00ed","alternateName":"Espelmes energ\u00e8tiques naturals i artesanes","url":"https:\/\/espelmesdali.com\/es\/","logo":{"@type":"ImageObject","inLanguage":"es","@id":"https:\/\/espelmesdali.com\/es\/#\/schema\/logo\/image\/","url":"https:\/\/i0.wp.com\/velasdali.com\/wp-content\/uploads\/2022\/12\/cropped-LOGO_DALI-01.jpg?fit=1200%2C1200&ssl=1","contentUrl":"https:\/\/i0.wp.com\/velasdali.com\/wp-content\/uploads\/2022\/12\/cropped-LOGO_DALI-01.jpg?fit=1200%2C1200&ssl=1","width":1200,"height":1200,"caption":"Velas Dal\u00ed"},"image":{"@id":"https:\/\/espelmesdali.com\/es\/#\/schema\/logo\/image\/"},"sameAs":["https:\/\/www.facebook.com\/profile.php?id=100086540543846","https:\/\/www.instagram.com\/espelmesdali\/"]}]}},"_links":{"self":[{"href":"https:\/\/espelmesdali.com\/es\/wp-json\/wp\/v2\/product\/7783","targetHints":{"allow":["GET"]}}],"collection":[{"href":"https:\/\/espelmesdali.com\/es\/wp-json\/wp\/v2\/product"}],"about":[{"href":"https:\/\/espelmesdali.com\/es\/wp-json\/wp\/v2\/types\/product"}],"replies":[{"embeddable":true,"href":"https:\/\/espelmesdali.com\/es\/wp-json\/wp\/v2\/comments?post=7783"}],"wp:featuredmedia":[{"embeddable":true,"href":"https:\/\/espelmesdali.com\/es\/wp-json\/wp\/v2\/media\/10499"}],"wp:attachment":[{"href":"https:\/\/espelmesdali.com\/es\/wp-json\/wp\/v2\/media?parent=7783"}],"wp:term":[{"taxonomy":"product_brand","embeddable":true,"href":"https:\/\/espelmesdali.com\/es\/wp-json\/wp\/v2\/product_brand?post=7783"},{"taxonomy":"product_cat","embeddable":true,"href":"https:\/\/espelmesdali.com\/es\/wp-json\/wp\/v2\/product_cat?post=7783"},{"taxonomy":"product_tag","embeddable":true,"href":"https:\/\/espelmesdali.com\/es\/wp-json\/wp\/v2\/product_tag?post=7783"}],"curies":[{"name":"wp","href":"https:\/\/api.w.org\/{rel}","templated":true}]}}