{"id":7780,"date":"2022-10-14T07:56:56","date_gmt":"2022-10-14T05:56:56","guid":{"rendered":"https:\/\/espelmesdali.com\/producte\/abundancia-vela-miel-pequena\/"},"modified":"2026-03-25T12:30:55","modified_gmt":"2026-03-25T11:30:55","slug":"abundancia-vela-miel-pequena","status":"publish","type":"product","link":"https:\/\/espelmesdali.com\/es\/producto\/abundancia-vela-miel-pequena\/","title":{"rendered":"Abundancia \u00abVela Miel peque\u00f1a\u00bb"},"content":{"rendered":"<p>Descubre la magia de nuestras\u00a0<b>velas de miel energ\u00e9ticas,<\/b> confeccionadas con amor e intenci\u00f3n. Cada una de ellas es \u00fanica, elaborada artesanalmente con cera de abeja 100% pura, procedente de la pen\u00ednsula, asegurando la m\u00e1xima calidad y autenticidad en cada llama.<\/p>\n<p>Nuestra diferencia radica en la dedicaci\u00f3n a utilizar materias primas de alta calidad, eliminando parafinas y otras sustancias qu\u00edmicas que podr\u00edan afectar a la salud. Desarrollamos cada vela cuidadosamente, desde su creaci\u00f3n hasta el encerado del pabilo, asegur\u00e1ndonos que cada detalle refleje la calidad e intenci\u00f3n que ponemos en nuestro trabajo.<\/p>\n<p><strong>Usos terap\u00e9uticos:<\/strong><\/p>\n<ul>\n<li aria-level=\"\">Purificaci\u00f3n del ambiente : <b>Reduce la cantidad de polvo, polen y otros al\u00e9rgenos\u00a0<\/b>presentes en el aire gracias a la liberaci\u00f3n de iones negativos.<\/li>\n<li aria-level=\"\">Propiedades antibacterianas: <strong>Limpian\u00a0el aire de bacterias<\/strong>\u00a0y otros microorganismos nocivos para la salud.<\/li>\n<li aria-level=\"\">Relajante: Su aroma ayuda a<b>\u00a0reducir el estr\u00e9s y mejorar el estado de \u00e1nimo.<\/b><\/li>\n<\/ul>\n<p><strong>Usos energ\u00e9ticos:<\/strong><\/p>\n<ul>\n<li>Conexi\u00f3n con el Elemento del Fuego: Nuestras velas de miel son un canal para el elemento del fuego, crean una conexi\u00f3n con esa energ\u00eda vital. La llama que brota de la cera de abeja pura es considerada una expresi\u00f3n viva de la transformaci\u00f3n, haciendo de cada vela una presencia poderosa que\u00a0<strong>transmuta las energ\u00edas negativas<\/strong>\u00a0e impulsa el crecimiento personal.<\/li>\n<li>Elevaci\u00f3n Vibracional: Encender nuestras velas de miel despu\u00e9s de una limpieza energ\u00e9tica act\u00faa como\u00a0<b>acelerador para elevar la vibraci\u00f3n del entorno<\/b>. Esta elevaci\u00f3n vibracional ayuda a\u00a0<strong>disipar bloqueos<\/strong>\u00a0ya abrir espacios para energ\u00edas positivas.<\/li>\n<li>Potenciaci\u00f3n de la Meditaci\u00f3n y la Calma: Nuestras velas de miel son excelentes\u00a0<strong>acompa\u00f1antes en pr\u00e1cticas meditativas<\/strong>\u00a0y momentos de\u00a0<strong>calma<\/strong>. Su luz suave y su reconfortante fragancia crean un ambiente propicio para la reflexi\u00f3n, ayudando a silenciar la mente ya conectar con la esencia m\u00e1s profunda.<\/li>\n<li>Simbolismo de la Abundancia y la Prosperidad: Las velas de miel est\u00e1n asociadas con la\u00a0<b>abundancia y la prosperidad<\/b>. La cera de abeja pura representa la generosidad de la naturaleza, la miel atrae la abundancia la prosperidad y la dulzura en tu vida y\u00a0la llama simboliza la luz que gu\u00eda hacia el\u00a0<b>\u00e9xito y la riqueza, tanto material como espiritual.<\/b><\/li>\n<li>Ley de la atracci\u00f3n:\u00a0Con nuestras velas de miel creas una conexi\u00f3n sutil con las energ\u00edas positivas del universo,\u00a0<strong>enviando una petici\u00f3n<\/strong>\u00a0silenciosa al cosmos.<\/li>\n<li>Influencia de los N\u00fameros y D\u00edgito 11 y 22: Encender las velas de miel los\u00a0<strong>d\u00edas 11 y 22<\/strong>\u00a0puede a\u00f1adir una dimensi\u00f3n extra de significado. En la numerolog\u00eda, el 11 es considerado un n\u00famero maestro, simbolizando\u00a0<strong>intuici\u00f3n y elevaci\u00f3n<\/strong>\u00a0espiritual, mientras que el 22 es asociado con la\u00a0<strong>manifestaci\u00f3n de sue\u00f1os<\/strong>\u00a0y la\u00a0<strong>construcci\u00f3n\u00a0<\/strong>de cimientos s\u00f3lidos.<\/li>\n<\/ul>\n<p>Incorporarlas en tus pr\u00e1cticas diarias puede conducirte a una experiencia m\u00e1s profunda de paz y crecimiento personal.<\/p>\n","protected":false},"excerpt":{"rendered":"<p><strong>PODER ENERG\u00c9TICO: \u2666\u2666\u25ca\u25ca\u25ca<\/strong><\/p>\n<div class=\"\">\n<p>\u00b7\u00c9xito \u00a0\u00a0\u00a0\u00a0\u00a0\u00a0\u00a0\u00a0\u00a0\u00a0\u00a0\u00a0\u00a0\u00a0\u00a0\u00a0 \u00b7Prosperidad \u00a0\u00a0\u00a0\u00a0\u00a0\u00a0\u00a0\u00a0\u00a0\u00a0\u00a0 \u00b7 \u00b7 Buena suerte<\/p>\n<p>Las\u00a0<b>velas de miel Dal\u00ed\u00a0<\/b>son\u00a0<b>portadoras de energ\u00edas\u00a0 positivas,\u00a0<\/b>hechas con\u00a0<b>cera de abeja 100% pura\u00a0<\/b>que contiene propiedades\u00a0<b>curativas y beneficiosas para la salud.<\/b><\/p>\n<p>En\u00a0<strong>Velas Dal\u00ed<\/strong>, siempre trabajamos con ingredientes de la m\u00e1xima pureza, por eso elaboramos\u00a0<strong>velas \u00fanicas<\/strong>\u00a0con\u00a0<b>cera de abeja de alta calidad 100% natural y as\u00ed disfrutar de los beneficios \u00fanicos que ofrece la cera de abeja pura,\u00a0evitando parafinas y otras sustancias nocivas para la salud.<\/b><\/p>\n<p>La\u00a0<strong>carga energ\u00e9tica y beneficios<\/strong>\u00a0de nuestras velas, es directamente proporcional a su\u00a0<strong>tama\u00f1o<\/strong>. En este caso, este tama\u00f1o ser\u00eda adecuado para realizar un mantenimiento de lo que ya tenemos. Mantener la buena armon\u00eda familiar, el amor, la salud, etc&#8230;<\/p>\n<p>Propiedades curativas:<\/p>\n<ul>\n<li><b>Purifica el aire<\/b><\/li>\n<li><b>Reduce los s\u00edntomas de alergias y asma\u00a0<\/b><\/li>\n<li><b>Propiedades antis\u00e9pticas y antibacterianas<\/b><\/li>\n<li><b>Efecto calmante y relajante<\/b><\/li>\n<\/ul>\n<p>Propiedades metaf\u00edsicas:<\/p>\n<ul>\n<li><b>Para potenciar cualquier otra petici\u00f3n\/trabajo<\/b>\u00a0con cualquiera de nuestras otras velas intencionadas.<\/li>\n<li><b>Despu\u00e9s de una limpieza energ\u00e9tica,<\/b>\u00a0abre las puertas a un flujo positivo.<\/li>\n<li>Para acompa\u00f1arte <b>en momentos de calma, meditaci\u00f3n, estudio.<\/b><\/li>\n<li>Simplemente cuando quieras crear un ambiente de calma rodeado\u00a0 de energ\u00edas positivas, <b>abundancia y buena suerte.<\/b><\/li>\n<\/ul>\n<\/div>\n","protected":false},"featured_media":8207,"comment_status":"open","ping_status":"closed","template":"","meta":[],"product_brand":[],"product_cat":[643,1271,580],"product_tag":[620,886,585,657,659],"class_list":{"0":"post-7780","1":"product","2":"type-product","3":"status-publish","4":"has-post-thumbnail","6":"product_cat-armonia--abundancia","7":"product_cat-ceradeabeja","8":"product_cat-velas-de-miel","9":"product_tag-abundancia-es","10":"product_tag-buena-suerte","11":"product_tag-espelmes-de-mel-es","12":"product_tag-feina-es","13":"product_tag-prosperitat-es","14":"product_shipping_class-enviament-lleuger","15":"infinite-scroll-item","16":"sales-flash-overlay","17":"woocommerce-text-align-center","18":"woocommerce-image-align-center","19":"do-quantity-buttons","20":"wc-has-gallery","22":"first","23":"instock","24":"taxable","25":"shipping-taxable","26":"purchasable","27":"product-type-simple"},"yoast_head":"<!-- This site is optimized with the Yoast SEO plugin v27.4 - https:\/\/yoast.com\/product\/yoast-seo-wordpress\/ -->\n<title>Abundancia &quot;Vela Miel peque\u00f1a&quot; - Velas Dal\u00ed<\/title>\n<meta name=\"description\" content=\"Las\u00a0velas de miel Dal\u00ed\u00a0son\u00a0portadoras de energ\u00edas\u00a0 positivas,\u00a0hechas con\u00a0cera de abeja 100% pura, con propiedades\u00a0curativas y beneficiosas para la salud.\" \/>\n<meta name=\"robots\" content=\"index, follow, max-snippet:-1, max-image-preview:large, max-video-preview:-1\" \/>\n<link rel=\"canonical\" href=\"https:\/\/espelmesdali.com\/es\/producto\/abundancia-vela-miel-pequena\/\" \/>\n<meta property=\"og:locale\" content=\"es_ES\" \/>\n<meta property=\"og:type\" content=\"article\" \/>\n<meta property=\"og:title\" content=\"Abundancia &quot;Vela Miel peque\u00f1a&quot; - Velas Dal\u00ed\" \/>\n<meta property=\"og:description\" content=\"Las\u00a0velas de miel Dal\u00ed\u00a0son\u00a0portadoras de energ\u00edas\u00a0 positivas,\u00a0hechas con\u00a0cera de abeja 100% pura, con propiedades\u00a0curativas y beneficiosas para la salud.\" \/>\n<meta property=\"og:url\" content=\"https:\/\/espelmesdali.com\/es\/producto\/abundancia-vela-miel-pequena\/\" \/>\n<meta property=\"og:site_name\" content=\"Velas Dal\u00ed\" \/>\n<meta property=\"article:publisher\" content=\"https:\/\/www.facebook.com\/profile.php?id=100086540543846\" \/>\n<meta property=\"article:modified_time\" content=\"2026-03-25T11:30:55+00:00\" \/>\n<meta property=\"og:image\" content=\"https:\/\/espelmesdali.com\/wp-content\/uploads\/2022\/10\/EDALI_1MEL-G.jpg\" \/>\n\t<meta property=\"og:image:width\" content=\"1200\" \/>\n\t<meta property=\"og:image:height\" content=\"1200\" \/>\n\t<meta property=\"og:image:type\" content=\"image\/jpeg\" \/>\n<meta name=\"twitter:card\" content=\"summary_large_image\" \/>\n<meta name=\"twitter:label1\" content=\"Tiempo de lectura\" \/>\n\t<meta name=\"twitter:data1\" content=\"3 minutos\" \/>\n<script type=\"application\/ld+json\" class=\"yoast-schema-graph\">{\"@context\":\"https:\\\/\\\/schema.org\",\"@graph\":[{\"@type\":\"WebPage\",\"@id\":\"https:\\\/\\\/espelmesdali.com\\\/es\\\/producto\\\/abundancia-vela-miel-pequena\\\/\",\"url\":\"https:\\\/\\\/espelmesdali.com\\\/es\\\/producto\\\/abundancia-vela-miel-pequena\\\/\",\"name\":\"Abundancia \\\"Vela Miel peque\u00f1a\\\" - Velas Dal\u00ed\",\"isPartOf\":{\"@id\":\"https:\\\/\\\/espelmesdali.com\\\/es\\\/#website\"},\"primaryImageOfPage\":{\"@id\":\"https:\\\/\\\/espelmesdali.com\\\/es\\\/producto\\\/abundancia-vela-miel-pequena\\\/#primaryimage\"},\"image\":{\"@id\":\"https:\\\/\\\/espelmesdali.com\\\/es\\\/producto\\\/abundancia-vela-miel-pequena\\\/#primaryimage\"},\"thumbnailUrl\":\"https:\\\/\\\/espelmesdali.com\\\/wp-content\\\/uploads\\\/2022\\\/10\\\/EDALI_1MEL-G.jpg\",\"datePublished\":\"2022-10-14T05:56:56+00:00\",\"dateModified\":\"2026-03-25T11:30:55+00:00\",\"description\":\"Las\u00a0velas de miel Dal\u00ed\u00a0son\u00a0portadoras de energ\u00edas\u00a0 positivas,\u00a0hechas con\u00a0cera de abeja 100% pura, con propiedades\u00a0curativas y beneficiosas para la salud.\",\"breadcrumb\":{\"@id\":\"https:\\\/\\\/espelmesdali.com\\\/es\\\/producto\\\/abundancia-vela-miel-pequena\\\/#breadcrumb\"},\"inLanguage\":\"es\",\"potentialAction\":[{\"@type\":\"ReadAction\",\"target\":[\"https:\\\/\\\/espelmesdali.com\\\/es\\\/producto\\\/abundancia-vela-miel-pequena\\\/\"]}]},{\"@type\":\"ImageObject\",\"inLanguage\":\"es\",\"@id\":\"https:\\\/\\\/espelmesdali.com\\\/es\\\/producto\\\/abundancia-vela-miel-pequena\\\/#primaryimage\",\"url\":\"https:\\\/\\\/espelmesdali.com\\\/wp-content\\\/uploads\\\/2022\\\/10\\\/EDALI_1MEL-G.jpg\",\"contentUrl\":\"https:\\\/\\\/espelmesdali.com\\\/wp-content\\\/uploads\\\/2022\\\/10\\\/EDALI_1MEL-G.jpg\",\"width\":1200,\"height\":1200,\"caption\":\"EDALI 1MEL G\"},{\"@type\":\"BreadcrumbList\",\"@id\":\"https:\\\/\\\/espelmesdali.com\\\/es\\\/producto\\\/abundancia-vela-miel-pequena\\\/#breadcrumb\",\"itemListElement\":[{\"@type\":\"ListItem\",\"position\":1,\"name\":\"Portada\",\"item\":\"https:\\\/\\\/espelmesdali.com\\\/es\\\/\"},{\"@type\":\"ListItem\",\"position\":2,\"name\":\"Tienda\",\"item\":\"https:\\\/\\\/espelmesdali.com\\\/es\\\/tienda\\\/\"},{\"@type\":\"ListItem\",\"position\":3,\"name\":\"Abundancia y Armon\u00eda\",\"item\":\"https:\\\/\\\/espelmesdali.com\\\/es\\\/categoria-producto\\\/armonia-%c2%b7-abundancia\\\/\"},{\"@type\":\"ListItem\",\"position\":4,\"name\":\"Abundancia \u00abVela Miel peque\u00f1a\u00bb\"}]},{\"@type\":\"WebSite\",\"@id\":\"https:\\\/\\\/espelmesdali.com\\\/es\\\/#website\",\"url\":\"https:\\\/\\\/espelmesdali.com\\\/es\\\/\",\"name\":\"Velas Dal\u00ed\",\"description\":\"Espelmes energ\u00e8tiques naturals i artesanes\",\"publisher\":{\"@id\":\"https:\\\/\\\/espelmesdali.com\\\/es\\\/#organization\"},\"alternateName\":\"Espelmes energ\u00e8tiques naturals i artesanes\",\"potentialAction\":[{\"@type\":\"SearchAction\",\"target\":{\"@type\":\"EntryPoint\",\"urlTemplate\":\"https:\\\/\\\/espelmesdali.com\\\/es\\\/?s={search_term_string}\"},\"query-input\":{\"@type\":\"PropertyValueSpecification\",\"valueRequired\":true,\"valueName\":\"search_term_string\"}}],\"inLanguage\":\"es\"},{\"@type\":\"Organization\",\"@id\":\"https:\\\/\\\/espelmesdali.com\\\/es\\\/#organization\",\"name\":\"Velas Dal\u00ed\",\"alternateName\":\"Espelmes energ\u00e8tiques naturals i artesanes\",\"url\":\"https:\\\/\\\/espelmesdali.com\\\/es\\\/\",\"logo\":{\"@type\":\"ImageObject\",\"inLanguage\":\"es\",\"@id\":\"https:\\\/\\\/espelmesdali.com\\\/es\\\/#\\\/schema\\\/logo\\\/image\\\/\",\"url\":\"https:\\\/\\\/i0.wp.com\\\/velasdali.com\\\/wp-content\\\/uploads\\\/2022\\\/12\\\/cropped-LOGO_DALI-01.jpg?fit=1200%2C1200&ssl=1\",\"contentUrl\":\"https:\\\/\\\/i0.wp.com\\\/velasdali.com\\\/wp-content\\\/uploads\\\/2022\\\/12\\\/cropped-LOGO_DALI-01.jpg?fit=1200%2C1200&ssl=1\",\"width\":1200,\"height\":1200,\"caption\":\"Velas Dal\u00ed\"},\"image\":{\"@id\":\"https:\\\/\\\/espelmesdali.com\\\/es\\\/#\\\/schema\\\/logo\\\/image\\\/\"},\"sameAs\":[\"https:\\\/\\\/www.facebook.com\\\/profile.php?id=100086540543846\",\"https:\\\/\\\/www.instagram.com\\\/espelmesdali\\\/\"]}]}<\/script>\n<!-- \/ Yoast SEO plugin. -->","yoast_head_json":{"title":"Abundancia \"Vela Miel peque\u00f1a\" - Velas Dal\u00ed","description":"Las\u00a0velas de miel Dal\u00ed\u00a0son\u00a0portadoras de energ\u00edas\u00a0 positivas,\u00a0hechas con\u00a0cera de abeja 100% pura, con propiedades\u00a0curativas y beneficiosas para la salud.","robots":{"index":"index","follow":"follow","max-snippet":"max-snippet:-1","max-image-preview":"max-image-preview:large","max-video-preview":"max-video-preview:-1"},"canonical":"https:\/\/espelmesdali.com\/es\/producto\/abundancia-vela-miel-pequena\/","og_locale":"es_ES","og_type":"article","og_title":"Abundancia \"Vela Miel peque\u00f1a\" - Velas Dal\u00ed","og_description":"Las\u00a0velas de miel Dal\u00ed\u00a0son\u00a0portadoras de energ\u00edas\u00a0 positivas,\u00a0hechas con\u00a0cera de abeja 100% pura, con propiedades\u00a0curativas y beneficiosas para la salud.","og_url":"https:\/\/espelmesdali.com\/es\/producto\/abundancia-vela-miel-pequena\/","og_site_name":"Velas Dal\u00ed","article_publisher":"https:\/\/www.facebook.com\/profile.php?id=100086540543846","article_modified_time":"2026-03-25T11:30:55+00:00","og_image":[{"width":1200,"height":1200,"url":"https:\/\/espelmesdali.com\/wp-content\/uploads\/2022\/10\/EDALI_1MEL-G.jpg","type":"image\/jpeg"}],"twitter_card":"summary_large_image","twitter_misc":{"Tiempo de lectura":"3 minutos"},"schema":{"@context":"https:\/\/schema.org","@graph":[{"@type":"WebPage","@id":"https:\/\/espelmesdali.com\/es\/producto\/abundancia-vela-miel-pequena\/","url":"https:\/\/espelmesdali.com\/es\/producto\/abundancia-vela-miel-pequena\/","name":"Abundancia \"Vela Miel peque\u00f1a\" - Velas Dal\u00ed","isPartOf":{"@id":"https:\/\/espelmesdali.com\/es\/#website"},"primaryImageOfPage":{"@id":"https:\/\/espelmesdali.com\/es\/producto\/abundancia-vela-miel-pequena\/#primaryimage"},"image":{"@id":"https:\/\/espelmesdali.com\/es\/producto\/abundancia-vela-miel-pequena\/#primaryimage"},"thumbnailUrl":"https:\/\/espelmesdali.com\/wp-content\/uploads\/2022\/10\/EDALI_1MEL-G.jpg","datePublished":"2022-10-14T05:56:56+00:00","dateModified":"2026-03-25T11:30:55+00:00","description":"Las\u00a0velas de miel Dal\u00ed\u00a0son\u00a0portadoras de energ\u00edas\u00a0 positivas,\u00a0hechas con\u00a0cera de abeja 100% pura, con propiedades\u00a0curativas y beneficiosas para la salud.","breadcrumb":{"@id":"https:\/\/espelmesdali.com\/es\/producto\/abundancia-vela-miel-pequena\/#breadcrumb"},"inLanguage":"es","potentialAction":[{"@type":"ReadAction","target":["https:\/\/espelmesdali.com\/es\/producto\/abundancia-vela-miel-pequena\/"]}]},{"@type":"ImageObject","inLanguage":"es","@id":"https:\/\/espelmesdali.com\/es\/producto\/abundancia-vela-miel-pequena\/#primaryimage","url":"https:\/\/espelmesdali.com\/wp-content\/uploads\/2022\/10\/EDALI_1MEL-G.jpg","contentUrl":"https:\/\/espelmesdali.com\/wp-content\/uploads\/2022\/10\/EDALI_1MEL-G.jpg","width":1200,"height":1200,"caption":"EDALI 1MEL G"},{"@type":"BreadcrumbList","@id":"https:\/\/espelmesdali.com\/es\/producto\/abundancia-vela-miel-pequena\/#breadcrumb","itemListElement":[{"@type":"ListItem","position":1,"name":"Portada","item":"https:\/\/espelmesdali.com\/es\/"},{"@type":"ListItem","position":2,"name":"Tienda","item":"https:\/\/espelmesdali.com\/es\/tienda\/"},{"@type":"ListItem","position":3,"name":"Abundancia y Armon\u00eda","item":"https:\/\/espelmesdali.com\/es\/categoria-producto\/armonia-%c2%b7-abundancia\/"},{"@type":"ListItem","position":4,"name":"Abundancia \u00abVela Miel peque\u00f1a\u00bb"}]},{"@type":"WebSite","@id":"https:\/\/espelmesdali.com\/es\/#website","url":"https:\/\/espelmesdali.com\/es\/","name":"Velas Dal\u00ed","description":"Espelmes energ\u00e8tiques naturals i artesanes","publisher":{"@id":"https:\/\/espelmesdali.com\/es\/#organization"},"alternateName":"Espelmes energ\u00e8tiques naturals i artesanes","potentialAction":[{"@type":"SearchAction","target":{"@type":"EntryPoint","urlTemplate":"https:\/\/espelmesdali.com\/es\/?s={search_term_string}"},"query-input":{"@type":"PropertyValueSpecification","valueRequired":true,"valueName":"search_term_string"}}],"inLanguage":"es"},{"@type":"Organization","@id":"https:\/\/espelmesdali.com\/es\/#organization","name":"Velas Dal\u00ed","alternateName":"Espelmes energ\u00e8tiques naturals i artesanes","url":"https:\/\/espelmesdali.com\/es\/","logo":{"@type":"ImageObject","inLanguage":"es","@id":"https:\/\/espelmesdali.com\/es\/#\/schema\/logo\/image\/","url":"https:\/\/i0.wp.com\/velasdali.com\/wp-content\/uploads\/2022\/12\/cropped-LOGO_DALI-01.jpg?fit=1200%2C1200&ssl=1","contentUrl":"https:\/\/i0.wp.com\/velasdali.com\/wp-content\/uploads\/2022\/12\/cropped-LOGO_DALI-01.jpg?fit=1200%2C1200&ssl=1","width":1200,"height":1200,"caption":"Velas Dal\u00ed"},"image":{"@id":"https:\/\/espelmesdali.com\/es\/#\/schema\/logo\/image\/"},"sameAs":["https:\/\/www.facebook.com\/profile.php?id=100086540543846","https:\/\/www.instagram.com\/espelmesdali\/"]}]}},"_links":{"self":[{"href":"https:\/\/espelmesdali.com\/es\/wp-json\/wp\/v2\/product\/7780","targetHints":{"allow":["GET"]}}],"collection":[{"href":"https:\/\/espelmesdali.com\/es\/wp-json\/wp\/v2\/product"}],"about":[{"href":"https:\/\/espelmesdali.com\/es\/wp-json\/wp\/v2\/types\/product"}],"replies":[{"embeddable":true,"href":"https:\/\/espelmesdali.com\/es\/wp-json\/wp\/v2\/comments?post=7780"}],"wp:featuredmedia":[{"embeddable":true,"href":"https:\/\/espelmesdali.com\/es\/wp-json\/wp\/v2\/media\/8207"}],"wp:attachment":[{"href":"https:\/\/espelmesdali.com\/es\/wp-json\/wp\/v2\/media?parent=7780"}],"wp:term":[{"taxonomy":"product_brand","embeddable":true,"href":"https:\/\/espelmesdali.com\/es\/wp-json\/wp\/v2\/product_brand?post=7780"},{"taxonomy":"product_cat","embeddable":true,"href":"https:\/\/espelmesdali.com\/es\/wp-json\/wp\/v2\/product_cat?post=7780"},{"taxonomy":"product_tag","embeddable":true,"href":"https:\/\/espelmesdali.com\/es\/wp-json\/wp\/v2\/product_tag?post=7780"}],"curies":[{"name":"wp","href":"https:\/\/api.w.org\/{rel}","templated":true}]}}