{"id":7770,"date":"2023-10-29T17:35:57","date_gmt":"2023-10-29T16:35:57","guid":{"rendered":"https:\/\/espelmesdali.com\/producte\/abundancia-vela-miel-pequenas-6-unidades\/"},"modified":"2026-02-03T12:55:24","modified_gmt":"2026-02-03T11:55:24","slug":"abundancia-vela-miel-pequenas-6-unidades","status":"publish","type":"product","link":"https:\/\/espelmesdali.com\/es\/producto\/abundancia-vela-miel-pequenas-6-unidades\/","title":{"rendered":"Abundancia \u00abVela Miel peque\u00f1as\u00bb 6 unidades"},"content":{"rendered":"","protected":false},"excerpt":{"rendered":"<h3 style=\"text-align: center;\"><strong>Vela de miel peque\u00f1a elaborada con cera de abeja 100% natural, ideal para mantenimientos energ\u00e9ticos suaves y para acompa\u00f1ar el d\u00eda a d\u00eda con armon\u00eda y energ\u00eda positiva.<\/strong><\/h3>\n<h5>Perfecta cuando quieres <strong>sostener aquello que ya tienes,<\/strong> crear un ambiente equilibrado o reforzar peque\u00f1os rituales de calma, meditaci\u00f3n o intenci\u00f3n.<\/h5>\n<p><strong>La vela de miel peque\u00f1a act\u00faa como una bater\u00eda energ\u00e9tica ligera, ideal para trabajos puntuales y de acompa\u00f1amiento.<\/strong><\/p>\n","protected":false},"featured_media":8540,"comment_status":"open","ping_status":"closed","template":"","meta":[],"product_brand":[],"product_cat":[643,1277,580],"product_tag":[620,647,585,606,657,658,659,660],"class_list":{"0":"post-7770","1":"product","2":"type-product","3":"status-publish","4":"has-post-thumbnail","6":"product_cat-armonia--abundancia","7":"product_cat-natural","8":"product_cat-velas-de-miel","9":"product_tag-abundancia-es","10":"product_tag-diners-es","11":"product_tag-espelmes-de-mel-es","12":"product_tag-familia-es","13":"product_tag-feina-es","14":"product_tag-felicitat-es","15":"product_tag-prosperitat-es","16":"product_tag-salut-es","17":"product_shipping_class-enviament-es","18":"infinite-scroll-item","19":"sales-flash-overlay","20":"woocommerce-text-align-center","21":"woocommerce-image-align-center","22":"do-quantity-buttons","23":"wc-has-gallery","25":"first","26":"instock","27":"taxable","28":"shipping-taxable","29":"purchasable","30":"product-type-simple"},"yoast_head":"<!-- This site is optimized with the Yoast SEO plugin v27.4 - https:\/\/yoast.com\/product\/yoast-seo-wordpress\/ -->\n<title>Abundancia &quot;Vela Miel peque\u00f1as&quot; 6 unidades<\/title>\n<meta name=\"description\" content=\"Descubre el poder de las velas de miel de la suerte para atraer la buena fortuna a tu vida. Est\u00e1n confeccionadas con amor e intenci\u00f3n. Son \u00fanicas.\" \/>\n<meta name=\"robots\" content=\"index, follow, max-snippet:-1, max-image-preview:large, max-video-preview:-1\" \/>\n<link rel=\"canonical\" href=\"https:\/\/espelmesdali.com\/es\/producto\/abundancia-vela-miel-pequenas-6-unidades\/\" \/>\n<meta property=\"og:locale\" content=\"es_ES\" \/>\n<meta property=\"og:type\" content=\"article\" \/>\n<meta property=\"og:title\" content=\"Abundancia &quot;Vela Miel peque\u00f1as&quot; 6 unidades\" \/>\n<meta property=\"og:description\" content=\"Descubre el poder de las velas de miel de la suerte para atraer la buena fortuna a tu vida. Est\u00e1n confeccionadas con amor e intenci\u00f3n. Son \u00fanicas.\" \/>\n<meta property=\"og:url\" content=\"https:\/\/espelmesdali.com\/es\/producto\/abundancia-vela-miel-pequenas-6-unidades\/\" \/>\n<meta property=\"og:site_name\" content=\"Velas Dal\u00ed\" \/>\n<meta property=\"article:publisher\" content=\"https:\/\/www.facebook.com\/profile.php?id=100086540543846\" \/>\n<meta property=\"article:modified_time\" content=\"2026-02-03T11:55:24+00:00\" \/>\n<meta property=\"og:image\" content=\"https:\/\/espelmesdali.com\/wp-content\/uploads\/2024\/03\/EDALI_6MELPETITES.jpg\" \/>\n\t<meta property=\"og:image:width\" content=\"1200\" \/>\n\t<meta property=\"og:image:height\" content=\"1200\" \/>\n\t<meta property=\"og:image:type\" content=\"image\/jpeg\" \/>\n<meta name=\"twitter:card\" content=\"summary_large_image\" \/>\n<meta name=\"twitter:label1\" content=\"Tiempo de lectura\" \/>\n\t<meta name=\"twitter:data1\" content=\"1 minuto\" \/>\n<script type=\"application\/ld+json\" class=\"yoast-schema-graph\">{\"@context\":\"https:\\\/\\\/schema.org\",\"@graph\":[{\"@type\":\"WebPage\",\"@id\":\"https:\\\/\\\/espelmesdali.com\\\/es\\\/producto\\\/abundancia-vela-miel-pequenas-6-unidades\\\/\",\"url\":\"https:\\\/\\\/espelmesdali.com\\\/es\\\/producto\\\/abundancia-vela-miel-pequenas-6-unidades\\\/\",\"name\":\"Abundancia \\\"Vela Miel peque\u00f1as\\\" 6 unidades\",\"isPartOf\":{\"@id\":\"https:\\\/\\\/espelmesdali.com\\\/es\\\/#website\"},\"primaryImageOfPage\":{\"@id\":\"https:\\\/\\\/espelmesdali.com\\\/es\\\/producto\\\/abundancia-vela-miel-pequenas-6-unidades\\\/#primaryimage\"},\"image\":{\"@id\":\"https:\\\/\\\/espelmesdali.com\\\/es\\\/producto\\\/abundancia-vela-miel-pequenas-6-unidades\\\/#primaryimage\"},\"thumbnailUrl\":\"https:\\\/\\\/espelmesdali.com\\\/wp-content\\\/uploads\\\/2024\\\/03\\\/EDALI_6MELPETITES.jpg\",\"datePublished\":\"2023-10-29T16:35:57+00:00\",\"dateModified\":\"2026-02-03T11:55:24+00:00\",\"description\":\"Descubre el poder de las velas de miel de la suerte para atraer la buena fortuna a tu vida. Est\u00e1n confeccionadas con amor e intenci\u00f3n. Son \u00fanicas.\",\"breadcrumb\":{\"@id\":\"https:\\\/\\\/espelmesdali.com\\\/es\\\/producto\\\/abundancia-vela-miel-pequenas-6-unidades\\\/#breadcrumb\"},\"inLanguage\":\"es\",\"potentialAction\":[{\"@type\":\"ReadAction\",\"target\":[\"https:\\\/\\\/espelmesdali.com\\\/es\\\/producto\\\/abundancia-vela-miel-pequenas-6-unidades\\\/\"]}]},{\"@type\":\"ImageObject\",\"inLanguage\":\"es\",\"@id\":\"https:\\\/\\\/espelmesdali.com\\\/es\\\/producto\\\/abundancia-vela-miel-pequenas-6-unidades\\\/#primaryimage\",\"url\":\"https:\\\/\\\/espelmesdali.com\\\/wp-content\\\/uploads\\\/2024\\\/03\\\/EDALI_6MELPETITES.jpg\",\"contentUrl\":\"https:\\\/\\\/espelmesdali.com\\\/wp-content\\\/uploads\\\/2024\\\/03\\\/EDALI_6MELPETITES.jpg\",\"width\":1200,\"height\":1200,\"caption\":\"EDALI 6MELPETITES\"},{\"@type\":\"BreadcrumbList\",\"@id\":\"https:\\\/\\\/espelmesdali.com\\\/es\\\/producto\\\/abundancia-vela-miel-pequenas-6-unidades\\\/#breadcrumb\",\"itemListElement\":[{\"@type\":\"ListItem\",\"position\":1,\"name\":\"Portada\",\"item\":\"https:\\\/\\\/espelmesdali.com\\\/es\\\/\"},{\"@type\":\"ListItem\",\"position\":2,\"name\":\"Tienda\",\"item\":\"https:\\\/\\\/espelmesdali.com\\\/es\\\/tienda\\\/\"},{\"@type\":\"ListItem\",\"position\":3,\"name\":\"Velas\",\"item\":\"https:\\\/\\\/espelmesdali.com\\\/es\\\/categoria-producto\\\/velas-de-miel\\\/\"},{\"@type\":\"ListItem\",\"position\":4,\"name\":\"Abundancia \u00abVela Miel peque\u00f1as\u00bb 6 unidades\"}]},{\"@type\":\"WebSite\",\"@id\":\"https:\\\/\\\/espelmesdali.com\\\/es\\\/#website\",\"url\":\"https:\\\/\\\/espelmesdali.com\\\/es\\\/\",\"name\":\"Velas Dal\u00ed\",\"description\":\"Espelmes energ\u00e8tiques naturals i artesanes\",\"publisher\":{\"@id\":\"https:\\\/\\\/espelmesdali.com\\\/es\\\/#organization\"},\"alternateName\":\"Espelmes energ\u00e8tiques naturals i artesanes\",\"potentialAction\":[{\"@type\":\"SearchAction\",\"target\":{\"@type\":\"EntryPoint\",\"urlTemplate\":\"https:\\\/\\\/espelmesdali.com\\\/es\\\/?s={search_term_string}\"},\"query-input\":{\"@type\":\"PropertyValueSpecification\",\"valueRequired\":true,\"valueName\":\"search_term_string\"}}],\"inLanguage\":\"es\"},{\"@type\":\"Organization\",\"@id\":\"https:\\\/\\\/espelmesdali.com\\\/es\\\/#organization\",\"name\":\"Velas Dal\u00ed\",\"alternateName\":\"Espelmes energ\u00e8tiques naturals i artesanes\",\"url\":\"https:\\\/\\\/espelmesdali.com\\\/es\\\/\",\"logo\":{\"@type\":\"ImageObject\",\"inLanguage\":\"es\",\"@id\":\"https:\\\/\\\/espelmesdali.com\\\/es\\\/#\\\/schema\\\/logo\\\/image\\\/\",\"url\":\"https:\\\/\\\/i0.wp.com\\\/velasdali.com\\\/wp-content\\\/uploads\\\/2022\\\/12\\\/cropped-LOGO_DALI-01.jpg?fit=1200%2C1200&ssl=1\",\"contentUrl\":\"https:\\\/\\\/i0.wp.com\\\/velasdali.com\\\/wp-content\\\/uploads\\\/2022\\\/12\\\/cropped-LOGO_DALI-01.jpg?fit=1200%2C1200&ssl=1\",\"width\":1200,\"height\":1200,\"caption\":\"Velas Dal\u00ed\"},\"image\":{\"@id\":\"https:\\\/\\\/espelmesdali.com\\\/es\\\/#\\\/schema\\\/logo\\\/image\\\/\"},\"sameAs\":[\"https:\\\/\\\/www.facebook.com\\\/profile.php?id=100086540543846\",\"https:\\\/\\\/www.instagram.com\\\/espelmesdali\\\/\"]}]}<\/script>\n<!-- \/ Yoast SEO plugin. -->","yoast_head_json":{"title":"Abundancia \"Vela Miel peque\u00f1as\" 6 unidades","description":"Descubre el poder de las velas de miel de la suerte para atraer la buena fortuna a tu vida. Est\u00e1n confeccionadas con amor e intenci\u00f3n. Son \u00fanicas.","robots":{"index":"index","follow":"follow","max-snippet":"max-snippet:-1","max-image-preview":"max-image-preview:large","max-video-preview":"max-video-preview:-1"},"canonical":"https:\/\/espelmesdali.com\/es\/producto\/abundancia-vela-miel-pequenas-6-unidades\/","og_locale":"es_ES","og_type":"article","og_title":"Abundancia \"Vela Miel peque\u00f1as\" 6 unidades","og_description":"Descubre el poder de las velas de miel de la suerte para atraer la buena fortuna a tu vida. Est\u00e1n confeccionadas con amor e intenci\u00f3n. Son \u00fanicas.","og_url":"https:\/\/espelmesdali.com\/es\/producto\/abundancia-vela-miel-pequenas-6-unidades\/","og_site_name":"Velas Dal\u00ed","article_publisher":"https:\/\/www.facebook.com\/profile.php?id=100086540543846","article_modified_time":"2026-02-03T11:55:24+00:00","og_image":[{"width":1200,"height":1200,"url":"https:\/\/espelmesdali.com\/wp-content\/uploads\/2024\/03\/EDALI_6MELPETITES.jpg","type":"image\/jpeg"}],"twitter_card":"summary_large_image","twitter_misc":{"Tiempo de lectura":"1 minuto"},"schema":{"@context":"https:\/\/schema.org","@graph":[{"@type":"WebPage","@id":"https:\/\/espelmesdali.com\/es\/producto\/abundancia-vela-miel-pequenas-6-unidades\/","url":"https:\/\/espelmesdali.com\/es\/producto\/abundancia-vela-miel-pequenas-6-unidades\/","name":"Abundancia \"Vela Miel peque\u00f1as\" 6 unidades","isPartOf":{"@id":"https:\/\/espelmesdali.com\/es\/#website"},"primaryImageOfPage":{"@id":"https:\/\/espelmesdali.com\/es\/producto\/abundancia-vela-miel-pequenas-6-unidades\/#primaryimage"},"image":{"@id":"https:\/\/espelmesdali.com\/es\/producto\/abundancia-vela-miel-pequenas-6-unidades\/#primaryimage"},"thumbnailUrl":"https:\/\/espelmesdali.com\/wp-content\/uploads\/2024\/03\/EDALI_6MELPETITES.jpg","datePublished":"2023-10-29T16:35:57+00:00","dateModified":"2026-02-03T11:55:24+00:00","description":"Descubre el poder de las velas de miel de la suerte para atraer la buena fortuna a tu vida. Est\u00e1n confeccionadas con amor e intenci\u00f3n. Son \u00fanicas.","breadcrumb":{"@id":"https:\/\/espelmesdali.com\/es\/producto\/abundancia-vela-miel-pequenas-6-unidades\/#breadcrumb"},"inLanguage":"es","potentialAction":[{"@type":"ReadAction","target":["https:\/\/espelmesdali.com\/es\/producto\/abundancia-vela-miel-pequenas-6-unidades\/"]}]},{"@type":"ImageObject","inLanguage":"es","@id":"https:\/\/espelmesdali.com\/es\/producto\/abundancia-vela-miel-pequenas-6-unidades\/#primaryimage","url":"https:\/\/espelmesdali.com\/wp-content\/uploads\/2024\/03\/EDALI_6MELPETITES.jpg","contentUrl":"https:\/\/espelmesdali.com\/wp-content\/uploads\/2024\/03\/EDALI_6MELPETITES.jpg","width":1200,"height":1200,"caption":"EDALI 6MELPETITES"},{"@type":"BreadcrumbList","@id":"https:\/\/espelmesdali.com\/es\/producto\/abundancia-vela-miel-pequenas-6-unidades\/#breadcrumb","itemListElement":[{"@type":"ListItem","position":1,"name":"Portada","item":"https:\/\/espelmesdali.com\/es\/"},{"@type":"ListItem","position":2,"name":"Tienda","item":"https:\/\/espelmesdali.com\/es\/tienda\/"},{"@type":"ListItem","position":3,"name":"Velas","item":"https:\/\/espelmesdali.com\/es\/categoria-producto\/velas-de-miel\/"},{"@type":"ListItem","position":4,"name":"Abundancia \u00abVela Miel peque\u00f1as\u00bb 6 unidades"}]},{"@type":"WebSite","@id":"https:\/\/espelmesdali.com\/es\/#website","url":"https:\/\/espelmesdali.com\/es\/","name":"Velas Dal\u00ed","description":"Espelmes energ\u00e8tiques naturals i artesanes","publisher":{"@id":"https:\/\/espelmesdali.com\/es\/#organization"},"alternateName":"Espelmes energ\u00e8tiques naturals i artesanes","potentialAction":[{"@type":"SearchAction","target":{"@type":"EntryPoint","urlTemplate":"https:\/\/espelmesdali.com\/es\/?s={search_term_string}"},"query-input":{"@type":"PropertyValueSpecification","valueRequired":true,"valueName":"search_term_string"}}],"inLanguage":"es"},{"@type":"Organization","@id":"https:\/\/espelmesdali.com\/es\/#organization","name":"Velas Dal\u00ed","alternateName":"Espelmes energ\u00e8tiques naturals i artesanes","url":"https:\/\/espelmesdali.com\/es\/","logo":{"@type":"ImageObject","inLanguage":"es","@id":"https:\/\/espelmesdali.com\/es\/#\/schema\/logo\/image\/","url":"https:\/\/i0.wp.com\/velasdali.com\/wp-content\/uploads\/2022\/12\/cropped-LOGO_DALI-01.jpg?fit=1200%2C1200&ssl=1","contentUrl":"https:\/\/i0.wp.com\/velasdali.com\/wp-content\/uploads\/2022\/12\/cropped-LOGO_DALI-01.jpg?fit=1200%2C1200&ssl=1","width":1200,"height":1200,"caption":"Velas Dal\u00ed"},"image":{"@id":"https:\/\/espelmesdali.com\/es\/#\/schema\/logo\/image\/"},"sameAs":["https:\/\/www.facebook.com\/profile.php?id=100086540543846","https:\/\/www.instagram.com\/espelmesdali\/"]}]}},"_links":{"self":[{"href":"https:\/\/espelmesdali.com\/es\/wp-json\/wp\/v2\/product\/7770","targetHints":{"allow":["GET"]}}],"collection":[{"href":"https:\/\/espelmesdali.com\/es\/wp-json\/wp\/v2\/product"}],"about":[{"href":"https:\/\/espelmesdali.com\/es\/wp-json\/wp\/v2\/types\/product"}],"replies":[{"embeddable":true,"href":"https:\/\/espelmesdali.com\/es\/wp-json\/wp\/v2\/comments?post=7770"}],"wp:featuredmedia":[{"embeddable":true,"href":"https:\/\/espelmesdali.com\/es\/wp-json\/wp\/v2\/media\/8540"}],"wp:attachment":[{"href":"https:\/\/espelmesdali.com\/es\/wp-json\/wp\/v2\/media?parent=7770"}],"wp:term":[{"taxonomy":"product_brand","embeddable":true,"href":"https:\/\/espelmesdali.com\/es\/wp-json\/wp\/v2\/product_brand?post=7770"},{"taxonomy":"product_cat","embeddable":true,"href":"https:\/\/espelmesdali.com\/es\/wp-json\/wp\/v2\/product_cat?post=7770"},{"taxonomy":"product_tag","embeddable":true,"href":"https:\/\/espelmesdali.com\/es\/wp-json\/wp\/v2\/product_tag?post=7770"}],"curies":[{"name":"wp","href":"https:\/\/api.w.org\/{rel}","templated":true}]}}