{"id":7764,"date":"2023-11-28T20:36:20","date_gmt":"2023-11-28T19:36:20","guid":{"rendered":"https:\/\/espelmesdali.com\/producte\/salud-y-suerte-%c2%b7-arbol-de-navidad-de-cera-de-abeja-natural-verde-pequeno\/"},"modified":"2026-02-27T12:48:14","modified_gmt":"2026-02-27T11:48:14","slug":"salud-y-suerte-%c2%b7-arbol-de-navidad-de-cera-de-abeja-natural-verde-pequeno","status":"publish","type":"product","link":"https:\/\/espelmesdali.com\/es\/producto\/salud-y-suerte-%c2%b7-arbol-de-navidad-de-cera-de-abeja-natural-verde-pequeno\/","title":{"rendered":"Salud y Suerte \u00b7 \u00c1rbol de navidad de cera de abeja natural Verde peque\u00f1o"},"content":{"rendered":"<p>Bienvenido a la magia de nuestras velas artesanales, \u00fanicas y capaces de transportarte al coraz\u00f3n de la temporada navide\u00f1a. Nuestras velas en forma de \u00e1rbol de Navidad son mucho m\u00e1s que simple decoraci\u00f3n; son una experiencia de luz que transformar\u00e1 tu espacio en un santuario acogedor lleno de buenos augurios.<\/p>\n<p>El coraz\u00f3n de estas maravillas est\u00e1 hecho con la cera m\u00e1s pura de abeja te\u00f1ida con colorante natural, ofreciendo una combusti\u00f3n limpia. Su color verde vibrante no solo captura la esencia del esp\u00edritu navide\u00f1o, sino que tambi\u00e9n representa la frescura y vitalidad de la naturaleza. Adem\u00e1s, el verde simboliza esperanza, salud, suerte y armon\u00eda, creando un ambiente positivo y equilibrado a tu alrededor.<\/p>\n<p>Cada vela est\u00e1 hecha a mano con amor y dedicaci\u00f3n, d\u00e1ndole un toque \u00fanico y personalizado.<\/p>\n<p>Adem\u00e1s de ser una pieza decorativa encantadora, nuestras velas artesanales poseen propiedades que favorecen la salud y la buena suerte. La cera de abeja utilizada tiene cualidades purificadoras del aire, ayudando a crear un entorno m\u00e1s saludable y limpio. Tambi\u00e9n aportan energ\u00eda positiva y buena fortuna.<\/p>\n<p>Imagina encender esta vela en tu hogar y dejar que su luz baile alrededor, creando una atm\u00f3sfera c\u00e1lida y reconfortante.<\/p>\n<p>Si buscas regalos \u00fanicos y significativos para esta temporada, nuestras velas artesanales en forma de \u00e1rbol de Navidad son la elecci\u00f3n perfecta. Creemos que la belleza reside en la simplicidad y autenticidad, y estas velas capturan ese esp\u00edritu. No solo est\u00e1s comprando una vela; est\u00e1s llevando a casa una obra de arte, fuente de bienestar, suerte y salud, y una invitaci\u00f3n a celebrar la magia de las fiestas con todo el coraz\u00f3n.<\/p>\n<p>Sum\u00e9rgete en la experiencia \u00fanica de nuestras velas artesanales y deja que su luz ilumine tu hogar con el esp\u00edritu acogedor de la temporada. Que esta creaci\u00f3n exclusiva traiga a tu vida salud, suerte y momentos inolvidables. Gracias por elegir nuestra pasi\u00f3n por crear velas que iluminan tu vida.<\/p>\n","protected":false},"excerpt":{"rendered":"<p><span style=\"color: #800080;\" data-mce-style=\"color: #800080;\"><strong>PODER ENERG\u00c9TICO: \u2666\u2666\u2666\u2666\u2666<\/strong><\/span><\/p>\n<p><span style=\"color: #800080;\" data-mce-style=\"color: #800080;\">\u00b7\u00c9xito \u00b7Prosperidad \u00b7 Buena suerte<\/span><\/p>\n<p><label for=\"rating\"><\/label><\/p>\n<p>Bienvenido a la magia de nuestras velas artesanales, \u00fanicas y capaces de transportarte al coraz\u00f3n de la temporada navide\u00f1a. Las velas de miel, adem\u00e1s de inundar el ambiente con su dulce aroma, son conocidas por su poder m\u00e1gico para atraer la buena suerte. Ayudan a atraer riqueza, salud, prosperidad, amor y felicidad.<\/p>\n<p>Encender una vela de miel los d\u00edas 11 o 22 de cada mes \u2014o ambos\u2014 ayuda a abrir tus caminos. En esos d\u00edas hay una energ\u00eda especial que potencia el efecto de la vela; puedes encenderla confiando en que ella ya sabe lo que necesitas o escoger nuestras velas de miel personalizadas para incluir tu petici\u00f3n.<\/p>\n<p>Estas velas potencian los aspectos positivos de la vida: familia, trabajo, salud, dinero y bienestar general. Son muy utilizadas como refuerzo en otros rituales, ya que su energ\u00eda es potente. El esoterismo considera la miel como s\u00edmbolo del Yo superior, ayudando a alcanzar objetivos relacionados con riqueza, salud, prosperidad, amor y felicidad. Se pueden encender solas o en grupos de tres.<\/p>\n<p>Al encender una vela de miel, entrar\u00e1s en tu hogar bendiciones, dulzura, armon\u00eda y prosperidad.<\/p>\n<p>Mide: 10 x 2 cm<\/p>\n","protected":false},"featured_media":7527,"comment_status":"open","ping_status":"closed","template":"","meta":[],"product_brand":[],"product_cat":[1272,572,641,580],"product_tag":[591,802,605,585,792,778,608,610,594,774],"class_list":{"0":"post-7764","1":"product","2":"type-product","3":"status-publish","4":"has-post-thumbnail","6":"product_cat-colores-","7":"product_cat-rituales","8":"product_cat-salud--suerte","9":"product_cat-velas-de-miel","10":"product_tag-amor-es","11":"product_tag-armonia-es","12":"product_tag-energia-es","13":"product_tag-espelmes-de-mel-es","14":"product_tag-magia-es","15":"product_tag-miel","16":"product_tag-poder-es","17":"product_tag-ritual-es","18":"product_tag-vela","19":"product_tag-velas-es","20":"infinite-scroll-item","21":"sales-flash-overlay","22":"woocommerce-text-align-center","23":"woocommerce-image-align-center","24":"do-quantity-buttons","26":"first","27":"instock","28":"taxable","29":"shipping-taxable","30":"purchasable","31":"product-type-variable"},"yoast_head":"<!-- This site is optimized with the Yoast SEO plugin v27.4 - https:\/\/yoast.com\/product\/yoast-seo-wordpress\/ -->\n<title>\u00c1rbol de navidad de cera de abeja natural Verde<\/title>\n<meta name=\"description\" content=\"Bienvenido a la magia de nuestras velas artesanales, \u00fanica que te transportar\u00e1 al coraz\u00f3n de la temporada navide\u00f1a. Nuestras velas en forma de \u00e0rbol de Navidad son mucho m\u00e1s que simple decoraci\u00f3n; son una experiencia de luz que transformar\u00e1 tu espacio en un santuario acogedor y lleno de buen auguri.\" \/>\n<meta name=\"robots\" content=\"index, follow, max-snippet:-1, max-image-preview:large, max-video-preview:-1\" \/>\n<link rel=\"canonical\" href=\"https:\/\/espelmesdali.com\/es\/producto\/salud-y-suerte-%c2%b7-arbol-de-navidad-de-cera-de-abeja-natural-verde-pequeno\/\" \/>\n<meta property=\"og:locale\" content=\"es_ES\" \/>\n<meta property=\"og:type\" content=\"article\" \/>\n<meta property=\"og:title\" content=\"\u00c1rbol de navidad de cera de abeja natural Verde\" \/>\n<meta property=\"og:description\" content=\"Bienvenido a la magia de nuestras velas artesanales, \u00fanica que te transportar\u00e1 al coraz\u00f3n de la temporada navide\u00f1a. Nuestras velas en forma de \u00e0rbol de Navidad son mucho m\u00e1s que simple decoraci\u00f3n; son una experiencia de luz que transformar\u00e1 tu espacio en un santuario acogedor y lleno de buen auguri.\" \/>\n<meta property=\"og:url\" content=\"https:\/\/espelmesdali.com\/es\/producto\/salud-y-suerte-%c2%b7-arbol-de-navidad-de-cera-de-abeja-natural-verde-pequeno\/\" \/>\n<meta property=\"og:site_name\" content=\"Velas Dal\u00ed\" \/>\n<meta property=\"article:publisher\" content=\"https:\/\/www.facebook.com\/profile.php?id=100086540543846\" \/>\n<meta property=\"article:modified_time\" content=\"2026-02-27T11:48:14+00:00\" \/>\n<meta property=\"og:image\" content=\"https:\/\/espelmesdali.com\/wp-content\/uploads\/2023\/11\/EDALI_ARBRE-VERDpetit.jpg\" \/>\n\t<meta property=\"og:image:width\" content=\"1200\" \/>\n\t<meta property=\"og:image:height\" content=\"1200\" \/>\n\t<meta property=\"og:image:type\" content=\"image\/jpeg\" \/>\n<meta name=\"twitter:card\" content=\"summary_large_image\" \/>\n<meta name=\"twitter:label1\" content=\"Tiempo de lectura\" \/>\n\t<meta name=\"twitter:data1\" content=\"2 minutos\" \/>\n<script type=\"application\/ld+json\" class=\"yoast-schema-graph\">{\"@context\":\"https:\\\/\\\/schema.org\",\"@graph\":[{\"@type\":\"WebPage\",\"@id\":\"https:\\\/\\\/espelmesdali.com\\\/es\\\/producto\\\/salud-y-suerte-%c2%b7-arbol-de-navidad-de-cera-de-abeja-natural-verde-pequeno\\\/\",\"url\":\"https:\\\/\\\/espelmesdali.com\\\/es\\\/producto\\\/salud-y-suerte-%c2%b7-arbol-de-navidad-de-cera-de-abeja-natural-verde-pequeno\\\/\",\"name\":\"\u00c1rbol de navidad de cera de abeja natural Verde\",\"isPartOf\":{\"@id\":\"https:\\\/\\\/espelmesdali.com\\\/es\\\/#website\"},\"primaryImageOfPage\":{\"@id\":\"https:\\\/\\\/espelmesdali.com\\\/es\\\/producto\\\/salud-y-suerte-%c2%b7-arbol-de-navidad-de-cera-de-abeja-natural-verde-pequeno\\\/#primaryimage\"},\"image\":{\"@id\":\"https:\\\/\\\/espelmesdali.com\\\/es\\\/producto\\\/salud-y-suerte-%c2%b7-arbol-de-navidad-de-cera-de-abeja-natural-verde-pequeno\\\/#primaryimage\"},\"thumbnailUrl\":\"https:\\\/\\\/espelmesdali.com\\\/wp-content\\\/uploads\\\/2023\\\/11\\\/EDALI_ARBRE-VERDpetit.jpg\",\"datePublished\":\"2023-11-28T19:36:20+00:00\",\"dateModified\":\"2026-02-27T11:48:14+00:00\",\"description\":\"Bienvenido a la magia de nuestras velas artesanales, \u00fanica que te transportar\u00e1 al coraz\u00f3n de la temporada navide\u00f1a. Nuestras velas en forma de \u00e0rbol de Navidad son mucho m\u00e1s que simple decoraci\u00f3n; son una experiencia de luz que transformar\u00e1 tu espacio en un santuario acogedor y lleno de buen auguri.\",\"breadcrumb\":{\"@id\":\"https:\\\/\\\/espelmesdali.com\\\/es\\\/producto\\\/salud-y-suerte-%c2%b7-arbol-de-navidad-de-cera-de-abeja-natural-verde-pequeno\\\/#breadcrumb\"},\"inLanguage\":\"es\",\"potentialAction\":[{\"@type\":\"ReadAction\",\"target\":[\"https:\\\/\\\/espelmesdali.com\\\/es\\\/producto\\\/salud-y-suerte-%c2%b7-arbol-de-navidad-de-cera-de-abeja-natural-verde-pequeno\\\/\"]}]},{\"@type\":\"ImageObject\",\"inLanguage\":\"es\",\"@id\":\"https:\\\/\\\/espelmesdali.com\\\/es\\\/producto\\\/salud-y-suerte-%c2%b7-arbol-de-navidad-de-cera-de-abeja-natural-verde-pequeno\\\/#primaryimage\",\"url\":\"https:\\\/\\\/espelmesdali.com\\\/wp-content\\\/uploads\\\/2023\\\/11\\\/EDALI_ARBRE-VERDpetit.jpg\",\"contentUrl\":\"https:\\\/\\\/espelmesdali.com\\\/wp-content\\\/uploads\\\/2023\\\/11\\\/EDALI_ARBRE-VERDpetit.jpg\",\"width\":1200,\"height\":1200,\"caption\":\"EDALI ARBRE VERDpetit\"},{\"@type\":\"BreadcrumbList\",\"@id\":\"https:\\\/\\\/espelmesdali.com\\\/es\\\/producto\\\/salud-y-suerte-%c2%b7-arbol-de-navidad-de-cera-de-abeja-natural-verde-pequeno\\\/#breadcrumb\",\"itemListElement\":[{\"@type\":\"ListItem\",\"position\":1,\"name\":\"Portada\",\"item\":\"https:\\\/\\\/espelmesdali.com\\\/es\\\/\"},{\"@type\":\"ListItem\",\"position\":2,\"name\":\"Tienda\",\"item\":\"https:\\\/\\\/espelmesdali.com\\\/es\\\/tienda\\\/\"},{\"@type\":\"ListItem\",\"position\":3,\"name\":\"Velas\",\"item\":\"https:\\\/\\\/espelmesdali.com\\\/es\\\/categoria-producto\\\/velas-de-miel\\\/\"},{\"@type\":\"ListItem\",\"position\":4,\"name\":\"Salud y Suerte \u00b7 \u00c1rbol de navidad de cera de abeja natural Verde peque\u00f1o\"}]},{\"@type\":\"WebSite\",\"@id\":\"https:\\\/\\\/espelmesdali.com\\\/es\\\/#website\",\"url\":\"https:\\\/\\\/espelmesdali.com\\\/es\\\/\",\"name\":\"Velas Dal\u00ed\",\"description\":\"Espelmes energ\u00e8tiques naturals i artesanes\",\"publisher\":{\"@id\":\"https:\\\/\\\/espelmesdali.com\\\/es\\\/#organization\"},\"alternateName\":\"Espelmes energ\u00e8tiques naturals i artesanes\",\"potentialAction\":[{\"@type\":\"SearchAction\",\"target\":{\"@type\":\"EntryPoint\",\"urlTemplate\":\"https:\\\/\\\/espelmesdali.com\\\/es\\\/?s={search_term_string}\"},\"query-input\":{\"@type\":\"PropertyValueSpecification\",\"valueRequired\":true,\"valueName\":\"search_term_string\"}}],\"inLanguage\":\"es\"},{\"@type\":\"Organization\",\"@id\":\"https:\\\/\\\/espelmesdali.com\\\/es\\\/#organization\",\"name\":\"Velas Dal\u00ed\",\"alternateName\":\"Espelmes energ\u00e8tiques naturals i artesanes\",\"url\":\"https:\\\/\\\/espelmesdali.com\\\/es\\\/\",\"logo\":{\"@type\":\"ImageObject\",\"inLanguage\":\"es\",\"@id\":\"https:\\\/\\\/espelmesdali.com\\\/es\\\/#\\\/schema\\\/logo\\\/image\\\/\",\"url\":\"https:\\\/\\\/i0.wp.com\\\/velasdali.com\\\/wp-content\\\/uploads\\\/2022\\\/12\\\/cropped-LOGO_DALI-01.jpg?fit=1200%2C1200&ssl=1\",\"contentUrl\":\"https:\\\/\\\/i0.wp.com\\\/velasdali.com\\\/wp-content\\\/uploads\\\/2022\\\/12\\\/cropped-LOGO_DALI-01.jpg?fit=1200%2C1200&ssl=1\",\"width\":1200,\"height\":1200,\"caption\":\"Velas Dal\u00ed\"},\"image\":{\"@id\":\"https:\\\/\\\/espelmesdali.com\\\/es\\\/#\\\/schema\\\/logo\\\/image\\\/\"},\"sameAs\":[\"https:\\\/\\\/www.facebook.com\\\/profile.php?id=100086540543846\",\"https:\\\/\\\/www.instagram.com\\\/espelmesdali\\\/\"]}]}<\/script>\n<!-- \/ Yoast SEO plugin. -->","yoast_head_json":{"title":"\u00c1rbol de navidad de cera de abeja natural Verde","description":"Bienvenido a la magia de nuestras velas artesanales, \u00fanica que te transportar\u00e1 al coraz\u00f3n de la temporada navide\u00f1a. Nuestras velas en forma de \u00e0rbol de Navidad son mucho m\u00e1s que simple decoraci\u00f3n; son una experiencia de luz que transformar\u00e1 tu espacio en un santuario acogedor y lleno de buen auguri.","robots":{"index":"index","follow":"follow","max-snippet":"max-snippet:-1","max-image-preview":"max-image-preview:large","max-video-preview":"max-video-preview:-1"},"canonical":"https:\/\/espelmesdali.com\/es\/producto\/salud-y-suerte-%c2%b7-arbol-de-navidad-de-cera-de-abeja-natural-verde-pequeno\/","og_locale":"es_ES","og_type":"article","og_title":"\u00c1rbol de navidad de cera de abeja natural Verde","og_description":"Bienvenido a la magia de nuestras velas artesanales, \u00fanica que te transportar\u00e1 al coraz\u00f3n de la temporada navide\u00f1a. Nuestras velas en forma de \u00e0rbol de Navidad son mucho m\u00e1s que simple decoraci\u00f3n; son una experiencia de luz que transformar\u00e1 tu espacio en un santuario acogedor y lleno de buen auguri.","og_url":"https:\/\/espelmesdali.com\/es\/producto\/salud-y-suerte-%c2%b7-arbol-de-navidad-de-cera-de-abeja-natural-verde-pequeno\/","og_site_name":"Velas Dal\u00ed","article_publisher":"https:\/\/www.facebook.com\/profile.php?id=100086540543846","article_modified_time":"2026-02-27T11:48:14+00:00","og_image":[{"width":1200,"height":1200,"url":"https:\/\/espelmesdali.com\/wp-content\/uploads\/2023\/11\/EDALI_ARBRE-VERDpetit.jpg","type":"image\/jpeg"}],"twitter_card":"summary_large_image","twitter_misc":{"Tiempo de lectura":"2 minutos"},"schema":{"@context":"https:\/\/schema.org","@graph":[{"@type":"WebPage","@id":"https:\/\/espelmesdali.com\/es\/producto\/salud-y-suerte-%c2%b7-arbol-de-navidad-de-cera-de-abeja-natural-verde-pequeno\/","url":"https:\/\/espelmesdali.com\/es\/producto\/salud-y-suerte-%c2%b7-arbol-de-navidad-de-cera-de-abeja-natural-verde-pequeno\/","name":"\u00c1rbol de navidad de cera de abeja natural Verde","isPartOf":{"@id":"https:\/\/espelmesdali.com\/es\/#website"},"primaryImageOfPage":{"@id":"https:\/\/espelmesdali.com\/es\/producto\/salud-y-suerte-%c2%b7-arbol-de-navidad-de-cera-de-abeja-natural-verde-pequeno\/#primaryimage"},"image":{"@id":"https:\/\/espelmesdali.com\/es\/producto\/salud-y-suerte-%c2%b7-arbol-de-navidad-de-cera-de-abeja-natural-verde-pequeno\/#primaryimage"},"thumbnailUrl":"https:\/\/espelmesdali.com\/wp-content\/uploads\/2023\/11\/EDALI_ARBRE-VERDpetit.jpg","datePublished":"2023-11-28T19:36:20+00:00","dateModified":"2026-02-27T11:48:14+00:00","description":"Bienvenido a la magia de nuestras velas artesanales, \u00fanica que te transportar\u00e1 al coraz\u00f3n de la temporada navide\u00f1a. Nuestras velas en forma de \u00e0rbol de Navidad son mucho m\u00e1s que simple decoraci\u00f3n; son una experiencia de luz que transformar\u00e1 tu espacio en un santuario acogedor y lleno de buen auguri.","breadcrumb":{"@id":"https:\/\/espelmesdali.com\/es\/producto\/salud-y-suerte-%c2%b7-arbol-de-navidad-de-cera-de-abeja-natural-verde-pequeno\/#breadcrumb"},"inLanguage":"es","potentialAction":[{"@type":"ReadAction","target":["https:\/\/espelmesdali.com\/es\/producto\/salud-y-suerte-%c2%b7-arbol-de-navidad-de-cera-de-abeja-natural-verde-pequeno\/"]}]},{"@type":"ImageObject","inLanguage":"es","@id":"https:\/\/espelmesdali.com\/es\/producto\/salud-y-suerte-%c2%b7-arbol-de-navidad-de-cera-de-abeja-natural-verde-pequeno\/#primaryimage","url":"https:\/\/espelmesdali.com\/wp-content\/uploads\/2023\/11\/EDALI_ARBRE-VERDpetit.jpg","contentUrl":"https:\/\/espelmesdali.com\/wp-content\/uploads\/2023\/11\/EDALI_ARBRE-VERDpetit.jpg","width":1200,"height":1200,"caption":"EDALI ARBRE VERDpetit"},{"@type":"BreadcrumbList","@id":"https:\/\/espelmesdali.com\/es\/producto\/salud-y-suerte-%c2%b7-arbol-de-navidad-de-cera-de-abeja-natural-verde-pequeno\/#breadcrumb","itemListElement":[{"@type":"ListItem","position":1,"name":"Portada","item":"https:\/\/espelmesdali.com\/es\/"},{"@type":"ListItem","position":2,"name":"Tienda","item":"https:\/\/espelmesdali.com\/es\/tienda\/"},{"@type":"ListItem","position":3,"name":"Velas","item":"https:\/\/espelmesdali.com\/es\/categoria-producto\/velas-de-miel\/"},{"@type":"ListItem","position":4,"name":"Salud y Suerte \u00b7 \u00c1rbol de navidad de cera de abeja natural Verde peque\u00f1o"}]},{"@type":"WebSite","@id":"https:\/\/espelmesdali.com\/es\/#website","url":"https:\/\/espelmesdali.com\/es\/","name":"Velas Dal\u00ed","description":"Espelmes energ\u00e8tiques naturals i artesanes","publisher":{"@id":"https:\/\/espelmesdali.com\/es\/#organization"},"alternateName":"Espelmes energ\u00e8tiques naturals i artesanes","potentialAction":[{"@type":"SearchAction","target":{"@type":"EntryPoint","urlTemplate":"https:\/\/espelmesdali.com\/es\/?s={search_term_string}"},"query-input":{"@type":"PropertyValueSpecification","valueRequired":true,"valueName":"search_term_string"}}],"inLanguage":"es"},{"@type":"Organization","@id":"https:\/\/espelmesdali.com\/es\/#organization","name":"Velas Dal\u00ed","alternateName":"Espelmes energ\u00e8tiques naturals i artesanes","url":"https:\/\/espelmesdali.com\/es\/","logo":{"@type":"ImageObject","inLanguage":"es","@id":"https:\/\/espelmesdali.com\/es\/#\/schema\/logo\/image\/","url":"https:\/\/i0.wp.com\/velasdali.com\/wp-content\/uploads\/2022\/12\/cropped-LOGO_DALI-01.jpg?fit=1200%2C1200&ssl=1","contentUrl":"https:\/\/i0.wp.com\/velasdali.com\/wp-content\/uploads\/2022\/12\/cropped-LOGO_DALI-01.jpg?fit=1200%2C1200&ssl=1","width":1200,"height":1200,"caption":"Velas Dal\u00ed"},"image":{"@id":"https:\/\/espelmesdali.com\/es\/#\/schema\/logo\/image\/"},"sameAs":["https:\/\/www.facebook.com\/profile.php?id=100086540543846","https:\/\/www.instagram.com\/espelmesdali\/"]}]}},"_links":{"self":[{"href":"https:\/\/espelmesdali.com\/es\/wp-json\/wp\/v2\/product\/7764","targetHints":{"allow":["GET"]}}],"collection":[{"href":"https:\/\/espelmesdali.com\/es\/wp-json\/wp\/v2\/product"}],"about":[{"href":"https:\/\/espelmesdali.com\/es\/wp-json\/wp\/v2\/types\/product"}],"replies":[{"embeddable":true,"href":"https:\/\/espelmesdali.com\/es\/wp-json\/wp\/v2\/comments?post=7764"}],"wp:featuredmedia":[{"embeddable":true,"href":"https:\/\/espelmesdali.com\/es\/wp-json\/wp\/v2\/media\/7527"}],"wp:attachment":[{"href":"https:\/\/espelmesdali.com\/es\/wp-json\/wp\/v2\/media?parent=7764"}],"wp:term":[{"taxonomy":"product_brand","embeddable":true,"href":"https:\/\/espelmesdali.com\/es\/wp-json\/wp\/v2\/product_brand?post=7764"},{"taxonomy":"product_cat","embeddable":true,"href":"https:\/\/espelmesdali.com\/es\/wp-json\/wp\/v2\/product_cat?post=7764"},{"taxonomy":"product_tag","embeddable":true,"href":"https:\/\/espelmesdali.com\/es\/wp-json\/wp\/v2\/product_tag?post=7764"}],"curies":[{"name":"wp","href":"https:\/\/api.w.org\/{rel}","templated":true}]}}