{"id":7748,"date":"2023-10-25T19:09:37","date_gmt":"2023-10-25T17:09:37","guid":{"rendered":"https:\/\/espelmesdali.com\/producte\/pack-vela-11-y-22-ritual-manifiesta-tus-deseos\/"},"modified":"2024-07-04T20:49:42","modified_gmt":"2024-07-04T18:49:42","slug":"pack-vela-11-y-22-ritual-manifiesta-tus-deseos","status":"publish","type":"product","link":"https:\/\/espelmesdali.com\/es\/producto\/pack-vela-11-y-22-ritual-manifiesta-tus-deseos\/","title":{"rendered":"Pack Vela 11 y 22 \u201cRitual manifiesta tus deseos\u201d"},"content":{"rendered":"<p><span style=\"font-weight: 400;\">Descubre la m\u00e1gica convergencia de los <\/span><b>d\u00edas 11 y 22,<\/b><span style=\"font-weight: 400;\"> un fen\u00f3meno celestial que agranda nuestra experiencia con las velas de miel. Estos d\u00edas, cargados de significado simb\u00f3lico y <\/span><b>vibraci\u00f3n especial,\u00a0 <\/b><span style=\"font-weight: 400;\">son puertas misteriosas que conectan con tu interior y con el universo que te rodea.<\/span><\/p>\n<p><span style=\"font-weight: 400;\">El n\u00famero 11, considerado un maestro en numerolog\u00eda, es un llamamiento a despertar la intuici\u00f3n, a conectar con la sabidur\u00eda interna y\u00a0a abrir las puertas hacia nuevas posibilidades. Es como un faro que alumbra el camino de nuestra propia evoluci\u00f3n espiritual. Cuando ese n\u00famero se une con el 22, considerado el n\u00famero del constructor, se crea una sinergia poderosa que fomenta la manifestaci\u00f3n de los sue\u00f1os y la construcci\u00f3n de cimientos s\u00f3lidos para el futuro.<\/span><\/p>\n<p><span style=\"font-weight: 400;\">Encender nuestras velas de miel especiales en estos d\u00edas \u00fanicos\u00a0 es una invocaci\u00f3n consciente en aprovechar la energ\u00eda c\u00f3smica que rodea esta conjunci\u00f3n num\u00e9rica. Es un momento, en el que tu potencial para manifestar, atraer y transformar es m\u00e1ximo.<\/span><\/p>\n<p><span style=\"font-weight: 400;\">Aprovecha esta oportunidad celestial para conectar con tus aspiraciones m\u00e1s profundas, para visualizar el futuro que deseas y para abrirte a la magia que estos n\u00fameros nos traen. La llama de las velas de miel, encendida con la intenci\u00f3n de los d\u00edas 11 y 22, actuar\u00e1 como un puente entre tu mundo interior y el universo, <strong>facilitando la manifestaci\u00f3n de tus sue\u00f1os<\/strong>.<\/span><\/p>\n<p><span style=\"font-weight: 400;\">Deja que la magia de los n\u00fameros 11 y 22 te inspire a encender la llama de la transformaci\u00f3n en tu vida. Nuestras velas de miel, cargadas con esta energ\u00eda \u00fanica, est\u00e1n aqu\u00ed para guiarte e iluminar el camino hacia un futuro radiante. Compra ahora y deja que esa conexi\u00f3n especial te empodere en tu viaje personal.<\/span><b><\/b><\/p>\n","protected":false},"excerpt":{"rendered":"<p><span style=\"color: #000000;\"><strong>PODER ENERG\u00c9TICO: \u2666\u2666\u2666\u2666\u2666<\/strong><\/span><\/p>\n<p><span style=\"color: #000000;\">\u00b7\u00c9xito \u00a0\u00a0\u00a0\u00a0\u00a0\u00a0\u00a0\u00a0\u00a0\u00a0\u00a0\u00a0\u00a0\u00a0\u00a0 \u00b7Prosperidad \u00a0\u00a0\u00a0\u00a0\u00a0\u00a0\u00a0\u00a0\u00a0\u00a0\u00a0 \u00b7Buena suerte<\/span><\/p>\n<p><span style=\"fuente-weight: 400;\">Vela maxi<\/span><b> \u00abManifestaci\u00f3n\u00bb<\/b><span style=\"fuente-weight: 400;\">: La reina indiscutible de las velas de miel. Su <\/span><b>carga energ\u00e9tica<\/b><span style=\"font-weight: 400;\"> es una <strong>fuerza<\/strong> \u00fanica que la destaca como<\/span><b> excepcional. <\/b><span style=\"font-weight: 400;\">Esta vela es tu <strong>aliada<\/strong> incondicional cuando necesites manifestar con todo el coraz\u00f3n.<\/span><\/p>\n<p><span style=\"font-weight: 400;\">Su<\/span><b> potencia especial<\/b><span style=\"font-weight: 400;\"> es un recordatorio constante que est\u00e1s conectado con una energ\u00eda m\u00e1gica, una fuerza que <\/span><b>atrae la abundancia<\/b><span style=\"font-weight: 400;\"> en tu vida.<\/span><\/p>\n<p><span style=\"font-weight: 400;\">Es el canal a trav\u00e9s del cual tus sue\u00f1os pueden tomar forma. Salud, amor, dinero&#8230; todo es posible con la compa\u00f1\u00eda de esa vela. Es como si te dijera: \u00abYo estoy aqu\u00ed para acompa\u00f1arte en el camino hacia lo que deseas con todo el coraz\u00f3n.\u00bb<\/span><\/p>\n<p><span style=\"font-weight: 400;\">Deja que la llama de esta vela encienda la pasi\u00f3n dentro de ti, guiada por la convicci\u00f3n de que <strong>mereces<\/strong> todas las cosas positivas de <strong>la vida<\/strong>. Con cada parpadeo, tu deseo se proyecta en el universo, creando una oleada de energ\u00eda positiva destinada a<\/span><b> materializar tus sue\u00f1os m\u00e1s queridos.<\/b><\/p>\n","protected":false},"featured_media":7490,"comment_status":"open","ping_status":"closed","template":"","meta":[],"product_brand":[],"product_cat":[643,644,572,580],"product_tag":[591,802,605,585,792,778,608,610,594,774],"class_list":{"0":"post-7748","1":"product","2":"type-product","3":"status-publish","4":"has-post-thumbnail","6":"product_cat-armonia--abundancia","7":"product_cat-potenciadores-es","8":"product_cat-rituales","9":"product_cat-velas-de-miel","10":"product_tag-amor-es","11":"product_tag-armonia-es","12":"product_tag-energia-es","13":"product_tag-espelmes-de-mel-es","14":"product_tag-magia-es","15":"product_tag-miel","16":"product_tag-poder-es","17":"product_tag-ritual-es","18":"product_tag-vela","19":"product_tag-velas-es","20":"product_shipping_class-enviament-es","21":"infinite-scroll-item","22":"sales-flash-overlay","23":"woocommerce-text-align-center","24":"woocommerce-image-align-center","25":"do-quantity-buttons","26":"wc-has-gallery","28":"first","29":"instock","30":"featured","31":"taxable","32":"shipping-taxable","33":"purchasable","34":"product-type-simple"},"yoast_head":"<!-- This site is optimized with the Yoast SEO plugin v27.4 - https:\/\/yoast.com\/product\/yoast-seo-wordpress\/ -->\n<title>Pack Vela 11 y 22 \u201cRitual manifiesta tus deseos\u201d<\/title>\n<meta name=\"description\" content=\"La reina indiscutible de las velas de miel: la vela maxi &quot;Manifestaci\u00f3n&quot; te ofrece una fuerza \u00fanica para manifestar tus deseos.\" \/>\n<meta name=\"robots\" content=\"index, follow, max-snippet:-1, max-image-preview:large, max-video-preview:-1\" \/>\n<link rel=\"canonical\" href=\"https:\/\/espelmesdali.com\/es\/producto\/pack-vela-11-y-22-ritual-manifiesta-tus-deseos\/\" \/>\n<meta property=\"og:locale\" content=\"es_ES\" \/>\n<meta property=\"og:type\" content=\"article\" \/>\n<meta property=\"og:title\" content=\"Pack Vela 11 y 22 \u201cRitual manifiesta tus deseos\u201d\" \/>\n<meta property=\"og:description\" content=\"La reina indiscutible de las velas de miel: la vela maxi &quot;Manifestaci\u00f3n&quot; te ofrece una fuerza \u00fanica para manifestar tus deseos.\" \/>\n<meta property=\"og:url\" content=\"https:\/\/espelmesdali.com\/es\/producto\/pack-vela-11-y-22-ritual-manifiesta-tus-deseos\/\" \/>\n<meta property=\"og:site_name\" content=\"Velas Dal\u00ed\" \/>\n<meta property=\"article:publisher\" content=\"https:\/\/www.facebook.com\/profile.php?id=100086540543846\" \/>\n<meta property=\"article:modified_time\" content=\"2024-07-04T18:49:42+00:00\" \/>\n<meta property=\"og:image\" content=\"https:\/\/espelmesdali.com\/wp-content\/uploads\/2023\/10\/IMG-20231102-WA0025.jpg\" \/>\n\t<meta property=\"og:image:width\" content=\"1200\" \/>\n\t<meta property=\"og:image:height\" content=\"1200\" \/>\n\t<meta property=\"og:image:type\" content=\"image\/jpeg\" \/>\n<meta name=\"twitter:card\" content=\"summary_large_image\" \/>\n<meta name=\"twitter:label1\" content=\"Tiempo de lectura\" \/>\n\t<meta name=\"twitter:data1\" content=\"2 minutos\" \/>\n<script type=\"application\/ld+json\" class=\"yoast-schema-graph\">{\"@context\":\"https:\\\/\\\/schema.org\",\"@graph\":[{\"@type\":\"WebPage\",\"@id\":\"https:\\\/\\\/espelmesdali.com\\\/es\\\/producto\\\/pack-vela-11-y-22-ritual-manifiesta-tus-deseos\\\/\",\"url\":\"https:\\\/\\\/espelmesdali.com\\\/es\\\/producto\\\/pack-vela-11-y-22-ritual-manifiesta-tus-deseos\\\/\",\"name\":\"Pack Vela 11 y 22 \u201cRitual manifiesta tus deseos\u201d\",\"isPartOf\":{\"@id\":\"https:\\\/\\\/espelmesdali.com\\\/es\\\/#website\"},\"primaryImageOfPage\":{\"@id\":\"https:\\\/\\\/espelmesdali.com\\\/es\\\/producto\\\/pack-vela-11-y-22-ritual-manifiesta-tus-deseos\\\/#primaryimage\"},\"image\":{\"@id\":\"https:\\\/\\\/espelmesdali.com\\\/es\\\/producto\\\/pack-vela-11-y-22-ritual-manifiesta-tus-deseos\\\/#primaryimage\"},\"thumbnailUrl\":\"https:\\\/\\\/espelmesdali.com\\\/wp-content\\\/uploads\\\/2023\\\/10\\\/IMG-20231102-WA0025.jpg\",\"datePublished\":\"2023-10-25T17:09:37+00:00\",\"dateModified\":\"2024-07-04T18:49:42+00:00\",\"description\":\"La reina indiscutible de las velas de miel: la vela maxi \\\"Manifestaci\u00f3n\\\" te ofrece una fuerza \u00fanica para manifestar tus deseos.\",\"breadcrumb\":{\"@id\":\"https:\\\/\\\/espelmesdali.com\\\/es\\\/producto\\\/pack-vela-11-y-22-ritual-manifiesta-tus-deseos\\\/#breadcrumb\"},\"inLanguage\":\"es\",\"potentialAction\":[{\"@type\":\"ReadAction\",\"target\":[\"https:\\\/\\\/espelmesdali.com\\\/es\\\/producto\\\/pack-vela-11-y-22-ritual-manifiesta-tus-deseos\\\/\"]}]},{\"@type\":\"ImageObject\",\"inLanguage\":\"es\",\"@id\":\"https:\\\/\\\/espelmesdali.com\\\/es\\\/producto\\\/pack-vela-11-y-22-ritual-manifiesta-tus-deseos\\\/#primaryimage\",\"url\":\"https:\\\/\\\/espelmesdali.com\\\/wp-content\\\/uploads\\\/2023\\\/10\\\/IMG-20231102-WA0025.jpg\",\"contentUrl\":\"https:\\\/\\\/espelmesdali.com\\\/wp-content\\\/uploads\\\/2023\\\/10\\\/IMG-20231102-WA0025.jpg\",\"width\":1200,\"height\":1200,\"caption\":\"IMG 20231102 WA0025\"},{\"@type\":\"BreadcrumbList\",\"@id\":\"https:\\\/\\\/espelmesdali.com\\\/es\\\/producto\\\/pack-vela-11-y-22-ritual-manifiesta-tus-deseos\\\/#breadcrumb\",\"itemListElement\":[{\"@type\":\"ListItem\",\"position\":1,\"name\":\"Portada\",\"item\":\"https:\\\/\\\/espelmesdali.com\\\/es\\\/\"},{\"@type\":\"ListItem\",\"position\":2,\"name\":\"Tienda\",\"item\":\"https:\\\/\\\/espelmesdali.com\\\/es\\\/tienda\\\/\"},{\"@type\":\"ListItem\",\"position\":3,\"name\":\"Abundancia y Armon\u00eda\",\"item\":\"https:\\\/\\\/espelmesdali.com\\\/es\\\/categoria-producto\\\/armonia-%c2%b7-abundancia\\\/\"},{\"@type\":\"ListItem\",\"position\":4,\"name\":\"Pack Vela 11 y 22 \u201cRitual manifiesta tus deseos\u201d\"}]},{\"@type\":\"WebSite\",\"@id\":\"https:\\\/\\\/espelmesdali.com\\\/es\\\/#website\",\"url\":\"https:\\\/\\\/espelmesdali.com\\\/es\\\/\",\"name\":\"Velas Dal\u00ed\",\"description\":\"Espelmes energ\u00e8tiques naturals i artesanes\",\"publisher\":{\"@id\":\"https:\\\/\\\/espelmesdali.com\\\/es\\\/#organization\"},\"alternateName\":\"Espelmes energ\u00e8tiques naturals i artesanes\",\"potentialAction\":[{\"@type\":\"SearchAction\",\"target\":{\"@type\":\"EntryPoint\",\"urlTemplate\":\"https:\\\/\\\/espelmesdali.com\\\/es\\\/?s={search_term_string}\"},\"query-input\":{\"@type\":\"PropertyValueSpecification\",\"valueRequired\":true,\"valueName\":\"search_term_string\"}}],\"inLanguage\":\"es\"},{\"@type\":\"Organization\",\"@id\":\"https:\\\/\\\/espelmesdali.com\\\/es\\\/#organization\",\"name\":\"Velas Dal\u00ed\",\"alternateName\":\"Espelmes energ\u00e8tiques naturals i artesanes\",\"url\":\"https:\\\/\\\/espelmesdali.com\\\/es\\\/\",\"logo\":{\"@type\":\"ImageObject\",\"inLanguage\":\"es\",\"@id\":\"https:\\\/\\\/espelmesdali.com\\\/es\\\/#\\\/schema\\\/logo\\\/image\\\/\",\"url\":\"https:\\\/\\\/i0.wp.com\\\/velasdali.com\\\/wp-content\\\/uploads\\\/2022\\\/12\\\/cropped-LOGO_DALI-01.jpg?fit=1200%2C1200&ssl=1\",\"contentUrl\":\"https:\\\/\\\/i0.wp.com\\\/velasdali.com\\\/wp-content\\\/uploads\\\/2022\\\/12\\\/cropped-LOGO_DALI-01.jpg?fit=1200%2C1200&ssl=1\",\"width\":1200,\"height\":1200,\"caption\":\"Velas Dal\u00ed\"},\"image\":{\"@id\":\"https:\\\/\\\/espelmesdali.com\\\/es\\\/#\\\/schema\\\/logo\\\/image\\\/\"},\"sameAs\":[\"https:\\\/\\\/www.facebook.com\\\/profile.php?id=100086540543846\",\"https:\\\/\\\/www.instagram.com\\\/espelmesdali\\\/\"]}]}<\/script>\n<!-- \/ Yoast SEO plugin. -->","yoast_head_json":{"title":"Pack Vela 11 y 22 \u201cRitual manifiesta tus deseos\u201d","description":"La reina indiscutible de las velas de miel: la vela maxi \"Manifestaci\u00f3n\" te ofrece una fuerza \u00fanica para manifestar tus deseos.","robots":{"index":"index","follow":"follow","max-snippet":"max-snippet:-1","max-image-preview":"max-image-preview:large","max-video-preview":"max-video-preview:-1"},"canonical":"https:\/\/espelmesdali.com\/es\/producto\/pack-vela-11-y-22-ritual-manifiesta-tus-deseos\/","og_locale":"es_ES","og_type":"article","og_title":"Pack Vela 11 y 22 \u201cRitual manifiesta tus deseos\u201d","og_description":"La reina indiscutible de las velas de miel: la vela maxi \"Manifestaci\u00f3n\" te ofrece una fuerza \u00fanica para manifestar tus deseos.","og_url":"https:\/\/espelmesdali.com\/es\/producto\/pack-vela-11-y-22-ritual-manifiesta-tus-deseos\/","og_site_name":"Velas Dal\u00ed","article_publisher":"https:\/\/www.facebook.com\/profile.php?id=100086540543846","article_modified_time":"2024-07-04T18:49:42+00:00","og_image":[{"width":1200,"height":1200,"url":"https:\/\/espelmesdali.com\/wp-content\/uploads\/2023\/10\/IMG-20231102-WA0025.jpg","type":"image\/jpeg"}],"twitter_card":"summary_large_image","twitter_misc":{"Tiempo de lectura":"2 minutos"},"schema":{"@context":"https:\/\/schema.org","@graph":[{"@type":"WebPage","@id":"https:\/\/espelmesdali.com\/es\/producto\/pack-vela-11-y-22-ritual-manifiesta-tus-deseos\/","url":"https:\/\/espelmesdali.com\/es\/producto\/pack-vela-11-y-22-ritual-manifiesta-tus-deseos\/","name":"Pack Vela 11 y 22 \u201cRitual manifiesta tus deseos\u201d","isPartOf":{"@id":"https:\/\/espelmesdali.com\/es\/#website"},"primaryImageOfPage":{"@id":"https:\/\/espelmesdali.com\/es\/producto\/pack-vela-11-y-22-ritual-manifiesta-tus-deseos\/#primaryimage"},"image":{"@id":"https:\/\/espelmesdali.com\/es\/producto\/pack-vela-11-y-22-ritual-manifiesta-tus-deseos\/#primaryimage"},"thumbnailUrl":"https:\/\/espelmesdali.com\/wp-content\/uploads\/2023\/10\/IMG-20231102-WA0025.jpg","datePublished":"2023-10-25T17:09:37+00:00","dateModified":"2024-07-04T18:49:42+00:00","description":"La reina indiscutible de las velas de miel: la vela maxi \"Manifestaci\u00f3n\" te ofrece una fuerza \u00fanica para manifestar tus deseos.","breadcrumb":{"@id":"https:\/\/espelmesdali.com\/es\/producto\/pack-vela-11-y-22-ritual-manifiesta-tus-deseos\/#breadcrumb"},"inLanguage":"es","potentialAction":[{"@type":"ReadAction","target":["https:\/\/espelmesdali.com\/es\/producto\/pack-vela-11-y-22-ritual-manifiesta-tus-deseos\/"]}]},{"@type":"ImageObject","inLanguage":"es","@id":"https:\/\/espelmesdali.com\/es\/producto\/pack-vela-11-y-22-ritual-manifiesta-tus-deseos\/#primaryimage","url":"https:\/\/espelmesdali.com\/wp-content\/uploads\/2023\/10\/IMG-20231102-WA0025.jpg","contentUrl":"https:\/\/espelmesdali.com\/wp-content\/uploads\/2023\/10\/IMG-20231102-WA0025.jpg","width":1200,"height":1200,"caption":"IMG 20231102 WA0025"},{"@type":"BreadcrumbList","@id":"https:\/\/espelmesdali.com\/es\/producto\/pack-vela-11-y-22-ritual-manifiesta-tus-deseos\/#breadcrumb","itemListElement":[{"@type":"ListItem","position":1,"name":"Portada","item":"https:\/\/espelmesdali.com\/es\/"},{"@type":"ListItem","position":2,"name":"Tienda","item":"https:\/\/espelmesdali.com\/es\/tienda\/"},{"@type":"ListItem","position":3,"name":"Abundancia y Armon\u00eda","item":"https:\/\/espelmesdali.com\/es\/categoria-producto\/armonia-%c2%b7-abundancia\/"},{"@type":"ListItem","position":4,"name":"Pack Vela 11 y 22 \u201cRitual manifiesta tus deseos\u201d"}]},{"@type":"WebSite","@id":"https:\/\/espelmesdali.com\/es\/#website","url":"https:\/\/espelmesdali.com\/es\/","name":"Velas Dal\u00ed","description":"Espelmes energ\u00e8tiques naturals i artesanes","publisher":{"@id":"https:\/\/espelmesdali.com\/es\/#organization"},"alternateName":"Espelmes energ\u00e8tiques naturals i artesanes","potentialAction":[{"@type":"SearchAction","target":{"@type":"EntryPoint","urlTemplate":"https:\/\/espelmesdali.com\/es\/?s={search_term_string}"},"query-input":{"@type":"PropertyValueSpecification","valueRequired":true,"valueName":"search_term_string"}}],"inLanguage":"es"},{"@type":"Organization","@id":"https:\/\/espelmesdali.com\/es\/#organization","name":"Velas Dal\u00ed","alternateName":"Espelmes energ\u00e8tiques naturals i artesanes","url":"https:\/\/espelmesdali.com\/es\/","logo":{"@type":"ImageObject","inLanguage":"es","@id":"https:\/\/espelmesdali.com\/es\/#\/schema\/logo\/image\/","url":"https:\/\/i0.wp.com\/velasdali.com\/wp-content\/uploads\/2022\/12\/cropped-LOGO_DALI-01.jpg?fit=1200%2C1200&ssl=1","contentUrl":"https:\/\/i0.wp.com\/velasdali.com\/wp-content\/uploads\/2022\/12\/cropped-LOGO_DALI-01.jpg?fit=1200%2C1200&ssl=1","width":1200,"height":1200,"caption":"Velas Dal\u00ed"},"image":{"@id":"https:\/\/espelmesdali.com\/es\/#\/schema\/logo\/image\/"},"sameAs":["https:\/\/www.facebook.com\/profile.php?id=100086540543846","https:\/\/www.instagram.com\/espelmesdali\/"]}]}},"_links":{"self":[{"href":"https:\/\/espelmesdali.com\/es\/wp-json\/wp\/v2\/product\/7748","targetHints":{"allow":["GET"]}}],"collection":[{"href":"https:\/\/espelmesdali.com\/es\/wp-json\/wp\/v2\/product"}],"about":[{"href":"https:\/\/espelmesdali.com\/es\/wp-json\/wp\/v2\/types\/product"}],"replies":[{"embeddable":true,"href":"https:\/\/espelmesdali.com\/es\/wp-json\/wp\/v2\/comments?post=7748"}],"wp:featuredmedia":[{"embeddable":true,"href":"https:\/\/espelmesdali.com\/es\/wp-json\/wp\/v2\/media\/7490"}],"wp:attachment":[{"href":"https:\/\/espelmesdali.com\/es\/wp-json\/wp\/v2\/media?parent=7748"}],"wp:term":[{"taxonomy":"product_brand","embeddable":true,"href":"https:\/\/espelmesdali.com\/es\/wp-json\/wp\/v2\/product_brand?post=7748"},{"taxonomy":"product_cat","embeddable":true,"href":"https:\/\/espelmesdali.com\/es\/wp-json\/wp\/v2\/product_cat?post=7748"},{"taxonomy":"product_tag","embeddable":true,"href":"https:\/\/espelmesdali.com\/es\/wp-json\/wp\/v2\/product_tag?post=7748"}],"curies":[{"name":"wp","href":"https:\/\/api.w.org\/{rel}","templated":true}]}}