{"id":7746,"date":"2023-11-08T20:39:31","date_gmt":"2023-11-08T19:39:31","guid":{"rendered":"https:\/\/espelmesdali.com\/producte\/ilusion-%c2%b7-alegria-%c2%b7-creatividad-ritual-potenciador-naranja\/"},"modified":"2026-02-09T11:49:08","modified_gmt":"2026-02-09T10:49:08","slug":"ilusion-%c2%b7-alegria-%c2%b7-creatividad-ritual-potenciador-naranja","status":"publish","type":"product","link":"https:\/\/espelmesdali.com\/es\/producto\/ilusion-%c2%b7-alegria-%c2%b7-creatividad-ritual-potenciador-naranja\/","title":{"rendered":"*Ilusi\u00f3n \u00b7 Alegr\u00eda \u00b7 Creatividad* Ritual Potenciador Naranja"},"content":{"rendered":"<h3 style=\"text-align: center;\"><strong>El Ritual Potenciador Naranja de Velas Dal\u00ed ha sido creado para acompa\u00f1arte en momentos de baja energ\u00eda emocional, tristeza, apat\u00eda o falta de ilusi\u00f3n.<\/strong><\/h3>\n<h5 style=\"text-align: center;\">Es un ritual consciente y c\u00e1lido que te ayuda a recuperar la alegr\u00eda de vivir, estimular la creatividad y reconectar con el placer y la vitalidad.<\/h5>\n<p>La energ\u00eda del color naranja est\u00e1 asociada a<strong> la alegr\u00eda, la creatividad, el placer y la sexualidad.<\/strong> Es un color expansivo, optimista y vital, que ayuda a mejorar estados depresivos leves, desbloquear emociones y despertar las ganas de crear, jugar y disfrutar.<\/p>\n<p>Este ritual es ideal cuando llevas una temporada triste o apag\u00f3n, cuando todo lo ves negro o cuando sientes que has perdido la ilusi\u00f3n. Tambi\u00e9n puedes encenderlo para potenciar la creatividad, hacer volar la imaginaci\u00f3n y reconectar con el ni\u00f1o interior, as\u00ed como para compartir momentos de placer y complicidad con tu pareja.<\/p>\n<p>Seg\u00fan el\u00a0Feng\u00a0Shui, el lila, el rojo y el naranja representan la m\u00e1xima prosperidad, hecho que convierte este ritual en una excelente opci\u00f3n para regalar en momentos bajos o de desaliento.<\/p>\n<p><em><strong><img decoding=\"async\" class=\"emoji\" role=\"img\" draggable=\"false\" src=\"https:\/\/s.w.org\/images\/core\/emoji\/17.0.2\/svg\/1f56f.svg\" alt=\"\ud83d\udd6f\ufe0f\" \/>\u00a0Velas del Potenciador Naranja<\/strong><\/em><\/p>\n<p><strong>Vela naranja<\/strong><br \/>\nAsociada a la alegr\u00eda, la creatividad, el placer y el optimismo. Ayuda a salir de la tristeza, estimula la imaginaci\u00f3n e invita a disfrutar de los peque\u00f1os y grandes regalos de la vida. Tambi\u00e9n potencia la conexi\u00f3n con la sexualidad y la vitalidad emocional.<\/p>\n<p><strong>Vela blanca<\/strong><br \/>\nLimpieza cualquier obst\u00e1culo que te impida ser feliz, sentir el placer, estar contenta y expresar tu creatividad con libertad.<\/p>\n<p><strong>Vela de miel natural<\/strong><br \/>\nConecta con la energ\u00eda de la gratitud y la armon\u00eda. Facilita que las intenciones fluyan y que el Universo conspire a tu favor. Es el \u201cbot\u00f3n\u201d que pone en marcha tus peticiones.<\/p>\n<p><strong><img decoding=\"async\" class=\"emoji\" role=\"img\" draggable=\"false\" src=\"https:\/\/s.w.org\/images\/core\/emoji\/17.0.2\/svg\/2728.svg\" alt=\"\u2728\" \/><em>\u00a0Como hacer el ritual<\/em><\/strong><\/p>\n<p><strong><img decoding=\"async\" class=\"emoji\" role=\"img\" draggable=\"false\" src=\"https:\/\/s.w.org\/images\/core\/emoji\/17.0.2\/svg\/31-20e3.svg\" alt=\"1\ufe0f\u20e3\" \/>\u00a0Preparaci\u00f3n<\/strong><\/p>\n<p>Busca un espacio tranquilo. Coloca la vela blanca y la negra en un mismo plato. Respira profundamente unos instantes.<\/p>\n<p><strong><img decoding=\"async\" class=\"emoji\" role=\"img\" draggable=\"false\" src=\"https:\/\/s.w.org\/images\/core\/emoji\/17.0.2\/svg\/32-20e3.svg\" alt=\"2\ufe0f\u20e3\" \/>\u00a0Encendido consciente<\/strong><\/p>\n<p>Enciende primero la vela blanca, y pide con voz interna o en silencio:<br \/>\n\u201cQue esta luz limpie cualquier obst\u00e1culo, carga o energ\u00eda que ya no me pertenece.\u201d<\/p>\n<p>A continuaci\u00f3n, enciende la vela naranja, enfoc\u00e1ndote claramente en aquello que quieres reforzar:<br \/>\nalegr\u00eda, creatividad, placer, conexi\u00f3n con el ni\u00f1o interior..<\/p>\n<p>Deja que las dos velas se consuman completamente.<\/p>\n<p><strong><img decoding=\"async\" class=\"emoji\" role=\"img\" draggable=\"false\" src=\"https:\/\/s.w.org\/images\/core\/emoji\/17.0.2\/svg\/33-20e3.svg\" alt=\"3\ufe0f\u20e3\" \/> Lectura del ritual<\/strong><\/p>\n<p>Cuando est\u00e9n fr\u00edas, puedes hacer una fotograf\u00eda de la cera para observar formas, mensajes o sensaciones.<br \/>\n(Si lo deseas, puedes enviar la imagen para hacer lectura.)<\/p>\n<p><strong><img decoding=\"async\" class=\"emoji\" role=\"img\" draggable=\"false\" src=\"https:\/\/s.w.org\/images\/core\/emoji\/17.0.2\/svg\/34-20e3.svg\" alt=\"4\ufe0f\u20e3\" \/>\u00a0Armonizaci\u00f3n final<\/strong><\/p>\n<p>Enciende finalmente la vela de color natural.<br \/>\nEsta llama sirve para equilibrar el ambiente, suavizar el trabajo hecho y aportar dulzura, paz e integraci\u00f3n.<\/p>\n<p>Deja que su luz llena el espacio con calma.<\/p>\n<p><strong><img decoding=\"async\" class=\"emoji\" role=\"img\" draggable=\"false\" src=\"https:\/\/s.w.org\/images\/core\/emoji\/17.0.2\/svg\/1f52e.svg\" alt=\"\ud83d\udd2e\" \/><em>\u00a0Velas de color con lectura energ\u00e9tica personalizada<\/em><\/strong><\/p>\n<p>Todas las velas de color de Velas Dal\u00ed incluyen una lectura energ\u00e9tica personalizada, realizada por m\u00ed misma, a partir del mensaje que deja la vela una vez se ha consumido.<\/p>\n<p>Esta lectura es una lectura intuitiva propia de Dal\u00ed, fruto de la experiencia y de la conexi\u00f3n con el lenguaje de la cera, la llama y el proceso de combusti\u00f3n. No es una lectura gen\u00e9rica, sino una interpretaci\u00f3n consciente del trabajo energ\u00e9tico que ha hecho tu vela.<\/p>\n<p><strong><img decoding=\"async\" class=\"emoji\" role=\"img\" draggable=\"false\" src=\"https:\/\/s.w.org\/images\/core\/emoji\/17.0.2\/svg\/1f56f.svg\" alt=\"\ud83d\udd6f\ufe0f\" \/><em>\u00a0C\u00f3mo funciona la lectura?<\/em><\/strong><\/p>\n<p>El proceso es muy sencillo:<\/p>\n<p>1- Enciende la vela poniendo una sola intenci\u00f3n clara, relacionada con el significado del color.<br \/>\n2- Deja que la vela se consuma completamente, sin interrumpir el proceso.<br \/>\n3- Una vez acabada, haz una foto del resultado final de la vela.<br \/>\n4- Env\u00edame las fotos de los restos de cera por <em><strong>WhatsApp<\/strong><\/em>, indicando tambi\u00e9n la intenci\u00f3n con que lo has encendido.<\/p>\n<p><strong><img decoding=\"async\" class=\"emoji\" role=\"img\" draggable=\"false\" src=\"https:\/\/s.w.org\/images\/core\/emoji\/17.0.2\/svg\/1f4f8.svg\" alt=\"\ud83d\udcf8\" \/><em>\u00a0COMO HACER LAS FOTOS DE LA CERA (MUY IMPORTANTE)<\/em><\/strong><\/p>\n<p>Para poder hacer una lectura clara y cuidadosa, es importante que las fotos de la cera se hagan correctamente.<\/p>\n<p>Sigue estos pasos sencillos:<\/p>\n<p>1- Deja que la cera se enfr\u00ede completamente.<br \/>\n2- Desengancha con cuidado los restos de la cera del plato o superficie donde ha quemado la vela.<br \/>\n3- Haz una foto de la cera por la parte de delante (tal como ha quedado).<br \/>\n4- Despu\u00e9s, gira la cera y haz una foto de la parte trasera.<br \/>\n5- Env\u00edame ambas fotos por <em><strong>WhatsApp<\/strong><\/em>, junto con la intenci\u00f3n con la que encendiste la vela.<\/p>\n<p><img decoding=\"async\" class=\"emoji\" role=\"img\" draggable=\"false\" src=\"https:\/\/s.w.org\/images\/core\/emoji\/17.0.2\/svg\/1f449.svg\" alt=\"\ud83d\udc49\" \/>\u00a0Este paso es esencial, puesto que el color de detr\u00e1s a veces es diferente al de delante, los relevos y contiene informaci\u00f3n del mensaje.<\/p>\n<p>A partir de aqu\u00ed, yo har\u00e9 la lectura y te devolver\u00e9 el mensaje que la vela te ha dejado, porque lo puedas integrar con conciencia.<\/p>\n<p><img decoding=\"async\" class=\"emoji\" role=\"img\" draggable=\"false\" src=\"https:\/\/s.w.org\/images\/core\/emoji\/17.0.2\/svg\/2728.svg\" alt=\"\u2728\" \/>\u00a0De este modo, la vela no solo acompa\u00f1a el ritual, sino que se convierte en una herramienta de gu\u00eda, comprensi\u00f3n y transformaci\u00f3n personal.<\/p>\n<p><em><strong>Una lectura propia de Velas Dal\u00ed<\/strong><\/em><\/p>\n<p>Cada lectura es \u00fanica. La vela habla a trav\u00e9s de la cantidad de cera que \u201cllora\u201d y el proceso de combusti\u00f3n. Yo leo este lenguaje y te devuelvo el mensaje para que puedas integrarlo con conciencia en tu camino personal.<\/p>\n<p>Para poder hacer la lectura correctamente, es imprescindible que, al enviar la foto, me indiques una sola intenci\u00f3n, la misma con la cual encendiste la vela.<\/p>\n<p>Es importante que sea solo una intenci\u00f3n y por una sola persona, relaci\u00f3n o situaci\u00f3n, puesto que la lectura se hace a partir de este foco energ\u00e9tico concreto.<\/p>\n<p>A partir de la cera que ha llorado y el proceso de combusti\u00f3n, har\u00e9 la lectura y te devolver\u00e9 el mensaje que la vela tiene para t\u00fa, seg\u00fan la intenci\u00f3n escogida.<\/p>\n<p><em><strong>Preguntas frecuentes<\/strong><\/em><\/p>\n<p><em><strong>Puedo apagar las velas y volverlas a encender cuando quiera?<\/strong><\/em><br \/>\nPuedes apagarlas si lo necesitas pero es recomendable dejarlas consumir hasta el final.<\/p>\n<p><em><strong>Donde las enciendo?<\/strong><\/em><br \/>\nEnci\u00e9ndelas en un lugar seguro, que no haya materiales inflamables cerca. Lejos de las corrientes de aire y que no lo tengas que cambiar de lugar mientras est\u00e9 encendida. Evita encenderlas en la cocina o en el ba\u00f1o puesto que el elemento agua y el elemento fuego se neutralizan y a la vela le costar\u00eda m\u00e1s hacer su trabajo.<\/p>\n<p><em><strong>En qu\u00e9 superficie es mejor encenderlas?<\/strong><\/em><br \/>\nEnci\u00e9ndelas en un plato grande o en una bandeja de aluminio (esta es la mejor opci\u00f3n para poder desenganchar la cera residual y poder hacer las fotos de delante y de detr\u00e1s).<\/p>\n<p><em><strong>Las instrucciones que me vienen con el pack potenciador indica que encienda las 3 velas juntas. Lo puedo hacer?<\/strong><\/em><br \/>\nS\u00ed, las dos opciones son igual de v\u00e1lidas, hazlo cuanto m\u00e1s te resuene.<\/p>\n<p><em><strong>C\u00f3mo env\u00edo las fotos para que me pod\u00e1is hacer la lectura?<\/strong><\/em><br \/>\nClica en el siguiente enlace: <strong><em><a href=\"https:\/\/wa.me\/34623448284?text=Hola%2C%20t%27envio%20la%20foto%20de%20l%27espelma%20i%20la%20intenci%C3%B3\">Env\u00eda la foto por aqu\u00ed<\/a><\/em><\/strong><\/p>\n","protected":false},"excerpt":{"rendered":"<h2 data-start=\"296\" data-end=\"503\"><strong>Recupera la alegr\u00eda de vivir, despierta la creatividad y reconecta con la ilusi\u00f3n y el placer de estar viva.<\/strong><\/h2>\n<h2 data-start=\"296\" data-end=\"503\"><strong>Ideal si te sientes apagada, triste, con poca motivaci\u00f3n o si necesitas un impulso creativo y emocional.<\/strong><\/h2>\n<h3 data-start=\"505\" data-end=\"731\">El pack potenciador naranja es tu aliado cuando necesites luz, optimismo y ganas de disfrutar. Tambi\u00e9n es perfecto para reconectar con tu ni\u00f1o interior, hacer volar la imaginaci\u00f3n y aportar vitalidad y complicidad a las relaciones.<\/h3>\n<h4><strong><img decoding=\"async\" class=\"emoji\" role=\"img\" draggable=\"false\" src=\"https:\/\/s.w.org\/images\/core\/emoji\/17.0.2\/svg\/2728.svg\" alt=\"\u2728\" \/> Incluye lectura personalizada<\/strong><\/h4>\n","protected":false},"featured_media":7514,"comment_status":"open","ping_status":"closed","template":"","meta":[],"product_brand":[],"product_cat":[1273,1272,644,572,580],"product_tag":[622,944,585,948,792,778,608,610,594,774],"class_list":{"0":"post-7746","1":"product","2":"type-product","3":"status-publish","4":"has-post-thumbnail","6":"product_cat-alegria--creativitad","7":"product_cat-colores-","8":"product_cat-potenciadores-es","9":"product_cat-rituales","10":"product_cat-velas-de-miel","11":"product_tag-alegria-es","12":"product_tag-creatividad-es","13":"product_tag-espelmes-de-mel-es","14":"product_tag-ilusion","15":"product_tag-magia-es","16":"product_tag-miel","17":"product_tag-poder-es","18":"product_tag-ritual-es","19":"product_tag-vela","20":"product_tag-velas-es","21":"product_shipping_class-enviament-es","22":"infinite-scroll-item","23":"sales-flash-overlay","24":"woocommerce-text-align-center","25":"woocommerce-image-align-center","26":"do-quantity-buttons","27":"wc-has-gallery","29":"first","30":"instock","31":"featured","32":"taxable","33":"shipping-taxable","34":"purchasable","35":"product-type-simple"},"yoast_head":"<!-- This site is optimized with the Yoast SEO plugin v27.4 - https:\/\/yoast.com\/product\/yoast-seo-wordpress\/ -->\n<title>*Ilusi\u00f3n \u00b7 Alegr\u00eda \u00b7 Creatividad* Ritual Potenciador Naranja<\/title>\n<meta name=\"description\" content=\"Despierta la felicidad con nuestras velas ritualizadas para la Alegr\u00eda y la Creatividad: Un aliado potenciador para\u00a0la Alegr\u00eda y la Innovaci\u00f3n.\" \/>\n<meta name=\"robots\" content=\"index, follow, max-snippet:-1, max-image-preview:large, max-video-preview:-1\" \/>\n<link rel=\"canonical\" href=\"https:\/\/espelmesdali.com\/es\/producto\/ilusion-%c2%b7-alegria-%c2%b7-creatividad-ritual-potenciador-naranja\/\" \/>\n<meta property=\"og:locale\" content=\"es_ES\" \/>\n<meta property=\"og:type\" content=\"article\" \/>\n<meta property=\"og:title\" content=\"*Ilusi\u00f3n \u00b7 Alegr\u00eda \u00b7 Creatividad* Ritual Potenciador Naranja\" \/>\n<meta property=\"og:description\" content=\"Despierta la felicidad con nuestras velas ritualizadas para la Alegr\u00eda y la Creatividad: Un aliado potenciador para\u00a0la Alegr\u00eda y la Innovaci\u00f3n.\" \/>\n<meta property=\"og:url\" content=\"https:\/\/espelmesdali.com\/es\/producto\/ilusion-%c2%b7-alegria-%c2%b7-creatividad-ritual-potenciador-naranja\/\" \/>\n<meta property=\"og:site_name\" content=\"Velas Dal\u00ed\" \/>\n<meta property=\"article:publisher\" content=\"https:\/\/www.facebook.com\/profile.php?id=100086540543846\" \/>\n<meta property=\"article:modified_time\" content=\"2026-02-09T10:49:08+00:00\" \/>\n<meta property=\"og:image\" content=\"https:\/\/espelmesdali.com\/wp-content\/uploads\/2023\/11\/IMG-20231112-WA00102.jpg\" \/>\n\t<meta property=\"og:image:width\" content=\"1200\" \/>\n\t<meta property=\"og:image:height\" content=\"1200\" \/>\n\t<meta property=\"og:image:type\" content=\"image\/jpeg\" \/>\n<meta name=\"twitter:card\" content=\"summary_large_image\" \/>\n<meta name=\"twitter:label1\" content=\"Tiempo de lectura\" \/>\n\t<meta name=\"twitter:data1\" content=\"9 minutos\" \/>\n<script type=\"application\/ld+json\" class=\"yoast-schema-graph\">{\"@context\":\"https:\\\/\\\/schema.org\",\"@graph\":[{\"@type\":\"WebPage\",\"@id\":\"https:\\\/\\\/espelmesdali.com\\\/es\\\/producto\\\/ilusion-%c2%b7-alegria-%c2%b7-creatividad-ritual-potenciador-naranja\\\/\",\"url\":\"https:\\\/\\\/espelmesdali.com\\\/es\\\/producto\\\/ilusion-%c2%b7-alegria-%c2%b7-creatividad-ritual-potenciador-naranja\\\/\",\"name\":\"*Ilusi\u00f3n \u00b7 Alegr\u00eda \u00b7 Creatividad* Ritual Potenciador Naranja\",\"isPartOf\":{\"@id\":\"https:\\\/\\\/espelmesdali.com\\\/es\\\/#website\"},\"primaryImageOfPage\":{\"@id\":\"https:\\\/\\\/espelmesdali.com\\\/es\\\/producto\\\/ilusion-%c2%b7-alegria-%c2%b7-creatividad-ritual-potenciador-naranja\\\/#primaryimage\"},\"image\":{\"@id\":\"https:\\\/\\\/espelmesdali.com\\\/es\\\/producto\\\/ilusion-%c2%b7-alegria-%c2%b7-creatividad-ritual-potenciador-naranja\\\/#primaryimage\"},\"thumbnailUrl\":\"https:\\\/\\\/espelmesdali.com\\\/wp-content\\\/uploads\\\/2023\\\/11\\\/IMG-20231112-WA00102.jpg\",\"datePublished\":\"2023-11-08T19:39:31+00:00\",\"dateModified\":\"2026-02-09T10:49:08+00:00\",\"description\":\"Despierta la felicidad con nuestras velas ritualizadas para la Alegr\u00eda y la Creatividad: Un aliado potenciador para\u00a0la Alegr\u00eda y la Innovaci\u00f3n.\",\"breadcrumb\":{\"@id\":\"https:\\\/\\\/espelmesdali.com\\\/es\\\/producto\\\/ilusion-%c2%b7-alegria-%c2%b7-creatividad-ritual-potenciador-naranja\\\/#breadcrumb\"},\"inLanguage\":\"es\",\"potentialAction\":[{\"@type\":\"ReadAction\",\"target\":[\"https:\\\/\\\/espelmesdali.com\\\/es\\\/producto\\\/ilusion-%c2%b7-alegria-%c2%b7-creatividad-ritual-potenciador-naranja\\\/\"]}]},{\"@type\":\"ImageObject\",\"inLanguage\":\"es\",\"@id\":\"https:\\\/\\\/espelmesdali.com\\\/es\\\/producto\\\/ilusion-%c2%b7-alegria-%c2%b7-creatividad-ritual-potenciador-naranja\\\/#primaryimage\",\"url\":\"https:\\\/\\\/espelmesdali.com\\\/wp-content\\\/uploads\\\/2023\\\/11\\\/IMG-20231112-WA00102.jpg\",\"contentUrl\":\"https:\\\/\\\/espelmesdali.com\\\/wp-content\\\/uploads\\\/2023\\\/11\\\/IMG-20231112-WA00102.jpg\",\"width\":1200,\"height\":1200,\"caption\":\"IMG 20231112 WA00102\"},{\"@type\":\"BreadcrumbList\",\"@id\":\"https:\\\/\\\/espelmesdali.com\\\/es\\\/producto\\\/ilusion-%c2%b7-alegria-%c2%b7-creatividad-ritual-potenciador-naranja\\\/#breadcrumb\",\"itemListElement\":[{\"@type\":\"ListItem\",\"position\":1,\"name\":\"Portada\",\"item\":\"https:\\\/\\\/espelmesdali.com\\\/es\\\/\"},{\"@type\":\"ListItem\",\"position\":2,\"name\":\"Tienda\",\"item\":\"https:\\\/\\\/espelmesdali.com\\\/es\\\/tienda\\\/\"},{\"@type\":\"ListItem\",\"position\":3,\"name\":\"Velas\",\"item\":\"https:\\\/\\\/espelmesdali.com\\\/es\\\/categoria-producto\\\/velas-de-miel\\\/\"},{\"@type\":\"ListItem\",\"position\":4,\"name\":\"*Ilusi\u00f3n \u00b7 Alegr\u00eda \u00b7 Creatividad* Ritual Potenciador Naranja\"}]},{\"@type\":\"WebSite\",\"@id\":\"https:\\\/\\\/espelmesdali.com\\\/es\\\/#website\",\"url\":\"https:\\\/\\\/espelmesdali.com\\\/es\\\/\",\"name\":\"Velas Dal\u00ed\",\"description\":\"Espelmes energ\u00e8tiques naturals i artesanes\",\"publisher\":{\"@id\":\"https:\\\/\\\/espelmesdali.com\\\/es\\\/#organization\"},\"alternateName\":\"Espelmes energ\u00e8tiques naturals i artesanes\",\"potentialAction\":[{\"@type\":\"SearchAction\",\"target\":{\"@type\":\"EntryPoint\",\"urlTemplate\":\"https:\\\/\\\/espelmesdali.com\\\/es\\\/?s={search_term_string}\"},\"query-input\":{\"@type\":\"PropertyValueSpecification\",\"valueRequired\":true,\"valueName\":\"search_term_string\"}}],\"inLanguage\":\"es\"},{\"@type\":\"Organization\",\"@id\":\"https:\\\/\\\/espelmesdali.com\\\/es\\\/#organization\",\"name\":\"Velas Dal\u00ed\",\"alternateName\":\"Espelmes energ\u00e8tiques naturals i artesanes\",\"url\":\"https:\\\/\\\/espelmesdali.com\\\/es\\\/\",\"logo\":{\"@type\":\"ImageObject\",\"inLanguage\":\"es\",\"@id\":\"https:\\\/\\\/espelmesdali.com\\\/es\\\/#\\\/schema\\\/logo\\\/image\\\/\",\"url\":\"https:\\\/\\\/i0.wp.com\\\/velasdali.com\\\/wp-content\\\/uploads\\\/2022\\\/12\\\/cropped-LOGO_DALI-01.jpg?fit=1200%2C1200&ssl=1\",\"contentUrl\":\"https:\\\/\\\/i0.wp.com\\\/velasdali.com\\\/wp-content\\\/uploads\\\/2022\\\/12\\\/cropped-LOGO_DALI-01.jpg?fit=1200%2C1200&ssl=1\",\"width\":1200,\"height\":1200,\"caption\":\"Velas Dal\u00ed\"},\"image\":{\"@id\":\"https:\\\/\\\/espelmesdali.com\\\/es\\\/#\\\/schema\\\/logo\\\/image\\\/\"},\"sameAs\":[\"https:\\\/\\\/www.facebook.com\\\/profile.php?id=100086540543846\",\"https:\\\/\\\/www.instagram.com\\\/espelmesdali\\\/\"]}]}<\/script>\n<!-- \/ Yoast SEO plugin. -->","yoast_head_json":{"title":"*Ilusi\u00f3n \u00b7 Alegr\u00eda \u00b7 Creatividad* Ritual Potenciador Naranja","description":"Despierta la felicidad con nuestras velas ritualizadas para la Alegr\u00eda y la Creatividad: Un aliado potenciador para\u00a0la Alegr\u00eda y la Innovaci\u00f3n.","robots":{"index":"index","follow":"follow","max-snippet":"max-snippet:-1","max-image-preview":"max-image-preview:large","max-video-preview":"max-video-preview:-1"},"canonical":"https:\/\/espelmesdali.com\/es\/producto\/ilusion-%c2%b7-alegria-%c2%b7-creatividad-ritual-potenciador-naranja\/","og_locale":"es_ES","og_type":"article","og_title":"*Ilusi\u00f3n \u00b7 Alegr\u00eda \u00b7 Creatividad* Ritual Potenciador Naranja","og_description":"Despierta la felicidad con nuestras velas ritualizadas para la Alegr\u00eda y la Creatividad: Un aliado potenciador para\u00a0la Alegr\u00eda y la Innovaci\u00f3n.","og_url":"https:\/\/espelmesdali.com\/es\/producto\/ilusion-%c2%b7-alegria-%c2%b7-creatividad-ritual-potenciador-naranja\/","og_site_name":"Velas Dal\u00ed","article_publisher":"https:\/\/www.facebook.com\/profile.php?id=100086540543846","article_modified_time":"2026-02-09T10:49:08+00:00","og_image":[{"width":1200,"height":1200,"url":"https:\/\/espelmesdali.com\/wp-content\/uploads\/2023\/11\/IMG-20231112-WA00102.jpg","type":"image\/jpeg"}],"twitter_card":"summary_large_image","twitter_misc":{"Tiempo de lectura":"9 minutos"},"schema":{"@context":"https:\/\/schema.org","@graph":[{"@type":"WebPage","@id":"https:\/\/espelmesdali.com\/es\/producto\/ilusion-%c2%b7-alegria-%c2%b7-creatividad-ritual-potenciador-naranja\/","url":"https:\/\/espelmesdali.com\/es\/producto\/ilusion-%c2%b7-alegria-%c2%b7-creatividad-ritual-potenciador-naranja\/","name":"*Ilusi\u00f3n \u00b7 Alegr\u00eda \u00b7 Creatividad* Ritual Potenciador Naranja","isPartOf":{"@id":"https:\/\/espelmesdali.com\/es\/#website"},"primaryImageOfPage":{"@id":"https:\/\/espelmesdali.com\/es\/producto\/ilusion-%c2%b7-alegria-%c2%b7-creatividad-ritual-potenciador-naranja\/#primaryimage"},"image":{"@id":"https:\/\/espelmesdali.com\/es\/producto\/ilusion-%c2%b7-alegria-%c2%b7-creatividad-ritual-potenciador-naranja\/#primaryimage"},"thumbnailUrl":"https:\/\/espelmesdali.com\/wp-content\/uploads\/2023\/11\/IMG-20231112-WA00102.jpg","datePublished":"2023-11-08T19:39:31+00:00","dateModified":"2026-02-09T10:49:08+00:00","description":"Despierta la felicidad con nuestras velas ritualizadas para la Alegr\u00eda y la Creatividad: Un aliado potenciador para\u00a0la Alegr\u00eda y la Innovaci\u00f3n.","breadcrumb":{"@id":"https:\/\/espelmesdali.com\/es\/producto\/ilusion-%c2%b7-alegria-%c2%b7-creatividad-ritual-potenciador-naranja\/#breadcrumb"},"inLanguage":"es","potentialAction":[{"@type":"ReadAction","target":["https:\/\/espelmesdali.com\/es\/producto\/ilusion-%c2%b7-alegria-%c2%b7-creatividad-ritual-potenciador-naranja\/"]}]},{"@type":"ImageObject","inLanguage":"es","@id":"https:\/\/espelmesdali.com\/es\/producto\/ilusion-%c2%b7-alegria-%c2%b7-creatividad-ritual-potenciador-naranja\/#primaryimage","url":"https:\/\/espelmesdali.com\/wp-content\/uploads\/2023\/11\/IMG-20231112-WA00102.jpg","contentUrl":"https:\/\/espelmesdali.com\/wp-content\/uploads\/2023\/11\/IMG-20231112-WA00102.jpg","width":1200,"height":1200,"caption":"IMG 20231112 WA00102"},{"@type":"BreadcrumbList","@id":"https:\/\/espelmesdali.com\/es\/producto\/ilusion-%c2%b7-alegria-%c2%b7-creatividad-ritual-potenciador-naranja\/#breadcrumb","itemListElement":[{"@type":"ListItem","position":1,"name":"Portada","item":"https:\/\/espelmesdali.com\/es\/"},{"@type":"ListItem","position":2,"name":"Tienda","item":"https:\/\/espelmesdali.com\/es\/tienda\/"},{"@type":"ListItem","position":3,"name":"Velas","item":"https:\/\/espelmesdali.com\/es\/categoria-producto\/velas-de-miel\/"},{"@type":"ListItem","position":4,"name":"*Ilusi\u00f3n \u00b7 Alegr\u00eda \u00b7 Creatividad* Ritual Potenciador Naranja"}]},{"@type":"WebSite","@id":"https:\/\/espelmesdali.com\/es\/#website","url":"https:\/\/espelmesdali.com\/es\/","name":"Velas Dal\u00ed","description":"Espelmes energ\u00e8tiques naturals i artesanes","publisher":{"@id":"https:\/\/espelmesdali.com\/es\/#organization"},"alternateName":"Espelmes energ\u00e8tiques naturals i artesanes","potentialAction":[{"@type":"SearchAction","target":{"@type":"EntryPoint","urlTemplate":"https:\/\/espelmesdali.com\/es\/?s={search_term_string}"},"query-input":{"@type":"PropertyValueSpecification","valueRequired":true,"valueName":"search_term_string"}}],"inLanguage":"es"},{"@type":"Organization","@id":"https:\/\/espelmesdali.com\/es\/#organization","name":"Velas Dal\u00ed","alternateName":"Espelmes energ\u00e8tiques naturals i artesanes","url":"https:\/\/espelmesdali.com\/es\/","logo":{"@type":"ImageObject","inLanguage":"es","@id":"https:\/\/espelmesdali.com\/es\/#\/schema\/logo\/image\/","url":"https:\/\/i0.wp.com\/velasdali.com\/wp-content\/uploads\/2022\/12\/cropped-LOGO_DALI-01.jpg?fit=1200%2C1200&ssl=1","contentUrl":"https:\/\/i0.wp.com\/velasdali.com\/wp-content\/uploads\/2022\/12\/cropped-LOGO_DALI-01.jpg?fit=1200%2C1200&ssl=1","width":1200,"height":1200,"caption":"Velas Dal\u00ed"},"image":{"@id":"https:\/\/espelmesdali.com\/es\/#\/schema\/logo\/image\/"},"sameAs":["https:\/\/www.facebook.com\/profile.php?id=100086540543846","https:\/\/www.instagram.com\/espelmesdali\/"]}]}},"_links":{"self":[{"href":"https:\/\/espelmesdali.com\/es\/wp-json\/wp\/v2\/product\/7746","targetHints":{"allow":["GET"]}}],"collection":[{"href":"https:\/\/espelmesdali.com\/es\/wp-json\/wp\/v2\/product"}],"about":[{"href":"https:\/\/espelmesdali.com\/es\/wp-json\/wp\/v2\/types\/product"}],"replies":[{"embeddable":true,"href":"https:\/\/espelmesdali.com\/es\/wp-json\/wp\/v2\/comments?post=7746"}],"wp:featuredmedia":[{"embeddable":true,"href":"https:\/\/espelmesdali.com\/es\/wp-json\/wp\/v2\/media\/7514"}],"wp:attachment":[{"href":"https:\/\/espelmesdali.com\/es\/wp-json\/wp\/v2\/media?parent=7746"}],"wp:term":[{"taxonomy":"product_brand","embeddable":true,"href":"https:\/\/espelmesdali.com\/es\/wp-json\/wp\/v2\/product_brand?post=7746"},{"taxonomy":"product_cat","embeddable":true,"href":"https:\/\/espelmesdali.com\/es\/wp-json\/wp\/v2\/product_cat?post=7746"},{"taxonomy":"product_tag","embeddable":true,"href":"https:\/\/espelmesdali.com\/es\/wp-json\/wp\/v2\/product_tag?post=7746"}],"curies":[{"name":"wp","href":"https:\/\/api.w.org\/{rel}","templated":true}]}}