{"id":7734,"date":"2024-01-28T21:30:47","date_gmt":"2024-01-28T20:30:47","guid":{"rendered":"https:\/\/espelmesdali.com\/producte\/kit-cuaresma\/"},"modified":"2026-02-16T12:53:52","modified_gmt":"2026-02-16T11:53:52","slug":"kit-cuaresma","status":"publish","type":"product","link":"https:\/\/espelmesdali.com\/es\/producto\/kit-cuaresma\/","title":{"rendered":"Kit cuaresma"},"content":{"rendered":"<p>Experimenta un viaje de autocuidado y armon\u00eda con nuestro Kit de Equilibrio Energ\u00e9tico para la Cuaresma. Este kit completo te acompa\u00f1ar\u00e1 semanalmente, ofreciendo una experiencia \u00fanica para equilibrar tus chakras y revitalizar tu energ\u00eda interior. 7 semanas para renovarte.<\/p>\n<p>Caracter\u00edsticas destacadas:<\/p>\n<p>7 Velas de color: Cada vela est\u00e1 intencionada por el chakra que vamos a desbloquear. Cada color representa un chakra, proporcionando un soporte visual y energ\u00e9tico para tu pr\u00e1ctica de meditaci\u00f3n y equilibrio semanal. (1 vela por semana)<\/p>\n<p>42 velas de miel, una para cada d\u00eda, meticulosamente elaboradas. Estas peque\u00f1as luces portadoras de calidez e intenci\u00f3n tienen un prop\u00f3sito claro: equilibrar los chakras y proporcionar un anclaje tranquilo en medio de la agitaci\u00f3n cotidiana.<\/p>\n<p>Cada vela es una promesa, una peque\u00f1a ceremonia diaria destinada a armonizar tus centros energ\u00e9ticos. Encendidas una a una, ellas iluminan el camino de la consistencia, record\u00e1ndonos que, incluso en los d\u00edas m\u00e1s turbulentos, podemos encontrar el equilibrio. Su llama es un recordatorio constante de que la dedicaci\u00f3n diaria es la clave para impregnar nuestros esfuerzos con la profundidad necesaria.<\/p>\n<p>Las velas se convierten en aliadas en nuestro viaje hacia el equilibrio interior. 42 guardianas silenciosas, estas peque\u00f1as luces nos gu\u00edan hacia la coherencia y la paz, ayud\u00e1ndonos a conectar con nuestra esencia.<\/p>\n<p>7 Melts Variados enriquecidos con cera de abeja: Del\u00e9itete con los bombones energ\u00e9ticos arom\u00e1ticos que estimulan los diferentes centros energ\u00e9ticos, adem\u00e1s de purificar el espacio de la contaminaci\u00f3n electr\u00f3nica y la poluci\u00f3n. Una aut\u00e9ntica invitaci\u00f3n a la paz y el bienestar. (1 cada semana)<\/p>\n<p>14 Velas de T\u00e9 Vegetal: Acompa\u00f1a tus melts con deliciosas velas de t\u00e9 vegetal, perfectas para momentos de relajaci\u00f3n.<\/p>\n<p>7 Meditaciones en L\u00ednea en YouTube: Accede a una gu\u00eda completa con meditaciones online, creadas especialmente por cada chakra, para profundizar en tu pr\u00e1ctica diaria.<\/p>\n<p>Instrucciones y Librito Detallado con Explicaci\u00f3n de los Chacras: Profundiza en la comprensi\u00f3n de tus chakras con nuestro libreto informativo que ofrece una explicaci\u00f3n detallada y consejos pr\u00e1cticos.<\/p>\n<p>Deja que este Kit de Equilibrio Energ\u00e9tico sea tu compa\u00f1ero durante la Cuaresma, proporcion\u00e1ndote herramientas poderosas para la transformaci\u00f3n personal y la paz interior.<\/p>\n<p>\u00bfQu\u00e9 conseguir\u00e1s con nuestro kit de cuaresma?<\/p>\n<p>Inicia con la Base (Semana 1):<\/p>\n<p>SEGURIDAD Y CONFIANZA EN TI Y EN LA VIDA.<\/p>\n<p>Fortalece tu seguridad y conexi\u00f3n con la tierra.<\/p>\n<p>Cultiva la Creatividad (Semana 2):<\/p>\n<p>PLACER, SEXUALIDAD Y CREATIVIDAD.<\/p>\n<p>Libera bloqueos en la creatividad y fomenta la pasi\u00f3n por la vida.<\/p>\n<p>Potencia tu poder (Semana 3):<\/p>\n<p>PODER Y DETERMINACI\u00d3N.<\/p>\n<p>Conecta con tu gran potencial.<\/p>\n<p>Cultiva el Amor Incondicional (Semana 4):<\/p>\n<p>AMOR INCONDICIONAL.<\/p>\n<p>Conecta con el amor el amor que est\u00e1 en ti.<\/p>\n<p>Expresa Tu Autenticidad (Semana 5):<\/p>\n<p>EXPRESA TU VERDAD.<\/p>\n<p>Potencia la comunicaci\u00f3n aut\u00e9ntica.<\/p>\n<p>Conecta con la Intuici\u00f3n (Semana 6):<\/p>\n<p>DESARROLLA TU INTUICI\u00d3N.<\/p>\n<p>Estimula la intuici\u00f3n y la clarividencia.<\/p>\n<p>Elevarse Espiritualmente (Semana 7):<\/p>\n<p>CONECTA CON LA SABIDUR\u00cdA DIVINA.<\/p>\n<p>Conecta con la conciencia superior.<\/p>\n<p>Gracias al poder de las nuestras las velas energ\u00e9ticas y la aromaterapia que nos aportan nuestros exclusivos melts podr\u00e1s acceder en este proceso de renovaci\u00f3n total.<\/p>\n<p>7 semanas por tu autocuidado.Recupera tu vitalidad con nuestro kit especial cuaresma!<\/p>\n","protected":false},"excerpt":{"rendered":"<p>\u00bfNecesitas un reset energ\u00e9tico? \u00bfQuieres recuperar la vitalidad y el equilibrio? Con nuestro Kit de Equilibrio Energ\u00e9tico, vive una Cuaresma transformadora con 7 semanas dedicadas a tu bienestar interior.\u201d<\/p>\n<p>Caracter\u00edsticas destacadas:<\/p>\n<p>7 Velas de color: Cada vela est\u00e1 intencionada por el chakra que vamos a trabajar.<\/p>\n<p>42 velas de miel ( 1 por cada d\u00eda) Su llama es un recordatorio constante de que la dedicaci\u00f3n diaria es la clave para impregnar nuestros esfuerzos con la profundidad necesaria.<\/p>\n<p>7 Melts variados : para energizar cada uno de los chakras. (1 cada semana)<\/p>\n<p>14 Velas de T\u00e9 Vegetal.<\/p>\n<p>7 Meditaciones en L\u00ednea en YouTube: Accede a una gu\u00eda completa con meditaciones online, creadas especialmente por cada chakra, para profundizar en tu pr\u00e1ctica diaria.<\/p>\n<p>Instrucciones y libreto Detallado con Explicaci\u00f3n de los Chacras y consejos pr\u00e1cticos.<\/p>\n<p>Deja que este Kit de Equilibrio Energ\u00e9tico sea tu compa\u00f1ero durante la Cuaresma, proporcion\u00e1ndote herramientas poderosas para la transformaci\u00f3n personal y la paz interior.<\/p>\n","protected":false},"featured_media":10992,"comment_status":"open","ping_status":"closed","template":"","meta":[],"product_brand":[],"product_cat":[644,572,580],"product_tag":[776,585,777],"class_list":{"0":"post-7734","1":"product","2":"type-product","3":"status-publish","4":"has-post-thumbnail","6":"product_cat-potenciadores-es","7":"product_cat-rituales","8":"product_cat-velas-de-miel","9":"product_tag-cuaresma","10":"product_tag-espelmes-de-mel-es","11":"product_tag-kit-es","12":"product_shipping_class-envio-caja","13":"infinite-scroll-item","14":"sales-flash-overlay","15":"woocommerce-text-align-center","16":"woocommerce-image-align-center","17":"do-quantity-buttons","18":"wc-has-gallery","20":"first","21":"instock","22":"featured","23":"taxable","24":"shipping-taxable","25":"purchasable","26":"product-type-variable"},"yoast_head":"<!-- This site is optimized with the Yoast SEO plugin v27.5 - https:\/\/yoast.com\/product\/yoast-seo-wordpress\/ -->\n<title>Kit cuaresma - Velas Dal\u00ed<\/title>\n<meta name=\"description\" content=\"Descubre las velas energ\u00e9ticas Dal\u00ed y aprovecha el poder curativo de sus ingredientes naturales. Creamos velas artesanales cargadas de energ\u00eda positiva para armonizar tu espacio y tu vida. Experimenta la calidez y bienestar con nuestras velas energ\u00e9ticas. \u00a1Compra ahora!\" \/>\n<meta name=\"robots\" content=\"index, follow, max-snippet:-1, max-image-preview:large, max-video-preview:-1\" \/>\n<link rel=\"canonical\" href=\"https:\/\/espelmesdali.com\/es\/producto\/kit-cuaresma\/\" \/>\n<meta property=\"og:locale\" content=\"es_ES\" \/>\n<meta property=\"og:type\" content=\"article\" \/>\n<meta property=\"og:title\" content=\"Kit cuaresma - Velas Dal\u00ed\" \/>\n<meta property=\"og:description\" content=\"Descubre las velas energ\u00e9ticas Dal\u00ed y aprovecha el poder curativo de sus ingredientes naturales. Creamos velas artesanales cargadas de energ\u00eda positiva para armonizar tu espacio y tu vida. Experimenta la calidez y bienestar con nuestras velas energ\u00e9ticas. \u00a1Compra ahora!\" \/>\n<meta property=\"og:url\" content=\"https:\/\/espelmesdali.com\/es\/producto\/kit-cuaresma\/\" \/>\n<meta property=\"og:site_name\" content=\"Velas Dal\u00ed\" \/>\n<meta property=\"article:publisher\" content=\"https:\/\/www.facebook.com\/profile.php?id=100086540543846\" \/>\n<meta property=\"article:modified_time\" content=\"2026-02-16T11:53:52+00:00\" \/>\n<meta property=\"og:image\" content=\"https:\/\/espelmesdali.com\/wp-content\/uploads\/2024\/01\/Centre-de-candles-en-simetria.png\" \/>\n\t<meta property=\"og:image:width\" content=\"1024\" \/>\n\t<meta property=\"og:image:height\" content=\"1024\" \/>\n\t<meta property=\"og:image:type\" content=\"image\/png\" \/>\n<meta name=\"twitter:card\" content=\"summary_large_image\" \/>\n<meta name=\"twitter:label1\" content=\"Tiempo de lectura\" \/>\n\t<meta name=\"twitter:data1\" content=\"3 minutos\" \/>\n<script type=\"application\/ld+json\" class=\"yoast-schema-graph\">{\"@context\":\"https:\\\/\\\/schema.org\",\"@graph\":[{\"@type\":\"WebPage\",\"@id\":\"https:\\\/\\\/espelmesdali.com\\\/es\\\/producto\\\/kit-cuaresma\\\/\",\"url\":\"https:\\\/\\\/espelmesdali.com\\\/es\\\/producto\\\/kit-cuaresma\\\/\",\"name\":\"Kit cuaresma - Velas Dal\u00ed\",\"isPartOf\":{\"@id\":\"https:\\\/\\\/espelmesdali.com\\\/es\\\/#website\"},\"primaryImageOfPage\":{\"@id\":\"https:\\\/\\\/espelmesdali.com\\\/es\\\/producto\\\/kit-cuaresma\\\/#primaryimage\"},\"image\":{\"@id\":\"https:\\\/\\\/espelmesdali.com\\\/es\\\/producto\\\/kit-cuaresma\\\/#primaryimage\"},\"thumbnailUrl\":\"https:\\\/\\\/espelmesdali.com\\\/wp-content\\\/uploads\\\/2024\\\/01\\\/Centre-de-candles-en-simetria.png\",\"datePublished\":\"2024-01-28T20:30:47+00:00\",\"dateModified\":\"2026-02-16T11:53:52+00:00\",\"description\":\"Descubre las velas energ\u00e9ticas Dal\u00ed y aprovecha el poder curativo de sus ingredientes naturales. Creamos velas artesanales cargadas de energ\u00eda positiva para armonizar tu espacio y tu vida. Experimenta la calidez y bienestar con nuestras velas energ\u00e9ticas. \u00a1Compra ahora!\",\"breadcrumb\":{\"@id\":\"https:\\\/\\\/espelmesdali.com\\\/es\\\/producto\\\/kit-cuaresma\\\/#breadcrumb\"},\"inLanguage\":\"es\",\"potentialAction\":[{\"@type\":\"ReadAction\",\"target\":[\"https:\\\/\\\/espelmesdali.com\\\/es\\\/producto\\\/kit-cuaresma\\\/\"]}]},{\"@type\":\"ImageObject\",\"inLanguage\":\"es\",\"@id\":\"https:\\\/\\\/espelmesdali.com\\\/es\\\/producto\\\/kit-cuaresma\\\/#primaryimage\",\"url\":\"https:\\\/\\\/espelmesdali.com\\\/wp-content\\\/uploads\\\/2024\\\/01\\\/Centre-de-candles-en-simetria.png\",\"contentUrl\":\"https:\\\/\\\/espelmesdali.com\\\/wp-content\\\/uploads\\\/2024\\\/01\\\/Centre-de-candles-en-simetria.png\",\"width\":1024,\"height\":1024,\"caption\":\"Kit quaresma\"},{\"@type\":\"BreadcrumbList\",\"@id\":\"https:\\\/\\\/espelmesdali.com\\\/es\\\/producto\\\/kit-cuaresma\\\/#breadcrumb\",\"itemListElement\":[{\"@type\":\"ListItem\",\"position\":1,\"name\":\"Portada\",\"item\":\"https:\\\/\\\/espelmesdali.com\\\/es\\\/\"},{\"@type\":\"ListItem\",\"position\":2,\"name\":\"Tienda\",\"item\":\"https:\\\/\\\/espelmesdali.com\\\/es\\\/tienda\\\/\"},{\"@type\":\"ListItem\",\"position\":3,\"name\":\"Potenciadores\",\"item\":\"https:\\\/\\\/espelmesdali.com\\\/es\\\/categoria-producto\\\/%ea%99%b0potenciadores-es\\\/\"},{\"@type\":\"ListItem\",\"position\":4,\"name\":\"Kit cuaresma\"}]},{\"@type\":\"WebSite\",\"@id\":\"https:\\\/\\\/espelmesdali.com\\\/es\\\/#website\",\"url\":\"https:\\\/\\\/espelmesdali.com\\\/es\\\/\",\"name\":\"Velas Dal\u00ed\",\"description\":\"Espelmes energ\u00e8tiques naturals i artesanes\",\"publisher\":{\"@id\":\"https:\\\/\\\/espelmesdali.com\\\/es\\\/#organization\"},\"alternateName\":\"Espelmes energ\u00e8tiques naturals i artesanes\",\"potentialAction\":[{\"@type\":\"SearchAction\",\"target\":{\"@type\":\"EntryPoint\",\"urlTemplate\":\"https:\\\/\\\/espelmesdali.com\\\/es\\\/?s={search_term_string}\"},\"query-input\":{\"@type\":\"PropertyValueSpecification\",\"valueRequired\":true,\"valueName\":\"search_term_string\"}}],\"inLanguage\":\"es\"},{\"@type\":\"Organization\",\"@id\":\"https:\\\/\\\/espelmesdali.com\\\/es\\\/#organization\",\"name\":\"Velas Dal\u00ed\",\"alternateName\":\"Espelmes energ\u00e8tiques naturals i artesanes\",\"url\":\"https:\\\/\\\/espelmesdali.com\\\/es\\\/\",\"logo\":{\"@type\":\"ImageObject\",\"inLanguage\":\"es\",\"@id\":\"https:\\\/\\\/espelmesdali.com\\\/es\\\/#\\\/schema\\\/logo\\\/image\\\/\",\"url\":\"https:\\\/\\\/i0.wp.com\\\/velasdali.com\\\/wp-content\\\/uploads\\\/2022\\\/12\\\/cropped-LOGO_DALI-01.jpg?fit=1200%2C1200&ssl=1\",\"contentUrl\":\"https:\\\/\\\/i0.wp.com\\\/velasdali.com\\\/wp-content\\\/uploads\\\/2022\\\/12\\\/cropped-LOGO_DALI-01.jpg?fit=1200%2C1200&ssl=1\",\"width\":1200,\"height\":1200,\"caption\":\"Velas Dal\u00ed\"},\"image\":{\"@id\":\"https:\\\/\\\/espelmesdali.com\\\/es\\\/#\\\/schema\\\/logo\\\/image\\\/\"},\"sameAs\":[\"https:\\\/\\\/www.facebook.com\\\/profile.php?id=100086540543846\",\"https:\\\/\\\/www.instagram.com\\\/espelmesdali\\\/\"]}]}<\/script>\n<!-- \/ Yoast SEO plugin. -->","yoast_head_json":{"title":"Kit cuaresma - Velas Dal\u00ed","description":"Descubre las velas energ\u00e9ticas Dal\u00ed y aprovecha el poder curativo de sus ingredientes naturales. Creamos velas artesanales cargadas de energ\u00eda positiva para armonizar tu espacio y tu vida. Experimenta la calidez y bienestar con nuestras velas energ\u00e9ticas. \u00a1Compra ahora!","robots":{"index":"index","follow":"follow","max-snippet":"max-snippet:-1","max-image-preview":"max-image-preview:large","max-video-preview":"max-video-preview:-1"},"canonical":"https:\/\/espelmesdali.com\/es\/producto\/kit-cuaresma\/","og_locale":"es_ES","og_type":"article","og_title":"Kit cuaresma - Velas Dal\u00ed","og_description":"Descubre las velas energ\u00e9ticas Dal\u00ed y aprovecha el poder curativo de sus ingredientes naturales. Creamos velas artesanales cargadas de energ\u00eda positiva para armonizar tu espacio y tu vida. Experimenta la calidez y bienestar con nuestras velas energ\u00e9ticas. \u00a1Compra ahora!","og_url":"https:\/\/espelmesdali.com\/es\/producto\/kit-cuaresma\/","og_site_name":"Velas Dal\u00ed","article_publisher":"https:\/\/www.facebook.com\/profile.php?id=100086540543846","article_modified_time":"2026-02-16T11:53:52+00:00","og_image":[{"width":1024,"height":1024,"url":"https:\/\/espelmesdali.com\/wp-content\/uploads\/2024\/01\/Centre-de-candles-en-simetria.png","type":"image\/png"}],"twitter_card":"summary_large_image","twitter_misc":{"Tiempo de lectura":"3 minutos"},"schema":{"@context":"https:\/\/schema.org","@graph":[{"@type":"WebPage","@id":"https:\/\/espelmesdali.com\/es\/producto\/kit-cuaresma\/","url":"https:\/\/espelmesdali.com\/es\/producto\/kit-cuaresma\/","name":"Kit cuaresma - Velas Dal\u00ed","isPartOf":{"@id":"https:\/\/espelmesdali.com\/es\/#website"},"primaryImageOfPage":{"@id":"https:\/\/espelmesdali.com\/es\/producto\/kit-cuaresma\/#primaryimage"},"image":{"@id":"https:\/\/espelmesdali.com\/es\/producto\/kit-cuaresma\/#primaryimage"},"thumbnailUrl":"https:\/\/espelmesdali.com\/wp-content\/uploads\/2024\/01\/Centre-de-candles-en-simetria.png","datePublished":"2024-01-28T20:30:47+00:00","dateModified":"2026-02-16T11:53:52+00:00","description":"Descubre las velas energ\u00e9ticas Dal\u00ed y aprovecha el poder curativo de sus ingredientes naturales. Creamos velas artesanales cargadas de energ\u00eda positiva para armonizar tu espacio y tu vida. Experimenta la calidez y bienestar con nuestras velas energ\u00e9ticas. \u00a1Compra ahora!","breadcrumb":{"@id":"https:\/\/espelmesdali.com\/es\/producto\/kit-cuaresma\/#breadcrumb"},"inLanguage":"es","potentialAction":[{"@type":"ReadAction","target":["https:\/\/espelmesdali.com\/es\/producto\/kit-cuaresma\/"]}]},{"@type":"ImageObject","inLanguage":"es","@id":"https:\/\/espelmesdali.com\/es\/producto\/kit-cuaresma\/#primaryimage","url":"https:\/\/espelmesdali.com\/wp-content\/uploads\/2024\/01\/Centre-de-candles-en-simetria.png","contentUrl":"https:\/\/espelmesdali.com\/wp-content\/uploads\/2024\/01\/Centre-de-candles-en-simetria.png","width":1024,"height":1024,"caption":"Kit quaresma"},{"@type":"BreadcrumbList","@id":"https:\/\/espelmesdali.com\/es\/producto\/kit-cuaresma\/#breadcrumb","itemListElement":[{"@type":"ListItem","position":1,"name":"Portada","item":"https:\/\/espelmesdali.com\/es\/"},{"@type":"ListItem","position":2,"name":"Tienda","item":"https:\/\/espelmesdali.com\/es\/tienda\/"},{"@type":"ListItem","position":3,"name":"Potenciadores","item":"https:\/\/espelmesdali.com\/es\/categoria-producto\/%ea%99%b0potenciadores-es\/"},{"@type":"ListItem","position":4,"name":"Kit cuaresma"}]},{"@type":"WebSite","@id":"https:\/\/espelmesdali.com\/es\/#website","url":"https:\/\/espelmesdali.com\/es\/","name":"Velas Dal\u00ed","description":"Espelmes energ\u00e8tiques naturals i artesanes","publisher":{"@id":"https:\/\/espelmesdali.com\/es\/#organization"},"alternateName":"Espelmes energ\u00e8tiques naturals i artesanes","potentialAction":[{"@type":"SearchAction","target":{"@type":"EntryPoint","urlTemplate":"https:\/\/espelmesdali.com\/es\/?s={search_term_string}"},"query-input":{"@type":"PropertyValueSpecification","valueRequired":true,"valueName":"search_term_string"}}],"inLanguage":"es"},{"@type":"Organization","@id":"https:\/\/espelmesdali.com\/es\/#organization","name":"Velas Dal\u00ed","alternateName":"Espelmes energ\u00e8tiques naturals i artesanes","url":"https:\/\/espelmesdali.com\/es\/","logo":{"@type":"ImageObject","inLanguage":"es","@id":"https:\/\/espelmesdali.com\/es\/#\/schema\/logo\/image\/","url":"https:\/\/i0.wp.com\/velasdali.com\/wp-content\/uploads\/2022\/12\/cropped-LOGO_DALI-01.jpg?fit=1200%2C1200&ssl=1","contentUrl":"https:\/\/i0.wp.com\/velasdali.com\/wp-content\/uploads\/2022\/12\/cropped-LOGO_DALI-01.jpg?fit=1200%2C1200&ssl=1","width":1200,"height":1200,"caption":"Velas Dal\u00ed"},"image":{"@id":"https:\/\/espelmesdali.com\/es\/#\/schema\/logo\/image\/"},"sameAs":["https:\/\/www.facebook.com\/profile.php?id=100086540543846","https:\/\/www.instagram.com\/espelmesdali\/"]}]}},"_links":{"self":[{"href":"https:\/\/espelmesdali.com\/es\/wp-json\/wp\/v2\/product\/7734","targetHints":{"allow":["GET"]}}],"collection":[{"href":"https:\/\/espelmesdali.com\/es\/wp-json\/wp\/v2\/product"}],"about":[{"href":"https:\/\/espelmesdali.com\/es\/wp-json\/wp\/v2\/types\/product"}],"replies":[{"embeddable":true,"href":"https:\/\/espelmesdali.com\/es\/wp-json\/wp\/v2\/comments?post=7734"}],"wp:featuredmedia":[{"embeddable":true,"href":"https:\/\/espelmesdali.com\/es\/wp-json\/wp\/v2\/media\/10992"}],"wp:attachment":[{"href":"https:\/\/espelmesdali.com\/es\/wp-json\/wp\/v2\/media?parent=7734"}],"wp:term":[{"taxonomy":"product_brand","embeddable":true,"href":"https:\/\/espelmesdali.com\/es\/wp-json\/wp\/v2\/product_brand?post=7734"},{"taxonomy":"product_cat","embeddable":true,"href":"https:\/\/espelmesdali.com\/es\/wp-json\/wp\/v2\/product_cat?post=7734"},{"taxonomy":"product_tag","embeddable":true,"href":"https:\/\/espelmesdali.com\/es\/wp-json\/wp\/v2\/product_tag?post=7734"}],"curies":[{"name":"wp","href":"https:\/\/api.w.org\/{rel}","templated":true}]}}