{"id":7564,"date":"2023-10-19T09:53:25","date_gmt":"2023-10-19T07:53:25","guid":{"rendered":"https:\/\/espelmesdali.com\/producte\/neteja-energies-espelma-ruda-de-mel\/"},"modified":"2024-12-10T19:24:18","modified_gmt":"2024-12-10T18:24:18","slug":"vela-limpieza-energias-vela-blanca-ruda-de-miel","status":"publish","type":"product","link":"https:\/\/espelmesdali.com\/es\/producto\/vela-limpieza-energias-vela-blanca-ruda-de-miel\/","title":{"rendered":"Vela limpieza energ\u00edas \u00abVela blanca Ruda de miel\u00bb"},"content":{"rendered":"<p>Estas velas te ayudan a <strong>conectarte con tu propia esencia<\/strong> y con la parte m\u00e1s trascendental de la vida. S\u00f3lo el sencillo hecho de encenderlas aporta calma y bienestar. Con nuestras velas lo que trabajamos es el cambio, la transmutaci\u00f3n de la <strong>energ\u00eda y su renovaci\u00f3n<\/strong> para obtener mejor\u00eda en nosotros y en nuestro ambiente.<\/p>\n<p>Una vez consumida La Vela puede ser interpretada ya que los restos de cera nos indican el estado energ\u00e9tico en el que estamos vibrando y c\u00f3mo mejorarlo si es necesario. Hay que tener en cuenta que nuestras velas tienen lectura propia gracias al trabajo de a\u00f1os de interpretaci\u00f3n, por tanto, su lectura no es igual que el resto de las velas que existen en el mercado.<\/p>\n<p>Trabajamos con los colores para que cada color tiene su significado. Podemos trabajar nuestros achaques, la salud, el trabajo, el amor, etc&#8230; Solo trabajamos con energ\u00eda blanca, limpia y pura. Es una herramienta que nos da luz y la energ\u00eda que necesitamos para nuestra mejora.<\/p>\n","protected":false},"excerpt":{"rendered":"<p>Vela Ruda limpieza y purificaci\u00f3n te ayudar\u00e1 en:<\/p>\n<ul>\n<li>Limpia y aleja las <strong>energ\u00edas negativas<\/strong><\/li>\n<li>Limpia y <strong>purifica<\/strong> el ambiente<\/li>\n<li>Abre las puertas para <strong>atraer cosas buenas<\/strong> a nuestras vidas<\/li>\n<li>Para aquellos que buscan una sensaci\u00f3n de <strong>limpieza y renovaci\u00f3n personal<\/strong>, ya sea a nivel emocional, mental o espiritual, esta vela puede ser una <strong>herramienta<\/strong> complementaria en su pr\u00e1ctica de <strong>autodescubrimiento y crecimiento personal<\/strong>.<\/li>\n<\/ul>\n<p>La sinergia \u00fanica de nuestra vela, que combina los poderosos beneficios de la ruda y la vela blanca para una experiencia de purificaci\u00f3n incomparable. Esta vela no solo limpiar\u00e1 tu ambiente, sino que tambi\u00e9n <strong>purificar\u00e1<\/strong> tanto a ti como a tus espacios gracias a su doble acci\u00f3n. Las <strong>propiedades depurativas de la ruda<\/strong> se fusionan con la <strong>energ\u00eda purificante de la vela blanca<\/strong>, creando un aura de positividad y frescura dondequiera que la enciendas. Alejar\u00e1 las energ\u00edas negativas y <strong>atraer\u00e1 la buena suerte<\/strong>, proporcion\u00e1ndote un ambiente armonioso y revitalizante. \u00a1Permite que esta vela sea tu aliada en tu camino hacia la serenidad y la prosperidad.<\/p>\n<p>Esta vela es \u00fatil para cualquier persona que busque mejorar su <strong>bienestar<\/strong>, crear un <strong>ambiente m\u00e1s positivo y vibrante<\/strong>, y atraer <strong>energ\u00edas beneficiosas<\/strong> a tu vida, hogar y entorno de trabajo.<\/p>\n","protected":false},"featured_media":7535,"comment_status":"open","ping_status":"closed","template":"","meta":[],"product_brand":[],"product_cat":[581,580],"product_tag":[582,585,586,929],"class_list":{"0":"post-7564","1":"product","2":"type-product","3":"status-publish","4":"has-post-thumbnail","6":"product_cat-limpieza--purificacion","7":"product_cat-velas-de-miel","8":"product_tag-blanca-es","9":"product_tag-espelmes-de-mel-es","10":"product_tag-neteja-es","11":"product_tag-purificacion-es","12":"product_shipping_class-enviament-lleuger","13":"infinite-scroll-item","14":"sales-flash-overlay","15":"woocommerce-text-align-center","16":"woocommerce-image-align-center","17":"do-quantity-buttons","18":"wc-has-gallery","20":"first","21":"instock","22":"taxable","23":"shipping-taxable","24":"purchasable","25":"product-type-variable"},"yoast_head":"<!-- This site is optimized with the Yoast SEO plugin v27.4 - https:\/\/yoast.com\/product\/yoast-seo-wordpress\/ -->\n<title>Vela Ruda limpieza y purificaci\u00f3n energ\u00edas &quot;Vela blanca Ruda de miel&quot;<\/title>\n<meta name=\"description\" content=\"Vela Ruda limpieza y purificaci\u00f3n, aleja las energ\u00edas negativas y atrae la buena suerte, creando un ambiente armonioso y revitalizante. Tu aliada en tu camino hacia la serenidad y la prosperidad.\" \/>\n<meta name=\"robots\" content=\"index, follow, max-snippet:-1, max-image-preview:large, max-video-preview:-1\" \/>\n<link rel=\"canonical\" href=\"https:\/\/espelmesdali.com\/es\/producto\/vela-limpieza-energias-vela-blanca-ruda-de-miel\/\" \/>\n<meta property=\"og:locale\" content=\"es_ES\" \/>\n<meta property=\"og:type\" content=\"article\" \/>\n<meta property=\"og:title\" content=\"Vela Ruda limpieza y purificaci\u00f3n energ\u00edas &quot;Vela blanca Ruda de miel&quot;\" \/>\n<meta property=\"og:description\" content=\"Vela Ruda limpieza y purificaci\u00f3n, aleja las energ\u00edas negativas y atrae la buena suerte, creando un ambiente armonioso y revitalizante. Tu aliada en tu camino hacia la serenidad y la prosperidad.\" \/>\n<meta property=\"og:url\" content=\"https:\/\/espelmesdali.com\/es\/producto\/vela-limpieza-energias-vela-blanca-ruda-de-miel\/\" \/>\n<meta property=\"og:site_name\" content=\"Velas Dal\u00ed\" \/>\n<meta property=\"article:publisher\" content=\"https:\/\/www.facebook.com\/profile.php?id=100086540543846\" \/>\n<meta property=\"article:modified_time\" content=\"2024-12-10T18:24:18+00:00\" \/>\n<meta property=\"og:image\" content=\"https:\/\/espelmesdali.com\/wp-content\/uploads\/2023\/12\/IMG-20231031-WA001022.jpg\" \/>\n\t<meta property=\"og:image:width\" content=\"1600\" \/>\n\t<meta property=\"og:image:height\" content=\"481\" \/>\n\t<meta property=\"og:image:type\" content=\"image\/jpeg\" \/>\n<meta name=\"twitter:card\" content=\"summary_large_image\" \/>\n<meta name=\"twitter:label1\" content=\"Tiempo de lectura\" \/>\n\t<meta name=\"twitter:data1\" content=\"2 minutos\" \/>\n<script type=\"application\/ld+json\" class=\"yoast-schema-graph\">{\"@context\":\"https:\\\/\\\/schema.org\",\"@graph\":[{\"@type\":\"WebPage\",\"@id\":\"https:\\\/\\\/espelmesdali.com\\\/es\\\/producto\\\/vela-limpieza-energias-vela-blanca-ruda-de-miel\\\/\",\"url\":\"https:\\\/\\\/espelmesdali.com\\\/es\\\/producto\\\/vela-limpieza-energias-vela-blanca-ruda-de-miel\\\/\",\"name\":\"Vela Ruda limpieza y purificaci\u00f3n energ\u00edas \\\"Vela blanca Ruda de miel\\\"\",\"isPartOf\":{\"@id\":\"https:\\\/\\\/espelmesdali.com\\\/es\\\/#website\"},\"primaryImageOfPage\":{\"@id\":\"https:\\\/\\\/espelmesdali.com\\\/es\\\/producto\\\/vela-limpieza-energias-vela-blanca-ruda-de-miel\\\/#primaryimage\"},\"image\":{\"@id\":\"https:\\\/\\\/espelmesdali.com\\\/es\\\/producto\\\/vela-limpieza-energias-vela-blanca-ruda-de-miel\\\/#primaryimage\"},\"thumbnailUrl\":\"https:\\\/\\\/espelmesdali.com\\\/wp-content\\\/uploads\\\/2023\\\/12\\\/IMG-20231031-WA001022.jpg\",\"datePublished\":\"2023-10-19T07:53:25+00:00\",\"dateModified\":\"2024-12-10T18:24:18+00:00\",\"description\":\"Vela Ruda limpieza y purificaci\u00f3n, aleja las energ\u00edas negativas y atrae la buena suerte, creando un ambiente armonioso y revitalizante. Tu aliada en tu camino hacia la serenidad y la prosperidad.\",\"breadcrumb\":{\"@id\":\"https:\\\/\\\/espelmesdali.com\\\/es\\\/producto\\\/vela-limpieza-energias-vela-blanca-ruda-de-miel\\\/#breadcrumb\"},\"inLanguage\":\"es\",\"potentialAction\":[{\"@type\":\"ReadAction\",\"target\":[\"https:\\\/\\\/espelmesdali.com\\\/es\\\/producto\\\/vela-limpieza-energias-vela-blanca-ruda-de-miel\\\/\"]}]},{\"@type\":\"ImageObject\",\"inLanguage\":\"es\",\"@id\":\"https:\\\/\\\/espelmesdali.com\\\/es\\\/producto\\\/vela-limpieza-energias-vela-blanca-ruda-de-miel\\\/#primaryimage\",\"url\":\"https:\\\/\\\/espelmesdali.com\\\/wp-content\\\/uploads\\\/2023\\\/12\\\/IMG-20231031-WA001022.jpg\",\"contentUrl\":\"https:\\\/\\\/espelmesdali.com\\\/wp-content\\\/uploads\\\/2023\\\/12\\\/IMG-20231031-WA001022.jpg\",\"width\":1600,\"height\":481,\"caption\":\"IMG 20231031 WA001022\"},{\"@type\":\"BreadcrumbList\",\"@id\":\"https:\\\/\\\/espelmesdali.com\\\/es\\\/producto\\\/vela-limpieza-energias-vela-blanca-ruda-de-miel\\\/#breadcrumb\",\"itemListElement\":[{\"@type\":\"ListItem\",\"position\":1,\"name\":\"Portada\",\"item\":\"https:\\\/\\\/espelmesdali.com\\\/es\\\/\"},{\"@type\":\"ListItem\",\"position\":2,\"name\":\"Tienda\",\"item\":\"https:\\\/\\\/espelmesdali.com\\\/es\\\/tienda\\\/\"},{\"@type\":\"ListItem\",\"position\":3,\"name\":\"Velas\",\"item\":\"https:\\\/\\\/espelmesdali.com\\\/es\\\/categoria-producto\\\/velas-de-miel\\\/\"},{\"@type\":\"ListItem\",\"position\":4,\"name\":\"Vela limpieza energ\u00edas \u00abVela blanca Ruda de miel\u00bb\"}]},{\"@type\":\"WebSite\",\"@id\":\"https:\\\/\\\/espelmesdali.com\\\/es\\\/#website\",\"url\":\"https:\\\/\\\/espelmesdali.com\\\/es\\\/\",\"name\":\"Velas Dal\u00ed\",\"description\":\"Espelmes energ\u00e8tiques naturals i artesanes\",\"publisher\":{\"@id\":\"https:\\\/\\\/espelmesdali.com\\\/es\\\/#organization\"},\"alternateName\":\"Espelmes energ\u00e8tiques naturals i artesanes\",\"potentialAction\":[{\"@type\":\"SearchAction\",\"target\":{\"@type\":\"EntryPoint\",\"urlTemplate\":\"https:\\\/\\\/espelmesdali.com\\\/es\\\/?s={search_term_string}\"},\"query-input\":{\"@type\":\"PropertyValueSpecification\",\"valueRequired\":true,\"valueName\":\"search_term_string\"}}],\"inLanguage\":\"es\"},{\"@type\":\"Organization\",\"@id\":\"https:\\\/\\\/espelmesdali.com\\\/es\\\/#organization\",\"name\":\"Velas Dal\u00ed\",\"alternateName\":\"Espelmes energ\u00e8tiques naturals i artesanes\",\"url\":\"https:\\\/\\\/espelmesdali.com\\\/es\\\/\",\"logo\":{\"@type\":\"ImageObject\",\"inLanguage\":\"es\",\"@id\":\"https:\\\/\\\/espelmesdali.com\\\/es\\\/#\\\/schema\\\/logo\\\/image\\\/\",\"url\":\"https:\\\/\\\/i0.wp.com\\\/velasdali.com\\\/wp-content\\\/uploads\\\/2022\\\/12\\\/cropped-LOGO_DALI-01.jpg?fit=1200%2C1200&ssl=1\",\"contentUrl\":\"https:\\\/\\\/i0.wp.com\\\/velasdali.com\\\/wp-content\\\/uploads\\\/2022\\\/12\\\/cropped-LOGO_DALI-01.jpg?fit=1200%2C1200&ssl=1\",\"width\":1200,\"height\":1200,\"caption\":\"Velas Dal\u00ed\"},\"image\":{\"@id\":\"https:\\\/\\\/espelmesdali.com\\\/es\\\/#\\\/schema\\\/logo\\\/image\\\/\"},\"sameAs\":[\"https:\\\/\\\/www.facebook.com\\\/profile.php?id=100086540543846\",\"https:\\\/\\\/www.instagram.com\\\/espelmesdali\\\/\"]}]}<\/script>\n<!-- \/ Yoast SEO plugin. -->","yoast_head_json":{"title":"Vela Ruda limpieza y purificaci\u00f3n energ\u00edas \"Vela blanca Ruda de miel\"","description":"Vela Ruda limpieza y purificaci\u00f3n, aleja las energ\u00edas negativas y atrae la buena suerte, creando un ambiente armonioso y revitalizante. Tu aliada en tu camino hacia la serenidad y la prosperidad.","robots":{"index":"index","follow":"follow","max-snippet":"max-snippet:-1","max-image-preview":"max-image-preview:large","max-video-preview":"max-video-preview:-1"},"canonical":"https:\/\/espelmesdali.com\/es\/producto\/vela-limpieza-energias-vela-blanca-ruda-de-miel\/","og_locale":"es_ES","og_type":"article","og_title":"Vela Ruda limpieza y purificaci\u00f3n energ\u00edas \"Vela blanca Ruda de miel\"","og_description":"Vela Ruda limpieza y purificaci\u00f3n, aleja las energ\u00edas negativas y atrae la buena suerte, creando un ambiente armonioso y revitalizante. Tu aliada en tu camino hacia la serenidad y la prosperidad.","og_url":"https:\/\/espelmesdali.com\/es\/producto\/vela-limpieza-energias-vela-blanca-ruda-de-miel\/","og_site_name":"Velas Dal\u00ed","article_publisher":"https:\/\/www.facebook.com\/profile.php?id=100086540543846","article_modified_time":"2024-12-10T18:24:18+00:00","og_image":[{"width":1600,"height":481,"url":"https:\/\/espelmesdali.com\/wp-content\/uploads\/2023\/12\/IMG-20231031-WA001022.jpg","type":"image\/jpeg"}],"twitter_card":"summary_large_image","twitter_misc":{"Tiempo de lectura":"2 minutos"},"schema":{"@context":"https:\/\/schema.org","@graph":[{"@type":"WebPage","@id":"https:\/\/espelmesdali.com\/es\/producto\/vela-limpieza-energias-vela-blanca-ruda-de-miel\/","url":"https:\/\/espelmesdali.com\/es\/producto\/vela-limpieza-energias-vela-blanca-ruda-de-miel\/","name":"Vela Ruda limpieza y purificaci\u00f3n energ\u00edas \"Vela blanca Ruda de miel\"","isPartOf":{"@id":"https:\/\/espelmesdali.com\/es\/#website"},"primaryImageOfPage":{"@id":"https:\/\/espelmesdali.com\/es\/producto\/vela-limpieza-energias-vela-blanca-ruda-de-miel\/#primaryimage"},"image":{"@id":"https:\/\/espelmesdali.com\/es\/producto\/vela-limpieza-energias-vela-blanca-ruda-de-miel\/#primaryimage"},"thumbnailUrl":"https:\/\/espelmesdali.com\/wp-content\/uploads\/2023\/12\/IMG-20231031-WA001022.jpg","datePublished":"2023-10-19T07:53:25+00:00","dateModified":"2024-12-10T18:24:18+00:00","description":"Vela Ruda limpieza y purificaci\u00f3n, aleja las energ\u00edas negativas y atrae la buena suerte, creando un ambiente armonioso y revitalizante. Tu aliada en tu camino hacia la serenidad y la prosperidad.","breadcrumb":{"@id":"https:\/\/espelmesdali.com\/es\/producto\/vela-limpieza-energias-vela-blanca-ruda-de-miel\/#breadcrumb"},"inLanguage":"es","potentialAction":[{"@type":"ReadAction","target":["https:\/\/espelmesdali.com\/es\/producto\/vela-limpieza-energias-vela-blanca-ruda-de-miel\/"]}]},{"@type":"ImageObject","inLanguage":"es","@id":"https:\/\/espelmesdali.com\/es\/producto\/vela-limpieza-energias-vela-blanca-ruda-de-miel\/#primaryimage","url":"https:\/\/espelmesdali.com\/wp-content\/uploads\/2023\/12\/IMG-20231031-WA001022.jpg","contentUrl":"https:\/\/espelmesdali.com\/wp-content\/uploads\/2023\/12\/IMG-20231031-WA001022.jpg","width":1600,"height":481,"caption":"IMG 20231031 WA001022"},{"@type":"BreadcrumbList","@id":"https:\/\/espelmesdali.com\/es\/producto\/vela-limpieza-energias-vela-blanca-ruda-de-miel\/#breadcrumb","itemListElement":[{"@type":"ListItem","position":1,"name":"Portada","item":"https:\/\/espelmesdali.com\/es\/"},{"@type":"ListItem","position":2,"name":"Tienda","item":"https:\/\/espelmesdali.com\/es\/tienda\/"},{"@type":"ListItem","position":3,"name":"Velas","item":"https:\/\/espelmesdali.com\/es\/categoria-producto\/velas-de-miel\/"},{"@type":"ListItem","position":4,"name":"Vela limpieza energ\u00edas \u00abVela blanca Ruda de miel\u00bb"}]},{"@type":"WebSite","@id":"https:\/\/espelmesdali.com\/es\/#website","url":"https:\/\/espelmesdali.com\/es\/","name":"Velas Dal\u00ed","description":"Espelmes energ\u00e8tiques naturals i artesanes","publisher":{"@id":"https:\/\/espelmesdali.com\/es\/#organization"},"alternateName":"Espelmes energ\u00e8tiques naturals i artesanes","potentialAction":[{"@type":"SearchAction","target":{"@type":"EntryPoint","urlTemplate":"https:\/\/espelmesdali.com\/es\/?s={search_term_string}"},"query-input":{"@type":"PropertyValueSpecification","valueRequired":true,"valueName":"search_term_string"}}],"inLanguage":"es"},{"@type":"Organization","@id":"https:\/\/espelmesdali.com\/es\/#organization","name":"Velas Dal\u00ed","alternateName":"Espelmes energ\u00e8tiques naturals i artesanes","url":"https:\/\/espelmesdali.com\/es\/","logo":{"@type":"ImageObject","inLanguage":"es","@id":"https:\/\/espelmesdali.com\/es\/#\/schema\/logo\/image\/","url":"https:\/\/i0.wp.com\/velasdali.com\/wp-content\/uploads\/2022\/12\/cropped-LOGO_DALI-01.jpg?fit=1200%2C1200&ssl=1","contentUrl":"https:\/\/i0.wp.com\/velasdali.com\/wp-content\/uploads\/2022\/12\/cropped-LOGO_DALI-01.jpg?fit=1200%2C1200&ssl=1","width":1200,"height":1200,"caption":"Velas Dal\u00ed"},"image":{"@id":"https:\/\/espelmesdali.com\/es\/#\/schema\/logo\/image\/"},"sameAs":["https:\/\/www.facebook.com\/profile.php?id=100086540543846","https:\/\/www.instagram.com\/espelmesdali\/"]}]}},"_links":{"self":[{"href":"https:\/\/espelmesdali.com\/es\/wp-json\/wp\/v2\/product\/7564","targetHints":{"allow":["GET"]}}],"collection":[{"href":"https:\/\/espelmesdali.com\/es\/wp-json\/wp\/v2\/product"}],"about":[{"href":"https:\/\/espelmesdali.com\/es\/wp-json\/wp\/v2\/types\/product"}],"replies":[{"embeddable":true,"href":"https:\/\/espelmesdali.com\/es\/wp-json\/wp\/v2\/comments?post=7564"}],"wp:featuredmedia":[{"embeddable":true,"href":"https:\/\/espelmesdali.com\/es\/wp-json\/wp\/v2\/media\/7535"}],"wp:attachment":[{"href":"https:\/\/espelmesdali.com\/es\/wp-json\/wp\/v2\/media?parent=7564"}],"wp:term":[{"taxonomy":"product_brand","embeddable":true,"href":"https:\/\/espelmesdali.com\/es\/wp-json\/wp\/v2\/product_brand?post=7564"},{"taxonomy":"product_cat","embeddable":true,"href":"https:\/\/espelmesdali.com\/es\/wp-json\/wp\/v2\/product_cat?post=7564"},{"taxonomy":"product_tag","embeddable":true,"href":"https:\/\/espelmesdali.com\/es\/wp-json\/wp\/v2\/product_tag?post=7564"}],"curies":[{"name":"wp","href":"https:\/\/api.w.org\/{rel}","templated":true}]}}