{"id":5400,"date":"2022-10-25T15:53:24","date_gmt":"2022-10-25T13:53:24","guid":{"rendered":"https:\/\/espelmesdali.com\/?post_type=product&#038;p=5400"},"modified":"2026-01-26T12:08:10","modified_gmt":"2026-01-26T11:08:10","slug":"programa-equilibri-7-xacres","status":"publish","type":"product","link":"https:\/\/espelmesdali.com\/es\/producto\/programa-equilibri-7-xacres\/","title":{"rendered":"Programa Equilibri 7 xacres"},"content":{"rendered":"<p>\u00abTot a l&#8217;Univers \u00e9s energia\u00bb<\/p>\n<p>Tot \u00e9s energia amb diferents freq\u00fc\u00e8ncies vibrat\u00f2ries que dep\u00e8n de la quantitat de vibracions \u00e9s m\u00e9s o menys dens. Des de l&#8217;\u00e0tom m\u00e9s petit fins el nostre cos, la terra, la galaxia, etc..\u00e9s energia.<\/p>\n<p>Incl\u00fas all\u00f2 que no podem tocar, com la llum, el so, els pensaments, les emocions, etc..tamb\u00e9 \u00e9s energia. La difer\u00e8ncia \u00e9s la freq\u00fc\u00e8ncia vibratoria.<\/p>\n<p>Aix\u00ed doncs el nostre cos f\u00edsic \u00e9s m\u00e9s dens que el nostre cos energ\u00e8tic, el podem veure i tocar. En canvi el nostre cos energ\u00e8tic \u00e9s m\u00e9s subtil i no el podem veure ni tocar amb els 5 sentits m\u00e9s coneguts encara que si que el podem percebre amb altres sentits. Al cos energ\u00e8tic \u00e9s on estan situats els xacres.<\/p>\n<p>La paraula xacra significa roda. Els xacres s\u00f3n centres energ\u00e8tics que estan distribuits pel nostre cos. Els xacres conecten el nostre cos f\u00edsic amb el cos energ\u00e8tic. Cada xacra est\u00e0 relacionat amb uns \u00f2rgans o sistemes del nostre cos f\u00edsic i a unes emocions determinades.<\/p>\n<p>Per tant si un xacra est\u00e0 bloquejat o no funciona correctament afectar\u00e0 al cos f\u00edsic i viceversa. Equilibrant els xacres equilibrarem tamb\u00e9 el cos f\u00edsic.<\/p>\n<p>Tenim molts xacres distribuits al llarg del nostre cos, per\u00f2 n&#8217;hi ha set de principals, aquests es troben al llarg de la columna vertebrall, des de l&#8217;os sacra fins a la coroneta.<\/p>\n","protected":false},"excerpt":{"rendered":"<p>Aquest \u00e9s un programa per equilibrar el nostre cos energ\u00e8tic (xacres) . Cada xacra est\u00e0 relacionat amb algun aspecte f\u00edsic, mental i emocional del nostre \u00e9sser, per aix\u00f2 \u00e9s molt important que estiguin en equilibri. Equilibrant els xacres ajudem al nostre cos f\u00edsic, mental i emocional a estar en m\u00e9s harmonia. Amb aquest programa tens una explicaci\u00f3 de qu\u00e8 s\u00f3n els xacres, una explicaci\u00f3 de cada xacra en concret, com detectar si aquest xacra est\u00e0 en desequilibri i qu\u00e8 pots fer per equilibrar-lo si \u00e9s el cas i tamb\u00e9 una meditaci\u00f3 especifica per a cada xacra en concret. M\u00e9s de 3 hores de informaci\u00f3 i meditacions per treballar els teus centres energ\u00e8tics.<\/p>\n<p>CONTINGUT: 15 \u00c0udios<\/p>\n<p>00_Intro (1 \u00c0udio)<\/p>\n<p>01_Xacra1 (2 \u00e0udios: explicaci\u00f3+ meditaci\u00f3)<\/p>\n<p>02_Xacra2 (2 \u00e0udios: explicaci\u00f3+ meditaci\u00f3)<\/p>\n<p>03_Xacra3 (2 \u00e0udios: explicaci\u00f3+ meditaci\u00f3)<\/p>\n<p>04_Xacra4 (2 \u00e0udios: explicaci\u00f3+ meditaci\u00f3)<\/p>\n<p>05_Xacra5 (2 \u00e0udios: explicaci\u00f3+ meditaci\u00f3)<\/p>\n<p>06_Xacra6 (2 \u00e0udios: explicaci\u00f3+ meditaci\u00f3)<\/p>\n<p>07_Xacra7 (2 \u00e0udios: explicaci\u00f3+ meditaci\u00f3)<\/p>\n","protected":false},"featured_media":5678,"comment_status":"open","ping_status":"closed","template":"","meta":[],"product_brand":[],"product_cat":[1241,15],"product_tag":[],"class_list":{"0":"post-5400","1":"product","2":"type-product","3":"status-publish","4":"has-post-thumbnail","6":"product_cat-contingutgratis","7":"product_cat-rituals","8":"infinite-scroll-item","9":"sales-flash-overlay","10":"woocommerce-text-align-center","11":"woocommerce-image-align-center","12":"do-quantity-buttons","14":"first","15":"instock","16":"downloadable","17":"virtual","18":"taxable","19":"purchasable","20":"product-type-simple"},"yoast_head":"<!-- This site is optimized with the Yoast SEO plugin v27.5 - https:\/\/yoast.com\/product\/yoast-seo-wordpress\/ -->\n<title>Programa Equilibri 7 xacres - Velas Dal\u00ed<\/title>\n<meta name=\"description\" content=\"Descubre las velas energ\u00e9ticas Dal\u00ed y aprovecha el poder curativo de sus ingredientes naturales. Creamos velas artesanales cargadas de energ\u00eda positiva para armonizar tu espacio y tu vida. Experimenta la calidez y bienestar con nuestras velas energ\u00e9ticas. \u00a1Compra ahora!\" \/>\n<meta name=\"robots\" content=\"index, follow, max-snippet:-1, max-image-preview:large, max-video-preview:-1\" \/>\n<link rel=\"canonical\" href=\"https:\/\/espelmesdali.com\/es\/producto\/programa-equilibri-7-xacres\/\" \/>\n<meta property=\"og:locale\" content=\"es_ES\" \/>\n<meta property=\"og:type\" content=\"article\" \/>\n<meta property=\"og:title\" content=\"Programa Equilibri 7 xacres - Velas Dal\u00ed\" \/>\n<meta property=\"og:description\" content=\"Descubre las velas energ\u00e9ticas Dal\u00ed y aprovecha el poder curativo de sus ingredientes naturales. Creamos velas artesanales cargadas de energ\u00eda positiva para armonizar tu espacio y tu vida. Experimenta la calidez y bienestar con nuestras velas energ\u00e9ticas. \u00a1Compra ahora!\" \/>\n<meta property=\"og:url\" content=\"https:\/\/espelmesdali.com\/es\/producto\/programa-equilibri-7-xacres\/\" \/>\n<meta property=\"og:site_name\" content=\"Velas Dal\u00ed\" \/>\n<meta property=\"article:publisher\" content=\"https:\/\/www.facebook.com\/profile.php?id=100086540543846\" \/>\n<meta property=\"article:modified_time\" content=\"2026-01-26T11:08:10+00:00\" \/>\n<meta property=\"og:image\" content=\"https:\/\/espelmesdali.com\/wp-content\/uploads\/2022\/10\/Programa-Equilibri-7-xacres.jpg\" \/>\n\t<meta property=\"og:image:width\" content=\"945\" \/>\n\t<meta property=\"og:image:height\" content=\"945\" \/>\n\t<meta property=\"og:image:type\" content=\"image\/jpeg\" \/>\n<meta name=\"twitter:card\" content=\"summary_large_image\" \/>\n<meta name=\"twitter:label1\" content=\"Tiempo de lectura\" \/>\n\t<meta name=\"twitter:data1\" content=\"2 minutos\" \/>\n<script type=\"application\/ld+json\" class=\"yoast-schema-graph\">{\"@context\":\"https:\\\/\\\/schema.org\",\"@graph\":[{\"@type\":\"WebPage\",\"@id\":\"https:\\\/\\\/espelmesdali.com\\\/es\\\/producto\\\/programa-equilibri-7-xacres\\\/\",\"url\":\"https:\\\/\\\/espelmesdali.com\\\/es\\\/producto\\\/programa-equilibri-7-xacres\\\/\",\"name\":\"Programa Equilibri 7 xacres - Velas Dal\u00ed\",\"isPartOf\":{\"@id\":\"https:\\\/\\\/espelmesdali.com\\\/es\\\/#website\"},\"primaryImageOfPage\":{\"@id\":\"https:\\\/\\\/espelmesdali.com\\\/es\\\/producto\\\/programa-equilibri-7-xacres\\\/#primaryimage\"},\"image\":{\"@id\":\"https:\\\/\\\/espelmesdali.com\\\/es\\\/producto\\\/programa-equilibri-7-xacres\\\/#primaryimage\"},\"thumbnailUrl\":\"https:\\\/\\\/espelmesdali.com\\\/wp-content\\\/uploads\\\/2022\\\/10\\\/Programa-Equilibri-7-xacres.jpg\",\"datePublished\":\"2022-10-25T13:53:24+00:00\",\"dateModified\":\"2026-01-26T11:08:10+00:00\",\"description\":\"Descubre las velas energ\u00e9ticas Dal\u00ed y aprovecha el poder curativo de sus ingredientes naturales. Creamos velas artesanales cargadas de energ\u00eda positiva para armonizar tu espacio y tu vida. Experimenta la calidez y bienestar con nuestras velas energ\u00e9ticas. \u00a1Compra ahora!\",\"breadcrumb\":{\"@id\":\"https:\\\/\\\/espelmesdali.com\\\/es\\\/producto\\\/programa-equilibri-7-xacres\\\/#breadcrumb\"},\"inLanguage\":\"es\",\"potentialAction\":[{\"@type\":\"ReadAction\",\"target\":[\"https:\\\/\\\/espelmesdali.com\\\/es\\\/producto\\\/programa-equilibri-7-xacres\\\/\"]}]},{\"@type\":\"ImageObject\",\"inLanguage\":\"es\",\"@id\":\"https:\\\/\\\/espelmesdali.com\\\/es\\\/producto\\\/programa-equilibri-7-xacres\\\/#primaryimage\",\"url\":\"https:\\\/\\\/espelmesdali.com\\\/wp-content\\\/uploads\\\/2022\\\/10\\\/Programa-Equilibri-7-xacres.jpg\",\"contentUrl\":\"https:\\\/\\\/espelmesdali.com\\\/wp-content\\\/uploads\\\/2022\\\/10\\\/Programa-Equilibri-7-xacres.jpg\",\"width\":945,\"height\":945,\"caption\":\"Programa Equilibri 7 xacres\"},{\"@type\":\"BreadcrumbList\",\"@id\":\"https:\\\/\\\/espelmesdali.com\\\/es\\\/producto\\\/programa-equilibri-7-xacres\\\/#breadcrumb\",\"itemListElement\":[{\"@type\":\"ListItem\",\"position\":1,\"name\":\"Portada\",\"item\":\"https:\\\/\\\/espelmesdali.com\\\/es\\\/\"},{\"@type\":\"ListItem\",\"position\":2,\"name\":\"Tienda\",\"item\":\"https:\\\/\\\/espelmesdali.com\\\/es\\\/tienda\\\/\"},{\"@type\":\"ListItem\",\"position\":3,\"name\":\"Rituales\",\"item\":\"https:\\\/\\\/espelmesdali.com\\\/es\\\/categoria-producto\\\/rituales\\\/\"},{\"@type\":\"ListItem\",\"position\":4,\"name\":\"Programa Equilibri 7 xacres\"}]},{\"@type\":\"WebSite\",\"@id\":\"https:\\\/\\\/espelmesdali.com\\\/es\\\/#website\",\"url\":\"https:\\\/\\\/espelmesdali.com\\\/es\\\/\",\"name\":\"Velas Dal\u00ed\",\"description\":\"Espelmes energ\u00e8tiques naturals i artesanes\",\"publisher\":{\"@id\":\"https:\\\/\\\/espelmesdali.com\\\/es\\\/#organization\"},\"alternateName\":\"Espelmes energ\u00e8tiques naturals i artesanes\",\"potentialAction\":[{\"@type\":\"SearchAction\",\"target\":{\"@type\":\"EntryPoint\",\"urlTemplate\":\"https:\\\/\\\/espelmesdali.com\\\/es\\\/?s={search_term_string}\"},\"query-input\":{\"@type\":\"PropertyValueSpecification\",\"valueRequired\":true,\"valueName\":\"search_term_string\"}}],\"inLanguage\":\"es\"},{\"@type\":\"Organization\",\"@id\":\"https:\\\/\\\/espelmesdali.com\\\/es\\\/#organization\",\"name\":\"Velas Dal\u00ed\",\"alternateName\":\"Espelmes energ\u00e8tiques naturals i artesanes\",\"url\":\"https:\\\/\\\/espelmesdali.com\\\/es\\\/\",\"logo\":{\"@type\":\"ImageObject\",\"inLanguage\":\"es\",\"@id\":\"https:\\\/\\\/espelmesdali.com\\\/es\\\/#\\\/schema\\\/logo\\\/image\\\/\",\"url\":\"https:\\\/\\\/i0.wp.com\\\/velasdali.com\\\/wp-content\\\/uploads\\\/2022\\\/12\\\/cropped-LOGO_DALI-01.jpg?fit=1200%2C1200&ssl=1\",\"contentUrl\":\"https:\\\/\\\/i0.wp.com\\\/velasdali.com\\\/wp-content\\\/uploads\\\/2022\\\/12\\\/cropped-LOGO_DALI-01.jpg?fit=1200%2C1200&ssl=1\",\"width\":1200,\"height\":1200,\"caption\":\"Velas Dal\u00ed\"},\"image\":{\"@id\":\"https:\\\/\\\/espelmesdali.com\\\/es\\\/#\\\/schema\\\/logo\\\/image\\\/\"},\"sameAs\":[\"https:\\\/\\\/www.facebook.com\\\/profile.php?id=100086540543846\",\"https:\\\/\\\/www.instagram.com\\\/espelmesdali\\\/\"]}]}<\/script>\n<!-- \/ Yoast SEO plugin. -->","yoast_head_json":{"title":"Programa Equilibri 7 xacres - Velas Dal\u00ed","description":"Descubre las velas energ\u00e9ticas Dal\u00ed y aprovecha el poder curativo de sus ingredientes naturales. Creamos velas artesanales cargadas de energ\u00eda positiva para armonizar tu espacio y tu vida. Experimenta la calidez y bienestar con nuestras velas energ\u00e9ticas. \u00a1Compra ahora!","robots":{"index":"index","follow":"follow","max-snippet":"max-snippet:-1","max-image-preview":"max-image-preview:large","max-video-preview":"max-video-preview:-1"},"canonical":"https:\/\/espelmesdali.com\/es\/producto\/programa-equilibri-7-xacres\/","og_locale":"es_ES","og_type":"article","og_title":"Programa Equilibri 7 xacres - Velas Dal\u00ed","og_description":"Descubre las velas energ\u00e9ticas Dal\u00ed y aprovecha el poder curativo de sus ingredientes naturales. Creamos velas artesanales cargadas de energ\u00eda positiva para armonizar tu espacio y tu vida. Experimenta la calidez y bienestar con nuestras velas energ\u00e9ticas. \u00a1Compra ahora!","og_url":"https:\/\/espelmesdali.com\/es\/producto\/programa-equilibri-7-xacres\/","og_site_name":"Velas Dal\u00ed","article_publisher":"https:\/\/www.facebook.com\/profile.php?id=100086540543846","article_modified_time":"2026-01-26T11:08:10+00:00","og_image":[{"width":945,"height":945,"url":"https:\/\/espelmesdali.com\/wp-content\/uploads\/2022\/10\/Programa-Equilibri-7-xacres.jpg","type":"image\/jpeg"}],"twitter_card":"summary_large_image","twitter_misc":{"Tiempo de lectura":"2 minutos"},"schema":{"@context":"https:\/\/schema.org","@graph":[{"@type":"WebPage","@id":"https:\/\/espelmesdali.com\/es\/producto\/programa-equilibri-7-xacres\/","url":"https:\/\/espelmesdali.com\/es\/producto\/programa-equilibri-7-xacres\/","name":"Programa Equilibri 7 xacres - Velas Dal\u00ed","isPartOf":{"@id":"https:\/\/espelmesdali.com\/es\/#website"},"primaryImageOfPage":{"@id":"https:\/\/espelmesdali.com\/es\/producto\/programa-equilibri-7-xacres\/#primaryimage"},"image":{"@id":"https:\/\/espelmesdali.com\/es\/producto\/programa-equilibri-7-xacres\/#primaryimage"},"thumbnailUrl":"https:\/\/espelmesdali.com\/wp-content\/uploads\/2022\/10\/Programa-Equilibri-7-xacres.jpg","datePublished":"2022-10-25T13:53:24+00:00","dateModified":"2026-01-26T11:08:10+00:00","description":"Descubre las velas energ\u00e9ticas Dal\u00ed y aprovecha el poder curativo de sus ingredientes naturales. Creamos velas artesanales cargadas de energ\u00eda positiva para armonizar tu espacio y tu vida. Experimenta la calidez y bienestar con nuestras velas energ\u00e9ticas. \u00a1Compra ahora!","breadcrumb":{"@id":"https:\/\/espelmesdali.com\/es\/producto\/programa-equilibri-7-xacres\/#breadcrumb"},"inLanguage":"es","potentialAction":[{"@type":"ReadAction","target":["https:\/\/espelmesdali.com\/es\/producto\/programa-equilibri-7-xacres\/"]}]},{"@type":"ImageObject","inLanguage":"es","@id":"https:\/\/espelmesdali.com\/es\/producto\/programa-equilibri-7-xacres\/#primaryimage","url":"https:\/\/espelmesdali.com\/wp-content\/uploads\/2022\/10\/Programa-Equilibri-7-xacres.jpg","contentUrl":"https:\/\/espelmesdali.com\/wp-content\/uploads\/2022\/10\/Programa-Equilibri-7-xacres.jpg","width":945,"height":945,"caption":"Programa Equilibri 7 xacres"},{"@type":"BreadcrumbList","@id":"https:\/\/espelmesdali.com\/es\/producto\/programa-equilibri-7-xacres\/#breadcrumb","itemListElement":[{"@type":"ListItem","position":1,"name":"Portada","item":"https:\/\/espelmesdali.com\/es\/"},{"@type":"ListItem","position":2,"name":"Tienda","item":"https:\/\/espelmesdali.com\/es\/tienda\/"},{"@type":"ListItem","position":3,"name":"Rituales","item":"https:\/\/espelmesdali.com\/es\/categoria-producto\/rituales\/"},{"@type":"ListItem","position":4,"name":"Programa Equilibri 7 xacres"}]},{"@type":"WebSite","@id":"https:\/\/espelmesdali.com\/es\/#website","url":"https:\/\/espelmesdali.com\/es\/","name":"Velas Dal\u00ed","description":"Espelmes energ\u00e8tiques naturals i artesanes","publisher":{"@id":"https:\/\/espelmesdali.com\/es\/#organization"},"alternateName":"Espelmes energ\u00e8tiques naturals i artesanes","potentialAction":[{"@type":"SearchAction","target":{"@type":"EntryPoint","urlTemplate":"https:\/\/espelmesdali.com\/es\/?s={search_term_string}"},"query-input":{"@type":"PropertyValueSpecification","valueRequired":true,"valueName":"search_term_string"}}],"inLanguage":"es"},{"@type":"Organization","@id":"https:\/\/espelmesdali.com\/es\/#organization","name":"Velas Dal\u00ed","alternateName":"Espelmes energ\u00e8tiques naturals i artesanes","url":"https:\/\/espelmesdali.com\/es\/","logo":{"@type":"ImageObject","inLanguage":"es","@id":"https:\/\/espelmesdali.com\/es\/#\/schema\/logo\/image\/","url":"https:\/\/i0.wp.com\/velasdali.com\/wp-content\/uploads\/2022\/12\/cropped-LOGO_DALI-01.jpg?fit=1200%2C1200&ssl=1","contentUrl":"https:\/\/i0.wp.com\/velasdali.com\/wp-content\/uploads\/2022\/12\/cropped-LOGO_DALI-01.jpg?fit=1200%2C1200&ssl=1","width":1200,"height":1200,"caption":"Velas Dal\u00ed"},"image":{"@id":"https:\/\/espelmesdali.com\/es\/#\/schema\/logo\/image\/"},"sameAs":["https:\/\/www.facebook.com\/profile.php?id=100086540543846","https:\/\/www.instagram.com\/espelmesdali\/"]}]}},"_links":{"self":[{"href":"https:\/\/espelmesdali.com\/es\/wp-json\/wp\/v2\/product\/5400","targetHints":{"allow":["GET"]}}],"collection":[{"href":"https:\/\/espelmesdali.com\/es\/wp-json\/wp\/v2\/product"}],"about":[{"href":"https:\/\/espelmesdali.com\/es\/wp-json\/wp\/v2\/types\/product"}],"replies":[{"embeddable":true,"href":"https:\/\/espelmesdali.com\/es\/wp-json\/wp\/v2\/comments?post=5400"}],"wp:featuredmedia":[{"embeddable":true,"href":"https:\/\/espelmesdali.com\/es\/wp-json\/wp\/v2\/media\/5678"}],"wp:attachment":[{"href":"https:\/\/espelmesdali.com\/es\/wp-json\/wp\/v2\/media?parent=5400"}],"wp:term":[{"taxonomy":"product_brand","embeddable":true,"href":"https:\/\/espelmesdali.com\/es\/wp-json\/wp\/v2\/product_brand?post=5400"},{"taxonomy":"product_cat","embeddable":true,"href":"https:\/\/espelmesdali.com\/es\/wp-json\/wp\/v2\/product_cat?post=5400"},{"taxonomy":"product_tag","embeddable":true,"href":"https:\/\/espelmesdali.com\/es\/wp-json\/wp\/v2\/product_tag?post=5400"}],"curies":[{"name":"wp","href":"https:\/\/api.w.org\/{rel}","templated":true}]}}