{"id":11651,"date":"2026-02-06T12:36:08","date_gmt":"2026-02-06T11:36:08","guid":{"rendered":"https:\/\/espelmesdali.com\/producte\/kit-para-hacer-velas-de-cera-de-abeja\/"},"modified":"2026-02-06T12:36:08","modified_gmt":"2026-02-06T11:36:08","slug":"kit-para-hacer-velas-de-cera-de-abeja","status":"publish","type":"product","link":"https:\/\/espelmesdali.com\/es\/producto\/kit-para-hacer-velas-de-cera-de-abeja\/","title":{"rendered":"Kit para hacer velas de cera de abeja"},"content":{"rendered":"<p><span style=\"font-weight: 400;\">El <\/span><b>kit para hacer velas de cera de abeja<\/b><span style=\"font-weight: 400;\"> es perfecto para iniciarte en el mundo de las velas artesanales. Incluye <\/span><b>l\u00e1minas de cera de abeja 100% puras<\/b><span style=\"font-weight: 400;\"> y <\/span><b>mecha de algod\u00f3n encerada con cera natural<\/b><span style=\"font-weight: 400;\">, todo preparado para que puedas crear velas naturales de manera f\u00e1cil y segura.<\/span><\/p>\n<p><span style=\"font-weight: 400;\">Es un kit sostenible, hecho con materiales naturales y libre de parafina. Las l\u00e1minas son flexibles, f\u00e1ciles de enrollar y desprenden un suave aroma a miel. La mecha quema de manera limpia y estable, ideal para velas naturales.<\/span><\/p>\n<p><span style=\"font-weight: 400;\">Con este kit puedes crear velas para decorar tu hogar, hacer regalos artesanales o disfrutar de una actividad creativa en familia.<\/span><\/p>\n<p><b>Incluye:<\/b><\/p>\n<ul>\n<li style=\"font-weight: 400;\" aria-level=\"1\"><span style=\"font-weight: 400;\">12 l\u00e1minas de <\/span><b>cera de abeja 100% pura<\/b><span style=\"font-weight: 400;\"> (17x14cm) con textura de panal.<\/span><\/li>\n<li style=\"font-weight: 400;\" aria-level=\"1\">2 metros de <b>mecha de algod\u00f3n encerada<\/b><span style=\"font-weight: 400;\"> con cera natural.<\/span><\/li>\n<li style=\"font-weight: 400;\" aria-level=\"1\"><span style=\"font-weight: 400;\">Materiales sostenibles y libres de t\u00f3xicos.<\/span><\/li>\n<li style=\"font-weight: 400;\" aria-level=\"1\"><span style=\"font-weight: 400;\">Todo lo necesario para empezar a hacer velas artesanales.<\/span><\/li>\n<\/ul>\n<p><b>Ideal para:<\/b><b><br \/>\n<\/b><span style=\"font-weight: 400;\"> Decoraci\u00f3n natural, regalos hechos a mano, actividades con ni\u00f1os, iniciaci\u00f3n a la artesan\u00eda y elaboraci\u00f3n de velas sin parafina.<\/span><\/p>\n<p>Cuando hagas velas con este kit, tambi\u00e9n puedes programarlas con una intenci\u00f3n personal. Te dejamos una gu\u00eda paso a paso aqu\u00ed: <a href=\"https:\/\/espelmesdali.com\/programar-espelma-energetica-cera-abella-enrotllada\/\">C\u00f3mo programar vela energ\u00e9tica<\/a><\/p>\n","protected":false},"excerpt":{"rendered":"<p><strong>Kit completo con l\u00e1minas de cera de abeja y mecha encerada. Materiales naturales, ecol\u00f3gicos y muy f\u00e1ciles de utilizar para crear velas artesanales en casa.<\/strong><\/p>\n","protected":false},"featured_media":11136,"comment_status":"open","ping_status":"closed","template":"","meta":[],"product_brand":[],"product_cat":[1271,1269,1149,580],"product_tag":[],"class_list":{"0":"post-11651","1":"product","2":"type-product","3":"status-publish","4":"has-post-thumbnail","6":"product_cat-ceradeabeja","7":"product_cat-materialvelas","8":"product_cat-material-velas","9":"product_cat-velas-de-miel","10":"infinite-scroll-item","11":"sales-flash-overlay","12":"woocommerce-text-align-center","13":"woocommerce-image-align-center","14":"do-quantity-buttons","16":"first","17":"instock","18":"taxable","19":"shipping-taxable","20":"purchasable","21":"product-type-simple"},"yoast_head":"<!-- This site is optimized with the Yoast SEO plugin v27.4 - https:\/\/yoast.com\/product\/yoast-seo-wordpress\/ -->\n<title>Kit para hacer velas de cera de abeja - Velas Dal\u00ed<\/title>\n<meta name=\"description\" content=\"Kit completo con l\u00e1minas de cera de abeja y mecha encerada. Materiales naturales, ecol\u00f3gicos y muy f\u00e1ciles de utilizar para crear velas artesanales en casa.\" \/>\n<meta name=\"robots\" content=\"index, follow, max-snippet:-1, max-image-preview:large, max-video-preview:-1\" \/>\n<link rel=\"canonical\" href=\"https:\/\/espelmesdali.com\/es\/producto\/kit-para-hacer-velas-de-cera-de-abeja\/\" \/>\n<meta property=\"og:locale\" content=\"es_ES\" \/>\n<meta property=\"og:type\" content=\"article\" \/>\n<meta property=\"og:title\" content=\"Kit para hacer velas de cera de abeja - Velas Dal\u00ed\" \/>\n<meta property=\"og:description\" content=\"Kit completo con l\u00e1minas de cera de abeja y mecha encerada. Materiales naturales, ecol\u00f3gicos y muy f\u00e1ciles de utilizar para crear velas artesanales en casa.\" \/>\n<meta property=\"og:url\" content=\"https:\/\/espelmesdali.com\/es\/producto\/kit-para-hacer-velas-de-cera-de-abeja\/\" \/>\n<meta property=\"og:site_name\" content=\"Velas Dal\u00ed\" \/>\n<meta property=\"article:publisher\" content=\"https:\/\/www.facebook.com\/profile.php?id=100086540543846\" \/>\n<meta property=\"og:image\" content=\"https:\/\/espelmesdali.com\/wp-content\/uploads\/2026\/02\/Lamina-de-cera-dabelles-i-fil.png\" \/>\n\t<meta property=\"og:image:width\" content=\"1536\" \/>\n\t<meta property=\"og:image:height\" content=\"1024\" \/>\n\t<meta property=\"og:image:type\" content=\"image\/png\" \/>\n<meta name=\"twitter:card\" content=\"summary_large_image\" \/>\n<meta name=\"twitter:label1\" content=\"Tiempo de lectura\" \/>\n\t<meta name=\"twitter:data1\" content=\"1 minuto\" \/>\n<script type=\"application\/ld+json\" class=\"yoast-schema-graph\">{\"@context\":\"https:\\\/\\\/schema.org\",\"@graph\":[{\"@type\":\"WebPage\",\"@id\":\"https:\\\/\\\/espelmesdali.com\\\/es\\\/producto\\\/kit-para-hacer-velas-de-cera-de-abeja\\\/\",\"url\":\"https:\\\/\\\/espelmesdali.com\\\/es\\\/producto\\\/kit-para-hacer-velas-de-cera-de-abeja\\\/\",\"name\":\"Kit para hacer velas de cera de abeja - Velas Dal\u00ed\",\"isPartOf\":{\"@id\":\"https:\\\/\\\/espelmesdali.com\\\/es\\\/#website\"},\"primaryImageOfPage\":{\"@id\":\"https:\\\/\\\/espelmesdali.com\\\/es\\\/producto\\\/kit-para-hacer-velas-de-cera-de-abeja\\\/#primaryimage\"},\"image\":{\"@id\":\"https:\\\/\\\/espelmesdali.com\\\/es\\\/producto\\\/kit-para-hacer-velas-de-cera-de-abeja\\\/#primaryimage\"},\"thumbnailUrl\":\"https:\\\/\\\/espelmesdali.com\\\/wp-content\\\/uploads\\\/2026\\\/02\\\/Lamina-de-cera-dabelles-i-fil.png\",\"datePublished\":\"2026-02-06T11:36:08+00:00\",\"description\":\"Kit completo con l\u00e1minas de cera de abeja y mecha encerada. Materiales naturales, ecol\u00f3gicos y muy f\u00e1ciles de utilizar para crear velas artesanales en casa.\",\"breadcrumb\":{\"@id\":\"https:\\\/\\\/espelmesdali.com\\\/es\\\/producto\\\/kit-para-hacer-velas-de-cera-de-abeja\\\/#breadcrumb\"},\"inLanguage\":\"es\",\"potentialAction\":[{\"@type\":\"ReadAction\",\"target\":[\"https:\\\/\\\/espelmesdali.com\\\/es\\\/producto\\\/kit-para-hacer-velas-de-cera-de-abeja\\\/\"]}]},{\"@type\":\"ImageObject\",\"inLanguage\":\"es\",\"@id\":\"https:\\\/\\\/espelmesdali.com\\\/es\\\/producto\\\/kit-para-hacer-velas-de-cera-de-abeja\\\/#primaryimage\",\"url\":\"https:\\\/\\\/espelmesdali.com\\\/wp-content\\\/uploads\\\/2026\\\/02\\\/Lamina-de-cera-dabelles-i-fil.png\",\"contentUrl\":\"https:\\\/\\\/espelmesdali.com\\\/wp-content\\\/uploads\\\/2026\\\/02\\\/Lamina-de-cera-dabelles-i-fil.png\",\"width\":1536,\"height\":1024,\"caption\":\"kit para crear velas de cera de abeja con l\u00e1minas y mecha natural.\"},{\"@type\":\"BreadcrumbList\",\"@id\":\"https:\\\/\\\/espelmesdali.com\\\/es\\\/producto\\\/kit-para-hacer-velas-de-cera-de-abeja\\\/#breadcrumb\",\"itemListElement\":[{\"@type\":\"ListItem\",\"position\":1,\"name\":\"Portada\",\"item\":\"https:\\\/\\\/espelmesdali.com\\\/es\\\/\"},{\"@type\":\"ListItem\",\"position\":2,\"name\":\"Tienda\",\"item\":\"https:\\\/\\\/espelmesdali.com\\\/es\\\/tienda\\\/\"},{\"@type\":\"ListItem\",\"position\":3,\"name\":\"Kit para hacer velas de cera de abeja\"}]},{\"@type\":\"WebSite\",\"@id\":\"https:\\\/\\\/espelmesdali.com\\\/es\\\/#website\",\"url\":\"https:\\\/\\\/espelmesdali.com\\\/es\\\/\",\"name\":\"Velas Dal\u00ed\",\"description\":\"Espelmes energ\u00e8tiques naturals i artesanes\",\"publisher\":{\"@id\":\"https:\\\/\\\/espelmesdali.com\\\/es\\\/#organization\"},\"alternateName\":\"Espelmes energ\u00e8tiques naturals i artesanes\",\"potentialAction\":[{\"@type\":\"SearchAction\",\"target\":{\"@type\":\"EntryPoint\",\"urlTemplate\":\"https:\\\/\\\/espelmesdali.com\\\/es\\\/?s={search_term_string}\"},\"query-input\":{\"@type\":\"PropertyValueSpecification\",\"valueRequired\":true,\"valueName\":\"search_term_string\"}}],\"inLanguage\":\"es\"},{\"@type\":\"Organization\",\"@id\":\"https:\\\/\\\/espelmesdali.com\\\/es\\\/#organization\",\"name\":\"Velas Dal\u00ed\",\"alternateName\":\"Espelmes energ\u00e8tiques naturals i artesanes\",\"url\":\"https:\\\/\\\/espelmesdali.com\\\/es\\\/\",\"logo\":{\"@type\":\"ImageObject\",\"inLanguage\":\"es\",\"@id\":\"https:\\\/\\\/espelmesdali.com\\\/es\\\/#\\\/schema\\\/logo\\\/image\\\/\",\"url\":\"https:\\\/\\\/i0.wp.com\\\/velasdali.com\\\/wp-content\\\/uploads\\\/2022\\\/12\\\/cropped-LOGO_DALI-01.jpg?fit=1200%2C1200&ssl=1\",\"contentUrl\":\"https:\\\/\\\/i0.wp.com\\\/velasdali.com\\\/wp-content\\\/uploads\\\/2022\\\/12\\\/cropped-LOGO_DALI-01.jpg?fit=1200%2C1200&ssl=1\",\"width\":1200,\"height\":1200,\"caption\":\"Velas Dal\u00ed\"},\"image\":{\"@id\":\"https:\\\/\\\/espelmesdali.com\\\/es\\\/#\\\/schema\\\/logo\\\/image\\\/\"},\"sameAs\":[\"https:\\\/\\\/www.facebook.com\\\/profile.php?id=100086540543846\",\"https:\\\/\\\/www.instagram.com\\\/espelmesdali\\\/\"]}]}<\/script>\n<!-- \/ Yoast SEO plugin. -->","yoast_head_json":{"title":"Kit para hacer velas de cera de abeja - Velas Dal\u00ed","description":"Kit completo con l\u00e1minas de cera de abeja y mecha encerada. Materiales naturales, ecol\u00f3gicos y muy f\u00e1ciles de utilizar para crear velas artesanales en casa.","robots":{"index":"index","follow":"follow","max-snippet":"max-snippet:-1","max-image-preview":"max-image-preview:large","max-video-preview":"max-video-preview:-1"},"canonical":"https:\/\/espelmesdali.com\/es\/producto\/kit-para-hacer-velas-de-cera-de-abeja\/","og_locale":"es_ES","og_type":"article","og_title":"Kit para hacer velas de cera de abeja - Velas Dal\u00ed","og_description":"Kit completo con l\u00e1minas de cera de abeja y mecha encerada. Materiales naturales, ecol\u00f3gicos y muy f\u00e1ciles de utilizar para crear velas artesanales en casa.","og_url":"https:\/\/espelmesdali.com\/es\/producto\/kit-para-hacer-velas-de-cera-de-abeja\/","og_site_name":"Velas Dal\u00ed","article_publisher":"https:\/\/www.facebook.com\/profile.php?id=100086540543846","og_image":[{"width":1536,"height":1024,"url":"https:\/\/espelmesdali.com\/wp-content\/uploads\/2026\/02\/Lamina-de-cera-dabelles-i-fil.png","type":"image\/png"}],"twitter_card":"summary_large_image","twitter_misc":{"Tiempo de lectura":"1 minuto"},"schema":{"@context":"https:\/\/schema.org","@graph":[{"@type":"WebPage","@id":"https:\/\/espelmesdali.com\/es\/producto\/kit-para-hacer-velas-de-cera-de-abeja\/","url":"https:\/\/espelmesdali.com\/es\/producto\/kit-para-hacer-velas-de-cera-de-abeja\/","name":"Kit para hacer velas de cera de abeja - Velas Dal\u00ed","isPartOf":{"@id":"https:\/\/espelmesdali.com\/es\/#website"},"primaryImageOfPage":{"@id":"https:\/\/espelmesdali.com\/es\/producto\/kit-para-hacer-velas-de-cera-de-abeja\/#primaryimage"},"image":{"@id":"https:\/\/espelmesdali.com\/es\/producto\/kit-para-hacer-velas-de-cera-de-abeja\/#primaryimage"},"thumbnailUrl":"https:\/\/espelmesdali.com\/wp-content\/uploads\/2026\/02\/Lamina-de-cera-dabelles-i-fil.png","datePublished":"2026-02-06T11:36:08+00:00","description":"Kit completo con l\u00e1minas de cera de abeja y mecha encerada. Materiales naturales, ecol\u00f3gicos y muy f\u00e1ciles de utilizar para crear velas artesanales en casa.","breadcrumb":{"@id":"https:\/\/espelmesdali.com\/es\/producto\/kit-para-hacer-velas-de-cera-de-abeja\/#breadcrumb"},"inLanguage":"es","potentialAction":[{"@type":"ReadAction","target":["https:\/\/espelmesdali.com\/es\/producto\/kit-para-hacer-velas-de-cera-de-abeja\/"]}]},{"@type":"ImageObject","inLanguage":"es","@id":"https:\/\/espelmesdali.com\/es\/producto\/kit-para-hacer-velas-de-cera-de-abeja\/#primaryimage","url":"https:\/\/espelmesdali.com\/wp-content\/uploads\/2026\/02\/Lamina-de-cera-dabelles-i-fil.png","contentUrl":"https:\/\/espelmesdali.com\/wp-content\/uploads\/2026\/02\/Lamina-de-cera-dabelles-i-fil.png","width":1536,"height":1024,"caption":"kit para crear velas de cera de abeja con l\u00e1minas y mecha natural."},{"@type":"BreadcrumbList","@id":"https:\/\/espelmesdali.com\/es\/producto\/kit-para-hacer-velas-de-cera-de-abeja\/#breadcrumb","itemListElement":[{"@type":"ListItem","position":1,"name":"Portada","item":"https:\/\/espelmesdali.com\/es\/"},{"@type":"ListItem","position":2,"name":"Tienda","item":"https:\/\/espelmesdali.com\/es\/tienda\/"},{"@type":"ListItem","position":3,"name":"Kit para hacer velas de cera de abeja"}]},{"@type":"WebSite","@id":"https:\/\/espelmesdali.com\/es\/#website","url":"https:\/\/espelmesdali.com\/es\/","name":"Velas Dal\u00ed","description":"Espelmes energ\u00e8tiques naturals i artesanes","publisher":{"@id":"https:\/\/espelmesdali.com\/es\/#organization"},"alternateName":"Espelmes energ\u00e8tiques naturals i artesanes","potentialAction":[{"@type":"SearchAction","target":{"@type":"EntryPoint","urlTemplate":"https:\/\/espelmesdali.com\/es\/?s={search_term_string}"},"query-input":{"@type":"PropertyValueSpecification","valueRequired":true,"valueName":"search_term_string"}}],"inLanguage":"es"},{"@type":"Organization","@id":"https:\/\/espelmesdali.com\/es\/#organization","name":"Velas Dal\u00ed","alternateName":"Espelmes energ\u00e8tiques naturals i artesanes","url":"https:\/\/espelmesdali.com\/es\/","logo":{"@type":"ImageObject","inLanguage":"es","@id":"https:\/\/espelmesdali.com\/es\/#\/schema\/logo\/image\/","url":"https:\/\/i0.wp.com\/velasdali.com\/wp-content\/uploads\/2022\/12\/cropped-LOGO_DALI-01.jpg?fit=1200%2C1200&ssl=1","contentUrl":"https:\/\/i0.wp.com\/velasdali.com\/wp-content\/uploads\/2022\/12\/cropped-LOGO_DALI-01.jpg?fit=1200%2C1200&ssl=1","width":1200,"height":1200,"caption":"Velas Dal\u00ed"},"image":{"@id":"https:\/\/espelmesdali.com\/es\/#\/schema\/logo\/image\/"},"sameAs":["https:\/\/www.facebook.com\/profile.php?id=100086540543846","https:\/\/www.instagram.com\/espelmesdali\/"]}]}},"_links":{"self":[{"href":"https:\/\/espelmesdali.com\/es\/wp-json\/wp\/v2\/product\/11651","targetHints":{"allow":["GET"]}}],"collection":[{"href":"https:\/\/espelmesdali.com\/es\/wp-json\/wp\/v2\/product"}],"about":[{"href":"https:\/\/espelmesdali.com\/es\/wp-json\/wp\/v2\/types\/product"}],"replies":[{"embeddable":true,"href":"https:\/\/espelmesdali.com\/es\/wp-json\/wp\/v2\/comments?post=11651"}],"wp:featuredmedia":[{"embeddable":true,"href":"https:\/\/espelmesdali.com\/es\/wp-json\/wp\/v2\/media\/11136"}],"wp:attachment":[{"href":"https:\/\/espelmesdali.com\/es\/wp-json\/wp\/v2\/media?parent=11651"}],"wp:term":[{"taxonomy":"product_brand","embeddable":true,"href":"https:\/\/espelmesdali.com\/es\/wp-json\/wp\/v2\/product_brand?post=11651"},{"taxonomy":"product_cat","embeddable":true,"href":"https:\/\/espelmesdali.com\/es\/wp-json\/wp\/v2\/product_cat?post=11651"},{"taxonomy":"product_tag","embeddable":true,"href":"https:\/\/espelmesdali.com\/es\/wp-json\/wp\/v2\/product_tag?post=11651"}],"curies":[{"name":"wp","href":"https:\/\/api.w.org\/{rel}","templated":true}]}}