{"id":11480,"date":"2026-02-23T19:54:12","date_gmt":"2026-02-23T18:54:12","guid":{"rendered":"https:\/\/espelmesdali.com\/producte\/ver-sin-los-ojos-es-posible\/"},"modified":"2026-04-10T11:21:25","modified_gmt":"2026-04-10T09:21:25","slug":"ver-sin-los-ojos-es-posible","status":"publish","type":"product","link":"https:\/\/espelmesdali.com\/es\/producto\/ver-sin-los-ojos-es-posible\/","title":{"rendered":"VER SIN LOS OJOS ES POSIBLE"},"content":{"rendered":"<h1><b>\ud83d\udfe3 Ver sin ojos es posible\u2026 y esta gu\u00eda te revela el como y el porque<\/b><\/h1>\n<p><span style=\"font-weight: 400;\">Este libro es una invitaci\u00f3n potente a descubrir el mundo de la <\/span><b>visi\u00f3n intuitiva<\/b><span style=\"font-weight: 400;\">, una capacidad conocida tambi\u00e9n como d<\/span><b>ermovisi\u00f3n<\/b><span style=\"font-weight: 400;\">, <\/span><b>visi\u00f3n extraocular<\/b><span style=\"font-weight: 400;\">, <\/span><b>infovisi\u00f3n<\/b><span style=\"font-weight: 400;\">, <\/span><span style=\"font-weight: 400;\"><b>vibra visi\u00f3n<\/b><\/span><span style=\"font-weight: 400;\">\u00a0o <\/span><b>m\u00e9todo VEO<\/b><span style=\"font-weight: 400;\">.<\/span><span style=\"font-weight: 400;\"><br \/>\n<\/span><span style=\"font-weight: 400;\">Una obra clave para todas las personas que sienten curiosidad para las posibilidades reales y cient\u00edficas de la consciencia humana.<\/span><\/p>\n<h2><b>\ud83d\udd0d Qu\u00e9 encontrar\u00e1s dentro del libro?<\/b><\/h2>\n<p><span style=\"font-weight: 400;\">\u2714\ufe0f La <\/span><b>historia<\/b><span style=\"font-weight: 400;\"> documentada de la capacidad de ver sin los ojos\u00a0<\/span><span style=\"font-weight: 400;\"><br \/>\n<\/span><span style=\"font-weight: 400;\">\u2714\ufe0f <\/span><b>Bases biol\u00f3gicas i fisiol\u00f3gicas<\/b><span style=\"font-weight: 400;\"> que podr\u00edan explicarla<\/span><span style=\"font-weight: 400;\"><br \/>\n<\/span><span style=\"font-weight: 400;\">\u2714\ufe0f Los <\/span><b>4 pilares de entrenamiento<\/b><span style=\"font-weight: 400;\"> de la Visi\u00f3n Intuitiva<\/span><span style=\"font-weight: 400;\"><br \/>\n<\/span><span style=\"font-weight: 400;\">\u2714\ufe0f <\/span><b>Trabajo de creencias limitantes<\/b><span style=\"font-weight: 400;\"> y patrones mentales<\/span><span style=\"font-weight: 400;\"><br \/>\n<\/span><span style=\"font-weight: 400;\">\u2714\ufe0f <\/span><b>Respiraciones y meditaciones<\/b><span style=\"font-weight: 400;\"> descargables<\/span><span style=\"font-weight: 400;\"><br \/>\n<\/span><span style=\"font-weight: 400;\">\u2714\ufe0f <\/span><b>Ejercicios sencillos<\/b><span style=\"font-weight: 400;\"> para empezar desde casa<\/span><span style=\"font-weight: 400;\"><br \/>\n<\/span><span style=\"font-weight: 400;\">\u2714\ufe0f Intuici\u00f3n ampliada: <\/span><b>telepat\u00eda, visi\u00f3n remota, percepci\u00f3n energ\u00e9tica<\/b><b><br \/>\n<\/b><span style=\"font-weight: 400;\">\u2714\ufe0f <\/span><b>Aproximaci\u00f3n cient\u00edfica<\/b><span style=\"font-weight: 400;\">: f\u00edsica qu\u00e1ntica, coherencia card\u00edaca, bioenerg\u00eda<\/span><span style=\"font-weight: 400;\"><br \/>\n<\/span><span style=\"font-weight: 400;\">\u2714\ufe0f <\/span><b>Casos pr\u00e1cticos<\/b><span style=\"font-weight: 400;\">, incluidos participantes con ceguera<\/span><span style=\"font-weight: 400;\"><br \/>\n<\/span><span style=\"font-weight: 400;\">\u2714\ufe0f <\/span><b>26 v\u00eddeos y documentales<\/b><span style=\"font-weight: 400;\"> en QR para profundizar el contenido<\/span><\/p>\n<h1><b>\ud83d\udcda Contenidos del libro<\/b><\/h1>\n<h2><b>Cap\u00edtulo 1 \u2013 Historia de la capacidad de ver sin ojos<\/b><\/h2>\n<p><span style=\"font-weight: 400;\">\u00bfPor qu\u00e9 nadie nos hab\u00eda explicado que esto era posible?<\/span><\/p>\n<h2><b>Cap\u00edtulo 2 \u2013 Indicios biol\u00f3gicos y fisiol\u00f3gicos<\/b><\/h2>\n<p><span style=\"font-weight: 400;\">\u00bfQu\u00e9 mecanismos podr\u00edan permitir esta capacidad?<\/span><\/p>\n<h2><b>Cap\u00edtulo 3 \u2013 Entrenamiento y beneficios<\/b><\/h2>\n<p><span style=\"font-weight: 400;\">Los <\/span><b>4 pilares<\/b><span style=\"font-weight: 400;\"> de la Visi\u00f3n Intuitiva y como aplicarlos.<\/span><\/p>\n<h2><b>Cap\u00edtulo 4 \u2013 Cuando ver sin ojos es\u00a0 posible\u2026 \u00bfqu\u00e9 m\u00e1s podemos hacer?<\/b><\/h2>\n<p><span style=\"font-weight: 400;\">Intuici\u00f3n ampliada: <\/span><b>telepat\u00eda, visi\u00f3n remota, sensibilidad energ\u00e9tica<\/b><span style=\"font-weight: 400;\">.<\/span><\/p>\n<h2><b>Cap\u00edtulo 5 \u2013 De d\u00f3nde proviene la informaci\u00f3n?<\/b><\/h2>\n<p><span style=\"font-weight: 400;\">Un recorrido accesible para la <\/span><b>f\u00edsica qu\u00e1ntica<\/b><span style=\"font-weight: 400;\">, espiritualidad y consciencia.<\/span><\/p>\n<h2><b>Cap\u00edtulo 6 \u2013 Casos pr\u00e1cticos y experiencias con personas con ceguera<\/b><\/h2>\n<h2><b>Cap\u00edtulo 7 \u2013 A la pr\u00e1ctica!<\/b><\/h2>\n<p><span style=\"font-weight: 400;\">Ejercicios, respiraciones y meditaciones para activar la capacidad.<\/span><\/p>\n<h1><b>\ud83d\udc69\u200d\ud83c\udfeb Los autores<\/b><\/h1>\n<h2><b>\u270d\ufe0f T\u00e0nia Agorreta Albert<\/b><\/h2>\n<p><span style=\"font-weight: 400;\">Fundadora d\u2019<\/span><b>INTUITU EDITIONS<\/b><span style=\"font-weight: 400;\"> y directora de <\/span><b>INTUITU \u2013 Instituto de Visi\u00f3n Intuitiva<\/b><span style=\"font-weight: 400;\">. Experta en el desenrollamiento de la intuici\u00f3n en adultos y responsable de un programa pionero gratuito para personas con ceguera. Ha trabajado con centenares de participantes y ha formado decenas de profesionales en la <\/span><b>Formaci\u00f3n de Coach de Visi\u00f3n Intuitiva<\/b><span style=\"font-weight: 400;\">.<\/span><\/p>\n<h2><b>\u270d\ufe0f Jordi Imbert Riera<\/b><\/h2>\n<p><span style=\"font-weight: 400;\">Cofundador d\u2019INTUITU, maestro y investigador de la consciencia humana. Formado en ocho metodolog\u00edas diferentes para <strong>ver sin ojos<\/strong>,<\/span><span style=\"font-weight: 400;\"> incluyendo el <\/span><b>m\u00e9todo VEO<\/b><span style=\"font-weight: 400;\">, la visi\u00f3n remota y t\u00e9cnicas de respiraci\u00f3n. Autor de tres libros relacionados con la visi\u00f3n extraocular y el desenrollamiento de capacidades intuitivas.<\/span><\/p>\n<h1><b>\ud83c\udfaf \u00bfA qui\u00e9n se dirige este libro?<\/b><\/h1>\n<p><span style=\"font-weight: 400;\">Ideal para personas interesadas en:<\/span><\/p>\n<ul>\n<li style=\"font-weight: 400;\" aria-level=\"1\"><span style=\"font-weight: 400;\">Crecimiento personal y espiritual<\/span><\/li>\n<li style=\"font-weight: 400;\" aria-level=\"1\"><span style=\"font-weight: 400;\">Desenvolupamiento de la intuici\u00f3n<\/span><\/li>\n<li style=\"font-weight: 400;\" aria-level=\"1\"><span style=\"font-weight: 400;\">M\u00e9todos como dermovisi\u00f3n, visi\u00f3n remota o activaci\u00f3n de la gl\u00e1ndula pineal<\/span><\/li>\n<li style=\"font-weight: 400;\" aria-level=\"1\"><span style=\"font-weight: 400;\">Neurociencia, f\u00edsica qu\u00e1ntica y consciencia<\/span><\/li>\n<li style=\"font-weight: 400;\" aria-level=\"1\"><span style=\"font-weight: 400;\">Autoconocimiento y evoluci\u00f3n interior<\/span><\/li>\n<li style=\"font-weight: 400;\" aria-level=\"1\"><span style=\"font-weight: 400;\">Educadores, terapeutas, psic\u00f3logos y coaches<\/span><\/li>\n<\/ul>\n<h1><b>\u2b50 Beneficios de leer este libro<\/b><\/h1>\n<p><span style=\"font-weight: 400;\">\u2714 Activas tu intuici\u00f3n de una manera guiada<\/span><span style=\"font-weight: 400;\"><br \/>\n<\/span><span style=\"font-weight: 400;\">\u2714 Entiendes las bases de la visi\u00f3n sin ojos\u00a0\u00a0<\/span><span style=\"font-weight: 400;\"><br \/>\n<\/span><span style=\"font-weight: 400;\">\u2714 Mejoras la atenci\u00f3n y la percepci\u00f3n sutil<\/span><span style=\"font-weight: 400;\"><br \/>\n<\/span><span style=\"font-weight: 400;\">\u2714 Rompes creencias limitantes que bloquean tu potencial<\/span><span style=\"font-weight: 400;\"><br \/>\n<\/span><span style=\"font-weight: 400;\">\u2714 Conectas con tu consciencia profunda<\/span><span style=\"font-weight: 400;\"><br \/>\n<\/span><span style=\"font-weight: 400;\">\u2714 Adquieres herramientas pr\u00e1cticas aplicables al d\u00eda a d\u00eda<\/span><\/p>\n","protected":false},"excerpt":{"rendered":"<p><span style=\"font-weight: 400;\">Una gu\u00eda imprescindible para entender y entrenar la <\/span><b>visi\u00f3n intuitiva<\/b><span style=\"font-weight: 400;\">, tambi\u00e9n nombrada <\/span><b>dermovisi\u00f3n<\/b><span style=\"font-weight: 400;\"> o <\/span><b>visi\u00f3n extraocular<\/b><span style=\"font-weight: 400;\">. Descubre <\/span><b>como es posible<\/b><span style=\"font-weight: 400;\"> esta capacidad, <\/span><b>como entrenarla<\/b><span style=\"font-weight: 400;\"> y accede a <\/span><b>respiraciones, meditaciones y v\u00eddeos exclusivos<\/b><span style=\"font-weight: 400;\"> para iniciarte desde casa.<\/span><\/p>\n","protected":false},"featured_media":11471,"comment_status":"open","ping_status":"closed","template":"","meta":[],"product_brand":[],"product_cat":[1270],"product_tag":[],"class_list":{"0":"post-11480","1":"product","2":"type-product","3":"status-publish","4":"has-post-thumbnail","6":"product_cat-libros-","7":"product_shipping_class-envio-gratis","8":"infinite-scroll-item","9":"sales-flash-overlay","10":"woocommerce-text-align-center","11":"woocommerce-image-align-center","12":"do-quantity-buttons","13":"wc-has-gallery","15":"first","16":"instock","17":"featured","18":"taxable","19":"shipping-taxable","20":"purchasable","21":"product-type-simple"},"yoast_head":"<!-- This site is optimized with the Yoast SEO plugin v27.4 - https:\/\/yoast.com\/product\/yoast-seo-wordpress\/ -->\n<title>VER SIN LOS OJOS ES POSIBLE - Velas Dal\u00ed<\/title>\n<meta name=\"description\" content=\"Descubre como es posible ver sin ojos. Gu\u00eda pr\u00e1ctica sobre visi\u00f3n intuitiva, termovisi\u00f3n, intuici\u00f3n ampliada, ejercicios, ciencia y casos reales.\" \/>\n<meta name=\"robots\" content=\"index, follow, max-snippet:-1, max-image-preview:large, max-video-preview:-1\" \/>\n<link rel=\"canonical\" href=\"https:\/\/espelmesdali.com\/es\/producto\/ver-sin-los-ojos-es-posible\/\" \/>\n<meta property=\"og:locale\" content=\"es_ES\" \/>\n<meta property=\"og:type\" content=\"article\" \/>\n<meta property=\"og:title\" content=\"VER SIN LOS OJOS ES POSIBLE - Velas Dal\u00ed\" \/>\n<meta property=\"og:description\" content=\"Descubre como es posible ver sin ojos. Gu\u00eda pr\u00e1ctica sobre visi\u00f3n intuitiva, termovisi\u00f3n, intuici\u00f3n ampliada, ejercicios, ciencia y casos reales.\" \/>\n<meta property=\"og:url\" content=\"https:\/\/espelmesdali.com\/es\/producto\/ver-sin-los-ojos-es-posible\/\" \/>\n<meta property=\"og:site_name\" content=\"Velas Dal\u00ed\" \/>\n<meta property=\"article:publisher\" content=\"https:\/\/www.facebook.com\/profile.php?id=100086540543846\" \/>\n<meta property=\"article:modified_time\" content=\"2026-04-10T09:21:25+00:00\" \/>\n<meta property=\"og:image\" content=\"https:\/\/espelmesdali.com\/wp-content\/uploads\/2026\/02\/WhatsApp-Image-2026-02-23-at-07.26.26-1.jpeg\" \/>\n\t<meta property=\"og:image:width\" content=\"1008\" \/>\n\t<meta property=\"og:image:height\" content=\"1036\" \/>\n\t<meta property=\"og:image:type\" content=\"image\/jpeg\" \/>\n<meta name=\"twitter:card\" content=\"summary_large_image\" \/>\n<meta name=\"twitter:label1\" content=\"Tiempo de lectura\" \/>\n\t<meta name=\"twitter:data1\" content=\"1 minuto\" \/>\n<script type=\"application\/ld+json\" class=\"yoast-schema-graph\">{\"@context\":\"https:\\\/\\\/schema.org\",\"@graph\":[{\"@type\":\"WebPage\",\"@id\":\"https:\\\/\\\/espelmesdali.com\\\/es\\\/producto\\\/ver-sin-los-ojos-es-posible\\\/\",\"url\":\"https:\\\/\\\/espelmesdali.com\\\/es\\\/producto\\\/ver-sin-los-ojos-es-posible\\\/\",\"name\":\"VER SIN LOS OJOS ES POSIBLE - Velas Dal\u00ed\",\"isPartOf\":{\"@id\":\"https:\\\/\\\/espelmesdali.com\\\/es\\\/#website\"},\"primaryImageOfPage\":{\"@id\":\"https:\\\/\\\/espelmesdali.com\\\/es\\\/producto\\\/ver-sin-los-ojos-es-posible\\\/#primaryimage\"},\"image\":{\"@id\":\"https:\\\/\\\/espelmesdali.com\\\/es\\\/producto\\\/ver-sin-los-ojos-es-posible\\\/#primaryimage\"},\"thumbnailUrl\":\"https:\\\/\\\/espelmesdali.com\\\/wp-content\\\/uploads\\\/2026\\\/02\\\/WhatsApp-Image-2026-02-23-at-07.26.26-1.jpeg\",\"datePublished\":\"2026-02-23T18:54:12+00:00\",\"dateModified\":\"2026-04-10T09:21:25+00:00\",\"description\":\"Descubre como es posible ver sin ojos. Gu\u00eda pr\u00e1ctica sobre visi\u00f3n intuitiva, termovisi\u00f3n, intuici\u00f3n ampliada, ejercicios, ciencia y casos reales.\",\"breadcrumb\":{\"@id\":\"https:\\\/\\\/espelmesdali.com\\\/es\\\/producto\\\/ver-sin-los-ojos-es-posible\\\/#breadcrumb\"},\"inLanguage\":\"es\",\"potentialAction\":[{\"@type\":\"ReadAction\",\"target\":[\"https:\\\/\\\/espelmesdali.com\\\/es\\\/producto\\\/ver-sin-los-ojos-es-posible\\\/\"]}]},{\"@type\":\"ImageObject\",\"inLanguage\":\"es\",\"@id\":\"https:\\\/\\\/espelmesdali.com\\\/es\\\/producto\\\/ver-sin-los-ojos-es-posible\\\/#primaryimage\",\"url\":\"https:\\\/\\\/espelmesdali.com\\\/wp-content\\\/uploads\\\/2026\\\/02\\\/WhatsApp-Image-2026-02-23-at-07.26.26-1.jpeg\",\"contentUrl\":\"https:\\\/\\\/espelmesdali.com\\\/wp-content\\\/uploads\\\/2026\\\/02\\\/WhatsApp-Image-2026-02-23-at-07.26.26-1.jpeg\",\"width\":1008,\"height\":1036},{\"@type\":\"BreadcrumbList\",\"@id\":\"https:\\\/\\\/espelmesdali.com\\\/es\\\/producto\\\/ver-sin-los-ojos-es-posible\\\/#breadcrumb\",\"itemListElement\":[{\"@type\":\"ListItem\",\"position\":1,\"name\":\"Portada\",\"item\":\"https:\\\/\\\/espelmesdali.com\\\/es\\\/\"},{\"@type\":\"ListItem\",\"position\":2,\"name\":\"Tienda\",\"item\":\"https:\\\/\\\/espelmesdali.com\\\/es\\\/tienda\\\/\"},{\"@type\":\"ListItem\",\"position\":3,\"name\":\"VER SIN LOS OJOS ES POSIBLE\"}]},{\"@type\":\"WebSite\",\"@id\":\"https:\\\/\\\/espelmesdali.com\\\/es\\\/#website\",\"url\":\"https:\\\/\\\/espelmesdali.com\\\/es\\\/\",\"name\":\"Velas Dal\u00ed\",\"description\":\"Espelmes energ\u00e8tiques naturals i artesanes\",\"publisher\":{\"@id\":\"https:\\\/\\\/espelmesdali.com\\\/es\\\/#organization\"},\"alternateName\":\"Espelmes energ\u00e8tiques naturals i artesanes\",\"potentialAction\":[{\"@type\":\"SearchAction\",\"target\":{\"@type\":\"EntryPoint\",\"urlTemplate\":\"https:\\\/\\\/espelmesdali.com\\\/es\\\/?s={search_term_string}\"},\"query-input\":{\"@type\":\"PropertyValueSpecification\",\"valueRequired\":true,\"valueName\":\"search_term_string\"}}],\"inLanguage\":\"es\"},{\"@type\":\"Organization\",\"@id\":\"https:\\\/\\\/espelmesdali.com\\\/es\\\/#organization\",\"name\":\"Velas Dal\u00ed\",\"alternateName\":\"Espelmes energ\u00e8tiques naturals i artesanes\",\"url\":\"https:\\\/\\\/espelmesdali.com\\\/es\\\/\",\"logo\":{\"@type\":\"ImageObject\",\"inLanguage\":\"es\",\"@id\":\"https:\\\/\\\/espelmesdali.com\\\/es\\\/#\\\/schema\\\/logo\\\/image\\\/\",\"url\":\"https:\\\/\\\/i0.wp.com\\\/velasdali.com\\\/wp-content\\\/uploads\\\/2022\\\/12\\\/cropped-LOGO_DALI-01.jpg?fit=1200%2C1200&ssl=1\",\"contentUrl\":\"https:\\\/\\\/i0.wp.com\\\/velasdali.com\\\/wp-content\\\/uploads\\\/2022\\\/12\\\/cropped-LOGO_DALI-01.jpg?fit=1200%2C1200&ssl=1\",\"width\":1200,\"height\":1200,\"caption\":\"Velas Dal\u00ed\"},\"image\":{\"@id\":\"https:\\\/\\\/espelmesdali.com\\\/es\\\/#\\\/schema\\\/logo\\\/image\\\/\"},\"sameAs\":[\"https:\\\/\\\/www.facebook.com\\\/profile.php?id=100086540543846\",\"https:\\\/\\\/www.instagram.com\\\/espelmesdali\\\/\"]}]}<\/script>\n<!-- \/ Yoast SEO plugin. -->","yoast_head_json":{"title":"VER SIN LOS OJOS ES POSIBLE - Velas Dal\u00ed","description":"Descubre como es posible ver sin ojos. Gu\u00eda pr\u00e1ctica sobre visi\u00f3n intuitiva, termovisi\u00f3n, intuici\u00f3n ampliada, ejercicios, ciencia y casos reales.","robots":{"index":"index","follow":"follow","max-snippet":"max-snippet:-1","max-image-preview":"max-image-preview:large","max-video-preview":"max-video-preview:-1"},"canonical":"https:\/\/espelmesdali.com\/es\/producto\/ver-sin-los-ojos-es-posible\/","og_locale":"es_ES","og_type":"article","og_title":"VER SIN LOS OJOS ES POSIBLE - Velas Dal\u00ed","og_description":"Descubre como es posible ver sin ojos. Gu\u00eda pr\u00e1ctica sobre visi\u00f3n intuitiva, termovisi\u00f3n, intuici\u00f3n ampliada, ejercicios, ciencia y casos reales.","og_url":"https:\/\/espelmesdali.com\/es\/producto\/ver-sin-los-ojos-es-posible\/","og_site_name":"Velas Dal\u00ed","article_publisher":"https:\/\/www.facebook.com\/profile.php?id=100086540543846","article_modified_time":"2026-04-10T09:21:25+00:00","og_image":[{"width":1008,"height":1036,"url":"https:\/\/espelmesdali.com\/wp-content\/uploads\/2026\/02\/WhatsApp-Image-2026-02-23-at-07.26.26-1.jpeg","type":"image\/jpeg"}],"twitter_card":"summary_large_image","twitter_misc":{"Tiempo de lectura":"1 minuto"},"schema":{"@context":"https:\/\/schema.org","@graph":[{"@type":"WebPage","@id":"https:\/\/espelmesdali.com\/es\/producto\/ver-sin-los-ojos-es-posible\/","url":"https:\/\/espelmesdali.com\/es\/producto\/ver-sin-los-ojos-es-posible\/","name":"VER SIN LOS OJOS ES POSIBLE - Velas Dal\u00ed","isPartOf":{"@id":"https:\/\/espelmesdali.com\/es\/#website"},"primaryImageOfPage":{"@id":"https:\/\/espelmesdali.com\/es\/producto\/ver-sin-los-ojos-es-posible\/#primaryimage"},"image":{"@id":"https:\/\/espelmesdali.com\/es\/producto\/ver-sin-los-ojos-es-posible\/#primaryimage"},"thumbnailUrl":"https:\/\/espelmesdali.com\/wp-content\/uploads\/2026\/02\/WhatsApp-Image-2026-02-23-at-07.26.26-1.jpeg","datePublished":"2026-02-23T18:54:12+00:00","dateModified":"2026-04-10T09:21:25+00:00","description":"Descubre como es posible ver sin ojos. Gu\u00eda pr\u00e1ctica sobre visi\u00f3n intuitiva, termovisi\u00f3n, intuici\u00f3n ampliada, ejercicios, ciencia y casos reales.","breadcrumb":{"@id":"https:\/\/espelmesdali.com\/es\/producto\/ver-sin-los-ojos-es-posible\/#breadcrumb"},"inLanguage":"es","potentialAction":[{"@type":"ReadAction","target":["https:\/\/espelmesdali.com\/es\/producto\/ver-sin-los-ojos-es-posible\/"]}]},{"@type":"ImageObject","inLanguage":"es","@id":"https:\/\/espelmesdali.com\/es\/producto\/ver-sin-los-ojos-es-posible\/#primaryimage","url":"https:\/\/espelmesdali.com\/wp-content\/uploads\/2026\/02\/WhatsApp-Image-2026-02-23-at-07.26.26-1.jpeg","contentUrl":"https:\/\/espelmesdali.com\/wp-content\/uploads\/2026\/02\/WhatsApp-Image-2026-02-23-at-07.26.26-1.jpeg","width":1008,"height":1036},{"@type":"BreadcrumbList","@id":"https:\/\/espelmesdali.com\/es\/producto\/ver-sin-los-ojos-es-posible\/#breadcrumb","itemListElement":[{"@type":"ListItem","position":1,"name":"Portada","item":"https:\/\/espelmesdali.com\/es\/"},{"@type":"ListItem","position":2,"name":"Tienda","item":"https:\/\/espelmesdali.com\/es\/tienda\/"},{"@type":"ListItem","position":3,"name":"VER SIN LOS OJOS ES POSIBLE"}]},{"@type":"WebSite","@id":"https:\/\/espelmesdali.com\/es\/#website","url":"https:\/\/espelmesdali.com\/es\/","name":"Velas Dal\u00ed","description":"Espelmes energ\u00e8tiques naturals i artesanes","publisher":{"@id":"https:\/\/espelmesdali.com\/es\/#organization"},"alternateName":"Espelmes energ\u00e8tiques naturals i artesanes","potentialAction":[{"@type":"SearchAction","target":{"@type":"EntryPoint","urlTemplate":"https:\/\/espelmesdali.com\/es\/?s={search_term_string}"},"query-input":{"@type":"PropertyValueSpecification","valueRequired":true,"valueName":"search_term_string"}}],"inLanguage":"es"},{"@type":"Organization","@id":"https:\/\/espelmesdali.com\/es\/#organization","name":"Velas Dal\u00ed","alternateName":"Espelmes energ\u00e8tiques naturals i artesanes","url":"https:\/\/espelmesdali.com\/es\/","logo":{"@type":"ImageObject","inLanguage":"es","@id":"https:\/\/espelmesdali.com\/es\/#\/schema\/logo\/image\/","url":"https:\/\/i0.wp.com\/velasdali.com\/wp-content\/uploads\/2022\/12\/cropped-LOGO_DALI-01.jpg?fit=1200%2C1200&ssl=1","contentUrl":"https:\/\/i0.wp.com\/velasdali.com\/wp-content\/uploads\/2022\/12\/cropped-LOGO_DALI-01.jpg?fit=1200%2C1200&ssl=1","width":1200,"height":1200,"caption":"Velas Dal\u00ed"},"image":{"@id":"https:\/\/espelmesdali.com\/es\/#\/schema\/logo\/image\/"},"sameAs":["https:\/\/www.facebook.com\/profile.php?id=100086540543846","https:\/\/www.instagram.com\/espelmesdali\/"]}]}},"_links":{"self":[{"href":"https:\/\/espelmesdali.com\/es\/wp-json\/wp\/v2\/product\/11480","targetHints":{"allow":["GET"]}}],"collection":[{"href":"https:\/\/espelmesdali.com\/es\/wp-json\/wp\/v2\/product"}],"about":[{"href":"https:\/\/espelmesdali.com\/es\/wp-json\/wp\/v2\/types\/product"}],"replies":[{"embeddable":true,"href":"https:\/\/espelmesdali.com\/es\/wp-json\/wp\/v2\/comments?post=11480"}],"wp:featuredmedia":[{"embeddable":true,"href":"https:\/\/espelmesdali.com\/es\/wp-json\/wp\/v2\/media\/11471"}],"wp:attachment":[{"href":"https:\/\/espelmesdali.com\/es\/wp-json\/wp\/v2\/media?parent=11480"}],"wp:term":[{"taxonomy":"product_brand","embeddable":true,"href":"https:\/\/espelmesdali.com\/es\/wp-json\/wp\/v2\/product_brand?post=11480"},{"taxonomy":"product_cat","embeddable":true,"href":"https:\/\/espelmesdali.com\/es\/wp-json\/wp\/v2\/product_cat?post=11480"},{"taxonomy":"product_tag","embeddable":true,"href":"https:\/\/espelmesdali.com\/es\/wp-json\/wp\/v2\/product_tag?post=11480"}],"curies":[{"name":"wp","href":"https:\/\/api.w.org\/{rel}","templated":true}]}}