{"id":11467,"date":"2026-02-20T11:09:26","date_gmt":"2026-02-20T10:09:26","guid":{"rendered":"https:\/\/espelmesdali.com\/producte\/trilogia-exito-sin-disfraces\/"},"modified":"2026-02-20T11:09:26","modified_gmt":"2026-02-20T10:09:26","slug":"trilogia-exito-sin-disfraces","status":"publish","type":"product","link":"https:\/\/espelmesdali.com\/es\/producto\/trilogia-exito-sin-disfraces\/","title":{"rendered":"Trilogia \u00ab\u00c9xito sin disfraces\u00bb"},"content":{"rendered":"<h1><b>Trilog\u00eda completa de crecimiento personal: de el cambio al coraje interior<\/b><\/h1>\n<p><span style=\"font-weight: 400;\">Esta trilog\u00eda re\u00fane tres libros complementarios que te acompa\u00f1an paso a paso en un proceso real de transformaci\u00f3n. No ofrece f\u00f3rmulas m\u00e1gicas ni promesas vac\u00edas; te da algo mucho m\u00e1s valioso: <\/span><b>claridad, honestidad, herramientas sencillas y un acompa\u00f1amiento real para que puedas mejorar tu vida con autenticidad<\/b><span style=\"font-weight: 400;\">.<\/span><\/p>\n<p><span style=\"font-weight: 400;\">Descubre el viaje completo: levantarte del sof\u00e1, avanzar con coherencia y renacer desde la fuerza interior.<\/span><\/p>\n<h2><b>\u00a0\u00b7 \ud83d\udcd8 Libro 1 \u2014 <\/b><b><i>Del sof\u00e1 al \u00c9xito<\/i><\/b><\/h2>\n<p><span style=\"font-weight: 400;\">Una gu\u00eda directa, divertida y sin filtros para dejar de posponer la vida y empezar a actuar.<\/span><\/p>\n<p><b>En este libro aprender\u00e1s a:<\/b><\/p>\n<ul>\n<li style=\"font-weight: 400;\" aria-level=\"1\"><span style=\"font-weight: 400;\">Superar bloqueos mentales y emocionales<\/span>&nbsp;<\/li>\n<li style=\"font-weight: 400;\" aria-level=\"1\"><span style=\"font-weight: 400;\">Hacer acci\u00f3n aunque no te sientas perfecto<\/span>&nbsp;<\/li>\n<li style=\"font-weight: 400;\" aria-level=\"1\"><span style=\"font-weight: 400;\">Reprogramar patrones internos que te frenen<\/span>&nbsp;<\/li>\n<li style=\"font-weight: 400;\" aria-level=\"1\"><span style=\"font-weight: 400;\">Pasar del \u201calg\u00fan d\u00eda\u201d al <\/span><b>\u201clo hago hoy!\u201d<\/b>&nbsp;<\/li>\n<li style=\"font-weight: 400;\" aria-level=\"1\"><span style=\"font-weight: 400;\">Construir un \u00e9xito real, sostenible y alineado contigo<\/span>&nbsp;<\/li>\n<\/ul>\n<p><span style=\"font-weight: 400;\">Aqu\u00ed no encontrar\u00e1s f\u00f3rmulas m\u00e1gicas, sino <strong>herramientas<\/strong> <\/span><b>reales, ejercicios aplicables, humor y mucha humanidad<\/b><span style=\"font-weight: 400;\">.<\/span><\/p>\n<p><img fetchpriority=\"high\" decoding=\"async\" class=\"alignnone size-medium wp-image-11456\" src=\"https:\/\/espelmesdali.com\/wp-content\/uploads\/2026\/02\/WhatsApp-Image-2026-02-19-at-11.18.29-200x300.jpeg\" alt=\"\" width=\"200\" height=\"300\" \/><\/p>\n<p>&nbsp;<\/p>\n<h2><b>\u00b7 \ud83d\udcd9 Libro 2 \u2014 <\/b><b><i>\u00c9xito en zapatillas<\/i><\/b><\/h2>\n<p><span style=\"font-weight: 400;\">Un recordatorio esencial: el \u00e9xito puede ser c\u00f3modo\u2026 como tus zapatillas preferidas.<\/span><\/p>\n<p><b>Este libro te ayudar\u00e1 a:<\/b><\/p>\n<ul>\n<li style=\"font-weight: 400;\" aria-level=\"1\"><span style=\"font-weight: 400;\">Avanzar con pasos firmes, aut\u00e9nticos y sostenibles<\/span>&nbsp;<\/li>\n<li style=\"font-weight: 400;\" aria-level=\"1\"><span style=\"font-weight: 400;\">Alliberar-te de la idea de un \u201c\u00e9xito perfecto\u201d<\/span>&nbsp;<\/li>\n<li style=\"font-weight: 400;\" aria-level=\"1\"><span style=\"font-weight: 400;\">Construir un camino real, humano y alcanzable<\/span>&nbsp;<\/li>\n<li style=\"font-weight: 400;\" aria-level=\"1\"><span style=\"font-weight: 400;\">Vivir el proceso sin disfraces ni presiones absurdas<\/span>&nbsp;<\/li>\n<li style=\"font-weight: 400;\" aria-level=\"1\"><span style=\"font-weight: 400;\">Comprender que el \u00e9xito no es un destino, sino un camino<\/span>&nbsp;<\/li>\n<\/ul>\n<p><span style=\"font-weight: 400;\">Una gu\u00eda c\u00e1lida y sincera para demostrarte que <strong>necesitas<\/strong><\/span><b> aprender nada para conseguir el que vols<\/b><span style=\"font-weight: 400;\">.<\/span><\/p>\n<p><img decoding=\"async\" class=\"alignnone size-medium wp-image-11451\" src=\"https:\/\/espelmesdali.com\/wp-content\/uploads\/2026\/02\/ChatGPT-Image-18-de-febr.-del-2026-19_22_08-200x300.png\" alt=\"\u00c9xito en zapatillas\" width=\"200\" height=\"300\" srcset=\"https:\/\/espelmesdali.com\/wp-content\/uploads\/2026\/02\/ChatGPT-Image-18-de-febr.-del-2026-19_22_08-200x300.png 200w, https:\/\/espelmesdali.com\/wp-content\/uploads\/2026\/02\/ChatGPT-Image-18-de-febr.-del-2026-19_22_08-683x1024.png 683w, https:\/\/espelmesdali.com\/wp-content\/uploads\/2026\/02\/ChatGPT-Image-18-de-febr.-del-2026-19_22_08-768x1152.png 768w, https:\/\/espelmesdali.com\/wp-content\/uploads\/2026\/02\/ChatGPT-Image-18-de-febr.-del-2026-19_22_08-400x600.png 400w, https:\/\/espelmesdali.com\/wp-content\/uploads\/2026\/02\/ChatGPT-Image-18-de-febr.-del-2026-19_22_08-64x96.png 64w, https:\/\/espelmesdali.com\/wp-content\/uploads\/2026\/02\/ChatGPT-Image-18-de-febr.-del-2026-19_22_08.png 1024w\" sizes=\"(max-width: 200px) 100vw, 200px\" \/><\/p>\n<h2><b>\u00a0\u00b7 \ud83d\udcd5 Libro 3 \u2014 Renacer sin miedo<\/b><\/h2>\n<p><span style=\"font-weight: 400;\">Un libro profundo, tierno y transformador que et reconecta con tu fuerza interior.<\/span><\/p>\n<p><b>Descubrir\u00e1s como:<\/b><\/p>\n<ul>\n<li style=\"font-weight: 400;\" aria-level=\"1\"><span style=\"font-weight: 400;\">Superar inseguridades y reconocer tu valor<\/span>&nbsp;<\/li>\n<li style=\"font-weight: 400;\" aria-level=\"1\"><span style=\"font-weight: 400;\">Abrazar tu vulnerabilidad sin miedo<\/span>&nbsp;<\/li>\n<li style=\"font-weight: 400;\" aria-level=\"1\"><span style=\"font-weight: 400;\">Parlar-te con suavidad y respeto<\/span>&nbsp;<\/li>\n<li style=\"font-weight: 400;\" aria-level=\"1\"><span style=\"font-weight: 400;\">Sostenerte, incluso cuando fuera no hay aplausos<\/span>&nbsp;<\/li>\n<li style=\"font-weight: 400;\" aria-level=\"1\"><span style=\"font-weight: 400;\">Vivir desde el autenticidad y no des del disfraz<\/span>&nbsp;<\/li>\n<\/ul>\n<p><span style=\"font-weight: 400;\">Una invitaci\u00f3n a<strong> renacer sin miedo<\/strong> y<\/span><b> recuperar la fuerza que siempre ha vivido dentro de ti.<\/b><\/p>\n<p><img decoding=\"async\" class=\"alignnone size-medium wp-image-11440\" src=\"https:\/\/espelmesdali.com\/wp-content\/uploads\/2026\/02\/WhatsApp-Image-2026-02-17-at-12.11.51-200x300.jpeg\" alt=\"\" width=\"200\" height=\"300\" srcset=\"https:\/\/espelmesdali.com\/wp-content\/uploads\/2026\/02\/WhatsApp-Image-2026-02-17-at-12.11.51-200x300.jpeg 200w, https:\/\/espelmesdali.com\/wp-content\/uploads\/2026\/02\/WhatsApp-Image-2026-02-17-at-12.11.51-683x1024.jpeg 683w, https:\/\/espelmesdali.com\/wp-content\/uploads\/2026\/02\/WhatsApp-Image-2026-02-17-at-12.11.51-768x1152.jpeg 768w, https:\/\/espelmesdali.com\/wp-content\/uploads\/2026\/02\/WhatsApp-Image-2026-02-17-at-12.11.51-400x600.jpeg 400w, https:\/\/espelmesdali.com\/wp-content\/uploads\/2026\/02\/WhatsApp-Image-2026-02-17-at-12.11.51-64x96.jpeg 64w, https:\/\/espelmesdali.com\/wp-content\/uploads\/2026\/02\/WhatsApp-Image-2026-02-17-at-12.11.51.jpeg 1024w\" sizes=\"(max-width: 200px) 100vw, 200px\" \/><\/p>\n<h1><b>\u00b7 Por qu\u00e9 esta trilog\u00eda es para ti?<\/b><\/h1>\n<p><span style=\"font-weight: 400;\">\u2714 Si quieres dejar de sabotearte<\/span><span style=\"font-weight: 400;\"><br \/>\n<\/span><span style=\"font-weight: 400;\"> \u2714 Si buscas claridad para empezar un cambio real<\/span><span style=\"font-weight: 400;\"><br \/>\n<\/span><span style=\"font-weight: 400;\"> \u2714 Si necesitas ejercicios simples y aplicables<\/span><span style=\"font-weight: 400;\"><br \/>\n<\/span><span style=\"font-weight: 400;\"> \u2714 Si prefieres la autenticidad a la perfecci\u00f3n<\/span><span style=\"font-weight: 400;\"><br \/>\n<\/span><span style=\"font-weight: 400;\"> \u2714 Si sientes que es tu momento de crecer<\/span><\/p>\n<p><span style=\"font-weight: 400;\">Esta trilog\u00eda es <\/span><b>un acompa\u00f1amiento completo: mental, emocional y vital<\/b><span style=\"font-weight: 400;\">, para que puedes transformar tu vida paso a paso.<\/span><\/p>\n<h1><b>\u00a0\u00b7 \ud83c\udf81 Qu\u00e9 incluye este pack especial<\/b><\/h1>\n<ul>\n<li style=\"font-weight: 400;\" aria-level=\"1\"><span style=\"font-weight: 400;\">Los <\/span><b>tres libros completos<\/b>&nbsp;<\/li>\n<li style=\"font-weight: 400;\" aria-level=\"1\"><span style=\"font-weight: 400;\">Un recorrido coherente y progresivo<\/span>&nbsp;<\/li>\n<li style=\"font-weight: 400;\" aria-level=\"1\"><span style=\"font-weight: 400;\">Reflexiones, herramientas y ejercicios pr\u00e1cticos<\/span>&nbsp;<\/li>\n<li style=\"font-weight: 400;\" aria-level=\"1\"><span style=\"font-weight: 400;\">Motivaci\u00f3n realista y cercana<\/span>&nbsp;<\/li>\n<li style=\"font-weight: 400;\" aria-level=\"1\"><span style=\"font-weight: 400;\">Un camino seguro y humano hacia tu crecimiento<\/span><\/li>\n<\/ul>\n<h1><b>\u00a0\u00b7 Empieza hoy tu transformaci\u00f3n<\/b><\/h1>\n<p><span style=\"font-weight: 400;\">Lev\u00e1ntate del sof\u00e1.<\/span><span style=\"font-weight: 400;\"><br \/>\n<\/span><span style=\"font-weight: 400;\">Ponte las zapatillas del cambio.<\/span><span style=\"font-weight: 400;\"><br \/>\n<\/span><span style=\"font-weight: 400;\">Y despierta el coraje que siempre ha estado dentro de ti.<\/span><\/p>\n<p><b>Tu nueva vida empieza con un paso.<\/b><\/p>\n","protected":false},"excerpt":{"rendered":"<p><span style=\"font-weight: 400;\">Una trilog\u00eda poderosa que te ayuda a dejar de sabotearte, caminar hacia un \u00e9xito aut\u00e9ntico y despertar el coraje que llevas dentro. Tres libros pr\u00e1cticos, humanos y llenos de herramienta reales para transformar tu vida desde hoy.<\/span><\/p>\n","protected":false},"featured_media":11465,"comment_status":"open","ping_status":"closed","template":"","meta":[],"product_brand":[],"product_cat":[1270],"product_tag":[],"class_list":{"0":"post-11467","1":"product","2":"type-product","3":"status-publish","4":"has-post-thumbnail","6":"product_cat-libros-","7":"infinite-scroll-item","8":"sales-flash-overlay","9":"woocommerce-text-align-center","10":"woocommerce-image-align-center","11":"do-quantity-buttons","13":"first","14":"instock","15":"taxable","16":"shipping-taxable","17":"purchasable","18":"product-type-simple"},"yoast_head":"<!-- This site is optimized with the Yoast SEO plugin v27.4 - https:\/\/yoast.com\/product\/yoast-seo-wordpress\/ -->\n<title>Trilogia &quot;\u00c9xito sin disfraces&quot; - Velas Dal\u00ed<\/title>\n<meta name=\"description\" content=\"Trilog\u00eda del crecimiento personal para superar bloqueos, avanzar con autenticidad y despertar tu fuerza interior. El cambio empieza hoy.\" \/>\n<meta name=\"robots\" content=\"index, follow, max-snippet:-1, max-image-preview:large, max-video-preview:-1\" \/>\n<link rel=\"canonical\" href=\"https:\/\/espelmesdali.com\/es\/producto\/trilogia-exito-sin-disfraces\/\" \/>\n<meta property=\"og:locale\" content=\"es_ES\" \/>\n<meta property=\"og:type\" content=\"article\" \/>\n<meta property=\"og:title\" content=\"Trilogia &quot;\u00c9xito sin disfraces&quot; - Velas Dal\u00ed\" \/>\n<meta property=\"og:description\" content=\"Trilog\u00eda del crecimiento personal para superar bloqueos, avanzar con autenticidad y despertar tu fuerza interior. El cambio empieza hoy.\" \/>\n<meta property=\"og:url\" content=\"https:\/\/espelmesdali.com\/es\/producto\/trilogia-exito-sin-disfraces\/\" \/>\n<meta property=\"og:site_name\" content=\"Velas Dal\u00ed\" \/>\n<meta property=\"article:publisher\" content=\"https:\/\/www.facebook.com\/profile.php?id=100086540543846\" \/>\n<meta property=\"og:image\" content=\"https:\/\/espelmesdali.com\/wp-content\/uploads\/2026\/02\/WhatsApp-Image-2026-02-20-at-09.54.17.jpeg\" \/>\n\t<meta property=\"og:image:width\" content=\"1280\" \/>\n\t<meta property=\"og:image:height\" content=\"853\" \/>\n\t<meta property=\"og:image:type\" content=\"image\/jpeg\" \/>\n<meta name=\"twitter:card\" content=\"summary_large_image\" \/>\n<meta name=\"twitter:label1\" content=\"Tiempo de lectura\" \/>\n\t<meta name=\"twitter:data1\" content=\"2 minutos\" \/>\n<script type=\"application\/ld+json\" class=\"yoast-schema-graph\">{\"@context\":\"https:\\\/\\\/schema.org\",\"@graph\":[{\"@type\":\"WebPage\",\"@id\":\"https:\\\/\\\/espelmesdali.com\\\/es\\\/producto\\\/trilogia-exito-sin-disfraces\\\/\",\"url\":\"https:\\\/\\\/espelmesdali.com\\\/es\\\/producto\\\/trilogia-exito-sin-disfraces\\\/\",\"name\":\"Trilogia \\\"\u00c9xito sin disfraces\\\" - Velas Dal\u00ed\",\"isPartOf\":{\"@id\":\"https:\\\/\\\/espelmesdali.com\\\/es\\\/#website\"},\"primaryImageOfPage\":{\"@id\":\"https:\\\/\\\/espelmesdali.com\\\/es\\\/producto\\\/trilogia-exito-sin-disfraces\\\/#primaryimage\"},\"image\":{\"@id\":\"https:\\\/\\\/espelmesdali.com\\\/es\\\/producto\\\/trilogia-exito-sin-disfraces\\\/#primaryimage\"},\"thumbnailUrl\":\"https:\\\/\\\/espelmesdali.com\\\/wp-content\\\/uploads\\\/2026\\\/02\\\/WhatsApp-Image-2026-02-20-at-09.54.17.jpeg\",\"datePublished\":\"2026-02-20T10:09:26+00:00\",\"description\":\"Trilog\u00eda del crecimiento personal para superar bloqueos, avanzar con autenticidad y despertar tu fuerza interior. El cambio empieza hoy.\",\"breadcrumb\":{\"@id\":\"https:\\\/\\\/espelmesdali.com\\\/es\\\/producto\\\/trilogia-exito-sin-disfraces\\\/#breadcrumb\"},\"inLanguage\":\"es\",\"potentialAction\":[{\"@type\":\"ReadAction\",\"target\":[\"https:\\\/\\\/espelmesdali.com\\\/es\\\/producto\\\/trilogia-exito-sin-disfraces\\\/\"]}]},{\"@type\":\"ImageObject\",\"inLanguage\":\"es\",\"@id\":\"https:\\\/\\\/espelmesdali.com\\\/es\\\/producto\\\/trilogia-exito-sin-disfraces\\\/#primaryimage\",\"url\":\"https:\\\/\\\/espelmesdali.com\\\/wp-content\\\/uploads\\\/2026\\\/02\\\/WhatsApp-Image-2026-02-20-at-09.54.17.jpeg\",\"contentUrl\":\"https:\\\/\\\/espelmesdali.com\\\/wp-content\\\/uploads\\\/2026\\\/02\\\/WhatsApp-Image-2026-02-20-at-09.54.17.jpeg\",\"width\":1280,\"height\":853},{\"@type\":\"BreadcrumbList\",\"@id\":\"https:\\\/\\\/espelmesdali.com\\\/es\\\/producto\\\/trilogia-exito-sin-disfraces\\\/#breadcrumb\",\"itemListElement\":[{\"@type\":\"ListItem\",\"position\":1,\"name\":\"Portada\",\"item\":\"https:\\\/\\\/espelmesdali.com\\\/es\\\/\"},{\"@type\":\"ListItem\",\"position\":2,\"name\":\"Tienda\",\"item\":\"https:\\\/\\\/espelmesdali.com\\\/es\\\/tienda\\\/\"},{\"@type\":\"ListItem\",\"position\":3,\"name\":\"Trilogia \u00ab\u00c9xito sin disfraces\u00bb\"}]},{\"@type\":\"WebSite\",\"@id\":\"https:\\\/\\\/espelmesdali.com\\\/es\\\/#website\",\"url\":\"https:\\\/\\\/espelmesdali.com\\\/es\\\/\",\"name\":\"Velas Dal\u00ed\",\"description\":\"Espelmes energ\u00e8tiques naturals i artesanes\",\"publisher\":{\"@id\":\"https:\\\/\\\/espelmesdali.com\\\/es\\\/#organization\"},\"alternateName\":\"Espelmes energ\u00e8tiques naturals i artesanes\",\"potentialAction\":[{\"@type\":\"SearchAction\",\"target\":{\"@type\":\"EntryPoint\",\"urlTemplate\":\"https:\\\/\\\/espelmesdali.com\\\/es\\\/?s={search_term_string}\"},\"query-input\":{\"@type\":\"PropertyValueSpecification\",\"valueRequired\":true,\"valueName\":\"search_term_string\"}}],\"inLanguage\":\"es\"},{\"@type\":\"Organization\",\"@id\":\"https:\\\/\\\/espelmesdali.com\\\/es\\\/#organization\",\"name\":\"Velas Dal\u00ed\",\"alternateName\":\"Espelmes energ\u00e8tiques naturals i artesanes\",\"url\":\"https:\\\/\\\/espelmesdali.com\\\/es\\\/\",\"logo\":{\"@type\":\"ImageObject\",\"inLanguage\":\"es\",\"@id\":\"https:\\\/\\\/espelmesdali.com\\\/es\\\/#\\\/schema\\\/logo\\\/image\\\/\",\"url\":\"https:\\\/\\\/i0.wp.com\\\/velasdali.com\\\/wp-content\\\/uploads\\\/2022\\\/12\\\/cropped-LOGO_DALI-01.jpg?fit=1200%2C1200&ssl=1\",\"contentUrl\":\"https:\\\/\\\/i0.wp.com\\\/velasdali.com\\\/wp-content\\\/uploads\\\/2022\\\/12\\\/cropped-LOGO_DALI-01.jpg?fit=1200%2C1200&ssl=1\",\"width\":1200,\"height\":1200,\"caption\":\"Velas Dal\u00ed\"},\"image\":{\"@id\":\"https:\\\/\\\/espelmesdali.com\\\/es\\\/#\\\/schema\\\/logo\\\/image\\\/\"},\"sameAs\":[\"https:\\\/\\\/www.facebook.com\\\/profile.php?id=100086540543846\",\"https:\\\/\\\/www.instagram.com\\\/espelmesdali\\\/\"]}]}<\/script>\n<!-- \/ Yoast SEO plugin. -->","yoast_head_json":{"title":"Trilogia \"\u00c9xito sin disfraces\" - Velas Dal\u00ed","description":"Trilog\u00eda del crecimiento personal para superar bloqueos, avanzar con autenticidad y despertar tu fuerza interior. El cambio empieza hoy.","robots":{"index":"index","follow":"follow","max-snippet":"max-snippet:-1","max-image-preview":"max-image-preview:large","max-video-preview":"max-video-preview:-1"},"canonical":"https:\/\/espelmesdali.com\/es\/producto\/trilogia-exito-sin-disfraces\/","og_locale":"es_ES","og_type":"article","og_title":"Trilogia \"\u00c9xito sin disfraces\" - Velas Dal\u00ed","og_description":"Trilog\u00eda del crecimiento personal para superar bloqueos, avanzar con autenticidad y despertar tu fuerza interior. El cambio empieza hoy.","og_url":"https:\/\/espelmesdali.com\/es\/producto\/trilogia-exito-sin-disfraces\/","og_site_name":"Velas Dal\u00ed","article_publisher":"https:\/\/www.facebook.com\/profile.php?id=100086540543846","og_image":[{"width":1280,"height":853,"url":"https:\/\/espelmesdali.com\/wp-content\/uploads\/2026\/02\/WhatsApp-Image-2026-02-20-at-09.54.17.jpeg","type":"image\/jpeg"}],"twitter_card":"summary_large_image","twitter_misc":{"Tiempo de lectura":"2 minutos"},"schema":{"@context":"https:\/\/schema.org","@graph":[{"@type":"WebPage","@id":"https:\/\/espelmesdali.com\/es\/producto\/trilogia-exito-sin-disfraces\/","url":"https:\/\/espelmesdali.com\/es\/producto\/trilogia-exito-sin-disfraces\/","name":"Trilogia \"\u00c9xito sin disfraces\" - Velas Dal\u00ed","isPartOf":{"@id":"https:\/\/espelmesdali.com\/es\/#website"},"primaryImageOfPage":{"@id":"https:\/\/espelmesdali.com\/es\/producto\/trilogia-exito-sin-disfraces\/#primaryimage"},"image":{"@id":"https:\/\/espelmesdali.com\/es\/producto\/trilogia-exito-sin-disfraces\/#primaryimage"},"thumbnailUrl":"https:\/\/espelmesdali.com\/wp-content\/uploads\/2026\/02\/WhatsApp-Image-2026-02-20-at-09.54.17.jpeg","datePublished":"2026-02-20T10:09:26+00:00","description":"Trilog\u00eda del crecimiento personal para superar bloqueos, avanzar con autenticidad y despertar tu fuerza interior. El cambio empieza hoy.","breadcrumb":{"@id":"https:\/\/espelmesdali.com\/es\/producto\/trilogia-exito-sin-disfraces\/#breadcrumb"},"inLanguage":"es","potentialAction":[{"@type":"ReadAction","target":["https:\/\/espelmesdali.com\/es\/producto\/trilogia-exito-sin-disfraces\/"]}]},{"@type":"ImageObject","inLanguage":"es","@id":"https:\/\/espelmesdali.com\/es\/producto\/trilogia-exito-sin-disfraces\/#primaryimage","url":"https:\/\/espelmesdali.com\/wp-content\/uploads\/2026\/02\/WhatsApp-Image-2026-02-20-at-09.54.17.jpeg","contentUrl":"https:\/\/espelmesdali.com\/wp-content\/uploads\/2026\/02\/WhatsApp-Image-2026-02-20-at-09.54.17.jpeg","width":1280,"height":853},{"@type":"BreadcrumbList","@id":"https:\/\/espelmesdali.com\/es\/producto\/trilogia-exito-sin-disfraces\/#breadcrumb","itemListElement":[{"@type":"ListItem","position":1,"name":"Portada","item":"https:\/\/espelmesdali.com\/es\/"},{"@type":"ListItem","position":2,"name":"Tienda","item":"https:\/\/espelmesdali.com\/es\/tienda\/"},{"@type":"ListItem","position":3,"name":"Trilogia \u00ab\u00c9xito sin disfraces\u00bb"}]},{"@type":"WebSite","@id":"https:\/\/espelmesdali.com\/es\/#website","url":"https:\/\/espelmesdali.com\/es\/","name":"Velas Dal\u00ed","description":"Espelmes energ\u00e8tiques naturals i artesanes","publisher":{"@id":"https:\/\/espelmesdali.com\/es\/#organization"},"alternateName":"Espelmes energ\u00e8tiques naturals i artesanes","potentialAction":[{"@type":"SearchAction","target":{"@type":"EntryPoint","urlTemplate":"https:\/\/espelmesdali.com\/es\/?s={search_term_string}"},"query-input":{"@type":"PropertyValueSpecification","valueRequired":true,"valueName":"search_term_string"}}],"inLanguage":"es"},{"@type":"Organization","@id":"https:\/\/espelmesdali.com\/es\/#organization","name":"Velas Dal\u00ed","alternateName":"Espelmes energ\u00e8tiques naturals i artesanes","url":"https:\/\/espelmesdali.com\/es\/","logo":{"@type":"ImageObject","inLanguage":"es","@id":"https:\/\/espelmesdali.com\/es\/#\/schema\/logo\/image\/","url":"https:\/\/i0.wp.com\/velasdali.com\/wp-content\/uploads\/2022\/12\/cropped-LOGO_DALI-01.jpg?fit=1200%2C1200&ssl=1","contentUrl":"https:\/\/i0.wp.com\/velasdali.com\/wp-content\/uploads\/2022\/12\/cropped-LOGO_DALI-01.jpg?fit=1200%2C1200&ssl=1","width":1200,"height":1200,"caption":"Velas Dal\u00ed"},"image":{"@id":"https:\/\/espelmesdali.com\/es\/#\/schema\/logo\/image\/"},"sameAs":["https:\/\/www.facebook.com\/profile.php?id=100086540543846","https:\/\/www.instagram.com\/espelmesdali\/"]}]}},"_links":{"self":[{"href":"https:\/\/espelmesdali.com\/es\/wp-json\/wp\/v2\/product\/11467","targetHints":{"allow":["GET"]}}],"collection":[{"href":"https:\/\/espelmesdali.com\/es\/wp-json\/wp\/v2\/product"}],"about":[{"href":"https:\/\/espelmesdali.com\/es\/wp-json\/wp\/v2\/types\/product"}],"replies":[{"embeddable":true,"href":"https:\/\/espelmesdali.com\/es\/wp-json\/wp\/v2\/comments?post=11467"}],"wp:featuredmedia":[{"embeddable":true,"href":"https:\/\/espelmesdali.com\/es\/wp-json\/wp\/v2\/media\/11465"}],"wp:attachment":[{"href":"https:\/\/espelmesdali.com\/es\/wp-json\/wp\/v2\/media?parent=11467"}],"wp:term":[{"taxonomy":"product_brand","embeddable":true,"href":"https:\/\/espelmesdali.com\/es\/wp-json\/wp\/v2\/product_brand?post=11467"},{"taxonomy":"product_cat","embeddable":true,"href":"https:\/\/espelmesdali.com\/es\/wp-json\/wp\/v2\/product_cat?post=11467"},{"taxonomy":"product_tag","embeddable":true,"href":"https:\/\/espelmesdali.com\/es\/wp-json\/wp\/v2\/product_tag?post=11467"}],"curies":[{"name":"wp","href":"https:\/\/api.w.org\/{rel}","templated":true}]}}