{"id":11458,"date":"2026-02-19T12:11:11","date_gmt":"2026-02-19T11:11:11","guid":{"rendered":"https:\/\/espelmesdali.com\/producte\/del-sofa-al-exito\/"},"modified":"2026-02-19T12:11:11","modified_gmt":"2026-02-19T11:11:11","slug":"del-sofa-al-exito","status":"publish","type":"product","link":"https:\/\/espelmesdali.com\/es\/producto\/del-sofa-al-exito\/","title":{"rendered":"DEL SOF\u00c1 AL \u00c9XITO"},"content":{"rendered":"<h2 style=\"text-align: center;\" data-start=\"185\" data-end=\"230\"><strong data-start=\"185\" data-end=\"228\">\u00bfEST\u00c1S LISTO PARA HACER UN CAMBIO EN TU VIDA?<\/strong><\/h2>\n<h2 style=\"text-align: center;\" data-start=\"232\" data-end=\"394\">La vida, a veces, te sacude con tanta fuerza que parece que todo se desmorona. Pero, \u00bfy si este derrumbe fuese, en realidad, el <strong>inicio de tu transformaci\u00f3n?<\/strong><\/h2>\n<p>&nbsp;<\/p>\n<p data-start=\"396\" data-end=\"620\"><strong>Si te sientes atrapado en la rutina<\/strong>, perdido o con miedo al cambio, <strong data-start=\"457\" data-end=\"481\">\u201c Del sof\u00e1 al \u00e9xito\u201d<\/strong> es tu aliado perfecto para descubrir que no necesitas tenerlo todo claro para volver a empezar. Solo necesitas el valor de dar un paso. Y este libro lo puede ser.<\/p>\n<p data-start=\"396\" data-end=\"620\">Con un estilo cercano, pr\u00e1ctico y divertido, Miguel\u00f3n te acompa\u00f1ar\u00e1 para:<\/p>\n<ul data-start=\"694\" data-end=\"1043\">\n<li data-start=\"694\" data-end=\"738\">\n<p data-start=\"696\" data-end=\"738\"><strong>Superar el estancamiento emocional y vital.<\/strong><\/p>\n<\/li>\n<li data-start=\"739\" data-end=\"801\">\n<p data-start=\"741\" data-end=\"801\"><strong>Reconectar contigo mismo y con aquello que realmente importa.<\/strong><\/p>\n<\/li>\n<li data-start=\"802\" data-end=\"867\">\n<p data-start=\"804\" data-end=\"867\"><strong>Dejar ir miedos, excusas y expectativas que no te pertenecen.<\/strong><\/p>\n<\/li>\n<li data-start=\"868\" data-end=\"941\">\n<p data-start=\"870\" data-end=\"941\"><strong>Descubrir tu poder interior con ejercicios sencillos pero efectivos.<\/strong><\/p>\n<\/li>\n<li data-start=\"942\" data-end=\"983\">\n<p data-start=\"944\" data-end=\"983\"><strong>Re\u00edrte de ti mismo sin juzgarte.<\/strong><\/p>\n<\/li>\n<li data-start=\"984\" data-end=\"1043\">\n<p data-start=\"986\" data-end=\"1043\"><strong>Construir una nueva versi\u00f3n de ti\u2026 m\u00e1s libre y m\u00e1s real.<\/strong><\/p>\n<\/li>\n<\/ul>\n<p data-start=\"1045\" data-end=\"1327\">Opiniones de lectores:<br data-start=\"1065\" data-end=\"1068\" \/>\u2714\ufe0f \u201cSientes que te habla un amigo que ha pasado por lo mismo que tu.\u201d<br data-start=\"1132\" data-end=\"1135\" \/>\u2714\ufe0f \u201cMe ayud\u00f3 a desbloquearme cuando no sabia per donde tirar.\u201d<br data-start=\"1197\" data-end=\"1200\" \/>\u2714\ufe0f \u00abEs como una terapia con humor y alma. Y adem\u00e1s, f\u00e1cil de leer.\u00bb<br data-start=\"1270\" data-end=\"1273\" \/>\u2714\ufe0f \u00abNo da lecciones. Te acompa\u00f1a, y eso se agradece.\u00bb<\/p>\n<p data-start=\"1329\" data-end=\"1497\">Miguel\u00f3n no es un gur\u00fa; es alguien que tambi\u00e9n estuvo perdido y aprendi\u00f3 a empezar de nuevo. Y si \u00e9l pudo hacerlo, tu tambi\u00e9n puedes. Solo tienes que atreverte a dar el paso <strong>\u00abDel sof\u00e1 al \u00e9xito\u00bb<\/strong><\/p>\n<p data-start=\"1329\" data-end=\"1497\"><img fetchpriority=\"high\" decoding=\"async\" class=\"\" src=\"https:\/\/m.media-amazon.com\/images\/I\/61Ze7wa0KkL.jpg\" width=\"459\" height=\"704\" \/><\/p>\n","protected":false},"excerpt":{"rendered":"<h1 style=\"text-align: center;\"><strong data-start=\"1529\" data-end=\"1551\">\u00abDel sof\u00e1 al \u00e9xito\u00bb<\/strong> es la gu\u00eda pr\u00e1ctica y divertida para superar miedos, dejar atr\u00e1s el estancamiento y redescubrir tu poder interior.<\/h1>\n<h1 style=\"text-align: center;\"><strong>Con ejercicios sencillos, humor y una mirada cercana<\/strong>, Miguel\u00f3n te acompa\u00f1a para empezar de nuevo y crear una <strong>versi\u00f3n <\/strong>de ti <strong>m\u00e1s libre y aut\u00e9ntica.<\/strong><\/h1>\n","protected":false},"featured_media":11457,"comment_status":"open","ping_status":"closed","template":"","meta":[],"product_brand":[],"product_cat":[1270],"product_tag":[],"class_list":{"0":"post-11458","1":"product","2":"type-product","3":"status-publish","4":"has-post-thumbnail","6":"product_cat-libros-","7":"infinite-scroll-item","8":"sales-flash-overlay","9":"woocommerce-text-align-center","10":"woocommerce-image-align-center","11":"do-quantity-buttons","13":"first","14":"instock","15":"taxable","16":"shipping-taxable","17":"purchasable","18":"product-type-simple"},"yoast_head":"<!-- This site is optimized with the Yoast SEO plugin v27.4 - https:\/\/yoast.com\/product\/yoast-seo-wordpress\/ -->\n<title>DEL SOF\u00c1 AL \u00c9XITO - Velas Dal\u00ed<\/title>\n<meta name=\"description\" content=\"La vida, a veces, te sacude con tanta fuerza que parece que todo se desmorona. Pero, \u00bfy si este derrumbe es el inicio de tu transformaci\u00f3n?\" \/>\n<meta name=\"robots\" content=\"index, follow, max-snippet:-1, max-image-preview:large, max-video-preview:-1\" \/>\n<link rel=\"canonical\" href=\"https:\/\/espelmesdali.com\/es\/producto\/del-sofa-al-exito\/\" \/>\n<meta property=\"og:locale\" content=\"es_ES\" \/>\n<meta property=\"og:type\" content=\"article\" \/>\n<meta property=\"og:title\" content=\"DEL SOF\u00c1 AL \u00c9XITO - Velas Dal\u00ed\" \/>\n<meta property=\"og:description\" content=\"La vida, a veces, te sacude con tanta fuerza que parece que todo se desmorona. Pero, \u00bfy si este derrumbe es el inicio de tu transformaci\u00f3n?\" \/>\n<meta property=\"og:url\" content=\"https:\/\/espelmesdali.com\/es\/producto\/del-sofa-al-exito\/\" \/>\n<meta property=\"og:site_name\" content=\"Velas Dal\u00ed\" \/>\n<meta property=\"article:publisher\" content=\"https:\/\/www.facebook.com\/profile.php?id=100086540543846\" \/>\n<meta property=\"og:image\" content=\"https:\/\/espelmesdali.com\/wp-content\/uploads\/2026\/02\/WhatsApp-Image-2026-02-19-at-11.18.29-e1772182108428.jpeg\" \/>\n\t<meta property=\"og:image:width\" content=\"1024\" \/>\n\t<meta property=\"og:image:height\" content=\"1536\" \/>\n\t<meta property=\"og:image:type\" content=\"image\/jpeg\" \/>\n<meta name=\"twitter:card\" content=\"summary_large_image\" \/>\n<meta name=\"twitter:label1\" content=\"Tiempo de lectura\" \/>\n\t<meta name=\"twitter:data1\" content=\"1 minuto\" \/>\n<script type=\"application\/ld+json\" class=\"yoast-schema-graph\">{\"@context\":\"https:\\\/\\\/schema.org\",\"@graph\":[{\"@type\":\"WebPage\",\"@id\":\"https:\\\/\\\/espelmesdali.com\\\/es\\\/producto\\\/del-sofa-al-exito\\\/\",\"url\":\"https:\\\/\\\/espelmesdali.com\\\/es\\\/producto\\\/del-sofa-al-exito\\\/\",\"name\":\"DEL SOF\u00c1 AL \u00c9XITO - Velas Dal\u00ed\",\"isPartOf\":{\"@id\":\"https:\\\/\\\/espelmesdali.com\\\/es\\\/#website\"},\"primaryImageOfPage\":{\"@id\":\"https:\\\/\\\/espelmesdali.com\\\/es\\\/producto\\\/del-sofa-al-exito\\\/#primaryimage\"},\"image\":{\"@id\":\"https:\\\/\\\/espelmesdali.com\\\/es\\\/producto\\\/del-sofa-al-exito\\\/#primaryimage\"},\"thumbnailUrl\":\"https:\\\/\\\/espelmesdali.com\\\/wp-content\\\/uploads\\\/2026\\\/02\\\/WhatsApp-Image-2026-02-19-at-11.18.29-e1772182108428.jpeg\",\"datePublished\":\"2026-02-19T11:11:11+00:00\",\"description\":\"La vida, a veces, te sacude con tanta fuerza que parece que todo se desmorona. Pero, \u00bfy si este derrumbe es el inicio de tu transformaci\u00f3n?\",\"breadcrumb\":{\"@id\":\"https:\\\/\\\/espelmesdali.com\\\/es\\\/producto\\\/del-sofa-al-exito\\\/#breadcrumb\"},\"inLanguage\":\"es\",\"potentialAction\":[{\"@type\":\"ReadAction\",\"target\":[\"https:\\\/\\\/espelmesdali.com\\\/es\\\/producto\\\/del-sofa-al-exito\\\/\"]}]},{\"@type\":\"ImageObject\",\"inLanguage\":\"es\",\"@id\":\"https:\\\/\\\/espelmesdali.com\\\/es\\\/producto\\\/del-sofa-al-exito\\\/#primaryimage\",\"url\":\"https:\\\/\\\/espelmesdali.com\\\/wp-content\\\/uploads\\\/2026\\\/02\\\/WhatsApp-Image-2026-02-19-at-11.18.29-e1772182108428.jpeg\",\"contentUrl\":\"https:\\\/\\\/espelmesdali.com\\\/wp-content\\\/uploads\\\/2026\\\/02\\\/WhatsApp-Image-2026-02-19-at-11.18.29-e1772182108428.jpeg\",\"width\":1024,\"height\":1536},{\"@type\":\"BreadcrumbList\",\"@id\":\"https:\\\/\\\/espelmesdali.com\\\/es\\\/producto\\\/del-sofa-al-exito\\\/#breadcrumb\",\"itemListElement\":[{\"@type\":\"ListItem\",\"position\":1,\"name\":\"Portada\",\"item\":\"https:\\\/\\\/espelmesdali.com\\\/es\\\/\"},{\"@type\":\"ListItem\",\"position\":2,\"name\":\"Tienda\",\"item\":\"https:\\\/\\\/espelmesdali.com\\\/es\\\/tienda\\\/\"},{\"@type\":\"ListItem\",\"position\":3,\"name\":\"DEL SOF\u00c1 AL \u00c9XITO\"}]},{\"@type\":\"WebSite\",\"@id\":\"https:\\\/\\\/espelmesdali.com\\\/es\\\/#website\",\"url\":\"https:\\\/\\\/espelmesdali.com\\\/es\\\/\",\"name\":\"Velas Dal\u00ed\",\"description\":\"Espelmes energ\u00e8tiques naturals i artesanes\",\"publisher\":{\"@id\":\"https:\\\/\\\/espelmesdali.com\\\/es\\\/#organization\"},\"alternateName\":\"Espelmes energ\u00e8tiques naturals i artesanes\",\"potentialAction\":[{\"@type\":\"SearchAction\",\"target\":{\"@type\":\"EntryPoint\",\"urlTemplate\":\"https:\\\/\\\/espelmesdali.com\\\/es\\\/?s={search_term_string}\"},\"query-input\":{\"@type\":\"PropertyValueSpecification\",\"valueRequired\":true,\"valueName\":\"search_term_string\"}}],\"inLanguage\":\"es\"},{\"@type\":\"Organization\",\"@id\":\"https:\\\/\\\/espelmesdali.com\\\/es\\\/#organization\",\"name\":\"Velas Dal\u00ed\",\"alternateName\":\"Espelmes energ\u00e8tiques naturals i artesanes\",\"url\":\"https:\\\/\\\/espelmesdali.com\\\/es\\\/\",\"logo\":{\"@type\":\"ImageObject\",\"inLanguage\":\"es\",\"@id\":\"https:\\\/\\\/espelmesdali.com\\\/es\\\/#\\\/schema\\\/logo\\\/image\\\/\",\"url\":\"https:\\\/\\\/i0.wp.com\\\/velasdali.com\\\/wp-content\\\/uploads\\\/2022\\\/12\\\/cropped-LOGO_DALI-01.jpg?fit=1200%2C1200&ssl=1\",\"contentUrl\":\"https:\\\/\\\/i0.wp.com\\\/velasdali.com\\\/wp-content\\\/uploads\\\/2022\\\/12\\\/cropped-LOGO_DALI-01.jpg?fit=1200%2C1200&ssl=1\",\"width\":1200,\"height\":1200,\"caption\":\"Velas Dal\u00ed\"},\"image\":{\"@id\":\"https:\\\/\\\/espelmesdali.com\\\/es\\\/#\\\/schema\\\/logo\\\/image\\\/\"},\"sameAs\":[\"https:\\\/\\\/www.facebook.com\\\/profile.php?id=100086540543846\",\"https:\\\/\\\/www.instagram.com\\\/espelmesdali\\\/\"]}]}<\/script>\n<!-- \/ Yoast SEO plugin. -->","yoast_head_json":{"title":"DEL SOF\u00c1 AL \u00c9XITO - Velas Dal\u00ed","description":"La vida, a veces, te sacude con tanta fuerza que parece que todo se desmorona. Pero, \u00bfy si este derrumbe es el inicio de tu transformaci\u00f3n?","robots":{"index":"index","follow":"follow","max-snippet":"max-snippet:-1","max-image-preview":"max-image-preview:large","max-video-preview":"max-video-preview:-1"},"canonical":"https:\/\/espelmesdali.com\/es\/producto\/del-sofa-al-exito\/","og_locale":"es_ES","og_type":"article","og_title":"DEL SOF\u00c1 AL \u00c9XITO - Velas Dal\u00ed","og_description":"La vida, a veces, te sacude con tanta fuerza que parece que todo se desmorona. Pero, \u00bfy si este derrumbe es el inicio de tu transformaci\u00f3n?","og_url":"https:\/\/espelmesdali.com\/es\/producto\/del-sofa-al-exito\/","og_site_name":"Velas Dal\u00ed","article_publisher":"https:\/\/www.facebook.com\/profile.php?id=100086540543846","og_image":[{"width":1024,"height":1536,"url":"https:\/\/espelmesdali.com\/wp-content\/uploads\/2026\/02\/WhatsApp-Image-2026-02-19-at-11.18.29-e1772182108428.jpeg","type":"image\/jpeg"}],"twitter_card":"summary_large_image","twitter_misc":{"Tiempo de lectura":"1 minuto"},"schema":{"@context":"https:\/\/schema.org","@graph":[{"@type":"WebPage","@id":"https:\/\/espelmesdali.com\/es\/producto\/del-sofa-al-exito\/","url":"https:\/\/espelmesdali.com\/es\/producto\/del-sofa-al-exito\/","name":"DEL SOF\u00c1 AL \u00c9XITO - Velas Dal\u00ed","isPartOf":{"@id":"https:\/\/espelmesdali.com\/es\/#website"},"primaryImageOfPage":{"@id":"https:\/\/espelmesdali.com\/es\/producto\/del-sofa-al-exito\/#primaryimage"},"image":{"@id":"https:\/\/espelmesdali.com\/es\/producto\/del-sofa-al-exito\/#primaryimage"},"thumbnailUrl":"https:\/\/espelmesdali.com\/wp-content\/uploads\/2026\/02\/WhatsApp-Image-2026-02-19-at-11.18.29-e1772182108428.jpeg","datePublished":"2026-02-19T11:11:11+00:00","description":"La vida, a veces, te sacude con tanta fuerza que parece que todo se desmorona. Pero, \u00bfy si este derrumbe es el inicio de tu transformaci\u00f3n?","breadcrumb":{"@id":"https:\/\/espelmesdali.com\/es\/producto\/del-sofa-al-exito\/#breadcrumb"},"inLanguage":"es","potentialAction":[{"@type":"ReadAction","target":["https:\/\/espelmesdali.com\/es\/producto\/del-sofa-al-exito\/"]}]},{"@type":"ImageObject","inLanguage":"es","@id":"https:\/\/espelmesdali.com\/es\/producto\/del-sofa-al-exito\/#primaryimage","url":"https:\/\/espelmesdali.com\/wp-content\/uploads\/2026\/02\/WhatsApp-Image-2026-02-19-at-11.18.29-e1772182108428.jpeg","contentUrl":"https:\/\/espelmesdali.com\/wp-content\/uploads\/2026\/02\/WhatsApp-Image-2026-02-19-at-11.18.29-e1772182108428.jpeg","width":1024,"height":1536},{"@type":"BreadcrumbList","@id":"https:\/\/espelmesdali.com\/es\/producto\/del-sofa-al-exito\/#breadcrumb","itemListElement":[{"@type":"ListItem","position":1,"name":"Portada","item":"https:\/\/espelmesdali.com\/es\/"},{"@type":"ListItem","position":2,"name":"Tienda","item":"https:\/\/espelmesdali.com\/es\/tienda\/"},{"@type":"ListItem","position":3,"name":"DEL SOF\u00c1 AL \u00c9XITO"}]},{"@type":"WebSite","@id":"https:\/\/espelmesdali.com\/es\/#website","url":"https:\/\/espelmesdali.com\/es\/","name":"Velas Dal\u00ed","description":"Espelmes energ\u00e8tiques naturals i artesanes","publisher":{"@id":"https:\/\/espelmesdali.com\/es\/#organization"},"alternateName":"Espelmes energ\u00e8tiques naturals i artesanes","potentialAction":[{"@type":"SearchAction","target":{"@type":"EntryPoint","urlTemplate":"https:\/\/espelmesdali.com\/es\/?s={search_term_string}"},"query-input":{"@type":"PropertyValueSpecification","valueRequired":true,"valueName":"search_term_string"}}],"inLanguage":"es"},{"@type":"Organization","@id":"https:\/\/espelmesdali.com\/es\/#organization","name":"Velas Dal\u00ed","alternateName":"Espelmes energ\u00e8tiques naturals i artesanes","url":"https:\/\/espelmesdali.com\/es\/","logo":{"@type":"ImageObject","inLanguage":"es","@id":"https:\/\/espelmesdali.com\/es\/#\/schema\/logo\/image\/","url":"https:\/\/i0.wp.com\/velasdali.com\/wp-content\/uploads\/2022\/12\/cropped-LOGO_DALI-01.jpg?fit=1200%2C1200&ssl=1","contentUrl":"https:\/\/i0.wp.com\/velasdali.com\/wp-content\/uploads\/2022\/12\/cropped-LOGO_DALI-01.jpg?fit=1200%2C1200&ssl=1","width":1200,"height":1200,"caption":"Velas Dal\u00ed"},"image":{"@id":"https:\/\/espelmesdali.com\/es\/#\/schema\/logo\/image\/"},"sameAs":["https:\/\/www.facebook.com\/profile.php?id=100086540543846","https:\/\/www.instagram.com\/espelmesdali\/"]}]}},"_links":{"self":[{"href":"https:\/\/espelmesdali.com\/es\/wp-json\/wp\/v2\/product\/11458","targetHints":{"allow":["GET"]}}],"collection":[{"href":"https:\/\/espelmesdali.com\/es\/wp-json\/wp\/v2\/product"}],"about":[{"href":"https:\/\/espelmesdali.com\/es\/wp-json\/wp\/v2\/types\/product"}],"replies":[{"embeddable":true,"href":"https:\/\/espelmesdali.com\/es\/wp-json\/wp\/v2\/comments?post=11458"}],"wp:featuredmedia":[{"embeddable":true,"href":"https:\/\/espelmesdali.com\/es\/wp-json\/wp\/v2\/media\/11457"}],"wp:attachment":[{"href":"https:\/\/espelmesdali.com\/es\/wp-json\/wp\/v2\/media?parent=11458"}],"wp:term":[{"taxonomy":"product_brand","embeddable":true,"href":"https:\/\/espelmesdali.com\/es\/wp-json\/wp\/v2\/product_brand?post=11458"},{"taxonomy":"product_cat","embeddable":true,"href":"https:\/\/espelmesdali.com\/es\/wp-json\/wp\/v2\/product_cat?post=11458"},{"taxonomy":"product_tag","embeddable":true,"href":"https:\/\/espelmesdali.com\/es\/wp-json\/wp\/v2\/product_tag?post=11458"}],"curies":[{"name":"wp","href":"https:\/\/api.w.org\/{rel}","templated":true}]}}