{"id":11448,"date":"2026-02-18T13:02:16","date_gmt":"2026-02-18T12:02:16","guid":{"rendered":"https:\/\/espelmesdali.com\/producte\/exito-en-zapatillas\/"},"modified":"2026-02-19T12:34:35","modified_gmt":"2026-02-19T11:34:35","slug":"exito-en-zapatillas","status":"publish","type":"product","link":"https:\/\/espelmesdali.com\/es\/producto\/exito-en-zapatillas\/","title":{"rendered":"\u00c9XITO EN ZAPATILLAS"},"content":{"rendered":"<h2 style=\"text-align: center;\" data-start=\"137\" data-end=\"567\">La vida, a veces, te sacude con fuerza y parece que todo se desmorona.\u00a0 Pero, \u00bfy si este derrumbe fuese en realidad el inicio de tu transformaci\u00f3n?<\/h2>\n<p data-start=\"137\" data-end=\"567\"><strong data-start=\"288\" data-end=\"311\">\u201c\u00c9xito en zapatillas\u201d<\/strong> es m\u00e1s que un libro: <strong>es una gu\u00eda pr\u00e1ctica<\/strong>, <strong>cercana<\/strong> y<strong>\u00a0divertida<\/strong> para todos aquellos que se sienten atrapados en la rutina, perdidos o con miedo al cambio. No necesitas tenerlo todo claro para empezar de nuevo;<strong> solo necesitas el valor de dar un paso <\/strong>y este libro puede serlo.<\/p>\n<p data-start=\"569\" data-end=\"1097\">A trav\u00e9s de ejercicios sencillos pero potentes, este libro te ayudar\u00e1 a superar bloqueos emocionales, reconectar contigo mismo, <strong>dejar ir miedos <\/strong>y expectativas alienas, re\u00edrte de ti mismo sin juzgarte y construir una versi\u00f3n de ti m\u00e1s libre y aut\u00e9ntica.<\/p>\n<p data-start=\"569\" data-end=\"1097\">Escribiendo desde la experiencia real, Miguel\u00f3n te acompa\u00f1a como un amigo que ha pasado por lo mismo que tu, sin dar lecciones ni filtros, demostrando que volver a empezar es posible. Si \u00e9l pudo hacerlo, tu tambi\u00e9n puedes. Solo tienes que atreverte a tener <strong>\u00ab\u00c9xito en zapatillas\u00bb<\/strong>.<\/p>\n<p data-start=\"569\" data-end=\"1097\"><img fetchpriority=\"high\" decoding=\"async\" class=\"\" src=\"https:\/\/m.media-amazon.com\/images\/I\/61kEMRLHsLL.jpg\" width=\"397\" height=\"613\" \/><\/p>\n","protected":false},"excerpt":{"rendered":"<h1 style=\"text-align: center;\"><strong>Si te sientes perdido, estancado o con miedo al cambio, \u201c\u00c9xito en zapatillas\u201d es la gu\u00eda pr\u00e1ctica y divertida que te ayudar\u00e1 a empezar de nuevo.<\/strong><\/h1>\n<p>&nbsp;<\/p>\n<h2><strong>Ejercicios sencillos<\/strong>, <strong>humor<\/strong> y\u00a0<strong>acompa\u00f1amiento cercano <\/strong>para <strong>dejar atr\u00e1s miedos<\/strong>, reconectar contigo mismo y construir una <strong>versi\u00f3n<\/strong> m\u00e1s libre y <strong>aut\u00e9ntica<\/strong> de ti.<\/h2>\n","protected":false},"featured_media":11452,"comment_status":"open","ping_status":"closed","template":"","meta":[],"product_brand":[],"product_cat":[1270],"product_tag":[],"class_list":{"0":"post-11448","1":"product","2":"type-product","3":"status-publish","4":"has-post-thumbnail","6":"product_cat-libros-","7":"infinite-scroll-item","8":"sales-flash-overlay","9":"woocommerce-text-align-center","10":"woocommerce-image-align-center","11":"do-quantity-buttons","13":"first","14":"instock","15":"taxable","16":"shipping-taxable","17":"purchasable","18":"product-type-simple"},"yoast_head":"<!-- This site is optimized with the Yoast SEO plugin v27.4 - https:\/\/yoast.com\/product\/yoast-seo-wordpress\/ -->\n<title>\u00c9XITO EN ZAPATILLAS - Velas Dal\u00ed<\/title>\n<meta name=\"description\" content=\"La vida, a veces, te sacude con fuerza y parece que todo se desmorona. Pero, \u00bfy si este derrumbe fuese en realidad el inicio de tu transformaci\u00f3n?\" \/>\n<meta name=\"robots\" content=\"index, follow, max-snippet:-1, max-image-preview:large, max-video-preview:-1\" \/>\n<link rel=\"canonical\" href=\"https:\/\/espelmesdali.com\/es\/producto\/exito-en-zapatillas\/\" \/>\n<meta property=\"og:locale\" content=\"es_ES\" \/>\n<meta property=\"og:type\" content=\"article\" \/>\n<meta property=\"og:title\" content=\"\u00c9XITO EN ZAPATILLAS - Velas Dal\u00ed\" \/>\n<meta property=\"og:description\" content=\"La vida, a veces, te sacude con fuerza y parece que todo se desmorona. Pero, \u00bfy si este derrumbe fuese en realidad el inicio de tu transformaci\u00f3n?\" \/>\n<meta property=\"og:url\" content=\"https:\/\/espelmesdali.com\/es\/producto\/exito-en-zapatillas\/\" \/>\n<meta property=\"og:site_name\" content=\"Velas Dal\u00ed\" \/>\n<meta property=\"article:publisher\" content=\"https:\/\/www.facebook.com\/profile.php?id=100086540543846\" \/>\n<meta property=\"article:modified_time\" content=\"2026-02-19T11:34:35+00:00\" \/>\n<meta property=\"og:image\" content=\"https:\/\/espelmesdali.com\/wp-content\/uploads\/2026\/02\/ChatGPT-Image-18-de-febr.-del-2026-19_22_08.png\" \/>\n\t<meta property=\"og:image:width\" content=\"1024\" \/>\n\t<meta property=\"og:image:height\" content=\"1536\" \/>\n\t<meta property=\"og:image:type\" content=\"image\/png\" \/>\n<meta name=\"twitter:card\" content=\"summary_large_image\" \/>\n<meta name=\"twitter:label1\" content=\"Tiempo de lectura\" \/>\n\t<meta name=\"twitter:data1\" content=\"1 minuto\" \/>\n<script type=\"application\/ld+json\" class=\"yoast-schema-graph\">{\"@context\":\"https:\\\/\\\/schema.org\",\"@graph\":[{\"@type\":\"WebPage\",\"@id\":\"https:\\\/\\\/espelmesdali.com\\\/es\\\/producto\\\/exito-en-zapatillas\\\/\",\"url\":\"https:\\\/\\\/espelmesdali.com\\\/es\\\/producto\\\/exito-en-zapatillas\\\/\",\"name\":\"\u00c9XITO EN ZAPATILLAS - Velas Dal\u00ed\",\"isPartOf\":{\"@id\":\"https:\\\/\\\/espelmesdali.com\\\/es\\\/#website\"},\"primaryImageOfPage\":{\"@id\":\"https:\\\/\\\/espelmesdali.com\\\/es\\\/producto\\\/exito-en-zapatillas\\\/#primaryimage\"},\"image\":{\"@id\":\"https:\\\/\\\/espelmesdali.com\\\/es\\\/producto\\\/exito-en-zapatillas\\\/#primaryimage\"},\"thumbnailUrl\":\"https:\\\/\\\/espelmesdali.com\\\/wp-content\\\/uploads\\\/2026\\\/02\\\/ChatGPT-Image-18-de-febr.-del-2026-19_22_08.png\",\"datePublished\":\"2026-02-18T12:02:16+00:00\",\"dateModified\":\"2026-02-19T11:34:35+00:00\",\"description\":\"La vida, a veces, te sacude con fuerza y parece que todo se desmorona. Pero, \u00bfy si este derrumbe fuese en realidad el inicio de tu transformaci\u00f3n?\",\"breadcrumb\":{\"@id\":\"https:\\\/\\\/espelmesdali.com\\\/es\\\/producto\\\/exito-en-zapatillas\\\/#breadcrumb\"},\"inLanguage\":\"es\",\"potentialAction\":[{\"@type\":\"ReadAction\",\"target\":[\"https:\\\/\\\/espelmesdali.com\\\/es\\\/producto\\\/exito-en-zapatillas\\\/\"]}]},{\"@type\":\"ImageObject\",\"inLanguage\":\"es\",\"@id\":\"https:\\\/\\\/espelmesdali.com\\\/es\\\/producto\\\/exito-en-zapatillas\\\/#primaryimage\",\"url\":\"https:\\\/\\\/espelmesdali.com\\\/wp-content\\\/uploads\\\/2026\\\/02\\\/ChatGPT-Image-18-de-febr.-del-2026-19_22_08.png\",\"contentUrl\":\"https:\\\/\\\/espelmesdali.com\\\/wp-content\\\/uploads\\\/2026\\\/02\\\/ChatGPT-Image-18-de-febr.-del-2026-19_22_08.png\",\"width\":1024,\"height\":1536,\"caption\":\"\u00c9xito en zapatillas\"},{\"@type\":\"BreadcrumbList\",\"@id\":\"https:\\\/\\\/espelmesdali.com\\\/es\\\/producto\\\/exito-en-zapatillas\\\/#breadcrumb\",\"itemListElement\":[{\"@type\":\"ListItem\",\"position\":1,\"name\":\"Portada\",\"item\":\"https:\\\/\\\/espelmesdali.com\\\/es\\\/\"},{\"@type\":\"ListItem\",\"position\":2,\"name\":\"Tienda\",\"item\":\"https:\\\/\\\/espelmesdali.com\\\/es\\\/tienda\\\/\"},{\"@type\":\"ListItem\",\"position\":3,\"name\":\"\u00c9XITO EN ZAPATILLAS\"}]},{\"@type\":\"WebSite\",\"@id\":\"https:\\\/\\\/espelmesdali.com\\\/es\\\/#website\",\"url\":\"https:\\\/\\\/espelmesdali.com\\\/es\\\/\",\"name\":\"Velas Dal\u00ed\",\"description\":\"Espelmes energ\u00e8tiques naturals i artesanes\",\"publisher\":{\"@id\":\"https:\\\/\\\/espelmesdali.com\\\/es\\\/#organization\"},\"alternateName\":\"Espelmes energ\u00e8tiques naturals i artesanes\",\"potentialAction\":[{\"@type\":\"SearchAction\",\"target\":{\"@type\":\"EntryPoint\",\"urlTemplate\":\"https:\\\/\\\/espelmesdali.com\\\/es\\\/?s={search_term_string}\"},\"query-input\":{\"@type\":\"PropertyValueSpecification\",\"valueRequired\":true,\"valueName\":\"search_term_string\"}}],\"inLanguage\":\"es\"},{\"@type\":\"Organization\",\"@id\":\"https:\\\/\\\/espelmesdali.com\\\/es\\\/#organization\",\"name\":\"Velas Dal\u00ed\",\"alternateName\":\"Espelmes energ\u00e8tiques naturals i artesanes\",\"url\":\"https:\\\/\\\/espelmesdali.com\\\/es\\\/\",\"logo\":{\"@type\":\"ImageObject\",\"inLanguage\":\"es\",\"@id\":\"https:\\\/\\\/espelmesdali.com\\\/es\\\/#\\\/schema\\\/logo\\\/image\\\/\",\"url\":\"https:\\\/\\\/i0.wp.com\\\/velasdali.com\\\/wp-content\\\/uploads\\\/2022\\\/12\\\/cropped-LOGO_DALI-01.jpg?fit=1200%2C1200&ssl=1\",\"contentUrl\":\"https:\\\/\\\/i0.wp.com\\\/velasdali.com\\\/wp-content\\\/uploads\\\/2022\\\/12\\\/cropped-LOGO_DALI-01.jpg?fit=1200%2C1200&ssl=1\",\"width\":1200,\"height\":1200,\"caption\":\"Velas Dal\u00ed\"},\"image\":{\"@id\":\"https:\\\/\\\/espelmesdali.com\\\/es\\\/#\\\/schema\\\/logo\\\/image\\\/\"},\"sameAs\":[\"https:\\\/\\\/www.facebook.com\\\/profile.php?id=100086540543846\",\"https:\\\/\\\/www.instagram.com\\\/espelmesdali\\\/\"]}]}<\/script>\n<!-- \/ Yoast SEO plugin. -->","yoast_head_json":{"title":"\u00c9XITO EN ZAPATILLAS - Velas Dal\u00ed","description":"La vida, a veces, te sacude con fuerza y parece que todo se desmorona. Pero, \u00bfy si este derrumbe fuese en realidad el inicio de tu transformaci\u00f3n?","robots":{"index":"index","follow":"follow","max-snippet":"max-snippet:-1","max-image-preview":"max-image-preview:large","max-video-preview":"max-video-preview:-1"},"canonical":"https:\/\/espelmesdali.com\/es\/producto\/exito-en-zapatillas\/","og_locale":"es_ES","og_type":"article","og_title":"\u00c9XITO EN ZAPATILLAS - Velas Dal\u00ed","og_description":"La vida, a veces, te sacude con fuerza y parece que todo se desmorona. Pero, \u00bfy si este derrumbe fuese en realidad el inicio de tu transformaci\u00f3n?","og_url":"https:\/\/espelmesdali.com\/es\/producto\/exito-en-zapatillas\/","og_site_name":"Velas Dal\u00ed","article_publisher":"https:\/\/www.facebook.com\/profile.php?id=100086540543846","article_modified_time":"2026-02-19T11:34:35+00:00","og_image":[{"width":1024,"height":1536,"url":"https:\/\/espelmesdali.com\/wp-content\/uploads\/2026\/02\/ChatGPT-Image-18-de-febr.-del-2026-19_22_08.png","type":"image\/png"}],"twitter_card":"summary_large_image","twitter_misc":{"Tiempo de lectura":"1 minuto"},"schema":{"@context":"https:\/\/schema.org","@graph":[{"@type":"WebPage","@id":"https:\/\/espelmesdali.com\/es\/producto\/exito-en-zapatillas\/","url":"https:\/\/espelmesdali.com\/es\/producto\/exito-en-zapatillas\/","name":"\u00c9XITO EN ZAPATILLAS - Velas Dal\u00ed","isPartOf":{"@id":"https:\/\/espelmesdali.com\/es\/#website"},"primaryImageOfPage":{"@id":"https:\/\/espelmesdali.com\/es\/producto\/exito-en-zapatillas\/#primaryimage"},"image":{"@id":"https:\/\/espelmesdali.com\/es\/producto\/exito-en-zapatillas\/#primaryimage"},"thumbnailUrl":"https:\/\/espelmesdali.com\/wp-content\/uploads\/2026\/02\/ChatGPT-Image-18-de-febr.-del-2026-19_22_08.png","datePublished":"2026-02-18T12:02:16+00:00","dateModified":"2026-02-19T11:34:35+00:00","description":"La vida, a veces, te sacude con fuerza y parece que todo se desmorona. Pero, \u00bfy si este derrumbe fuese en realidad el inicio de tu transformaci\u00f3n?","breadcrumb":{"@id":"https:\/\/espelmesdali.com\/es\/producto\/exito-en-zapatillas\/#breadcrumb"},"inLanguage":"es","potentialAction":[{"@type":"ReadAction","target":["https:\/\/espelmesdali.com\/es\/producto\/exito-en-zapatillas\/"]}]},{"@type":"ImageObject","inLanguage":"es","@id":"https:\/\/espelmesdali.com\/es\/producto\/exito-en-zapatillas\/#primaryimage","url":"https:\/\/espelmesdali.com\/wp-content\/uploads\/2026\/02\/ChatGPT-Image-18-de-febr.-del-2026-19_22_08.png","contentUrl":"https:\/\/espelmesdali.com\/wp-content\/uploads\/2026\/02\/ChatGPT-Image-18-de-febr.-del-2026-19_22_08.png","width":1024,"height":1536,"caption":"\u00c9xito en zapatillas"},{"@type":"BreadcrumbList","@id":"https:\/\/espelmesdali.com\/es\/producto\/exito-en-zapatillas\/#breadcrumb","itemListElement":[{"@type":"ListItem","position":1,"name":"Portada","item":"https:\/\/espelmesdali.com\/es\/"},{"@type":"ListItem","position":2,"name":"Tienda","item":"https:\/\/espelmesdali.com\/es\/tienda\/"},{"@type":"ListItem","position":3,"name":"\u00c9XITO EN ZAPATILLAS"}]},{"@type":"WebSite","@id":"https:\/\/espelmesdali.com\/es\/#website","url":"https:\/\/espelmesdali.com\/es\/","name":"Velas Dal\u00ed","description":"Espelmes energ\u00e8tiques naturals i artesanes","publisher":{"@id":"https:\/\/espelmesdali.com\/es\/#organization"},"alternateName":"Espelmes energ\u00e8tiques naturals i artesanes","potentialAction":[{"@type":"SearchAction","target":{"@type":"EntryPoint","urlTemplate":"https:\/\/espelmesdali.com\/es\/?s={search_term_string}"},"query-input":{"@type":"PropertyValueSpecification","valueRequired":true,"valueName":"search_term_string"}}],"inLanguage":"es"},{"@type":"Organization","@id":"https:\/\/espelmesdali.com\/es\/#organization","name":"Velas Dal\u00ed","alternateName":"Espelmes energ\u00e8tiques naturals i artesanes","url":"https:\/\/espelmesdali.com\/es\/","logo":{"@type":"ImageObject","inLanguage":"es","@id":"https:\/\/espelmesdali.com\/es\/#\/schema\/logo\/image\/","url":"https:\/\/i0.wp.com\/velasdali.com\/wp-content\/uploads\/2022\/12\/cropped-LOGO_DALI-01.jpg?fit=1200%2C1200&ssl=1","contentUrl":"https:\/\/i0.wp.com\/velasdali.com\/wp-content\/uploads\/2022\/12\/cropped-LOGO_DALI-01.jpg?fit=1200%2C1200&ssl=1","width":1200,"height":1200,"caption":"Velas Dal\u00ed"},"image":{"@id":"https:\/\/espelmesdali.com\/es\/#\/schema\/logo\/image\/"},"sameAs":["https:\/\/www.facebook.com\/profile.php?id=100086540543846","https:\/\/www.instagram.com\/espelmesdali\/"]}]}},"_links":{"self":[{"href":"https:\/\/espelmesdali.com\/es\/wp-json\/wp\/v2\/product\/11448","targetHints":{"allow":["GET"]}}],"collection":[{"href":"https:\/\/espelmesdali.com\/es\/wp-json\/wp\/v2\/product"}],"about":[{"href":"https:\/\/espelmesdali.com\/es\/wp-json\/wp\/v2\/types\/product"}],"replies":[{"embeddable":true,"href":"https:\/\/espelmesdali.com\/es\/wp-json\/wp\/v2\/comments?post=11448"}],"wp:featuredmedia":[{"embeddable":true,"href":"https:\/\/espelmesdali.com\/es\/wp-json\/wp\/v2\/media\/11452"}],"wp:attachment":[{"href":"https:\/\/espelmesdali.com\/es\/wp-json\/wp\/v2\/media?parent=11448"}],"wp:term":[{"taxonomy":"product_brand","embeddable":true,"href":"https:\/\/espelmesdali.com\/es\/wp-json\/wp\/v2\/product_brand?post=11448"},{"taxonomy":"product_cat","embeddable":true,"href":"https:\/\/espelmesdali.com\/es\/wp-json\/wp\/v2\/product_cat?post=11448"},{"taxonomy":"product_tag","embeddable":true,"href":"https:\/\/espelmesdali.com\/es\/wp-json\/wp\/v2\/product_tag?post=11448"}],"curies":[{"name":"wp","href":"https:\/\/api.w.org\/{rel}","templated":true}]}}