{"id":10540,"date":"2025-12-17T18:16:45","date_gmt":"2025-12-17T17:16:45","guid":{"rendered":"https:\/\/espelmesdali.com\/?post_type=product&#038;p=10540"},"modified":"2026-03-16T11:02:36","modified_gmt":"2026-03-16T10:02:36","slug":"10540","status":"publish","type":"product","link":"https:\/\/espelmesdali.com\/es\/producto\/10540\/","title":{"rendered":"LA CLAU DE LA CEL\u00b7LA  2a Edici\u00f3"},"content":{"rendered":"<p data-start=\"340\" data-end=\"715\">Hi ha moments a la vida en qu\u00e8 sentim que vivim tancats dins d\u2019una cel\u00b7la invisible. Una cel\u00b7la feta de pors, culpes i creences que ens impedeixen ser qui som realment.<br data-start=\"508\" data-end=\"511\" \/><em data-start=\"511\" data-end=\"533\">La clau de la cel\u00b7la<\/em> \u00e9s el relat sincer i transformador d\u2019una dona que s\u2019atreveix a mirar dins seu, afrontar la seva hist\u00f2ria i recuperar la llibertat interior que sempre havia estat a les seves mans.<\/p>\n<p data-start=\"717\" data-end=\"1083\">Aquesta <strong data-start=\"725\" data-end=\"744\">edici\u00f3 ampliada<\/strong> neix de la voluntat d\u2019anar m\u00e9s enll\u00e0 de la lectura: d\u2019ajudar-te a <strong data-start=\"811\" data-end=\"832\">posar en pr\u00e0ctica<\/strong> tot all\u00f2 que el llibre inspira. Per aix\u00f2, hi trobar\u00e0s <strong data-start=\"887\" data-end=\"922\">exercicis i propostes concretes<\/strong> que t\u2019acompanyaran a fer el teu propi proc\u00e9s de transformaci\u00f3 \u2014a recon\u00e8ixer els teus patrons, sanar les ferides emocionals i reconnectar amb la teva ess\u00e8ncia.<\/p>\n<p data-start=\"1085\" data-end=\"1323\">Com a novetat, aquesta edici\u00f3 tamb\u00e9 inclou un <strong data-start=\"1131\" data-end=\"1171\">cap\u00edtol especial de Miguel Rodr\u00edguez<\/strong>, autor del reconegut llibre <em data-start=\"1200\" data-end=\"1219\">Renacer sin miedo<\/em>, que comparteix la seva visi\u00f3 sobre la llibertat emocional i la for\u00e7a d\u2019atrevir-se a viure sense por.<\/p>\n<p data-start=\"1325\" data-end=\"1495\"><em data-start=\"1325\" data-end=\"1347\">La Clau de la Cel\u00b7la <\/em>\u00e9s m\u00e9s que un llibre d\u2019autoajuda: \u00e9s una invitaci\u00f3 a obrir la porta de la teva pr\u00f2pia cel\u00b7la interior i sortir-ne m\u00e9s forta, m\u00e9s conscient i m\u00e9s plena.<\/p>\n<p data-start=\"1497\" data-end=\"1538\">\u2728 Un llibre per llegir, sentir i viure.<\/p>\n","protected":false},"excerpt":{"rendered":"<h1 style=\"text-align: center;\">LA CLAU DE LA CEL\u00b7LA\u00a0 (2A EDICI\u00d3)<\/h1>\n<h2 style=\"text-align: center;\"><strong>La clau per deixar de sobreviure i comen\u00e7ara a viure.<\/strong><\/h2>\n<p>&nbsp;<\/p>\n<h2 style=\"text-align: center;\" data-start=\"586\" data-end=\"688\">La clau que pot canviar la teva vida sempre ha estat a les teves mans i aquest llibre t&#8217;ho demostrar\u00e0.<\/h2>\n<p style=\"text-align: center;\" data-start=\"138\" data-end=\"474\">Aquesta \u00e9s una hist\u00f2ria real de transformaci\u00f3 interior. Aquesta lectura et convida a trencar pors, culpes i l\u00edmits invisibles. <strong>Edici\u00f3 ampliada<\/strong> amb <strong data-start=\"338\" data-end=\"360\">exercicis pr\u00e0ctics<\/strong> per portar un canvi real a la teva vida.\u00a0 Cont\u00e9 un <strong data-start=\"401\" data-end=\"441\">cap\u00edtol especial de Miguel Rodr\u00edguez<\/strong>, autor de <em data-start=\"452\" data-end=\"471\" data-is-only-node=\"\">Renacer sin miedo<\/em>.<\/p>\n<p style=\"text-align: center;\" data-start=\"476\" data-end=\"585\">Un llibre que va directe al cor i que et mostrar\u00e0 el cam\u00ed per recuperar <strong data-start=\"522\" data-end=\"585\">la clau de la teva cel\u00b7la. I comen\u00e7ar a experimentar l&#8217;aut\u00e8ntica llibertat, la llibertat interior.<\/strong><\/p>\n","protected":false},"featured_media":10541,"comment_status":"open","ping_status":"closed","template":"","meta":[],"product_brand":[],"product_cat":[1222],"product_tag":[],"class_list":{"0":"post-10540","1":"product","2":"type-product","3":"status-publish","4":"has-post-thumbnail","6":"product_cat-llibres","7":"infinite-scroll-item","8":"sales-flash-overlay","9":"woocommerce-text-align-center","10":"woocommerce-image-align-center","11":"do-quantity-buttons","12":"wc-has-gallery","14":"first","15":"instock","16":"taxable","17":"shipping-taxable","18":"purchasable","19":"product-type-simple"},"yoast_head":"<!-- This site is optimized with the Yoast SEO plugin v27.4 - https:\/\/yoast.com\/product\/yoast-seo-wordpress\/ -->\n<title>LA CLAU DE LA CEL\u00b7LA 2a Edici\u00f3 - Velas Dal\u00ed<\/title>\n<meta name=\"description\" content=\"Quan deixes d\u2019escapar del teu dolor, comen\u00e7a la llibertat. Una hist\u00f2ria real de transformaci\u00f3 i llibertat interior. Hi ha moments en qu\u00e8 en sentim tancats.\" \/>\n<meta name=\"robots\" content=\"index, follow, max-snippet:-1, max-image-preview:large, max-video-preview:-1\" \/>\n<link rel=\"canonical\" href=\"https:\/\/espelmesdali.com\/es\/producto\/10540\/\" \/>\n<meta property=\"og:locale\" content=\"es_ES\" \/>\n<meta property=\"og:type\" content=\"article\" \/>\n<meta property=\"og:title\" content=\"LA CLAU DE LA CEL\u00b7LA 2a Edici\u00f3 - Velas Dal\u00ed\" \/>\n<meta property=\"og:description\" content=\"Quan deixes d\u2019escapar del teu dolor, comen\u00e7a la llibertat. Una hist\u00f2ria real de transformaci\u00f3 i llibertat interior. Hi ha moments en qu\u00e8 en sentim tancats.\" \/>\n<meta property=\"og:url\" content=\"https:\/\/espelmesdali.com\/es\/producto\/10540\/\" \/>\n<meta property=\"og:site_name\" content=\"Velas Dal\u00ed\" \/>\n<meta property=\"article:publisher\" content=\"https:\/\/www.facebook.com\/profile.php?id=100086540543846\" \/>\n<meta property=\"article:modified_time\" content=\"2026-03-16T10:02:36+00:00\" \/>\n<meta property=\"og:image\" content=\"https:\/\/espelmesdali.com\/wp-content\/uploads\/2025\/12\/ChatGPT-Image-17-de-des.-del-2025-16_22_15.png\" \/>\n\t<meta property=\"og:image:width\" content=\"1024\" \/>\n\t<meta property=\"og:image:height\" content=\"1536\" \/>\n\t<meta property=\"og:image:type\" content=\"image\/png\" \/>\n<meta name=\"twitter:card\" content=\"summary_large_image\" \/>\n<meta name=\"twitter:label1\" content=\"Tiempo de lectura\" \/>\n\t<meta name=\"twitter:data1\" content=\"2 minutos\" \/>\n<script type=\"application\/ld+json\" class=\"yoast-schema-graph\">{\"@context\":\"https:\\\/\\\/schema.org\",\"@graph\":[{\"@type\":\"WebPage\",\"@id\":\"https:\\\/\\\/espelmesdali.com\\\/es\\\/producto\\\/10540\\\/\",\"url\":\"https:\\\/\\\/espelmesdali.com\\\/es\\\/producto\\\/10540\\\/\",\"name\":\"LA CLAU DE LA CEL\u00b7LA 2a Edici\u00f3 - Velas Dal\u00ed\",\"isPartOf\":{\"@id\":\"https:\\\/\\\/espelmesdali.com\\\/es\\\/#website\"},\"primaryImageOfPage\":{\"@id\":\"https:\\\/\\\/espelmesdali.com\\\/es\\\/producto\\\/10540\\\/#primaryimage\"},\"image\":{\"@id\":\"https:\\\/\\\/espelmesdali.com\\\/es\\\/producto\\\/10540\\\/#primaryimage\"},\"thumbnailUrl\":\"https:\\\/\\\/espelmesdali.com\\\/wp-content\\\/uploads\\\/2025\\\/12\\\/ChatGPT-Image-17-de-des.-del-2025-16_22_15.png\",\"datePublished\":\"2025-12-17T17:16:45+00:00\",\"dateModified\":\"2026-03-16T10:02:36+00:00\",\"description\":\"Quan deixes d\u2019escapar del teu dolor, comen\u00e7a la llibertat. Una hist\u00f2ria real de transformaci\u00f3 i llibertat interior. Hi ha moments en qu\u00e8 en sentim tancats.\",\"breadcrumb\":{\"@id\":\"https:\\\/\\\/espelmesdali.com\\\/es\\\/producto\\\/10540\\\/#breadcrumb\"},\"inLanguage\":\"es\",\"potentialAction\":[{\"@type\":\"ReadAction\",\"target\":[\"https:\\\/\\\/espelmesdali.com\\\/es\\\/producto\\\/10540\\\/\"]}]},{\"@type\":\"ImageObject\",\"inLanguage\":\"es\",\"@id\":\"https:\\\/\\\/espelmesdali.com\\\/es\\\/producto\\\/10540\\\/#primaryimage\",\"url\":\"https:\\\/\\\/espelmesdali.com\\\/wp-content\\\/uploads\\\/2025\\\/12\\\/ChatGPT-Image-17-de-des.-del-2025-16_22_15.png\",\"contentUrl\":\"https:\\\/\\\/espelmesdali.com\\\/wp-content\\\/uploads\\\/2025\\\/12\\\/ChatGPT-Image-17-de-des.-del-2025-16_22_15.png\",\"width\":1024,\"height\":1536},{\"@type\":\"BreadcrumbList\",\"@id\":\"https:\\\/\\\/espelmesdali.com\\\/es\\\/producto\\\/10540\\\/#breadcrumb\",\"itemListElement\":[{\"@type\":\"ListItem\",\"position\":1,\"name\":\"Portada\",\"item\":\"https:\\\/\\\/espelmesdali.com\\\/es\\\/\"},{\"@type\":\"ListItem\",\"position\":2,\"name\":\"Tienda\",\"item\":\"https:\\\/\\\/espelmesdali.com\\\/es\\\/tienda\\\/\"},{\"@type\":\"ListItem\",\"position\":3,\"name\":\"LA CLAU DE LA CEL\u00b7LA 2a Edici\u00f3\"}]},{\"@type\":\"WebSite\",\"@id\":\"https:\\\/\\\/espelmesdali.com\\\/es\\\/#website\",\"url\":\"https:\\\/\\\/espelmesdali.com\\\/es\\\/\",\"name\":\"Velas Dal\u00ed\",\"description\":\"Espelmes energ\u00e8tiques naturals i artesanes\",\"publisher\":{\"@id\":\"https:\\\/\\\/espelmesdali.com\\\/es\\\/#organization\"},\"alternateName\":\"Espelmes energ\u00e8tiques naturals i artesanes\",\"potentialAction\":[{\"@type\":\"SearchAction\",\"target\":{\"@type\":\"EntryPoint\",\"urlTemplate\":\"https:\\\/\\\/espelmesdali.com\\\/es\\\/?s={search_term_string}\"},\"query-input\":{\"@type\":\"PropertyValueSpecification\",\"valueRequired\":true,\"valueName\":\"search_term_string\"}}],\"inLanguage\":\"es\"},{\"@type\":\"Organization\",\"@id\":\"https:\\\/\\\/espelmesdali.com\\\/es\\\/#organization\",\"name\":\"Velas Dal\u00ed\",\"alternateName\":\"Espelmes energ\u00e8tiques naturals i artesanes\",\"url\":\"https:\\\/\\\/espelmesdali.com\\\/es\\\/\",\"logo\":{\"@type\":\"ImageObject\",\"inLanguage\":\"es\",\"@id\":\"https:\\\/\\\/espelmesdali.com\\\/es\\\/#\\\/schema\\\/logo\\\/image\\\/\",\"url\":\"https:\\\/\\\/i0.wp.com\\\/velasdali.com\\\/wp-content\\\/uploads\\\/2022\\\/12\\\/cropped-LOGO_DALI-01.jpg?fit=1200%2C1200&ssl=1\",\"contentUrl\":\"https:\\\/\\\/i0.wp.com\\\/velasdali.com\\\/wp-content\\\/uploads\\\/2022\\\/12\\\/cropped-LOGO_DALI-01.jpg?fit=1200%2C1200&ssl=1\",\"width\":1200,\"height\":1200,\"caption\":\"Velas Dal\u00ed\"},\"image\":{\"@id\":\"https:\\\/\\\/espelmesdali.com\\\/es\\\/#\\\/schema\\\/logo\\\/image\\\/\"},\"sameAs\":[\"https:\\\/\\\/www.facebook.com\\\/profile.php?id=100086540543846\",\"https:\\\/\\\/www.instagram.com\\\/espelmesdali\\\/\"]}]}<\/script>\n<!-- \/ Yoast SEO plugin. -->","yoast_head_json":{"title":"LA CLAU DE LA CEL\u00b7LA 2a Edici\u00f3 - Velas Dal\u00ed","description":"Quan deixes d\u2019escapar del teu dolor, comen\u00e7a la llibertat. Una hist\u00f2ria real de transformaci\u00f3 i llibertat interior. Hi ha moments en qu\u00e8 en sentim tancats.","robots":{"index":"index","follow":"follow","max-snippet":"max-snippet:-1","max-image-preview":"max-image-preview:large","max-video-preview":"max-video-preview:-1"},"canonical":"https:\/\/espelmesdali.com\/es\/producto\/10540\/","og_locale":"es_ES","og_type":"article","og_title":"LA CLAU DE LA CEL\u00b7LA 2a Edici\u00f3 - Velas Dal\u00ed","og_description":"Quan deixes d\u2019escapar del teu dolor, comen\u00e7a la llibertat. Una hist\u00f2ria real de transformaci\u00f3 i llibertat interior. Hi ha moments en qu\u00e8 en sentim tancats.","og_url":"https:\/\/espelmesdali.com\/es\/producto\/10540\/","og_site_name":"Velas Dal\u00ed","article_publisher":"https:\/\/www.facebook.com\/profile.php?id=100086540543846","article_modified_time":"2026-03-16T10:02:36+00:00","og_image":[{"width":1024,"height":1536,"url":"https:\/\/espelmesdali.com\/wp-content\/uploads\/2025\/12\/ChatGPT-Image-17-de-des.-del-2025-16_22_15.png","type":"image\/png"}],"twitter_card":"summary_large_image","twitter_misc":{"Tiempo de lectura":"2 minutos"},"schema":{"@context":"https:\/\/schema.org","@graph":[{"@type":"WebPage","@id":"https:\/\/espelmesdali.com\/es\/producto\/10540\/","url":"https:\/\/espelmesdali.com\/es\/producto\/10540\/","name":"LA CLAU DE LA CEL\u00b7LA 2a Edici\u00f3 - Velas Dal\u00ed","isPartOf":{"@id":"https:\/\/espelmesdali.com\/es\/#website"},"primaryImageOfPage":{"@id":"https:\/\/espelmesdali.com\/es\/producto\/10540\/#primaryimage"},"image":{"@id":"https:\/\/espelmesdali.com\/es\/producto\/10540\/#primaryimage"},"thumbnailUrl":"https:\/\/espelmesdali.com\/wp-content\/uploads\/2025\/12\/ChatGPT-Image-17-de-des.-del-2025-16_22_15.png","datePublished":"2025-12-17T17:16:45+00:00","dateModified":"2026-03-16T10:02:36+00:00","description":"Quan deixes d\u2019escapar del teu dolor, comen\u00e7a la llibertat. Una hist\u00f2ria real de transformaci\u00f3 i llibertat interior. Hi ha moments en qu\u00e8 en sentim tancats.","breadcrumb":{"@id":"https:\/\/espelmesdali.com\/es\/producto\/10540\/#breadcrumb"},"inLanguage":"es","potentialAction":[{"@type":"ReadAction","target":["https:\/\/espelmesdali.com\/es\/producto\/10540\/"]}]},{"@type":"ImageObject","inLanguage":"es","@id":"https:\/\/espelmesdali.com\/es\/producto\/10540\/#primaryimage","url":"https:\/\/espelmesdali.com\/wp-content\/uploads\/2025\/12\/ChatGPT-Image-17-de-des.-del-2025-16_22_15.png","contentUrl":"https:\/\/espelmesdali.com\/wp-content\/uploads\/2025\/12\/ChatGPT-Image-17-de-des.-del-2025-16_22_15.png","width":1024,"height":1536},{"@type":"BreadcrumbList","@id":"https:\/\/espelmesdali.com\/es\/producto\/10540\/#breadcrumb","itemListElement":[{"@type":"ListItem","position":1,"name":"Portada","item":"https:\/\/espelmesdali.com\/es\/"},{"@type":"ListItem","position":2,"name":"Tienda","item":"https:\/\/espelmesdali.com\/es\/tienda\/"},{"@type":"ListItem","position":3,"name":"LA CLAU DE LA CEL\u00b7LA 2a Edici\u00f3"}]},{"@type":"WebSite","@id":"https:\/\/espelmesdali.com\/es\/#website","url":"https:\/\/espelmesdali.com\/es\/","name":"Velas Dal\u00ed","description":"Espelmes energ\u00e8tiques naturals i artesanes","publisher":{"@id":"https:\/\/espelmesdali.com\/es\/#organization"},"alternateName":"Espelmes energ\u00e8tiques naturals i artesanes","potentialAction":[{"@type":"SearchAction","target":{"@type":"EntryPoint","urlTemplate":"https:\/\/espelmesdali.com\/es\/?s={search_term_string}"},"query-input":{"@type":"PropertyValueSpecification","valueRequired":true,"valueName":"search_term_string"}}],"inLanguage":"es"},{"@type":"Organization","@id":"https:\/\/espelmesdali.com\/es\/#organization","name":"Velas Dal\u00ed","alternateName":"Espelmes energ\u00e8tiques naturals i artesanes","url":"https:\/\/espelmesdali.com\/es\/","logo":{"@type":"ImageObject","inLanguage":"es","@id":"https:\/\/espelmesdali.com\/es\/#\/schema\/logo\/image\/","url":"https:\/\/i0.wp.com\/velasdali.com\/wp-content\/uploads\/2022\/12\/cropped-LOGO_DALI-01.jpg?fit=1200%2C1200&ssl=1","contentUrl":"https:\/\/i0.wp.com\/velasdali.com\/wp-content\/uploads\/2022\/12\/cropped-LOGO_DALI-01.jpg?fit=1200%2C1200&ssl=1","width":1200,"height":1200,"caption":"Velas Dal\u00ed"},"image":{"@id":"https:\/\/espelmesdali.com\/es\/#\/schema\/logo\/image\/"},"sameAs":["https:\/\/www.facebook.com\/profile.php?id=100086540543846","https:\/\/www.instagram.com\/espelmesdali\/"]}]}},"_links":{"self":[{"href":"https:\/\/espelmesdali.com\/es\/wp-json\/wp\/v2\/product\/10540","targetHints":{"allow":["GET"]}}],"collection":[{"href":"https:\/\/espelmesdali.com\/es\/wp-json\/wp\/v2\/product"}],"about":[{"href":"https:\/\/espelmesdali.com\/es\/wp-json\/wp\/v2\/types\/product"}],"replies":[{"embeddable":true,"href":"https:\/\/espelmesdali.com\/es\/wp-json\/wp\/v2\/comments?post=10540"}],"wp:featuredmedia":[{"embeddable":true,"href":"https:\/\/espelmesdali.com\/es\/wp-json\/wp\/v2\/media\/10541"}],"wp:attachment":[{"href":"https:\/\/espelmesdali.com\/es\/wp-json\/wp\/v2\/media?parent=10540"}],"wp:term":[{"taxonomy":"product_brand","embeddable":true,"href":"https:\/\/espelmesdali.com\/es\/wp-json\/wp\/v2\/product_brand?post=10540"},{"taxonomy":"product_cat","embeddable":true,"href":"https:\/\/espelmesdali.com\/es\/wp-json\/wp\/v2\/product_cat?post=10540"},{"taxonomy":"product_tag","embeddable":true,"href":"https:\/\/espelmesdali.com\/es\/wp-json\/wp\/v2\/product_tag?post=10540"}],"curies":[{"name":"wp","href":"https:\/\/api.w.org\/{rel}","templated":true}]}}