{"id":10471,"date":"2025-10-07T12:21:15","date_gmt":"2025-10-07T10:21:15","guid":{"rendered":"https:\/\/espelmesdali.com\/?post_type=product&#038;p=10471"},"modified":"2026-04-08T12:23:56","modified_gmt":"2026-04-08T10:23:56","slug":"els-secrets-de-la-cera-dabella","status":"publish","type":"product","link":"https:\/\/espelmesdali.com\/es\/producto\/els-secrets-de-la-cera-dabella\/","title":{"rendered":"ELS SECRETS DE LA CERA D&#8217;ABELLA"},"content":{"rendered":"<h1 style=\"text-align: center;\" data-start=\"329\" data-end=\"430\"><strong><em data-start=\"336\" data-end=\"365\">Secrets de la cera d\u2019abella<\/em> \u2013 El llibre que revela la saviesa ancestral de la llum natural<\/strong><\/h1>\n<p data-start=\"432\" data-end=\"686\"><strong data-start=\"432\" data-end=\"465\"><em data-start=\"434\" data-end=\"463\">Secrets de la cera d\u2019abella<\/em><\/strong> \u00e9s molt m\u00e9s que un llibre: \u00e9s una guia pr\u00e0ctica per descobrir els <strong data-start=\"532\" data-end=\"578\">beneficis de les espelmes de cera d\u2019abella<\/strong>, la seva energia purificadora i la saviesa ancestral que hi ha darrere d\u2019aquest material noble i natural.<\/p>\n<p data-start=\"688\" data-end=\"1041\">A trav\u00e9s de les seves p\u00e0gines aprendr\u00e0s com la <strong data-start=\"735\" data-end=\"752\">cera d\u2019abella<\/strong> pot ajudar-te a <strong data-start=\"769\" data-end=\"812\">netejar l\u2019ambient, equilibrar l\u2019energia<\/strong> i crear espais de calma i harmonia. Les espelmes naturals elaborades amb cera pura no nom\u00e9s ofereixen una llum c\u00e0lida i viva, sin\u00f3 que tamb\u00e9 tenen propietats que <strong data-start=\"975\" data-end=\"996\">purifiquen l\u2019aire<\/strong> i aporten benestar emocional i espiritual.<\/p>\n<hr data-start=\"1043\" data-end=\"1046\" \/>\n<h3 data-start=\"1048\" data-end=\"1091\">\ud83c\udf3f Rituals i usos de la cera d\u2019abella<\/h3>\n<p data-start=\"1093\" data-end=\"1500\">El llibre t\u2019endinsa en els <strong data-start=\"1120\" data-end=\"1161\">rituals amb espelmes de cera d\u2019abella<\/strong>, inspirats en tradicions antigues i adaptats al dia a dia actual.<br data-start=\"1227\" data-end=\"1230\" \/>Hi trobar\u00e0s propostes senzilles per encendre una espelma amb intenci\u00f3, rituals de gratitud, protecci\u00f3, neteja energ\u00e8tica o connexi\u00f3 interior. Tot explicat amb claredat, perqu\u00e8 puguis aplicar-ho f\u00e0cilment a casa teva, sense complicacions ni elements dif\u00edcils de trobar.<\/p>\n<hr data-start=\"1502\" data-end=\"1505\" \/>\n<h3 data-start=\"1507\" data-end=\"1541\">\ud83c\udfa8 El significat dels colors<\/h3>\n<p data-start=\"1543\" data-end=\"1688\">Cada color d\u2019espelma t\u00e9 una vibraci\u00f3 i una intenci\u00f3. En aquest llibre trobar\u00e0s una <strong data-start=\"1626\" data-end=\"1685\">guia completa dels colors i el seu significat energ\u00e8tic<\/strong>:<\/p>\n<ul data-start=\"1689\" data-end=\"1913\">\n<li data-start=\"1689\" data-end=\"1723\">\n<p data-start=\"1691\" data-end=\"1723\"><strong data-start=\"1691\" data-end=\"1701\">Blanc:<\/strong> puresa, pau i llum.<\/p>\n<\/li>\n<li data-start=\"1724\" data-end=\"1767\">\n<p data-start=\"1726\" data-end=\"1767\"><strong data-start=\"1726\" data-end=\"1738\">Vermell:<\/strong> for\u00e7a, vitalitat i passi\u00f3.<\/p>\n<\/li>\n<li data-start=\"1768\" data-end=\"1813\">\n<p data-start=\"1770\" data-end=\"1813\"><strong data-start=\"1770\" data-end=\"1779\">Verd:<\/strong> equilibri, salut i prosperitat.<\/p>\n<\/li>\n<li data-start=\"1814\" data-end=\"1867\">\n<p data-start=\"1816\" data-end=\"1867\"><strong data-start=\"1816\" data-end=\"1825\">Groc:<\/strong> creativitat, claredat mental i alegria.<\/p>\n<\/li>\n<li data-start=\"1868\" data-end=\"1913\">\n<p data-start=\"1870\" data-end=\"1913\"><strong data-start=\"1870\" data-end=\"1879\">Blau:<\/strong> calma, comunicaci\u00f3 i confian\u00e7a.<\/p>\n<\/li>\n<\/ul>\n<p data-start=\"1915\" data-end=\"2001\">Sabr\u00e0s quin color escollir segons el teu prop\u00f2sit o l\u2019energia que vulguis potenciar.<\/p>\n<hr data-start=\"2003\" data-end=\"2006\" \/>\n<h3 data-start=\"2008\" data-end=\"2049\">\ud83d\udd25 Lectura de la flama i de la cera<\/h3>\n<p data-start=\"2051\" data-end=\"2381\">Una de les parts m\u00e9s fascinants del llibre \u00e9s la <strong data-start=\"2100\" data-end=\"2146\">lectura simb\u00f2lica de la flama i de la cera<\/strong>.<br data-start=\"2147\" data-end=\"2150\" \/>Aprendr\u00e0s a observar com es mou la flama, la seva intensitat o la forma que adopta la cera un cop fosa. Aquests detalls amaguen missatges sobre el teu estat interior, la teva energia i el flux natural del moment que est\u00e0s vivint.<\/p>\n<p data-start=\"2383\" data-end=\"2491\">Aquesta pr\u00e0ctica et connecta amb la intu\u00efci\u00f3 i t\u2019ajuda a comprendre\u2019t d\u2019una manera profunda i respectuosa.<\/p>\n<hr data-start=\"2493\" data-end=\"2496\" \/>\n<h3 data-start=\"2498\" data-end=\"2526\">\ud83d\udd2e L\u2019oracle de la cera<\/h3>\n<p data-start=\"2528\" data-end=\"2869\">El llibre inclou tamb\u00e9 un <strong data-start=\"2554\" data-end=\"2593\">oracle inspirat en la cera d\u2019abella<\/strong>, creat com a eina d\u2019autoconeixement i orientaci\u00f3.<br data-start=\"2643\" data-end=\"2646\" \/>Cada carta de l\u2019oracle representa un arquetip, un s\u00edmbol o una energia vinculada al foc i a la natura. \u00c9s una manera senzilla i poderosa de rebre missatges, aclarir dubtes i refor\u00e7ar la teva connexi\u00f3 amb la llum interior.<\/p>\n<hr data-start=\"2871\" data-end=\"2874\" \/>\n<h3 data-start=\"2876\" data-end=\"2929\">\ud83c\udf1e Per qu\u00e8 llegir <em data-start=\"2898\" data-end=\"2927\">Secrets de la cera d\u2019abella<\/em><\/h3>\n<ul data-start=\"2931\" data-end=\"3319\">\n<li data-start=\"2931\" data-end=\"3020\">\n<p data-start=\"2933\" data-end=\"3020\">Descobrir\u00e0s els <strong data-start=\"2949\" data-end=\"2984\">beneficis naturals i energ\u00e8tics<\/strong> de les espelmes de cera d\u2019abella.<\/p>\n<\/li>\n<li data-start=\"3021\" data-end=\"3117\">\n<p data-start=\"3023\" data-end=\"3117\">Aprendr\u00e0s a realitzar <strong data-start=\"3045\" data-end=\"3067\">rituals quotidians<\/strong> per harmonitzar el teu espai i la teva energia.<\/p>\n<\/li>\n<li data-start=\"3118\" data-end=\"3219\">\n<p data-start=\"3120\" data-end=\"3219\">Coneixer\u00e0s el <strong data-start=\"3134\" data-end=\"3160\">significat dels colors<\/strong>, la <strong data-start=\"3165\" data-end=\"3188\">lectura de la flama<\/strong> i la <strong data-start=\"3194\" data-end=\"3216\">lectura de la cera<\/strong>.<\/p>\n<\/li>\n<li data-start=\"3220\" data-end=\"3319\">\n<p data-start=\"3222\" data-end=\"3319\">Experimentar\u00e0s amb un <strong data-start=\"3244\" data-end=\"3259\">oracle \u00fanic<\/strong>, inspirat en la llum, la mel i la saviesa de les abelles.<\/p>\n<\/li>\n<\/ul>\n<p data-start=\"3321\" data-end=\"3509\">\u00c9s un llibre pensat per a persones que busquen <strong data-start=\"3368\" data-end=\"3418\">benestar, consci\u00e8ncia i connexi\u00f3 amb la natura<\/strong>, i que volen introduir la m\u00e0gia del foc i de la cera d\u2019abella a la seva vida quotidiana.<\/p>\n<hr data-start=\"3511\" data-end=\"3514\" \/>\n<p data-start=\"3516\" data-end=\"3667\">\n","protected":false},"excerpt":{"rendered":"<h2 style=\"text-align: center;\">Descobreix <em data-start=\"734\" data-end=\"763\">Secrets de la cera d\u2019abella<\/em>, el llibre que revela els beneficis de les espelmes naturals, rituals amb cera d\u2019abella, lectura de la flama i oracle energ\u00e8tic. Connecta amb la llum, la natura i la saviesa ancestral.<\/h2>\n","protected":false},"featured_media":10474,"comment_status":"open","ping_status":"closed","template":"","meta":[],"product_brand":[],"product_cat":[406,424,1169,1222],"product_tag":[],"class_list":{"0":"post-10471","1":"product","2":"type-product","3":"status-publish","4":"has-post-thumbnail","6":"product_cat-calma--antiestres","7":"product_cat-espelmes-de-mel","8":"product_cat-familia--proteccio","9":"product_cat-llibres","10":"infinite-scroll-item","11":"sales-flash-overlay","12":"woocommerce-text-align-center","13":"woocommerce-image-align-center","14":"do-quantity-buttons","15":"wc-has-gallery","17":"first","18":"instock","19":"featured","20":"taxable","21":"shipping-taxable","22":"purchasable","23":"product-type-simple"},"yoast_head":"<!-- This site is optimized with the Yoast SEO plugin v27.5 - https:\/\/yoast.com\/product\/yoast-seo-wordpress\/ -->\n<title>ELS SECRETS DE LA CERA D&#039;ABELLA - Velas Dal\u00ed<\/title>\n<meta name=\"description\" content=\"Descobreix les espelmes energ\u00e8tiques Dal\u00ed i aprofita el poder curatiu dels seus ingredients naturals. Creem espelmes artesanals.\" \/>\n<meta name=\"robots\" content=\"index, follow, max-snippet:-1, max-image-preview:large, max-video-preview:-1\" \/>\n<link rel=\"canonical\" href=\"https:\/\/espelmesdali.com\/es\/producto\/els-secrets-de-la-cera-dabella\/\" \/>\n<meta property=\"og:locale\" content=\"es_ES\" \/>\n<meta property=\"og:type\" content=\"article\" \/>\n<meta property=\"og:title\" content=\"ELS SECRETS DE LA CERA D&#039;ABELLA - Velas Dal\u00ed\" \/>\n<meta property=\"og:description\" content=\"Descobreix les espelmes energ\u00e8tiques Dal\u00ed i aprofita el poder curatiu dels seus ingredients naturals. Creem espelmes artesanals.\" \/>\n<meta property=\"og:url\" content=\"https:\/\/espelmesdali.com\/es\/producto\/els-secrets-de-la-cera-dabella\/\" \/>\n<meta property=\"og:site_name\" content=\"Velas Dal\u00ed\" \/>\n<meta property=\"article:publisher\" content=\"https:\/\/www.facebook.com\/profile.php?id=100086540543846\" \/>\n<meta property=\"article:modified_time\" content=\"2026-04-08T10:23:56+00:00\" \/>\n<meta property=\"og:image\" content=\"https:\/\/espelmesdali.com\/wp-content\/uploads\/2025\/10\/Imatge-de-WhatsApp-2025-10-07-a-les-12.15.14_c999c88f.jpg\" \/>\n\t<meta property=\"og:image:width\" content=\"769\" \/>\n\t<meta property=\"og:image:height\" content=\"1092\" \/>\n\t<meta property=\"og:image:type\" content=\"image\/jpeg\" \/>\n<meta name=\"twitter:card\" content=\"summary_large_image\" \/>\n<meta name=\"twitter:label1\" content=\"Tiempo de lectura\" \/>\n\t<meta name=\"twitter:data1\" content=\"3 minutos\" \/>\n<script type=\"application\/ld+json\" class=\"yoast-schema-graph\">{\"@context\":\"https:\\\/\\\/schema.org\",\"@graph\":[{\"@type\":\"WebPage\",\"@id\":\"https:\\\/\\\/espelmesdali.com\\\/es\\\/producto\\\/els-secrets-de-la-cera-dabella\\\/\",\"url\":\"https:\\\/\\\/espelmesdali.com\\\/es\\\/producto\\\/els-secrets-de-la-cera-dabella\\\/\",\"name\":\"ELS SECRETS DE LA CERA D'ABELLA - Velas Dal\u00ed\",\"isPartOf\":{\"@id\":\"https:\\\/\\\/espelmesdali.com\\\/es\\\/#website\"},\"primaryImageOfPage\":{\"@id\":\"https:\\\/\\\/espelmesdali.com\\\/es\\\/producto\\\/els-secrets-de-la-cera-dabella\\\/#primaryimage\"},\"image\":{\"@id\":\"https:\\\/\\\/espelmesdali.com\\\/es\\\/producto\\\/els-secrets-de-la-cera-dabella\\\/#primaryimage\"},\"thumbnailUrl\":\"https:\\\/\\\/espelmesdali.com\\\/wp-content\\\/uploads\\\/2025\\\/10\\\/Imatge-de-WhatsApp-2025-10-07-a-les-12.15.14_c999c88f.jpg\",\"datePublished\":\"2025-10-07T10:21:15+00:00\",\"dateModified\":\"2026-04-08T10:23:56+00:00\",\"description\":\"Descobreix les espelmes energ\u00e8tiques Dal\u00ed i aprofita el poder curatiu dels seus ingredients naturals. Creem espelmes artesanals.\",\"breadcrumb\":{\"@id\":\"https:\\\/\\\/espelmesdali.com\\\/es\\\/producto\\\/els-secrets-de-la-cera-dabella\\\/#breadcrumb\"},\"inLanguage\":\"es\",\"potentialAction\":[{\"@type\":\"ReadAction\",\"target\":[\"https:\\\/\\\/espelmesdali.com\\\/es\\\/producto\\\/els-secrets-de-la-cera-dabella\\\/\"]}]},{\"@type\":\"ImageObject\",\"inLanguage\":\"es\",\"@id\":\"https:\\\/\\\/espelmesdali.com\\\/es\\\/producto\\\/els-secrets-de-la-cera-dabella\\\/#primaryimage\",\"url\":\"https:\\\/\\\/espelmesdali.com\\\/wp-content\\\/uploads\\\/2025\\\/10\\\/Imatge-de-WhatsApp-2025-10-07-a-les-12.15.14_c999c88f.jpg\",\"contentUrl\":\"https:\\\/\\\/espelmesdali.com\\\/wp-content\\\/uploads\\\/2025\\\/10\\\/Imatge-de-WhatsApp-2025-10-07-a-les-12.15.14_c999c88f.jpg\",\"width\":769,\"height\":1092},{\"@type\":\"BreadcrumbList\",\"@id\":\"https:\\\/\\\/espelmesdali.com\\\/es\\\/producto\\\/els-secrets-de-la-cera-dabella\\\/#breadcrumb\",\"itemListElement\":[{\"@type\":\"ListItem\",\"position\":1,\"name\":\"Portada\",\"item\":\"https:\\\/\\\/espelmesdali.com\\\/es\\\/\"},{\"@type\":\"ListItem\",\"position\":2,\"name\":\"Tienda\",\"item\":\"https:\\\/\\\/espelmesdali.com\\\/es\\\/tienda\\\/\"},{\"@type\":\"ListItem\",\"position\":3,\"name\":\"ELS SECRETS DE LA CERA D&#8217;ABELLA\"}]},{\"@type\":\"WebSite\",\"@id\":\"https:\\\/\\\/espelmesdali.com\\\/es\\\/#website\",\"url\":\"https:\\\/\\\/espelmesdali.com\\\/es\\\/\",\"name\":\"Velas Dal\u00ed\",\"description\":\"Espelmes energ\u00e8tiques naturals i artesanes\",\"publisher\":{\"@id\":\"https:\\\/\\\/espelmesdali.com\\\/es\\\/#organization\"},\"alternateName\":\"Espelmes energ\u00e8tiques naturals i artesanes\",\"potentialAction\":[{\"@type\":\"SearchAction\",\"target\":{\"@type\":\"EntryPoint\",\"urlTemplate\":\"https:\\\/\\\/espelmesdali.com\\\/es\\\/?s={search_term_string}\"},\"query-input\":{\"@type\":\"PropertyValueSpecification\",\"valueRequired\":true,\"valueName\":\"search_term_string\"}}],\"inLanguage\":\"es\"},{\"@type\":\"Organization\",\"@id\":\"https:\\\/\\\/espelmesdali.com\\\/es\\\/#organization\",\"name\":\"Velas Dal\u00ed\",\"alternateName\":\"Espelmes energ\u00e8tiques naturals i artesanes\",\"url\":\"https:\\\/\\\/espelmesdali.com\\\/es\\\/\",\"logo\":{\"@type\":\"ImageObject\",\"inLanguage\":\"es\",\"@id\":\"https:\\\/\\\/espelmesdali.com\\\/es\\\/#\\\/schema\\\/logo\\\/image\\\/\",\"url\":\"https:\\\/\\\/i0.wp.com\\\/velasdali.com\\\/wp-content\\\/uploads\\\/2022\\\/12\\\/cropped-LOGO_DALI-01.jpg?fit=1200%2C1200&ssl=1\",\"contentUrl\":\"https:\\\/\\\/i0.wp.com\\\/velasdali.com\\\/wp-content\\\/uploads\\\/2022\\\/12\\\/cropped-LOGO_DALI-01.jpg?fit=1200%2C1200&ssl=1\",\"width\":1200,\"height\":1200,\"caption\":\"Velas Dal\u00ed\"},\"image\":{\"@id\":\"https:\\\/\\\/espelmesdali.com\\\/es\\\/#\\\/schema\\\/logo\\\/image\\\/\"},\"sameAs\":[\"https:\\\/\\\/www.facebook.com\\\/profile.php?id=100086540543846\",\"https:\\\/\\\/www.instagram.com\\\/espelmesdali\\\/\"]}]}<\/script>\n<!-- \/ Yoast SEO plugin. -->","yoast_head_json":{"title":"ELS SECRETS DE LA CERA D'ABELLA - Velas Dal\u00ed","description":"Descobreix les espelmes energ\u00e8tiques Dal\u00ed i aprofita el poder curatiu dels seus ingredients naturals. Creem espelmes artesanals.","robots":{"index":"index","follow":"follow","max-snippet":"max-snippet:-1","max-image-preview":"max-image-preview:large","max-video-preview":"max-video-preview:-1"},"canonical":"https:\/\/espelmesdali.com\/es\/producto\/els-secrets-de-la-cera-dabella\/","og_locale":"es_ES","og_type":"article","og_title":"ELS SECRETS DE LA CERA D'ABELLA - Velas Dal\u00ed","og_description":"Descobreix les espelmes energ\u00e8tiques Dal\u00ed i aprofita el poder curatiu dels seus ingredients naturals. Creem espelmes artesanals.","og_url":"https:\/\/espelmesdali.com\/es\/producto\/els-secrets-de-la-cera-dabella\/","og_site_name":"Velas Dal\u00ed","article_publisher":"https:\/\/www.facebook.com\/profile.php?id=100086540543846","article_modified_time":"2026-04-08T10:23:56+00:00","og_image":[{"width":769,"height":1092,"url":"https:\/\/espelmesdali.com\/wp-content\/uploads\/2025\/10\/Imatge-de-WhatsApp-2025-10-07-a-les-12.15.14_c999c88f.jpg","type":"image\/jpeg"}],"twitter_card":"summary_large_image","twitter_misc":{"Tiempo de lectura":"3 minutos"},"schema":{"@context":"https:\/\/schema.org","@graph":[{"@type":"WebPage","@id":"https:\/\/espelmesdali.com\/es\/producto\/els-secrets-de-la-cera-dabella\/","url":"https:\/\/espelmesdali.com\/es\/producto\/els-secrets-de-la-cera-dabella\/","name":"ELS SECRETS DE LA CERA D'ABELLA - Velas Dal\u00ed","isPartOf":{"@id":"https:\/\/espelmesdali.com\/es\/#website"},"primaryImageOfPage":{"@id":"https:\/\/espelmesdali.com\/es\/producto\/els-secrets-de-la-cera-dabella\/#primaryimage"},"image":{"@id":"https:\/\/espelmesdali.com\/es\/producto\/els-secrets-de-la-cera-dabella\/#primaryimage"},"thumbnailUrl":"https:\/\/espelmesdali.com\/wp-content\/uploads\/2025\/10\/Imatge-de-WhatsApp-2025-10-07-a-les-12.15.14_c999c88f.jpg","datePublished":"2025-10-07T10:21:15+00:00","dateModified":"2026-04-08T10:23:56+00:00","description":"Descobreix les espelmes energ\u00e8tiques Dal\u00ed i aprofita el poder curatiu dels seus ingredients naturals. Creem espelmes artesanals.","breadcrumb":{"@id":"https:\/\/espelmesdali.com\/es\/producto\/els-secrets-de-la-cera-dabella\/#breadcrumb"},"inLanguage":"es","potentialAction":[{"@type":"ReadAction","target":["https:\/\/espelmesdali.com\/es\/producto\/els-secrets-de-la-cera-dabella\/"]}]},{"@type":"ImageObject","inLanguage":"es","@id":"https:\/\/espelmesdali.com\/es\/producto\/els-secrets-de-la-cera-dabella\/#primaryimage","url":"https:\/\/espelmesdali.com\/wp-content\/uploads\/2025\/10\/Imatge-de-WhatsApp-2025-10-07-a-les-12.15.14_c999c88f.jpg","contentUrl":"https:\/\/espelmesdali.com\/wp-content\/uploads\/2025\/10\/Imatge-de-WhatsApp-2025-10-07-a-les-12.15.14_c999c88f.jpg","width":769,"height":1092},{"@type":"BreadcrumbList","@id":"https:\/\/espelmesdali.com\/es\/producto\/els-secrets-de-la-cera-dabella\/#breadcrumb","itemListElement":[{"@type":"ListItem","position":1,"name":"Portada","item":"https:\/\/espelmesdali.com\/es\/"},{"@type":"ListItem","position":2,"name":"Tienda","item":"https:\/\/espelmesdali.com\/es\/tienda\/"},{"@type":"ListItem","position":3,"name":"ELS SECRETS DE LA CERA D&#8217;ABELLA"}]},{"@type":"WebSite","@id":"https:\/\/espelmesdali.com\/es\/#website","url":"https:\/\/espelmesdali.com\/es\/","name":"Velas Dal\u00ed","description":"Espelmes energ\u00e8tiques naturals i artesanes","publisher":{"@id":"https:\/\/espelmesdali.com\/es\/#organization"},"alternateName":"Espelmes energ\u00e8tiques naturals i artesanes","potentialAction":[{"@type":"SearchAction","target":{"@type":"EntryPoint","urlTemplate":"https:\/\/espelmesdali.com\/es\/?s={search_term_string}"},"query-input":{"@type":"PropertyValueSpecification","valueRequired":true,"valueName":"search_term_string"}}],"inLanguage":"es"},{"@type":"Organization","@id":"https:\/\/espelmesdali.com\/es\/#organization","name":"Velas Dal\u00ed","alternateName":"Espelmes energ\u00e8tiques naturals i artesanes","url":"https:\/\/espelmesdali.com\/es\/","logo":{"@type":"ImageObject","inLanguage":"es","@id":"https:\/\/espelmesdali.com\/es\/#\/schema\/logo\/image\/","url":"https:\/\/i0.wp.com\/velasdali.com\/wp-content\/uploads\/2022\/12\/cropped-LOGO_DALI-01.jpg?fit=1200%2C1200&ssl=1","contentUrl":"https:\/\/i0.wp.com\/velasdali.com\/wp-content\/uploads\/2022\/12\/cropped-LOGO_DALI-01.jpg?fit=1200%2C1200&ssl=1","width":1200,"height":1200,"caption":"Velas Dal\u00ed"},"image":{"@id":"https:\/\/espelmesdali.com\/es\/#\/schema\/logo\/image\/"},"sameAs":["https:\/\/www.facebook.com\/profile.php?id=100086540543846","https:\/\/www.instagram.com\/espelmesdali\/"]}]}},"_links":{"self":[{"href":"https:\/\/espelmesdali.com\/es\/wp-json\/wp\/v2\/product\/10471","targetHints":{"allow":["GET"]}}],"collection":[{"href":"https:\/\/espelmesdali.com\/es\/wp-json\/wp\/v2\/product"}],"about":[{"href":"https:\/\/espelmesdali.com\/es\/wp-json\/wp\/v2\/types\/product"}],"replies":[{"embeddable":true,"href":"https:\/\/espelmesdali.com\/es\/wp-json\/wp\/v2\/comments?post=10471"}],"wp:featuredmedia":[{"embeddable":true,"href":"https:\/\/espelmesdali.com\/es\/wp-json\/wp\/v2\/media\/10474"}],"wp:attachment":[{"href":"https:\/\/espelmesdali.com\/es\/wp-json\/wp\/v2\/media?parent=10471"}],"wp:term":[{"taxonomy":"product_brand","embeddable":true,"href":"https:\/\/espelmesdali.com\/es\/wp-json\/wp\/v2\/product_brand?post=10471"},{"taxonomy":"product_cat","embeddable":true,"href":"https:\/\/espelmesdali.com\/es\/wp-json\/wp\/v2\/product_cat?post=10471"},{"taxonomy":"product_tag","embeddable":true,"href":"https:\/\/espelmesdali.com\/es\/wp-json\/wp\/v2\/product_tag?post=10471"}],"curies":[{"name":"wp","href":"https:\/\/api.w.org\/{rel}","templated":true}]}}