{"id":10464,"date":"2025-10-06T16:26:25","date_gmt":"2025-10-06T14:26:25","guid":{"rendered":"https:\/\/espelmesdali.com\/?post_type=product&#038;p=10464"},"modified":"2026-03-16T11:07:21","modified_gmt":"2026-03-16T10:07:21","slug":"la-llave-de-la-celda","status":"publish","type":"product","link":"https:\/\/espelmesdali.com\/es\/producto\/la-llave-de-la-celda\/","title":{"rendered":"LA LLAVE DE LA CELDA"},"content":{"rendered":"<h1 data-start=\"292\" data-end=\"338\"><em data-start=\"298\" data-end=\"320\">La llave de la celda<\/em> \u2014 Edici\u00f3 ampliada<\/h1>\n<p data-start=\"340\" data-end=\"715\">Hi ha moments a la vida en qu\u00e8 sentim que vivim tancats dins d\u2019una cel\u00b7la invisible. Una cel\u00b7la feta de pors, culpes i creences que ens impedeixen ser qui som realment.<br data-start=\"508\" data-end=\"511\" \/><strong><em data-start=\"511\" data-end=\"533\">La llave de la celda<\/em> \u00e9s el relat sincer i transformador<\/strong> de la meva pr\u00f2pia hist\u00f2ria, de quan em vaig atrevir a mirar a dins meu, afrontant les meves ferides per recuperar la llibertat interior.<\/p>\n<p data-start=\"717\" data-end=\"1083\">Aquesta <strong data-start=\"725\" data-end=\"744\">edici\u00f3 ampliada<\/strong> neix de la voluntat d\u2019anar m\u00e9s enll\u00e0 de la lectura: d\u2019ajudar-te a <strong data-start=\"811\" data-end=\"832\">posar en pr\u00e0ctica<\/strong> tot all\u00f2 que el llibre inspira. Per aix\u00f2, hi trobar\u00e0s <strong data-start=\"887\" data-end=\"922\">exercicis i propostes concretes<\/strong> que t\u2019acompanyaran a fer el teu propi proc\u00e9s de transformaci\u00f3 \u2014a recon\u00e8ixer els teus patrons, sanar les ferides emocionals i reconnectar amb la teva ess\u00e8ncia.<\/p>\n<p data-start=\"1085\" data-end=\"1323\">Com a novetat, aquesta edici\u00f3 tamb\u00e9 inclou un <strong data-start=\"1131\" data-end=\"1171\">cap\u00edtol especial de Miguel Rodr\u00edguez<\/strong>, autor del reconegut llibre <em data-start=\"1200\" data-end=\"1219\">Renacer sin miedo<\/em>, que comparteix la seva visi\u00f3 sobre la llibertat emocional i la for\u00e7a d\u2019atrevir-se a viure sense por.<\/p>\n<p data-start=\"1325\" data-end=\"1495\"><em data-start=\"1325\" data-end=\"1347\">La llave de la celda<\/em> \u00e9s m\u00e9s que un llibre d\u2019autoajuda: \u00e9s una invitaci\u00f3 a obrir la porta de la teva pr\u00f2pia cel\u00b7la interior i sortir-ne amb amor, consci\u00e8ncia i plenitud.<\/p>\n<p data-start=\"1497\" data-end=\"1538\">\u2728 Un llibre per llegir, sentir i viure.<\/p>\n","protected":false},"excerpt":{"rendered":"<h1 data-start=\"125\" data-end=\"156\"><strong><em data-start=\"132\" data-end=\"154\">La llave de la celda<\/em><\/strong><\/h1>\n<h2 data-start=\"157\" data-end=\"382\"><strong>Una hist\u00f2ria real de transformaci\u00f3 i llibertat interior.<\/strong><\/h2>\n<p data-start=\"157\" data-end=\"382\"><br data-start=\"213\" data-end=\"216\" \/>Aquesta <strong data-start=\"224\" data-end=\"243\">edici\u00f3 ampliada<\/strong> inclou <strong data-start=\"251\" data-end=\"273\">exercicis pr\u00e0ctics<\/strong> per posar en acci\u00f3 tot all\u00f2 que s\u2019explica al llibre i fer el teu propi cam\u00ed cap a la pau i l\u2019autenticitat.<\/p>\n<p data-start=\"384\" data-end=\"584\">A m\u00e9s, compta amb un <strong data-start=\"405\" data-end=\"445\">cap\u00edtol especial de Miguel Rodr\u00edguez<\/strong>, autor de <em data-start=\"456\" data-end=\"475\">Renacer sin miedo<\/em>, que aporta una mirada complement\u00e0ria i inspiradora sobre el creixement personal i la llibertat emocional.<\/p>\n<p data-start=\"586\" data-end=\"688\">Un llibre que t\u2019ajudar\u00e0 a recordar que <strong data-start=\"625\" data-end=\"688\">la clau de la teva cel\u00b7la sempre ha estat a les teves mans.<\/strong><\/p>\n","protected":false},"featured_media":10468,"comment_status":"open","ping_status":"closed","template":"","meta":[],"product_brand":[],"product_cat":[1222],"product_tag":[193,72,194,210,50],"class_list":{"0":"post-10464","1":"product","2":"type-product","3":"status-publish","4":"has-post-thumbnail","6":"product_cat-llibres","7":"product_tag-autoconfianca","8":"product_tag-autoestima","9":"product_tag-benestar","10":"product_tag-felicitat","11":"product_tag-pau","12":"infinite-scroll-item","13":"sales-flash-overlay","14":"woocommerce-text-align-center","15":"woocommerce-image-align-center","16":"do-quantity-buttons","17":"wc-has-gallery","19":"first","20":"instock","21":"featured","22":"taxable","23":"shipping-taxable","24":"purchasable","25":"product-type-simple"},"yoast_head":"<!-- This site is optimized with the Yoast SEO plugin v27.5 - https:\/\/yoast.com\/product\/yoast-seo-wordpress\/ -->\n<title>LA LLAVE DE LA CELDA - Velas Dal\u00ed<\/title>\n<meta name=\"description\" content=\"Hi ha moments a la vida en qu\u00e8 sentim que vivim tancats dins d\u2019una cel\u00b7la invisible. Una cel\u00b7la feta de pors i culpes que ens impedeixen ser qui som.\" \/>\n<meta name=\"robots\" content=\"index, follow, max-snippet:-1, max-image-preview:large, max-video-preview:-1\" \/>\n<link rel=\"canonical\" href=\"https:\/\/espelmesdali.com\/es\/producto\/la-llave-de-la-celda\/\" \/>\n<meta property=\"og:locale\" content=\"es_ES\" \/>\n<meta property=\"og:type\" content=\"article\" \/>\n<meta property=\"og:title\" content=\"LA LLAVE DE LA CELDA - Velas Dal\u00ed\" \/>\n<meta property=\"og:description\" content=\"Hi ha moments a la vida en qu\u00e8 sentim que vivim tancats dins d\u2019una cel\u00b7la invisible. Una cel\u00b7la feta de pors i culpes que ens impedeixen ser qui som.\" \/>\n<meta property=\"og:url\" content=\"https:\/\/espelmesdali.com\/es\/producto\/la-llave-de-la-celda\/\" \/>\n<meta property=\"og:site_name\" content=\"Velas Dal\u00ed\" \/>\n<meta property=\"article:publisher\" content=\"https:\/\/www.facebook.com\/profile.php?id=100086540543846\" \/>\n<meta property=\"article:modified_time\" content=\"2026-03-16T10:07:21+00:00\" \/>\n<meta property=\"og:image\" content=\"https:\/\/espelmesdali.com\/wp-content\/uploads\/2025\/10\/952575b3-f589-4164-808f-2830a4cde90d.jpg\" \/>\n\t<meta property=\"og:image:width\" content=\"1600\" \/>\n\t<meta property=\"og:image:height\" content=\"1066\" \/>\n\t<meta property=\"og:image:type\" content=\"image\/jpeg\" \/>\n<meta name=\"twitter:card\" content=\"summary_large_image\" \/>\n<meta name=\"twitter:label1\" content=\"Tiempo de lectura\" \/>\n\t<meta name=\"twitter:data1\" content=\"2 minutos\" \/>\n<script type=\"application\/ld+json\" class=\"yoast-schema-graph\">{\"@context\":\"https:\\\/\\\/schema.org\",\"@graph\":[{\"@type\":\"WebPage\",\"@id\":\"https:\\\/\\\/espelmesdali.com\\\/es\\\/producto\\\/la-llave-de-la-celda\\\/\",\"url\":\"https:\\\/\\\/espelmesdali.com\\\/es\\\/producto\\\/la-llave-de-la-celda\\\/\",\"name\":\"LA LLAVE DE LA CELDA - Velas Dal\u00ed\",\"isPartOf\":{\"@id\":\"https:\\\/\\\/espelmesdali.com\\\/es\\\/#website\"},\"primaryImageOfPage\":{\"@id\":\"https:\\\/\\\/espelmesdali.com\\\/es\\\/producto\\\/la-llave-de-la-celda\\\/#primaryimage\"},\"image\":{\"@id\":\"https:\\\/\\\/espelmesdali.com\\\/es\\\/producto\\\/la-llave-de-la-celda\\\/#primaryimage\"},\"thumbnailUrl\":\"https:\\\/\\\/espelmesdali.com\\\/wp-content\\\/uploads\\\/2025\\\/10\\\/952575b3-f589-4164-808f-2830a4cde90d.jpg\",\"datePublished\":\"2025-10-06T14:26:25+00:00\",\"dateModified\":\"2026-03-16T10:07:21+00:00\",\"description\":\"Hi ha moments a la vida en qu\u00e8 sentim que vivim tancats dins d\u2019una cel\u00b7la invisible. Una cel\u00b7la feta de pors i culpes que ens impedeixen ser qui som.\",\"breadcrumb\":{\"@id\":\"https:\\\/\\\/espelmesdali.com\\\/es\\\/producto\\\/la-llave-de-la-celda\\\/#breadcrumb\"},\"inLanguage\":\"es\",\"potentialAction\":[{\"@type\":\"ReadAction\",\"target\":[\"https:\\\/\\\/espelmesdali.com\\\/es\\\/producto\\\/la-llave-de-la-celda\\\/\"]}]},{\"@type\":\"ImageObject\",\"inLanguage\":\"es\",\"@id\":\"https:\\\/\\\/espelmesdali.com\\\/es\\\/producto\\\/la-llave-de-la-celda\\\/#primaryimage\",\"url\":\"https:\\\/\\\/espelmesdali.com\\\/wp-content\\\/uploads\\\/2025\\\/10\\\/952575b3-f589-4164-808f-2830a4cde90d.jpg\",\"contentUrl\":\"https:\\\/\\\/espelmesdali.com\\\/wp-content\\\/uploads\\\/2025\\\/10\\\/952575b3-f589-4164-808f-2830a4cde90d.jpg\",\"width\":1600,\"height\":1066},{\"@type\":\"BreadcrumbList\",\"@id\":\"https:\\\/\\\/espelmesdali.com\\\/es\\\/producto\\\/la-llave-de-la-celda\\\/#breadcrumb\",\"itemListElement\":[{\"@type\":\"ListItem\",\"position\":1,\"name\":\"Portada\",\"item\":\"https:\\\/\\\/espelmesdali.com\\\/es\\\/\"},{\"@type\":\"ListItem\",\"position\":2,\"name\":\"Tienda\",\"item\":\"https:\\\/\\\/espelmesdali.com\\\/es\\\/tienda\\\/\"},{\"@type\":\"ListItem\",\"position\":3,\"name\":\"LA LLAVE DE LA CELDA\"}]},{\"@type\":\"WebSite\",\"@id\":\"https:\\\/\\\/espelmesdali.com\\\/es\\\/#website\",\"url\":\"https:\\\/\\\/espelmesdali.com\\\/es\\\/\",\"name\":\"Velas Dal\u00ed\",\"description\":\"Espelmes energ\u00e8tiques naturals i artesanes\",\"publisher\":{\"@id\":\"https:\\\/\\\/espelmesdali.com\\\/es\\\/#organization\"},\"alternateName\":\"Espelmes energ\u00e8tiques naturals i artesanes\",\"potentialAction\":[{\"@type\":\"SearchAction\",\"target\":{\"@type\":\"EntryPoint\",\"urlTemplate\":\"https:\\\/\\\/espelmesdali.com\\\/es\\\/?s={search_term_string}\"},\"query-input\":{\"@type\":\"PropertyValueSpecification\",\"valueRequired\":true,\"valueName\":\"search_term_string\"}}],\"inLanguage\":\"es\"},{\"@type\":\"Organization\",\"@id\":\"https:\\\/\\\/espelmesdali.com\\\/es\\\/#organization\",\"name\":\"Velas Dal\u00ed\",\"alternateName\":\"Espelmes energ\u00e8tiques naturals i artesanes\",\"url\":\"https:\\\/\\\/espelmesdali.com\\\/es\\\/\",\"logo\":{\"@type\":\"ImageObject\",\"inLanguage\":\"es\",\"@id\":\"https:\\\/\\\/espelmesdali.com\\\/es\\\/#\\\/schema\\\/logo\\\/image\\\/\",\"url\":\"https:\\\/\\\/i0.wp.com\\\/velasdali.com\\\/wp-content\\\/uploads\\\/2022\\\/12\\\/cropped-LOGO_DALI-01.jpg?fit=1200%2C1200&ssl=1\",\"contentUrl\":\"https:\\\/\\\/i0.wp.com\\\/velasdali.com\\\/wp-content\\\/uploads\\\/2022\\\/12\\\/cropped-LOGO_DALI-01.jpg?fit=1200%2C1200&ssl=1\",\"width\":1200,\"height\":1200,\"caption\":\"Velas Dal\u00ed\"},\"image\":{\"@id\":\"https:\\\/\\\/espelmesdali.com\\\/es\\\/#\\\/schema\\\/logo\\\/image\\\/\"},\"sameAs\":[\"https:\\\/\\\/www.facebook.com\\\/profile.php?id=100086540543846\",\"https:\\\/\\\/www.instagram.com\\\/espelmesdali\\\/\"]}]}<\/script>\n<!-- \/ Yoast SEO plugin. -->","yoast_head_json":{"title":"LA LLAVE DE LA CELDA - Velas Dal\u00ed","description":"Hi ha moments a la vida en qu\u00e8 sentim que vivim tancats dins d\u2019una cel\u00b7la invisible. Una cel\u00b7la feta de pors i culpes que ens impedeixen ser qui som.","robots":{"index":"index","follow":"follow","max-snippet":"max-snippet:-1","max-image-preview":"max-image-preview:large","max-video-preview":"max-video-preview:-1"},"canonical":"https:\/\/espelmesdali.com\/es\/producto\/la-llave-de-la-celda\/","og_locale":"es_ES","og_type":"article","og_title":"LA LLAVE DE LA CELDA - Velas Dal\u00ed","og_description":"Hi ha moments a la vida en qu\u00e8 sentim que vivim tancats dins d\u2019una cel\u00b7la invisible. Una cel\u00b7la feta de pors i culpes que ens impedeixen ser qui som.","og_url":"https:\/\/espelmesdali.com\/es\/producto\/la-llave-de-la-celda\/","og_site_name":"Velas Dal\u00ed","article_publisher":"https:\/\/www.facebook.com\/profile.php?id=100086540543846","article_modified_time":"2026-03-16T10:07:21+00:00","og_image":[{"width":1600,"height":1066,"url":"https:\/\/espelmesdali.com\/wp-content\/uploads\/2025\/10\/952575b3-f589-4164-808f-2830a4cde90d.jpg","type":"image\/jpeg"}],"twitter_card":"summary_large_image","twitter_misc":{"Tiempo de lectura":"2 minutos"},"schema":{"@context":"https:\/\/schema.org","@graph":[{"@type":"WebPage","@id":"https:\/\/espelmesdali.com\/es\/producto\/la-llave-de-la-celda\/","url":"https:\/\/espelmesdali.com\/es\/producto\/la-llave-de-la-celda\/","name":"LA LLAVE DE LA CELDA - Velas Dal\u00ed","isPartOf":{"@id":"https:\/\/espelmesdali.com\/es\/#website"},"primaryImageOfPage":{"@id":"https:\/\/espelmesdali.com\/es\/producto\/la-llave-de-la-celda\/#primaryimage"},"image":{"@id":"https:\/\/espelmesdali.com\/es\/producto\/la-llave-de-la-celda\/#primaryimage"},"thumbnailUrl":"https:\/\/espelmesdali.com\/wp-content\/uploads\/2025\/10\/952575b3-f589-4164-808f-2830a4cde90d.jpg","datePublished":"2025-10-06T14:26:25+00:00","dateModified":"2026-03-16T10:07:21+00:00","description":"Hi ha moments a la vida en qu\u00e8 sentim que vivim tancats dins d\u2019una cel\u00b7la invisible. Una cel\u00b7la feta de pors i culpes que ens impedeixen ser qui som.","breadcrumb":{"@id":"https:\/\/espelmesdali.com\/es\/producto\/la-llave-de-la-celda\/#breadcrumb"},"inLanguage":"es","potentialAction":[{"@type":"ReadAction","target":["https:\/\/espelmesdali.com\/es\/producto\/la-llave-de-la-celda\/"]}]},{"@type":"ImageObject","inLanguage":"es","@id":"https:\/\/espelmesdali.com\/es\/producto\/la-llave-de-la-celda\/#primaryimage","url":"https:\/\/espelmesdali.com\/wp-content\/uploads\/2025\/10\/952575b3-f589-4164-808f-2830a4cde90d.jpg","contentUrl":"https:\/\/espelmesdali.com\/wp-content\/uploads\/2025\/10\/952575b3-f589-4164-808f-2830a4cde90d.jpg","width":1600,"height":1066},{"@type":"BreadcrumbList","@id":"https:\/\/espelmesdali.com\/es\/producto\/la-llave-de-la-celda\/#breadcrumb","itemListElement":[{"@type":"ListItem","position":1,"name":"Portada","item":"https:\/\/espelmesdali.com\/es\/"},{"@type":"ListItem","position":2,"name":"Tienda","item":"https:\/\/espelmesdali.com\/es\/tienda\/"},{"@type":"ListItem","position":3,"name":"LA LLAVE DE LA CELDA"}]},{"@type":"WebSite","@id":"https:\/\/espelmesdali.com\/es\/#website","url":"https:\/\/espelmesdali.com\/es\/","name":"Velas Dal\u00ed","description":"Espelmes energ\u00e8tiques naturals i artesanes","publisher":{"@id":"https:\/\/espelmesdali.com\/es\/#organization"},"alternateName":"Espelmes energ\u00e8tiques naturals i artesanes","potentialAction":[{"@type":"SearchAction","target":{"@type":"EntryPoint","urlTemplate":"https:\/\/espelmesdali.com\/es\/?s={search_term_string}"},"query-input":{"@type":"PropertyValueSpecification","valueRequired":true,"valueName":"search_term_string"}}],"inLanguage":"es"},{"@type":"Organization","@id":"https:\/\/espelmesdali.com\/es\/#organization","name":"Velas Dal\u00ed","alternateName":"Espelmes energ\u00e8tiques naturals i artesanes","url":"https:\/\/espelmesdali.com\/es\/","logo":{"@type":"ImageObject","inLanguage":"es","@id":"https:\/\/espelmesdali.com\/es\/#\/schema\/logo\/image\/","url":"https:\/\/i0.wp.com\/velasdali.com\/wp-content\/uploads\/2022\/12\/cropped-LOGO_DALI-01.jpg?fit=1200%2C1200&ssl=1","contentUrl":"https:\/\/i0.wp.com\/velasdali.com\/wp-content\/uploads\/2022\/12\/cropped-LOGO_DALI-01.jpg?fit=1200%2C1200&ssl=1","width":1200,"height":1200,"caption":"Velas Dal\u00ed"},"image":{"@id":"https:\/\/espelmesdali.com\/es\/#\/schema\/logo\/image\/"},"sameAs":["https:\/\/www.facebook.com\/profile.php?id=100086540543846","https:\/\/www.instagram.com\/espelmesdali\/"]}]}},"_links":{"self":[{"href":"https:\/\/espelmesdali.com\/es\/wp-json\/wp\/v2\/product\/10464","targetHints":{"allow":["GET"]}}],"collection":[{"href":"https:\/\/espelmesdali.com\/es\/wp-json\/wp\/v2\/product"}],"about":[{"href":"https:\/\/espelmesdali.com\/es\/wp-json\/wp\/v2\/types\/product"}],"replies":[{"embeddable":true,"href":"https:\/\/espelmesdali.com\/es\/wp-json\/wp\/v2\/comments?post=10464"}],"wp:featuredmedia":[{"embeddable":true,"href":"https:\/\/espelmesdali.com\/es\/wp-json\/wp\/v2\/media\/10468"}],"wp:attachment":[{"href":"https:\/\/espelmesdali.com\/es\/wp-json\/wp\/v2\/media?parent=10464"}],"wp:term":[{"taxonomy":"product_brand","embeddable":true,"href":"https:\/\/espelmesdali.com\/es\/wp-json\/wp\/v2\/product_brand?post=10464"},{"taxonomy":"product_cat","embeddable":true,"href":"https:\/\/espelmesdali.com\/es\/wp-json\/wp\/v2\/product_cat?post=10464"},{"taxonomy":"product_tag","embeddable":true,"href":"https:\/\/espelmesdali.com\/es\/wp-json\/wp\/v2\/product_tag?post=10464"}],"curies":[{"name":"wp","href":"https:\/\/api.w.org\/{rel}","templated":true}]}}