{"id":10425,"date":"2025-09-25T13:02:59","date_gmt":"2025-09-25T11:02:59","guid":{"rendered":"https:\/\/espelmesdali.com\/?page_id=10425"},"modified":"2025-09-25T13:03:00","modified_gmt":"2025-09-25T11:03:00","slug":"%f0%9f%9b%8d%ef%b8%8f-terminos-y-condiciones-de-compra","status":"publish","type":"page","link":"https:\/\/espelmesdali.com\/es\/%f0%9f%9b%8d%ef%b8%8f-terminos-y-condiciones-de-compra\/","title":{"rendered":"\ud83d\udecd\ufe0f\u00a0T\u00e9rminos y Condiciones de Compra"},"content":{"rendered":"\n<p>Estas condiciones regulan las compras realizadas en&nbsp;<a href=\"http:\/\/www.espelmesdali.com\/\">www.espelmesdali.com<\/a><\/p>\n\n\n\n<p><strong>Productos y disponibilidad<\/strong><br>Velas energ\u00e9ticas y libros inspiradores y de crecimiento personal. Si un producto no est\u00e1 disponible, se informar\u00e1 al cliente.<\/p>\n\n\n\n<p><strong>Precios e impuestos<\/strong><br>Incluyen IVA. Los gastos de env\u00edo se muestran antes de confirmar la compra.<\/p>\n\n\n\n<p><strong>Proceso de compra<\/strong><br>Seleccionar productos, rellenar datos y efectuar el pago. El cliente declara ser mayor de edad y tener capacidad legal.<\/p>\n\n\n\n<p><strong>Pago<\/strong><br>Mediante tarjeta, transferencia, Bizum u otras opciones seguras.<\/p>\n\n\n\n<p><strong>Env\u00edos<\/strong><br>Se realizan a la direcci\u00f3n indicada por el cliente. Se comunicar\u00e1 cualquier retraso.<\/p>\n\n\n\n<p><strong>Cambios y devoluciones<\/strong><br>Derecho de desistimiento de 14 d\u00edas. Productos en perfecto estado. No se aceptan devoluciones de productos personalizados.<\/p>\n\n\n\n<p><strong>Responsabilidad<\/strong><br>Espelmes Dal\u00ed no se hace responsable de da\u00f1os derivados de un uso indebido ni de incidencias ajenas.<\/p>\n\n\n\n<p><strong>Protecci\u00f3n de datos<\/strong><br>Los datos se tratan seg\u00fan la Pol\u00edtica de Privacidad y la normativa vigente.<\/p>\n\n\n\n<p><strong>Ley aplicable y jurisdicci\u00f3n<\/strong><br>Legislaci\u00f3n espa\u00f1ola. En caso de conflicto, juzgados de Vic (Barcelona).<\/p>\n","protected":false},"excerpt":{"rendered":"<p>Estas condiciones regulan las compras realizadas en&nbsp;www.espelmesdali.com Productos y &#8230; <\/p>\n<p class=\"read-more-container\"><a title=\"\ud83d\udecd\ufe0f\u00a0T\u00e9rminos y Condiciones de Compra\" class=\"read-more button\" href=\"https:\/\/espelmesdali.com\/es\/%f0%9f%9b%8d%ef%b8%8f-terminos-y-condiciones-de-compra\/#more-10425\" aria-label=\"Leer m\u00e1s sobre \ud83d\udecd\ufe0f\u00a0T\u00e9rminos y Condiciones de Compra\">Leer m\u00e1s<\/a><\/p>\n","protected":false},"author":3,"featured_media":0,"parent":0,"menu_order":0,"comment_status":"closed","ping_status":"closed","template":"","meta":{"footnotes":""},"class_list":{"0":"post-10425","1":"page","2":"type-page","3":"status-publish","5":"infinite-scroll-item"},"yoast_head":"<!-- This site is optimized with the Yoast SEO plugin v27.4 - https:\/\/yoast.com\/product\/yoast-seo-wordpress\/ -->\n<title>\ud83d\udecd\ufe0f\u00a0T\u00e9rminos y Condiciones de Compra - Velas Dal\u00ed<\/title>\n<meta name=\"description\" content=\"Descubre las velas energ\u00e9ticas Dal\u00ed y aprovecha el poder curativo de sus ingredientes naturales. Creamos velas artesanales cargadas de energ\u00eda positiva para armonizar tu espacio y tu vida. Experimenta la calidez y bienestar con nuestras velas energ\u00e9ticas. \u00a1Compra ahora!\" \/>\n<meta name=\"robots\" content=\"index, follow, max-snippet:-1, max-image-preview:large, max-video-preview:-1\" \/>\n<link rel=\"canonical\" href=\"https:\/\/espelmesdali.com\/es\/%f0%9f%9b%8d%ef%b8%8f-terminos-y-condiciones-de-compra\/\" \/>\n<meta property=\"og:locale\" content=\"es_ES\" \/>\n<meta property=\"og:type\" content=\"article\" \/>\n<meta property=\"og:title\" content=\"\ud83d\udecd\ufe0f\u00a0T\u00e9rminos y Condiciones de Compra - Velas Dal\u00ed\" \/>\n<meta property=\"og:description\" content=\"Descubre las velas energ\u00e9ticas Dal\u00ed y aprovecha el poder curativo de sus ingredientes naturales. Creamos velas artesanales cargadas de energ\u00eda positiva para armonizar tu espacio y tu vida. Experimenta la calidez y bienestar con nuestras velas energ\u00e9ticas. \u00a1Compra ahora!\" \/>\n<meta property=\"og:url\" content=\"https:\/\/espelmesdali.com\/es\/%f0%9f%9b%8d%ef%b8%8f-terminos-y-condiciones-de-compra\/\" \/>\n<meta property=\"og:site_name\" content=\"Velas Dal\u00ed\" \/>\n<meta property=\"article:publisher\" content=\"https:\/\/www.facebook.com\/profile.php?id=100086540543846\" \/>\n<meta property=\"article:modified_time\" content=\"2025-09-25T11:03:00+00:00\" \/>\n<meta property=\"og:image\" content=\"https:\/\/espelmesdali.com\/wp-content\/uploads\/2022\/12\/cropped-LOGO_DALI-01.jpg\" \/>\n\t<meta property=\"og:image:width\" content=\"1200\" \/>\n\t<meta property=\"og:image:height\" content=\"1200\" \/>\n\t<meta property=\"og:image:type\" content=\"image\/jpeg\" \/>\n<meta name=\"twitter:card\" content=\"summary_large_image\" \/>\n<meta name=\"twitter:label1\" content=\"Tiempo de lectura\" \/>\n\t<meta name=\"twitter:data1\" content=\"1 minuto\" \/>\n<script type=\"application\/ld+json\" class=\"yoast-schema-graph\">{\"@context\":\"https:\\\/\\\/schema.org\",\"@graph\":[{\"@type\":\"WebPage\",\"@id\":\"https:\\\/\\\/espelmesdali.com\\\/es\\\/%f0%9f%9b%8d%ef%b8%8f-terminos-y-condiciones-de-compra\\\/\",\"url\":\"https:\\\/\\\/espelmesdali.com\\\/es\\\/%f0%9f%9b%8d%ef%b8%8f-terminos-y-condiciones-de-compra\\\/\",\"name\":\"\ud83d\udecd\ufe0f\u00a0T\u00e9rminos y Condiciones de Compra - Velas Dal\u00ed\",\"isPartOf\":{\"@id\":\"https:\\\/\\\/espelmesdali.com\\\/es\\\/#website\"},\"datePublished\":\"2025-09-25T11:02:59+00:00\",\"dateModified\":\"2025-09-25T11:03:00+00:00\",\"description\":\"Descubre las velas energ\u00e9ticas Dal\u00ed y aprovecha el poder curativo de sus ingredientes naturales. Creamos velas artesanales cargadas de energ\u00eda positiva para armonizar tu espacio y tu vida. Experimenta la calidez y bienestar con nuestras velas energ\u00e9ticas. \u00a1Compra ahora!\",\"breadcrumb\":{\"@id\":\"https:\\\/\\\/espelmesdali.com\\\/es\\\/%f0%9f%9b%8d%ef%b8%8f-terminos-y-condiciones-de-compra\\\/#breadcrumb\"},\"inLanguage\":\"es\",\"potentialAction\":[{\"@type\":\"ReadAction\",\"target\":[\"https:\\\/\\\/espelmesdali.com\\\/es\\\/%f0%9f%9b%8d%ef%b8%8f-terminos-y-condiciones-de-compra\\\/\"]}]},{\"@type\":\"BreadcrumbList\",\"@id\":\"https:\\\/\\\/espelmesdali.com\\\/es\\\/%f0%9f%9b%8d%ef%b8%8f-terminos-y-condiciones-de-compra\\\/#breadcrumb\",\"itemListElement\":[{\"@type\":\"ListItem\",\"position\":1,\"name\":\"Portada\",\"item\":\"https:\\\/\\\/espelmesdali.com\\\/es\\\/\"},{\"@type\":\"ListItem\",\"position\":2,\"name\":\"\ud83d\udecd\ufe0f\u00a0T\u00e9rminos y Condiciones de Compra\"}]},{\"@type\":\"WebSite\",\"@id\":\"https:\\\/\\\/espelmesdali.com\\\/es\\\/#website\",\"url\":\"https:\\\/\\\/espelmesdali.com\\\/es\\\/\",\"name\":\"Velas Dal\u00ed\",\"description\":\"Espelmes energ\u00e8tiques naturals i artesanes\",\"publisher\":{\"@id\":\"https:\\\/\\\/espelmesdali.com\\\/es\\\/#organization\"},\"alternateName\":\"Espelmes energ\u00e8tiques naturals i artesanes\",\"potentialAction\":[{\"@type\":\"SearchAction\",\"target\":{\"@type\":\"EntryPoint\",\"urlTemplate\":\"https:\\\/\\\/espelmesdali.com\\\/es\\\/?s={search_term_string}\"},\"query-input\":{\"@type\":\"PropertyValueSpecification\",\"valueRequired\":true,\"valueName\":\"search_term_string\"}}],\"inLanguage\":\"es\"},{\"@type\":\"Organization\",\"@id\":\"https:\\\/\\\/espelmesdali.com\\\/es\\\/#organization\",\"name\":\"Velas Dal\u00ed\",\"alternateName\":\"Espelmes energ\u00e8tiques naturals i artesanes\",\"url\":\"https:\\\/\\\/espelmesdali.com\\\/es\\\/\",\"logo\":{\"@type\":\"ImageObject\",\"inLanguage\":\"es\",\"@id\":\"https:\\\/\\\/espelmesdali.com\\\/es\\\/#\\\/schema\\\/logo\\\/image\\\/\",\"url\":\"https:\\\/\\\/i0.wp.com\\\/velasdali.com\\\/wp-content\\\/uploads\\\/2022\\\/12\\\/cropped-LOGO_DALI-01.jpg?fit=1200%2C1200&ssl=1\",\"contentUrl\":\"https:\\\/\\\/i0.wp.com\\\/velasdali.com\\\/wp-content\\\/uploads\\\/2022\\\/12\\\/cropped-LOGO_DALI-01.jpg?fit=1200%2C1200&ssl=1\",\"width\":1200,\"height\":1200,\"caption\":\"Velas Dal\u00ed\"},\"image\":{\"@id\":\"https:\\\/\\\/espelmesdali.com\\\/es\\\/#\\\/schema\\\/logo\\\/image\\\/\"},\"sameAs\":[\"https:\\\/\\\/www.facebook.com\\\/profile.php?id=100086540543846\",\"https:\\\/\\\/www.instagram.com\\\/espelmesdali\\\/\"]}]}<\/script>\n<!-- \/ Yoast SEO plugin. -->","yoast_head_json":{"title":"\ud83d\udecd\ufe0f\u00a0T\u00e9rminos y Condiciones de Compra - Velas Dal\u00ed","description":"Descubre las velas energ\u00e9ticas Dal\u00ed y aprovecha el poder curativo de sus ingredientes naturales. Creamos velas artesanales cargadas de energ\u00eda positiva para armonizar tu espacio y tu vida. Experimenta la calidez y bienestar con nuestras velas energ\u00e9ticas. \u00a1Compra ahora!","robots":{"index":"index","follow":"follow","max-snippet":"max-snippet:-1","max-image-preview":"max-image-preview:large","max-video-preview":"max-video-preview:-1"},"canonical":"https:\/\/espelmesdali.com\/es\/%f0%9f%9b%8d%ef%b8%8f-terminos-y-condiciones-de-compra\/","og_locale":"es_ES","og_type":"article","og_title":"\ud83d\udecd\ufe0f\u00a0T\u00e9rminos y Condiciones de Compra - Velas Dal\u00ed","og_description":"Descubre las velas energ\u00e9ticas Dal\u00ed y aprovecha el poder curativo de sus ingredientes naturales. Creamos velas artesanales cargadas de energ\u00eda positiva para armonizar tu espacio y tu vida. Experimenta la calidez y bienestar con nuestras velas energ\u00e9ticas. \u00a1Compra ahora!","og_url":"https:\/\/espelmesdali.com\/es\/%f0%9f%9b%8d%ef%b8%8f-terminos-y-condiciones-de-compra\/","og_site_name":"Velas Dal\u00ed","article_publisher":"https:\/\/www.facebook.com\/profile.php?id=100086540543846","article_modified_time":"2025-09-25T11:03:00+00:00","og_image":[{"width":1200,"height":1200,"url":"https:\/\/espelmesdali.com\/wp-content\/uploads\/2022\/12\/cropped-LOGO_DALI-01.jpg","type":"image\/jpeg"}],"twitter_card":"summary_large_image","twitter_misc":{"Tiempo de lectura":"1 minuto"},"schema":{"@context":"https:\/\/schema.org","@graph":[{"@type":"WebPage","@id":"https:\/\/espelmesdali.com\/es\/%f0%9f%9b%8d%ef%b8%8f-terminos-y-condiciones-de-compra\/","url":"https:\/\/espelmesdali.com\/es\/%f0%9f%9b%8d%ef%b8%8f-terminos-y-condiciones-de-compra\/","name":"\ud83d\udecd\ufe0f\u00a0T\u00e9rminos y Condiciones de Compra - Velas Dal\u00ed","isPartOf":{"@id":"https:\/\/espelmesdali.com\/es\/#website"},"datePublished":"2025-09-25T11:02:59+00:00","dateModified":"2025-09-25T11:03:00+00:00","description":"Descubre las velas energ\u00e9ticas Dal\u00ed y aprovecha el poder curativo de sus ingredientes naturales. Creamos velas artesanales cargadas de energ\u00eda positiva para armonizar tu espacio y tu vida. Experimenta la calidez y bienestar con nuestras velas energ\u00e9ticas. \u00a1Compra ahora!","breadcrumb":{"@id":"https:\/\/espelmesdali.com\/es\/%f0%9f%9b%8d%ef%b8%8f-terminos-y-condiciones-de-compra\/#breadcrumb"},"inLanguage":"es","potentialAction":[{"@type":"ReadAction","target":["https:\/\/espelmesdali.com\/es\/%f0%9f%9b%8d%ef%b8%8f-terminos-y-condiciones-de-compra\/"]}]},{"@type":"BreadcrumbList","@id":"https:\/\/espelmesdali.com\/es\/%f0%9f%9b%8d%ef%b8%8f-terminos-y-condiciones-de-compra\/#breadcrumb","itemListElement":[{"@type":"ListItem","position":1,"name":"Portada","item":"https:\/\/espelmesdali.com\/es\/"},{"@type":"ListItem","position":2,"name":"\ud83d\udecd\ufe0f\u00a0T\u00e9rminos y Condiciones de Compra"}]},{"@type":"WebSite","@id":"https:\/\/espelmesdali.com\/es\/#website","url":"https:\/\/espelmesdali.com\/es\/","name":"Velas Dal\u00ed","description":"Espelmes energ\u00e8tiques naturals i artesanes","publisher":{"@id":"https:\/\/espelmesdali.com\/es\/#organization"},"alternateName":"Espelmes energ\u00e8tiques naturals i artesanes","potentialAction":[{"@type":"SearchAction","target":{"@type":"EntryPoint","urlTemplate":"https:\/\/espelmesdali.com\/es\/?s={search_term_string}"},"query-input":{"@type":"PropertyValueSpecification","valueRequired":true,"valueName":"search_term_string"}}],"inLanguage":"es"},{"@type":"Organization","@id":"https:\/\/espelmesdali.com\/es\/#organization","name":"Velas Dal\u00ed","alternateName":"Espelmes energ\u00e8tiques naturals i artesanes","url":"https:\/\/espelmesdali.com\/es\/","logo":{"@type":"ImageObject","inLanguage":"es","@id":"https:\/\/espelmesdali.com\/es\/#\/schema\/logo\/image\/","url":"https:\/\/i0.wp.com\/velasdali.com\/wp-content\/uploads\/2022\/12\/cropped-LOGO_DALI-01.jpg?fit=1200%2C1200&ssl=1","contentUrl":"https:\/\/i0.wp.com\/velasdali.com\/wp-content\/uploads\/2022\/12\/cropped-LOGO_DALI-01.jpg?fit=1200%2C1200&ssl=1","width":1200,"height":1200,"caption":"Velas Dal\u00ed"},"image":{"@id":"https:\/\/espelmesdali.com\/es\/#\/schema\/logo\/image\/"},"sameAs":["https:\/\/www.facebook.com\/profile.php?id=100086540543846","https:\/\/www.instagram.com\/espelmesdali\/"]}]}},"_links":{"self":[{"href":"https:\/\/espelmesdali.com\/es\/wp-json\/wp\/v2\/pages\/10425","targetHints":{"allow":["GET"]}}],"collection":[{"href":"https:\/\/espelmesdali.com\/es\/wp-json\/wp\/v2\/pages"}],"about":[{"href":"https:\/\/espelmesdali.com\/es\/wp-json\/wp\/v2\/types\/page"}],"author":[{"embeddable":true,"href":"https:\/\/espelmesdali.com\/es\/wp-json\/wp\/v2\/users\/3"}],"replies":[{"embeddable":true,"href":"https:\/\/espelmesdali.com\/es\/wp-json\/wp\/v2\/comments?post=10425"}],"version-history":[{"count":1,"href":"https:\/\/espelmesdali.com\/es\/wp-json\/wp\/v2\/pages\/10425\/revisions"}],"predecessor-version":[{"id":10426,"href":"https:\/\/espelmesdali.com\/es\/wp-json\/wp\/v2\/pages\/10425\/revisions\/10426"}],"wp:attachment":[{"href":"https:\/\/espelmesdali.com\/es\/wp-json\/wp\/v2\/media?parent=10425"}],"curies":[{"name":"wp","href":"https:\/\/api.w.org\/{rel}","templated":true}]}}