{"id":10420,"date":"2025-09-25T13:01:30","date_gmt":"2025-09-25T11:01:30","guid":{"rendered":"https:\/\/espelmesdali.com\/?page_id=10420"},"modified":"2025-09-25T13:01:31","modified_gmt":"2025-09-25T11:01:31","slug":"%f0%9f%93%91-aviso-legal","status":"publish","type":"page","link":"https:\/\/espelmesdali.com\/es\/%f0%9f%93%91-aviso-legal\/","title":{"rendered":"\ud83d\udcd1\u00a0Aviso Legal"},"content":{"rendered":"\n<p>En cumplimiento con el deber de informaci\u00f3n establecido en la Ley 34\/2002, de 11 de julio, de servicios de la sociedad de la informaci\u00f3n y del comercio electr\u00f3nico (LSSI-CE), se informa que el presente sitio web es propiedad de:<\/p>\n\n\n\n<p>Titular: L\u00eddia Arimany Ferrer<br>NIF: 33948622R<br>Domicilio fiscal: C. Via Canig\u00f3 14, 1\u00ba, 08552, Taradell (Barcelona)<br>Correo electr\u00f3nico:&nbsp;<a>espelmesdali@gmail.com<\/a><br>Tel\u00e9fono de contacto: 623 448 284<br>Nombre comercial: Espelmes Dal\u00ed<br>Dominio web:&nbsp;<a href=\"http:\/\/www.espelmesdali.com\/\">www.espelmesdali.com<\/a><\/p>\n\n\n\n<p>El objetivo de este sitio web y tienda online es la venta de velas energ\u00e9ticas y libros inspiradores y de crecimiento personal, as\u00ed como la difusi\u00f3n de contenidos relacionados con el desarrollo personal y el bienestar.<\/p>\n\n\n\n<p><strong>Propiedad intelectual e industrial<\/strong><br>Todos los contenidos del sitio web (textos, im\u00e1genes, dise\u00f1os, logotipos, marcas, c\u00f3digo fuente, etc.) est\u00e1n protegidos por la normativa de propiedad intelectual e industrial. Queda prohibida la reproducci\u00f3n, distribuci\u00f3n, comunicaci\u00f3n p\u00fablica o transformaci\u00f3n, total o parcial, sin la autorizaci\u00f3n previa y por escrito de la titular.<\/p>\n\n\n\n<p><strong>Responsabilidad<\/strong><br>La titular no se hace responsable del uso indebido que los usuarios puedan hacer de los contenidos de este sitio web. Tampoco asume ninguna responsabilidad por la informaci\u00f3n contenida en p\u00e1ginas web de terceros a las que se pueda acceder mediante enlaces o buscadores desde este sitio web.<\/p>\n\n\n\n<p><strong>Normativa y jurisdicci\u00f3n aplicable<\/strong><br>Las relaciones entre la titular del sitio web y los usuarios se regir\u00e1n por la normativa vigente y se interpretar\u00e1n de acuerdo con la legislaci\u00f3n espa\u00f1ola. Cualquier controversia que pueda surgir entre las partes quedar\u00e1 sometida a los juzgados y tribunales del domicilio de la titular.<\/p>\n\n\n\n<p><strong>Contacto<\/strong><br>Para cualquier duda o consulta sobre este Aviso Legal, puedes escribir a:&nbsp;<a>espelmesdali@gmail.com<\/a>&nbsp;o llamar al 623 448 284.<\/p>\n","protected":false},"excerpt":{"rendered":"<p>En cumplimiento con el deber de informaci\u00f3n establecido en &#8230; <\/p>\n<p class=\"read-more-container\"><a title=\"\ud83d\udcd1\u00a0Aviso Legal\" class=\"read-more button\" href=\"https:\/\/espelmesdali.com\/es\/%f0%9f%93%91-aviso-legal\/#more-10420\" aria-label=\"Leer m\u00e1s sobre \ud83d\udcd1\u00a0Aviso Legal\">Leer m\u00e1s<\/a><\/p>\n","protected":false},"author":3,"featured_media":0,"parent":0,"menu_order":0,"comment_status":"closed","ping_status":"closed","template":"","meta":{"footnotes":""},"class_list":{"0":"post-10420","1":"page","2":"type-page","3":"status-publish","5":"infinite-scroll-item"},"yoast_head":"<!-- This site is optimized with the Yoast SEO plugin v27.4 - https:\/\/yoast.com\/product\/yoast-seo-wordpress\/ -->\n<title>\ud83d\udcd1\u00a0Aviso Legal - Velas Dal\u00ed<\/title>\n<meta name=\"description\" content=\"Descubre las velas energ\u00e9ticas Dal\u00ed y aprovecha el poder curativo de sus ingredientes naturales. Creamos velas artesanales cargadas de energ\u00eda positiva para armonizar tu espacio y tu vida. Experimenta la calidez y bienestar con nuestras velas energ\u00e9ticas. \u00a1Compra ahora!\" \/>\n<meta name=\"robots\" content=\"index, follow, max-snippet:-1, max-image-preview:large, max-video-preview:-1\" \/>\n<link rel=\"canonical\" href=\"https:\/\/espelmesdali.com\/es\/%f0%9f%93%91-aviso-legal\/\" \/>\n<meta property=\"og:locale\" content=\"es_ES\" \/>\n<meta property=\"og:type\" content=\"article\" \/>\n<meta property=\"og:title\" content=\"\ud83d\udcd1\u00a0Aviso Legal - Velas Dal\u00ed\" \/>\n<meta property=\"og:description\" content=\"Descubre las velas energ\u00e9ticas Dal\u00ed y aprovecha el poder curativo de sus ingredientes naturales. Creamos velas artesanales cargadas de energ\u00eda positiva para armonizar tu espacio y tu vida. Experimenta la calidez y bienestar con nuestras velas energ\u00e9ticas. \u00a1Compra ahora!\" \/>\n<meta property=\"og:url\" content=\"https:\/\/espelmesdali.com\/es\/%f0%9f%93%91-aviso-legal\/\" \/>\n<meta property=\"og:site_name\" content=\"Velas Dal\u00ed\" \/>\n<meta property=\"article:publisher\" content=\"https:\/\/www.facebook.com\/profile.php?id=100086540543846\" \/>\n<meta property=\"article:modified_time\" content=\"2025-09-25T11:01:31+00:00\" \/>\n<meta property=\"og:image\" content=\"https:\/\/espelmesdali.com\/wp-content\/uploads\/2022\/12\/cropped-LOGO_DALI-01.jpg\" \/>\n\t<meta property=\"og:image:width\" content=\"1200\" \/>\n\t<meta property=\"og:image:height\" content=\"1200\" \/>\n\t<meta property=\"og:image:type\" content=\"image\/jpeg\" \/>\n<meta name=\"twitter:card\" content=\"summary_large_image\" \/>\n<meta name=\"twitter:label1\" content=\"Tiempo de lectura\" \/>\n\t<meta name=\"twitter:data1\" content=\"2 minutos\" \/>\n<script type=\"application\/ld+json\" class=\"yoast-schema-graph\">{\"@context\":\"https:\\\/\\\/schema.org\",\"@graph\":[{\"@type\":\"WebPage\",\"@id\":\"https:\\\/\\\/espelmesdali.com\\\/es\\\/%f0%9f%93%91-aviso-legal\\\/\",\"url\":\"https:\\\/\\\/espelmesdali.com\\\/es\\\/%f0%9f%93%91-aviso-legal\\\/\",\"name\":\"\ud83d\udcd1\u00a0Aviso Legal - Velas Dal\u00ed\",\"isPartOf\":{\"@id\":\"https:\\\/\\\/espelmesdali.com\\\/es\\\/#website\"},\"datePublished\":\"2025-09-25T11:01:30+00:00\",\"dateModified\":\"2025-09-25T11:01:31+00:00\",\"description\":\"Descubre las velas energ\u00e9ticas Dal\u00ed y aprovecha el poder curativo de sus ingredientes naturales. Creamos velas artesanales cargadas de energ\u00eda positiva para armonizar tu espacio y tu vida. Experimenta la calidez y bienestar con nuestras velas energ\u00e9ticas. \u00a1Compra ahora!\",\"breadcrumb\":{\"@id\":\"https:\\\/\\\/espelmesdali.com\\\/es\\\/%f0%9f%93%91-aviso-legal\\\/#breadcrumb\"},\"inLanguage\":\"es\",\"potentialAction\":[{\"@type\":\"ReadAction\",\"target\":[\"https:\\\/\\\/espelmesdali.com\\\/es\\\/%f0%9f%93%91-aviso-legal\\\/\"]}]},{\"@type\":\"BreadcrumbList\",\"@id\":\"https:\\\/\\\/espelmesdali.com\\\/es\\\/%f0%9f%93%91-aviso-legal\\\/#breadcrumb\",\"itemListElement\":[{\"@type\":\"ListItem\",\"position\":1,\"name\":\"Portada\",\"item\":\"https:\\\/\\\/espelmesdali.com\\\/es\\\/\"},{\"@type\":\"ListItem\",\"position\":2,\"name\":\"\ud83d\udcd1\u00a0Aviso Legal\"}]},{\"@type\":\"WebSite\",\"@id\":\"https:\\\/\\\/espelmesdali.com\\\/es\\\/#website\",\"url\":\"https:\\\/\\\/espelmesdali.com\\\/es\\\/\",\"name\":\"Velas Dal\u00ed\",\"description\":\"Espelmes energ\u00e8tiques naturals i artesanes\",\"publisher\":{\"@id\":\"https:\\\/\\\/espelmesdali.com\\\/es\\\/#organization\"},\"alternateName\":\"Espelmes energ\u00e8tiques naturals i artesanes\",\"potentialAction\":[{\"@type\":\"SearchAction\",\"target\":{\"@type\":\"EntryPoint\",\"urlTemplate\":\"https:\\\/\\\/espelmesdali.com\\\/es\\\/?s={search_term_string}\"},\"query-input\":{\"@type\":\"PropertyValueSpecification\",\"valueRequired\":true,\"valueName\":\"search_term_string\"}}],\"inLanguage\":\"es\"},{\"@type\":\"Organization\",\"@id\":\"https:\\\/\\\/espelmesdali.com\\\/es\\\/#organization\",\"name\":\"Velas Dal\u00ed\",\"alternateName\":\"Espelmes energ\u00e8tiques naturals i artesanes\",\"url\":\"https:\\\/\\\/espelmesdali.com\\\/es\\\/\",\"logo\":{\"@type\":\"ImageObject\",\"inLanguage\":\"es\",\"@id\":\"https:\\\/\\\/espelmesdali.com\\\/es\\\/#\\\/schema\\\/logo\\\/image\\\/\",\"url\":\"https:\\\/\\\/i0.wp.com\\\/velasdali.com\\\/wp-content\\\/uploads\\\/2022\\\/12\\\/cropped-LOGO_DALI-01.jpg?fit=1200%2C1200&ssl=1\",\"contentUrl\":\"https:\\\/\\\/i0.wp.com\\\/velasdali.com\\\/wp-content\\\/uploads\\\/2022\\\/12\\\/cropped-LOGO_DALI-01.jpg?fit=1200%2C1200&ssl=1\",\"width\":1200,\"height\":1200,\"caption\":\"Velas Dal\u00ed\"},\"image\":{\"@id\":\"https:\\\/\\\/espelmesdali.com\\\/es\\\/#\\\/schema\\\/logo\\\/image\\\/\"},\"sameAs\":[\"https:\\\/\\\/www.facebook.com\\\/profile.php?id=100086540543846\",\"https:\\\/\\\/www.instagram.com\\\/espelmesdali\\\/\"]}]}<\/script>\n<!-- \/ Yoast SEO plugin. -->","yoast_head_json":{"title":"\ud83d\udcd1\u00a0Aviso Legal - Velas Dal\u00ed","description":"Descubre las velas energ\u00e9ticas Dal\u00ed y aprovecha el poder curativo de sus ingredientes naturales. Creamos velas artesanales cargadas de energ\u00eda positiva para armonizar tu espacio y tu vida. Experimenta la calidez y bienestar con nuestras velas energ\u00e9ticas. \u00a1Compra ahora!","robots":{"index":"index","follow":"follow","max-snippet":"max-snippet:-1","max-image-preview":"max-image-preview:large","max-video-preview":"max-video-preview:-1"},"canonical":"https:\/\/espelmesdali.com\/es\/%f0%9f%93%91-aviso-legal\/","og_locale":"es_ES","og_type":"article","og_title":"\ud83d\udcd1\u00a0Aviso Legal - Velas Dal\u00ed","og_description":"Descubre las velas energ\u00e9ticas Dal\u00ed y aprovecha el poder curativo de sus ingredientes naturales. Creamos velas artesanales cargadas de energ\u00eda positiva para armonizar tu espacio y tu vida. Experimenta la calidez y bienestar con nuestras velas energ\u00e9ticas. \u00a1Compra ahora!","og_url":"https:\/\/espelmesdali.com\/es\/%f0%9f%93%91-aviso-legal\/","og_site_name":"Velas Dal\u00ed","article_publisher":"https:\/\/www.facebook.com\/profile.php?id=100086540543846","article_modified_time":"2025-09-25T11:01:31+00:00","og_image":[{"width":1200,"height":1200,"url":"https:\/\/espelmesdali.com\/wp-content\/uploads\/2022\/12\/cropped-LOGO_DALI-01.jpg","type":"image\/jpeg"}],"twitter_card":"summary_large_image","twitter_misc":{"Tiempo de lectura":"2 minutos"},"schema":{"@context":"https:\/\/schema.org","@graph":[{"@type":"WebPage","@id":"https:\/\/espelmesdali.com\/es\/%f0%9f%93%91-aviso-legal\/","url":"https:\/\/espelmesdali.com\/es\/%f0%9f%93%91-aviso-legal\/","name":"\ud83d\udcd1\u00a0Aviso Legal - Velas Dal\u00ed","isPartOf":{"@id":"https:\/\/espelmesdali.com\/es\/#website"},"datePublished":"2025-09-25T11:01:30+00:00","dateModified":"2025-09-25T11:01:31+00:00","description":"Descubre las velas energ\u00e9ticas Dal\u00ed y aprovecha el poder curativo de sus ingredientes naturales. Creamos velas artesanales cargadas de energ\u00eda positiva para armonizar tu espacio y tu vida. Experimenta la calidez y bienestar con nuestras velas energ\u00e9ticas. \u00a1Compra ahora!","breadcrumb":{"@id":"https:\/\/espelmesdali.com\/es\/%f0%9f%93%91-aviso-legal\/#breadcrumb"},"inLanguage":"es","potentialAction":[{"@type":"ReadAction","target":["https:\/\/espelmesdali.com\/es\/%f0%9f%93%91-aviso-legal\/"]}]},{"@type":"BreadcrumbList","@id":"https:\/\/espelmesdali.com\/es\/%f0%9f%93%91-aviso-legal\/#breadcrumb","itemListElement":[{"@type":"ListItem","position":1,"name":"Portada","item":"https:\/\/espelmesdali.com\/es\/"},{"@type":"ListItem","position":2,"name":"\ud83d\udcd1\u00a0Aviso Legal"}]},{"@type":"WebSite","@id":"https:\/\/espelmesdali.com\/es\/#website","url":"https:\/\/espelmesdali.com\/es\/","name":"Velas Dal\u00ed","description":"Espelmes energ\u00e8tiques naturals i artesanes","publisher":{"@id":"https:\/\/espelmesdali.com\/es\/#organization"},"alternateName":"Espelmes energ\u00e8tiques naturals i artesanes","potentialAction":[{"@type":"SearchAction","target":{"@type":"EntryPoint","urlTemplate":"https:\/\/espelmesdali.com\/es\/?s={search_term_string}"},"query-input":{"@type":"PropertyValueSpecification","valueRequired":true,"valueName":"search_term_string"}}],"inLanguage":"es"},{"@type":"Organization","@id":"https:\/\/espelmesdali.com\/es\/#organization","name":"Velas Dal\u00ed","alternateName":"Espelmes energ\u00e8tiques naturals i artesanes","url":"https:\/\/espelmesdali.com\/es\/","logo":{"@type":"ImageObject","inLanguage":"es","@id":"https:\/\/espelmesdali.com\/es\/#\/schema\/logo\/image\/","url":"https:\/\/i0.wp.com\/velasdali.com\/wp-content\/uploads\/2022\/12\/cropped-LOGO_DALI-01.jpg?fit=1200%2C1200&ssl=1","contentUrl":"https:\/\/i0.wp.com\/velasdali.com\/wp-content\/uploads\/2022\/12\/cropped-LOGO_DALI-01.jpg?fit=1200%2C1200&ssl=1","width":1200,"height":1200,"caption":"Velas Dal\u00ed"},"image":{"@id":"https:\/\/espelmesdali.com\/es\/#\/schema\/logo\/image\/"},"sameAs":["https:\/\/www.facebook.com\/profile.php?id=100086540543846","https:\/\/www.instagram.com\/espelmesdali\/"]}]}},"_links":{"self":[{"href":"https:\/\/espelmesdali.com\/es\/wp-json\/wp\/v2\/pages\/10420","targetHints":{"allow":["GET"]}}],"collection":[{"href":"https:\/\/espelmesdali.com\/es\/wp-json\/wp\/v2\/pages"}],"about":[{"href":"https:\/\/espelmesdali.com\/es\/wp-json\/wp\/v2\/types\/page"}],"author":[{"embeddable":true,"href":"https:\/\/espelmesdali.com\/es\/wp-json\/wp\/v2\/users\/3"}],"replies":[{"embeddable":true,"href":"https:\/\/espelmesdali.com\/es\/wp-json\/wp\/v2\/comments?post=10420"}],"version-history":[{"count":1,"href":"https:\/\/espelmesdali.com\/es\/wp-json\/wp\/v2\/pages\/10420\/revisions"}],"predecessor-version":[{"id":10421,"href":"https:\/\/espelmesdali.com\/es\/wp-json\/wp\/v2\/pages\/10420\/revisions\/10421"}],"wp:attachment":[{"href":"https:\/\/espelmesdali.com\/es\/wp-json\/wp\/v2\/media?parent=10420"}],"curies":[{"name":"wp","href":"https:\/\/api.w.org\/{rel}","templated":true}]}}